{"id":42816,"date":"2025-03-21T15:10:42","date_gmt":"2025-03-21T14:10:42","guid":{"rendered":"https:\/\/naturalpoland.com\/produkty\/uncategorized\/%ea%b8%88%ec%9e%94%ed%99%94-%ea%bd%83-%ec%b6%94%ec%b6%9c%eb%ac%bc\/"},"modified":"2025-08-21T14:43:28","modified_gmt":"2025-08-21T12:43:28","slug":"geumjanhwa-kkot-chuchulmul","status":"publish","type":"product","link":"https:\/\/naturalpoland.com\/ko\/je-pum\/sig-mul-chu-chul-mul\/geumjanhwa-kkot-chuchulmul\/","title":{"rendered":"\uae08\uc794\ud654 \uaf43 \ucd94\ucd9c\ubb3c"},"content":{"rendered":"<p>\uae08\uc794\ud654 \uaf43 \ucd94\ucd9c\ubb3c\uc740 \ud56d\uc5fc, \uc7ac\uc0dd \ubc0f \uc9c4\uc815 \ud2b9\uc131\uc744 \uac00\uc9c0\uace0 \uc788\uc2b5\ub2c8\ub2e4. \ud654\uc7a5\ud488, \uc758\uc57d\ud488 \ubc0f \ubb38\uc81c\uc131 \ud53c\ubd80 \uad00\ub9ac\uc5d0 \ub110\ub9ac \uc0ac\uc6a9\ub429\ub2c8\ub2e4.<\/p>\n<p>\uc774 \uc81c\ud488\uc740 \ud06c\ub9bc, \uc5f0\uace0, \uc5d0\uba40\uc83c, \ubc24 \uc81c\uc870\uc5d0 \uc0ac\uc6a9\ub418\uba70, \ubbfc\uac10\uc131, \uc790\uadf9\uc131, \uc2b5\uc9c4 \ubc0f \uc544\ud1a0\ud53c \ud53c\ubd80\uc5fc(AZS)\uc6a9 \uc81c\ud488 \uc0dd\uc0b0\uc5d0\ub3c4 \uc0ac\uc6a9\ub429\ub2c8\ub2e4. \uc774 \ucd94\ucd9c\ubb3c\uc740 \uc5fc\uc99d\uc744 \uc644\ud654\ud558\uace0 \uc138\ud3ec \uc0b0\ud654\ub97c \ubc29\uc9c0\ud569\ub2c8\ub2e4.<\/p>\n<h2>\ucd94\ucd9c\ubb3c \uad6c\uc131:<\/h2>\n<p>\ucd94\ucd9c\ubb3c \ud568\uc720 \uc131\ubd84:<\/p>\n<ul>\n<li>\uc57d 1.9%\uc758 \uc5d0\uc13c\uc15c \uc624\uc77c,<\/li>\n<li>1.0%\uc758 \uce74\ub85c\ud2f0\ub178\uc774\ub4dc (\u03b2-\uce74\ub85c\ud2f4\uc73c\ub85c \uacc4\uc0b0),<\/li>\n<li>18.3%\uc758 \ud30c\ub77c\ub514\uc62c \uc5d0\uc2a4\ud14c\ub974 \u2013 \uac15\ub825\ud55c \ud56d\uc5fc \uc791\uc6a9\uc744 \ud558\ub294 \uc131\ubd84,<\/li>\n<li>7.4%\uc758 \ud2b8\ub9ac\ud14c\ub974\ud39c \uc54c\ucf54\uc62c,<\/li>\n<li>1.6%\uc758 \uc2a4\ud14c\ub864, \uc774\ub294 \ud53c\ubd80 \uc7ac\uc0dd\uacfc \ud45c\ud53c \uc7ac\uac74\uc744 \ub3d5\uc2b5\ub2c8\ub2e4.<\/li>\n<\/ul>\n<p>\uc774 \uc6d0\ub8cc\ub294 \uaddc\uc815 (EC) No 396\/2005\uc5d0 \ub530\ub77c \uc794\ub958 \ub18d\uc57d\uc5d0 \ub300\ud55c \uae30\uc900\uc744 \ucda9\uc871\ud569\ub2c8\ub2e4.<\/p>\n","protected":false},"excerpt":{"rendered":"<p>\uae08\uc794\ud654 \uaf43 CO\u2082 \ucd94\ucd9c\ubb3c\uc740 \uac74\uc870\ub41c \uae08\uc794\ud654 \uaf43\uc5d0\uc11c \uc6b4\ubc18\uccb4\ub098 \ubcf4\uc870\uc81c \uc5c6\uc774 \ucd08\uc784\uacc4 \ucd94\ucd9c\ubc95(CO\u2082 \ucd94\ucd9c)\uc73c\ub85c \uc5bb\uc5b4\uc9d1\ub2c8\ub2e4. \uc9d9\uc740 \uac08\uc0c9\uc744 \ub760\uace0 \uc641\uc2a4 \uac19\uc740 \uc9c8\uac10\uc774\uba70, 40\u00b0C\uc5d0\uc11c \uc561\uccb4 \uc0c1\ud0dc\uc785\ub2c8\ub2e4.<\/p>\n","protected":false},"featured_media":42818,"template":"","meta":[],"product_brand":[],"product_cat":[8134],"product_tag":[],"class_list":{"0":"post-42816","1":"product","2":"type-product","3":"status-publish","4":"has-post-thumbnail","6":"product_cat-sig-mul-chu-chul-mul","8":"first","9":"instock","10":"shipping-taxable","11":"product-type-simple"},"yoast_head":"<!-- This site is optimized with the Yoast SEO plugin v27.3 - https:\/\/yoast.com\/product\/yoast-seo-wordpress\/ -->\n<title>\uae08\uc794\ud654 \uaf43 \ucd94\ucd9c\ubb3c - Hurtowy Dystrybutor<\/title>\n<meta name=\"description\" content=\"\uae08\uc794\ud654 \uaf43 CO\u2082 \ucd94\ucd9c\ubb3c\uc740 \uac15\ub825\ud55c \ud56d\uc5fc, \uc7ac\uc0dd \ubc0f \uc9c4\uc815 \ud2b9\uc131\uc744 \uc9c0\ub2cc \uace0\ud488\uc9c8 \uc2dd\ubb3c\uc131 \uc6d0\ub8cc\uc785\ub2c8\ub2e4.\" \/>\n<meta name=\"robots\" content=\"index, follow, max-snippet:-1, max-image-preview:large, max-video-preview:-1\" \/>\n<link rel=\"canonical\" href=\"https:\/\/naturalpoland.com\/ko\/je-pum\/sig-mul-chu-chul-mul\/geumjanhwa-kkot-chuchulmul\/\" \/>\n<meta property=\"og:locale\" content=\"ko_KR\" \/>\n<meta property=\"og:type\" content=\"article\" \/>\n<meta property=\"og:title\" content=\"\uae08\uc794\ud654 \uaf43 \ucd94\ucd9c\ubb3c - Hurtowy Dystrybutor\" \/>\n<meta property=\"og:description\" content=\"\uae08\uc794\ud654 \uaf43 CO\u2082 \ucd94\ucd9c\ubb3c\uc740 \uac15\ub825\ud55c \ud56d\uc5fc, \uc7ac\uc0dd \ubc0f \uc9c4\uc815 \ud2b9\uc131\uc744 \uc9c0\ub2cc \uace0\ud488\uc9c8 \uc2dd\ubb3c\uc131 \uc6d0\ub8cc\uc785\ub2c8\ub2e4.\" \/>\n<meta property=\"og:url\" content=\"https:\/\/naturalpoland.com\/ko\/je-pum\/sig-mul-chu-chul-mul\/geumjanhwa-kkot-chuchulmul\/\" \/>\n<meta property=\"og:site_name\" content=\"NATURAL POLAND - Hurtowy Dystrybutor Surowc\u00f3w\" \/>\n<meta property=\"article:publisher\" content=\"https:\/\/www.facebook.com\/naturalpoland.b2b\" \/>\n<meta property=\"article:modified_time\" content=\"2025-08-21T12:43:28+00:00\" \/>\n<meta property=\"og:image\" content=\"https:\/\/naturalpoland.com\/wp-content\/uploads\/ekstrakt-z-nagietka.webp\" \/>\n\t<meta property=\"og:image:width\" content=\"1024\" \/>\n\t<meta property=\"og:image:height\" content=\"1024\" \/>\n\t<meta property=\"og:image:type\" content=\"image\/webp\" \/>\n<script type=\"application\/ld+json\" class=\"yoast-schema-graph\">{\"@context\":\"https:\\\/\\\/schema.org\",\"@graph\":[{\"@type\":\"WebPage\",\"@id\":\"https:\\\/\\\/naturalpoland.com\\\/ko\\\/je-pum\\\/sig-mul-chu-chul-mul\\\/geumjanhwa-kkot-chuchulmul\\\/\",\"url\":\"https:\\\/\\\/naturalpoland.com\\\/ko\\\/je-pum\\\/sig-mul-chu-chul-mul\\\/geumjanhwa-kkot-chuchulmul\\\/\",\"name\":\"\uae08\uc794\ud654 \uaf43 \ucd94\ucd9c\ubb3c - Hurtowy Dystrybutor\",\"isPartOf\":{\"@id\":\"https:\\\/\\\/naturalpoland.com\\\/ko\\\/#website\"},\"primaryImageOfPage\":{\"@id\":\"https:\\\/\\\/naturalpoland.com\\\/ko\\\/je-pum\\\/sig-mul-chu-chul-mul\\\/geumjanhwa-kkot-chuchulmul\\\/#primaryimage\"},\"image\":{\"@id\":\"https:\\\/\\\/naturalpoland.com\\\/ko\\\/je-pum\\\/sig-mul-chu-chul-mul\\\/geumjanhwa-kkot-chuchulmul\\\/#primaryimage\"},\"thumbnailUrl\":\"https:\\\/\\\/naturalpoland.com\\\/wp-content\\\/uploads\\\/ekstrakt-z-nagietka.webp\",\"datePublished\":\"2025-03-21T14:10:42+00:00\",\"dateModified\":\"2025-08-21T12:43:28+00:00\",\"description\":\"\uae08\uc794\ud654 \uaf43 CO\u2082 \ucd94\ucd9c\ubb3c\uc740 \uac15\ub825\ud55c \ud56d\uc5fc, \uc7ac\uc0dd \ubc0f \uc9c4\uc815 \ud2b9\uc131\uc744 \uc9c0\ub2cc \uace0\ud488\uc9c8 \uc2dd\ubb3c\uc131 \uc6d0\ub8cc\uc785\ub2c8\ub2e4.\",\"breadcrumb\":{\"@id\":\"https:\\\/\\\/naturalpoland.com\\\/ko\\\/je-pum\\\/sig-mul-chu-chul-mul\\\/geumjanhwa-kkot-chuchulmul\\\/#breadcrumb\"},\"inLanguage\":\"ko-KR\",\"potentialAction\":[{\"@type\":\"ReadAction\",\"target\":[\"https:\\\/\\\/naturalpoland.com\\\/ko\\\/je-pum\\\/sig-mul-chu-chul-mul\\\/geumjanhwa-kkot-chuchulmul\\\/\"]}]},{\"@type\":\"ImageObject\",\"inLanguage\":\"ko-KR\",\"@id\":\"https:\\\/\\\/naturalpoland.com\\\/ko\\\/je-pum\\\/sig-mul-chu-chul-mul\\\/geumjanhwa-kkot-chuchulmul\\\/#primaryimage\",\"url\":\"https:\\\/\\\/naturalpoland.com\\\/wp-content\\\/uploads\\\/ekstrakt-z-nagietka.webp\",\"contentUrl\":\"https:\\\/\\\/naturalpoland.com\\\/wp-content\\\/uploads\\\/ekstrakt-z-nagietka.webp\",\"width\":1024,\"height\":1024,\"caption\":\"Ekstrakt z kwiatu nagietka\"},{\"@type\":\"BreadcrumbList\",\"@id\":\"https:\\\/\\\/naturalpoland.com\\\/ko\\\/je-pum\\\/sig-mul-chu-chul-mul\\\/geumjanhwa-kkot-chuchulmul\\\/#breadcrumb\",\"itemListElement\":[{\"@type\":\"ListItem\",\"position\":1,\"name\":\"\ud648\",\"item\":\"https:\\\/\\\/naturalpoland.com\\\/ko\\\/\"},{\"@type\":\"ListItem\",\"position\":2,\"name\":\"\uc81c\ud488\",\"item\":\"https:\\\/\\\/naturalpoland.com\\\/ko\\\/%ec%a0%9c%ed%92%88\\\/\"},{\"@type\":\"ListItem\",\"position\":3,\"name\":\"\uae08\uc794\ud654 \uaf43 \ucd94\ucd9c\ubb3c\"}]},{\"@type\":\"WebSite\",\"@id\":\"https:\\\/\\\/naturalpoland.com\\\/ko\\\/#website\",\"url\":\"https:\\\/\\\/naturalpoland.com\\\/ko\\\/\",\"name\":\"NATURAL POLAND - Hurtowy Dystrybutor Surowc\u00f3w\",\"description\":\"Surowce dla przemys\u0142u spo\u017cywczego, kosmetycznego i farmaceutycznego\",\"publisher\":{\"@id\":\"https:\\\/\\\/naturalpoland.com\\\/ko\\\/#organization\"},\"potentialAction\":[{\"@type\":\"SearchAction\",\"target\":{\"@type\":\"EntryPoint\",\"urlTemplate\":\"https:\\\/\\\/naturalpoland.com\\\/ko\\\/?s={search_term_string}\"},\"query-input\":{\"@type\":\"PropertyValueSpecification\",\"valueRequired\":true,\"valueName\":\"search_term_string\"}}],\"inLanguage\":\"ko-KR\"},{\"@type\":\"Organization\",\"@id\":\"https:\\\/\\\/naturalpoland.com\\\/ko\\\/#organization\",\"name\":\"Natural Poland\",\"url\":\"https:\\\/\\\/naturalpoland.com\\\/ko\\\/\",\"logo\":{\"@type\":\"ImageObject\",\"inLanguage\":\"ko-KR\",\"@id\":\"https:\\\/\\\/naturalpoland.com\\\/ko\\\/#\\\/schema\\\/logo\\\/image\\\/\",\"url\":\"https:\\\/\\\/naturalpoland.com\\\/wp-content\\\/uploads\\\/2021\\\/05\\\/natural-poland-icon.png\",\"contentUrl\":\"https:\\\/\\\/naturalpoland.com\\\/wp-content\\\/uploads\\\/2021\\\/05\\\/natural-poland-icon.png\",\"width\":512,\"height\":512,\"caption\":\"Natural Poland\"},\"image\":{\"@id\":\"https:\\\/\\\/naturalpoland.com\\\/ko\\\/#\\\/schema\\\/logo\\\/image\\\/\"},\"sameAs\":[\"https:\\\/\\\/www.facebook.com\\\/naturalpoland.b2b\",\"https:\\\/\\\/pl.linkedin.com\\\/company\\\/natural-poland\",\"https:\\\/\\\/www.youtube.com\\\/channel\\\/UCgeGGkvOMahZo-xu_MSEWxg\"]}]}<\/script>\n<!-- \/ Yoast SEO plugin. -->","yoast_head_json":{"title":"\uae08\uc794\ud654 \uaf43 \ucd94\ucd9c\ubb3c - Hurtowy Dystrybutor","description":"\uae08\uc794\ud654 \uaf43 CO\u2082 \ucd94\ucd9c\ubb3c\uc740 \uac15\ub825\ud55c \ud56d\uc5fc, \uc7ac\uc0dd \ubc0f \uc9c4\uc815 \ud2b9\uc131\uc744 \uc9c0\ub2cc \uace0\ud488\uc9c8 \uc2dd\ubb3c\uc131 \uc6d0\ub8cc\uc785\ub2c8\ub2e4.","robots":{"index":"index","follow":"follow","max-snippet":"max-snippet:-1","max-image-preview":"max-image-preview:large","max-video-preview":"max-video-preview:-1"},"canonical":"https:\/\/naturalpoland.com\/ko\/je-pum\/sig-mul-chu-chul-mul\/geumjanhwa-kkot-chuchulmul\/","og_locale":"ko_KR","og_type":"article","og_title":"\uae08\uc794\ud654 \uaf43 \ucd94\ucd9c\ubb3c - Hurtowy Dystrybutor","og_description":"\uae08\uc794\ud654 \uaf43 CO\u2082 \ucd94\ucd9c\ubb3c\uc740 \uac15\ub825\ud55c \ud56d\uc5fc, \uc7ac\uc0dd \ubc0f \uc9c4\uc815 \ud2b9\uc131\uc744 \uc9c0\ub2cc \uace0\ud488\uc9c8 \uc2dd\ubb3c\uc131 \uc6d0\ub8cc\uc785\ub2c8\ub2e4.","og_url":"https:\/\/naturalpoland.com\/ko\/je-pum\/sig-mul-chu-chul-mul\/geumjanhwa-kkot-chuchulmul\/","og_site_name":"NATURAL POLAND - Hurtowy Dystrybutor Surowc\u00f3w","article_publisher":"https:\/\/www.facebook.com\/naturalpoland.b2b","article_modified_time":"2025-08-21T12:43:28+00:00","og_image":[{"width":1024,"height":1024,"url":"https:\/\/naturalpoland.com\/wp-content\/uploads\/ekstrakt-z-nagietka.webp","type":"image\/webp"}],"schema":{"@context":"https:\/\/schema.org","@graph":[{"@type":"WebPage","@id":"https:\/\/naturalpoland.com\/ko\/je-pum\/sig-mul-chu-chul-mul\/geumjanhwa-kkot-chuchulmul\/","url":"https:\/\/naturalpoland.com\/ko\/je-pum\/sig-mul-chu-chul-mul\/geumjanhwa-kkot-chuchulmul\/","name":"\uae08\uc794\ud654 \uaf43 \ucd94\ucd9c\ubb3c - Hurtowy Dystrybutor","isPartOf":{"@id":"https:\/\/naturalpoland.com\/ko\/#website"},"primaryImageOfPage":{"@id":"https:\/\/naturalpoland.com\/ko\/je-pum\/sig-mul-chu-chul-mul\/geumjanhwa-kkot-chuchulmul\/#primaryimage"},"image":{"@id":"https:\/\/naturalpoland.com\/ko\/je-pum\/sig-mul-chu-chul-mul\/geumjanhwa-kkot-chuchulmul\/#primaryimage"},"thumbnailUrl":"https:\/\/naturalpoland.com\/wp-content\/uploads\/ekstrakt-z-nagietka.webp","datePublished":"2025-03-21T14:10:42+00:00","dateModified":"2025-08-21T12:43:28+00:00","description":"\uae08\uc794\ud654 \uaf43 CO\u2082 \ucd94\ucd9c\ubb3c\uc740 \uac15\ub825\ud55c \ud56d\uc5fc, \uc7ac\uc0dd \ubc0f \uc9c4\uc815 \ud2b9\uc131\uc744 \uc9c0\ub2cc \uace0\ud488\uc9c8 \uc2dd\ubb3c\uc131 \uc6d0\ub8cc\uc785\ub2c8\ub2e4.","breadcrumb":{"@id":"https:\/\/naturalpoland.com\/ko\/je-pum\/sig-mul-chu-chul-mul\/geumjanhwa-kkot-chuchulmul\/#breadcrumb"},"inLanguage":"ko-KR","potentialAction":[{"@type":"ReadAction","target":["https:\/\/naturalpoland.com\/ko\/je-pum\/sig-mul-chu-chul-mul\/geumjanhwa-kkot-chuchulmul\/"]}]},{"@type":"ImageObject","inLanguage":"ko-KR","@id":"https:\/\/naturalpoland.com\/ko\/je-pum\/sig-mul-chu-chul-mul\/geumjanhwa-kkot-chuchulmul\/#primaryimage","url":"https:\/\/naturalpoland.com\/wp-content\/uploads\/ekstrakt-z-nagietka.webp","contentUrl":"https:\/\/naturalpoland.com\/wp-content\/uploads\/ekstrakt-z-nagietka.webp","width":1024,"height":1024,"caption":"Ekstrakt z kwiatu nagietka"},{"@type":"BreadcrumbList","@id":"https:\/\/naturalpoland.com\/ko\/je-pum\/sig-mul-chu-chul-mul\/geumjanhwa-kkot-chuchulmul\/#breadcrumb","itemListElement":[{"@type":"ListItem","position":1,"name":"\ud648","item":"https:\/\/naturalpoland.com\/ko\/"},{"@type":"ListItem","position":2,"name":"\uc81c\ud488","item":"https:\/\/naturalpoland.com\/ko\/%ec%a0%9c%ed%92%88\/"},{"@type":"ListItem","position":3,"name":"\uae08\uc794\ud654 \uaf43 \ucd94\ucd9c\ubb3c"}]},{"@type":"WebSite","@id":"https:\/\/naturalpoland.com\/ko\/#website","url":"https:\/\/naturalpoland.com\/ko\/","name":"NATURAL POLAND - Hurtowy Dystrybutor Surowc\u00f3w","description":"Surowce dla przemys\u0142u spo\u017cywczego, kosmetycznego i farmaceutycznego","publisher":{"@id":"https:\/\/naturalpoland.com\/ko\/#organization"},"potentialAction":[{"@type":"SearchAction","target":{"@type":"EntryPoint","urlTemplate":"https:\/\/naturalpoland.com\/ko\/?s={search_term_string}"},"query-input":{"@type":"PropertyValueSpecification","valueRequired":true,"valueName":"search_term_string"}}],"inLanguage":"ko-KR"},{"@type":"Organization","@id":"https:\/\/naturalpoland.com\/ko\/#organization","name":"Natural Poland","url":"https:\/\/naturalpoland.com\/ko\/","logo":{"@type":"ImageObject","inLanguage":"ko-KR","@id":"https:\/\/naturalpoland.com\/ko\/#\/schema\/logo\/image\/","url":"https:\/\/naturalpoland.com\/wp-content\/uploads\/2021\/05\/natural-poland-icon.png","contentUrl":"https:\/\/naturalpoland.com\/wp-content\/uploads\/2021\/05\/natural-poland-icon.png","width":512,"height":512,"caption":"Natural Poland"},"image":{"@id":"https:\/\/naturalpoland.com\/ko\/#\/schema\/logo\/image\/"},"sameAs":["https:\/\/www.facebook.com\/naturalpoland.b2b","https:\/\/pl.linkedin.com\/company\/natural-poland","https:\/\/www.youtube.com\/channel\/UCgeGGkvOMahZo-xu_MSEWxg"]}]}},"_links":{"self":[{"href":"https:\/\/naturalpoland.com\/ko\/wp-json\/wp\/v2\/product\/42816","targetHints":{"allow":["GET"]}}],"collection":[{"href":"https:\/\/naturalpoland.com\/ko\/wp-json\/wp\/v2\/product"}],"about":[{"href":"https:\/\/naturalpoland.com\/ko\/wp-json\/wp\/v2\/types\/product"}],"wp:featuredmedia":[{"embeddable":true,"href":"https:\/\/naturalpoland.com\/ko\/wp-json\/wp\/v2\/media\/42818"}],"wp:attachment":[{"href":"https:\/\/naturalpoland.com\/ko\/wp-json\/wp\/v2\/media?parent=42816"}],"wp:term":[{"taxonomy":"product_brand","embeddable":true,"href":"https:\/\/naturalpoland.com\/ko\/wp-json\/wp\/v2\/product_brand?post=42816"},{"taxonomy":"product_cat","embeddable":true,"href":"https:\/\/naturalpoland.com\/ko\/wp-json\/wp\/v2\/product_cat?post=42816"},{"taxonomy":"product_tag","embeddable":true,"href":"https:\/\/naturalpoland.com\/ko\/wp-json\/wp\/v2\/product_tag?post=42816"}],"curies":[{"name":"wp","href":"https:\/\/api.w.org\/{rel}","templated":true}]}}