{"id":42819,"date":"2025-03-21T16:02:56","date_gmt":"2025-03-21T15:02:56","guid":{"rendered":"https:\/\/naturalpoland.com\/produkty\/uncategorized\/%eb%b0%9c%eb%a0%88%eb%a6%ac%ec%95%88-%ec%b6%94%ec%b6%9c%eb%ac%bc\/"},"modified":"2025-08-21T14:43:13","modified_gmt":"2025-08-21T12:43:13","slug":"ballerian-chuchulmul","status":"publish","type":"product","link":"https:\/\/naturalpoland.com\/ko\/je-pum\/sig-mul-chu-chul-mul\/ballerian-chuchulmul\/","title":{"rendered":"\ubc1c\ub808\ub9ac\uc548 \ucd94\ucd9c\ubb3c"},"content":{"rendered":"<h2>\ud2b9\uc131 \ubc0f \uc791\uc6a9<\/h2>\n<p data-start=\"918\" data-end=\"1454\">\ubc1c\ub808\ub974\uc0b0\uc740 \uc9c4\uc815 \uc791\uc6a9\uc744 \ud558\uba70 \uc2e0\uacbd \uae34\uc7a5\uc744 \uc644\ud654\ud558\uace0 \uc218\uba74\uc744 \ub3d5\ub294 \ud2b9\uc131\uc744 \ubcf4\uc785\ub2c8\ub2e4. \uc774\ub7ec\ud55c \uc774\uc720\ub85c \uc774 \ucd94\ucd9c\ubb3c\uc740 \uc9c4\uc815 \ubc0f \uc218\uba74 \ubcf4\uc870 \ud6a8\uacfc\uac00 \uc788\ub294 \uac74\uac15 \ubcf4\uc870 \uc2dd\ud488\uc758 \uc131\ubd84\uc73c\ub85c \uc0ac\uc6a9\ub429\ub2c8\ub2e4. \uc774 \uc81c\ud488\uc740 \uc2a4\ud2b8\ub808\uc2a4, \uacfc\ubbfc\uc131, \uc815\uc11c\uc801 \uae34\uc7a5 \uc99d\uc0c1\uc744 \uc644\ud654\ud558\uac70\ub098 \ubd88\uc548 \uc0c1\ud0dc\ub97c \uce58\ub8cc\ud558\ub294 \uc81c\uc81c\uc5d0\ub3c4 \uc0ac\uc6a9\ub420 \uc218 \uc788\uc2b5\ub2c8\ub2e4. \ubc1c\ub808\ub9ac\uc548 \ucd94\ucd9c\ubb3c\uc740 \ud56d\uc0b0\ud654 \ubc0f \uc9c4\uc815 \ud2b9\uc131 \ub54c\ubb38\uc5d0 \uc548\ud2f0\uc5d0\uc774\uc9d5 \ud654\uc7a5\ud488 \ubc0f \uc7ac\uc0dd \uc81c\uc81c\uc5d0\ub3c4 \uc810\uc810 \ub354 \ub9ce\uc774 \uc0ac\uc6a9\ub418\uace0 \uc788\uc2b5\ub2c8\ub2e4.<\/p>\n<h2 data-start=\"918\" data-end=\"1454\">\uc801\uc6a9 \ubd84\uc57c:<\/h2>\n<p data-start=\"918\" data-end=\"1454\">\ubc1c\ub808\ub9ac\uc548 \ucd94\ucd9c\ubb3c\uc740 \ucea1\uc290, \uc815\uc81c, \uae30\ub2a5\uc131 \ubd84\ub9d0 \ub610\ub294 \ub9b4\ub809\uc2f1 \uc74c\ub8cc\uc640 \uac19\uc740 \uac74\uac15 \ubcf4\uc870 \uc2dd\ud488 \uc0dd\uc0b0\uc5d0 \ud0c1\uc6d4\ud55c \uc131\ubd84\uc785\ub2c8\ub2e4. \ub610\ud55c \uc2dd\ubb3c\uc131 \uc758\uc57d\ud488, \ubbfc\uac10\ud558\uace0 \uc2a4\ud2b8\ub808\uc2a4 \ubc1b\uc740 \ud53c\ubd80\ub97c \uc704\ud55c \ud654\uc7a5\ud488, \uc544\ub85c\ub9c8\ud14c\ub77c\ud53c \ubc0f \uc6f0\ub2c8\uc2a4 \uc81c\ud488\uc758 \uc131\ubd84\uc73c\ub85c\ub3c4 \ud65c\uc6a9\ub420 \uc218 \uc788\uc2b5\ub2c8\ub2e4.<\/p>\n<p data-start=\"1456\" data-end=\"1484\">\n","protected":false},"excerpt":{"rendered":"<p>\ubc1c\ub808\ub9ac\uc548 \ucd94\ucd9c\ubb3c\uc740 \ubc1c\ub808\ub974\uc0b0 \ud568\ub7c9\uc5d0 \ub530\ub77c \ud45c\uc900\ud654\ub429\ub2c8\ub2e4. \uc774 \ucd94\ucd9c\ubb3c\uc740 \ud55c\uc758\ud559\uc5d0\uc11c \uc2e0\uacbd\uacc4\ub97c \uc9c0\uc6d0\ud558\ub294 \uac00\uc7a5 \uadc0\uc911\ud55c \uc2dd\ubb3c \uc911 \ud558\ub098\uc778 <em data-start=\"217\" data-end=\"240\">Valeriana officinalis<\/em> \uc2dd\ubb3c\uc758 \ubfcc\ub9ac\uc5d0\uc11c \uc5bb\uc5b4\uc9d1\ub2c8\ub2e4.<\/p>\n","protected":false},"featured_media":42820,"template":"","meta":[],"product_brand":[],"product_cat":[8134],"product_tag":[],"class_list":{"0":"post-42819","1":"product","2":"type-product","3":"status-publish","4":"has-post-thumbnail","6":"product_cat-sig-mul-chu-chul-mul","8":"first","9":"instock","10":"shipping-taxable","11":"product-type-simple"},"yoast_head":"<!-- This site is optimized with the Yoast SEO plugin v27.3 - https:\/\/yoast.com\/product\/yoast-seo-wordpress\/ -->\n<title>\ubc1c\ub808\ub9ac\uc548 \ucd94\ucd9c\ubb3c - Hurtowy Dystrybutor<\/title>\n<meta name=\"description\" content=\"\ubc1c\ub808\ub9ac\uc548 \ucd94\ucd9c\ubb3c\uc740 \uc2e0\uacbd\uacc4\ub97c \uc9c0\uc6d0\ud558\ub294 Valeriana officinalis \uc2dd\ubb3c\uc758 \ubfcc\ub9ac\uc5d0\uc11c \uc5bb\uc5b4\uc9c0\ub294 \uace0\ub18d\ucd95 \uc2dd\ubb3c\uc131 \uc6d0\ub8cc\uc785\ub2c8\ub2e4.\" \/>\n<meta name=\"robots\" content=\"index, follow, max-snippet:-1, max-image-preview:large, max-video-preview:-1\" \/>\n<link rel=\"canonical\" href=\"https:\/\/naturalpoland.com\/ko\/je-pum\/sig-mul-chu-chul-mul\/ballerian-chuchulmul\/\" \/>\n<meta property=\"og:locale\" content=\"ko_KR\" \/>\n<meta property=\"og:type\" content=\"article\" \/>\n<meta property=\"og:title\" content=\"\ubc1c\ub808\ub9ac\uc548 \ucd94\ucd9c\ubb3c - Hurtowy Dystrybutor\" \/>\n<meta property=\"og:description\" content=\"\ubc1c\ub808\ub9ac\uc548 \ucd94\ucd9c\ubb3c\uc740 \uc2e0\uacbd\uacc4\ub97c \uc9c0\uc6d0\ud558\ub294 Valeriana officinalis \uc2dd\ubb3c\uc758 \ubfcc\ub9ac\uc5d0\uc11c \uc5bb\uc5b4\uc9c0\ub294 \uace0\ub18d\ucd95 \uc2dd\ubb3c\uc131 \uc6d0\ub8cc\uc785\ub2c8\ub2e4.\" \/>\n<meta property=\"og:url\" content=\"https:\/\/naturalpoland.com\/ko\/je-pum\/sig-mul-chu-chul-mul\/ballerian-chuchulmul\/\" \/>\n<meta property=\"og:site_name\" content=\"NATURAL POLAND - Hurtowy Dystrybutor Surowc\u00f3w\" \/>\n<meta property=\"article:publisher\" content=\"https:\/\/www.facebook.com\/naturalpoland.b2b\" \/>\n<meta property=\"article:modified_time\" content=\"2025-08-21T12:43:13+00:00\" \/>\n<meta property=\"og:image\" content=\"https:\/\/naturalpoland.com\/wp-content\/uploads\/ekstrakt-z-kozlka-lekarskiego.webp\" \/>\n\t<meta property=\"og:image:width\" content=\"1024\" \/>\n\t<meta property=\"og:image:height\" content=\"1024\" \/>\n\t<meta property=\"og:image:type\" content=\"image\/webp\" \/>\n<script type=\"application\/ld+json\" class=\"yoast-schema-graph\">{\"@context\":\"https:\\\/\\\/schema.org\",\"@graph\":[{\"@type\":\"WebPage\",\"@id\":\"https:\\\/\\\/naturalpoland.com\\\/ko\\\/je-pum\\\/sig-mul-chu-chul-mul\\\/ballerian-chuchulmul\\\/\",\"url\":\"https:\\\/\\\/naturalpoland.com\\\/ko\\\/je-pum\\\/sig-mul-chu-chul-mul\\\/ballerian-chuchulmul\\\/\",\"name\":\"\ubc1c\ub808\ub9ac\uc548 \ucd94\ucd9c\ubb3c - Hurtowy Dystrybutor\",\"isPartOf\":{\"@id\":\"https:\\\/\\\/naturalpoland.com\\\/ko\\\/#website\"},\"primaryImageOfPage\":{\"@id\":\"https:\\\/\\\/naturalpoland.com\\\/ko\\\/je-pum\\\/sig-mul-chu-chul-mul\\\/ballerian-chuchulmul\\\/#primaryimage\"},\"image\":{\"@id\":\"https:\\\/\\\/naturalpoland.com\\\/ko\\\/je-pum\\\/sig-mul-chu-chul-mul\\\/ballerian-chuchulmul\\\/#primaryimage\"},\"thumbnailUrl\":\"https:\\\/\\\/naturalpoland.com\\\/wp-content\\\/uploads\\\/ekstrakt-z-kozlka-lekarskiego.webp\",\"datePublished\":\"2025-03-21T15:02:56+00:00\",\"dateModified\":\"2025-08-21T12:43:13+00:00\",\"description\":\"\ubc1c\ub808\ub9ac\uc548 \ucd94\ucd9c\ubb3c\uc740 \uc2e0\uacbd\uacc4\ub97c \uc9c0\uc6d0\ud558\ub294 Valeriana officinalis \uc2dd\ubb3c\uc758 \ubfcc\ub9ac\uc5d0\uc11c \uc5bb\uc5b4\uc9c0\ub294 \uace0\ub18d\ucd95 \uc2dd\ubb3c\uc131 \uc6d0\ub8cc\uc785\ub2c8\ub2e4.\",\"breadcrumb\":{\"@id\":\"https:\\\/\\\/naturalpoland.com\\\/ko\\\/je-pum\\\/sig-mul-chu-chul-mul\\\/ballerian-chuchulmul\\\/#breadcrumb\"},\"inLanguage\":\"ko-KR\",\"potentialAction\":[{\"@type\":\"ReadAction\",\"target\":[\"https:\\\/\\\/naturalpoland.com\\\/ko\\\/je-pum\\\/sig-mul-chu-chul-mul\\\/ballerian-chuchulmul\\\/\"]}]},{\"@type\":\"ImageObject\",\"inLanguage\":\"ko-KR\",\"@id\":\"https:\\\/\\\/naturalpoland.com\\\/ko\\\/je-pum\\\/sig-mul-chu-chul-mul\\\/ballerian-chuchulmul\\\/#primaryimage\",\"url\":\"https:\\\/\\\/naturalpoland.com\\\/wp-content\\\/uploads\\\/ekstrakt-z-kozlka-lekarskiego.webp\",\"contentUrl\":\"https:\\\/\\\/naturalpoland.com\\\/wp-content\\\/uploads\\\/ekstrakt-z-kozlka-lekarskiego.webp\",\"width\":1024,\"height\":1024,\"caption\":\"Ekstrakt z koz\u0142ka lekarskiego\"},{\"@type\":\"BreadcrumbList\",\"@id\":\"https:\\\/\\\/naturalpoland.com\\\/ko\\\/je-pum\\\/sig-mul-chu-chul-mul\\\/ballerian-chuchulmul\\\/#breadcrumb\",\"itemListElement\":[{\"@type\":\"ListItem\",\"position\":1,\"name\":\"\ud648\",\"item\":\"https:\\\/\\\/naturalpoland.com\\\/ko\\\/\"},{\"@type\":\"ListItem\",\"position\":2,\"name\":\"\uc81c\ud488\",\"item\":\"https:\\\/\\\/naturalpoland.com\\\/ko\\\/%ec%a0%9c%ed%92%88\\\/\"},{\"@type\":\"ListItem\",\"position\":3,\"name\":\"\ubc1c\ub808\ub9ac\uc548 \ucd94\ucd9c\ubb3c\"}]},{\"@type\":\"WebSite\",\"@id\":\"https:\\\/\\\/naturalpoland.com\\\/ko\\\/#website\",\"url\":\"https:\\\/\\\/naturalpoland.com\\\/ko\\\/\",\"name\":\"NATURAL POLAND - Hurtowy Dystrybutor Surowc\u00f3w\",\"description\":\"Surowce dla przemys\u0142u spo\u017cywczego, kosmetycznego i farmaceutycznego\",\"publisher\":{\"@id\":\"https:\\\/\\\/naturalpoland.com\\\/ko\\\/#organization\"},\"potentialAction\":[{\"@type\":\"SearchAction\",\"target\":{\"@type\":\"EntryPoint\",\"urlTemplate\":\"https:\\\/\\\/naturalpoland.com\\\/ko\\\/?s={search_term_string}\"},\"query-input\":{\"@type\":\"PropertyValueSpecification\",\"valueRequired\":true,\"valueName\":\"search_term_string\"}}],\"inLanguage\":\"ko-KR\"},{\"@type\":\"Organization\",\"@id\":\"https:\\\/\\\/naturalpoland.com\\\/ko\\\/#organization\",\"name\":\"Natural Poland\",\"url\":\"https:\\\/\\\/naturalpoland.com\\\/ko\\\/\",\"logo\":{\"@type\":\"ImageObject\",\"inLanguage\":\"ko-KR\",\"@id\":\"https:\\\/\\\/naturalpoland.com\\\/ko\\\/#\\\/schema\\\/logo\\\/image\\\/\",\"url\":\"https:\\\/\\\/naturalpoland.com\\\/wp-content\\\/uploads\\\/2021\\\/05\\\/natural-poland-icon.png\",\"contentUrl\":\"https:\\\/\\\/naturalpoland.com\\\/wp-content\\\/uploads\\\/2021\\\/05\\\/natural-poland-icon.png\",\"width\":512,\"height\":512,\"caption\":\"Natural Poland\"},\"image\":{\"@id\":\"https:\\\/\\\/naturalpoland.com\\\/ko\\\/#\\\/schema\\\/logo\\\/image\\\/\"},\"sameAs\":[\"https:\\\/\\\/www.facebook.com\\\/naturalpoland.b2b\",\"https:\\\/\\\/pl.linkedin.com\\\/company\\\/natural-poland\",\"https:\\\/\\\/www.youtube.com\\\/channel\\\/UCgeGGkvOMahZo-xu_MSEWxg\"]}]}<\/script>\n<!-- \/ Yoast SEO plugin. -->","yoast_head_json":{"title":"\ubc1c\ub808\ub9ac\uc548 \ucd94\ucd9c\ubb3c - Hurtowy Dystrybutor","description":"\ubc1c\ub808\ub9ac\uc548 \ucd94\ucd9c\ubb3c\uc740 \uc2e0\uacbd\uacc4\ub97c \uc9c0\uc6d0\ud558\ub294 Valeriana officinalis \uc2dd\ubb3c\uc758 \ubfcc\ub9ac\uc5d0\uc11c \uc5bb\uc5b4\uc9c0\ub294 \uace0\ub18d\ucd95 \uc2dd\ubb3c\uc131 \uc6d0\ub8cc\uc785\ub2c8\ub2e4.","robots":{"index":"index","follow":"follow","max-snippet":"max-snippet:-1","max-image-preview":"max-image-preview:large","max-video-preview":"max-video-preview:-1"},"canonical":"https:\/\/naturalpoland.com\/ko\/je-pum\/sig-mul-chu-chul-mul\/ballerian-chuchulmul\/","og_locale":"ko_KR","og_type":"article","og_title":"\ubc1c\ub808\ub9ac\uc548 \ucd94\ucd9c\ubb3c - Hurtowy Dystrybutor","og_description":"\ubc1c\ub808\ub9ac\uc548 \ucd94\ucd9c\ubb3c\uc740 \uc2e0\uacbd\uacc4\ub97c \uc9c0\uc6d0\ud558\ub294 Valeriana officinalis \uc2dd\ubb3c\uc758 \ubfcc\ub9ac\uc5d0\uc11c \uc5bb\uc5b4\uc9c0\ub294 \uace0\ub18d\ucd95 \uc2dd\ubb3c\uc131 \uc6d0\ub8cc\uc785\ub2c8\ub2e4.","og_url":"https:\/\/naturalpoland.com\/ko\/je-pum\/sig-mul-chu-chul-mul\/ballerian-chuchulmul\/","og_site_name":"NATURAL POLAND - Hurtowy Dystrybutor Surowc\u00f3w","article_publisher":"https:\/\/www.facebook.com\/naturalpoland.b2b","article_modified_time":"2025-08-21T12:43:13+00:00","og_image":[{"width":1024,"height":1024,"url":"https:\/\/naturalpoland.com\/wp-content\/uploads\/ekstrakt-z-kozlka-lekarskiego.webp","type":"image\/webp"}],"schema":{"@context":"https:\/\/schema.org","@graph":[{"@type":"WebPage","@id":"https:\/\/naturalpoland.com\/ko\/je-pum\/sig-mul-chu-chul-mul\/ballerian-chuchulmul\/","url":"https:\/\/naturalpoland.com\/ko\/je-pum\/sig-mul-chu-chul-mul\/ballerian-chuchulmul\/","name":"\ubc1c\ub808\ub9ac\uc548 \ucd94\ucd9c\ubb3c - Hurtowy Dystrybutor","isPartOf":{"@id":"https:\/\/naturalpoland.com\/ko\/#website"},"primaryImageOfPage":{"@id":"https:\/\/naturalpoland.com\/ko\/je-pum\/sig-mul-chu-chul-mul\/ballerian-chuchulmul\/#primaryimage"},"image":{"@id":"https:\/\/naturalpoland.com\/ko\/je-pum\/sig-mul-chu-chul-mul\/ballerian-chuchulmul\/#primaryimage"},"thumbnailUrl":"https:\/\/naturalpoland.com\/wp-content\/uploads\/ekstrakt-z-kozlka-lekarskiego.webp","datePublished":"2025-03-21T15:02:56+00:00","dateModified":"2025-08-21T12:43:13+00:00","description":"\ubc1c\ub808\ub9ac\uc548 \ucd94\ucd9c\ubb3c\uc740 \uc2e0\uacbd\uacc4\ub97c \uc9c0\uc6d0\ud558\ub294 Valeriana officinalis \uc2dd\ubb3c\uc758 \ubfcc\ub9ac\uc5d0\uc11c \uc5bb\uc5b4\uc9c0\ub294 \uace0\ub18d\ucd95 \uc2dd\ubb3c\uc131 \uc6d0\ub8cc\uc785\ub2c8\ub2e4.","breadcrumb":{"@id":"https:\/\/naturalpoland.com\/ko\/je-pum\/sig-mul-chu-chul-mul\/ballerian-chuchulmul\/#breadcrumb"},"inLanguage":"ko-KR","potentialAction":[{"@type":"ReadAction","target":["https:\/\/naturalpoland.com\/ko\/je-pum\/sig-mul-chu-chul-mul\/ballerian-chuchulmul\/"]}]},{"@type":"ImageObject","inLanguage":"ko-KR","@id":"https:\/\/naturalpoland.com\/ko\/je-pum\/sig-mul-chu-chul-mul\/ballerian-chuchulmul\/#primaryimage","url":"https:\/\/naturalpoland.com\/wp-content\/uploads\/ekstrakt-z-kozlka-lekarskiego.webp","contentUrl":"https:\/\/naturalpoland.com\/wp-content\/uploads\/ekstrakt-z-kozlka-lekarskiego.webp","width":1024,"height":1024,"caption":"Ekstrakt z koz\u0142ka lekarskiego"},{"@type":"BreadcrumbList","@id":"https:\/\/naturalpoland.com\/ko\/je-pum\/sig-mul-chu-chul-mul\/ballerian-chuchulmul\/#breadcrumb","itemListElement":[{"@type":"ListItem","position":1,"name":"\ud648","item":"https:\/\/naturalpoland.com\/ko\/"},{"@type":"ListItem","position":2,"name":"\uc81c\ud488","item":"https:\/\/naturalpoland.com\/ko\/%ec%a0%9c%ed%92%88\/"},{"@type":"ListItem","position":3,"name":"\ubc1c\ub808\ub9ac\uc548 \ucd94\ucd9c\ubb3c"}]},{"@type":"WebSite","@id":"https:\/\/naturalpoland.com\/ko\/#website","url":"https:\/\/naturalpoland.com\/ko\/","name":"NATURAL POLAND - Hurtowy Dystrybutor Surowc\u00f3w","description":"Surowce dla przemys\u0142u spo\u017cywczego, kosmetycznego i farmaceutycznego","publisher":{"@id":"https:\/\/naturalpoland.com\/ko\/#organization"},"potentialAction":[{"@type":"SearchAction","target":{"@type":"EntryPoint","urlTemplate":"https:\/\/naturalpoland.com\/ko\/?s={search_term_string}"},"query-input":{"@type":"PropertyValueSpecification","valueRequired":true,"valueName":"search_term_string"}}],"inLanguage":"ko-KR"},{"@type":"Organization","@id":"https:\/\/naturalpoland.com\/ko\/#organization","name":"Natural Poland","url":"https:\/\/naturalpoland.com\/ko\/","logo":{"@type":"ImageObject","inLanguage":"ko-KR","@id":"https:\/\/naturalpoland.com\/ko\/#\/schema\/logo\/image\/","url":"https:\/\/naturalpoland.com\/wp-content\/uploads\/2021\/05\/natural-poland-icon.png","contentUrl":"https:\/\/naturalpoland.com\/wp-content\/uploads\/2021\/05\/natural-poland-icon.png","width":512,"height":512,"caption":"Natural Poland"},"image":{"@id":"https:\/\/naturalpoland.com\/ko\/#\/schema\/logo\/image\/"},"sameAs":["https:\/\/www.facebook.com\/naturalpoland.b2b","https:\/\/pl.linkedin.com\/company\/natural-poland","https:\/\/www.youtube.com\/channel\/UCgeGGkvOMahZo-xu_MSEWxg"]}]}},"_links":{"self":[{"href":"https:\/\/naturalpoland.com\/ko\/wp-json\/wp\/v2\/product\/42819","targetHints":{"allow":["GET"]}}],"collection":[{"href":"https:\/\/naturalpoland.com\/ko\/wp-json\/wp\/v2\/product"}],"about":[{"href":"https:\/\/naturalpoland.com\/ko\/wp-json\/wp\/v2\/types\/product"}],"wp:featuredmedia":[{"embeddable":true,"href":"https:\/\/naturalpoland.com\/ko\/wp-json\/wp\/v2\/media\/42820"}],"wp:attachment":[{"href":"https:\/\/naturalpoland.com\/ko\/wp-json\/wp\/v2\/media?parent=42819"}],"wp:term":[{"taxonomy":"product_brand","embeddable":true,"href":"https:\/\/naturalpoland.com\/ko\/wp-json\/wp\/v2\/product_brand?post=42819"},{"taxonomy":"product_cat","embeddable":true,"href":"https:\/\/naturalpoland.com\/ko\/wp-json\/wp\/v2\/product_cat?post=42819"},{"taxonomy":"product_tag","embeddable":true,"href":"https:\/\/naturalpoland.com\/ko\/wp-json\/wp\/v2\/product_tag?post=42819"}],"curies":[{"name":"wp","href":"https:\/\/api.w.org\/{rel}","templated":true}]}}