{"id":42821,"date":"2025-03-21T16:12:56","date_gmt":"2025-03-21T15:12:56","guid":{"rendered":"https:\/\/naturalpoland.com\/produkty\/uncategorized\/%ed%98%84%ed%98%b8%ec%83%89-%ec%b6%94%ec%b6%9c%eb%ac%bc\/"},"modified":"2025-08-21T14:42:59","modified_gmt":"2025-08-21T12:42:59","slug":"hyeonhosaek-chuchulmul","status":"publish","type":"product","link":"https:\/\/naturalpoland.com\/ko\/je-pum\/sig-mul-chu-chul-mul\/hyeonhosaek-chuchulmul\/","title":{"rendered":"\ud604\ud638\uc0c9 \ucd94\ucd9c\ubb3c"},"content":{"rendered":"<p data-start=\"621\" data-end=\"1095\">\ub4e4\ud604\ud638\uc0c9\uc740 \uac04\uacfc \ub2f4\ub3c4\uacc4 \uae30\ub2a5 \uc9c0\uc6d0 \uc791\uc6a9\uc73c\ub85c \uc798 \uc54c\ub824\uc838 \uc788\uc2b5\ub2c8\ub2e4. \uc774 \uc2dd\ubb3c \ucd94\ucd9c\ubb3c\uc740 \uc18c\ud654, \uc2e0\uccb4 \ud574\ub3c5 \ubc0f \ub2f4\ub3c4 \uc6b4\ub3d9 \uc774\uc0c1\uc99d \uc99d\uc0c1 \uc644\ud654\ub97c \ub3d5\ub294 \uc131\ubd84\uc73c\ub85c \uc2dd\uc774 \ubcf4\ucda9\uc81c\uc5d0 \uc804\ud1b5\uc801\uc73c\ub85c \uc0ac\uc6a9\ub429\ub2c8\ub2e4. \ud56d\uc5fc\uc99d, \uc774\ub1e8 \ubc0f \uc9c4\uacbd\uc81c \ud2b9\uc131\uc73c\ub85c \uc778\ud574 \ud604\ud638\uc0c9\uc744 \ud568\uc720\ud55c \uc81c\uc81c\ub294 \uc5ec\ub4dc\ub984, \uc2b5\uc9c4 \ub610\ub294 \uac74\uc120\uacfc \uac19\uc740 \ud53c\ubd80 \uc9c8\ud658\uc5d0\ub3c4 \uad8c\uc7a5\ub429\ub2c8\ub2e4.<\/p>\n<p data-start=\"1097\" data-end=\"1373\">\uc774 \ucd94\ucd9c\ubb3c\uc740 \ucea1\uc290, \uc815\uc81c \ubc0f \ud5c8\ube0c \ud63c\ud569\ubb3c\uc758 \uc131\ubd84\uc73c\ub85c \uc81c\uc57d \ubc0f \ub274\ud2b8\ub77c\uc288\ud2f0\uceec \uc0b0\uc5c5\uc5d0\uc11c \uc0ac\uc6a9\ub429\ub2c8\ub2e4. \ub610\ud55c \ud574\ub3c5 \ubc0f \ud53c\uc9c0 \ubd84\ube44 \uc870\uc808 \ud6a8\uacfc\uac00 \uc788\ub294 \ud654\uc7a5\ud488\uc5d0\ub3c4 \uc0ac\uc6a9\ub420 \uc218 \uc788\uc2b5\ub2c8\ub2e4.<\/p>\n<p data-start=\"1375\" data-end=\"1816\" data-is-last-node=\"\" data-is-only-node=\"\">\uc774 \ucd94\ucd9c\ubb3c\uc740 \ucc9c\uc5f0 \uc720\ub798\uc774\uba70 \uc815\ubc00\ud558\uac8c \uad00\ub9ac\ub418\ub294 \uc0dd\uc0b0 \uacf5\uc815\uc744 \uac70\uce58\uba70 \uc57d\uc804 \uaddc\uaca9(Ph.Eur, USP)\uc744 \uc900\uc218\ud569\ub2c8\ub2e4.<\/p>\n","protected":false},"excerpt":{"rendered":"<p>\ud604\ud638\uc0c9(<em>Fumaria officinalis<\/em>) \ucd94\ucd9c\ubb3c\uc740 \uc2dd\ubb3c \uc804\uccb4\uc5d0\uc11c \uc218\uc131 \ucd94\ucd9c\ubc95\uc73c\ub85c \uc5bb\uc5b4\uc9d1\ub2c8\ub2e4. \uc774 \uc81c\ud488\uc740 \uc6d0\ub8cc\uc640 \uc77c\uce58\ud558\ub294 \ud2b9\uc720\uc758 \ub9db\uacfc \ud5a5\uc744 \uc9c0\ub2cc \ubbf8\uc138\ud55c \uac08\uc0c9 \ubd84\ub9d0 \ud615\ud0dc\ub85c \uc81c\uacf5\ub429\ub2c8\ub2e4.<\/p>\n","protected":false},"featured_media":42822,"template":"","meta":[],"product_brand":[],"product_cat":[8134],"product_tag":[],"class_list":{"0":"post-42821","1":"product","2":"type-product","3":"status-publish","4":"has-post-thumbnail","6":"product_cat-sig-mul-chu-chul-mul","8":"first","9":"instock","10":"shipping-taxable","11":"product-type-simple"},"yoast_head":"<!-- This site is optimized with the Yoast SEO plugin v27.4 - https:\/\/yoast.com\/product\/yoast-seo-wordpress\/ -->\n<title>\ud604\ud638\uc0c9 \ucd94\ucd9c\ubb3c - Hurtowy Dystrybutor<\/title>\n<meta name=\"description\" content=\"\ud604\ud638\uc0c9(Fumaria officinalis) \ucd94\ucd9c\ubb3c\uc740 \uc2dd\ubb3c \uc804\uccb4\uc5d0\uc11c \uc218\uc131 \ucd94\ucd9c\ubc95\uc73c\ub85c \uc5bb\uc740 \uace0\ud488\uc9c8 \uc2dd\ubb3c\uc131 \uc6d0\ub8cc\uc785\ub2c8\ub2e4.\" \/>\n<meta name=\"robots\" content=\"index, follow, max-snippet:-1, max-image-preview:large, max-video-preview:-1\" \/>\n<link rel=\"canonical\" href=\"https:\/\/naturalpoland.com\/ko\/je-pum\/sig-mul-chu-chul-mul\/hyeonhosaek-chuchulmul\/\" \/>\n<meta property=\"og:locale\" content=\"ko_KR\" \/>\n<meta property=\"og:type\" content=\"article\" \/>\n<meta property=\"og:title\" content=\"\ud604\ud638\uc0c9 \ucd94\ucd9c\ubb3c - Hurtowy Dystrybutor\" \/>\n<meta property=\"og:description\" content=\"\ud604\ud638\uc0c9(Fumaria officinalis) \ucd94\ucd9c\ubb3c\uc740 \uc2dd\ubb3c \uc804\uccb4\uc5d0\uc11c \uc218\uc131 \ucd94\ucd9c\ubc95\uc73c\ub85c \uc5bb\uc740 \uace0\ud488\uc9c8 \uc2dd\ubb3c\uc131 \uc6d0\ub8cc\uc785\ub2c8\ub2e4.\" \/>\n<meta property=\"og:url\" content=\"https:\/\/naturalpoland.com\/ko\/je-pum\/sig-mul-chu-chul-mul\/hyeonhosaek-chuchulmul\/\" \/>\n<meta property=\"og:site_name\" content=\"NATURAL POLAND - Hurtowy Dystrybutor Surowc\u00f3w\" \/>\n<meta property=\"article:publisher\" content=\"https:\/\/www.facebook.com\/naturalpoland.b2b\" \/>\n<meta property=\"article:modified_time\" content=\"2025-08-21T12:42:59+00:00\" \/>\n<meta property=\"og:image\" content=\"https:\/\/naturalpoland.com\/wp-content\/uploads\/ekstrakt-z-dymnicy.webp\" \/>\n\t<meta property=\"og:image:width\" content=\"1024\" \/>\n\t<meta property=\"og:image:height\" content=\"1024\" \/>\n\t<meta property=\"og:image:type\" content=\"image\/webp\" \/>\n<script type=\"application\/ld+json\" class=\"yoast-schema-graph\">{\"@context\":\"https:\\\/\\\/schema.org\",\"@graph\":[{\"@type\":\"WebPage\",\"@id\":\"https:\\\/\\\/naturalpoland.com\\\/ko\\\/je-pum\\\/sig-mul-chu-chul-mul\\\/hyeonhosaek-chuchulmul\\\/\",\"url\":\"https:\\\/\\\/naturalpoland.com\\\/ko\\\/je-pum\\\/sig-mul-chu-chul-mul\\\/hyeonhosaek-chuchulmul\\\/\",\"name\":\"\ud604\ud638\uc0c9 \ucd94\ucd9c\ubb3c - Hurtowy Dystrybutor\",\"isPartOf\":{\"@id\":\"https:\\\/\\\/naturalpoland.com\\\/ko\\\/#website\"},\"primaryImageOfPage\":{\"@id\":\"https:\\\/\\\/naturalpoland.com\\\/ko\\\/je-pum\\\/sig-mul-chu-chul-mul\\\/hyeonhosaek-chuchulmul\\\/#primaryimage\"},\"image\":{\"@id\":\"https:\\\/\\\/naturalpoland.com\\\/ko\\\/je-pum\\\/sig-mul-chu-chul-mul\\\/hyeonhosaek-chuchulmul\\\/#primaryimage\"},\"thumbnailUrl\":\"https:\\\/\\\/naturalpoland.com\\\/wp-content\\\/uploads\\\/ekstrakt-z-dymnicy.webp\",\"datePublished\":\"2025-03-21T15:12:56+00:00\",\"dateModified\":\"2025-08-21T12:42:59+00:00\",\"description\":\"\ud604\ud638\uc0c9(Fumaria officinalis) \ucd94\ucd9c\ubb3c\uc740 \uc2dd\ubb3c \uc804\uccb4\uc5d0\uc11c \uc218\uc131 \ucd94\ucd9c\ubc95\uc73c\ub85c \uc5bb\uc740 \uace0\ud488\uc9c8 \uc2dd\ubb3c\uc131 \uc6d0\ub8cc\uc785\ub2c8\ub2e4.\",\"breadcrumb\":{\"@id\":\"https:\\\/\\\/naturalpoland.com\\\/ko\\\/je-pum\\\/sig-mul-chu-chul-mul\\\/hyeonhosaek-chuchulmul\\\/#breadcrumb\"},\"inLanguage\":\"ko-KR\",\"potentialAction\":[{\"@type\":\"ReadAction\",\"target\":[\"https:\\\/\\\/naturalpoland.com\\\/ko\\\/je-pum\\\/sig-mul-chu-chul-mul\\\/hyeonhosaek-chuchulmul\\\/\"]}]},{\"@type\":\"ImageObject\",\"inLanguage\":\"ko-KR\",\"@id\":\"https:\\\/\\\/naturalpoland.com\\\/ko\\\/je-pum\\\/sig-mul-chu-chul-mul\\\/hyeonhosaek-chuchulmul\\\/#primaryimage\",\"url\":\"https:\\\/\\\/naturalpoland.com\\\/wp-content\\\/uploads\\\/ekstrakt-z-dymnicy.webp\",\"contentUrl\":\"https:\\\/\\\/naturalpoland.com\\\/wp-content\\\/uploads\\\/ekstrakt-z-dymnicy.webp\",\"width\":1024,\"height\":1024,\"caption\":\"Ekstrakt z ziela dymnicy\"},{\"@type\":\"BreadcrumbList\",\"@id\":\"https:\\\/\\\/naturalpoland.com\\\/ko\\\/je-pum\\\/sig-mul-chu-chul-mul\\\/hyeonhosaek-chuchulmul\\\/#breadcrumb\",\"itemListElement\":[{\"@type\":\"ListItem\",\"position\":1,\"name\":\"\ud648\",\"item\":\"https:\\\/\\\/naturalpoland.com\\\/ko\\\/\"},{\"@type\":\"ListItem\",\"position\":2,\"name\":\"\uc81c\ud488\",\"item\":\"https:\\\/\\\/naturalpoland.com\\\/ko\\\/%ec%a0%9c%ed%92%88\\\/\"},{\"@type\":\"ListItem\",\"position\":3,\"name\":\"\ud604\ud638\uc0c9 \ucd94\ucd9c\ubb3c\"}]},{\"@type\":\"WebSite\",\"@id\":\"https:\\\/\\\/naturalpoland.com\\\/ko\\\/#website\",\"url\":\"https:\\\/\\\/naturalpoland.com\\\/ko\\\/\",\"name\":\"NATURAL POLAND - Hurtowy Dystrybutor Surowc\u00f3w\",\"description\":\"Surowce dla przemys\u0142u spo\u017cywczego, kosmetycznego i farmaceutycznego\",\"publisher\":{\"@id\":\"https:\\\/\\\/naturalpoland.com\\\/ko\\\/#organization\"},\"potentialAction\":[{\"@type\":\"SearchAction\",\"target\":{\"@type\":\"EntryPoint\",\"urlTemplate\":\"https:\\\/\\\/naturalpoland.com\\\/ko\\\/?s={search_term_string}\"},\"query-input\":{\"@type\":\"PropertyValueSpecification\",\"valueRequired\":true,\"valueName\":\"search_term_string\"}}],\"inLanguage\":\"ko-KR\"},{\"@type\":\"Organization\",\"@id\":\"https:\\\/\\\/naturalpoland.com\\\/ko\\\/#organization\",\"name\":\"Natural Poland\",\"url\":\"https:\\\/\\\/naturalpoland.com\\\/ko\\\/\",\"logo\":{\"@type\":\"ImageObject\",\"inLanguage\":\"ko-KR\",\"@id\":\"https:\\\/\\\/naturalpoland.com\\\/ko\\\/#\\\/schema\\\/logo\\\/image\\\/\",\"url\":\"https:\\\/\\\/naturalpoland.com\\\/wp-content\\\/uploads\\\/2021\\\/05\\\/natural-poland-icon.png\",\"contentUrl\":\"https:\\\/\\\/naturalpoland.com\\\/wp-content\\\/uploads\\\/2021\\\/05\\\/natural-poland-icon.png\",\"width\":512,\"height\":512,\"caption\":\"Natural Poland\"},\"image\":{\"@id\":\"https:\\\/\\\/naturalpoland.com\\\/ko\\\/#\\\/schema\\\/logo\\\/image\\\/\"},\"sameAs\":[\"https:\\\/\\\/www.facebook.com\\\/naturalpoland.b2b\",\"https:\\\/\\\/pl.linkedin.com\\\/company\\\/natural-poland\",\"https:\\\/\\\/www.youtube.com\\\/channel\\\/UCgeGGkvOMahZo-xu_MSEWxg\"]}]}<\/script>\n<!-- \/ Yoast SEO plugin. -->","yoast_head_json":{"title":"\ud604\ud638\uc0c9 \ucd94\ucd9c\ubb3c - Hurtowy Dystrybutor","description":"\ud604\ud638\uc0c9(Fumaria officinalis) \ucd94\ucd9c\ubb3c\uc740 \uc2dd\ubb3c \uc804\uccb4\uc5d0\uc11c \uc218\uc131 \ucd94\ucd9c\ubc95\uc73c\ub85c \uc5bb\uc740 \uace0\ud488\uc9c8 \uc2dd\ubb3c\uc131 \uc6d0\ub8cc\uc785\ub2c8\ub2e4.","robots":{"index":"index","follow":"follow","max-snippet":"max-snippet:-1","max-image-preview":"max-image-preview:large","max-video-preview":"max-video-preview:-1"},"canonical":"https:\/\/naturalpoland.com\/ko\/je-pum\/sig-mul-chu-chul-mul\/hyeonhosaek-chuchulmul\/","og_locale":"ko_KR","og_type":"article","og_title":"\ud604\ud638\uc0c9 \ucd94\ucd9c\ubb3c - Hurtowy Dystrybutor","og_description":"\ud604\ud638\uc0c9(Fumaria officinalis) \ucd94\ucd9c\ubb3c\uc740 \uc2dd\ubb3c \uc804\uccb4\uc5d0\uc11c \uc218\uc131 \ucd94\ucd9c\ubc95\uc73c\ub85c \uc5bb\uc740 \uace0\ud488\uc9c8 \uc2dd\ubb3c\uc131 \uc6d0\ub8cc\uc785\ub2c8\ub2e4.","og_url":"https:\/\/naturalpoland.com\/ko\/je-pum\/sig-mul-chu-chul-mul\/hyeonhosaek-chuchulmul\/","og_site_name":"NATURAL POLAND - Hurtowy Dystrybutor Surowc\u00f3w","article_publisher":"https:\/\/www.facebook.com\/naturalpoland.b2b","article_modified_time":"2025-08-21T12:42:59+00:00","og_image":[{"width":1024,"height":1024,"url":"https:\/\/naturalpoland.com\/wp-content\/uploads\/ekstrakt-z-dymnicy.webp","type":"image\/webp"}],"schema":{"@context":"https:\/\/schema.org","@graph":[{"@type":"WebPage","@id":"https:\/\/naturalpoland.com\/ko\/je-pum\/sig-mul-chu-chul-mul\/hyeonhosaek-chuchulmul\/","url":"https:\/\/naturalpoland.com\/ko\/je-pum\/sig-mul-chu-chul-mul\/hyeonhosaek-chuchulmul\/","name":"\ud604\ud638\uc0c9 \ucd94\ucd9c\ubb3c - Hurtowy Dystrybutor","isPartOf":{"@id":"https:\/\/naturalpoland.com\/ko\/#website"},"primaryImageOfPage":{"@id":"https:\/\/naturalpoland.com\/ko\/je-pum\/sig-mul-chu-chul-mul\/hyeonhosaek-chuchulmul\/#primaryimage"},"image":{"@id":"https:\/\/naturalpoland.com\/ko\/je-pum\/sig-mul-chu-chul-mul\/hyeonhosaek-chuchulmul\/#primaryimage"},"thumbnailUrl":"https:\/\/naturalpoland.com\/wp-content\/uploads\/ekstrakt-z-dymnicy.webp","datePublished":"2025-03-21T15:12:56+00:00","dateModified":"2025-08-21T12:42:59+00:00","description":"\ud604\ud638\uc0c9(Fumaria officinalis) \ucd94\ucd9c\ubb3c\uc740 \uc2dd\ubb3c \uc804\uccb4\uc5d0\uc11c \uc218\uc131 \ucd94\ucd9c\ubc95\uc73c\ub85c \uc5bb\uc740 \uace0\ud488\uc9c8 \uc2dd\ubb3c\uc131 \uc6d0\ub8cc\uc785\ub2c8\ub2e4.","breadcrumb":{"@id":"https:\/\/naturalpoland.com\/ko\/je-pum\/sig-mul-chu-chul-mul\/hyeonhosaek-chuchulmul\/#breadcrumb"},"inLanguage":"ko-KR","potentialAction":[{"@type":"ReadAction","target":["https:\/\/naturalpoland.com\/ko\/je-pum\/sig-mul-chu-chul-mul\/hyeonhosaek-chuchulmul\/"]}]},{"@type":"ImageObject","inLanguage":"ko-KR","@id":"https:\/\/naturalpoland.com\/ko\/je-pum\/sig-mul-chu-chul-mul\/hyeonhosaek-chuchulmul\/#primaryimage","url":"https:\/\/naturalpoland.com\/wp-content\/uploads\/ekstrakt-z-dymnicy.webp","contentUrl":"https:\/\/naturalpoland.com\/wp-content\/uploads\/ekstrakt-z-dymnicy.webp","width":1024,"height":1024,"caption":"Ekstrakt z ziela dymnicy"},{"@type":"BreadcrumbList","@id":"https:\/\/naturalpoland.com\/ko\/je-pum\/sig-mul-chu-chul-mul\/hyeonhosaek-chuchulmul\/#breadcrumb","itemListElement":[{"@type":"ListItem","position":1,"name":"\ud648","item":"https:\/\/naturalpoland.com\/ko\/"},{"@type":"ListItem","position":2,"name":"\uc81c\ud488","item":"https:\/\/naturalpoland.com\/ko\/%ec%a0%9c%ed%92%88\/"},{"@type":"ListItem","position":3,"name":"\ud604\ud638\uc0c9 \ucd94\ucd9c\ubb3c"}]},{"@type":"WebSite","@id":"https:\/\/naturalpoland.com\/ko\/#website","url":"https:\/\/naturalpoland.com\/ko\/","name":"NATURAL POLAND - Hurtowy Dystrybutor Surowc\u00f3w","description":"Surowce dla przemys\u0142u spo\u017cywczego, kosmetycznego i farmaceutycznego","publisher":{"@id":"https:\/\/naturalpoland.com\/ko\/#organization"},"potentialAction":[{"@type":"SearchAction","target":{"@type":"EntryPoint","urlTemplate":"https:\/\/naturalpoland.com\/ko\/?s={search_term_string}"},"query-input":{"@type":"PropertyValueSpecification","valueRequired":true,"valueName":"search_term_string"}}],"inLanguage":"ko-KR"},{"@type":"Organization","@id":"https:\/\/naturalpoland.com\/ko\/#organization","name":"Natural Poland","url":"https:\/\/naturalpoland.com\/ko\/","logo":{"@type":"ImageObject","inLanguage":"ko-KR","@id":"https:\/\/naturalpoland.com\/ko\/#\/schema\/logo\/image\/","url":"https:\/\/naturalpoland.com\/wp-content\/uploads\/2021\/05\/natural-poland-icon.png","contentUrl":"https:\/\/naturalpoland.com\/wp-content\/uploads\/2021\/05\/natural-poland-icon.png","width":512,"height":512,"caption":"Natural Poland"},"image":{"@id":"https:\/\/naturalpoland.com\/ko\/#\/schema\/logo\/image\/"},"sameAs":["https:\/\/www.facebook.com\/naturalpoland.b2b","https:\/\/pl.linkedin.com\/company\/natural-poland","https:\/\/www.youtube.com\/channel\/UCgeGGkvOMahZo-xu_MSEWxg"]}]}},"_links":{"self":[{"href":"https:\/\/naturalpoland.com\/ko\/wp-json\/wp\/v2\/product\/42821","targetHints":{"allow":["GET"]}}],"collection":[{"href":"https:\/\/naturalpoland.com\/ko\/wp-json\/wp\/v2\/product"}],"about":[{"href":"https:\/\/naturalpoland.com\/ko\/wp-json\/wp\/v2\/types\/product"}],"wp:featuredmedia":[{"embeddable":true,"href":"https:\/\/naturalpoland.com\/ko\/wp-json\/wp\/v2\/media\/42822"}],"wp:attachment":[{"href":"https:\/\/naturalpoland.com\/ko\/wp-json\/wp\/v2\/media?parent=42821"}],"wp:term":[{"taxonomy":"product_brand","embeddable":true,"href":"https:\/\/naturalpoland.com\/ko\/wp-json\/wp\/v2\/product_brand?post=42821"},{"taxonomy":"product_cat","embeddable":true,"href":"https:\/\/naturalpoland.com\/ko\/wp-json\/wp\/v2\/product_cat?post=42821"},{"taxonomy":"product_tag","embeddable":true,"href":"https:\/\/naturalpoland.com\/ko\/wp-json\/wp\/v2\/product_tag?post=42821"}],"curies":[{"name":"wp","href":"https:\/\/api.w.org\/{rel}","templated":true}]}}