{"id":42825,"date":"2025-05-29T15:04:47","date_gmt":"2025-05-29T13:04:47","guid":{"rendered":"https:\/\/naturalpoland.com\/produkty\/uncategorized\/%ea%b2%80%ec%9d%80-%ec%83%9d%ea%b0%95-%ec%b6%94%ec%b6%9c%eb%ac%bc\/"},"modified":"2025-08-21T14:41:37","modified_gmt":"2025-08-21T12:41:37","slug":"geomeun-saenggang-chuchulmul","status":"publish","type":"product","link":"https:\/\/naturalpoland.com\/ko\/je-pum\/sig-mul-chu-chul-mul\/geomeun-saenggang-chuchulmul\/","title":{"rendered":"\uac80\uc740 \uc0dd\uac15 \ucd94\ucd9c\ubb3c"},"content":{"rendered":"<p><strong>\ucf10\ud398\ub9ac\uc544 \ud30c\ub974\ube44\ud50c\ub85c\ub77c<\/strong>\ub294 \uc218\uc138\uae30 \ub3d9\uc548 \ub3d9\ub0a8\uc544\uc2dc\uc544, \ud2b9\ud788 \ud0dc\uad6d\uc758 \uc804\ud1b5 \uc758\ud559\uc5d0\uc11c \uc0ac\uc6a9\ub418\uc5b4 \uc654\uc2b5\ub2c8\ub2e4. \ud2b9\ud788 \uac74\uac15\uacfc \uc2e0\uccb4 \ud65c\ub825\uc744 \uc9c0\uc6d0\ud558\ub294 \ub2e4\ubc29\uba74\uc758 \ud6a8\ub2a5\uc774 \ub192\uc774 \ud3c9\uac00\ub418\uc5c8\uc2b5\ub2c8\ub2e4. \ub2f9\uc0ac\uc5d0\uc11c \uc81c\uacf5\ud558\ub294 \uac80\uc740 \uc0dd\uac15 \ucd94\ucd9c\ubb3c\uc740 \ubbf8\uc138\ud55c \ud669\uac08\uc0c9 \ubd84\ub9d0 \ud615\ud0dc\ub85c, \ud2b9\uc720\uc758 \ub9db\uacfc \ud5a5\uc744 \uc9c0\ub2c8\uba70 \ubb3c\uc5d0 \uc6a9\ud574\ub418\uace0 \ub9d0\ud1a0\ub371\uc2a4\ud2b8\ub9b0\uc774 \uc6b4\ubc18\uccb4\ub85c \ucca8\uac00\ub418\uc5b4 \uc788\uc2b5\ub2c8\ub2e4.<\/p>\n<h2 data-start=\"629\" data-end=\"1211\">\ud2b9\uc131 \ubc0f \uac74\uac15\uc0c1\uc758 \uc774\uc810:<\/h2>\n<p data-start=\"629\" data-end=\"1211\">\ucf10\ud398\ub9ac\uc544 \ud30c\ub974\ube44\ud50c\ub85c\ub77c\ub294 \uc544\ub2f5\ud1a0\uc820, \ud56d\uc0b0\ud654 \ubc0f \ud56d\uc5fc\uc99d \ud2b9\uc131\uc73c\ub85c \ub192\uc774 \ud3c9\uac00\ub429\ub2c8\ub2e4. \uc778\uc9c0 \uae30\ub2a5\uc744 \uc9c0\uc6d0\ud558\uace0 \uc5d0\ub108\uc9c0\uc640 \uc2e0\uccb4 \ud65c\ub3d9 \ub2a5\ub825\uc744 \ud5a5\uc0c1\uc2dc\ud0a4\ubbc0\ub85c \ud65c\ub3d9\uc801\uc778 \uc0ac\ub78c\ub4e4\uacfc \uc6b4\ub3d9\uc120\uc218\ub97c \uc704\ud55c \ubcf4\ucda9\uc81c\uc5d0 \uc790\uc8fc \uc0ac\uc6a9\ub429\ub2c8\ub2e4. \uc774 \uc2dd\ubb3c\uc740 \ub610\ud55c \uc131\uc695\uacfc \ud638\ub974\ubaac \uade0\ud615\uc5d0 \uae0d\uc815\uc801\uc778 \uc601\ud5a5\uc744 \ubbf8\uce60 \uc218 \uc788\uc5b4 \ub0a8\uc131 \uac74\uac15\uc744 \uc9c0\uc6d0\ud558\ub294 \uc81c\uc81c\uc5d0 \ud65c\uc6a9\ub429\ub2c8\ub2e4. \ucf10\ud398\ub9ac\uc544 \ud30c\ub974\ube44\ud50c\ub85c\ub77c\uc5d0 \ud568\uc720\ub41c \ud654\ud569\ubb3c\uc740 \ud608\uc561 \uc21c\ud658\uc744 \uac1c\uc120\ud558\uace0 \uc0b0\ud654 \uc2a4\ud2b8\ub808\uc2a4\ub97c \uc904\uc774\uba70 \uc804\ubc18\uc801\uc778 \uc2e0\uccb4 \uba74\uc5ed\ub825\uc744 \uc9c0\uc6d0\ud560 \uc218 \uc788\uc2b5\ub2c8\ub2e4.<\/p>\n<h2 data-start=\"1213\" data-end=\"1631\">\uc801\uc6a9 \ubd84\uc57c:<\/h2>\n<p data-start=\"1213\" data-end=\"1631\" data-is-last-node=\"\" data-is-only-node=\"\">\uac80\uc740 \uc0dd\uac15 \ucd94\ucd9c\ubb3c\uc740 \uc8fc\ub85c \uac74\uac15 \ubcf4\uc870 \uc2dd\ud488\uc5d0 \uc0ac\uc6a9\ub429\ub2c8\ub2e4 \u2013 \ucea1\uc290, \ubd84\ub9d0 \ub610\ub294 \uc5d0\ub108\uc9c0, \uc9d1\uc911\ub825 \ubc0f \uc2e0\uccb4 \ud65c\ub3d9 \ub2a5\ub825\uc744 \uc9c0\uc6d0\ud558\ub294 \uc81c\ud615\uc73c\ub85c. \ub610\ud55c \uc544\ub2f5\ud1a0\uc820 \uc791\uc6a9\uc744 \ud558\uac70\ub098 \ud608\uc561 \uc21c\ud658 \ubc0f \uc131\uc695\uc744 \uc9c0\uc6d0\ud558\ub294 \uc81c\uc81c\uc758 \uc131\ubd84\uc774 \ub420 \uc218 \uc788\uc2b5\ub2c8\ub2e4. \ubb3c\uc5d0 \uc798 \uc6a9\ud574\ub418\ubbc0\ub85c \uae30\ub2a5\uc131 \uc74c\ub8cc\uc5d0\ub3c4 \ud65c\uc6a9\ub420 \uc218 \uc788\uc2b5\ub2c8\ub2e4.<\/p>\n","protected":false},"excerpt":{"rendered":"<p><strong data-start=\"0\" data-end=\"54\">\uac80\uc740 \uc0dd\uac15 \ucd94\ucd9c\ubb3c<\/strong> (\uac80\uc740 \uac08\ub791\uac00), \uc989 \ucf10\ud398\ub9ac\uc544 \ud30c\ub974\ube44\ud50c\ub85c\ub77c \ucd94\ucd9c\ubb3c\uc740 \uac80\uc740 \uac08\ub791\uac00 \ub610\ub294 <em>\ucf10\ud398\ub9ac\uc544 \ud30c\ub974\ube44\ud50c\ub85c\ub77c<\/em>\uc73c\ub85c\ub3c4 \uc54c\ub824\uc9c4 \uc0dd\uac15\uacfc \uc2dd\ubb3c\uc778 \u201c\ud0dc\uad6d \uc778\uc0bc\u201d \uc758 \ubfcc\ub9ac\uc904\uae30\uc5d0\uc11c \ucd94\ucd9c\ub418\ub294 \uace0\ud488\uc9c8 \uc2dd\ubb3c\uc131 \uc6d0\ub8cc\uc785\ub2c8\ub2e4.<\/p>\n","protected":false},"featured_media":42826,"template":"","meta":[],"product_brand":[],"product_cat":[8134],"product_tag":[],"class_list":{"0":"post-42825","1":"product","2":"type-product","3":"status-publish","4":"has-post-thumbnail","6":"product_cat-sig-mul-chu-chul-mul","8":"first","9":"instock","10":"shipping-taxable","11":"product-type-simple"},"yoast_head":"<!-- This site is optimized with the Yoast SEO plugin v27.3 - https:\/\/yoast.com\/product\/yoast-seo-wordpress\/ -->\n<title>\uac80\uc740 \uc0dd\uac15 \ucd94\ucd9c\ubb3c - Hurtowy Dystrybutor<\/title>\n<meta name=\"description\" content=\"\uac80\uc740 \uc0dd\uac15 \ucd94\ucd9c\ubb3c\uc740 \uac80\uc740 \uac08\ub791\uac00\ub85c\ub3c4 \uc54c\ub824\uc9c4 \uc0dd\uac15\uacfc \uc2dd\ubb3c\uc778 \ucf10\ud398\ub9ac\uc544 \ud30c\ub974\ube44\ud50c\ub85c\ub77c\uc758 \ubfcc\ub9ac\uc904\uae30\uc5d0\uc11c \ucd94\ucd9c\ub429\ub2c8\ub2e4.\" \/>\n<meta name=\"robots\" content=\"index, follow, max-snippet:-1, max-image-preview:large, max-video-preview:-1\" \/>\n<link rel=\"canonical\" href=\"https:\/\/naturalpoland.com\/ko\/je-pum\/sig-mul-chu-chul-mul\/geomeun-saenggang-chuchulmul\/\" \/>\n<meta property=\"og:locale\" content=\"ko_KR\" \/>\n<meta property=\"og:type\" content=\"article\" \/>\n<meta property=\"og:title\" content=\"\uac80\uc740 \uc0dd\uac15 \ucd94\ucd9c\ubb3c - Hurtowy Dystrybutor\" \/>\n<meta property=\"og:description\" content=\"\uac80\uc740 \uc0dd\uac15 \ucd94\ucd9c\ubb3c\uc740 \uac80\uc740 \uac08\ub791\uac00\ub85c\ub3c4 \uc54c\ub824\uc9c4 \uc0dd\uac15\uacfc \uc2dd\ubb3c\uc778 \ucf10\ud398\ub9ac\uc544 \ud30c\ub974\ube44\ud50c\ub85c\ub77c\uc758 \ubfcc\ub9ac\uc904\uae30\uc5d0\uc11c \ucd94\ucd9c\ub429\ub2c8\ub2e4.\" \/>\n<meta property=\"og:url\" content=\"https:\/\/naturalpoland.com\/ko\/je-pum\/sig-mul-chu-chul-mul\/geomeun-saenggang-chuchulmul\/\" \/>\n<meta property=\"og:site_name\" content=\"NATURAL POLAND - Hurtowy Dystrybutor Surowc\u00f3w\" \/>\n<meta property=\"article:publisher\" content=\"https:\/\/www.facebook.com\/naturalpoland.b2b\" \/>\n<meta property=\"article:modified_time\" content=\"2025-08-21T12:41:37+00:00\" \/>\n<meta property=\"og:image\" content=\"https:\/\/naturalpoland.com\/wp-content\/uploads\/ekstrakt-z-czarnego-imbiru.webp\" \/>\n\t<meta property=\"og:image:width\" content=\"1024\" \/>\n\t<meta property=\"og:image:height\" content=\"1024\" \/>\n\t<meta property=\"og:image:type\" content=\"image\/webp\" \/>\n<script type=\"application\/ld+json\" class=\"yoast-schema-graph\">{\"@context\":\"https:\\\/\\\/schema.org\",\"@graph\":[{\"@type\":\"WebPage\",\"@id\":\"https:\\\/\\\/naturalpoland.com\\\/ko\\\/je-pum\\\/sig-mul-chu-chul-mul\\\/geomeun-saenggang-chuchulmul\\\/\",\"url\":\"https:\\\/\\\/naturalpoland.com\\\/ko\\\/je-pum\\\/sig-mul-chu-chul-mul\\\/geomeun-saenggang-chuchulmul\\\/\",\"name\":\"\uac80\uc740 \uc0dd\uac15 \ucd94\ucd9c\ubb3c - Hurtowy Dystrybutor\",\"isPartOf\":{\"@id\":\"https:\\\/\\\/naturalpoland.com\\\/ko\\\/#website\"},\"primaryImageOfPage\":{\"@id\":\"https:\\\/\\\/naturalpoland.com\\\/ko\\\/je-pum\\\/sig-mul-chu-chul-mul\\\/geomeun-saenggang-chuchulmul\\\/#primaryimage\"},\"image\":{\"@id\":\"https:\\\/\\\/naturalpoland.com\\\/ko\\\/je-pum\\\/sig-mul-chu-chul-mul\\\/geomeun-saenggang-chuchulmul\\\/#primaryimage\"},\"thumbnailUrl\":\"https:\\\/\\\/naturalpoland.com\\\/wp-content\\\/uploads\\\/ekstrakt-z-czarnego-imbiru.webp\",\"datePublished\":\"2025-05-29T13:04:47+00:00\",\"dateModified\":\"2025-08-21T12:41:37+00:00\",\"description\":\"\uac80\uc740 \uc0dd\uac15 \ucd94\ucd9c\ubb3c\uc740 \uac80\uc740 \uac08\ub791\uac00\ub85c\ub3c4 \uc54c\ub824\uc9c4 \uc0dd\uac15\uacfc \uc2dd\ubb3c\uc778 \ucf10\ud398\ub9ac\uc544 \ud30c\ub974\ube44\ud50c\ub85c\ub77c\uc758 \ubfcc\ub9ac\uc904\uae30\uc5d0\uc11c \ucd94\ucd9c\ub429\ub2c8\ub2e4.\",\"breadcrumb\":{\"@id\":\"https:\\\/\\\/naturalpoland.com\\\/ko\\\/je-pum\\\/sig-mul-chu-chul-mul\\\/geomeun-saenggang-chuchulmul\\\/#breadcrumb\"},\"inLanguage\":\"ko-KR\",\"potentialAction\":[{\"@type\":\"ReadAction\",\"target\":[\"https:\\\/\\\/naturalpoland.com\\\/ko\\\/je-pum\\\/sig-mul-chu-chul-mul\\\/geomeun-saenggang-chuchulmul\\\/\"]}]},{\"@type\":\"ImageObject\",\"inLanguage\":\"ko-KR\",\"@id\":\"https:\\\/\\\/naturalpoland.com\\\/ko\\\/je-pum\\\/sig-mul-chu-chul-mul\\\/geomeun-saenggang-chuchulmul\\\/#primaryimage\",\"url\":\"https:\\\/\\\/naturalpoland.com\\\/wp-content\\\/uploads\\\/ekstrakt-z-czarnego-imbiru.webp\",\"contentUrl\":\"https:\\\/\\\/naturalpoland.com\\\/wp-content\\\/uploads\\\/ekstrakt-z-czarnego-imbiru.webp\",\"width\":1024,\"height\":1024,\"caption\":\"Ekstrakt z czarnego imbiru Kaempferia parviflora\"},{\"@type\":\"BreadcrumbList\",\"@id\":\"https:\\\/\\\/naturalpoland.com\\\/ko\\\/je-pum\\\/sig-mul-chu-chul-mul\\\/geomeun-saenggang-chuchulmul\\\/#breadcrumb\",\"itemListElement\":[{\"@type\":\"ListItem\",\"position\":1,\"name\":\"\ud648\",\"item\":\"https:\\\/\\\/naturalpoland.com\\\/ko\\\/\"},{\"@type\":\"ListItem\",\"position\":2,\"name\":\"\uc81c\ud488\",\"item\":\"https:\\\/\\\/naturalpoland.com\\\/ko\\\/%ec%a0%9c%ed%92%88\\\/\"},{\"@type\":\"ListItem\",\"position\":3,\"name\":\"\uac80\uc740 \uc0dd\uac15 \ucd94\ucd9c\ubb3c\"}]},{\"@type\":\"WebSite\",\"@id\":\"https:\\\/\\\/naturalpoland.com\\\/ko\\\/#website\",\"url\":\"https:\\\/\\\/naturalpoland.com\\\/ko\\\/\",\"name\":\"NATURAL POLAND - Hurtowy Dystrybutor Surowc\u00f3w\",\"description\":\"Surowce dla przemys\u0142u spo\u017cywczego, kosmetycznego i farmaceutycznego\",\"publisher\":{\"@id\":\"https:\\\/\\\/naturalpoland.com\\\/ko\\\/#organization\"},\"potentialAction\":[{\"@type\":\"SearchAction\",\"target\":{\"@type\":\"EntryPoint\",\"urlTemplate\":\"https:\\\/\\\/naturalpoland.com\\\/ko\\\/?s={search_term_string}\"},\"query-input\":{\"@type\":\"PropertyValueSpecification\",\"valueRequired\":true,\"valueName\":\"search_term_string\"}}],\"inLanguage\":\"ko-KR\"},{\"@type\":\"Organization\",\"@id\":\"https:\\\/\\\/naturalpoland.com\\\/ko\\\/#organization\",\"name\":\"Natural Poland\",\"url\":\"https:\\\/\\\/naturalpoland.com\\\/ko\\\/\",\"logo\":{\"@type\":\"ImageObject\",\"inLanguage\":\"ko-KR\",\"@id\":\"https:\\\/\\\/naturalpoland.com\\\/ko\\\/#\\\/schema\\\/logo\\\/image\\\/\",\"url\":\"https:\\\/\\\/naturalpoland.com\\\/wp-content\\\/uploads\\\/2021\\\/05\\\/natural-poland-icon.png\",\"contentUrl\":\"https:\\\/\\\/naturalpoland.com\\\/wp-content\\\/uploads\\\/2021\\\/05\\\/natural-poland-icon.png\",\"width\":512,\"height\":512,\"caption\":\"Natural Poland\"},\"image\":{\"@id\":\"https:\\\/\\\/naturalpoland.com\\\/ko\\\/#\\\/schema\\\/logo\\\/image\\\/\"},\"sameAs\":[\"https:\\\/\\\/www.facebook.com\\\/naturalpoland.b2b\",\"https:\\\/\\\/pl.linkedin.com\\\/company\\\/natural-poland\",\"https:\\\/\\\/www.youtube.com\\\/channel\\\/UCgeGGkvOMahZo-xu_MSEWxg\"]}]}<\/script>\n<!-- \/ Yoast SEO plugin. -->","yoast_head_json":{"title":"\uac80\uc740 \uc0dd\uac15 \ucd94\ucd9c\ubb3c - Hurtowy Dystrybutor","description":"\uac80\uc740 \uc0dd\uac15 \ucd94\ucd9c\ubb3c\uc740 \uac80\uc740 \uac08\ub791\uac00\ub85c\ub3c4 \uc54c\ub824\uc9c4 \uc0dd\uac15\uacfc \uc2dd\ubb3c\uc778 \ucf10\ud398\ub9ac\uc544 \ud30c\ub974\ube44\ud50c\ub85c\ub77c\uc758 \ubfcc\ub9ac\uc904\uae30\uc5d0\uc11c \ucd94\ucd9c\ub429\ub2c8\ub2e4.","robots":{"index":"index","follow":"follow","max-snippet":"max-snippet:-1","max-image-preview":"max-image-preview:large","max-video-preview":"max-video-preview:-1"},"canonical":"https:\/\/naturalpoland.com\/ko\/je-pum\/sig-mul-chu-chul-mul\/geomeun-saenggang-chuchulmul\/","og_locale":"ko_KR","og_type":"article","og_title":"\uac80\uc740 \uc0dd\uac15 \ucd94\ucd9c\ubb3c - Hurtowy Dystrybutor","og_description":"\uac80\uc740 \uc0dd\uac15 \ucd94\ucd9c\ubb3c\uc740 \uac80\uc740 \uac08\ub791\uac00\ub85c\ub3c4 \uc54c\ub824\uc9c4 \uc0dd\uac15\uacfc \uc2dd\ubb3c\uc778 \ucf10\ud398\ub9ac\uc544 \ud30c\ub974\ube44\ud50c\ub85c\ub77c\uc758 \ubfcc\ub9ac\uc904\uae30\uc5d0\uc11c \ucd94\ucd9c\ub429\ub2c8\ub2e4.","og_url":"https:\/\/naturalpoland.com\/ko\/je-pum\/sig-mul-chu-chul-mul\/geomeun-saenggang-chuchulmul\/","og_site_name":"NATURAL POLAND - Hurtowy Dystrybutor Surowc\u00f3w","article_publisher":"https:\/\/www.facebook.com\/naturalpoland.b2b","article_modified_time":"2025-08-21T12:41:37+00:00","og_image":[{"width":1024,"height":1024,"url":"https:\/\/naturalpoland.com\/wp-content\/uploads\/ekstrakt-z-czarnego-imbiru.webp","type":"image\/webp"}],"schema":{"@context":"https:\/\/schema.org","@graph":[{"@type":"WebPage","@id":"https:\/\/naturalpoland.com\/ko\/je-pum\/sig-mul-chu-chul-mul\/geomeun-saenggang-chuchulmul\/","url":"https:\/\/naturalpoland.com\/ko\/je-pum\/sig-mul-chu-chul-mul\/geomeun-saenggang-chuchulmul\/","name":"\uac80\uc740 \uc0dd\uac15 \ucd94\ucd9c\ubb3c - Hurtowy Dystrybutor","isPartOf":{"@id":"https:\/\/naturalpoland.com\/ko\/#website"},"primaryImageOfPage":{"@id":"https:\/\/naturalpoland.com\/ko\/je-pum\/sig-mul-chu-chul-mul\/geomeun-saenggang-chuchulmul\/#primaryimage"},"image":{"@id":"https:\/\/naturalpoland.com\/ko\/je-pum\/sig-mul-chu-chul-mul\/geomeun-saenggang-chuchulmul\/#primaryimage"},"thumbnailUrl":"https:\/\/naturalpoland.com\/wp-content\/uploads\/ekstrakt-z-czarnego-imbiru.webp","datePublished":"2025-05-29T13:04:47+00:00","dateModified":"2025-08-21T12:41:37+00:00","description":"\uac80\uc740 \uc0dd\uac15 \ucd94\ucd9c\ubb3c\uc740 \uac80\uc740 \uac08\ub791\uac00\ub85c\ub3c4 \uc54c\ub824\uc9c4 \uc0dd\uac15\uacfc \uc2dd\ubb3c\uc778 \ucf10\ud398\ub9ac\uc544 \ud30c\ub974\ube44\ud50c\ub85c\ub77c\uc758 \ubfcc\ub9ac\uc904\uae30\uc5d0\uc11c \ucd94\ucd9c\ub429\ub2c8\ub2e4.","breadcrumb":{"@id":"https:\/\/naturalpoland.com\/ko\/je-pum\/sig-mul-chu-chul-mul\/geomeun-saenggang-chuchulmul\/#breadcrumb"},"inLanguage":"ko-KR","potentialAction":[{"@type":"ReadAction","target":["https:\/\/naturalpoland.com\/ko\/je-pum\/sig-mul-chu-chul-mul\/geomeun-saenggang-chuchulmul\/"]}]},{"@type":"ImageObject","inLanguage":"ko-KR","@id":"https:\/\/naturalpoland.com\/ko\/je-pum\/sig-mul-chu-chul-mul\/geomeun-saenggang-chuchulmul\/#primaryimage","url":"https:\/\/naturalpoland.com\/wp-content\/uploads\/ekstrakt-z-czarnego-imbiru.webp","contentUrl":"https:\/\/naturalpoland.com\/wp-content\/uploads\/ekstrakt-z-czarnego-imbiru.webp","width":1024,"height":1024,"caption":"Ekstrakt z czarnego imbiru Kaempferia parviflora"},{"@type":"BreadcrumbList","@id":"https:\/\/naturalpoland.com\/ko\/je-pum\/sig-mul-chu-chul-mul\/geomeun-saenggang-chuchulmul\/#breadcrumb","itemListElement":[{"@type":"ListItem","position":1,"name":"\ud648","item":"https:\/\/naturalpoland.com\/ko\/"},{"@type":"ListItem","position":2,"name":"\uc81c\ud488","item":"https:\/\/naturalpoland.com\/ko\/%ec%a0%9c%ed%92%88\/"},{"@type":"ListItem","position":3,"name":"\uac80\uc740 \uc0dd\uac15 \ucd94\ucd9c\ubb3c"}]},{"@type":"WebSite","@id":"https:\/\/naturalpoland.com\/ko\/#website","url":"https:\/\/naturalpoland.com\/ko\/","name":"NATURAL POLAND - Hurtowy Dystrybutor Surowc\u00f3w","description":"Surowce dla przemys\u0142u spo\u017cywczego, kosmetycznego i farmaceutycznego","publisher":{"@id":"https:\/\/naturalpoland.com\/ko\/#organization"},"potentialAction":[{"@type":"SearchAction","target":{"@type":"EntryPoint","urlTemplate":"https:\/\/naturalpoland.com\/ko\/?s={search_term_string}"},"query-input":{"@type":"PropertyValueSpecification","valueRequired":true,"valueName":"search_term_string"}}],"inLanguage":"ko-KR"},{"@type":"Organization","@id":"https:\/\/naturalpoland.com\/ko\/#organization","name":"Natural Poland","url":"https:\/\/naturalpoland.com\/ko\/","logo":{"@type":"ImageObject","inLanguage":"ko-KR","@id":"https:\/\/naturalpoland.com\/ko\/#\/schema\/logo\/image\/","url":"https:\/\/naturalpoland.com\/wp-content\/uploads\/2021\/05\/natural-poland-icon.png","contentUrl":"https:\/\/naturalpoland.com\/wp-content\/uploads\/2021\/05\/natural-poland-icon.png","width":512,"height":512,"caption":"Natural Poland"},"image":{"@id":"https:\/\/naturalpoland.com\/ko\/#\/schema\/logo\/image\/"},"sameAs":["https:\/\/www.facebook.com\/naturalpoland.b2b","https:\/\/pl.linkedin.com\/company\/natural-poland","https:\/\/www.youtube.com\/channel\/UCgeGGkvOMahZo-xu_MSEWxg"]}]}},"_links":{"self":[{"href":"https:\/\/naturalpoland.com\/ko\/wp-json\/wp\/v2\/product\/42825","targetHints":{"allow":["GET"]}}],"collection":[{"href":"https:\/\/naturalpoland.com\/ko\/wp-json\/wp\/v2\/product"}],"about":[{"href":"https:\/\/naturalpoland.com\/ko\/wp-json\/wp\/v2\/types\/product"}],"wp:featuredmedia":[{"embeddable":true,"href":"https:\/\/naturalpoland.com\/ko\/wp-json\/wp\/v2\/media\/42826"}],"wp:attachment":[{"href":"https:\/\/naturalpoland.com\/ko\/wp-json\/wp\/v2\/media?parent=42825"}],"wp:term":[{"taxonomy":"product_brand","embeddable":true,"href":"https:\/\/naturalpoland.com\/ko\/wp-json\/wp\/v2\/product_brand?post=42825"},{"taxonomy":"product_cat","embeddable":true,"href":"https:\/\/naturalpoland.com\/ko\/wp-json\/wp\/v2\/product_cat?post=42825"},{"taxonomy":"product_tag","embeddable":true,"href":"https:\/\/naturalpoland.com\/ko\/wp-json\/wp\/v2\/product_tag?post=42825"}],"curies":[{"name":"wp","href":"https:\/\/api.w.org\/{rel}","templated":true}]}}