{"id":42830,"date":"2021-05-11T13:54:35","date_gmt":"2021-05-11T11:54:35","guid":{"rendered":"https:\/\/naturalpoland.com\/produkty\/uncategorized\/%ec%b9%bc%ec%8a%98-%ed%94%bc%eb%a3%a8%eb%b8%8c%ec%82%b0%ec%97%bc\/"},"modified":"2025-08-21T14:59:52","modified_gmt":"2025-08-21T12:59:52","slug":"kalsyum-pirubusanyeom","status":"publish","type":"product","link":"https:\/\/naturalpoland.com\/ko\/je-pum\/ui-yak-pum-won-ryo\/geon-gang-gi-neung-sig-pum-cheom-ga-mul\/kalsyum-pirubusanyeom\/","title":{"rendered":"\uce7c\uc298 \ud53c\ub8e8\ube0c\uc0b0\uc5fc"},"content":{"rendered":"<p>\uce7c\uc298 \ud53c\ub8e8\ube0c\uc0b0\uc5fc\uc740 \uc2e0\uccb4 \ub2a5\ub825\uc5d0 \uc0c1\ub2f9\ud55c \uc601\ud5a5\uc744 \ubbf8\uce69\ub2c8\ub2e4. \uc774\ub294 \uc2e0\uccb4 \ub2a5\ub825\uc744 \ud5a5\uc0c1\uc2dc\ud0a4\uace0, \ud53c\ub85c\ub97c \uc904\uc774\uba70, \uc5f4 \ubc1c\uc0dd\uc744 \ucd09\uc9c4\ud569\ub2c8\ub2e4. \ub530\ub77c\uc11c \uccb4\uc911 \uac10\ub7c9 \ubc0f \uc9c0\ubc29 \uc5f0\uc18c\uc640 \uad00\ub828\ub41c \uacfc\uc815\uc744 \uac00\uc18d\ud654\ud558\ub294 \ub370 \uae30\uc5ec\ud569\ub2c8\ub2e4. \uc774 \ud654\ud569\ubb3c\uc758 \ub610 \ub2e4\ub978 \uae30\ub2a5\uc740 \ud608\uc911 \uc778\uc290\ub9b0 \uc218\uce58\ub97c \uc548\uc815\ud654\ud558\ub294 \uac83\uc73c\ub85c, \uc774\ub294 \ub610\ud55c \uccb4\uc911 \uac10\ub7c9\uc744 \uac00\uc18d\ud654\ud558\uace0 \uc804\ubc18\uc801\uc778 \uac74\uac15\uc744 \uac1c\uc120\ud558\ub294 \ub370 \uc601\ud5a5\uc744 \ubbf8\uce69\ub2c8\ub2e4. \uc774 \ud654\ud569\ubb3c\uc740 \ub9ce\uc740 \uac74\uac15 \ubcf4\uc870 \uc2dd\ud488\uc5d0\uc11c \ubc1c\uacac\ub429\ub2c8\ub2e4.<\/p>\n","protected":false},"excerpt":{"rendered":"<p>\uce7c\uc298 \ud53c\ub8e8\ube0c\uc0b0\uc5fc\uc740 \ud06c\ub819\uc2a4 \ud68c\ub85c\uc640 \uc138\ud3ec \ud638\ud761\uc5d0\uc11c \uc911\uc694\ud55c \uc5ed\ud560\uc744 \ud558\ub294 \ud654\ud569\ubb3c\uc785\ub2c8\ub2e4. \ub530\ub77c\uc11c \uc6b4\ub3d9\uc744 \ub9ce\uc774 \ud558\uace0 \ub9e4\uc6b0 \ud65c\ub3d9\uc801\uc778 \uc0dd\ud65c \ubc29\uc2dd\uc744 \uc601\uc704\ud558\ub294 \uc0ac\ub78c\ub4e4\uc5d0\uac8c \ud2b9\ud788 \ud544\uc694\ud569\ub2c8\ub2e4. \uce7c\uc298 \ud53c\ub8e8\ube0c\uc0b0\uc5fc\uc740 \uc5d0\ub108\uc9c0 \uc218\uc900\uc744 \ub192\uc774\ub294 \uc2e0\uc9c4\ub300\uc0ac \ud65c\uc131\uc81c\uc785\ub2c8\ub2e4.<\/p>\n","protected":false},"featured_media":42832,"template":"","meta":{"_acf_changed":false},"product_brand":[],"product_cat":[8143],"product_tag":[],"class_list":{"0":"post-42830","1":"product","2":"type-product","3":"status-publish","4":"has-post-thumbnail","6":"product_cat-geon-gang-gi-neung-sig-pum-cheom-ga-mul","8":"first","9":"instock","10":"shipping-taxable","11":"product-type-simple"},"acf":[],"yoast_head":"<!-- This site is optimized with the Yoast SEO plugin v27.4 - https:\/\/yoast.com\/product\/yoast-seo-wordpress\/ -->\n<title>\uce7c\uc298 \ud53c\ub8e8\ube0c\uc0b0\uc5fc - Hurtowy Dystrybutor<\/title>\n<meta name=\"robots\" content=\"index, follow, max-snippet:-1, max-image-preview:large, max-video-preview:-1\" \/>\n<link rel=\"canonical\" href=\"https:\/\/naturalpoland.com\/ko\/je-pum\/ui-yak-pum-won-ryo\/geon-gang-gi-neung-sig-pum-cheom-ga-mul\/kalsyum-pirubusanyeom\/\" \/>\n<meta property=\"og:locale\" content=\"ko_KR\" \/>\n<meta property=\"og:type\" content=\"article\" \/>\n<meta property=\"og:title\" content=\"\uce7c\uc298 \ud53c\ub8e8\ube0c\uc0b0\uc5fc - Hurtowy Dystrybutor\" \/>\n<meta property=\"og:description\" content=\"\uce7c\uc298 \ud53c\ub8e8\ube0c\uc0b0\uc5fc\uc740 \ud06c\ub819\uc2a4 \ud68c\ub85c\uc640 \uc138\ud3ec \ud638\ud761\uc5d0\uc11c \uc911\uc694\ud55c \uc5ed\ud560\uc744 \ud558\ub294 \ud654\ud569\ubb3c\uc785\ub2c8\ub2e4. \ub530\ub77c\uc11c \uc6b4\ub3d9\uc744 \ub9ce\uc774 \ud558\uace0 \ub9e4\uc6b0 \ud65c\ub3d9\uc801\uc778 \uc0dd\ud65c \ubc29\uc2dd\uc744 \uc601\uc704\ud558\ub294 \uc0ac\ub78c\ub4e4\uc5d0\uac8c \ud2b9\ud788 \ud544\uc694\ud569\ub2c8\ub2e4. \uce7c\uc298 \ud53c\ub8e8\ube0c\uc0b0\uc5fc\uc740 \uc5d0\ub108\uc9c0 \uc218\uc900\uc744 \ub192\uc774\ub294 \uc2e0\uc9c4\ub300\uc0ac \ud65c\uc131\uc81c\uc785\ub2c8\ub2e4.\" \/>\n<meta property=\"og:url\" content=\"https:\/\/naturalpoland.com\/ko\/je-pum\/ui-yak-pum-won-ryo\/geon-gang-gi-neung-sig-pum-cheom-ga-mul\/kalsyum-pirubusanyeom\/\" \/>\n<meta property=\"og:site_name\" content=\"NATURAL POLAND - Hurtowy Dystrybutor Surowc\u00f3w\" \/>\n<meta property=\"article:publisher\" content=\"https:\/\/www.facebook.com\/naturalpoland.b2b\" \/>\n<meta property=\"article:modified_time\" content=\"2025-08-21T12:59:52+00:00\" \/>\n<meta property=\"og:image\" content=\"https:\/\/naturalpoland.com\/wp-content\/uploads\/2021\/05\/calcium-pyruvate.jpg\" \/>\n\t<meta property=\"og:image:width\" content=\"300\" \/>\n\t<meta property=\"og:image:height\" content=\"300\" \/>\n\t<meta property=\"og:image:type\" content=\"image\/jpeg\" \/>\n<script type=\"application\/ld+json\" class=\"yoast-schema-graph\">{\"@context\":\"https:\\\/\\\/schema.org\",\"@graph\":[{\"@type\":\"WebPage\",\"@id\":\"https:\\\/\\\/naturalpoland.com\\\/ko\\\/je-pum\\\/ui-yak-pum-won-ryo\\\/geon-gang-gi-neung-sig-pum-cheom-ga-mul\\\/kalsyum-pirubusanyeom\\\/\",\"url\":\"https:\\\/\\\/naturalpoland.com\\\/ko\\\/je-pum\\\/ui-yak-pum-won-ryo\\\/geon-gang-gi-neung-sig-pum-cheom-ga-mul\\\/kalsyum-pirubusanyeom\\\/\",\"name\":\"\uce7c\uc298 \ud53c\ub8e8\ube0c\uc0b0\uc5fc - Hurtowy Dystrybutor\",\"isPartOf\":{\"@id\":\"https:\\\/\\\/naturalpoland.com\\\/ko\\\/#website\"},\"primaryImageOfPage\":{\"@id\":\"https:\\\/\\\/naturalpoland.com\\\/ko\\\/je-pum\\\/ui-yak-pum-won-ryo\\\/geon-gang-gi-neung-sig-pum-cheom-ga-mul\\\/kalsyum-pirubusanyeom\\\/#primaryimage\"},\"image\":{\"@id\":\"https:\\\/\\\/naturalpoland.com\\\/ko\\\/je-pum\\\/ui-yak-pum-won-ryo\\\/geon-gang-gi-neung-sig-pum-cheom-ga-mul\\\/kalsyum-pirubusanyeom\\\/#primaryimage\"},\"thumbnailUrl\":\"https:\\\/\\\/naturalpoland.com\\\/wp-content\\\/uploads\\\/2021\\\/05\\\/calcium-pyruvate.jpg\",\"datePublished\":\"2021-05-11T11:54:35+00:00\",\"dateModified\":\"2025-08-21T12:59:52+00:00\",\"breadcrumb\":{\"@id\":\"https:\\\/\\\/naturalpoland.com\\\/ko\\\/je-pum\\\/ui-yak-pum-won-ryo\\\/geon-gang-gi-neung-sig-pum-cheom-ga-mul\\\/kalsyum-pirubusanyeom\\\/#breadcrumb\"},\"inLanguage\":\"ko-KR\",\"potentialAction\":[{\"@type\":\"ReadAction\",\"target\":[\"https:\\\/\\\/naturalpoland.com\\\/ko\\\/je-pum\\\/ui-yak-pum-won-ryo\\\/geon-gang-gi-neung-sig-pum-cheom-ga-mul\\\/kalsyum-pirubusanyeom\\\/\"]}]},{\"@type\":\"ImageObject\",\"inLanguage\":\"ko-KR\",\"@id\":\"https:\\\/\\\/naturalpoland.com\\\/ko\\\/je-pum\\\/ui-yak-pum-won-ryo\\\/geon-gang-gi-neung-sig-pum-cheom-ga-mul\\\/kalsyum-pirubusanyeom\\\/#primaryimage\",\"url\":\"https:\\\/\\\/naturalpoland.com\\\/wp-content\\\/uploads\\\/2021\\\/05\\\/calcium-pyruvate.jpg\",\"contentUrl\":\"https:\\\/\\\/naturalpoland.com\\\/wp-content\\\/uploads\\\/2021\\\/05\\\/calcium-pyruvate.jpg\",\"width\":300,\"height\":300,\"caption\":\"Pirogronian wapnia\"},{\"@type\":\"BreadcrumbList\",\"@id\":\"https:\\\/\\\/naturalpoland.com\\\/ko\\\/je-pum\\\/ui-yak-pum-won-ryo\\\/geon-gang-gi-neung-sig-pum-cheom-ga-mul\\\/kalsyum-pirubusanyeom\\\/#breadcrumb\",\"itemListElement\":[{\"@type\":\"ListItem\",\"position\":1,\"name\":\"\ud648\",\"item\":\"https:\\\/\\\/naturalpoland.com\\\/ko\\\/\"},{\"@type\":\"ListItem\",\"position\":2,\"name\":\"\uc81c\ud488\",\"item\":\"https:\\\/\\\/naturalpoland.com\\\/ko\\\/%ec%a0%9c%ed%92%88\\\/\"},{\"@type\":\"ListItem\",\"position\":3,\"name\":\"\uce7c\uc298 \ud53c\ub8e8\ube0c\uc0b0\uc5fc\"}]},{\"@type\":\"WebSite\",\"@id\":\"https:\\\/\\\/naturalpoland.com\\\/ko\\\/#website\",\"url\":\"https:\\\/\\\/naturalpoland.com\\\/ko\\\/\",\"name\":\"NATURAL POLAND - Hurtowy Dystrybutor Surowc\u00f3w\",\"description\":\"Surowce dla przemys\u0142u spo\u017cywczego, kosmetycznego i farmaceutycznego\",\"publisher\":{\"@id\":\"https:\\\/\\\/naturalpoland.com\\\/ko\\\/#organization\"},\"potentialAction\":[{\"@type\":\"SearchAction\",\"target\":{\"@type\":\"EntryPoint\",\"urlTemplate\":\"https:\\\/\\\/naturalpoland.com\\\/ko\\\/?s={search_term_string}\"},\"query-input\":{\"@type\":\"PropertyValueSpecification\",\"valueRequired\":true,\"valueName\":\"search_term_string\"}}],\"inLanguage\":\"ko-KR\"},{\"@type\":\"Organization\",\"@id\":\"https:\\\/\\\/naturalpoland.com\\\/ko\\\/#organization\",\"name\":\"Natural Poland\",\"url\":\"https:\\\/\\\/naturalpoland.com\\\/ko\\\/\",\"logo\":{\"@type\":\"ImageObject\",\"inLanguage\":\"ko-KR\",\"@id\":\"https:\\\/\\\/naturalpoland.com\\\/ko\\\/#\\\/schema\\\/logo\\\/image\\\/\",\"url\":\"https:\\\/\\\/naturalpoland.com\\\/wp-content\\\/uploads\\\/2021\\\/05\\\/natural-poland-icon.png\",\"contentUrl\":\"https:\\\/\\\/naturalpoland.com\\\/wp-content\\\/uploads\\\/2021\\\/05\\\/natural-poland-icon.png\",\"width\":512,\"height\":512,\"caption\":\"Natural Poland\"},\"image\":{\"@id\":\"https:\\\/\\\/naturalpoland.com\\\/ko\\\/#\\\/schema\\\/logo\\\/image\\\/\"},\"sameAs\":[\"https:\\\/\\\/www.facebook.com\\\/naturalpoland.b2b\",\"https:\\\/\\\/pl.linkedin.com\\\/company\\\/natural-poland\",\"https:\\\/\\\/www.youtube.com\\\/channel\\\/UCgeGGkvOMahZo-xu_MSEWxg\"]}]}<\/script>\n<!-- \/ Yoast SEO plugin. -->","yoast_head_json":{"title":"\uce7c\uc298 \ud53c\ub8e8\ube0c\uc0b0\uc5fc - Hurtowy Dystrybutor","robots":{"index":"index","follow":"follow","max-snippet":"max-snippet:-1","max-image-preview":"max-image-preview:large","max-video-preview":"max-video-preview:-1"},"canonical":"https:\/\/naturalpoland.com\/ko\/je-pum\/ui-yak-pum-won-ryo\/geon-gang-gi-neung-sig-pum-cheom-ga-mul\/kalsyum-pirubusanyeom\/","og_locale":"ko_KR","og_type":"article","og_title":"\uce7c\uc298 \ud53c\ub8e8\ube0c\uc0b0\uc5fc - Hurtowy Dystrybutor","og_description":"\uce7c\uc298 \ud53c\ub8e8\ube0c\uc0b0\uc5fc\uc740 \ud06c\ub819\uc2a4 \ud68c\ub85c\uc640 \uc138\ud3ec \ud638\ud761\uc5d0\uc11c \uc911\uc694\ud55c \uc5ed\ud560\uc744 \ud558\ub294 \ud654\ud569\ubb3c\uc785\ub2c8\ub2e4. \ub530\ub77c\uc11c \uc6b4\ub3d9\uc744 \ub9ce\uc774 \ud558\uace0 \ub9e4\uc6b0 \ud65c\ub3d9\uc801\uc778 \uc0dd\ud65c \ubc29\uc2dd\uc744 \uc601\uc704\ud558\ub294 \uc0ac\ub78c\ub4e4\uc5d0\uac8c \ud2b9\ud788 \ud544\uc694\ud569\ub2c8\ub2e4. \uce7c\uc298 \ud53c\ub8e8\ube0c\uc0b0\uc5fc\uc740 \uc5d0\ub108\uc9c0 \uc218\uc900\uc744 \ub192\uc774\ub294 \uc2e0\uc9c4\ub300\uc0ac \ud65c\uc131\uc81c\uc785\ub2c8\ub2e4.","og_url":"https:\/\/naturalpoland.com\/ko\/je-pum\/ui-yak-pum-won-ryo\/geon-gang-gi-neung-sig-pum-cheom-ga-mul\/kalsyum-pirubusanyeom\/","og_site_name":"NATURAL POLAND - Hurtowy Dystrybutor Surowc\u00f3w","article_publisher":"https:\/\/www.facebook.com\/naturalpoland.b2b","article_modified_time":"2025-08-21T12:59:52+00:00","og_image":[{"width":300,"height":300,"url":"https:\/\/naturalpoland.com\/wp-content\/uploads\/2021\/05\/calcium-pyruvate.jpg","type":"image\/jpeg"}],"schema":{"@context":"https:\/\/schema.org","@graph":[{"@type":"WebPage","@id":"https:\/\/naturalpoland.com\/ko\/je-pum\/ui-yak-pum-won-ryo\/geon-gang-gi-neung-sig-pum-cheom-ga-mul\/kalsyum-pirubusanyeom\/","url":"https:\/\/naturalpoland.com\/ko\/je-pum\/ui-yak-pum-won-ryo\/geon-gang-gi-neung-sig-pum-cheom-ga-mul\/kalsyum-pirubusanyeom\/","name":"\uce7c\uc298 \ud53c\ub8e8\ube0c\uc0b0\uc5fc - Hurtowy Dystrybutor","isPartOf":{"@id":"https:\/\/naturalpoland.com\/ko\/#website"},"primaryImageOfPage":{"@id":"https:\/\/naturalpoland.com\/ko\/je-pum\/ui-yak-pum-won-ryo\/geon-gang-gi-neung-sig-pum-cheom-ga-mul\/kalsyum-pirubusanyeom\/#primaryimage"},"image":{"@id":"https:\/\/naturalpoland.com\/ko\/je-pum\/ui-yak-pum-won-ryo\/geon-gang-gi-neung-sig-pum-cheom-ga-mul\/kalsyum-pirubusanyeom\/#primaryimage"},"thumbnailUrl":"https:\/\/naturalpoland.com\/wp-content\/uploads\/2021\/05\/calcium-pyruvate.jpg","datePublished":"2021-05-11T11:54:35+00:00","dateModified":"2025-08-21T12:59:52+00:00","breadcrumb":{"@id":"https:\/\/naturalpoland.com\/ko\/je-pum\/ui-yak-pum-won-ryo\/geon-gang-gi-neung-sig-pum-cheom-ga-mul\/kalsyum-pirubusanyeom\/#breadcrumb"},"inLanguage":"ko-KR","potentialAction":[{"@type":"ReadAction","target":["https:\/\/naturalpoland.com\/ko\/je-pum\/ui-yak-pum-won-ryo\/geon-gang-gi-neung-sig-pum-cheom-ga-mul\/kalsyum-pirubusanyeom\/"]}]},{"@type":"ImageObject","inLanguage":"ko-KR","@id":"https:\/\/naturalpoland.com\/ko\/je-pum\/ui-yak-pum-won-ryo\/geon-gang-gi-neung-sig-pum-cheom-ga-mul\/kalsyum-pirubusanyeom\/#primaryimage","url":"https:\/\/naturalpoland.com\/wp-content\/uploads\/2021\/05\/calcium-pyruvate.jpg","contentUrl":"https:\/\/naturalpoland.com\/wp-content\/uploads\/2021\/05\/calcium-pyruvate.jpg","width":300,"height":300,"caption":"Pirogronian wapnia"},{"@type":"BreadcrumbList","@id":"https:\/\/naturalpoland.com\/ko\/je-pum\/ui-yak-pum-won-ryo\/geon-gang-gi-neung-sig-pum-cheom-ga-mul\/kalsyum-pirubusanyeom\/#breadcrumb","itemListElement":[{"@type":"ListItem","position":1,"name":"\ud648","item":"https:\/\/naturalpoland.com\/ko\/"},{"@type":"ListItem","position":2,"name":"\uc81c\ud488","item":"https:\/\/naturalpoland.com\/ko\/%ec%a0%9c%ed%92%88\/"},{"@type":"ListItem","position":3,"name":"\uce7c\uc298 \ud53c\ub8e8\ube0c\uc0b0\uc5fc"}]},{"@type":"WebSite","@id":"https:\/\/naturalpoland.com\/ko\/#website","url":"https:\/\/naturalpoland.com\/ko\/","name":"NATURAL POLAND - Hurtowy Dystrybutor Surowc\u00f3w","description":"Surowce dla przemys\u0142u spo\u017cywczego, kosmetycznego i farmaceutycznego","publisher":{"@id":"https:\/\/naturalpoland.com\/ko\/#organization"},"potentialAction":[{"@type":"SearchAction","target":{"@type":"EntryPoint","urlTemplate":"https:\/\/naturalpoland.com\/ko\/?s={search_term_string}"},"query-input":{"@type":"PropertyValueSpecification","valueRequired":true,"valueName":"search_term_string"}}],"inLanguage":"ko-KR"},{"@type":"Organization","@id":"https:\/\/naturalpoland.com\/ko\/#organization","name":"Natural Poland","url":"https:\/\/naturalpoland.com\/ko\/","logo":{"@type":"ImageObject","inLanguage":"ko-KR","@id":"https:\/\/naturalpoland.com\/ko\/#\/schema\/logo\/image\/","url":"https:\/\/naturalpoland.com\/wp-content\/uploads\/2021\/05\/natural-poland-icon.png","contentUrl":"https:\/\/naturalpoland.com\/wp-content\/uploads\/2021\/05\/natural-poland-icon.png","width":512,"height":512,"caption":"Natural Poland"},"image":{"@id":"https:\/\/naturalpoland.com\/ko\/#\/schema\/logo\/image\/"},"sameAs":["https:\/\/www.facebook.com\/naturalpoland.b2b","https:\/\/pl.linkedin.com\/company\/natural-poland","https:\/\/www.youtube.com\/channel\/UCgeGGkvOMahZo-xu_MSEWxg"]}]}},"_links":{"self":[{"href":"https:\/\/naturalpoland.com\/ko\/wp-json\/wp\/v2\/product\/42830","targetHints":{"allow":["GET"]}}],"collection":[{"href":"https:\/\/naturalpoland.com\/ko\/wp-json\/wp\/v2\/product"}],"about":[{"href":"https:\/\/naturalpoland.com\/ko\/wp-json\/wp\/v2\/types\/product"}],"wp:featuredmedia":[{"embeddable":true,"href":"https:\/\/naturalpoland.com\/ko\/wp-json\/wp\/v2\/media\/42832"}],"wp:attachment":[{"href":"https:\/\/naturalpoland.com\/ko\/wp-json\/wp\/v2\/media?parent=42830"}],"wp:term":[{"taxonomy":"product_brand","embeddable":true,"href":"https:\/\/naturalpoland.com\/ko\/wp-json\/wp\/v2\/product_brand?post=42830"},{"taxonomy":"product_cat","embeddable":true,"href":"https:\/\/naturalpoland.com\/ko\/wp-json\/wp\/v2\/product_cat?post=42830"},{"taxonomy":"product_tag","embeddable":true,"href":"https:\/\/naturalpoland.com\/ko\/wp-json\/wp\/v2\/product_tag?post=42830"}],"curies":[{"name":"wp","href":"https:\/\/api.w.org\/{rel}","templated":true}]}}