{"id":42831,"date":"2021-05-11T13:48:09","date_gmt":"2021-05-11T11:48:09","guid":{"rendered":"https:\/\/naturalpoland.com\/produkty\/uncategorized\/msm-%eb%a9%94%ed%8b%b8%ec%84%a4%ed%8f%ac%eb%8b%90%eb%a9%94%ed%83%84\/"},"modified":"2025-08-21T15:01:09","modified_gmt":"2025-08-21T13:01:09","slug":"msm-metilseolponilmetan","status":"publish","type":"product","link":"https:\/\/naturalpoland.com\/ko\/je-pum\/ui-yak-pum-won-ryo\/geon-gang-gi-neung-sig-pum-cheom-ga-mul\/msm-metilseolponilmetan\/","title":{"rendered":"MSM (\uba54\ud2f8\uc124\ud3ec\ub2d0\uba54\ud0c4)"},"content":{"rendered":"<p>MSM (\uba54\ud2f8\uc124\ud3ec\ub2d0\uba54\ud0c4)\uc740 \ub2e4\uc591\ud55c \uc2dd\ud488\uc5d0 \uc790\uc5f0\uc801\uc73c\ub85c \uc874\uc7ac\ud558\uba70, \uc2dd\uc774 \ubcf4\ucda9\uc81c \ucca8\uac00\uc81c\ub85c\ub3c4 \ud6a8\uacfc\uc801\uc785\ub2c8\ub2e4.<\/p>\n<p>MSM\uc740 \ub2e4\uc591\ud55c \uc6a9\ub3c4\ub85c \uc54c\ub824\uc838 \uc788\uc2b5\ub2c8\ub2e4. \ud56d\uc5fc\uc99d, \uc9c4\ud1b5 \ubc0f \uba74\uc5ed\ub825 \uc99d\uc9c4\uc81c\ub85c \uc0ac\uc6a9\ub429\ub2c8\ub2e4. \ub610\ud55c \ud56d\uc0b0\ud654 \ud2b9\uc131\ub3c4 \uac00\uc9c0\uace0 \uc788\uc2b5\ub2c8\ub2e4. \uba54\ud2f8\uc124\ud3ec\ub2d0\uba54\ud0c4\uc740 \ub9cc\uc131 \ube44\uc5fc\uc5d0 \uc0ac\uc6a9\ub418\ub294 \uce58\ub8cc\uc81c\uc758 \uc131\ubd84\uc774\uae30\ub3c4 \ud569\ub2c8\ub2e4.<\/p>\n","protected":false},"excerpt":{"rendered":"<p><strong>MSM (\uba54\ud2f8\uc124\ud3ec\ub2d0\uba54\ud0c4)<\/strong>\uc740 \ucd5c\uadfc \uac74\uac15\ud55c \uc0dd\ud65c \ubc29\uc2dd\uc744 \ucd94\uad6c\ud558\ub294 \uc0ac\ub78c\ub4e4\uacfc \uc804\ubb38 \uc6b4\ub3d9\uc120\uc218\ub4e4 \uc0ac\uc774\uc5d0\uc11c \ub9e4\uc6b0 \ud070 \uad00\uc2ec\uc744 \ubc1b\uace0 \uc788\uc2b5\ub2c8\ub2e4. <strong>MSM\uc740 \uc790\uc5f0\uc5d0 \uc874\uc7ac\ud558\ub294 \ucc9c\uc5f0 \uc720\ud669 \ud654\ud569\ubb3c\uc785\ub2c8\ub2e4<\/strong>. \uadf8 \ud2b9\uc131 \ub355\ubd84\uc5d0 \ub9ce\uc740 \uc9c8\ubcd1 \uce58\ub8cc\uc640 \uc804\ubc18\uc801\uc778 \uc0b6\uc758 \uc9c8 \ud5a5\uc0c1\uc5d0 \uae0d\uc815\uc801\uc778 \uc601\ud5a5\uc744 \ubbf8\uce69\ub2c8\ub2e4.<\/p>\n","protected":false},"featured_media":42833,"template":"","meta":{"_acf_changed":false},"product_brand":[],"product_cat":[8143],"product_tag":[],"class_list":{"0":"post-42831","1":"product","2":"type-product","3":"status-publish","4":"has-post-thumbnail","6":"product_cat-geon-gang-gi-neung-sig-pum-cheom-ga-mul","8":"first","9":"instock","10":"shipping-taxable","11":"product-type-simple"},"acf":[],"yoast_head":"<!-- This site is optimized with the Yoast SEO plugin v27.4 - https:\/\/yoast.com\/product\/yoast-seo-wordpress\/ -->\n<title>MSM (\uba54\ud2f8\uc124\ud3ec\ub2d0\uba54\ud0c4) - Hurtowy Dystrybutor<\/title>\n<meta name=\"robots\" content=\"index, follow, max-snippet:-1, max-image-preview:large, max-video-preview:-1\" \/>\n<link rel=\"canonical\" href=\"https:\/\/naturalpoland.com\/ko\/je-pum\/ui-yak-pum-won-ryo\/geon-gang-gi-neung-sig-pum-cheom-ga-mul\/msm-metilseolponilmetan\/\" \/>\n<meta property=\"og:locale\" content=\"ko_KR\" \/>\n<meta property=\"og:type\" content=\"article\" \/>\n<meta property=\"og:title\" content=\"MSM (\uba54\ud2f8\uc124\ud3ec\ub2d0\uba54\ud0c4) - Hurtowy Dystrybutor\" \/>\n<meta property=\"og:description\" content=\"MSM (\uba54\ud2f8\uc124\ud3ec\ub2d0\uba54\ud0c4)\uc740 \ucd5c\uadfc \uac74\uac15\ud55c \uc0dd\ud65c \ubc29\uc2dd\uc744 \ucd94\uad6c\ud558\ub294 \uc0ac\ub78c\ub4e4\uacfc \uc804\ubb38 \uc6b4\ub3d9\uc120\uc218\ub4e4 \uc0ac\uc774\uc5d0\uc11c \ub9e4\uc6b0 \ud070 \uad00\uc2ec\uc744 \ubc1b\uace0 \uc788\uc2b5\ub2c8\ub2e4. MSM\uc740 \uc790\uc5f0\uc5d0 \uc874\uc7ac\ud558\ub294 \ucc9c\uc5f0 \uc720\ud669 \ud654\ud569\ubb3c\uc785\ub2c8\ub2e4. \uadf8 \ud2b9\uc131 \ub355\ubd84\uc5d0 \ub9ce\uc740 \uc9c8\ubcd1 \uce58\ub8cc\uc640 \uc804\ubc18\uc801\uc778 \uc0b6\uc758 \uc9c8 \ud5a5\uc0c1\uc5d0 \uae0d\uc815\uc801\uc778 \uc601\ud5a5\uc744 \ubbf8\uce69\ub2c8\ub2e4.\" \/>\n<meta property=\"og:url\" content=\"https:\/\/naturalpoland.com\/ko\/je-pum\/ui-yak-pum-won-ryo\/geon-gang-gi-neung-sig-pum-cheom-ga-mul\/msm-metilseolponilmetan\/\" \/>\n<meta property=\"og:site_name\" content=\"NATURAL POLAND - Hurtowy Dystrybutor Surowc\u00f3w\" \/>\n<meta property=\"article:publisher\" content=\"https:\/\/www.facebook.com\/naturalpoland.b2b\" \/>\n<meta property=\"article:modified_time\" content=\"2025-08-21T13:01:09+00:00\" \/>\n<meta property=\"og:image\" content=\"https:\/\/naturalpoland.com\/wp-content\/uploads\/2021\/05\/msm-methylsulfonyl-methane.jpg\" \/>\n\t<meta property=\"og:image:width\" content=\"274\" \/>\n\t<meta property=\"og:image:height\" content=\"184\" \/>\n\t<meta property=\"og:image:type\" content=\"image\/jpeg\" \/>\n<script type=\"application\/ld+json\" class=\"yoast-schema-graph\">{\"@context\":\"https:\\\/\\\/schema.org\",\"@graph\":[{\"@type\":\"WebPage\",\"@id\":\"https:\\\/\\\/naturalpoland.com\\\/ko\\\/je-pum\\\/ui-yak-pum-won-ryo\\\/geon-gang-gi-neung-sig-pum-cheom-ga-mul\\\/msm-metilseolponilmetan\\\/\",\"url\":\"https:\\\/\\\/naturalpoland.com\\\/ko\\\/je-pum\\\/ui-yak-pum-won-ryo\\\/geon-gang-gi-neung-sig-pum-cheom-ga-mul\\\/msm-metilseolponilmetan\\\/\",\"name\":\"MSM (\uba54\ud2f8\uc124\ud3ec\ub2d0\uba54\ud0c4) - Hurtowy Dystrybutor\",\"isPartOf\":{\"@id\":\"https:\\\/\\\/naturalpoland.com\\\/ko\\\/#website\"},\"primaryImageOfPage\":{\"@id\":\"https:\\\/\\\/naturalpoland.com\\\/ko\\\/je-pum\\\/ui-yak-pum-won-ryo\\\/geon-gang-gi-neung-sig-pum-cheom-ga-mul\\\/msm-metilseolponilmetan\\\/#primaryimage\"},\"image\":{\"@id\":\"https:\\\/\\\/naturalpoland.com\\\/ko\\\/je-pum\\\/ui-yak-pum-won-ryo\\\/geon-gang-gi-neung-sig-pum-cheom-ga-mul\\\/msm-metilseolponilmetan\\\/#primaryimage\"},\"thumbnailUrl\":\"https:\\\/\\\/naturalpoland.com\\\/wp-content\\\/uploads\\\/2021\\\/05\\\/msm-methylsulfonyl-methane.jpg\",\"datePublished\":\"2021-05-11T11:48:09+00:00\",\"dateModified\":\"2025-08-21T13:01:09+00:00\",\"breadcrumb\":{\"@id\":\"https:\\\/\\\/naturalpoland.com\\\/ko\\\/je-pum\\\/ui-yak-pum-won-ryo\\\/geon-gang-gi-neung-sig-pum-cheom-ga-mul\\\/msm-metilseolponilmetan\\\/#breadcrumb\"},\"inLanguage\":\"ko-KR\",\"potentialAction\":[{\"@type\":\"ReadAction\",\"target\":[\"https:\\\/\\\/naturalpoland.com\\\/ko\\\/je-pum\\\/ui-yak-pum-won-ryo\\\/geon-gang-gi-neung-sig-pum-cheom-ga-mul\\\/msm-metilseolponilmetan\\\/\"]}]},{\"@type\":\"ImageObject\",\"inLanguage\":\"ko-KR\",\"@id\":\"https:\\\/\\\/naturalpoland.com\\\/ko\\\/je-pum\\\/ui-yak-pum-won-ryo\\\/geon-gang-gi-neung-sig-pum-cheom-ga-mul\\\/msm-metilseolponilmetan\\\/#primaryimage\",\"url\":\"https:\\\/\\\/naturalpoland.com\\\/wp-content\\\/uploads\\\/2021\\\/05\\\/msm-methylsulfonyl-methane.jpg\",\"contentUrl\":\"https:\\\/\\\/naturalpoland.com\\\/wp-content\\\/uploads\\\/2021\\\/05\\\/msm-methylsulfonyl-methane.jpg\",\"width\":274,\"height\":184,\"caption\":\"MSM (metylosulfonylometan)\"},{\"@type\":\"BreadcrumbList\",\"@id\":\"https:\\\/\\\/naturalpoland.com\\\/ko\\\/je-pum\\\/ui-yak-pum-won-ryo\\\/geon-gang-gi-neung-sig-pum-cheom-ga-mul\\\/msm-metilseolponilmetan\\\/#breadcrumb\",\"itemListElement\":[{\"@type\":\"ListItem\",\"position\":1,\"name\":\"\ud648\",\"item\":\"https:\\\/\\\/naturalpoland.com\\\/ko\\\/\"},{\"@type\":\"ListItem\",\"position\":2,\"name\":\"\uc81c\ud488\",\"item\":\"https:\\\/\\\/naturalpoland.com\\\/ko\\\/%ec%a0%9c%ed%92%88\\\/\"},{\"@type\":\"ListItem\",\"position\":3,\"name\":\"MSM (\uba54\ud2f8\uc124\ud3ec\ub2d0\uba54\ud0c4)\"}]},{\"@type\":\"WebSite\",\"@id\":\"https:\\\/\\\/naturalpoland.com\\\/ko\\\/#website\",\"url\":\"https:\\\/\\\/naturalpoland.com\\\/ko\\\/\",\"name\":\"NATURAL POLAND - Hurtowy Dystrybutor Surowc\u00f3w\",\"description\":\"Surowce dla przemys\u0142u spo\u017cywczego, kosmetycznego i farmaceutycznego\",\"publisher\":{\"@id\":\"https:\\\/\\\/naturalpoland.com\\\/ko\\\/#organization\"},\"potentialAction\":[{\"@type\":\"SearchAction\",\"target\":{\"@type\":\"EntryPoint\",\"urlTemplate\":\"https:\\\/\\\/naturalpoland.com\\\/ko\\\/?s={search_term_string}\"},\"query-input\":{\"@type\":\"PropertyValueSpecification\",\"valueRequired\":true,\"valueName\":\"search_term_string\"}}],\"inLanguage\":\"ko-KR\"},{\"@type\":\"Organization\",\"@id\":\"https:\\\/\\\/naturalpoland.com\\\/ko\\\/#organization\",\"name\":\"Natural Poland\",\"url\":\"https:\\\/\\\/naturalpoland.com\\\/ko\\\/\",\"logo\":{\"@type\":\"ImageObject\",\"inLanguage\":\"ko-KR\",\"@id\":\"https:\\\/\\\/naturalpoland.com\\\/ko\\\/#\\\/schema\\\/logo\\\/image\\\/\",\"url\":\"https:\\\/\\\/naturalpoland.com\\\/wp-content\\\/uploads\\\/2021\\\/05\\\/natural-poland-icon.png\",\"contentUrl\":\"https:\\\/\\\/naturalpoland.com\\\/wp-content\\\/uploads\\\/2021\\\/05\\\/natural-poland-icon.png\",\"width\":512,\"height\":512,\"caption\":\"Natural Poland\"},\"image\":{\"@id\":\"https:\\\/\\\/naturalpoland.com\\\/ko\\\/#\\\/schema\\\/logo\\\/image\\\/\"},\"sameAs\":[\"https:\\\/\\\/www.facebook.com\\\/naturalpoland.b2b\",\"https:\\\/\\\/pl.linkedin.com\\\/company\\\/natural-poland\",\"https:\\\/\\\/www.youtube.com\\\/channel\\\/UCgeGGkvOMahZo-xu_MSEWxg\"]}]}<\/script>\n<!-- \/ Yoast SEO plugin. -->","yoast_head_json":{"title":"MSM (\uba54\ud2f8\uc124\ud3ec\ub2d0\uba54\ud0c4) - Hurtowy Dystrybutor","robots":{"index":"index","follow":"follow","max-snippet":"max-snippet:-1","max-image-preview":"max-image-preview:large","max-video-preview":"max-video-preview:-1"},"canonical":"https:\/\/naturalpoland.com\/ko\/je-pum\/ui-yak-pum-won-ryo\/geon-gang-gi-neung-sig-pum-cheom-ga-mul\/msm-metilseolponilmetan\/","og_locale":"ko_KR","og_type":"article","og_title":"MSM (\uba54\ud2f8\uc124\ud3ec\ub2d0\uba54\ud0c4) - Hurtowy Dystrybutor","og_description":"MSM (\uba54\ud2f8\uc124\ud3ec\ub2d0\uba54\ud0c4)\uc740 \ucd5c\uadfc \uac74\uac15\ud55c \uc0dd\ud65c \ubc29\uc2dd\uc744 \ucd94\uad6c\ud558\ub294 \uc0ac\ub78c\ub4e4\uacfc \uc804\ubb38 \uc6b4\ub3d9\uc120\uc218\ub4e4 \uc0ac\uc774\uc5d0\uc11c \ub9e4\uc6b0 \ud070 \uad00\uc2ec\uc744 \ubc1b\uace0 \uc788\uc2b5\ub2c8\ub2e4. MSM\uc740 \uc790\uc5f0\uc5d0 \uc874\uc7ac\ud558\ub294 \ucc9c\uc5f0 \uc720\ud669 \ud654\ud569\ubb3c\uc785\ub2c8\ub2e4. \uadf8 \ud2b9\uc131 \ub355\ubd84\uc5d0 \ub9ce\uc740 \uc9c8\ubcd1 \uce58\ub8cc\uc640 \uc804\ubc18\uc801\uc778 \uc0b6\uc758 \uc9c8 \ud5a5\uc0c1\uc5d0 \uae0d\uc815\uc801\uc778 \uc601\ud5a5\uc744 \ubbf8\uce69\ub2c8\ub2e4.","og_url":"https:\/\/naturalpoland.com\/ko\/je-pum\/ui-yak-pum-won-ryo\/geon-gang-gi-neung-sig-pum-cheom-ga-mul\/msm-metilseolponilmetan\/","og_site_name":"NATURAL POLAND - Hurtowy Dystrybutor Surowc\u00f3w","article_publisher":"https:\/\/www.facebook.com\/naturalpoland.b2b","article_modified_time":"2025-08-21T13:01:09+00:00","og_image":[{"width":274,"height":184,"url":"https:\/\/naturalpoland.com\/wp-content\/uploads\/2021\/05\/msm-methylsulfonyl-methane.jpg","type":"image\/jpeg"}],"schema":{"@context":"https:\/\/schema.org","@graph":[{"@type":"WebPage","@id":"https:\/\/naturalpoland.com\/ko\/je-pum\/ui-yak-pum-won-ryo\/geon-gang-gi-neung-sig-pum-cheom-ga-mul\/msm-metilseolponilmetan\/","url":"https:\/\/naturalpoland.com\/ko\/je-pum\/ui-yak-pum-won-ryo\/geon-gang-gi-neung-sig-pum-cheom-ga-mul\/msm-metilseolponilmetan\/","name":"MSM (\uba54\ud2f8\uc124\ud3ec\ub2d0\uba54\ud0c4) - Hurtowy Dystrybutor","isPartOf":{"@id":"https:\/\/naturalpoland.com\/ko\/#website"},"primaryImageOfPage":{"@id":"https:\/\/naturalpoland.com\/ko\/je-pum\/ui-yak-pum-won-ryo\/geon-gang-gi-neung-sig-pum-cheom-ga-mul\/msm-metilseolponilmetan\/#primaryimage"},"image":{"@id":"https:\/\/naturalpoland.com\/ko\/je-pum\/ui-yak-pum-won-ryo\/geon-gang-gi-neung-sig-pum-cheom-ga-mul\/msm-metilseolponilmetan\/#primaryimage"},"thumbnailUrl":"https:\/\/naturalpoland.com\/wp-content\/uploads\/2021\/05\/msm-methylsulfonyl-methane.jpg","datePublished":"2021-05-11T11:48:09+00:00","dateModified":"2025-08-21T13:01:09+00:00","breadcrumb":{"@id":"https:\/\/naturalpoland.com\/ko\/je-pum\/ui-yak-pum-won-ryo\/geon-gang-gi-neung-sig-pum-cheom-ga-mul\/msm-metilseolponilmetan\/#breadcrumb"},"inLanguage":"ko-KR","potentialAction":[{"@type":"ReadAction","target":["https:\/\/naturalpoland.com\/ko\/je-pum\/ui-yak-pum-won-ryo\/geon-gang-gi-neung-sig-pum-cheom-ga-mul\/msm-metilseolponilmetan\/"]}]},{"@type":"ImageObject","inLanguage":"ko-KR","@id":"https:\/\/naturalpoland.com\/ko\/je-pum\/ui-yak-pum-won-ryo\/geon-gang-gi-neung-sig-pum-cheom-ga-mul\/msm-metilseolponilmetan\/#primaryimage","url":"https:\/\/naturalpoland.com\/wp-content\/uploads\/2021\/05\/msm-methylsulfonyl-methane.jpg","contentUrl":"https:\/\/naturalpoland.com\/wp-content\/uploads\/2021\/05\/msm-methylsulfonyl-methane.jpg","width":274,"height":184,"caption":"MSM (metylosulfonylometan)"},{"@type":"BreadcrumbList","@id":"https:\/\/naturalpoland.com\/ko\/je-pum\/ui-yak-pum-won-ryo\/geon-gang-gi-neung-sig-pum-cheom-ga-mul\/msm-metilseolponilmetan\/#breadcrumb","itemListElement":[{"@type":"ListItem","position":1,"name":"\ud648","item":"https:\/\/naturalpoland.com\/ko\/"},{"@type":"ListItem","position":2,"name":"\uc81c\ud488","item":"https:\/\/naturalpoland.com\/ko\/%ec%a0%9c%ed%92%88\/"},{"@type":"ListItem","position":3,"name":"MSM (\uba54\ud2f8\uc124\ud3ec\ub2d0\uba54\ud0c4)"}]},{"@type":"WebSite","@id":"https:\/\/naturalpoland.com\/ko\/#website","url":"https:\/\/naturalpoland.com\/ko\/","name":"NATURAL POLAND - Hurtowy Dystrybutor Surowc\u00f3w","description":"Surowce dla przemys\u0142u spo\u017cywczego, kosmetycznego i farmaceutycznego","publisher":{"@id":"https:\/\/naturalpoland.com\/ko\/#organization"},"potentialAction":[{"@type":"SearchAction","target":{"@type":"EntryPoint","urlTemplate":"https:\/\/naturalpoland.com\/ko\/?s={search_term_string}"},"query-input":{"@type":"PropertyValueSpecification","valueRequired":true,"valueName":"search_term_string"}}],"inLanguage":"ko-KR"},{"@type":"Organization","@id":"https:\/\/naturalpoland.com\/ko\/#organization","name":"Natural Poland","url":"https:\/\/naturalpoland.com\/ko\/","logo":{"@type":"ImageObject","inLanguage":"ko-KR","@id":"https:\/\/naturalpoland.com\/ko\/#\/schema\/logo\/image\/","url":"https:\/\/naturalpoland.com\/wp-content\/uploads\/2021\/05\/natural-poland-icon.png","contentUrl":"https:\/\/naturalpoland.com\/wp-content\/uploads\/2021\/05\/natural-poland-icon.png","width":512,"height":512,"caption":"Natural Poland"},"image":{"@id":"https:\/\/naturalpoland.com\/ko\/#\/schema\/logo\/image\/"},"sameAs":["https:\/\/www.facebook.com\/naturalpoland.b2b","https:\/\/pl.linkedin.com\/company\/natural-poland","https:\/\/www.youtube.com\/channel\/UCgeGGkvOMahZo-xu_MSEWxg"]}]}},"_links":{"self":[{"href":"https:\/\/naturalpoland.com\/ko\/wp-json\/wp\/v2\/product\/42831","targetHints":{"allow":["GET"]}}],"collection":[{"href":"https:\/\/naturalpoland.com\/ko\/wp-json\/wp\/v2\/product"}],"about":[{"href":"https:\/\/naturalpoland.com\/ko\/wp-json\/wp\/v2\/types\/product"}],"wp:featuredmedia":[{"embeddable":true,"href":"https:\/\/naturalpoland.com\/ko\/wp-json\/wp\/v2\/media\/42833"}],"wp:attachment":[{"href":"https:\/\/naturalpoland.com\/ko\/wp-json\/wp\/v2\/media?parent=42831"}],"wp:term":[{"taxonomy":"product_brand","embeddable":true,"href":"https:\/\/naturalpoland.com\/ko\/wp-json\/wp\/v2\/product_brand?post=42831"},{"taxonomy":"product_cat","embeddable":true,"href":"https:\/\/naturalpoland.com\/ko\/wp-json\/wp\/v2\/product_cat?post=42831"},{"taxonomy":"product_tag","embeddable":true,"href":"https:\/\/naturalpoland.com\/ko\/wp-json\/wp\/v2\/product_tag?post=42831"}],"curies":[{"name":"wp","href":"https:\/\/api.w.org\/{rel}","templated":true}]}}