{"id":42835,"date":"2021-05-11T13:54:35","date_gmt":"2021-05-11T11:54:35","guid":{"rendered":"https:\/\/naturalpoland.com\/produkty\/uncategorized\/%ed%94%bc%eb%a3%a8%eb%b8%8c%ec%82%b0%eb%82%98%ed%8a%b8%eb%a5%a8\/"},"modified":"2025-08-21T14:59:37","modified_gmt":"2025-08-21T12:59:37","slug":"pirubusan-nateuryum","status":"publish","type":"product","link":"https:\/\/naturalpoland.com\/ko\/je-pum\/ui-yak-pum-won-ryo\/geon-gang-gi-neung-sig-pum-cheom-ga-mul\/pirubusan-nateuryum\/","title":{"rendered":"\ud53c\ub8e8\ube0c\uc0b0\ub098\ud2b8\ub968"},"content":{"rendered":"<p>\ud53c\ub8e8\ube0c\uc0b0\ub098\ud2b8\ub968\uc740 \uc6b4\ub3d9 \uc804 \uc12d\ucde8\ub97c \ubaa9\uc801\uc73c\ub85c \ud558\ub294 \ub2e4\uc591\ud55c \uc81c\ud488\uc5d0 \ud568\uc720\ub418\uc5b4 \uc788\uc2b5\ub2c8\ub2e4. \uc774\ub294 \uc5d0\ub108\uc9c0 \uc218\uc900\uc744 \ub192\uc774\uace0, \ud53c\ub85c\uac10\uc744 \uc904\uc774\uba70, \uc6b4\ub3d9 \uc911 \ub2a5\ub825\uc744 \ud5a5\uc0c1\uc2dc\ud0a4\ub294 \uac83\uc744 \ubaa9\ud45c\ub85c \ud569\ub2c8\ub2e4. \ud53c\ub8e8\ube0c\uc0b0\uc740 \uc8fc\ub85c \uc804\ubb38 \ubc0f \uc544\ub9c8\ucd94\uc5b4 \uc6b4\ub3d9\uc120\uc218, \uacfc\uccb4\uc911\uc73c\ub85c \uace0\uc0dd\ud558\ub294 \uc0ac\ub78c, \uadf8\ub9ac\uace0 \ud53c\ub85c\uc640 \uc5d0\ub108\uc9c0 \ubd80\uc871\uc744 \ub69c\ub837\ud558\uac8c \ub290\ub07c\ub294 \uc0ac\ub78c\ub4e4\uc744 \uc704\ud55c \ubcf4\ucda9\uc81c\uc5d0 \uc0ac\uc6a9\ub429\ub2c8\ub2e4.<\/p>\n","protected":false},"excerpt":{"rendered":"<p>\ud53c\ub8e8\ube0c\uc0b0\ub098\ud2b8\ub968\uc740 \ud574\ub2f9\uacfc\uc815 \ubc0f \uae30\ud0c0 \ub300\uc0ac \uacbd\ub85c\uc758 \uc911\uac04\uccb4 \uc911 \ud558\ub098\uc774\ubbc0\ub85c \uc2e0\uc9c4\ub300\uc0ac\ub97c \ucd09\uc9c4\ud569\ub2c8\ub2e4. \ub610\ud55c \ud608\uc561-\ub1cc \uc7a5\ubcbd\uc744 \ud1b5\uacfc\ud558\ub294 \ub2a5\ub825\uc774 \uc788\uc5b4 \ub1cc \uc190\uc0c1\uc758 \uc601\ud5a5\uc744 \uc904\uc774\ub294 \ub370\ub3c4 \uc0ac\uc6a9\ub420 \uc218 \uc788\uc9c0\ub9cc, \uc774 \ud2b9\uc131\uc740 \uc544\uc9c1 \uc5f0\uad6c \uc911\uc785\ub2c8\ub2e4.<\/p>\n","protected":false},"featured_media":42836,"template":"","meta":{"_acf_changed":false},"product_brand":[],"product_cat":[8143],"product_tag":[],"class_list":{"0":"post-42835","1":"product","2":"type-product","3":"status-publish","4":"has-post-thumbnail","6":"product_cat-geon-gang-gi-neung-sig-pum-cheom-ga-mul","8":"first","9":"instock","10":"shipping-taxable","11":"product-type-simple"},"acf":[],"yoast_head":"<!-- This site is optimized with the Yoast SEO plugin v27.4 - https:\/\/yoast.com\/product\/yoast-seo-wordpress\/ -->\n<title>\ud53c\ub8e8\ube0c\uc0b0\ub098\ud2b8\ub968 - Hurtowy Dystrybutor<\/title>\n<meta name=\"robots\" content=\"index, follow, max-snippet:-1, max-image-preview:large, max-video-preview:-1\" \/>\n<link rel=\"canonical\" href=\"https:\/\/naturalpoland.com\/ko\/je-pum\/ui-yak-pum-won-ryo\/geon-gang-gi-neung-sig-pum-cheom-ga-mul\/pirubusan-nateuryum\/\" \/>\n<meta property=\"og:locale\" content=\"ko_KR\" \/>\n<meta property=\"og:type\" content=\"article\" \/>\n<meta property=\"og:title\" content=\"\ud53c\ub8e8\ube0c\uc0b0\ub098\ud2b8\ub968 - Hurtowy Dystrybutor\" \/>\n<meta property=\"og:description\" content=\"\ud53c\ub8e8\ube0c\uc0b0\ub098\ud2b8\ub968\uc740 \ud574\ub2f9\uacfc\uc815 \ubc0f \uae30\ud0c0 \ub300\uc0ac \uacbd\ub85c\uc758 \uc911\uac04\uccb4 \uc911 \ud558\ub098\uc774\ubbc0\ub85c \uc2e0\uc9c4\ub300\uc0ac\ub97c \ucd09\uc9c4\ud569\ub2c8\ub2e4. \ub610\ud55c \ud608\uc561-\ub1cc \uc7a5\ubcbd\uc744 \ud1b5\uacfc\ud558\ub294 \ub2a5\ub825\uc774 \uc788\uc5b4 \ub1cc \uc190\uc0c1\uc758 \uc601\ud5a5\uc744 \uc904\uc774\ub294 \ub370\ub3c4 \uc0ac\uc6a9\ub420 \uc218 \uc788\uc9c0\ub9cc, \uc774 \ud2b9\uc131\uc740 \uc544\uc9c1 \uc5f0\uad6c \uc911\uc785\ub2c8\ub2e4.\" \/>\n<meta property=\"og:url\" content=\"https:\/\/naturalpoland.com\/ko\/je-pum\/ui-yak-pum-won-ryo\/geon-gang-gi-neung-sig-pum-cheom-ga-mul\/pirubusan-nateuryum\/\" \/>\n<meta property=\"og:site_name\" content=\"NATURAL POLAND - Hurtowy Dystrybutor Surowc\u00f3w\" \/>\n<meta property=\"article:publisher\" content=\"https:\/\/www.facebook.com\/naturalpoland.b2b\" \/>\n<meta property=\"article:modified_time\" content=\"2025-08-21T12:59:37+00:00\" \/>\n<meta property=\"og:image\" content=\"https:\/\/naturalpoland.com\/wp-content\/uploads\/2021\/05\/sodium-pyruvate.jpg\" \/>\n\t<meta property=\"og:image:width\" content=\"225\" \/>\n\t<meta property=\"og:image:height\" content=\"160\" \/>\n\t<meta property=\"og:image:type\" content=\"image\/jpeg\" \/>\n<script type=\"application\/ld+json\" class=\"yoast-schema-graph\">{\"@context\":\"https:\\\/\\\/schema.org\",\"@graph\":[{\"@type\":\"WebPage\",\"@id\":\"https:\\\/\\\/naturalpoland.com\\\/ko\\\/je-pum\\\/ui-yak-pum-won-ryo\\\/geon-gang-gi-neung-sig-pum-cheom-ga-mul\\\/pirubusan-nateuryum\\\/\",\"url\":\"https:\\\/\\\/naturalpoland.com\\\/ko\\\/je-pum\\\/ui-yak-pum-won-ryo\\\/geon-gang-gi-neung-sig-pum-cheom-ga-mul\\\/pirubusan-nateuryum\\\/\",\"name\":\"\ud53c\ub8e8\ube0c\uc0b0\ub098\ud2b8\ub968 - Hurtowy Dystrybutor\",\"isPartOf\":{\"@id\":\"https:\\\/\\\/naturalpoland.com\\\/ko\\\/#website\"},\"primaryImageOfPage\":{\"@id\":\"https:\\\/\\\/naturalpoland.com\\\/ko\\\/je-pum\\\/ui-yak-pum-won-ryo\\\/geon-gang-gi-neung-sig-pum-cheom-ga-mul\\\/pirubusan-nateuryum\\\/#primaryimage\"},\"image\":{\"@id\":\"https:\\\/\\\/naturalpoland.com\\\/ko\\\/je-pum\\\/ui-yak-pum-won-ryo\\\/geon-gang-gi-neung-sig-pum-cheom-ga-mul\\\/pirubusan-nateuryum\\\/#primaryimage\"},\"thumbnailUrl\":\"https:\\\/\\\/naturalpoland.com\\\/wp-content\\\/uploads\\\/2021\\\/05\\\/sodium-pyruvate.jpg\",\"datePublished\":\"2021-05-11T11:54:35+00:00\",\"dateModified\":\"2025-08-21T12:59:37+00:00\",\"breadcrumb\":{\"@id\":\"https:\\\/\\\/naturalpoland.com\\\/ko\\\/je-pum\\\/ui-yak-pum-won-ryo\\\/geon-gang-gi-neung-sig-pum-cheom-ga-mul\\\/pirubusan-nateuryum\\\/#breadcrumb\"},\"inLanguage\":\"ko-KR\",\"potentialAction\":[{\"@type\":\"ReadAction\",\"target\":[\"https:\\\/\\\/naturalpoland.com\\\/ko\\\/je-pum\\\/ui-yak-pum-won-ryo\\\/geon-gang-gi-neung-sig-pum-cheom-ga-mul\\\/pirubusan-nateuryum\\\/\"]}]},{\"@type\":\"ImageObject\",\"inLanguage\":\"ko-KR\",\"@id\":\"https:\\\/\\\/naturalpoland.com\\\/ko\\\/je-pum\\\/ui-yak-pum-won-ryo\\\/geon-gang-gi-neung-sig-pum-cheom-ga-mul\\\/pirubusan-nateuryum\\\/#primaryimage\",\"url\":\"https:\\\/\\\/naturalpoland.com\\\/wp-content\\\/uploads\\\/2021\\\/05\\\/sodium-pyruvate.jpg\",\"contentUrl\":\"https:\\\/\\\/naturalpoland.com\\\/wp-content\\\/uploads\\\/2021\\\/05\\\/sodium-pyruvate.jpg\",\"width\":225,\"height\":160,\"caption\":\"Pirogronian sodu\"},{\"@type\":\"BreadcrumbList\",\"@id\":\"https:\\\/\\\/naturalpoland.com\\\/ko\\\/je-pum\\\/ui-yak-pum-won-ryo\\\/geon-gang-gi-neung-sig-pum-cheom-ga-mul\\\/pirubusan-nateuryum\\\/#breadcrumb\",\"itemListElement\":[{\"@type\":\"ListItem\",\"position\":1,\"name\":\"\ud648\",\"item\":\"https:\\\/\\\/naturalpoland.com\\\/ko\\\/\"},{\"@type\":\"ListItem\",\"position\":2,\"name\":\"\uc81c\ud488\",\"item\":\"https:\\\/\\\/naturalpoland.com\\\/ko\\\/%ec%a0%9c%ed%92%88\\\/\"},{\"@type\":\"ListItem\",\"position\":3,\"name\":\"\ud53c\ub8e8\ube0c\uc0b0\ub098\ud2b8\ub968\"}]},{\"@type\":\"WebSite\",\"@id\":\"https:\\\/\\\/naturalpoland.com\\\/ko\\\/#website\",\"url\":\"https:\\\/\\\/naturalpoland.com\\\/ko\\\/\",\"name\":\"NATURAL POLAND - Hurtowy Dystrybutor Surowc\u00f3w\",\"description\":\"Surowce dla przemys\u0142u spo\u017cywczego, kosmetycznego i farmaceutycznego\",\"publisher\":{\"@id\":\"https:\\\/\\\/naturalpoland.com\\\/ko\\\/#organization\"},\"potentialAction\":[{\"@type\":\"SearchAction\",\"target\":{\"@type\":\"EntryPoint\",\"urlTemplate\":\"https:\\\/\\\/naturalpoland.com\\\/ko\\\/?s={search_term_string}\"},\"query-input\":{\"@type\":\"PropertyValueSpecification\",\"valueRequired\":true,\"valueName\":\"search_term_string\"}}],\"inLanguage\":\"ko-KR\"},{\"@type\":\"Organization\",\"@id\":\"https:\\\/\\\/naturalpoland.com\\\/ko\\\/#organization\",\"name\":\"Natural Poland\",\"url\":\"https:\\\/\\\/naturalpoland.com\\\/ko\\\/\",\"logo\":{\"@type\":\"ImageObject\",\"inLanguage\":\"ko-KR\",\"@id\":\"https:\\\/\\\/naturalpoland.com\\\/ko\\\/#\\\/schema\\\/logo\\\/image\\\/\",\"url\":\"https:\\\/\\\/naturalpoland.com\\\/wp-content\\\/uploads\\\/2021\\\/05\\\/natural-poland-icon.png\",\"contentUrl\":\"https:\\\/\\\/naturalpoland.com\\\/wp-content\\\/uploads\\\/2021\\\/05\\\/natural-poland-icon.png\",\"width\":512,\"height\":512,\"caption\":\"Natural Poland\"},\"image\":{\"@id\":\"https:\\\/\\\/naturalpoland.com\\\/ko\\\/#\\\/schema\\\/logo\\\/image\\\/\"},\"sameAs\":[\"https:\\\/\\\/www.facebook.com\\\/naturalpoland.b2b\",\"https:\\\/\\\/pl.linkedin.com\\\/company\\\/natural-poland\",\"https:\\\/\\\/www.youtube.com\\\/channel\\\/UCgeGGkvOMahZo-xu_MSEWxg\"]}]}<\/script>\n<!-- \/ Yoast SEO plugin. -->","yoast_head_json":{"title":"\ud53c\ub8e8\ube0c\uc0b0\ub098\ud2b8\ub968 - Hurtowy Dystrybutor","robots":{"index":"index","follow":"follow","max-snippet":"max-snippet:-1","max-image-preview":"max-image-preview:large","max-video-preview":"max-video-preview:-1"},"canonical":"https:\/\/naturalpoland.com\/ko\/je-pum\/ui-yak-pum-won-ryo\/geon-gang-gi-neung-sig-pum-cheom-ga-mul\/pirubusan-nateuryum\/","og_locale":"ko_KR","og_type":"article","og_title":"\ud53c\ub8e8\ube0c\uc0b0\ub098\ud2b8\ub968 - Hurtowy Dystrybutor","og_description":"\ud53c\ub8e8\ube0c\uc0b0\ub098\ud2b8\ub968\uc740 \ud574\ub2f9\uacfc\uc815 \ubc0f \uae30\ud0c0 \ub300\uc0ac \uacbd\ub85c\uc758 \uc911\uac04\uccb4 \uc911 \ud558\ub098\uc774\ubbc0\ub85c \uc2e0\uc9c4\ub300\uc0ac\ub97c \ucd09\uc9c4\ud569\ub2c8\ub2e4. \ub610\ud55c \ud608\uc561-\ub1cc \uc7a5\ubcbd\uc744 \ud1b5\uacfc\ud558\ub294 \ub2a5\ub825\uc774 \uc788\uc5b4 \ub1cc \uc190\uc0c1\uc758 \uc601\ud5a5\uc744 \uc904\uc774\ub294 \ub370\ub3c4 \uc0ac\uc6a9\ub420 \uc218 \uc788\uc9c0\ub9cc, \uc774 \ud2b9\uc131\uc740 \uc544\uc9c1 \uc5f0\uad6c \uc911\uc785\ub2c8\ub2e4.","og_url":"https:\/\/naturalpoland.com\/ko\/je-pum\/ui-yak-pum-won-ryo\/geon-gang-gi-neung-sig-pum-cheom-ga-mul\/pirubusan-nateuryum\/","og_site_name":"NATURAL POLAND - Hurtowy Dystrybutor Surowc\u00f3w","article_publisher":"https:\/\/www.facebook.com\/naturalpoland.b2b","article_modified_time":"2025-08-21T12:59:37+00:00","og_image":[{"width":225,"height":160,"url":"https:\/\/naturalpoland.com\/wp-content\/uploads\/2021\/05\/sodium-pyruvate.jpg","type":"image\/jpeg"}],"schema":{"@context":"https:\/\/schema.org","@graph":[{"@type":"WebPage","@id":"https:\/\/naturalpoland.com\/ko\/je-pum\/ui-yak-pum-won-ryo\/geon-gang-gi-neung-sig-pum-cheom-ga-mul\/pirubusan-nateuryum\/","url":"https:\/\/naturalpoland.com\/ko\/je-pum\/ui-yak-pum-won-ryo\/geon-gang-gi-neung-sig-pum-cheom-ga-mul\/pirubusan-nateuryum\/","name":"\ud53c\ub8e8\ube0c\uc0b0\ub098\ud2b8\ub968 - Hurtowy Dystrybutor","isPartOf":{"@id":"https:\/\/naturalpoland.com\/ko\/#website"},"primaryImageOfPage":{"@id":"https:\/\/naturalpoland.com\/ko\/je-pum\/ui-yak-pum-won-ryo\/geon-gang-gi-neung-sig-pum-cheom-ga-mul\/pirubusan-nateuryum\/#primaryimage"},"image":{"@id":"https:\/\/naturalpoland.com\/ko\/je-pum\/ui-yak-pum-won-ryo\/geon-gang-gi-neung-sig-pum-cheom-ga-mul\/pirubusan-nateuryum\/#primaryimage"},"thumbnailUrl":"https:\/\/naturalpoland.com\/wp-content\/uploads\/2021\/05\/sodium-pyruvate.jpg","datePublished":"2021-05-11T11:54:35+00:00","dateModified":"2025-08-21T12:59:37+00:00","breadcrumb":{"@id":"https:\/\/naturalpoland.com\/ko\/je-pum\/ui-yak-pum-won-ryo\/geon-gang-gi-neung-sig-pum-cheom-ga-mul\/pirubusan-nateuryum\/#breadcrumb"},"inLanguage":"ko-KR","potentialAction":[{"@type":"ReadAction","target":["https:\/\/naturalpoland.com\/ko\/je-pum\/ui-yak-pum-won-ryo\/geon-gang-gi-neung-sig-pum-cheom-ga-mul\/pirubusan-nateuryum\/"]}]},{"@type":"ImageObject","inLanguage":"ko-KR","@id":"https:\/\/naturalpoland.com\/ko\/je-pum\/ui-yak-pum-won-ryo\/geon-gang-gi-neung-sig-pum-cheom-ga-mul\/pirubusan-nateuryum\/#primaryimage","url":"https:\/\/naturalpoland.com\/wp-content\/uploads\/2021\/05\/sodium-pyruvate.jpg","contentUrl":"https:\/\/naturalpoland.com\/wp-content\/uploads\/2021\/05\/sodium-pyruvate.jpg","width":225,"height":160,"caption":"Pirogronian sodu"},{"@type":"BreadcrumbList","@id":"https:\/\/naturalpoland.com\/ko\/je-pum\/ui-yak-pum-won-ryo\/geon-gang-gi-neung-sig-pum-cheom-ga-mul\/pirubusan-nateuryum\/#breadcrumb","itemListElement":[{"@type":"ListItem","position":1,"name":"\ud648","item":"https:\/\/naturalpoland.com\/ko\/"},{"@type":"ListItem","position":2,"name":"\uc81c\ud488","item":"https:\/\/naturalpoland.com\/ko\/%ec%a0%9c%ed%92%88\/"},{"@type":"ListItem","position":3,"name":"\ud53c\ub8e8\ube0c\uc0b0\ub098\ud2b8\ub968"}]},{"@type":"WebSite","@id":"https:\/\/naturalpoland.com\/ko\/#website","url":"https:\/\/naturalpoland.com\/ko\/","name":"NATURAL POLAND - Hurtowy Dystrybutor Surowc\u00f3w","description":"Surowce dla przemys\u0142u spo\u017cywczego, kosmetycznego i farmaceutycznego","publisher":{"@id":"https:\/\/naturalpoland.com\/ko\/#organization"},"potentialAction":[{"@type":"SearchAction","target":{"@type":"EntryPoint","urlTemplate":"https:\/\/naturalpoland.com\/ko\/?s={search_term_string}"},"query-input":{"@type":"PropertyValueSpecification","valueRequired":true,"valueName":"search_term_string"}}],"inLanguage":"ko-KR"},{"@type":"Organization","@id":"https:\/\/naturalpoland.com\/ko\/#organization","name":"Natural Poland","url":"https:\/\/naturalpoland.com\/ko\/","logo":{"@type":"ImageObject","inLanguage":"ko-KR","@id":"https:\/\/naturalpoland.com\/ko\/#\/schema\/logo\/image\/","url":"https:\/\/naturalpoland.com\/wp-content\/uploads\/2021\/05\/natural-poland-icon.png","contentUrl":"https:\/\/naturalpoland.com\/wp-content\/uploads\/2021\/05\/natural-poland-icon.png","width":512,"height":512,"caption":"Natural Poland"},"image":{"@id":"https:\/\/naturalpoland.com\/ko\/#\/schema\/logo\/image\/"},"sameAs":["https:\/\/www.facebook.com\/naturalpoland.b2b","https:\/\/pl.linkedin.com\/company\/natural-poland","https:\/\/www.youtube.com\/channel\/UCgeGGkvOMahZo-xu_MSEWxg"]}]}},"_links":{"self":[{"href":"https:\/\/naturalpoland.com\/ko\/wp-json\/wp\/v2\/product\/42835","targetHints":{"allow":["GET"]}}],"collection":[{"href":"https:\/\/naturalpoland.com\/ko\/wp-json\/wp\/v2\/product"}],"about":[{"href":"https:\/\/naturalpoland.com\/ko\/wp-json\/wp\/v2\/types\/product"}],"wp:featuredmedia":[{"embeddable":true,"href":"https:\/\/naturalpoland.com\/ko\/wp-json\/wp\/v2\/media\/42836"}],"wp:attachment":[{"href":"https:\/\/naturalpoland.com\/ko\/wp-json\/wp\/v2\/media?parent=42835"}],"wp:term":[{"taxonomy":"product_brand","embeddable":true,"href":"https:\/\/naturalpoland.com\/ko\/wp-json\/wp\/v2\/product_brand?post=42835"},{"taxonomy":"product_cat","embeddable":true,"href":"https:\/\/naturalpoland.com\/ko\/wp-json\/wp\/v2\/product_cat?post=42835"},{"taxonomy":"product_tag","embeddable":true,"href":"https:\/\/naturalpoland.com\/ko\/wp-json\/wp\/v2\/product_tag?post=42835"}],"curies":[{"name":"wp","href":"https:\/\/api.w.org\/{rel}","templated":true}]}}