{"id":42841,"date":"2021-05-11T13:52:33","date_gmt":"2021-05-11T11:52:33","guid":{"rendered":"https:\/\/naturalpoland.com\/produkty\/uncategorized\/%ec%95%84%ec%8a%a4%ec%bd%94%eb%a5%b4%eb%b9%8c-%ed%8c%94%eb%af%b8%ed%85%8c%ec%9d%b4%ed%8a%b8\/"},"modified":"2025-08-21T15:00:36","modified_gmt":"2025-08-21T13:00:36","slug":"aseukoreubil-palmiteiteu","status":"publish","type":"product","link":"https:\/\/naturalpoland.com\/ko\/je-pum\/ui-yak-pum-won-ryo\/geon-gang-gi-neung-sig-pum-cheom-ga-mul\/aseukoreubil-palmiteiteu\/","title":{"rendered":"\uc544\uc2a4\ucf54\ub974\ube4c \ud314\ubbf8\ud14c\uc774\ud2b8"},"content":{"rendered":"<p>\uc544\uc2a4\ucf54\ub974\ube4c \ud314\ubbf8\ud14c\uc774\ud2b8\ub294 \uc774\uc911 \uc6a9\ud574\uc131\uc73c\ub85c \uc778\ud574 \ud2b9\ud788 \ub192\uc774 \ud3c9\uac00\ub429\ub2c8\ub2e4. \uc774\ub7ec\ud55c \ud2b9\uc131 \ub355\ubd84\uc5d0 \ud65c\uc131 \uc0b0\uc18c\ub97c \ud6a8\uacfc\uc801\uc73c\ub85c \uc911\ud654\ud558\uace0 \uc870\uc9c1 \ub178\ud654 \uacfc\uc815\uc744 \ub2a6\ucda5\ub2c8\ub2e4. \uac8c\ub2e4\uac00 \ud608\ub1cc\uc7a5\ubcbd\uc744 \ud1b5\uacfc\ud560 \uc218 \uc788\uc5b4 \ub1cc\uc5d0\ub3c4 \ud56d\uc0b0\ud654 \uc791\uc6a9\uc744 \ud560 \uc218 \uc788\uc2b5\ub2c8\ub2e4.<\/p>\n","protected":false},"excerpt":{"rendered":"<p>\uc544\uc2a4\ucf54\ub974\ube4c \ud314\ubbf8\ud14c\uc774\ud2b8 BP\/EP\/USP\ub294 E304\ub85c \ud45c\uae30\ub418\ub294 \uc2dd\ud488 \ud56d\uc0b0\ud654\uc81c\uc785\ub2c8\ub2e4. \ud314\ubbf8\ud2b8\uc0b0\uacfc \uc544\uc2a4\ucf54\ub974\ube0c\uc0b0\uc758 \uc5d0\uc2a4\ud130\uc774\uba70, \uc9c0\uc6a9\uc131 \ubc0f \uc218\uc6a9\uc131 \ube44\ud0c0\ubbfc C \ud615\ud0dc\uc785\ub2c8\ub2e4. \uc778\uccb4\uc5d0\uc11c \uc0dd\uc131\ub418\uc9c0 \uc54a\ub294 \ube44\ud0c0\ubbfc\uc774\ubbc0\ub85c \uc74c\uc2dd\uc774\ub098 \uac74\uac15 \ubcf4\uc870 \uc2dd\ud488\uc744 \ud1b5\ud574 \uc12d\ucde8\ud574\uc57c \ud569\ub2c8\ub2e4. \uc77c\ubc18 \uc2dd\ud488\uc744 \uac15\ud654\ud558\ub294 \ub370 \uc0ac\uc6a9\ub418\uae30\ub3c4 \ud569\ub2c8\ub2e4.<\/p>\n","protected":false},"featured_media":42842,"template":"","meta":{"_acf_changed":false},"product_brand":[],"product_cat":[8143],"product_tag":[],"class_list":{"0":"post-42841","1":"product","2":"type-product","3":"status-publish","4":"has-post-thumbnail","6":"product_cat-geon-gang-gi-neung-sig-pum-cheom-ga-mul","8":"first","9":"instock","10":"shipping-taxable","11":"product-type-simple"},"acf":[],"yoast_head":"<!-- This site is optimized with the Yoast SEO plugin v27.4 - https:\/\/yoast.com\/product\/yoast-seo-wordpress\/ -->\n<title>\uc544\uc2a4\ucf54\ub974\ube4c \ud314\ubbf8\ud14c\uc774\ud2b8 - Hurtowy Dystrybutor<\/title>\n<meta name=\"robots\" content=\"index, follow, max-snippet:-1, max-image-preview:large, max-video-preview:-1\" \/>\n<link rel=\"canonical\" href=\"https:\/\/naturalpoland.com\/ko\/je-pum\/ui-yak-pum-won-ryo\/geon-gang-gi-neung-sig-pum-cheom-ga-mul\/aseukoreubil-palmiteiteu\/\" \/>\n<meta property=\"og:locale\" content=\"ko_KR\" \/>\n<meta property=\"og:type\" content=\"article\" \/>\n<meta property=\"og:title\" content=\"\uc544\uc2a4\ucf54\ub974\ube4c \ud314\ubbf8\ud14c\uc774\ud2b8 - Hurtowy Dystrybutor\" \/>\n<meta property=\"og:description\" content=\"\uc544\uc2a4\ucf54\ub974\ube4c \ud314\ubbf8\ud14c\uc774\ud2b8 BP\/EP\/USP\ub294 E304\ub85c \ud45c\uae30\ub418\ub294 \uc2dd\ud488 \ud56d\uc0b0\ud654\uc81c\uc785\ub2c8\ub2e4. \ud314\ubbf8\ud2b8\uc0b0\uacfc \uc544\uc2a4\ucf54\ub974\ube0c\uc0b0\uc758 \uc5d0\uc2a4\ud130\uc774\uba70, \uc9c0\uc6a9\uc131 \ubc0f \uc218\uc6a9\uc131 \ube44\ud0c0\ubbfc C \ud615\ud0dc\uc785\ub2c8\ub2e4. \uc778\uccb4\uc5d0\uc11c \uc0dd\uc131\ub418\uc9c0 \uc54a\ub294 \ube44\ud0c0\ubbfc\uc774\ubbc0\ub85c \uc74c\uc2dd\uc774\ub098 \uac74\uac15 \ubcf4\uc870 \uc2dd\ud488\uc744 \ud1b5\ud574 \uc12d\ucde8\ud574\uc57c \ud569\ub2c8\ub2e4. \uc77c\ubc18 \uc2dd\ud488\uc744 \uac15\ud654\ud558\ub294 \ub370 \uc0ac\uc6a9\ub418\uae30\ub3c4 \ud569\ub2c8\ub2e4.\" \/>\n<meta property=\"og:url\" content=\"https:\/\/naturalpoland.com\/ko\/je-pum\/ui-yak-pum-won-ryo\/geon-gang-gi-neung-sig-pum-cheom-ga-mul\/aseukoreubil-palmiteiteu\/\" \/>\n<meta property=\"og:site_name\" content=\"NATURAL POLAND - Hurtowy Dystrybutor Surowc\u00f3w\" \/>\n<meta property=\"article:publisher\" content=\"https:\/\/www.facebook.com\/naturalpoland.b2b\" \/>\n<meta property=\"article:modified_time\" content=\"2025-08-21T13:00:36+00:00\" \/>\n<meta property=\"og:image\" content=\"https:\/\/naturalpoland.com\/wp-content\/uploads\/2021\/05\/ascorbyl-palmitate-bp-ep-usp.jpg\" \/>\n\t<meta property=\"og:image:width\" content=\"250\" \/>\n\t<meta property=\"og:image:height\" content=\"250\" \/>\n\t<meta property=\"og:image:type\" content=\"image\/jpeg\" \/>\n<script type=\"application\/ld+json\" class=\"yoast-schema-graph\">{\"@context\":\"https:\\\/\\\/schema.org\",\"@graph\":[{\"@type\":\"WebPage\",\"@id\":\"https:\\\/\\\/naturalpoland.com\\\/ko\\\/je-pum\\\/ui-yak-pum-won-ryo\\\/geon-gang-gi-neung-sig-pum-cheom-ga-mul\\\/aseukoreubil-palmiteiteu\\\/\",\"url\":\"https:\\\/\\\/naturalpoland.com\\\/ko\\\/je-pum\\\/ui-yak-pum-won-ryo\\\/geon-gang-gi-neung-sig-pum-cheom-ga-mul\\\/aseukoreubil-palmiteiteu\\\/\",\"name\":\"\uc544\uc2a4\ucf54\ub974\ube4c \ud314\ubbf8\ud14c\uc774\ud2b8 - Hurtowy Dystrybutor\",\"isPartOf\":{\"@id\":\"https:\\\/\\\/naturalpoland.com\\\/ko\\\/#website\"},\"primaryImageOfPage\":{\"@id\":\"https:\\\/\\\/naturalpoland.com\\\/ko\\\/je-pum\\\/ui-yak-pum-won-ryo\\\/geon-gang-gi-neung-sig-pum-cheom-ga-mul\\\/aseukoreubil-palmiteiteu\\\/#primaryimage\"},\"image\":{\"@id\":\"https:\\\/\\\/naturalpoland.com\\\/ko\\\/je-pum\\\/ui-yak-pum-won-ryo\\\/geon-gang-gi-neung-sig-pum-cheom-ga-mul\\\/aseukoreubil-palmiteiteu\\\/#primaryimage\"},\"thumbnailUrl\":\"https:\\\/\\\/naturalpoland.com\\\/wp-content\\\/uploads\\\/2021\\\/05\\\/ascorbyl-palmitate-bp-ep-usp.jpg\",\"datePublished\":\"2021-05-11T11:52:33+00:00\",\"dateModified\":\"2025-08-21T13:00:36+00:00\",\"breadcrumb\":{\"@id\":\"https:\\\/\\\/naturalpoland.com\\\/ko\\\/je-pum\\\/ui-yak-pum-won-ryo\\\/geon-gang-gi-neung-sig-pum-cheom-ga-mul\\\/aseukoreubil-palmiteiteu\\\/#breadcrumb\"},\"inLanguage\":\"ko-KR\",\"potentialAction\":[{\"@type\":\"ReadAction\",\"target\":[\"https:\\\/\\\/naturalpoland.com\\\/ko\\\/je-pum\\\/ui-yak-pum-won-ryo\\\/geon-gang-gi-neung-sig-pum-cheom-ga-mul\\\/aseukoreubil-palmiteiteu\\\/\"]}]},{\"@type\":\"ImageObject\",\"inLanguage\":\"ko-KR\",\"@id\":\"https:\\\/\\\/naturalpoland.com\\\/ko\\\/je-pum\\\/ui-yak-pum-won-ryo\\\/geon-gang-gi-neung-sig-pum-cheom-ga-mul\\\/aseukoreubil-palmiteiteu\\\/#primaryimage\",\"url\":\"https:\\\/\\\/naturalpoland.com\\\/wp-content\\\/uploads\\\/2021\\\/05\\\/ascorbyl-palmitate-bp-ep-usp.jpg\",\"contentUrl\":\"https:\\\/\\\/naturalpoland.com\\\/wp-content\\\/uploads\\\/2021\\\/05\\\/ascorbyl-palmitate-bp-ep-usp.jpg\",\"width\":250,\"height\":250,\"caption\":\"Palmitynian askorbylu\"},{\"@type\":\"BreadcrumbList\",\"@id\":\"https:\\\/\\\/naturalpoland.com\\\/ko\\\/je-pum\\\/ui-yak-pum-won-ryo\\\/geon-gang-gi-neung-sig-pum-cheom-ga-mul\\\/aseukoreubil-palmiteiteu\\\/#breadcrumb\",\"itemListElement\":[{\"@type\":\"ListItem\",\"position\":1,\"name\":\"\ud648\",\"item\":\"https:\\\/\\\/naturalpoland.com\\\/ko\\\/\"},{\"@type\":\"ListItem\",\"position\":2,\"name\":\"\uc81c\ud488\",\"item\":\"https:\\\/\\\/naturalpoland.com\\\/ko\\\/%ec%a0%9c%ed%92%88\\\/\"},{\"@type\":\"ListItem\",\"position\":3,\"name\":\"\uc544\uc2a4\ucf54\ub974\ube4c \ud314\ubbf8\ud14c\uc774\ud2b8\"}]},{\"@type\":\"WebSite\",\"@id\":\"https:\\\/\\\/naturalpoland.com\\\/ko\\\/#website\",\"url\":\"https:\\\/\\\/naturalpoland.com\\\/ko\\\/\",\"name\":\"NATURAL POLAND - Hurtowy Dystrybutor Surowc\u00f3w\",\"description\":\"Surowce dla przemys\u0142u spo\u017cywczego, kosmetycznego i farmaceutycznego\",\"publisher\":{\"@id\":\"https:\\\/\\\/naturalpoland.com\\\/ko\\\/#organization\"},\"potentialAction\":[{\"@type\":\"SearchAction\",\"target\":{\"@type\":\"EntryPoint\",\"urlTemplate\":\"https:\\\/\\\/naturalpoland.com\\\/ko\\\/?s={search_term_string}\"},\"query-input\":{\"@type\":\"PropertyValueSpecification\",\"valueRequired\":true,\"valueName\":\"search_term_string\"}}],\"inLanguage\":\"ko-KR\"},{\"@type\":\"Organization\",\"@id\":\"https:\\\/\\\/naturalpoland.com\\\/ko\\\/#organization\",\"name\":\"Natural Poland\",\"url\":\"https:\\\/\\\/naturalpoland.com\\\/ko\\\/\",\"logo\":{\"@type\":\"ImageObject\",\"inLanguage\":\"ko-KR\",\"@id\":\"https:\\\/\\\/naturalpoland.com\\\/ko\\\/#\\\/schema\\\/logo\\\/image\\\/\",\"url\":\"https:\\\/\\\/naturalpoland.com\\\/wp-content\\\/uploads\\\/2021\\\/05\\\/natural-poland-icon.png\",\"contentUrl\":\"https:\\\/\\\/naturalpoland.com\\\/wp-content\\\/uploads\\\/2021\\\/05\\\/natural-poland-icon.png\",\"width\":512,\"height\":512,\"caption\":\"Natural Poland\"},\"image\":{\"@id\":\"https:\\\/\\\/naturalpoland.com\\\/ko\\\/#\\\/schema\\\/logo\\\/image\\\/\"},\"sameAs\":[\"https:\\\/\\\/www.facebook.com\\\/naturalpoland.b2b\",\"https:\\\/\\\/pl.linkedin.com\\\/company\\\/natural-poland\",\"https:\\\/\\\/www.youtube.com\\\/channel\\\/UCgeGGkvOMahZo-xu_MSEWxg\"]}]}<\/script>\n<!-- \/ Yoast SEO plugin. -->","yoast_head_json":{"title":"\uc544\uc2a4\ucf54\ub974\ube4c \ud314\ubbf8\ud14c\uc774\ud2b8 - Hurtowy Dystrybutor","robots":{"index":"index","follow":"follow","max-snippet":"max-snippet:-1","max-image-preview":"max-image-preview:large","max-video-preview":"max-video-preview:-1"},"canonical":"https:\/\/naturalpoland.com\/ko\/je-pum\/ui-yak-pum-won-ryo\/geon-gang-gi-neung-sig-pum-cheom-ga-mul\/aseukoreubil-palmiteiteu\/","og_locale":"ko_KR","og_type":"article","og_title":"\uc544\uc2a4\ucf54\ub974\ube4c \ud314\ubbf8\ud14c\uc774\ud2b8 - Hurtowy Dystrybutor","og_description":"\uc544\uc2a4\ucf54\ub974\ube4c \ud314\ubbf8\ud14c\uc774\ud2b8 BP\/EP\/USP\ub294 E304\ub85c \ud45c\uae30\ub418\ub294 \uc2dd\ud488 \ud56d\uc0b0\ud654\uc81c\uc785\ub2c8\ub2e4. \ud314\ubbf8\ud2b8\uc0b0\uacfc \uc544\uc2a4\ucf54\ub974\ube0c\uc0b0\uc758 \uc5d0\uc2a4\ud130\uc774\uba70, \uc9c0\uc6a9\uc131 \ubc0f \uc218\uc6a9\uc131 \ube44\ud0c0\ubbfc C \ud615\ud0dc\uc785\ub2c8\ub2e4. \uc778\uccb4\uc5d0\uc11c \uc0dd\uc131\ub418\uc9c0 \uc54a\ub294 \ube44\ud0c0\ubbfc\uc774\ubbc0\ub85c \uc74c\uc2dd\uc774\ub098 \uac74\uac15 \ubcf4\uc870 \uc2dd\ud488\uc744 \ud1b5\ud574 \uc12d\ucde8\ud574\uc57c \ud569\ub2c8\ub2e4. \uc77c\ubc18 \uc2dd\ud488\uc744 \uac15\ud654\ud558\ub294 \ub370 \uc0ac\uc6a9\ub418\uae30\ub3c4 \ud569\ub2c8\ub2e4.","og_url":"https:\/\/naturalpoland.com\/ko\/je-pum\/ui-yak-pum-won-ryo\/geon-gang-gi-neung-sig-pum-cheom-ga-mul\/aseukoreubil-palmiteiteu\/","og_site_name":"NATURAL POLAND - Hurtowy Dystrybutor Surowc\u00f3w","article_publisher":"https:\/\/www.facebook.com\/naturalpoland.b2b","article_modified_time":"2025-08-21T13:00:36+00:00","og_image":[{"width":250,"height":250,"url":"https:\/\/naturalpoland.com\/wp-content\/uploads\/2021\/05\/ascorbyl-palmitate-bp-ep-usp.jpg","type":"image\/jpeg"}],"schema":{"@context":"https:\/\/schema.org","@graph":[{"@type":"WebPage","@id":"https:\/\/naturalpoland.com\/ko\/je-pum\/ui-yak-pum-won-ryo\/geon-gang-gi-neung-sig-pum-cheom-ga-mul\/aseukoreubil-palmiteiteu\/","url":"https:\/\/naturalpoland.com\/ko\/je-pum\/ui-yak-pum-won-ryo\/geon-gang-gi-neung-sig-pum-cheom-ga-mul\/aseukoreubil-palmiteiteu\/","name":"\uc544\uc2a4\ucf54\ub974\ube4c \ud314\ubbf8\ud14c\uc774\ud2b8 - Hurtowy Dystrybutor","isPartOf":{"@id":"https:\/\/naturalpoland.com\/ko\/#website"},"primaryImageOfPage":{"@id":"https:\/\/naturalpoland.com\/ko\/je-pum\/ui-yak-pum-won-ryo\/geon-gang-gi-neung-sig-pum-cheom-ga-mul\/aseukoreubil-palmiteiteu\/#primaryimage"},"image":{"@id":"https:\/\/naturalpoland.com\/ko\/je-pum\/ui-yak-pum-won-ryo\/geon-gang-gi-neung-sig-pum-cheom-ga-mul\/aseukoreubil-palmiteiteu\/#primaryimage"},"thumbnailUrl":"https:\/\/naturalpoland.com\/wp-content\/uploads\/2021\/05\/ascorbyl-palmitate-bp-ep-usp.jpg","datePublished":"2021-05-11T11:52:33+00:00","dateModified":"2025-08-21T13:00:36+00:00","breadcrumb":{"@id":"https:\/\/naturalpoland.com\/ko\/je-pum\/ui-yak-pum-won-ryo\/geon-gang-gi-neung-sig-pum-cheom-ga-mul\/aseukoreubil-palmiteiteu\/#breadcrumb"},"inLanguage":"ko-KR","potentialAction":[{"@type":"ReadAction","target":["https:\/\/naturalpoland.com\/ko\/je-pum\/ui-yak-pum-won-ryo\/geon-gang-gi-neung-sig-pum-cheom-ga-mul\/aseukoreubil-palmiteiteu\/"]}]},{"@type":"ImageObject","inLanguage":"ko-KR","@id":"https:\/\/naturalpoland.com\/ko\/je-pum\/ui-yak-pum-won-ryo\/geon-gang-gi-neung-sig-pum-cheom-ga-mul\/aseukoreubil-palmiteiteu\/#primaryimage","url":"https:\/\/naturalpoland.com\/wp-content\/uploads\/2021\/05\/ascorbyl-palmitate-bp-ep-usp.jpg","contentUrl":"https:\/\/naturalpoland.com\/wp-content\/uploads\/2021\/05\/ascorbyl-palmitate-bp-ep-usp.jpg","width":250,"height":250,"caption":"Palmitynian askorbylu"},{"@type":"BreadcrumbList","@id":"https:\/\/naturalpoland.com\/ko\/je-pum\/ui-yak-pum-won-ryo\/geon-gang-gi-neung-sig-pum-cheom-ga-mul\/aseukoreubil-palmiteiteu\/#breadcrumb","itemListElement":[{"@type":"ListItem","position":1,"name":"\ud648","item":"https:\/\/naturalpoland.com\/ko\/"},{"@type":"ListItem","position":2,"name":"\uc81c\ud488","item":"https:\/\/naturalpoland.com\/ko\/%ec%a0%9c%ed%92%88\/"},{"@type":"ListItem","position":3,"name":"\uc544\uc2a4\ucf54\ub974\ube4c \ud314\ubbf8\ud14c\uc774\ud2b8"}]},{"@type":"WebSite","@id":"https:\/\/naturalpoland.com\/ko\/#website","url":"https:\/\/naturalpoland.com\/ko\/","name":"NATURAL POLAND - Hurtowy Dystrybutor Surowc\u00f3w","description":"Surowce dla przemys\u0142u spo\u017cywczego, kosmetycznego i farmaceutycznego","publisher":{"@id":"https:\/\/naturalpoland.com\/ko\/#organization"},"potentialAction":[{"@type":"SearchAction","target":{"@type":"EntryPoint","urlTemplate":"https:\/\/naturalpoland.com\/ko\/?s={search_term_string}"},"query-input":{"@type":"PropertyValueSpecification","valueRequired":true,"valueName":"search_term_string"}}],"inLanguage":"ko-KR"},{"@type":"Organization","@id":"https:\/\/naturalpoland.com\/ko\/#organization","name":"Natural Poland","url":"https:\/\/naturalpoland.com\/ko\/","logo":{"@type":"ImageObject","inLanguage":"ko-KR","@id":"https:\/\/naturalpoland.com\/ko\/#\/schema\/logo\/image\/","url":"https:\/\/naturalpoland.com\/wp-content\/uploads\/2021\/05\/natural-poland-icon.png","contentUrl":"https:\/\/naturalpoland.com\/wp-content\/uploads\/2021\/05\/natural-poland-icon.png","width":512,"height":512,"caption":"Natural Poland"},"image":{"@id":"https:\/\/naturalpoland.com\/ko\/#\/schema\/logo\/image\/"},"sameAs":["https:\/\/www.facebook.com\/naturalpoland.b2b","https:\/\/pl.linkedin.com\/company\/natural-poland","https:\/\/www.youtube.com\/channel\/UCgeGGkvOMahZo-xu_MSEWxg"]}]}},"_links":{"self":[{"href":"https:\/\/naturalpoland.com\/ko\/wp-json\/wp\/v2\/product\/42841","targetHints":{"allow":["GET"]}}],"collection":[{"href":"https:\/\/naturalpoland.com\/ko\/wp-json\/wp\/v2\/product"}],"about":[{"href":"https:\/\/naturalpoland.com\/ko\/wp-json\/wp\/v2\/types\/product"}],"wp:featuredmedia":[{"embeddable":true,"href":"https:\/\/naturalpoland.com\/ko\/wp-json\/wp\/v2\/media\/42842"}],"wp:attachment":[{"href":"https:\/\/naturalpoland.com\/ko\/wp-json\/wp\/v2\/media?parent=42841"}],"wp:term":[{"taxonomy":"product_brand","embeddable":true,"href":"https:\/\/naturalpoland.com\/ko\/wp-json\/wp\/v2\/product_brand?post=42841"},{"taxonomy":"product_cat","embeddable":true,"href":"https:\/\/naturalpoland.com\/ko\/wp-json\/wp\/v2\/product_cat?post=42841"},{"taxonomy":"product_tag","embeddable":true,"href":"https:\/\/naturalpoland.com\/ko\/wp-json\/wp\/v2\/product_tag?post=42841"}],"curies":[{"name":"wp","href":"https:\/\/api.w.org\/{rel}","templated":true}]}}