{"id":42843,"date":"2021-05-11T13:54:11","date_gmt":"2021-05-11T11:54:11","guid":{"rendered":"https:\/\/naturalpoland.com\/produkty\/uncategorized\/%ed%81%ac%eb%a0%88%ec%95%84%ed%8b%b4-%ed%94%bc%eb%a3%a8%eb%b8%8c%ec%82%b0%ec%97%bc\/"},"modified":"2025-08-21T15:00:23","modified_gmt":"2025-08-21T13:00:23","slug":"keureatin-pirubusanyeom","status":"publish","type":"product","link":"https:\/\/naturalpoland.com\/ko\/je-pum\/ui-yak-pum-won-ryo\/geon-gang-gi-neung-sig-pum-cheom-ga-mul\/keureatin-pirubusanyeom\/","title":{"rendered":"\ud06c\ub808\uc544\ud2f4 \ud53c\ub8e8\ube0c\uc0b0\uc5fc"},"content":{"rendered":"<p>\ud06c\ub808\uc544\ud2f4 \ud53c\ub8e8\ube0c\uc0b0\uc5fc\uc740 \uadfc\uc721 \ub0b4 ATP \uc218\uce58 \ud68c\ubcf5 \uacfc\uc815\uc744 \uac00\uc18d\ud654\ud558\uace0 \uc800\uc7a5 \ub2a5\ub825\uc744 \ud5a5\uc0c1\uc2dc\ud0b5\ub2c8\ub2e4. \ub530\ub77c\uc11c \uc774\ub294 \uace0\uac15\ub3c4 \uc6b4\ub3d9\uc744 \ud558\uac70\ub098 \uaca9\ub82c\ud558\uac8c \ud6c8\ub828\ud558\ub294 \uc0ac\ub78c\ub4e4\uc744 \uc704\ud55c \uc2dd\uc774 \ubcf4\ucda9\uc81c\uc758 \ub9e4\uc6b0 \uc911\uc694\ud55c \uc131\ubd84\uc785\ub2c8\ub2e4. \uc774\ub7ec\ud55c \ubcf4\ucda9\uc81c \uc12d\ucde8\ub294 \uc2e0\uccb4 \uc9c0\uad6c\ub825\uc744 \ub192\uc5ec \ub354 \uc624\ub798 \ud6c8\ub828\ud560 \uc218 \uc788\uac8c \ud558\uba70, \ub3d9\uc2dc\uc5d0 \ub354 \ub098\uc740 \uacb0\uacfc\ub97c \uc5bb\uc744 \uc218 \uc788\ub3c4\ub85d \ub3d5\uc2b5\ub2c8\ub2e4. \uc804\ubb38\uac00\ubfd0\ub9cc \uc544\ub2c8\ub77c \ud5ec\uc2a4\uc7a5\uc5d0\uc11c \ub9c9 \uc6b4\ub3d9\uc744 \uc2dc\uc791\ud558\ub294 \uc0ac\ub78c\ub4e4\ub3c4 \uc12d\ucde8\ud560 \uc218 \uc788\uc2b5\ub2c8\ub2e4.<\/p>\n","protected":false},"excerpt":{"rendered":"<p>\ud06c\ub808\uc544\ud2f4 \ud53c\ub8e8\ube0c\uc0b0\uc5fc\uc740 \ud06c\ub808\uc544\ud2f4 \ubaa8\ub178\ud558\uc774\ub4dc\ub808\uc774\ud2b8\uc640 \ud53c\ub8e8\ube0c\uc0b0\uc5fc\uc758 \uacb0\ud569\uc73c\ub85c \uc0dd\uc131\ub41c \ud654\ud569\ubb3c\uc785\ub2c8\ub2e4. \uc774\ub294 \ud761\uc218\uc728\uc774 \ub192\uc740 \ud615\ud0dc\ub85c, \uc2e0\uccb4 \ub0b4 \ub2e4\uc591\ud55c \uacfc\uc815\uc5d0\uc11c \ud3ec\ub3c4\ub2f9\uc744 \ud3ec\ucc29\ud558\uace0 \ud65c\uc6a9\ud558\ub294 \ub2a5\ub825\uc744 \ud5a5\uc0c1\uc2dc\ud0a4\ub294 \uc5ed\ud560\uc744 \ud569\ub2c8\ub2e4.<\/p>\n","protected":false},"featured_media":42844,"template":"","meta":{"_acf_changed":false},"product_brand":[],"product_cat":[8143],"product_tag":[],"class_list":{"0":"post-42843","1":"product","2":"type-product","3":"status-publish","4":"has-post-thumbnail","6":"product_cat-geon-gang-gi-neung-sig-pum-cheom-ga-mul","8":"first","9":"instock","10":"shipping-taxable","11":"product-type-simple"},"acf":[],"yoast_head":"<!-- This site is optimized with the Yoast SEO plugin v27.4 - https:\/\/yoast.com\/product\/yoast-seo-wordpress\/ -->\n<title>\ud06c\ub808\uc544\ud2f4 \ud53c\ub8e8\ube0c\uc0b0\uc5fc - Hurtowy Dystrybutor<\/title>\n<meta name=\"robots\" content=\"index, follow, max-snippet:-1, max-image-preview:large, max-video-preview:-1\" \/>\n<link rel=\"canonical\" href=\"https:\/\/naturalpoland.com\/ko\/je-pum\/ui-yak-pum-won-ryo\/geon-gang-gi-neung-sig-pum-cheom-ga-mul\/keureatin-pirubusanyeom\/\" \/>\n<meta property=\"og:locale\" content=\"ko_KR\" \/>\n<meta property=\"og:type\" content=\"article\" \/>\n<meta property=\"og:title\" content=\"\ud06c\ub808\uc544\ud2f4 \ud53c\ub8e8\ube0c\uc0b0\uc5fc - Hurtowy Dystrybutor\" \/>\n<meta property=\"og:description\" content=\"\ud06c\ub808\uc544\ud2f4 \ud53c\ub8e8\ube0c\uc0b0\uc5fc\uc740 \ud06c\ub808\uc544\ud2f4 \ubaa8\ub178\ud558\uc774\ub4dc\ub808\uc774\ud2b8\uc640 \ud53c\ub8e8\ube0c\uc0b0\uc5fc\uc758 \uacb0\ud569\uc73c\ub85c \uc0dd\uc131\ub41c \ud654\ud569\ubb3c\uc785\ub2c8\ub2e4. \uc774\ub294 \ud761\uc218\uc728\uc774 \ub192\uc740 \ud615\ud0dc\ub85c, \uc2e0\uccb4 \ub0b4 \ub2e4\uc591\ud55c \uacfc\uc815\uc5d0\uc11c \ud3ec\ub3c4\ub2f9\uc744 \ud3ec\ucc29\ud558\uace0 \ud65c\uc6a9\ud558\ub294 \ub2a5\ub825\uc744 \ud5a5\uc0c1\uc2dc\ud0a4\ub294 \uc5ed\ud560\uc744 \ud569\ub2c8\ub2e4.\" \/>\n<meta property=\"og:url\" content=\"https:\/\/naturalpoland.com\/ko\/je-pum\/ui-yak-pum-won-ryo\/geon-gang-gi-neung-sig-pum-cheom-ga-mul\/keureatin-pirubusanyeom\/\" \/>\n<meta property=\"og:site_name\" content=\"NATURAL POLAND - Hurtowy Dystrybutor Surowc\u00f3w\" \/>\n<meta property=\"article:publisher\" content=\"https:\/\/www.facebook.com\/naturalpoland.b2b\" \/>\n<meta property=\"article:modified_time\" content=\"2025-08-21T13:00:23+00:00\" \/>\n<meta property=\"og:image\" content=\"https:\/\/naturalpoland.com\/wp-content\/uploads\/2021\/05\/creatine-pyruvate.jpg\" \/>\n\t<meta property=\"og:image:width\" content=\"166\" \/>\n\t<meta property=\"og:image:height\" content=\"90\" \/>\n\t<meta property=\"og:image:type\" content=\"image\/jpeg\" \/>\n<script type=\"application\/ld+json\" class=\"yoast-schema-graph\">{\"@context\":\"https:\\\/\\\/schema.org\",\"@graph\":[{\"@type\":\"WebPage\",\"@id\":\"https:\\\/\\\/naturalpoland.com\\\/ko\\\/je-pum\\\/ui-yak-pum-won-ryo\\\/geon-gang-gi-neung-sig-pum-cheom-ga-mul\\\/keureatin-pirubusanyeom\\\/\",\"url\":\"https:\\\/\\\/naturalpoland.com\\\/ko\\\/je-pum\\\/ui-yak-pum-won-ryo\\\/geon-gang-gi-neung-sig-pum-cheom-ga-mul\\\/keureatin-pirubusanyeom\\\/\",\"name\":\"\ud06c\ub808\uc544\ud2f4 \ud53c\ub8e8\ube0c\uc0b0\uc5fc - Hurtowy Dystrybutor\",\"isPartOf\":{\"@id\":\"https:\\\/\\\/naturalpoland.com\\\/ko\\\/#website\"},\"primaryImageOfPage\":{\"@id\":\"https:\\\/\\\/naturalpoland.com\\\/ko\\\/je-pum\\\/ui-yak-pum-won-ryo\\\/geon-gang-gi-neung-sig-pum-cheom-ga-mul\\\/keureatin-pirubusanyeom\\\/#primaryimage\"},\"image\":{\"@id\":\"https:\\\/\\\/naturalpoland.com\\\/ko\\\/je-pum\\\/ui-yak-pum-won-ryo\\\/geon-gang-gi-neung-sig-pum-cheom-ga-mul\\\/keureatin-pirubusanyeom\\\/#primaryimage\"},\"thumbnailUrl\":\"https:\\\/\\\/naturalpoland.com\\\/wp-content\\\/uploads\\\/2021\\\/05\\\/creatine-pyruvate.jpg\",\"datePublished\":\"2021-05-11T11:54:11+00:00\",\"dateModified\":\"2025-08-21T13:00:23+00:00\",\"breadcrumb\":{\"@id\":\"https:\\\/\\\/naturalpoland.com\\\/ko\\\/je-pum\\\/ui-yak-pum-won-ryo\\\/geon-gang-gi-neung-sig-pum-cheom-ga-mul\\\/keureatin-pirubusanyeom\\\/#breadcrumb\"},\"inLanguage\":\"ko-KR\",\"potentialAction\":[{\"@type\":\"ReadAction\",\"target\":[\"https:\\\/\\\/naturalpoland.com\\\/ko\\\/je-pum\\\/ui-yak-pum-won-ryo\\\/geon-gang-gi-neung-sig-pum-cheom-ga-mul\\\/keureatin-pirubusanyeom\\\/\"]}]},{\"@type\":\"ImageObject\",\"inLanguage\":\"ko-KR\",\"@id\":\"https:\\\/\\\/naturalpoland.com\\\/ko\\\/je-pum\\\/ui-yak-pum-won-ryo\\\/geon-gang-gi-neung-sig-pum-cheom-ga-mul\\\/keureatin-pirubusanyeom\\\/#primaryimage\",\"url\":\"https:\\\/\\\/naturalpoland.com\\\/wp-content\\\/uploads\\\/2021\\\/05\\\/creatine-pyruvate.jpg\",\"contentUrl\":\"https:\\\/\\\/naturalpoland.com\\\/wp-content\\\/uploads\\\/2021\\\/05\\\/creatine-pyruvate.jpg\",\"width\":166,\"height\":90,\"caption\":\"Pirogronian kreatyny\"},{\"@type\":\"BreadcrumbList\",\"@id\":\"https:\\\/\\\/naturalpoland.com\\\/ko\\\/je-pum\\\/ui-yak-pum-won-ryo\\\/geon-gang-gi-neung-sig-pum-cheom-ga-mul\\\/keureatin-pirubusanyeom\\\/#breadcrumb\",\"itemListElement\":[{\"@type\":\"ListItem\",\"position\":1,\"name\":\"\ud648\",\"item\":\"https:\\\/\\\/naturalpoland.com\\\/ko\\\/\"},{\"@type\":\"ListItem\",\"position\":2,\"name\":\"\uc81c\ud488\",\"item\":\"https:\\\/\\\/naturalpoland.com\\\/ko\\\/%ec%a0%9c%ed%92%88\\\/\"},{\"@type\":\"ListItem\",\"position\":3,\"name\":\"\ud06c\ub808\uc544\ud2f4 \ud53c\ub8e8\ube0c\uc0b0\uc5fc\"}]},{\"@type\":\"WebSite\",\"@id\":\"https:\\\/\\\/naturalpoland.com\\\/ko\\\/#website\",\"url\":\"https:\\\/\\\/naturalpoland.com\\\/ko\\\/\",\"name\":\"NATURAL POLAND - Hurtowy Dystrybutor Surowc\u00f3w\",\"description\":\"Surowce dla przemys\u0142u spo\u017cywczego, kosmetycznego i farmaceutycznego\",\"publisher\":{\"@id\":\"https:\\\/\\\/naturalpoland.com\\\/ko\\\/#organization\"},\"potentialAction\":[{\"@type\":\"SearchAction\",\"target\":{\"@type\":\"EntryPoint\",\"urlTemplate\":\"https:\\\/\\\/naturalpoland.com\\\/ko\\\/?s={search_term_string}\"},\"query-input\":{\"@type\":\"PropertyValueSpecification\",\"valueRequired\":true,\"valueName\":\"search_term_string\"}}],\"inLanguage\":\"ko-KR\"},{\"@type\":\"Organization\",\"@id\":\"https:\\\/\\\/naturalpoland.com\\\/ko\\\/#organization\",\"name\":\"Natural Poland\",\"url\":\"https:\\\/\\\/naturalpoland.com\\\/ko\\\/\",\"logo\":{\"@type\":\"ImageObject\",\"inLanguage\":\"ko-KR\",\"@id\":\"https:\\\/\\\/naturalpoland.com\\\/ko\\\/#\\\/schema\\\/logo\\\/image\\\/\",\"url\":\"https:\\\/\\\/naturalpoland.com\\\/wp-content\\\/uploads\\\/2021\\\/05\\\/natural-poland-icon.png\",\"contentUrl\":\"https:\\\/\\\/naturalpoland.com\\\/wp-content\\\/uploads\\\/2021\\\/05\\\/natural-poland-icon.png\",\"width\":512,\"height\":512,\"caption\":\"Natural Poland\"},\"image\":{\"@id\":\"https:\\\/\\\/naturalpoland.com\\\/ko\\\/#\\\/schema\\\/logo\\\/image\\\/\"},\"sameAs\":[\"https:\\\/\\\/www.facebook.com\\\/naturalpoland.b2b\",\"https:\\\/\\\/pl.linkedin.com\\\/company\\\/natural-poland\",\"https:\\\/\\\/www.youtube.com\\\/channel\\\/UCgeGGkvOMahZo-xu_MSEWxg\"]}]}<\/script>\n<!-- \/ Yoast SEO plugin. -->","yoast_head_json":{"title":"\ud06c\ub808\uc544\ud2f4 \ud53c\ub8e8\ube0c\uc0b0\uc5fc - Hurtowy Dystrybutor","robots":{"index":"index","follow":"follow","max-snippet":"max-snippet:-1","max-image-preview":"max-image-preview:large","max-video-preview":"max-video-preview:-1"},"canonical":"https:\/\/naturalpoland.com\/ko\/je-pum\/ui-yak-pum-won-ryo\/geon-gang-gi-neung-sig-pum-cheom-ga-mul\/keureatin-pirubusanyeom\/","og_locale":"ko_KR","og_type":"article","og_title":"\ud06c\ub808\uc544\ud2f4 \ud53c\ub8e8\ube0c\uc0b0\uc5fc - Hurtowy Dystrybutor","og_description":"\ud06c\ub808\uc544\ud2f4 \ud53c\ub8e8\ube0c\uc0b0\uc5fc\uc740 \ud06c\ub808\uc544\ud2f4 \ubaa8\ub178\ud558\uc774\ub4dc\ub808\uc774\ud2b8\uc640 \ud53c\ub8e8\ube0c\uc0b0\uc5fc\uc758 \uacb0\ud569\uc73c\ub85c \uc0dd\uc131\ub41c \ud654\ud569\ubb3c\uc785\ub2c8\ub2e4. \uc774\ub294 \ud761\uc218\uc728\uc774 \ub192\uc740 \ud615\ud0dc\ub85c, \uc2e0\uccb4 \ub0b4 \ub2e4\uc591\ud55c \uacfc\uc815\uc5d0\uc11c \ud3ec\ub3c4\ub2f9\uc744 \ud3ec\ucc29\ud558\uace0 \ud65c\uc6a9\ud558\ub294 \ub2a5\ub825\uc744 \ud5a5\uc0c1\uc2dc\ud0a4\ub294 \uc5ed\ud560\uc744 \ud569\ub2c8\ub2e4.","og_url":"https:\/\/naturalpoland.com\/ko\/je-pum\/ui-yak-pum-won-ryo\/geon-gang-gi-neung-sig-pum-cheom-ga-mul\/keureatin-pirubusanyeom\/","og_site_name":"NATURAL POLAND - Hurtowy Dystrybutor Surowc\u00f3w","article_publisher":"https:\/\/www.facebook.com\/naturalpoland.b2b","article_modified_time":"2025-08-21T13:00:23+00:00","og_image":[{"width":166,"height":90,"url":"https:\/\/naturalpoland.com\/wp-content\/uploads\/2021\/05\/creatine-pyruvate.jpg","type":"image\/jpeg"}],"schema":{"@context":"https:\/\/schema.org","@graph":[{"@type":"WebPage","@id":"https:\/\/naturalpoland.com\/ko\/je-pum\/ui-yak-pum-won-ryo\/geon-gang-gi-neung-sig-pum-cheom-ga-mul\/keureatin-pirubusanyeom\/","url":"https:\/\/naturalpoland.com\/ko\/je-pum\/ui-yak-pum-won-ryo\/geon-gang-gi-neung-sig-pum-cheom-ga-mul\/keureatin-pirubusanyeom\/","name":"\ud06c\ub808\uc544\ud2f4 \ud53c\ub8e8\ube0c\uc0b0\uc5fc - Hurtowy Dystrybutor","isPartOf":{"@id":"https:\/\/naturalpoland.com\/ko\/#website"},"primaryImageOfPage":{"@id":"https:\/\/naturalpoland.com\/ko\/je-pum\/ui-yak-pum-won-ryo\/geon-gang-gi-neung-sig-pum-cheom-ga-mul\/keureatin-pirubusanyeom\/#primaryimage"},"image":{"@id":"https:\/\/naturalpoland.com\/ko\/je-pum\/ui-yak-pum-won-ryo\/geon-gang-gi-neung-sig-pum-cheom-ga-mul\/keureatin-pirubusanyeom\/#primaryimage"},"thumbnailUrl":"https:\/\/naturalpoland.com\/wp-content\/uploads\/2021\/05\/creatine-pyruvate.jpg","datePublished":"2021-05-11T11:54:11+00:00","dateModified":"2025-08-21T13:00:23+00:00","breadcrumb":{"@id":"https:\/\/naturalpoland.com\/ko\/je-pum\/ui-yak-pum-won-ryo\/geon-gang-gi-neung-sig-pum-cheom-ga-mul\/keureatin-pirubusanyeom\/#breadcrumb"},"inLanguage":"ko-KR","potentialAction":[{"@type":"ReadAction","target":["https:\/\/naturalpoland.com\/ko\/je-pum\/ui-yak-pum-won-ryo\/geon-gang-gi-neung-sig-pum-cheom-ga-mul\/keureatin-pirubusanyeom\/"]}]},{"@type":"ImageObject","inLanguage":"ko-KR","@id":"https:\/\/naturalpoland.com\/ko\/je-pum\/ui-yak-pum-won-ryo\/geon-gang-gi-neung-sig-pum-cheom-ga-mul\/keureatin-pirubusanyeom\/#primaryimage","url":"https:\/\/naturalpoland.com\/wp-content\/uploads\/2021\/05\/creatine-pyruvate.jpg","contentUrl":"https:\/\/naturalpoland.com\/wp-content\/uploads\/2021\/05\/creatine-pyruvate.jpg","width":166,"height":90,"caption":"Pirogronian kreatyny"},{"@type":"BreadcrumbList","@id":"https:\/\/naturalpoland.com\/ko\/je-pum\/ui-yak-pum-won-ryo\/geon-gang-gi-neung-sig-pum-cheom-ga-mul\/keureatin-pirubusanyeom\/#breadcrumb","itemListElement":[{"@type":"ListItem","position":1,"name":"\ud648","item":"https:\/\/naturalpoland.com\/ko\/"},{"@type":"ListItem","position":2,"name":"\uc81c\ud488","item":"https:\/\/naturalpoland.com\/ko\/%ec%a0%9c%ed%92%88\/"},{"@type":"ListItem","position":3,"name":"\ud06c\ub808\uc544\ud2f4 \ud53c\ub8e8\ube0c\uc0b0\uc5fc"}]},{"@type":"WebSite","@id":"https:\/\/naturalpoland.com\/ko\/#website","url":"https:\/\/naturalpoland.com\/ko\/","name":"NATURAL POLAND - Hurtowy Dystrybutor Surowc\u00f3w","description":"Surowce dla przemys\u0142u spo\u017cywczego, kosmetycznego i farmaceutycznego","publisher":{"@id":"https:\/\/naturalpoland.com\/ko\/#organization"},"potentialAction":[{"@type":"SearchAction","target":{"@type":"EntryPoint","urlTemplate":"https:\/\/naturalpoland.com\/ko\/?s={search_term_string}"},"query-input":{"@type":"PropertyValueSpecification","valueRequired":true,"valueName":"search_term_string"}}],"inLanguage":"ko-KR"},{"@type":"Organization","@id":"https:\/\/naturalpoland.com\/ko\/#organization","name":"Natural Poland","url":"https:\/\/naturalpoland.com\/ko\/","logo":{"@type":"ImageObject","inLanguage":"ko-KR","@id":"https:\/\/naturalpoland.com\/ko\/#\/schema\/logo\/image\/","url":"https:\/\/naturalpoland.com\/wp-content\/uploads\/2021\/05\/natural-poland-icon.png","contentUrl":"https:\/\/naturalpoland.com\/wp-content\/uploads\/2021\/05\/natural-poland-icon.png","width":512,"height":512,"caption":"Natural Poland"},"image":{"@id":"https:\/\/naturalpoland.com\/ko\/#\/schema\/logo\/image\/"},"sameAs":["https:\/\/www.facebook.com\/naturalpoland.b2b","https:\/\/pl.linkedin.com\/company\/natural-poland","https:\/\/www.youtube.com\/channel\/UCgeGGkvOMahZo-xu_MSEWxg"]}]}},"_links":{"self":[{"href":"https:\/\/naturalpoland.com\/ko\/wp-json\/wp\/v2\/product\/42843","targetHints":{"allow":["GET"]}}],"collection":[{"href":"https:\/\/naturalpoland.com\/ko\/wp-json\/wp\/v2\/product"}],"about":[{"href":"https:\/\/naturalpoland.com\/ko\/wp-json\/wp\/v2\/types\/product"}],"wp:featuredmedia":[{"embeddable":true,"href":"https:\/\/naturalpoland.com\/ko\/wp-json\/wp\/v2\/media\/42844"}],"wp:attachment":[{"href":"https:\/\/naturalpoland.com\/ko\/wp-json\/wp\/v2\/media?parent=42843"}],"wp:term":[{"taxonomy":"product_brand","embeddable":true,"href":"https:\/\/naturalpoland.com\/ko\/wp-json\/wp\/v2\/product_brand?post=42843"},{"taxonomy":"product_cat","embeddable":true,"href":"https:\/\/naturalpoland.com\/ko\/wp-json\/wp\/v2\/product_cat?post=42843"},{"taxonomy":"product_tag","embeddable":true,"href":"https:\/\/naturalpoland.com\/ko\/wp-json\/wp\/v2\/product_tag?post=42843"}],"curies":[{"name":"wp","href":"https:\/\/api.w.org\/{rel}","templated":true}]}}