{"id":42845,"date":"2021-05-11T13:54:34","date_gmt":"2021-05-11T11:54:34","guid":{"rendered":"https:\/\/naturalpoland.com\/produkty\/uncategorized\/%eb%a7%88%ea%b7%b8%eb%84%a4%ec%8a%98-%ed%94%bc%eb%a3%a8%eb%b8%8c%ec%82%b0%ec%97%bc\/"},"modified":"2025-08-21T15:00:07","modified_gmt":"2025-08-21T13:00:07","slug":"mageunesyum-pirubusanyeom","status":"publish","type":"product","link":"https:\/\/naturalpoland.com\/ko\/je-pum\/ui-yak-pum-won-ryo\/geon-gang-gi-neung-sig-pum-cheom-ga-mul\/mageunesyum-pirubusanyeom\/","title":{"rendered":"\ub9c8\uadf8\ub124\uc298 \ud53c\ub8e8\ube0c\uc0b0\uc5fc"},"content":{"rendered":"<p>\ub9c8\uadf8\ub124\uc298 \ud53c\ub8e8\ube0c\uc0b0\uc5fc\uc740 \ubaa8\ub4e0 \uc6b4\ub3d9\uc120\uc218\uc5d0\uac8c \ub9e4\uc6b0 \uadc0\uc911\ud55c \uac74\uac15 \ubcf4\uc870 \uc2dd\ud488\uc774 \ub420 \uc218 \uc788\uc2b5\ub2c8\ub2e4. \ub9c8\uadf8\ub124\uc298\uc740 \ud53c\ub85c\uc758 \uc9d5\ud6c4\ub97c \uc904\uc774\uace0 \uc9d1\uc911\ub825\uc744 \ub192\uc5ec\uc90d\ub2c8\ub2e4. \uadfc\uc721 \uacbd\ub828\uc744 \uc904\uc774\uace0 \ud3b8\uc548\ud55c \uc218\uba74\uc744 \ub3d5\uc2b5\ub2c8\ub2e4. \ud53c\ub8e8\ube0c\uc0b0\uc5fc \ud615\ud0dc\ub85c, \uaca9\ub82c\ud55c \uc6b4\ub3d9\uc744 \uc704\ud55c \uc5d0\ub108\uc9c0\ub97c \uc2e0\uccb4\uc5d0 \ud6a8\uacfc\uc801\uc73c\ub85c \uacf5\uae09\ud569\ub2c8\ub2e4. \ucd5c\uc18c \uba87 \uc8fc \ub3d9\uc548 \uafb8\uc900\ud788 \uc12d\ucde8\ud560 \ub54c \uac00\uc7a5 \uc88b\uc740 \ud6a8\uacfc\ub97c \ubcfc \uc218 \uc788\uc2b5\ub2c8\ub2e4.<\/p>\n","protected":false},"excerpt":{"rendered":"<p><strong>\ub9c8\uadf8\ub124\uc298 \ud53c\ub8e8\ube0c\uc0b0\uc5fc<\/strong>\uc740 \uc6b4\ub3d9\ud558\ub294 \uc0ac\ub78c\ub4e4\uc744 \uc704\ud55c \uac74\uac15 \ubcf4\uc870 \uc2dd\ud488\uc758 \uc911\uc694\ud55c \uc131\ubd84\uc785\ub2c8\ub2e4. \uc774\ub294 \ud06c\ub819\uc2a4 \ud68c\ub85c\uc5d0\uc11c \uc5d0\ub108\uc9c0 \uc0dd\uc131\uc744 \ucd09\uc9c4\ud569\ub2c8\ub2e4. \uc774\ub294 \uc2e0\uccb4 \ub2a5\ub825 \ud5a5\uc0c1\uc5d0 \uc601\ud5a5\uc744 \ubbf8\uce69\ub2c8\ub2e4. \ud53c\ub8e8\ube0c\uc0b0\uc5fc\uc740 \ub610\ud55c \uc6b4\ub3d9 \ud6c4 \ud53c\ub85c\ub97c \uc904\uc774\uace0 \ud68c\ubcf5\uc744 \uac00\uc18d\ud654\ud569\ub2c8\ub2e4. \uc774\ub97c \uc0ac\uc6a9\ud558\uba74 \ub354 \uae38\uace0 \ub354 \uac15\ub3c4 \ub192\uac8c \uc6b4\ub3d9\ud560 \uc218 \uc788\uc2b5\ub2c8\ub2e4.<\/p>\n","protected":false},"featured_media":42848,"template":"","meta":{"_acf_changed":false},"product_brand":[],"product_cat":[8143],"product_tag":[],"class_list":{"0":"post-42845","1":"product","2":"type-product","3":"status-publish","4":"has-post-thumbnail","6":"product_cat-geon-gang-gi-neung-sig-pum-cheom-ga-mul","8":"first","9":"instock","10":"shipping-taxable","11":"product-type-simple"},"acf":[],"yoast_head":"<!-- This site is optimized with the Yoast SEO plugin v27.4 - https:\/\/yoast.com\/product\/yoast-seo-wordpress\/ -->\n<title>NATURAL POLAND &#8211; Hurtowy Dystrybutor Surowc\u00f3w<\/title>\n<meta name=\"description\" content=\"\ub9c8\uadf8\ub124\uc298 \ud53c\ub8e8\ube0c\uc0b0\uc5fc\uc740 \uc6b4\ub3d9\ud558\ub294 \uc0ac\ub78c\ub4e4\uc744 \uc704\ud55c \uac74\uac15 \ubcf4\uc870 \uc2dd\ud488\uc758 \uc911\uc694\ud55c \uc131\ubd84\uc785\ub2c8\ub2e4. \uc774\ub294 \ud06c\ub819\uc2a4 \ud68c\ub85c\uc5d0\uc11c \uc5d0\ub108\uc9c0 \uc0dd\uc131\uc744 \ucd09\uc9c4\ud569\ub2c8\ub2e4.\" \/>\n<meta name=\"robots\" content=\"index, follow, max-snippet:-1, max-image-preview:large, max-video-preview:-1\" \/>\n<link rel=\"canonical\" href=\"https:\/\/naturalpoland.com\/ko\/je-pum\/ui-yak-pum-won-ryo\/geon-gang-gi-neung-sig-pum-cheom-ga-mul\/mageunesyum-pirubusanyeom\/\" \/>\n<meta property=\"og:locale\" content=\"ko_KR\" \/>\n<meta property=\"og:type\" content=\"article\" \/>\n<meta property=\"og:description\" content=\"\ub9c8\uadf8\ub124\uc298 \ud53c\ub8e8\ube0c\uc0b0\uc5fc\uc740 \uc6b4\ub3d9\ud558\ub294 \uc0ac\ub78c\ub4e4\uc744 \uc704\ud55c \uac74\uac15 \ubcf4\uc870 \uc2dd\ud488\uc758 \uc911\uc694\ud55c \uc131\ubd84\uc785\ub2c8\ub2e4. \uc774\ub294 \ud06c\ub819\uc2a4 \ud68c\ub85c\uc5d0\uc11c \uc5d0\ub108\uc9c0 \uc0dd\uc131\uc744 \ucd09\uc9c4\ud569\ub2c8\ub2e4.\" \/>\n<meta property=\"og:url\" content=\"https:\/\/naturalpoland.com\/ko\/je-pum\/ui-yak-pum-won-ryo\/geon-gang-gi-neung-sig-pum-cheom-ga-mul\/mageunesyum-pirubusanyeom\/\" \/>\n<meta property=\"og:site_name\" content=\"NATURAL POLAND - Hurtowy Dystrybutor Surowc\u00f3w\" \/>\n<meta property=\"article:publisher\" content=\"https:\/\/www.facebook.com\/naturalpoland.b2b\" \/>\n<meta property=\"article:modified_time\" content=\"2025-08-21T13:00:07+00:00\" \/>\n<meta property=\"og:image\" content=\"https:\/\/naturalpoland.com\/wp-content\/uploads\/pirogronian-magnezu.jpg\" \/>\n\t<meta property=\"og:image:width\" content=\"650\" \/>\n\t<meta property=\"og:image:height\" content=\"650\" \/>\n\t<meta property=\"og:image:type\" content=\"image\/jpeg\" \/>\n<script type=\"application\/ld+json\" class=\"yoast-schema-graph\">{\"@context\":\"https:\\\/\\\/schema.org\",\"@graph\":[{\"@type\":\"WebPage\",\"@id\":\"https:\\\/\\\/naturalpoland.com\\\/ko\\\/je-pum\\\/ui-yak-pum-won-ryo\\\/geon-gang-gi-neung-sig-pum-cheom-ga-mul\\\/mageunesyum-pirubusanyeom\\\/\",\"url\":\"https:\\\/\\\/naturalpoland.com\\\/ko\\\/je-pum\\\/ui-yak-pum-won-ryo\\\/geon-gang-gi-neung-sig-pum-cheom-ga-mul\\\/mageunesyum-pirubusanyeom\\\/\",\"name\":\"\",\"isPartOf\":{\"@id\":\"https:\\\/\\\/naturalpoland.com\\\/ko\\\/#website\"},\"primaryImageOfPage\":{\"@id\":\"https:\\\/\\\/naturalpoland.com\\\/ko\\\/je-pum\\\/ui-yak-pum-won-ryo\\\/geon-gang-gi-neung-sig-pum-cheom-ga-mul\\\/mageunesyum-pirubusanyeom\\\/#primaryimage\"},\"image\":{\"@id\":\"https:\\\/\\\/naturalpoland.com\\\/ko\\\/je-pum\\\/ui-yak-pum-won-ryo\\\/geon-gang-gi-neung-sig-pum-cheom-ga-mul\\\/mageunesyum-pirubusanyeom\\\/#primaryimage\"},\"thumbnailUrl\":\"https:\\\/\\\/naturalpoland.com\\\/wp-content\\\/uploads\\\/pirogronian-magnezu.jpg\",\"datePublished\":\"2021-05-11T11:54:34+00:00\",\"dateModified\":\"2025-08-21T13:00:07+00:00\",\"description\":\"\ub9c8\uadf8\ub124\uc298 \ud53c\ub8e8\ube0c\uc0b0\uc5fc\uc740 \uc6b4\ub3d9\ud558\ub294 \uc0ac\ub78c\ub4e4\uc744 \uc704\ud55c \uac74\uac15 \ubcf4\uc870 \uc2dd\ud488\uc758 \uc911\uc694\ud55c \uc131\ubd84\uc785\ub2c8\ub2e4. \uc774\ub294 \ud06c\ub819\uc2a4 \ud68c\ub85c\uc5d0\uc11c \uc5d0\ub108\uc9c0 \uc0dd\uc131\uc744 \ucd09\uc9c4\ud569\ub2c8\ub2e4.\",\"breadcrumb\":{\"@id\":\"https:\\\/\\\/naturalpoland.com\\\/ko\\\/je-pum\\\/ui-yak-pum-won-ryo\\\/geon-gang-gi-neung-sig-pum-cheom-ga-mul\\\/mageunesyum-pirubusanyeom\\\/#breadcrumb\"},\"inLanguage\":\"ko-KR\",\"potentialAction\":[{\"@type\":\"ReadAction\",\"target\":[\"https:\\\/\\\/naturalpoland.com\\\/ko\\\/je-pum\\\/ui-yak-pum-won-ryo\\\/geon-gang-gi-neung-sig-pum-cheom-ga-mul\\\/mageunesyum-pirubusanyeom\\\/\"]}]},{\"@type\":\"ImageObject\",\"inLanguage\":\"ko-KR\",\"@id\":\"https:\\\/\\\/naturalpoland.com\\\/ko\\\/je-pum\\\/ui-yak-pum-won-ryo\\\/geon-gang-gi-neung-sig-pum-cheom-ga-mul\\\/mageunesyum-pirubusanyeom\\\/#primaryimage\",\"url\":\"https:\\\/\\\/naturalpoland.com\\\/wp-content\\\/uploads\\\/pirogronian-magnezu.jpg\",\"contentUrl\":\"https:\\\/\\\/naturalpoland.com\\\/wp-content\\\/uploads\\\/pirogronian-magnezu.jpg\",\"width\":650,\"height\":650,\"caption\":\"pirogronian magnezu\"},{\"@type\":\"BreadcrumbList\",\"@id\":\"https:\\\/\\\/naturalpoland.com\\\/ko\\\/je-pum\\\/ui-yak-pum-won-ryo\\\/geon-gang-gi-neung-sig-pum-cheom-ga-mul\\\/mageunesyum-pirubusanyeom\\\/#breadcrumb\",\"itemListElement\":[{\"@type\":\"ListItem\",\"position\":1,\"name\":\"\ud648\",\"item\":\"https:\\\/\\\/naturalpoland.com\\\/ko\\\/\"},{\"@type\":\"ListItem\",\"position\":2,\"name\":\"\uc81c\ud488\",\"item\":\"https:\\\/\\\/naturalpoland.com\\\/ko\\\/%ec%a0%9c%ed%92%88\\\/\"},{\"@type\":\"ListItem\",\"position\":3,\"name\":\"\ub9c8\uadf8\ub124\uc298 \ud53c\ub8e8\ube0c\uc0b0\uc5fc\"}]},{\"@type\":\"WebSite\",\"@id\":\"https:\\\/\\\/naturalpoland.com\\\/ko\\\/#website\",\"url\":\"https:\\\/\\\/naturalpoland.com\\\/ko\\\/\",\"name\":\"NATURAL POLAND - Hurtowy Dystrybutor Surowc\u00f3w\",\"description\":\"Surowce dla przemys\u0142u spo\u017cywczego, kosmetycznego i farmaceutycznego\",\"publisher\":{\"@id\":\"https:\\\/\\\/naturalpoland.com\\\/ko\\\/#organization\"},\"potentialAction\":[{\"@type\":\"SearchAction\",\"target\":{\"@type\":\"EntryPoint\",\"urlTemplate\":\"https:\\\/\\\/naturalpoland.com\\\/ko\\\/?s={search_term_string}\"},\"query-input\":{\"@type\":\"PropertyValueSpecification\",\"valueRequired\":true,\"valueName\":\"search_term_string\"}}],\"inLanguage\":\"ko-KR\"},{\"@type\":\"Organization\",\"@id\":\"https:\\\/\\\/naturalpoland.com\\\/ko\\\/#organization\",\"name\":\"Natural Poland\",\"url\":\"https:\\\/\\\/naturalpoland.com\\\/ko\\\/\",\"logo\":{\"@type\":\"ImageObject\",\"inLanguage\":\"ko-KR\",\"@id\":\"https:\\\/\\\/naturalpoland.com\\\/ko\\\/#\\\/schema\\\/logo\\\/image\\\/\",\"url\":\"https:\\\/\\\/naturalpoland.com\\\/wp-content\\\/uploads\\\/2021\\\/05\\\/natural-poland-icon.png\",\"contentUrl\":\"https:\\\/\\\/naturalpoland.com\\\/wp-content\\\/uploads\\\/2021\\\/05\\\/natural-poland-icon.png\",\"width\":512,\"height\":512,\"caption\":\"Natural Poland\"},\"image\":{\"@id\":\"https:\\\/\\\/naturalpoland.com\\\/ko\\\/#\\\/schema\\\/logo\\\/image\\\/\"},\"sameAs\":[\"https:\\\/\\\/www.facebook.com\\\/naturalpoland.b2b\",\"https:\\\/\\\/pl.linkedin.com\\\/company\\\/natural-poland\",\"https:\\\/\\\/www.youtube.com\\\/channel\\\/UCgeGGkvOMahZo-xu_MSEWxg\"]}]}<\/script>\n<!-- \/ Yoast SEO plugin. -->","yoast_head_json":{"title":"NATURAL POLAND &#8211; Hurtowy Dystrybutor Surowc\u00f3w","description":"\ub9c8\uadf8\ub124\uc298 \ud53c\ub8e8\ube0c\uc0b0\uc5fc\uc740 \uc6b4\ub3d9\ud558\ub294 \uc0ac\ub78c\ub4e4\uc744 \uc704\ud55c \uac74\uac15 \ubcf4\uc870 \uc2dd\ud488\uc758 \uc911\uc694\ud55c \uc131\ubd84\uc785\ub2c8\ub2e4. \uc774\ub294 \ud06c\ub819\uc2a4 \ud68c\ub85c\uc5d0\uc11c \uc5d0\ub108\uc9c0 \uc0dd\uc131\uc744 \ucd09\uc9c4\ud569\ub2c8\ub2e4.","robots":{"index":"index","follow":"follow","max-snippet":"max-snippet:-1","max-image-preview":"max-image-preview:large","max-video-preview":"max-video-preview:-1"},"canonical":"https:\/\/naturalpoland.com\/ko\/je-pum\/ui-yak-pum-won-ryo\/geon-gang-gi-neung-sig-pum-cheom-ga-mul\/mageunesyum-pirubusanyeom\/","og_locale":"ko_KR","og_type":"article","og_description":"\ub9c8\uadf8\ub124\uc298 \ud53c\ub8e8\ube0c\uc0b0\uc5fc\uc740 \uc6b4\ub3d9\ud558\ub294 \uc0ac\ub78c\ub4e4\uc744 \uc704\ud55c \uac74\uac15 \ubcf4\uc870 \uc2dd\ud488\uc758 \uc911\uc694\ud55c \uc131\ubd84\uc785\ub2c8\ub2e4. \uc774\ub294 \ud06c\ub819\uc2a4 \ud68c\ub85c\uc5d0\uc11c \uc5d0\ub108\uc9c0 \uc0dd\uc131\uc744 \ucd09\uc9c4\ud569\ub2c8\ub2e4.","og_url":"https:\/\/naturalpoland.com\/ko\/je-pum\/ui-yak-pum-won-ryo\/geon-gang-gi-neung-sig-pum-cheom-ga-mul\/mageunesyum-pirubusanyeom\/","og_site_name":"NATURAL POLAND - Hurtowy Dystrybutor Surowc\u00f3w","article_publisher":"https:\/\/www.facebook.com\/naturalpoland.b2b","article_modified_time":"2025-08-21T13:00:07+00:00","og_image":[{"width":650,"height":650,"url":"https:\/\/naturalpoland.com\/wp-content\/uploads\/pirogronian-magnezu.jpg","type":"image\/jpeg"}],"schema":{"@context":"https:\/\/schema.org","@graph":[{"@type":"WebPage","@id":"https:\/\/naturalpoland.com\/ko\/je-pum\/ui-yak-pum-won-ryo\/geon-gang-gi-neung-sig-pum-cheom-ga-mul\/mageunesyum-pirubusanyeom\/","url":"https:\/\/naturalpoland.com\/ko\/je-pum\/ui-yak-pum-won-ryo\/geon-gang-gi-neung-sig-pum-cheom-ga-mul\/mageunesyum-pirubusanyeom\/","name":"","isPartOf":{"@id":"https:\/\/naturalpoland.com\/ko\/#website"},"primaryImageOfPage":{"@id":"https:\/\/naturalpoland.com\/ko\/je-pum\/ui-yak-pum-won-ryo\/geon-gang-gi-neung-sig-pum-cheom-ga-mul\/mageunesyum-pirubusanyeom\/#primaryimage"},"image":{"@id":"https:\/\/naturalpoland.com\/ko\/je-pum\/ui-yak-pum-won-ryo\/geon-gang-gi-neung-sig-pum-cheom-ga-mul\/mageunesyum-pirubusanyeom\/#primaryimage"},"thumbnailUrl":"https:\/\/naturalpoland.com\/wp-content\/uploads\/pirogronian-magnezu.jpg","datePublished":"2021-05-11T11:54:34+00:00","dateModified":"2025-08-21T13:00:07+00:00","description":"\ub9c8\uadf8\ub124\uc298 \ud53c\ub8e8\ube0c\uc0b0\uc5fc\uc740 \uc6b4\ub3d9\ud558\ub294 \uc0ac\ub78c\ub4e4\uc744 \uc704\ud55c \uac74\uac15 \ubcf4\uc870 \uc2dd\ud488\uc758 \uc911\uc694\ud55c \uc131\ubd84\uc785\ub2c8\ub2e4. \uc774\ub294 \ud06c\ub819\uc2a4 \ud68c\ub85c\uc5d0\uc11c \uc5d0\ub108\uc9c0 \uc0dd\uc131\uc744 \ucd09\uc9c4\ud569\ub2c8\ub2e4.","breadcrumb":{"@id":"https:\/\/naturalpoland.com\/ko\/je-pum\/ui-yak-pum-won-ryo\/geon-gang-gi-neung-sig-pum-cheom-ga-mul\/mageunesyum-pirubusanyeom\/#breadcrumb"},"inLanguage":"ko-KR","potentialAction":[{"@type":"ReadAction","target":["https:\/\/naturalpoland.com\/ko\/je-pum\/ui-yak-pum-won-ryo\/geon-gang-gi-neung-sig-pum-cheom-ga-mul\/mageunesyum-pirubusanyeom\/"]}]},{"@type":"ImageObject","inLanguage":"ko-KR","@id":"https:\/\/naturalpoland.com\/ko\/je-pum\/ui-yak-pum-won-ryo\/geon-gang-gi-neung-sig-pum-cheom-ga-mul\/mageunesyum-pirubusanyeom\/#primaryimage","url":"https:\/\/naturalpoland.com\/wp-content\/uploads\/pirogronian-magnezu.jpg","contentUrl":"https:\/\/naturalpoland.com\/wp-content\/uploads\/pirogronian-magnezu.jpg","width":650,"height":650,"caption":"pirogronian magnezu"},{"@type":"BreadcrumbList","@id":"https:\/\/naturalpoland.com\/ko\/je-pum\/ui-yak-pum-won-ryo\/geon-gang-gi-neung-sig-pum-cheom-ga-mul\/mageunesyum-pirubusanyeom\/#breadcrumb","itemListElement":[{"@type":"ListItem","position":1,"name":"\ud648","item":"https:\/\/naturalpoland.com\/ko\/"},{"@type":"ListItem","position":2,"name":"\uc81c\ud488","item":"https:\/\/naturalpoland.com\/ko\/%ec%a0%9c%ed%92%88\/"},{"@type":"ListItem","position":3,"name":"\ub9c8\uadf8\ub124\uc298 \ud53c\ub8e8\ube0c\uc0b0\uc5fc"}]},{"@type":"WebSite","@id":"https:\/\/naturalpoland.com\/ko\/#website","url":"https:\/\/naturalpoland.com\/ko\/","name":"NATURAL POLAND - Hurtowy Dystrybutor Surowc\u00f3w","description":"Surowce dla przemys\u0142u spo\u017cywczego, kosmetycznego i farmaceutycznego","publisher":{"@id":"https:\/\/naturalpoland.com\/ko\/#organization"},"potentialAction":[{"@type":"SearchAction","target":{"@type":"EntryPoint","urlTemplate":"https:\/\/naturalpoland.com\/ko\/?s={search_term_string}"},"query-input":{"@type":"PropertyValueSpecification","valueRequired":true,"valueName":"search_term_string"}}],"inLanguage":"ko-KR"},{"@type":"Organization","@id":"https:\/\/naturalpoland.com\/ko\/#organization","name":"Natural Poland","url":"https:\/\/naturalpoland.com\/ko\/","logo":{"@type":"ImageObject","inLanguage":"ko-KR","@id":"https:\/\/naturalpoland.com\/ko\/#\/schema\/logo\/image\/","url":"https:\/\/naturalpoland.com\/wp-content\/uploads\/2021\/05\/natural-poland-icon.png","contentUrl":"https:\/\/naturalpoland.com\/wp-content\/uploads\/2021\/05\/natural-poland-icon.png","width":512,"height":512,"caption":"Natural Poland"},"image":{"@id":"https:\/\/naturalpoland.com\/ko\/#\/schema\/logo\/image\/"},"sameAs":["https:\/\/www.facebook.com\/naturalpoland.b2b","https:\/\/pl.linkedin.com\/company\/natural-poland","https:\/\/www.youtube.com\/channel\/UCgeGGkvOMahZo-xu_MSEWxg"]}]}},"_links":{"self":[{"href":"https:\/\/naturalpoland.com\/ko\/wp-json\/wp\/v2\/product\/42845","targetHints":{"allow":["GET"]}}],"collection":[{"href":"https:\/\/naturalpoland.com\/ko\/wp-json\/wp\/v2\/product"}],"about":[{"href":"https:\/\/naturalpoland.com\/ko\/wp-json\/wp\/v2\/types\/product"}],"wp:featuredmedia":[{"embeddable":true,"href":"https:\/\/naturalpoland.com\/ko\/wp-json\/wp\/v2\/media\/42848"}],"wp:attachment":[{"href":"https:\/\/naturalpoland.com\/ko\/wp-json\/wp\/v2\/media?parent=42845"}],"wp:term":[{"taxonomy":"product_brand","embeddable":true,"href":"https:\/\/naturalpoland.com\/ko\/wp-json\/wp\/v2\/product_brand?post=42845"},{"taxonomy":"product_cat","embeddable":true,"href":"https:\/\/naturalpoland.com\/ko\/wp-json\/wp\/v2\/product_cat?post=42845"},{"taxonomy":"product_tag","embeddable":true,"href":"https:\/\/naturalpoland.com\/ko\/wp-json\/wp\/v2\/product_tag?post=42845"}],"curies":[{"name":"wp","href":"https:\/\/api.w.org\/{rel}","templated":true}]}}