{"id":42849,"date":"2021-05-11T13:45:23","date_gmt":"2021-05-11T11:45:23","guid":{"rendered":"https:\/\/naturalpoland.com\/produkty\/uncategorized\/l-%ec%b9%b4%eb%a5%b4%eb%85%b8%ec%8b%a0\/"},"modified":"2025-08-21T15:01:40","modified_gmt":"2025-08-21T13:01:40","slug":"l-kareunosin","status":"publish","type":"product","link":"https:\/\/naturalpoland.com\/ko\/je-pum\/hwa-jang-pum-won-ryo\/pep-ta-i-deu\/l-kareunosin\/","title":{"rendered":"L-\uce74\ub974\ub178\uc2e0"},"content":{"rendered":"<h2>\uac74\uac15 \ubcf4\uc870 \uc2dd\ud488 \uc18d L-\uce74\ub974\ub178\uc2e0:<\/h2>\n<p>L-\uce74\ub974\ub178\uc2e0\uc740 \uccb4\ub0b4 \ub3c5\uc18c \uc81c\uac70 \uacfc\uc815\uacfc \uc790\uc5f0\uc801\uc778 \uadfc\uc721 \uc131\uc7a5\uc744 \ub3d5\uc2b5\ub2c8\ub2e4. \uc0c1\ucc98 \uce58\uc720 \uacfc\uc815\uc744 \uac00\uc18d\ud654\ud558\uace0, \uc21c\ud658\uacc4\ub97c \ubcf4\ud638\ud558\uba70, \uc2ec\uadfc\uacbd\uc0c9 \ubc1c\uc0dd \uc704\ud5d8\uc744 \uc904\uc5ec\uc90d\ub2c8\ub2e4.<\/p>\n<p>\ud2b9\ud788 \uc6b4\ub3d9\uc120\uc218\ub4e4\uc5d0\uac8c \uad8c\uc7a5\ub429\ub2c8\ub2e4. \uadfc\uc12c\uc720\uc758 \uc218\ucd95\ub825\uc744 \ud5a5\uc0c1\uc2dc\ud0a4\uace0, \uccb4\ud615 \ud615\uc131\uc744 \ub3c4\uc6b0\uba70, \uadfc\uc721\ub7c9 \uc99d\uac00\ub97c \uc9c0\uc6d0\ud569\ub2c8\ub2e4.<\/p>\n<h2>\ud654\uc7a5\ud488 \uc18d L-\uce74\ub974\ub178\uc2e0:<\/h2>\n<p>L-\uce74\ub974\ub178\uc2e0\uc758 \uc8fc\uc694 \uc791\uc6a9 \uba54\ucee4\ub2c8\uc998\uc740 \uc870\uae30 \ud53c\ubd80 \ub178\ud654\uc758 \uc8fc\uc694 \uc6d0\uc778 \uc911 \ud558\ub098\uc778 <strong>\uc790\uc720 \ub77c\ub514\uce7c\uc744 \uc911\ud654\ud558\ub294 \ub2a5\ub825<\/strong>\uc785\ub2c8\ub2e4. \uc790\uc720 \ub77c\ub514\uce7c\uc740 \ud53c\ubd80 \uc138\ud3ec\ub97c \uc190\uc0c1\uc2dc\ucf1c \ud0c4\ub825 \uc800\ud558, \uc8fc\ub984 \ud615\uc131 \ubc0f \uae30\ud0c0 \ub178\ud654 \uc9d5\ud6c4\ub97c \uc720\ubc1c\ud558\ub294 \ubd88\uc548\uc815\ud55c \uc785\uc790\uc785\ub2c8\ub2e4.<\/p>\n<p>L-\uce74\ub974\ub178\uc2e0\uc740 \uac15\ub825\ud55c <strong>\ud56d\uc0b0\ud654\uc81c<\/strong>\ub85c \uc791\uc6a9\ud558\uc5ec \uc790\uc720 \ub77c\ub514\uce7c\uc744 \uacb0\ud569\ud558\uace0 \uc911\ud654\ud568\uc73c\ub85c\uc368 \ud53c\ubd80 \uc190\uc0c1\uc744 \ubc29\uc9c0\ud569\ub2c8\ub2e4. \uadf8 \uacb0\uacfc, \ud53c\ubd80\ub294 \ub354 \uc80a\uc5b4 \ubcf4\uc774\uace0 \ub9e4\ub044\ub7fd\uace0 \ud0c4\ub825 \uc788\uc5b4\uc9c0\uba70, \uc8fc\ub984\uacfc \ud45c\uc815\uc120\uc774 \ub35c \ub208\uc5d0 \ub744\uac8c \ub429\ub2c8\ub2e4.<\/p>\n","protected":false},"excerpt":{"rendered":"<p><strong>L-\uce74\ub974\ub178\uc2e0<\/strong>\uc740 \ud788\uc2a4\ud2f0\ub518\uacfc \ubca0\ud0c0-\uc54c\ub77c\ub2cc\uc774 \uacb0\ud569\ub41c \ub514\ud3a9\ud2f0\ub4dc\uc785\ub2c8\ub2e4. \uc778\uccb4\uc5d0 \uc790\uc5f0\uc801\uc73c\ub85c \uc874\uc7ac\ud569\ub2c8\ub2e4. \uadf8\ub7ec\ub098 \ub098\uc774\uac00 \ub4e4\uba74\uc11c \uadf8 \uc218\uce58\uac00 \uac10\uc18c\ud558\uc5ec <strong>\ubcf4\ucda9<\/strong>\uc774 \ud544\uc694\ud574\uc9d1\ub2c8\ub2e4. L-\uce74\ub974\ub178\uc2e0\uc740 \ub610\ud55c \uc8fc\ub984 \uac1c\uc120 \ubc0f \ud53c\ubd80 \ub178\ud654 \uacfc\uc815 \uc9c0\uc5f0 \ub2a5\ub825\uc73c\ub85c \uc798 \uc54c\ub824\uc9c4 \uac15\ub825\ud55c <strong>\ud654\uc7a5\ud488 \uc131\ubd84<\/strong>\uc785\ub2c8\ub2e4.<\/p>\n","protected":false},"featured_media":42850,"template":"","meta":[],"product_brand":[],"product_cat":[8143,8157],"product_tag":[],"class_list":{"0":"post-42849","1":"product","2":"type-product","3":"status-publish","4":"has-post-thumbnail","6":"product_cat-geon-gang-gi-neung-sig-pum-cheom-ga-mul","7":"product_cat-pep-ta-i-deu","9":"first","10":"instock","11":"shipping-taxable","12":"product-type-simple"},"yoast_head":"<!-- This site is optimized with the Yoast SEO plugin v27.3 - https:\/\/yoast.com\/product\/yoast-seo-wordpress\/ -->\n<title>L-\uce74\ub974\ub178\uc2e0 - Hurtowy Dystrybutor<\/title>\n<meta name=\"description\" content=\"L-\uce74\ub974\ub178\uc2e0\uc740 \ub450 \uac00\uc9c0 \uc544\ubbf8\ub178\uc0b0\uc778 \ubca0\ud0c0-\uc54c\ub77c\ub2cc\uacfc \ud788\uc2a4\ud2f0\ub518\uc73c\ub85c \uad6c\uc131\ub41c \uc0dd\uccb4 \ud65c\uc131 \ubb3c\uc9c8\uc785\ub2c8\ub2e4. \uac74\uac15\uc5d0 \ub9e4\uc6b0 \uc911\uc694\ud569\ub2c8\ub2e4.\" \/>\n<meta name=\"robots\" content=\"index, follow, max-snippet:-1, max-image-preview:large, max-video-preview:-1\" \/>\n<link rel=\"canonical\" href=\"https:\/\/naturalpoland.com\/ko\/je-pum\/hwa-jang-pum-won-ryo\/pep-ta-i-deu\/l-kareunosin\/\" \/>\n<meta property=\"og:locale\" content=\"ko_KR\" \/>\n<meta property=\"og:type\" content=\"article\" \/>\n<meta property=\"og:title\" content=\"L-\uce74\ub974\ub178\uc2e0 - Hurtowy Dystrybutor\" \/>\n<meta property=\"og:description\" content=\"L-\uce74\ub974\ub178\uc2e0\uc740 \ub450 \uac00\uc9c0 \uc544\ubbf8\ub178\uc0b0\uc778 \ubca0\ud0c0-\uc54c\ub77c\ub2cc\uacfc \ud788\uc2a4\ud2f0\ub518\uc73c\ub85c \uad6c\uc131\ub41c \uc0dd\uccb4 \ud65c\uc131 \ubb3c\uc9c8\uc785\ub2c8\ub2e4. \uac74\uac15\uc5d0 \ub9e4\uc6b0 \uc911\uc694\ud569\ub2c8\ub2e4.\" \/>\n<meta property=\"og:url\" content=\"https:\/\/naturalpoland.com\/ko\/je-pum\/hwa-jang-pum-won-ryo\/pep-ta-i-deu\/l-kareunosin\/\" \/>\n<meta property=\"og:site_name\" content=\"NATURAL POLAND - Hurtowy Dystrybutor Surowc\u00f3w\" \/>\n<meta property=\"article:publisher\" content=\"https:\/\/www.facebook.com\/naturalpoland.b2b\" \/>\n<meta property=\"article:modified_time\" content=\"2025-08-21T13:01:40+00:00\" \/>\n<meta property=\"og:image\" content=\"https:\/\/naturalpoland.com\/wp-content\/uploads\/2021\/05\/l-karnozyna.jpg\" \/>\n\t<meta property=\"og:image:width\" content=\"2000\" \/>\n\t<meta property=\"og:image:height\" content=\"1132\" \/>\n\t<meta property=\"og:image:type\" content=\"image\/jpeg\" \/>\n<script type=\"application\/ld+json\" class=\"yoast-schema-graph\">{\"@context\":\"https:\\\/\\\/schema.org\",\"@graph\":[{\"@type\":\"WebPage\",\"@id\":\"https:\\\/\\\/naturalpoland.com\\\/ko\\\/je-pum\\\/hwa-jang-pum-won-ryo\\\/pep-ta-i-deu\\\/l-kareunosin\\\/\",\"url\":\"https:\\\/\\\/naturalpoland.com\\\/ko\\\/je-pum\\\/hwa-jang-pum-won-ryo\\\/pep-ta-i-deu\\\/l-kareunosin\\\/\",\"name\":\"L-\uce74\ub974\ub178\uc2e0 - Hurtowy Dystrybutor\",\"isPartOf\":{\"@id\":\"https:\\\/\\\/naturalpoland.com\\\/ko\\\/#website\"},\"primaryImageOfPage\":{\"@id\":\"https:\\\/\\\/naturalpoland.com\\\/ko\\\/je-pum\\\/hwa-jang-pum-won-ryo\\\/pep-ta-i-deu\\\/l-kareunosin\\\/#primaryimage\"},\"image\":{\"@id\":\"https:\\\/\\\/naturalpoland.com\\\/ko\\\/je-pum\\\/hwa-jang-pum-won-ryo\\\/pep-ta-i-deu\\\/l-kareunosin\\\/#primaryimage\"},\"thumbnailUrl\":\"https:\\\/\\\/naturalpoland.com\\\/wp-content\\\/uploads\\\/2021\\\/05\\\/l-karnozyna.jpg\",\"datePublished\":\"2021-05-11T11:45:23+00:00\",\"dateModified\":\"2025-08-21T13:01:40+00:00\",\"description\":\"L-\uce74\ub974\ub178\uc2e0\uc740 \ub450 \uac00\uc9c0 \uc544\ubbf8\ub178\uc0b0\uc778 \ubca0\ud0c0-\uc54c\ub77c\ub2cc\uacfc \ud788\uc2a4\ud2f0\ub518\uc73c\ub85c \uad6c\uc131\ub41c \uc0dd\uccb4 \ud65c\uc131 \ubb3c\uc9c8\uc785\ub2c8\ub2e4. \uac74\uac15\uc5d0 \ub9e4\uc6b0 \uc911\uc694\ud569\ub2c8\ub2e4.\",\"breadcrumb\":{\"@id\":\"https:\\\/\\\/naturalpoland.com\\\/ko\\\/je-pum\\\/hwa-jang-pum-won-ryo\\\/pep-ta-i-deu\\\/l-kareunosin\\\/#breadcrumb\"},\"inLanguage\":\"ko-KR\",\"potentialAction\":[{\"@type\":\"ReadAction\",\"target\":[\"https:\\\/\\\/naturalpoland.com\\\/ko\\\/je-pum\\\/hwa-jang-pum-won-ryo\\\/pep-ta-i-deu\\\/l-kareunosin\\\/\"]}]},{\"@type\":\"ImageObject\",\"inLanguage\":\"ko-KR\",\"@id\":\"https:\\\/\\\/naturalpoland.com\\\/ko\\\/je-pum\\\/hwa-jang-pum-won-ryo\\\/pep-ta-i-deu\\\/l-kareunosin\\\/#primaryimage\",\"url\":\"https:\\\/\\\/naturalpoland.com\\\/wp-content\\\/uploads\\\/2021\\\/05\\\/l-karnozyna.jpg\",\"contentUrl\":\"https:\\\/\\\/naturalpoland.com\\\/wp-content\\\/uploads\\\/2021\\\/05\\\/l-karnozyna.jpg\",\"width\":2000,\"height\":1132,\"caption\":\"L-karnozyna\"},{\"@type\":\"BreadcrumbList\",\"@id\":\"https:\\\/\\\/naturalpoland.com\\\/ko\\\/je-pum\\\/hwa-jang-pum-won-ryo\\\/pep-ta-i-deu\\\/l-kareunosin\\\/#breadcrumb\",\"itemListElement\":[{\"@type\":\"ListItem\",\"position\":1,\"name\":\"\ud648\",\"item\":\"https:\\\/\\\/naturalpoland.com\\\/ko\\\/\"},{\"@type\":\"ListItem\",\"position\":2,\"name\":\"\uc81c\ud488\",\"item\":\"https:\\\/\\\/naturalpoland.com\\\/ko\\\/%ec%a0%9c%ed%92%88\\\/\"},{\"@type\":\"ListItem\",\"position\":3,\"name\":\"L-\uce74\ub974\ub178\uc2e0\"}]},{\"@type\":\"WebSite\",\"@id\":\"https:\\\/\\\/naturalpoland.com\\\/ko\\\/#website\",\"url\":\"https:\\\/\\\/naturalpoland.com\\\/ko\\\/\",\"name\":\"NATURAL POLAND - Hurtowy Dystrybutor Surowc\u00f3w\",\"description\":\"Surowce dla przemys\u0142u spo\u017cywczego, kosmetycznego i farmaceutycznego\",\"publisher\":{\"@id\":\"https:\\\/\\\/naturalpoland.com\\\/ko\\\/#organization\"},\"potentialAction\":[{\"@type\":\"SearchAction\",\"target\":{\"@type\":\"EntryPoint\",\"urlTemplate\":\"https:\\\/\\\/naturalpoland.com\\\/ko\\\/?s={search_term_string}\"},\"query-input\":{\"@type\":\"PropertyValueSpecification\",\"valueRequired\":true,\"valueName\":\"search_term_string\"}}],\"inLanguage\":\"ko-KR\"},{\"@type\":\"Organization\",\"@id\":\"https:\\\/\\\/naturalpoland.com\\\/ko\\\/#organization\",\"name\":\"Natural Poland\",\"url\":\"https:\\\/\\\/naturalpoland.com\\\/ko\\\/\",\"logo\":{\"@type\":\"ImageObject\",\"inLanguage\":\"ko-KR\",\"@id\":\"https:\\\/\\\/naturalpoland.com\\\/ko\\\/#\\\/schema\\\/logo\\\/image\\\/\",\"url\":\"https:\\\/\\\/naturalpoland.com\\\/wp-content\\\/uploads\\\/2021\\\/05\\\/natural-poland-icon.png\",\"contentUrl\":\"https:\\\/\\\/naturalpoland.com\\\/wp-content\\\/uploads\\\/2021\\\/05\\\/natural-poland-icon.png\",\"width\":512,\"height\":512,\"caption\":\"Natural Poland\"},\"image\":{\"@id\":\"https:\\\/\\\/naturalpoland.com\\\/ko\\\/#\\\/schema\\\/logo\\\/image\\\/\"},\"sameAs\":[\"https:\\\/\\\/www.facebook.com\\\/naturalpoland.b2b\",\"https:\\\/\\\/pl.linkedin.com\\\/company\\\/natural-poland\",\"https:\\\/\\\/www.youtube.com\\\/channel\\\/UCgeGGkvOMahZo-xu_MSEWxg\"]}]}<\/script>\n<!-- \/ Yoast SEO plugin. -->","yoast_head_json":{"title":"L-\uce74\ub974\ub178\uc2e0 - Hurtowy Dystrybutor","description":"L-\uce74\ub974\ub178\uc2e0\uc740 \ub450 \uac00\uc9c0 \uc544\ubbf8\ub178\uc0b0\uc778 \ubca0\ud0c0-\uc54c\ub77c\ub2cc\uacfc \ud788\uc2a4\ud2f0\ub518\uc73c\ub85c \uad6c\uc131\ub41c \uc0dd\uccb4 \ud65c\uc131 \ubb3c\uc9c8\uc785\ub2c8\ub2e4. \uac74\uac15\uc5d0 \ub9e4\uc6b0 \uc911\uc694\ud569\ub2c8\ub2e4.","robots":{"index":"index","follow":"follow","max-snippet":"max-snippet:-1","max-image-preview":"max-image-preview:large","max-video-preview":"max-video-preview:-1"},"canonical":"https:\/\/naturalpoland.com\/ko\/je-pum\/hwa-jang-pum-won-ryo\/pep-ta-i-deu\/l-kareunosin\/","og_locale":"ko_KR","og_type":"article","og_title":"L-\uce74\ub974\ub178\uc2e0 - Hurtowy Dystrybutor","og_description":"L-\uce74\ub974\ub178\uc2e0\uc740 \ub450 \uac00\uc9c0 \uc544\ubbf8\ub178\uc0b0\uc778 \ubca0\ud0c0-\uc54c\ub77c\ub2cc\uacfc \ud788\uc2a4\ud2f0\ub518\uc73c\ub85c \uad6c\uc131\ub41c \uc0dd\uccb4 \ud65c\uc131 \ubb3c\uc9c8\uc785\ub2c8\ub2e4. \uac74\uac15\uc5d0 \ub9e4\uc6b0 \uc911\uc694\ud569\ub2c8\ub2e4.","og_url":"https:\/\/naturalpoland.com\/ko\/je-pum\/hwa-jang-pum-won-ryo\/pep-ta-i-deu\/l-kareunosin\/","og_site_name":"NATURAL POLAND - Hurtowy Dystrybutor Surowc\u00f3w","article_publisher":"https:\/\/www.facebook.com\/naturalpoland.b2b","article_modified_time":"2025-08-21T13:01:40+00:00","og_image":[{"width":2000,"height":1132,"url":"https:\/\/naturalpoland.com\/wp-content\/uploads\/2021\/05\/l-karnozyna.jpg","type":"image\/jpeg"}],"schema":{"@context":"https:\/\/schema.org","@graph":[{"@type":"WebPage","@id":"https:\/\/naturalpoland.com\/ko\/je-pum\/hwa-jang-pum-won-ryo\/pep-ta-i-deu\/l-kareunosin\/","url":"https:\/\/naturalpoland.com\/ko\/je-pum\/hwa-jang-pum-won-ryo\/pep-ta-i-deu\/l-kareunosin\/","name":"L-\uce74\ub974\ub178\uc2e0 - Hurtowy Dystrybutor","isPartOf":{"@id":"https:\/\/naturalpoland.com\/ko\/#website"},"primaryImageOfPage":{"@id":"https:\/\/naturalpoland.com\/ko\/je-pum\/hwa-jang-pum-won-ryo\/pep-ta-i-deu\/l-kareunosin\/#primaryimage"},"image":{"@id":"https:\/\/naturalpoland.com\/ko\/je-pum\/hwa-jang-pum-won-ryo\/pep-ta-i-deu\/l-kareunosin\/#primaryimage"},"thumbnailUrl":"https:\/\/naturalpoland.com\/wp-content\/uploads\/2021\/05\/l-karnozyna.jpg","datePublished":"2021-05-11T11:45:23+00:00","dateModified":"2025-08-21T13:01:40+00:00","description":"L-\uce74\ub974\ub178\uc2e0\uc740 \ub450 \uac00\uc9c0 \uc544\ubbf8\ub178\uc0b0\uc778 \ubca0\ud0c0-\uc54c\ub77c\ub2cc\uacfc \ud788\uc2a4\ud2f0\ub518\uc73c\ub85c \uad6c\uc131\ub41c \uc0dd\uccb4 \ud65c\uc131 \ubb3c\uc9c8\uc785\ub2c8\ub2e4. \uac74\uac15\uc5d0 \ub9e4\uc6b0 \uc911\uc694\ud569\ub2c8\ub2e4.","breadcrumb":{"@id":"https:\/\/naturalpoland.com\/ko\/je-pum\/hwa-jang-pum-won-ryo\/pep-ta-i-deu\/l-kareunosin\/#breadcrumb"},"inLanguage":"ko-KR","potentialAction":[{"@type":"ReadAction","target":["https:\/\/naturalpoland.com\/ko\/je-pum\/hwa-jang-pum-won-ryo\/pep-ta-i-deu\/l-kareunosin\/"]}]},{"@type":"ImageObject","inLanguage":"ko-KR","@id":"https:\/\/naturalpoland.com\/ko\/je-pum\/hwa-jang-pum-won-ryo\/pep-ta-i-deu\/l-kareunosin\/#primaryimage","url":"https:\/\/naturalpoland.com\/wp-content\/uploads\/2021\/05\/l-karnozyna.jpg","contentUrl":"https:\/\/naturalpoland.com\/wp-content\/uploads\/2021\/05\/l-karnozyna.jpg","width":2000,"height":1132,"caption":"L-karnozyna"},{"@type":"BreadcrumbList","@id":"https:\/\/naturalpoland.com\/ko\/je-pum\/hwa-jang-pum-won-ryo\/pep-ta-i-deu\/l-kareunosin\/#breadcrumb","itemListElement":[{"@type":"ListItem","position":1,"name":"\ud648","item":"https:\/\/naturalpoland.com\/ko\/"},{"@type":"ListItem","position":2,"name":"\uc81c\ud488","item":"https:\/\/naturalpoland.com\/ko\/%ec%a0%9c%ed%92%88\/"},{"@type":"ListItem","position":3,"name":"L-\uce74\ub974\ub178\uc2e0"}]},{"@type":"WebSite","@id":"https:\/\/naturalpoland.com\/ko\/#website","url":"https:\/\/naturalpoland.com\/ko\/","name":"NATURAL POLAND - Hurtowy Dystrybutor Surowc\u00f3w","description":"Surowce dla przemys\u0142u spo\u017cywczego, kosmetycznego i farmaceutycznego","publisher":{"@id":"https:\/\/naturalpoland.com\/ko\/#organization"},"potentialAction":[{"@type":"SearchAction","target":{"@type":"EntryPoint","urlTemplate":"https:\/\/naturalpoland.com\/ko\/?s={search_term_string}"},"query-input":{"@type":"PropertyValueSpecification","valueRequired":true,"valueName":"search_term_string"}}],"inLanguage":"ko-KR"},{"@type":"Organization","@id":"https:\/\/naturalpoland.com\/ko\/#organization","name":"Natural Poland","url":"https:\/\/naturalpoland.com\/ko\/","logo":{"@type":"ImageObject","inLanguage":"ko-KR","@id":"https:\/\/naturalpoland.com\/ko\/#\/schema\/logo\/image\/","url":"https:\/\/naturalpoland.com\/wp-content\/uploads\/2021\/05\/natural-poland-icon.png","contentUrl":"https:\/\/naturalpoland.com\/wp-content\/uploads\/2021\/05\/natural-poland-icon.png","width":512,"height":512,"caption":"Natural Poland"},"image":{"@id":"https:\/\/naturalpoland.com\/ko\/#\/schema\/logo\/image\/"},"sameAs":["https:\/\/www.facebook.com\/naturalpoland.b2b","https:\/\/pl.linkedin.com\/company\/natural-poland","https:\/\/www.youtube.com\/channel\/UCgeGGkvOMahZo-xu_MSEWxg"]}]}},"_links":{"self":[{"href":"https:\/\/naturalpoland.com\/ko\/wp-json\/wp\/v2\/product\/42849","targetHints":{"allow":["GET"]}}],"collection":[{"href":"https:\/\/naturalpoland.com\/ko\/wp-json\/wp\/v2\/product"}],"about":[{"href":"https:\/\/naturalpoland.com\/ko\/wp-json\/wp\/v2\/types\/product"}],"wp:featuredmedia":[{"embeddable":true,"href":"https:\/\/naturalpoland.com\/ko\/wp-json\/wp\/v2\/media\/42850"}],"wp:attachment":[{"href":"https:\/\/naturalpoland.com\/ko\/wp-json\/wp\/v2\/media?parent=42849"}],"wp:term":[{"taxonomy":"product_brand","embeddable":true,"href":"https:\/\/naturalpoland.com\/ko\/wp-json\/wp\/v2\/product_brand?post=42849"},{"taxonomy":"product_cat","embeddable":true,"href":"https:\/\/naturalpoland.com\/ko\/wp-json\/wp\/v2\/product_cat?post=42849"},{"taxonomy":"product_tag","embeddable":true,"href":"https:\/\/naturalpoland.com\/ko\/wp-json\/wp\/v2\/product_tag?post=42849"}],"curies":[{"name":"wp","href":"https:\/\/api.w.org\/{rel}","templated":true}]}}