{"id":42851,"date":"2021-05-11T13:47:46","date_gmt":"2021-05-11T11:47:46","guid":{"rendered":"https:\/\/naturalpoland.com\/produkty\/uncategorized\/%eb%a9%9c%eb%9d%bc%ed%86%a0%eb%8b%8c\/"},"modified":"2025-08-21T15:01:25","modified_gmt":"2025-08-21T13:01:25","slug":"mellatonin","status":"publish","type":"product","link":"https:\/\/naturalpoland.com\/ko\/je-pum\/ui-yak-pum-won-ryo\/geon-gang-gi-neung-sig-pum-cheom-ga-mul\/mellatonin\/","title":{"rendered":"\uba5c\ub77c\ud1a0\ub2cc"},"content":{"rendered":"<h2>\uba5c\ub77c\ud1a0\ub2cc\uc740 \uc5b4\ub5bb\uac8c \uc791\uc6a9\ud558\ub098\uc694?<\/h2>\n<p>\uba5c\ub77c\ud1a0\ub2cc\uc740 \uc8fc\ub85c \uc2e0\uccb4\uc758 \uc0dd\uccb4 \uc2dc\uacc4\ub97c \ub0ae\uacfc \ubc24\uc758 \uc8fc\uae30\uc5d0 \ub9de\ucdb0 \ub3d9\uae30\ud654\ud568\uc73c\ub85c\uc368 \uc791\uc6a9\ud569\ub2c8\ub2e4. \ud608\uc911 \uba5c\ub77c\ud1a0\ub2cc \uc218\uce58\ub294 \ud574\uac00 \uc9c4 \ud6c4 \uc99d\uac00\ud558\uc5ec \uc2e0\uccb4\uc5d0 \uc218\uba74 \uc2dc\uac04\uc744 \uc54c\ub9ac\uace0, \uc544\uce68\uc5d0\ub294 \uac10\uc18c\ud558\uc5ec \ub0ae \ud65c\ub3d9\uc744 \uc900\ube44\uc2dc\ud0b5\ub2c8\ub2e4. \uc774 \ud638\ub974\ubaac\uc740 \uc218\uba74\uc758 \uc9c8\uc744 \ud5a5\uc0c1\uc2dc\ud0ac \ubfd0\ub9cc \uc544\ub2c8\ub77c \uc57c\uac04 \uac01\uc131 \ud69f\uc218\ub97c \uc904\uc5ec\uc90d\ub2c8\ub2e4. \ubd88\uba74\uc99d \uce58\ub8cc\uc640 \uc218\uba74 \uc8fc\uae30 \uc870\uc808\uc5d0 \uc0ac\uc6a9\ub418\uba70, \ud2b9\ud788 \uad50\ub300 \uadfc\ubb34\uc790\ub098 \uc2dc\ucc28\ub97c \ub118\uc5b4 \uc5ec\ud589\ud558\ub294 \uc0ac\ub78c\ub4e4\uc5d0\uac8c \uc720\uc6a9\ud569\ub2c8\ub2e4.<\/p>\n<p>\uc77c\uc8fc\uae30 \uc870\uc808 \uc678\uc5d0\ub3c4 \uba5c\ub77c\ud1a0\ub2cc\uc740 \uc2e0\uacbd\uacc4 \uae30\ub2a5\uc744 \uc9c0\uc6d0\ud558\uba70, \uc2dc\ucc28\uc99d(jet lag)\uacfc \uad00\ub828\ub41c \uc218\uba74 \uc7a5\uc560 \ubc0f \uc2dc\uac01 \uc7a5\uc560\uc778\uc758 \uc218\uba74 \ub9ac\ub4ec \uc7a5\uc560 \uce58\ub8cc\uc5d0 \uc0ac\uc6a9\ub429\ub2c8\ub2e4. \uac15\ub825\ud55c \ud56d\uc0b0\ud654 \ud2b9\uc131 \ub355\ubd84\uc5d0 \uba5c\ub77c\ud1a0\ub2cc\uc740 \uc0b0\ud654 \uc2a4\ud2b8\ub808\uc2a4\ub85c\ubd80\ud130 \uc138\ud3ec\ub97c \ubcf4\ud638\ud569\ub2c8\ub2e4. \uc774 \uc81c\ud488\uc740 \ub1cc\uc640 \ud53c\ubd80 \uac74\uac15\uc5d0 \uae0d\uc815\uc801\uc778 \uc601\ud5a5\uc744 \ubbf8\uce58\uba70, \uc2e0\uacbd \ud1f4\ud589\uc131 \uc9c8\ud658 \ubc0f \uc870\uae30 \ub178\ud654\uc758 \uc704\ud5d8\uc744 \uc904\uc5ec\uc90d\ub2c8\ub2e4. \uba5c\ub77c\ud1a0\ub2cc\uc740 \ub610\ud55c \uc18c\ud654\uae30 \uacc4\ud1b5\uc5d0 \uc9c4\uc815 \uc791\uc6a9\uc744 \ud558\uc5ec \uc704\uc2dd\ub3c4 \uc5ed\ub958 \uc99d\uc0c1\uc744 \uc644\ud654\ud569\ub2c8\ub2e4.<\/p>\n<h2>\uba5c\ub77c\ud1a0\ub2cc\uc740 \uc5b4\ub514\uc5d0 \uc874\uc7ac\ud558\ub098\uc694?<\/h2>\n<p>\uba5c\ub77c\ud1a0\ub2cc\uc740 \ub1cc\uc758 \uc1a1\uacfc\uc120\uc5d0\uc11c \uc790\uc5f0\uc801\uc73c\ub85c \ud569\uc131\ub418\uc9c0\ub9cc, \uc704\uc7a5\uad00, \ub9dd\ub9c9, \uc2ec\uc9c0\uc5b4 \ud53c\ubd80\uc640 \uac19\uc740 \ub2e4\ub978 \uc870\uc9c1\uc5d0\uc11c\ub3c4 \ubc1c\uacac\ub429\ub2c8\ub2e4. \uba5c\ub77c\ud1a0\ub2cc\uc740 \ub610\ud55c \uc2dd\ubb3c, \uc608\ub97c \ub4e4\uc5b4 \uc77c\ubd80 \uc885\uc758 \ubfcc\ub9ac, \uaf43, \uc528\uc557\uc5d0\uc11c\ub3c4 \ubc1c\uacac\ub420 \uc218 \uc788\uc73c\uba70, \uc774\ub4e4\uc740 \ud658\uacbd \uc2a4\ud2b8\ub808\uc2a4\uc5d0 \ub300\ud55c \ubc18\uc751\uc73c\ub85c <a href=\"https:\/\/naturalpoland.com\/artykuly\/produkty-naturalne\/moc-antyoksydantow-jak-wlaczyc-je-do-oferty-produktowej\/\">\ud56d\uc0b0\ud654\uc81c<\/a> \uc5ed\ud560\uc744 \ud569\ub2c8\ub2e4.<\/p>\n<h2>\uba5c\ub77c\ud1a0\ub2cc\uc758 \ud65c\uc6a9<\/h2>\n<p>\uba5c\ub77c\ud1a0\ub2cc\uc740 \uc218\uba74\uc758 \uc9c8 \ud5a5\uc0c1\uc744 \uc704\ud55c <strong>\uc2dd\uc774 \ubcf4\ucda9\uc81c<\/strong> \ubc0f <strong>\uc81c\uc57d \uc81c\ud615<\/strong>\uc5d0 \ub110\ub9ac \uc0ac\uc6a9\ub429\ub2c8\ub2e4. \ub610\ud55c \uc2e0\uacbd\uacc4 \ubc0f \uc18c\ud654\uae30 \uac74\uac15\uc744 \uc9c0\uc6d0\ud558\ub294 \ubcf4\ucda9\uc81c\uc640 \ud56d\uc0b0\ud654 \ud2b9\uc131 \ub355\ubd84\uc5d0 \uc804\ubc18\uc801\uc778 \uac74\uac15 \uac1c\uc120\uc744 \ubaa9\ud45c\ub85c \ud558\ub294 \uc81c\uc81c\uc5d0\ub3c4 \ud3ec\ud568\ub420 \uc218 \uc788\uc2b5\ub2c8\ub2e4.<\/p>\n<p>\ud56d\uc0b0\ud654 \ud2b9\uc131\uc73c\ub85c \uc778\ud574 \uba5c\ub77c\ud1a0\ub2cc\uc740 \ud53c\ubd80 \uad00\ub9ac\ub97c \uc704\ud55c <strong>\ud654\uc7a5\ud488<\/strong>\uc5d0 \uc0ac\uc6a9\ub418\uc5b4 \uc0b0\ud654 \uc2a4\ud2b8\ub808\uc2a4\ub85c\ubd80\ud130 \ubcf4\ud638\ud558\ub294 \ub370 \ub3c4\uc6c0\uc744 \uc90d\ub2c8\ub2e4.<\/p>\n<h3>\ubcf4\uad00<\/h3>\n<p>\uba5c\ub77c\ud1a0\ub2cc\uc740 \uc2b5\uae30\uc640 \uc9c1\uc0ac\uad11\uc120\uc744 \ud53c\ud574 \ubc00\ud3d0 \uc6a9\uae30\uc5d0 \ubcf4\uad00\ud574\uc57c \ud569\ub2c8\ub2e4. \uc801\uc808\ud558\uac8c \ubcf4\uad00\ud558\uba74 \uc81c\ud488\uc740 2\ub144\uac04 \ud488\uc9c8\uc744 \uc720\uc9c0\ud569\ub2c8\ub2e4.<\/p>\n","protected":false},"excerpt":{"rendered":"<p><strong>\uba5c\ub77c\ud1a0\ub2cc<\/strong>\uc740 \ud754\ud788 \u201c\uc218\uba74 \ud638\ub974\ubaac,\u201d \uc774\ub77c\uace0 \ubd88\ub9ac\uba70, \uc2e0\uccb4\uc758 \uc218\uba74-\uac01\uc131 \uc8fc\uae30\uc5d0 \uc601\ud5a5\uc744 \ubbf8\uce58\ub294 \ud575\uc2ec\uc801\uc778 \uc77c\uc8fc\uae30 \ub9ac\ub4ec \uc870\uc808\uc790\uc785\ub2c8\ub2e4. \ub2f9\uc0ac\uc758 \uba5c\ub77c\ud1a0\ub2cc\uc740 \uace0\uc21c\ub3c4 \ubc0f \uc758\uc57d\ud488 \ud488\uc9c8(HPLC \ubd84\uc11d \uae30\uc900 98.5\u2013101.5%)\uc744 \uc9c0\ub2c8\uba70, \ud770\uc0c9 \ub610\ub294 \uc57d\uac04 \ub178\ub780\ube5b\uc744 \ub760\ub294 \uacb0\uc815\uc131 \ubd84\ub9d0 \ud615\ud0dc\ub85c \uc81c\uacf5\ub418\uba70 \uc5c4\uaca9\ud55c USP43 \ud45c\uc900\uc744 \ucda9\uc871\ud569\ub2c8\ub2e4.<\/p>\n","protected":false},"featured_media":44028,"template":"","meta":[],"product_brand":[],"product_cat":[8143],"product_tag":[],"class_list":{"0":"post-42851","1":"product","2":"type-product","3":"status-publish","4":"has-post-thumbnail","6":"product_cat-geon-gang-gi-neung-sig-pum-cheom-ga-mul","7":"pa_grupa-substancji-8226","8":"pa_technologia-biosneds-","10":"first","11":"instock","12":"shipping-taxable","13":"product-type-simple"},"yoast_head":"<!-- This site is optimized with the Yoast SEO plugin v27.3 - https:\/\/yoast.com\/product\/yoast-seo-wordpress\/ -->\n<title>NATURAL POLAND &#8211; Hurtowy Dystrybutor Surowc\u00f3w<\/title>\n<meta name=\"description\" content=\"\uba5c\ub77c\ud1a0\ub2cc\uc740 \uc218\uba74 \uac74\uac15, \uc2e0\uacbd\uacc4 \ubc0f \uc18c\ud654\uae30 \uac74\uac15\uc744 \uc9c0\uc6d0\ud558\ub294 \uad11\ubc94\uc704\ud55c \ud6a8\ub2a5\uc744 \uc9c0\ub2cc \ud575\uc2ec \uc131\ubd84\uc785\ub2c8\ub2e4.\" \/>\n<meta name=\"robots\" content=\"index, follow, max-snippet:-1, max-image-preview:large, max-video-preview:-1\" \/>\n<link rel=\"canonical\" href=\"https:\/\/naturalpoland.com\/ko\/je-pum\/ui-yak-pum-won-ryo\/geon-gang-gi-neung-sig-pum-cheom-ga-mul\/mellatonin\/\" \/>\n<meta property=\"og:locale\" content=\"ko_KR\" \/>\n<meta property=\"og:type\" content=\"article\" \/>\n<meta property=\"og:description\" content=\"\uba5c\ub77c\ud1a0\ub2cc\uc740 \uc218\uba74 \uac74\uac15, \uc2e0\uacbd\uacc4 \ubc0f \uc18c\ud654\uae30 \uac74\uac15\uc744 \uc9c0\uc6d0\ud558\ub294 \uad11\ubc94\uc704\ud55c \ud6a8\ub2a5\uc744 \uc9c0\ub2cc \ud575\uc2ec \uc131\ubd84\uc785\ub2c8\ub2e4.\" \/>\n<meta property=\"og:url\" content=\"https:\/\/naturalpoland.com\/ko\/je-pum\/ui-yak-pum-won-ryo\/geon-gang-gi-neung-sig-pum-cheom-ga-mul\/mellatonin\/\" \/>\n<meta property=\"og:site_name\" content=\"NATURAL POLAND - Hurtowy Dystrybutor Surowc\u00f3w\" \/>\n<meta property=\"article:publisher\" content=\"https:\/\/www.facebook.com\/naturalpoland.b2b\" \/>\n<meta property=\"article:modified_time\" content=\"2025-08-21T13:01:25+00:00\" \/>\n<meta property=\"og:image\" content=\"https:\/\/naturalpoland.com\/wp-content\/uploads\/2021\/05\/melatonin.jpg\" \/>\n\t<meta property=\"og:image:width\" content=\"255\" \/>\n\t<meta property=\"og:image:height\" content=\"198\" \/>\n\t<meta property=\"og:image:type\" content=\"image\/jpeg\" \/>\n<script type=\"application\/ld+json\" class=\"yoast-schema-graph\">{\"@context\":\"https:\\\/\\\/schema.org\",\"@graph\":[{\"@type\":\"WebPage\",\"@id\":\"https:\\\/\\\/naturalpoland.com\\\/ko\\\/je-pum\\\/ui-yak-pum-won-ryo\\\/geon-gang-gi-neung-sig-pum-cheom-ga-mul\\\/mellatonin\\\/\",\"url\":\"https:\\\/\\\/naturalpoland.com\\\/ko\\\/je-pum\\\/ui-yak-pum-won-ryo\\\/geon-gang-gi-neung-sig-pum-cheom-ga-mul\\\/mellatonin\\\/\",\"name\":\"\",\"isPartOf\":{\"@id\":\"https:\\\/\\\/naturalpoland.com\\\/ko\\\/#website\"},\"primaryImageOfPage\":{\"@id\":\"https:\\\/\\\/naturalpoland.com\\\/ko\\\/je-pum\\\/ui-yak-pum-won-ryo\\\/geon-gang-gi-neung-sig-pum-cheom-ga-mul\\\/mellatonin\\\/#primaryimage\"},\"image\":{\"@id\":\"https:\\\/\\\/naturalpoland.com\\\/ko\\\/je-pum\\\/ui-yak-pum-won-ryo\\\/geon-gang-gi-neung-sig-pum-cheom-ga-mul\\\/mellatonin\\\/#primaryimage\"},\"thumbnailUrl\":\"https:\\\/\\\/naturalpoland.com\\\/wp-content\\\/uploads\\\/melatonina.webp\",\"datePublished\":\"2021-05-11T11:47:46+00:00\",\"dateModified\":\"2025-08-21T13:01:25+00:00\",\"description\":\"\uba5c\ub77c\ud1a0\ub2cc\uc740 \uc218\uba74 \uac74\uac15, \uc2e0\uacbd\uacc4 \ubc0f \uc18c\ud654\uae30 \uac74\uac15\uc744 \uc9c0\uc6d0\ud558\ub294 \uad11\ubc94\uc704\ud55c \ud6a8\ub2a5\uc744 \uc9c0\ub2cc \ud575\uc2ec \uc131\ubd84\uc785\ub2c8\ub2e4.\",\"breadcrumb\":{\"@id\":\"https:\\\/\\\/naturalpoland.com\\\/ko\\\/je-pum\\\/ui-yak-pum-won-ryo\\\/geon-gang-gi-neung-sig-pum-cheom-ga-mul\\\/mellatonin\\\/#breadcrumb\"},\"inLanguage\":\"ko-KR\",\"potentialAction\":[{\"@type\":\"ReadAction\",\"target\":[\"https:\\\/\\\/naturalpoland.com\\\/ko\\\/je-pum\\\/ui-yak-pum-won-ryo\\\/geon-gang-gi-neung-sig-pum-cheom-ga-mul\\\/mellatonin\\\/\"]}]},{\"@type\":\"ImageObject\",\"inLanguage\":\"ko-KR\",\"@id\":\"https:\\\/\\\/naturalpoland.com\\\/ko\\\/je-pum\\\/ui-yak-pum-won-ryo\\\/geon-gang-gi-neung-sig-pum-cheom-ga-mul\\\/mellatonin\\\/#primaryimage\",\"url\":\"https:\\\/\\\/naturalpoland.com\\\/wp-content\\\/uploads\\\/melatonina.webp\",\"contentUrl\":\"https:\\\/\\\/naturalpoland.com\\\/wp-content\\\/uploads\\\/melatonina.webp\",\"width\":1024,\"height\":1024},{\"@type\":\"BreadcrumbList\",\"@id\":\"https:\\\/\\\/naturalpoland.com\\\/ko\\\/je-pum\\\/ui-yak-pum-won-ryo\\\/geon-gang-gi-neung-sig-pum-cheom-ga-mul\\\/mellatonin\\\/#breadcrumb\",\"itemListElement\":[{\"@type\":\"ListItem\",\"position\":1,\"name\":\"\ud648\",\"item\":\"https:\\\/\\\/naturalpoland.com\\\/ko\\\/\"},{\"@type\":\"ListItem\",\"position\":2,\"name\":\"\uc81c\ud488\",\"item\":\"https:\\\/\\\/naturalpoland.com\\\/ko\\\/%ec%a0%9c%ed%92%88\\\/\"},{\"@type\":\"ListItem\",\"position\":3,\"name\":\"\uba5c\ub77c\ud1a0\ub2cc\"}]},{\"@type\":\"WebSite\",\"@id\":\"https:\\\/\\\/naturalpoland.com\\\/ko\\\/#website\",\"url\":\"https:\\\/\\\/naturalpoland.com\\\/ko\\\/\",\"name\":\"NATURAL POLAND - Hurtowy Dystrybutor Surowc\u00f3w\",\"description\":\"Surowce dla przemys\u0142u spo\u017cywczego, kosmetycznego i farmaceutycznego\",\"publisher\":{\"@id\":\"https:\\\/\\\/naturalpoland.com\\\/ko\\\/#organization\"},\"potentialAction\":[{\"@type\":\"SearchAction\",\"target\":{\"@type\":\"EntryPoint\",\"urlTemplate\":\"https:\\\/\\\/naturalpoland.com\\\/ko\\\/?s={search_term_string}\"},\"query-input\":{\"@type\":\"PropertyValueSpecification\",\"valueRequired\":true,\"valueName\":\"search_term_string\"}}],\"inLanguage\":\"ko-KR\"},{\"@type\":\"Organization\",\"@id\":\"https:\\\/\\\/naturalpoland.com\\\/ko\\\/#organization\",\"name\":\"Natural Poland\",\"url\":\"https:\\\/\\\/naturalpoland.com\\\/ko\\\/\",\"logo\":{\"@type\":\"ImageObject\",\"inLanguage\":\"ko-KR\",\"@id\":\"https:\\\/\\\/naturalpoland.com\\\/ko\\\/#\\\/schema\\\/logo\\\/image\\\/\",\"url\":\"https:\\\/\\\/naturalpoland.com\\\/wp-content\\\/uploads\\\/2021\\\/05\\\/natural-poland-icon.png\",\"contentUrl\":\"https:\\\/\\\/naturalpoland.com\\\/wp-content\\\/uploads\\\/2021\\\/05\\\/natural-poland-icon.png\",\"width\":512,\"height\":512,\"caption\":\"Natural Poland\"},\"image\":{\"@id\":\"https:\\\/\\\/naturalpoland.com\\\/ko\\\/#\\\/schema\\\/logo\\\/image\\\/\"},\"sameAs\":[\"https:\\\/\\\/www.facebook.com\\\/naturalpoland.b2b\",\"https:\\\/\\\/pl.linkedin.com\\\/company\\\/natural-poland\",\"https:\\\/\\\/www.youtube.com\\\/channel\\\/UCgeGGkvOMahZo-xu_MSEWxg\"]}]}<\/script>\n<!-- \/ Yoast SEO plugin. -->","yoast_head_json":{"title":"NATURAL POLAND &#8211; Hurtowy Dystrybutor Surowc\u00f3w","description":"\uba5c\ub77c\ud1a0\ub2cc\uc740 \uc218\uba74 \uac74\uac15, \uc2e0\uacbd\uacc4 \ubc0f \uc18c\ud654\uae30 \uac74\uac15\uc744 \uc9c0\uc6d0\ud558\ub294 \uad11\ubc94\uc704\ud55c \ud6a8\ub2a5\uc744 \uc9c0\ub2cc \ud575\uc2ec \uc131\ubd84\uc785\ub2c8\ub2e4.","robots":{"index":"index","follow":"follow","max-snippet":"max-snippet:-1","max-image-preview":"max-image-preview:large","max-video-preview":"max-video-preview:-1"},"canonical":"https:\/\/naturalpoland.com\/ko\/je-pum\/ui-yak-pum-won-ryo\/geon-gang-gi-neung-sig-pum-cheom-ga-mul\/mellatonin\/","og_locale":"ko_KR","og_type":"article","og_description":"\uba5c\ub77c\ud1a0\ub2cc\uc740 \uc218\uba74 \uac74\uac15, \uc2e0\uacbd\uacc4 \ubc0f \uc18c\ud654\uae30 \uac74\uac15\uc744 \uc9c0\uc6d0\ud558\ub294 \uad11\ubc94\uc704\ud55c \ud6a8\ub2a5\uc744 \uc9c0\ub2cc \ud575\uc2ec \uc131\ubd84\uc785\ub2c8\ub2e4.","og_url":"https:\/\/naturalpoland.com\/ko\/je-pum\/ui-yak-pum-won-ryo\/geon-gang-gi-neung-sig-pum-cheom-ga-mul\/mellatonin\/","og_site_name":"NATURAL POLAND - Hurtowy Dystrybutor Surowc\u00f3w","article_publisher":"https:\/\/www.facebook.com\/naturalpoland.b2b","article_modified_time":"2025-08-21T13:01:25+00:00","og_image":[{"width":255,"height":198,"url":"https:\/\/naturalpoland.com\/wp-content\/uploads\/2021\/05\/melatonin.jpg","type":"image\/jpeg"}],"schema":{"@context":"https:\/\/schema.org","@graph":[{"@type":"WebPage","@id":"https:\/\/naturalpoland.com\/ko\/je-pum\/ui-yak-pum-won-ryo\/geon-gang-gi-neung-sig-pum-cheom-ga-mul\/mellatonin\/","url":"https:\/\/naturalpoland.com\/ko\/je-pum\/ui-yak-pum-won-ryo\/geon-gang-gi-neung-sig-pum-cheom-ga-mul\/mellatonin\/","name":"","isPartOf":{"@id":"https:\/\/naturalpoland.com\/ko\/#website"},"primaryImageOfPage":{"@id":"https:\/\/naturalpoland.com\/ko\/je-pum\/ui-yak-pum-won-ryo\/geon-gang-gi-neung-sig-pum-cheom-ga-mul\/mellatonin\/#primaryimage"},"image":{"@id":"https:\/\/naturalpoland.com\/ko\/je-pum\/ui-yak-pum-won-ryo\/geon-gang-gi-neung-sig-pum-cheom-ga-mul\/mellatonin\/#primaryimage"},"thumbnailUrl":"https:\/\/naturalpoland.com\/wp-content\/uploads\/melatonina.webp","datePublished":"2021-05-11T11:47:46+00:00","dateModified":"2025-08-21T13:01:25+00:00","description":"\uba5c\ub77c\ud1a0\ub2cc\uc740 \uc218\uba74 \uac74\uac15, \uc2e0\uacbd\uacc4 \ubc0f \uc18c\ud654\uae30 \uac74\uac15\uc744 \uc9c0\uc6d0\ud558\ub294 \uad11\ubc94\uc704\ud55c \ud6a8\ub2a5\uc744 \uc9c0\ub2cc \ud575\uc2ec \uc131\ubd84\uc785\ub2c8\ub2e4.","breadcrumb":{"@id":"https:\/\/naturalpoland.com\/ko\/je-pum\/ui-yak-pum-won-ryo\/geon-gang-gi-neung-sig-pum-cheom-ga-mul\/mellatonin\/#breadcrumb"},"inLanguage":"ko-KR","potentialAction":[{"@type":"ReadAction","target":["https:\/\/naturalpoland.com\/ko\/je-pum\/ui-yak-pum-won-ryo\/geon-gang-gi-neung-sig-pum-cheom-ga-mul\/mellatonin\/"]}]},{"@type":"ImageObject","inLanguage":"ko-KR","@id":"https:\/\/naturalpoland.com\/ko\/je-pum\/ui-yak-pum-won-ryo\/geon-gang-gi-neung-sig-pum-cheom-ga-mul\/mellatonin\/#primaryimage","url":"https:\/\/naturalpoland.com\/wp-content\/uploads\/melatonina.webp","contentUrl":"https:\/\/naturalpoland.com\/wp-content\/uploads\/melatonina.webp","width":1024,"height":1024},{"@type":"BreadcrumbList","@id":"https:\/\/naturalpoland.com\/ko\/je-pum\/ui-yak-pum-won-ryo\/geon-gang-gi-neung-sig-pum-cheom-ga-mul\/mellatonin\/#breadcrumb","itemListElement":[{"@type":"ListItem","position":1,"name":"\ud648","item":"https:\/\/naturalpoland.com\/ko\/"},{"@type":"ListItem","position":2,"name":"\uc81c\ud488","item":"https:\/\/naturalpoland.com\/ko\/%ec%a0%9c%ed%92%88\/"},{"@type":"ListItem","position":3,"name":"\uba5c\ub77c\ud1a0\ub2cc"}]},{"@type":"WebSite","@id":"https:\/\/naturalpoland.com\/ko\/#website","url":"https:\/\/naturalpoland.com\/ko\/","name":"NATURAL POLAND - Hurtowy Dystrybutor Surowc\u00f3w","description":"Surowce dla przemys\u0142u spo\u017cywczego, kosmetycznego i farmaceutycznego","publisher":{"@id":"https:\/\/naturalpoland.com\/ko\/#organization"},"potentialAction":[{"@type":"SearchAction","target":{"@type":"EntryPoint","urlTemplate":"https:\/\/naturalpoland.com\/ko\/?s={search_term_string}"},"query-input":{"@type":"PropertyValueSpecification","valueRequired":true,"valueName":"search_term_string"}}],"inLanguage":"ko-KR"},{"@type":"Organization","@id":"https:\/\/naturalpoland.com\/ko\/#organization","name":"Natural Poland","url":"https:\/\/naturalpoland.com\/ko\/","logo":{"@type":"ImageObject","inLanguage":"ko-KR","@id":"https:\/\/naturalpoland.com\/ko\/#\/schema\/logo\/image\/","url":"https:\/\/naturalpoland.com\/wp-content\/uploads\/2021\/05\/natural-poland-icon.png","contentUrl":"https:\/\/naturalpoland.com\/wp-content\/uploads\/2021\/05\/natural-poland-icon.png","width":512,"height":512,"caption":"Natural Poland"},"image":{"@id":"https:\/\/naturalpoland.com\/ko\/#\/schema\/logo\/image\/"},"sameAs":["https:\/\/www.facebook.com\/naturalpoland.b2b","https:\/\/pl.linkedin.com\/company\/natural-poland","https:\/\/www.youtube.com\/channel\/UCgeGGkvOMahZo-xu_MSEWxg"]}]}},"_links":{"self":[{"href":"https:\/\/naturalpoland.com\/ko\/wp-json\/wp\/v2\/product\/42851","targetHints":{"allow":["GET"]}}],"collection":[{"href":"https:\/\/naturalpoland.com\/ko\/wp-json\/wp\/v2\/product"}],"about":[{"href":"https:\/\/naturalpoland.com\/ko\/wp-json\/wp\/v2\/types\/product"}],"wp:featuredmedia":[{"embeddable":true,"href":"https:\/\/naturalpoland.com\/ko\/wp-json\/wp\/v2\/media\/44028"}],"wp:attachment":[{"href":"https:\/\/naturalpoland.com\/ko\/wp-json\/wp\/v2\/media?parent=42851"}],"wp:term":[{"taxonomy":"product_brand","embeddable":true,"href":"https:\/\/naturalpoland.com\/ko\/wp-json\/wp\/v2\/product_brand?post=42851"},{"taxonomy":"product_cat","embeddable":true,"href":"https:\/\/naturalpoland.com\/ko\/wp-json\/wp\/v2\/product_cat?post=42851"},{"taxonomy":"product_tag","embeddable":true,"href":"https:\/\/naturalpoland.com\/ko\/wp-json\/wp\/v2\/product_tag?post=42851"}],"curies":[{"name":"wp","href":"https:\/\/api.w.org\/{rel}","templated":true}]}}