{"id":42853,"date":"2021-05-11T13:44:33","date_gmt":"2021-05-11T11:44:33","guid":{"rendered":"https:\/\/naturalpoland.com\/produkty\/uncategorized\/%eb%8b%ad-2%ed%98%95-%ec%bd%9c%eb%9d%bc%ea%b2%90\/"},"modified":"2025-08-21T15:06:14","modified_gmt":"2025-08-21T13:06:14","slug":"%eb%8b%ad-2%ed%98%95-%ec%bd%9c%eb%9d%bc%ea%b2%90","status":"publish","type":"product","link":"https:\/\/naturalpoland.com\/ko\/je-pum\/ui-yak-pum-won-ryo\/geon-gang-gi-neung-sig-pum-cheom-ga-mul\/%eb%8b%ad-2%ed%98%95-%ec%bd%9c%eb%9d%bc%ea%b2%90\/","title":{"rendered":"\ub2ed 2\ud615 \ucf5c\ub77c\uac90"},"content":{"rendered":"<p>\ub2ed\uc5d0\uc11c \ucd94\ucd9c\ud55c \ucf5c\ub77c\uac90\uc740 \uc2dd\ubb3c\uc131 \ucf5c\ub77c\uac90\ubcf4\ub2e4 \uc778\uccb4\uc5d0 \uc874\uc7ac\ud558\ub294 \ucf5c\ub77c\uac90\uacfc \ub354 \uc720\uc0ac\ud569\ub2c8\ub2e4. \ub530\ub77c\uc11c \ud761\uc218\uc728\uc774 \ub354 \uc88b\uace0 \ub354 \ud6a8\uacfc\uc801\uc778 \uc791\uc6a9\uc744 \ud569\ub2c8\ub2e4. <\/p>\n<p>\ub2e8\ubc31\uc9c8 \uacf5\uae09\uc6d0:<br \/>\n\uc774 \ucf5c\ub77c\uac90\uc740 \uc778\uccb4 \uad00\uc808\uc5d0 \uc874\uc7ac\ud558\ub294 \ub2e8\ubc31\uc9c8\ub85c \ucd5c\ub300 90%\uae4c\uc9c0 \uad6c\uc131\ub418\uc5b4 \uc788\uc2b5\ub2c8\ub2e4. \uc774 \ucf5c\ub77c\uac90\uc740 \uad00\uc808\uc744 \ud6a8\uacfc\uc801\uc73c\ub85c \uc7ac\uc0dd\ud569\ub2c8\ub2e4. \ub610\ud55c \ubaa8\ubc1c\uacfc \ud53c\ubd80\uc758 \uc678\uad00\uc5d0 \uc601\ud5a5\uc744 \ubbf8\uce58\uba70, \ub0b4\ubd80\uc801\uc73c\ub85c \uc7ac\uac74\ud569\ub2c8\ub2e4. \ud53c\ubd80\ub97c \ud0c4\ub825 \uc788\uac8c \ub9cc\ub4e4\uace0, \ub450\uaecd\uac8c \ud558\uba70, \ub354 \uc80a\uc5b4 \ubcf4\uc774\uac8c \ud569\ub2c8\ub2e4.   <\/p>\n","protected":false},"excerpt":{"rendered":"<p><strong>\ub2ed 2\ud615 \ucf5c\ub77c\uac90<\/strong>\uc740 \uad00\uc808\uc758 \uc6c0\uc9c1\uc784\uc744 \uac1c\uc120\ud558\uac70\ub098 \uc720\uc9c0\ud558\uace0\uc790 \ud558\ub294 \uc0ac\ub78c\ub4e4\uc744 \uc704\ud55c \uc81c\ud488\uc785\ub2c8\ub2e4. \uc774 \ucf5c\ub77c\uac90\uc740 \ub2ed \uc5f0\uace8\uc5d0\uc11c \ucd94\ucd9c\ub429\ub2c8\ub2e4. \uc778\uccb4 \uac74\uac15\uc5d0 \uc548\uc804\ud55c \ucc9c\uc5f0 \uc81c\ud488\uc785\ub2c8\ub2e4.  <\/p>\n","protected":false},"featured_media":42854,"template":"","meta":[],"product_brand":[],"product_cat":[8143],"product_tag":[],"class_list":{"0":"post-42853","1":"product","2":"type-product","3":"status-publish","4":"has-post-thumbnail","6":"product_cat-geon-gang-gi-neung-sig-pum-cheom-ga-mul","8":"first","9":"instock","10":"shipping-taxable","11":"product-type-simple"},"yoast_head":"<!-- This site is optimized with the Yoast SEO plugin v27.4 - https:\/\/yoast.com\/product\/yoast-seo-wordpress\/ -->\n<title>\ub2ed 2\ud615 \ucf5c\ub77c\uac90 - Hurtowy Dystrybutor<\/title>\n<meta name=\"robots\" content=\"index, follow, max-snippet:-1, max-image-preview:large, max-video-preview:-1\" \/>\n<link rel=\"canonical\" href=\"https:\/\/naturalpoland.com\/ko\/je-pum\/ui-yak-pum-won-ryo\/geon-gang-gi-neung-sig-pum-cheom-ga-mul\/%eb%8b%ad-2%ed%98%95-%ec%bd%9c%eb%9d%bc%ea%b2%90\/\" \/>\n<meta property=\"og:locale\" content=\"ko_KR\" \/>\n<meta property=\"og:type\" content=\"article\" \/>\n<meta property=\"og:title\" content=\"\ub2ed 2\ud615 \ucf5c\ub77c\uac90 - Hurtowy Dystrybutor\" \/>\n<meta property=\"og:description\" content=\"\ub2ed 2\ud615 \ucf5c\ub77c\uac90\uc740 \uad00\uc808\uc758 \uc6c0\uc9c1\uc784\uc744 \uac1c\uc120\ud558\uac70\ub098 \uc720\uc9c0\ud558\uace0\uc790 \ud558\ub294 \uc0ac\ub78c\ub4e4\uc744 \uc704\ud55c \uc81c\ud488\uc785\ub2c8\ub2e4. \uc774 \ucf5c\ub77c\uac90\uc740 \ub2ed \uc5f0\uace8\uc5d0\uc11c \ucd94\ucd9c\ub429\ub2c8\ub2e4. \uc778\uccb4 \uac74\uac15\uc5d0 \uc548\uc804\ud55c \ucc9c\uc5f0 \uc81c\ud488\uc785\ub2c8\ub2e4.\" \/>\n<meta property=\"og:url\" content=\"https:\/\/naturalpoland.com\/ko\/je-pum\/ui-yak-pum-won-ryo\/geon-gang-gi-neung-sig-pum-cheom-ga-mul\/%eb%8b%ad-2%ed%98%95-%ec%bd%9c%eb%9d%bc%ea%b2%90\/\" \/>\n<meta property=\"og:site_name\" content=\"NATURAL POLAND - Hurtowy Dystrybutor Surowc\u00f3w\" \/>\n<meta property=\"article:publisher\" content=\"https:\/\/www.facebook.com\/naturalpoland.b2b\" \/>\n<meta property=\"article:modified_time\" content=\"2025-08-21T13:06:14+00:00\" \/>\n<meta property=\"og:image\" content=\"https:\/\/naturalpoland.com\/wp-content\/uploads\/2021\/05\/type-ii-chicken-collagen.jpg\" \/>\n\t<meta property=\"og:image:width\" content=\"640\" \/>\n\t<meta property=\"og:image:height\" content=\"640\" \/>\n\t<meta property=\"og:image:type\" content=\"image\/jpeg\" \/>\n<script type=\"application\/ld+json\" class=\"yoast-schema-graph\">{\"@context\":\"https:\\\/\\\/schema.org\",\"@graph\":[{\"@type\":\"WebPage\",\"@id\":\"https:\\\/\\\/naturalpoland.com\\\/ko\\\/je-pum\\\/ui-yak-pum-won-ryo\\\/geon-gang-gi-neung-sig-pum-cheom-ga-mul\\\/%eb%8b%ad-2%ed%98%95-%ec%bd%9c%eb%9d%bc%ea%b2%90\\\/\",\"url\":\"https:\\\/\\\/naturalpoland.com\\\/ko\\\/je-pum\\\/ui-yak-pum-won-ryo\\\/geon-gang-gi-neung-sig-pum-cheom-ga-mul\\\/%eb%8b%ad-2%ed%98%95-%ec%bd%9c%eb%9d%bc%ea%b2%90\\\/\",\"name\":\"\ub2ed 2\ud615 \ucf5c\ub77c\uac90 - Hurtowy Dystrybutor\",\"isPartOf\":{\"@id\":\"https:\\\/\\\/naturalpoland.com\\\/ko\\\/#website\"},\"primaryImageOfPage\":{\"@id\":\"https:\\\/\\\/naturalpoland.com\\\/ko\\\/je-pum\\\/ui-yak-pum-won-ryo\\\/geon-gang-gi-neung-sig-pum-cheom-ga-mul\\\/%eb%8b%ad-2%ed%98%95-%ec%bd%9c%eb%9d%bc%ea%b2%90\\\/#primaryimage\"},\"image\":{\"@id\":\"https:\\\/\\\/naturalpoland.com\\\/ko\\\/je-pum\\\/ui-yak-pum-won-ryo\\\/geon-gang-gi-neung-sig-pum-cheom-ga-mul\\\/%eb%8b%ad-2%ed%98%95-%ec%bd%9c%eb%9d%bc%ea%b2%90\\\/#primaryimage\"},\"thumbnailUrl\":\"https:\\\/\\\/naturalpoland.com\\\/wp-content\\\/uploads\\\/2021\\\/05\\\/type-ii-chicken-collagen.jpg\",\"datePublished\":\"2021-05-11T11:44:33+00:00\",\"dateModified\":\"2025-08-21T13:06:14+00:00\",\"breadcrumb\":{\"@id\":\"https:\\\/\\\/naturalpoland.com\\\/ko\\\/je-pum\\\/ui-yak-pum-won-ryo\\\/geon-gang-gi-neung-sig-pum-cheom-ga-mul\\\/%eb%8b%ad-2%ed%98%95-%ec%bd%9c%eb%9d%bc%ea%b2%90\\\/#breadcrumb\"},\"inLanguage\":\"ko-KR\",\"potentialAction\":[{\"@type\":\"ReadAction\",\"target\":[\"https:\\\/\\\/naturalpoland.com\\\/ko\\\/je-pum\\\/ui-yak-pum-won-ryo\\\/geon-gang-gi-neung-sig-pum-cheom-ga-mul\\\/%eb%8b%ad-2%ed%98%95-%ec%bd%9c%eb%9d%bc%ea%b2%90\\\/\"]}]},{\"@type\":\"ImageObject\",\"inLanguage\":\"ko-KR\",\"@id\":\"https:\\\/\\\/naturalpoland.com\\\/ko\\\/je-pum\\\/ui-yak-pum-won-ryo\\\/geon-gang-gi-neung-sig-pum-cheom-ga-mul\\\/%eb%8b%ad-2%ed%98%95-%ec%bd%9c%eb%9d%bc%ea%b2%90\\\/#primaryimage\",\"url\":\"https:\\\/\\\/naturalpoland.com\\\/wp-content\\\/uploads\\\/2021\\\/05\\\/type-ii-chicken-collagen.jpg\",\"contentUrl\":\"https:\\\/\\\/naturalpoland.com\\\/wp-content\\\/uploads\\\/2021\\\/05\\\/type-ii-chicken-collagen.jpg\",\"width\":640,\"height\":640,\"caption\":\"Kolagen typu II z kurczaka\"},{\"@type\":\"BreadcrumbList\",\"@id\":\"https:\\\/\\\/naturalpoland.com\\\/ko\\\/je-pum\\\/ui-yak-pum-won-ryo\\\/geon-gang-gi-neung-sig-pum-cheom-ga-mul\\\/%eb%8b%ad-2%ed%98%95-%ec%bd%9c%eb%9d%bc%ea%b2%90\\\/#breadcrumb\",\"itemListElement\":[{\"@type\":\"ListItem\",\"position\":1,\"name\":\"\ud648\",\"item\":\"https:\\\/\\\/naturalpoland.com\\\/ko\\\/\"},{\"@type\":\"ListItem\",\"position\":2,\"name\":\"\uc81c\ud488\",\"item\":\"https:\\\/\\\/naturalpoland.com\\\/ko\\\/%ec%a0%9c%ed%92%88\\\/\"},{\"@type\":\"ListItem\",\"position\":3,\"name\":\"\ub2ed 2\ud615 \ucf5c\ub77c\uac90\"}]},{\"@type\":\"WebSite\",\"@id\":\"https:\\\/\\\/naturalpoland.com\\\/ko\\\/#website\",\"url\":\"https:\\\/\\\/naturalpoland.com\\\/ko\\\/\",\"name\":\"NATURAL POLAND - Hurtowy Dystrybutor Surowc\u00f3w\",\"description\":\"Surowce dla przemys\u0142u spo\u017cywczego, kosmetycznego i farmaceutycznego\",\"publisher\":{\"@id\":\"https:\\\/\\\/naturalpoland.com\\\/ko\\\/#organization\"},\"potentialAction\":[{\"@type\":\"SearchAction\",\"target\":{\"@type\":\"EntryPoint\",\"urlTemplate\":\"https:\\\/\\\/naturalpoland.com\\\/ko\\\/?s={search_term_string}\"},\"query-input\":{\"@type\":\"PropertyValueSpecification\",\"valueRequired\":true,\"valueName\":\"search_term_string\"}}],\"inLanguage\":\"ko-KR\"},{\"@type\":\"Organization\",\"@id\":\"https:\\\/\\\/naturalpoland.com\\\/ko\\\/#organization\",\"name\":\"Natural Poland\",\"url\":\"https:\\\/\\\/naturalpoland.com\\\/ko\\\/\",\"logo\":{\"@type\":\"ImageObject\",\"inLanguage\":\"ko-KR\",\"@id\":\"https:\\\/\\\/naturalpoland.com\\\/ko\\\/#\\\/schema\\\/logo\\\/image\\\/\",\"url\":\"https:\\\/\\\/naturalpoland.com\\\/wp-content\\\/uploads\\\/2021\\\/05\\\/natural-poland-icon.png\",\"contentUrl\":\"https:\\\/\\\/naturalpoland.com\\\/wp-content\\\/uploads\\\/2021\\\/05\\\/natural-poland-icon.png\",\"width\":512,\"height\":512,\"caption\":\"Natural Poland\"},\"image\":{\"@id\":\"https:\\\/\\\/naturalpoland.com\\\/ko\\\/#\\\/schema\\\/logo\\\/image\\\/\"},\"sameAs\":[\"https:\\\/\\\/www.facebook.com\\\/naturalpoland.b2b\",\"https:\\\/\\\/pl.linkedin.com\\\/company\\\/natural-poland\",\"https:\\\/\\\/www.youtube.com\\\/channel\\\/UCgeGGkvOMahZo-xu_MSEWxg\"]}]}<\/script>\n<!-- \/ Yoast SEO plugin. -->","yoast_head_json":{"title":"\ub2ed 2\ud615 \ucf5c\ub77c\uac90 - Hurtowy Dystrybutor","robots":{"index":"index","follow":"follow","max-snippet":"max-snippet:-1","max-image-preview":"max-image-preview:large","max-video-preview":"max-video-preview:-1"},"canonical":"https:\/\/naturalpoland.com\/ko\/je-pum\/ui-yak-pum-won-ryo\/geon-gang-gi-neung-sig-pum-cheom-ga-mul\/%eb%8b%ad-2%ed%98%95-%ec%bd%9c%eb%9d%bc%ea%b2%90\/","og_locale":"ko_KR","og_type":"article","og_title":"\ub2ed 2\ud615 \ucf5c\ub77c\uac90 - Hurtowy Dystrybutor","og_description":"\ub2ed 2\ud615 \ucf5c\ub77c\uac90\uc740 \uad00\uc808\uc758 \uc6c0\uc9c1\uc784\uc744 \uac1c\uc120\ud558\uac70\ub098 \uc720\uc9c0\ud558\uace0\uc790 \ud558\ub294 \uc0ac\ub78c\ub4e4\uc744 \uc704\ud55c \uc81c\ud488\uc785\ub2c8\ub2e4. \uc774 \ucf5c\ub77c\uac90\uc740 \ub2ed \uc5f0\uace8\uc5d0\uc11c \ucd94\ucd9c\ub429\ub2c8\ub2e4. \uc778\uccb4 \uac74\uac15\uc5d0 \uc548\uc804\ud55c \ucc9c\uc5f0 \uc81c\ud488\uc785\ub2c8\ub2e4.","og_url":"https:\/\/naturalpoland.com\/ko\/je-pum\/ui-yak-pum-won-ryo\/geon-gang-gi-neung-sig-pum-cheom-ga-mul\/%eb%8b%ad-2%ed%98%95-%ec%bd%9c%eb%9d%bc%ea%b2%90\/","og_site_name":"NATURAL POLAND - Hurtowy Dystrybutor Surowc\u00f3w","article_publisher":"https:\/\/www.facebook.com\/naturalpoland.b2b","article_modified_time":"2025-08-21T13:06:14+00:00","og_image":[{"width":640,"height":640,"url":"https:\/\/naturalpoland.com\/wp-content\/uploads\/2021\/05\/type-ii-chicken-collagen.jpg","type":"image\/jpeg"}],"schema":{"@context":"https:\/\/schema.org","@graph":[{"@type":"WebPage","@id":"https:\/\/naturalpoland.com\/ko\/je-pum\/ui-yak-pum-won-ryo\/geon-gang-gi-neung-sig-pum-cheom-ga-mul\/%eb%8b%ad-2%ed%98%95-%ec%bd%9c%eb%9d%bc%ea%b2%90\/","url":"https:\/\/naturalpoland.com\/ko\/je-pum\/ui-yak-pum-won-ryo\/geon-gang-gi-neung-sig-pum-cheom-ga-mul\/%eb%8b%ad-2%ed%98%95-%ec%bd%9c%eb%9d%bc%ea%b2%90\/","name":"\ub2ed 2\ud615 \ucf5c\ub77c\uac90 - Hurtowy Dystrybutor","isPartOf":{"@id":"https:\/\/naturalpoland.com\/ko\/#website"},"primaryImageOfPage":{"@id":"https:\/\/naturalpoland.com\/ko\/je-pum\/ui-yak-pum-won-ryo\/geon-gang-gi-neung-sig-pum-cheom-ga-mul\/%eb%8b%ad-2%ed%98%95-%ec%bd%9c%eb%9d%bc%ea%b2%90\/#primaryimage"},"image":{"@id":"https:\/\/naturalpoland.com\/ko\/je-pum\/ui-yak-pum-won-ryo\/geon-gang-gi-neung-sig-pum-cheom-ga-mul\/%eb%8b%ad-2%ed%98%95-%ec%bd%9c%eb%9d%bc%ea%b2%90\/#primaryimage"},"thumbnailUrl":"https:\/\/naturalpoland.com\/wp-content\/uploads\/2021\/05\/type-ii-chicken-collagen.jpg","datePublished":"2021-05-11T11:44:33+00:00","dateModified":"2025-08-21T13:06:14+00:00","breadcrumb":{"@id":"https:\/\/naturalpoland.com\/ko\/je-pum\/ui-yak-pum-won-ryo\/geon-gang-gi-neung-sig-pum-cheom-ga-mul\/%eb%8b%ad-2%ed%98%95-%ec%bd%9c%eb%9d%bc%ea%b2%90\/#breadcrumb"},"inLanguage":"ko-KR","potentialAction":[{"@type":"ReadAction","target":["https:\/\/naturalpoland.com\/ko\/je-pum\/ui-yak-pum-won-ryo\/geon-gang-gi-neung-sig-pum-cheom-ga-mul\/%eb%8b%ad-2%ed%98%95-%ec%bd%9c%eb%9d%bc%ea%b2%90\/"]}]},{"@type":"ImageObject","inLanguage":"ko-KR","@id":"https:\/\/naturalpoland.com\/ko\/je-pum\/ui-yak-pum-won-ryo\/geon-gang-gi-neung-sig-pum-cheom-ga-mul\/%eb%8b%ad-2%ed%98%95-%ec%bd%9c%eb%9d%bc%ea%b2%90\/#primaryimage","url":"https:\/\/naturalpoland.com\/wp-content\/uploads\/2021\/05\/type-ii-chicken-collagen.jpg","contentUrl":"https:\/\/naturalpoland.com\/wp-content\/uploads\/2021\/05\/type-ii-chicken-collagen.jpg","width":640,"height":640,"caption":"Kolagen typu II z kurczaka"},{"@type":"BreadcrumbList","@id":"https:\/\/naturalpoland.com\/ko\/je-pum\/ui-yak-pum-won-ryo\/geon-gang-gi-neung-sig-pum-cheom-ga-mul\/%eb%8b%ad-2%ed%98%95-%ec%bd%9c%eb%9d%bc%ea%b2%90\/#breadcrumb","itemListElement":[{"@type":"ListItem","position":1,"name":"\ud648","item":"https:\/\/naturalpoland.com\/ko\/"},{"@type":"ListItem","position":2,"name":"\uc81c\ud488","item":"https:\/\/naturalpoland.com\/ko\/%ec%a0%9c%ed%92%88\/"},{"@type":"ListItem","position":3,"name":"\ub2ed 2\ud615 \ucf5c\ub77c\uac90"}]},{"@type":"WebSite","@id":"https:\/\/naturalpoland.com\/ko\/#website","url":"https:\/\/naturalpoland.com\/ko\/","name":"NATURAL POLAND - Hurtowy Dystrybutor Surowc\u00f3w","description":"Surowce dla przemys\u0142u spo\u017cywczego, kosmetycznego i farmaceutycznego","publisher":{"@id":"https:\/\/naturalpoland.com\/ko\/#organization"},"potentialAction":[{"@type":"SearchAction","target":{"@type":"EntryPoint","urlTemplate":"https:\/\/naturalpoland.com\/ko\/?s={search_term_string}"},"query-input":{"@type":"PropertyValueSpecification","valueRequired":true,"valueName":"search_term_string"}}],"inLanguage":"ko-KR"},{"@type":"Organization","@id":"https:\/\/naturalpoland.com\/ko\/#organization","name":"Natural Poland","url":"https:\/\/naturalpoland.com\/ko\/","logo":{"@type":"ImageObject","inLanguage":"ko-KR","@id":"https:\/\/naturalpoland.com\/ko\/#\/schema\/logo\/image\/","url":"https:\/\/naturalpoland.com\/wp-content\/uploads\/2021\/05\/natural-poland-icon.png","contentUrl":"https:\/\/naturalpoland.com\/wp-content\/uploads\/2021\/05\/natural-poland-icon.png","width":512,"height":512,"caption":"Natural Poland"},"image":{"@id":"https:\/\/naturalpoland.com\/ko\/#\/schema\/logo\/image\/"},"sameAs":["https:\/\/www.facebook.com\/naturalpoland.b2b","https:\/\/pl.linkedin.com\/company\/natural-poland","https:\/\/www.youtube.com\/channel\/UCgeGGkvOMahZo-xu_MSEWxg"]}]}},"_links":{"self":[{"href":"https:\/\/naturalpoland.com\/ko\/wp-json\/wp\/v2\/product\/42853","targetHints":{"allow":["GET"]}}],"collection":[{"href":"https:\/\/naturalpoland.com\/ko\/wp-json\/wp\/v2\/product"}],"about":[{"href":"https:\/\/naturalpoland.com\/ko\/wp-json\/wp\/v2\/types\/product"}],"wp:featuredmedia":[{"embeddable":true,"href":"https:\/\/naturalpoland.com\/ko\/wp-json\/wp\/v2\/media\/42854"}],"wp:attachment":[{"href":"https:\/\/naturalpoland.com\/ko\/wp-json\/wp\/v2\/media?parent=42853"}],"wp:term":[{"taxonomy":"product_brand","embeddable":true,"href":"https:\/\/naturalpoland.com\/ko\/wp-json\/wp\/v2\/product_brand?post=42853"},{"taxonomy":"product_cat","embeddable":true,"href":"https:\/\/naturalpoland.com\/ko\/wp-json\/wp\/v2\/product_cat?post=42853"},{"taxonomy":"product_tag","embeddable":true,"href":"https:\/\/naturalpoland.com\/ko\/wp-json\/wp\/v2\/product_tag?post=42853"}],"curies":[{"name":"wp","href":"https:\/\/api.w.org\/{rel}","templated":true}]}}