{"id":42855,"date":"2021-05-11T13:45:22","date_gmt":"2021-05-11T11:45:22","guid":{"rendered":"https:\/\/naturalpoland.com\/produkty\/uncategorized\/l-%ec%b9%b4%eb%a5%b4%eb%8b%88%ed%8b%b4\/"},"modified":"2025-08-21T15:19:12","modified_gmt":"2025-08-21T13:19:12","slug":"l-karenitin","status":"publish","type":"product","link":"https:\/\/naturalpoland.com\/ko\/je-pum\/ui-yak-pum-won-ryo\/geon-gang-gi-neung-sig-pum-cheom-ga-mul\/l-karenitin\/","title":{"rendered":"L-\uce74\ub974\ub2c8\ud2f4"},"content":{"rendered":"<p>L-\uce74\ub974\ub2c8\ud2f4\uc740 \uc778\uccb4\uc5d0 \uc790\uc5f0\uc801\uc73c\ub85c \uc874\uc7ac\ud558\ub294 \ubb3c\uc9c8\ub85c, \uc9c0\ubc29\uc0b0\uc744 \uc5d0\ub108\uc9c0\ub85c \uc804\ud658\ud558\ub294 \uac83\uc744 \ub3d5\uc2b5\ub2c8\ub2e4. \ub530\ub77c\uc11c \uccb4\uc911 \uac10\ub7c9\uc5d0 \uae0d\uc815\uc801\uc778 \uc601\ud5a5\uc744 \ubbf8\uce5c\ub2e4\uace0 \ud560 \uc218 \uc788\uc2b5\ub2c8\ub2e4.<\/p>\n<p>L-\uce74\ub974\ub2c8\ud2f4\uc740 \uc18c\uc704 \ube44\ud0c0\ubbfc \uc720\uc0ac \ubb3c\uc9c8\uc785\ub2c8\ub2e4. \uac04, \uc2e0\uc7a5, \ub1cc\uc5d0\uc11c \ub9ac\uc2e0\uacfc \uba54\ud2f0\uc624\ub2cc\uc73c\ub85c\ubd80\ud130 \ud569\uc131\ub429\ub2c8\ub2e4. \uc74c\uc2dd\uacfc \ud568\uaed8 \uc12d\ucde8\ud560 \uc218\ub3c4 \uc788\uc2b5\ub2c8\ub2e4. \uc8fc\uc694 \uae30\ub2a5\uc740 \uc9c0\ubc29\uc0b0\uc744 \uc138\ud3ec\uc9c8\uc5d0\uc11c \ubbf8\ud1a0\ucf58\ub4dc\ub9ac\uc544\ub85c \uc6b4\ubc18\ud558\ub294 \uac83\uc785\ub2c8\ub2e4. \uadf8\uacf3\uc5d0\uc11c \ube44\ub85c\uc18c \uc2e0\uccb4\uc758 \uc815\uc0c1\uc801\uc778 \uae30\ub2a5\uc5d0 \ud544\uc694\ud55c \uc5d0\ub108\uc9c0\uac00 \ubc29\ucd9c\ub429\ub2c8\ub2e4.<\/p>\n<p>\uc791\uc6a9:<br \/>\nL-\uce74\ub974\ub2c8\ud2f4\uc740 \uc9c0\uc9c8 \ub300\uc0ac\uc5d0 \uc911\uc694\ud55c \uc5ed\ud560\uc744 \ud569\ub2c8\ub2e4. \ub530\ub77c\uc11c \uccb4\uc911 \uac10\ub7c9\uc5d0 \ub3c4\uc6c0\uc774 \ub420 \uc218 \uc788\uc2b5\ub2c8\ub2e4. \ub610\ud55c \ubc1c\ub9b0, \ub958\uc2e0, \uc774\uc18c\ub958\uc2e0 \ub300\uc0ac\uc5d0\ub3c4 \uad00\uc5ec\ud569\ub2c8\ub2e4. \ud56d\uc0b0\ud654 \uc791\uc6a9\uc744 \ud558\uc5ec \uc138\ud3ec\ub97c \ud65c\uc131\uc0b0\uc18c\ub85c\ubd80\ud130 \ubcf4\ud638\ud569\ub2c8\ub2e4. \ub610\ud55c \uc138\ud3ec\ub9c9\uacfc \ud608\uad00\uc744 \ubcf4\ud638\ud558\uba70, \ud2b9\uc815 \uacfc\ub3c4\ud55c \uc6d0\uc18c\uc758 \uccb4\uc678 \ubc30\ucd9c\uc744 \ub3d5\uc2b5\ub2c8\ub2e4.<\/p>\n","protected":false},"excerpt":{"rendered":"<p>\uc6b4\ub3d9\uc744 \ud558\uac70\ub098 \ubd88\ud544\uc694\ud55c \uccb4\uc911\uc744 \uac10\ub7c9\ud558\uace0\uc790 \ud558\ub294 \uc0ac\ub78c\ub4e4\uc5d0\uac8c <strong>L-\uce74\ub974\ub2c8\ud2f4<\/strong>\uc740 \ud6cc\ub96d\ud55c \ud574\uacb0\ucc45\uc785\ub2c8\ub2e4. \uc9c0\ubc29 \ub300\uc0ac \ub2a5\ub825 \ub355\ubd84\uc5d0 \uc774 \ubb3c\uc9c8\uc740 \ub3c5\uc131 \ubb3c\uc9c8\uc744 \uc81c\uac70\ud558\uace0 \ucd94\uac00\uc801\uc778 \uacfc\uccb4\uc911\uc774 \uc0dd\uae30\ub294 \uac83\uc744 \ubc29\uc9c0\ud569\ub2c8\ub2e4.<\/p>\n","protected":false},"featured_media":42856,"template":"","meta":[],"product_brand":[],"product_cat":[8143],"product_tag":[],"class_list":{"0":"post-42855","1":"product","2":"type-product","3":"status-publish","4":"has-post-thumbnail","6":"product_cat-geon-gang-gi-neung-sig-pum-cheom-ga-mul","8":"first","9":"instock","10":"shipping-taxable","11":"product-type-simple"},"yoast_head":"<!-- This site is optimized with the Yoast SEO plugin v27.3 - https:\/\/yoast.com\/product\/yoast-seo-wordpress\/ -->\n<title>L-\uce74\ub974\ub2c8\ud2f4 - Hurtowy Dystrybutor<\/title>\n<meta name=\"robots\" content=\"index, follow, max-snippet:-1, max-image-preview:large, max-video-preview:-1\" \/>\n<link rel=\"canonical\" href=\"https:\/\/naturalpoland.com\/ko\/je-pum\/ui-yak-pum-won-ryo\/geon-gang-gi-neung-sig-pum-cheom-ga-mul\/l-karenitin\/\" \/>\n<meta property=\"og:locale\" content=\"ko_KR\" \/>\n<meta property=\"og:type\" content=\"article\" \/>\n<meta property=\"og:title\" content=\"L-\uce74\ub974\ub2c8\ud2f4 - Hurtowy Dystrybutor\" \/>\n<meta property=\"og:description\" content=\"\uc6b4\ub3d9\uc744 \ud558\uac70\ub098 \ubd88\ud544\uc694\ud55c \uccb4\uc911\uc744 \uac10\ub7c9\ud558\uace0\uc790 \ud558\ub294 \uc0ac\ub78c\ub4e4\uc5d0\uac8c L-\uce74\ub974\ub2c8\ud2f4\uc740 \ud6cc\ub96d\ud55c \ud574\uacb0\ucc45\uc785\ub2c8\ub2e4. \uc9c0\ubc29 \ub300\uc0ac \ub2a5\ub825 \ub355\ubd84\uc5d0 \uc774 \ubb3c\uc9c8\uc740 \ub3c5\uc131 \ubb3c\uc9c8\uc744 \uc81c\uac70\ud558\uace0 \ucd94\uac00\uc801\uc778 \uacfc\uccb4\uc911\uc774 \uc0dd\uae30\ub294 \uac83\uc744 \ubc29\uc9c0\ud569\ub2c8\ub2e4.\" \/>\n<meta property=\"og:url\" content=\"https:\/\/naturalpoland.com\/ko\/je-pum\/ui-yak-pum-won-ryo\/geon-gang-gi-neung-sig-pum-cheom-ga-mul\/l-karenitin\/\" \/>\n<meta property=\"og:site_name\" content=\"NATURAL POLAND - Hurtowy Dystrybutor Surowc\u00f3w\" \/>\n<meta property=\"article:publisher\" content=\"https:\/\/www.facebook.com\/naturalpoland.b2b\" \/>\n<meta property=\"article:modified_time\" content=\"2025-08-21T13:19:12+00:00\" \/>\n<meta property=\"og:image\" content=\"https:\/\/naturalpoland.com\/wp-content\/uploads\/2021\/05\/l-carnitine-base.png\" \/>\n\t<meta property=\"og:image:width\" content=\"860\" \/>\n\t<meta property=\"og:image:height\" content=\"432\" \/>\n\t<meta property=\"og:image:type\" content=\"image\/png\" \/>\n<script type=\"application\/ld+json\" class=\"yoast-schema-graph\">{\"@context\":\"https:\\\/\\\/schema.org\",\"@graph\":[{\"@type\":\"WebPage\",\"@id\":\"https:\\\/\\\/naturalpoland.com\\\/ko\\\/je-pum\\\/ui-yak-pum-won-ryo\\\/geon-gang-gi-neung-sig-pum-cheom-ga-mul\\\/l-karenitin\\\/\",\"url\":\"https:\\\/\\\/naturalpoland.com\\\/ko\\\/je-pum\\\/ui-yak-pum-won-ryo\\\/geon-gang-gi-neung-sig-pum-cheom-ga-mul\\\/l-karenitin\\\/\",\"name\":\"L-\uce74\ub974\ub2c8\ud2f4 - Hurtowy Dystrybutor\",\"isPartOf\":{\"@id\":\"https:\\\/\\\/naturalpoland.com\\\/ko\\\/#website\"},\"primaryImageOfPage\":{\"@id\":\"https:\\\/\\\/naturalpoland.com\\\/ko\\\/je-pum\\\/ui-yak-pum-won-ryo\\\/geon-gang-gi-neung-sig-pum-cheom-ga-mul\\\/l-karenitin\\\/#primaryimage\"},\"image\":{\"@id\":\"https:\\\/\\\/naturalpoland.com\\\/ko\\\/je-pum\\\/ui-yak-pum-won-ryo\\\/geon-gang-gi-neung-sig-pum-cheom-ga-mul\\\/l-karenitin\\\/#primaryimage\"},\"thumbnailUrl\":\"https:\\\/\\\/naturalpoland.com\\\/wp-content\\\/uploads\\\/2021\\\/05\\\/l-carnitine-base.png\",\"datePublished\":\"2021-05-11T11:45:22+00:00\",\"dateModified\":\"2025-08-21T13:19:12+00:00\",\"breadcrumb\":{\"@id\":\"https:\\\/\\\/naturalpoland.com\\\/ko\\\/je-pum\\\/ui-yak-pum-won-ryo\\\/geon-gang-gi-neung-sig-pum-cheom-ga-mul\\\/l-karenitin\\\/#breadcrumb\"},\"inLanguage\":\"ko-KR\",\"potentialAction\":[{\"@type\":\"ReadAction\",\"target\":[\"https:\\\/\\\/naturalpoland.com\\\/ko\\\/je-pum\\\/ui-yak-pum-won-ryo\\\/geon-gang-gi-neung-sig-pum-cheom-ga-mul\\\/l-karenitin\\\/\"]}]},{\"@type\":\"ImageObject\",\"inLanguage\":\"ko-KR\",\"@id\":\"https:\\\/\\\/naturalpoland.com\\\/ko\\\/je-pum\\\/ui-yak-pum-won-ryo\\\/geon-gang-gi-neung-sig-pum-cheom-ga-mul\\\/l-karenitin\\\/#primaryimage\",\"url\":\"https:\\\/\\\/naturalpoland.com\\\/wp-content\\\/uploads\\\/2021\\\/05\\\/l-carnitine-base.png\",\"contentUrl\":\"https:\\\/\\\/naturalpoland.com\\\/wp-content\\\/uploads\\\/2021\\\/05\\\/l-carnitine-base.png\",\"width\":860,\"height\":432,\"caption\":\"L-karnityna\"},{\"@type\":\"BreadcrumbList\",\"@id\":\"https:\\\/\\\/naturalpoland.com\\\/ko\\\/je-pum\\\/ui-yak-pum-won-ryo\\\/geon-gang-gi-neung-sig-pum-cheom-ga-mul\\\/l-karenitin\\\/#breadcrumb\",\"itemListElement\":[{\"@type\":\"ListItem\",\"position\":1,\"name\":\"\ud648\",\"item\":\"https:\\\/\\\/naturalpoland.com\\\/ko\\\/\"},{\"@type\":\"ListItem\",\"position\":2,\"name\":\"\uc81c\ud488\",\"item\":\"https:\\\/\\\/naturalpoland.com\\\/ko\\\/%ec%a0%9c%ed%92%88\\\/\"},{\"@type\":\"ListItem\",\"position\":3,\"name\":\"L-\uce74\ub974\ub2c8\ud2f4\"}]},{\"@type\":\"WebSite\",\"@id\":\"https:\\\/\\\/naturalpoland.com\\\/ko\\\/#website\",\"url\":\"https:\\\/\\\/naturalpoland.com\\\/ko\\\/\",\"name\":\"NATURAL POLAND - Hurtowy Dystrybutor Surowc\u00f3w\",\"description\":\"Surowce dla przemys\u0142u spo\u017cywczego, kosmetycznego i farmaceutycznego\",\"publisher\":{\"@id\":\"https:\\\/\\\/naturalpoland.com\\\/ko\\\/#organization\"},\"potentialAction\":[{\"@type\":\"SearchAction\",\"target\":{\"@type\":\"EntryPoint\",\"urlTemplate\":\"https:\\\/\\\/naturalpoland.com\\\/ko\\\/?s={search_term_string}\"},\"query-input\":{\"@type\":\"PropertyValueSpecification\",\"valueRequired\":true,\"valueName\":\"search_term_string\"}}],\"inLanguage\":\"ko-KR\"},{\"@type\":\"Organization\",\"@id\":\"https:\\\/\\\/naturalpoland.com\\\/ko\\\/#organization\",\"name\":\"Natural Poland\",\"url\":\"https:\\\/\\\/naturalpoland.com\\\/ko\\\/\",\"logo\":{\"@type\":\"ImageObject\",\"inLanguage\":\"ko-KR\",\"@id\":\"https:\\\/\\\/naturalpoland.com\\\/ko\\\/#\\\/schema\\\/logo\\\/image\\\/\",\"url\":\"https:\\\/\\\/naturalpoland.com\\\/wp-content\\\/uploads\\\/2021\\\/05\\\/natural-poland-icon.png\",\"contentUrl\":\"https:\\\/\\\/naturalpoland.com\\\/wp-content\\\/uploads\\\/2021\\\/05\\\/natural-poland-icon.png\",\"width\":512,\"height\":512,\"caption\":\"Natural Poland\"},\"image\":{\"@id\":\"https:\\\/\\\/naturalpoland.com\\\/ko\\\/#\\\/schema\\\/logo\\\/image\\\/\"},\"sameAs\":[\"https:\\\/\\\/www.facebook.com\\\/naturalpoland.b2b\",\"https:\\\/\\\/pl.linkedin.com\\\/company\\\/natural-poland\",\"https:\\\/\\\/www.youtube.com\\\/channel\\\/UCgeGGkvOMahZo-xu_MSEWxg\"]}]}<\/script>\n<!-- \/ Yoast SEO plugin. -->","yoast_head_json":{"title":"L-\uce74\ub974\ub2c8\ud2f4 - Hurtowy Dystrybutor","robots":{"index":"index","follow":"follow","max-snippet":"max-snippet:-1","max-image-preview":"max-image-preview:large","max-video-preview":"max-video-preview:-1"},"canonical":"https:\/\/naturalpoland.com\/ko\/je-pum\/ui-yak-pum-won-ryo\/geon-gang-gi-neung-sig-pum-cheom-ga-mul\/l-karenitin\/","og_locale":"ko_KR","og_type":"article","og_title":"L-\uce74\ub974\ub2c8\ud2f4 - Hurtowy Dystrybutor","og_description":"\uc6b4\ub3d9\uc744 \ud558\uac70\ub098 \ubd88\ud544\uc694\ud55c \uccb4\uc911\uc744 \uac10\ub7c9\ud558\uace0\uc790 \ud558\ub294 \uc0ac\ub78c\ub4e4\uc5d0\uac8c L-\uce74\ub974\ub2c8\ud2f4\uc740 \ud6cc\ub96d\ud55c \ud574\uacb0\ucc45\uc785\ub2c8\ub2e4. \uc9c0\ubc29 \ub300\uc0ac \ub2a5\ub825 \ub355\ubd84\uc5d0 \uc774 \ubb3c\uc9c8\uc740 \ub3c5\uc131 \ubb3c\uc9c8\uc744 \uc81c\uac70\ud558\uace0 \ucd94\uac00\uc801\uc778 \uacfc\uccb4\uc911\uc774 \uc0dd\uae30\ub294 \uac83\uc744 \ubc29\uc9c0\ud569\ub2c8\ub2e4.","og_url":"https:\/\/naturalpoland.com\/ko\/je-pum\/ui-yak-pum-won-ryo\/geon-gang-gi-neung-sig-pum-cheom-ga-mul\/l-karenitin\/","og_site_name":"NATURAL POLAND - Hurtowy Dystrybutor Surowc\u00f3w","article_publisher":"https:\/\/www.facebook.com\/naturalpoland.b2b","article_modified_time":"2025-08-21T13:19:12+00:00","og_image":[{"width":860,"height":432,"url":"https:\/\/naturalpoland.com\/wp-content\/uploads\/2021\/05\/l-carnitine-base.png","type":"image\/png"}],"schema":{"@context":"https:\/\/schema.org","@graph":[{"@type":"WebPage","@id":"https:\/\/naturalpoland.com\/ko\/je-pum\/ui-yak-pum-won-ryo\/geon-gang-gi-neung-sig-pum-cheom-ga-mul\/l-karenitin\/","url":"https:\/\/naturalpoland.com\/ko\/je-pum\/ui-yak-pum-won-ryo\/geon-gang-gi-neung-sig-pum-cheom-ga-mul\/l-karenitin\/","name":"L-\uce74\ub974\ub2c8\ud2f4 - Hurtowy Dystrybutor","isPartOf":{"@id":"https:\/\/naturalpoland.com\/ko\/#website"},"primaryImageOfPage":{"@id":"https:\/\/naturalpoland.com\/ko\/je-pum\/ui-yak-pum-won-ryo\/geon-gang-gi-neung-sig-pum-cheom-ga-mul\/l-karenitin\/#primaryimage"},"image":{"@id":"https:\/\/naturalpoland.com\/ko\/je-pum\/ui-yak-pum-won-ryo\/geon-gang-gi-neung-sig-pum-cheom-ga-mul\/l-karenitin\/#primaryimage"},"thumbnailUrl":"https:\/\/naturalpoland.com\/wp-content\/uploads\/2021\/05\/l-carnitine-base.png","datePublished":"2021-05-11T11:45:22+00:00","dateModified":"2025-08-21T13:19:12+00:00","breadcrumb":{"@id":"https:\/\/naturalpoland.com\/ko\/je-pum\/ui-yak-pum-won-ryo\/geon-gang-gi-neung-sig-pum-cheom-ga-mul\/l-karenitin\/#breadcrumb"},"inLanguage":"ko-KR","potentialAction":[{"@type":"ReadAction","target":["https:\/\/naturalpoland.com\/ko\/je-pum\/ui-yak-pum-won-ryo\/geon-gang-gi-neung-sig-pum-cheom-ga-mul\/l-karenitin\/"]}]},{"@type":"ImageObject","inLanguage":"ko-KR","@id":"https:\/\/naturalpoland.com\/ko\/je-pum\/ui-yak-pum-won-ryo\/geon-gang-gi-neung-sig-pum-cheom-ga-mul\/l-karenitin\/#primaryimage","url":"https:\/\/naturalpoland.com\/wp-content\/uploads\/2021\/05\/l-carnitine-base.png","contentUrl":"https:\/\/naturalpoland.com\/wp-content\/uploads\/2021\/05\/l-carnitine-base.png","width":860,"height":432,"caption":"L-karnityna"},{"@type":"BreadcrumbList","@id":"https:\/\/naturalpoland.com\/ko\/je-pum\/ui-yak-pum-won-ryo\/geon-gang-gi-neung-sig-pum-cheom-ga-mul\/l-karenitin\/#breadcrumb","itemListElement":[{"@type":"ListItem","position":1,"name":"\ud648","item":"https:\/\/naturalpoland.com\/ko\/"},{"@type":"ListItem","position":2,"name":"\uc81c\ud488","item":"https:\/\/naturalpoland.com\/ko\/%ec%a0%9c%ed%92%88\/"},{"@type":"ListItem","position":3,"name":"L-\uce74\ub974\ub2c8\ud2f4"}]},{"@type":"WebSite","@id":"https:\/\/naturalpoland.com\/ko\/#website","url":"https:\/\/naturalpoland.com\/ko\/","name":"NATURAL POLAND - Hurtowy Dystrybutor Surowc\u00f3w","description":"Surowce dla przemys\u0142u spo\u017cywczego, kosmetycznego i farmaceutycznego","publisher":{"@id":"https:\/\/naturalpoland.com\/ko\/#organization"},"potentialAction":[{"@type":"SearchAction","target":{"@type":"EntryPoint","urlTemplate":"https:\/\/naturalpoland.com\/ko\/?s={search_term_string}"},"query-input":{"@type":"PropertyValueSpecification","valueRequired":true,"valueName":"search_term_string"}}],"inLanguage":"ko-KR"},{"@type":"Organization","@id":"https:\/\/naturalpoland.com\/ko\/#organization","name":"Natural Poland","url":"https:\/\/naturalpoland.com\/ko\/","logo":{"@type":"ImageObject","inLanguage":"ko-KR","@id":"https:\/\/naturalpoland.com\/ko\/#\/schema\/logo\/image\/","url":"https:\/\/naturalpoland.com\/wp-content\/uploads\/2021\/05\/natural-poland-icon.png","contentUrl":"https:\/\/naturalpoland.com\/wp-content\/uploads\/2021\/05\/natural-poland-icon.png","width":512,"height":512,"caption":"Natural Poland"},"image":{"@id":"https:\/\/naturalpoland.com\/ko\/#\/schema\/logo\/image\/"},"sameAs":["https:\/\/www.facebook.com\/naturalpoland.b2b","https:\/\/pl.linkedin.com\/company\/natural-poland","https:\/\/www.youtube.com\/channel\/UCgeGGkvOMahZo-xu_MSEWxg"]}]}},"_links":{"self":[{"href":"https:\/\/naturalpoland.com\/ko\/wp-json\/wp\/v2\/product\/42855","targetHints":{"allow":["GET"]}}],"collection":[{"href":"https:\/\/naturalpoland.com\/ko\/wp-json\/wp\/v2\/product"}],"about":[{"href":"https:\/\/naturalpoland.com\/ko\/wp-json\/wp\/v2\/types\/product"}],"wp:featuredmedia":[{"embeddable":true,"href":"https:\/\/naturalpoland.com\/ko\/wp-json\/wp\/v2\/media\/42856"}],"wp:attachment":[{"href":"https:\/\/naturalpoland.com\/ko\/wp-json\/wp\/v2\/media?parent=42855"}],"wp:term":[{"taxonomy":"product_brand","embeddable":true,"href":"https:\/\/naturalpoland.com\/ko\/wp-json\/wp\/v2\/product_brand?post=42855"},{"taxonomy":"product_cat","embeddable":true,"href":"https:\/\/naturalpoland.com\/ko\/wp-json\/wp\/v2\/product_cat?post=42855"},{"taxonomy":"product_tag","embeddable":true,"href":"https:\/\/naturalpoland.com\/ko\/wp-json\/wp\/v2\/product_tag?post=42855"}],"curies":[{"name":"wp","href":"https:\/\/api.w.org\/{rel}","templated":true}]}}