{"id":42857,"date":"2021-05-11T13:44:34","date_gmt":"2021-05-11T11:44:34","guid":{"rendered":"https:\/\/naturalpoland.com\/produkty\/uncategorized\/%ec%97%bd%eb%a1%9d%ec%86%8c-%ea%b5%ac%eb%a6%ac-%eb%b3%b5%ed%95%a9%ec%b2%b4\/"},"modified":"2025-08-21T15:18:53","modified_gmt":"2025-08-21T13:18:53","slug":"yeobrokso-guri-bokhapche","status":"publish","type":"product","link":"https:\/\/naturalpoland.com\/ko\/je-pum\/ui-yak-pum-won-ryo\/geon-gang-gi-neung-sig-pum-cheom-ga-mul\/yeobrokso-guri-bokhapche\/","title":{"rendered":"\uc5fd\ub85d\uc18c \uad6c\ub9ac \ubcf5\ud569\uccb4"},"content":{"rendered":"<p>\uc5fd\ub85d\uc18c \uad6c\ub9ac \ubcf5\ud569\uccb4 \uc81c\uc870 \uacfc\uc815\uc5d0\uc11c \uc5fd\ub85d\uc18c\uc5d0 \uc874\uc7ac\ud558\ub294 \ucc9c\uc5f0 \ub9c8\uadf8\ub124\uc298\uc740 \uad6c\ub9ac \uc774\uc628\uc73c\ub85c \ub300\uccb4\ub429\ub2c8\ub2e4. \uc774\ub294 \ub354 \ud070 \uc548\uc815\uc131\uacfc \uc218\uc6a9\uc131\uc744 \uc81c\uacf5\ud569\ub2c8\ub2e4. \uc81c\uacf5\ub418\ub294 \uc6d0\ub8cc\uc758 \uacbd\uc6b0, \ucd9c\ubc1c \ubb3c\uc9c8\uc740 <strong>Morus alba L<\/strong>. (\ubf55\ub098\ubb34)\uc774\uba70, \uc81c\ud488 \ud615\ud0dc\ub294 \ud2b9\uc720\uc758 \ud5a5\uacfc 9.5~10.7 \ubc94\uc704\uc758 pH\ub97c \uac00\uc9c4 \uc9d9\uc740 \ub179\uc0c9\uc758 \ubbf8\uc138 \ubd84\ub9d0\uc785\ub2c8\ub2e4.<\/p>\n<h2>\ud2b9\uc131 \ubc0f \ud6a8\ub2a5<\/h2>\n<p>\uc5fd\ub85d\uc18c \uad6c\ub9ac \ubcf5\ud569\uccb4\ub294 \ub192\uc740 \ud0ac\ub808\uc774\ud2b8 \uad6c\ub9ac \ud568\ub7c9(\ucd5c\uc18c 4%)\uacfc \ucd1d \uad6c\ub9ac \ud568\ub7c9(\ucd5c\uc18c 4.25%)\uc744 \ud2b9\uc9d5\uc73c\ub85c \ud569\ub2c8\ub2e4. \uc774 \uc81c\ud488\uc740 \uac15\ub825\ud55c \ud56d\uc0b0\ud654 \ud2b9\uc131\uc744 \ub098\ud0c0\ub0b4\uba70 <strong>\uc2e0\uccb4 \ud574\ub3c5<\/strong>\uc744 \ub3d5\uace0 \ud53c\ubd80\uc758 \uc790\uc5f0 \ubc29\uc5b4 \uba54\ucee4\ub2c8\uc998\uc744 \uc9c0\uc6d0\ud569\ub2c8\ub2e4. \uad6c\ub9ac \ud568\ub7c9 \ub355\ubd84\uc5d0 \ud53c\ubd80 \uc7ac\uc0dd \uacfc\uc815\uc5d0 \ucc38\uc5ec\ud558\uace0 \ucf5c\ub77c\uac90 \ubc0f \uc5d8\ub77c\uc2a4\ud2f4 \uc0dd\uc131\uc744 \ucd09\uc9c4\ud560 \uc218 \uc788\uc2b5\ub2c8\ub2e4.<\/p>\n<p>\ub610\ud55c, \ud0c8\ucde8 \ud6a8\uacfc\ub97c \ub098\ud0c0\ub0b4\uc5b4 <strong>\ubd88\ucf8c\ud55c \uccb4\ucde8\ub97c \uc911\ud654<\/strong>\ud569\ub2c8\ub2e4. \ub530\ub77c\uc11c \uc7a5\ub8e8 \ubb38\uc81c, \uc694\uc2e4\uae08 \ub610\ub294 \uacfc\ub3c4\ud55c \ub540 \ubd84\ube44\uac00 \uc788\ub294 \uc0ac\ub78c\ub4e4\uc5d0\uac8c \uc790\uc8fc \uc0ac\uc6a9\ub429\ub2c8\ub2e4. \uc2dd\uc774 \ubcf4\ucda9\uc81c\uc5d0\uc11c\ub294 \ub3c5\uc18c \uc81c\uac70 \ubc0f \uc804\ubc18\uc801\uc778 \uc2e0\uccb4 \uc0c1\ud0dc \uac1c\uc120\uc5d0 \ub3c4\uc6c0\uc774 \ub420 \uc218 \uc788\uc2b5\ub2c8\ub2e4.<\/p>\n<h2>\uc801\uc6a9<\/h2>\n<ul>\n<li><strong>\ud654\uc7a5\ud488<\/strong>: \ud53c\ubd80 \uc815\ud654, \ud574\ub3c5 \ubc0f \uc7ac\uc0dd \uc81c\ud488\uc758 \uc0c9\uc18c \ubc0f \ud65c\uc131 \uc131\ubd84\uc73c\ub85c \uc0ac\uc6a9\ub429\ub2c8\ub2e4.<\/li>\n<li><strong>\uc2dd\uc774 \ubcf4\ucda9\uc81c<\/strong>: \ud574\ub3c5, \ud56d\uc0b0\ud654, \uc7a5\ub0b4 \ubbf8\uc0dd\ubb3c\ucd1d \uc9c0\uc6d0 \ubc0f \ubd88\ucf8c\ud55c \uccb4\ucde8 \uc911\ud654 \uc131\ubd84\uc73c\ub85c \uc0ac\uc6a9\ub429\ub2c8\ub2e4.<\/li>\n<li><strong>\uc2dd\ud488 \uc0b0\uc5c5<\/strong>: <strong>\ub179\uc0c9 \uc0c9\uc18c E141<\/strong>\ub85c \uc0ac\uc6a9\ub418\uba70, \ud2b9\ud788 \uc5b4\ub9b0\uc774\uc6a9 \uc81c\ud488, \uc74c\ub8cc, \uacfc\uc790 \ub610\ub294 \uc6a9\ud574\uc131 \ubcf4\ucda9\uc81c\uc5d0 \uc0ac\uc6a9\ub429\ub2c8\ub2e4.<\/li>\n<li><strong>\uc758\uc57d\ud488 \ubc0f \uc704\uc0dd \uc81c\ud488<\/strong>: \uce58\uc720\ub97c \ub3d5\uace0, \ubd88\ucf8c\ud55c \ub0c4\uc0c8\ub97c \uc81c\uac70\ud558\uba70, \uc9c4\uc815 \ud6a8\uacfc\uac00 \uc788\uc2b5\ub2c8\ub2e4.<\/li>\n<\/ul>\n","protected":false},"excerpt":{"rendered":"<p>\uc5fd\ub85d\uc18c \uad6c\ub9ac \ubcf5\ud569\uccb4\ub294 \uc2dd\ubb3c\uc5d0 \uc874\uc7ac\ud558\ub294 \ub179\uc0c9 <a href=\"https:\/\/naturalpoland.com\/ko\/je-pum\/hwa-jang-pum-won-ryo\/hwa-jang-pum-saek-so\/%ec%b2%9c%ec%97%b0-%ec%9c%a0%eb%9e%98-%ec%83%89%ec%86%8c\/\">\uc0c9\uc18c<\/a>\uc778 \uc5fd\ub85d\uc18c\ub97c \uae30\ubc18\uc73c\ub85c \uc5bb\uc5b4\uc9c0\ub294 \ubc18\ud569\uc131 \ucc9c\uc5f0 \uc720\ub798 \ud654\ud569\ubb3c\uc785\ub2c8\ub2e4.<\/p>\n","protected":false},"featured_media":42243,"template":"","meta":[],"product_brand":[],"product_cat":[8143],"product_tag":[],"class_list":{"0":"post-42857","1":"product","2":"type-product","3":"status-publish","4":"has-post-thumbnail","6":"product_cat-geon-gang-gi-neung-sig-pum-cheom-ga-mul","8":"first","9":"instock","10":"shipping-taxable","11":"product-type-simple"},"yoast_head":"<!-- This site is optimized with the Yoast SEO plugin v27.3 - https:\/\/yoast.com\/product\/yoast-seo-wordpress\/ -->\n<title>\uc5fd\ub85d\uc18c \uad6c\ub9ac \ubcf5\ud569\uccb4 - Hurtowy Dystrybutor<\/title>\n<meta name=\"description\" content=\"\uc5fd\ub85d\uc18c \uad6c\ub9ac \ubcf5\ud569\uccb4\ub294 \uc2dd\ubb3c\uc5d0 \uc874\uc7ac\ud558\ub294 \ub179\uc0c9 \uc0c9\uc18c\uc778 \uc5fd\ub85d\uc18c\ub97c \uae30\ubc18\uc73c\ub85c \uc5bb\uc5b4\uc9c0\ub294 \ubc18\ud569\uc131 \ucc9c\uc5f0 \uc720\ub798 \ud654\ud569\ubb3c\uc785\ub2c8\ub2e4.\" \/>\n<meta name=\"robots\" content=\"index, follow, max-snippet:-1, max-image-preview:large, max-video-preview:-1\" \/>\n<link rel=\"canonical\" href=\"https:\/\/naturalpoland.com\/ko\/je-pum\/ui-yak-pum-won-ryo\/geon-gang-gi-neung-sig-pum-cheom-ga-mul\/yeobrokso-guri-bokhapche\/\" \/>\n<meta property=\"og:locale\" content=\"ko_KR\" \/>\n<meta property=\"og:type\" content=\"article\" \/>\n<meta property=\"og:title\" content=\"\uc5fd\ub85d\uc18c \uad6c\ub9ac \ubcf5\ud569\uccb4 - Hurtowy Dystrybutor\" \/>\n<meta property=\"og:description\" content=\"\uc5fd\ub85d\uc18c \uad6c\ub9ac \ubcf5\ud569\uccb4\ub294 \uc2dd\ubb3c\uc5d0 \uc874\uc7ac\ud558\ub294 \ub179\uc0c9 \uc0c9\uc18c\uc778 \uc5fd\ub85d\uc18c\ub97c \uae30\ubc18\uc73c\ub85c \uc5bb\uc5b4\uc9c0\ub294 \ubc18\ud569\uc131 \ucc9c\uc5f0 \uc720\ub798 \ud654\ud569\ubb3c\uc785\ub2c8\ub2e4.\" \/>\n<meta property=\"og:url\" content=\"https:\/\/naturalpoland.com\/ko\/je-pum\/ui-yak-pum-won-ryo\/geon-gang-gi-neung-sig-pum-cheom-ga-mul\/yeobrokso-guri-bokhapche\/\" \/>\n<meta property=\"og:site_name\" content=\"NATURAL POLAND - Hurtowy Dystrybutor Surowc\u00f3w\" \/>\n<meta property=\"article:publisher\" content=\"https:\/\/www.facebook.com\/naturalpoland.b2b\" \/>\n<meta property=\"article:modified_time\" content=\"2025-08-21T13:18:53+00:00\" \/>\n<meta property=\"og:image\" content=\"https:\/\/naturalpoland.com\/wp-content\/uploads\/kompleks-miedziowy-chlorofilu.webp\" \/>\n\t<meta property=\"og:image:width\" content=\"1024\" \/>\n\t<meta property=\"og:image:height\" content=\"1024\" \/>\n\t<meta property=\"og:image:type\" content=\"image\/webp\" \/>\n<script type=\"application\/ld+json\" class=\"yoast-schema-graph\">{\"@context\":\"https:\\\/\\\/schema.org\",\"@graph\":[{\"@type\":\"WebPage\",\"@id\":\"https:\\\/\\\/naturalpoland.com\\\/ko\\\/je-pum\\\/ui-yak-pum-won-ryo\\\/geon-gang-gi-neung-sig-pum-cheom-ga-mul\\\/yeobrokso-guri-bokhapche\\\/\",\"url\":\"https:\\\/\\\/naturalpoland.com\\\/ko\\\/je-pum\\\/ui-yak-pum-won-ryo\\\/geon-gang-gi-neung-sig-pum-cheom-ga-mul\\\/yeobrokso-guri-bokhapche\\\/\",\"name\":\"\uc5fd\ub85d\uc18c \uad6c\ub9ac \ubcf5\ud569\uccb4 - Hurtowy Dystrybutor\",\"isPartOf\":{\"@id\":\"https:\\\/\\\/naturalpoland.com\\\/ko\\\/#website\"},\"primaryImageOfPage\":{\"@id\":\"https:\\\/\\\/naturalpoland.com\\\/ko\\\/je-pum\\\/ui-yak-pum-won-ryo\\\/geon-gang-gi-neung-sig-pum-cheom-ga-mul\\\/yeobrokso-guri-bokhapche\\\/#primaryimage\"},\"image\":{\"@id\":\"https:\\\/\\\/naturalpoland.com\\\/ko\\\/je-pum\\\/ui-yak-pum-won-ryo\\\/geon-gang-gi-neung-sig-pum-cheom-ga-mul\\\/yeobrokso-guri-bokhapche\\\/#primaryimage\"},\"thumbnailUrl\":\"https:\\\/\\\/naturalpoland.com\\\/wp-content\\\/uploads\\\/kompleks-miedziowy-chlorofilu.webp\",\"datePublished\":\"2021-05-11T11:44:34+00:00\",\"dateModified\":\"2025-08-21T13:18:53+00:00\",\"description\":\"\uc5fd\ub85d\uc18c \uad6c\ub9ac \ubcf5\ud569\uccb4\ub294 \uc2dd\ubb3c\uc5d0 \uc874\uc7ac\ud558\ub294 \ub179\uc0c9 \uc0c9\uc18c\uc778 \uc5fd\ub85d\uc18c\ub97c \uae30\ubc18\uc73c\ub85c \uc5bb\uc5b4\uc9c0\ub294 \ubc18\ud569\uc131 \ucc9c\uc5f0 \uc720\ub798 \ud654\ud569\ubb3c\uc785\ub2c8\ub2e4.\",\"breadcrumb\":{\"@id\":\"https:\\\/\\\/naturalpoland.com\\\/ko\\\/je-pum\\\/ui-yak-pum-won-ryo\\\/geon-gang-gi-neung-sig-pum-cheom-ga-mul\\\/yeobrokso-guri-bokhapche\\\/#breadcrumb\"},\"inLanguage\":\"ko-KR\",\"potentialAction\":[{\"@type\":\"ReadAction\",\"target\":[\"https:\\\/\\\/naturalpoland.com\\\/ko\\\/je-pum\\\/ui-yak-pum-won-ryo\\\/geon-gang-gi-neung-sig-pum-cheom-ga-mul\\\/yeobrokso-guri-bokhapche\\\/\"]}]},{\"@type\":\"ImageObject\",\"inLanguage\":\"ko-KR\",\"@id\":\"https:\\\/\\\/naturalpoland.com\\\/ko\\\/je-pum\\\/ui-yak-pum-won-ryo\\\/geon-gang-gi-neung-sig-pum-cheom-ga-mul\\\/yeobrokso-guri-bokhapche\\\/#primaryimage\",\"url\":\"https:\\\/\\\/naturalpoland.com\\\/wp-content\\\/uploads\\\/kompleks-miedziowy-chlorofilu.webp\",\"contentUrl\":\"https:\\\/\\\/naturalpoland.com\\\/wp-content\\\/uploads\\\/kompleks-miedziowy-chlorofilu.webp\",\"width\":1024,\"height\":1024,\"caption\":\"Kompleks miedziowy chlorofilu\"},{\"@type\":\"BreadcrumbList\",\"@id\":\"https:\\\/\\\/naturalpoland.com\\\/ko\\\/je-pum\\\/ui-yak-pum-won-ryo\\\/geon-gang-gi-neung-sig-pum-cheom-ga-mul\\\/yeobrokso-guri-bokhapche\\\/#breadcrumb\",\"itemListElement\":[{\"@type\":\"ListItem\",\"position\":1,\"name\":\"\ud648\",\"item\":\"https:\\\/\\\/naturalpoland.com\\\/ko\\\/\"},{\"@type\":\"ListItem\",\"position\":2,\"name\":\"\uc81c\ud488\",\"item\":\"https:\\\/\\\/naturalpoland.com\\\/ko\\\/%ec%a0%9c%ed%92%88\\\/\"},{\"@type\":\"ListItem\",\"position\":3,\"name\":\"\uc5fd\ub85d\uc18c \uad6c\ub9ac \ubcf5\ud569\uccb4\"}]},{\"@type\":\"WebSite\",\"@id\":\"https:\\\/\\\/naturalpoland.com\\\/ko\\\/#website\",\"url\":\"https:\\\/\\\/naturalpoland.com\\\/ko\\\/\",\"name\":\"NATURAL POLAND - Hurtowy Dystrybutor Surowc\u00f3w\",\"description\":\"Surowce dla przemys\u0142u spo\u017cywczego, kosmetycznego i farmaceutycznego\",\"publisher\":{\"@id\":\"https:\\\/\\\/naturalpoland.com\\\/ko\\\/#organization\"},\"potentialAction\":[{\"@type\":\"SearchAction\",\"target\":{\"@type\":\"EntryPoint\",\"urlTemplate\":\"https:\\\/\\\/naturalpoland.com\\\/ko\\\/?s={search_term_string}\"},\"query-input\":{\"@type\":\"PropertyValueSpecification\",\"valueRequired\":true,\"valueName\":\"search_term_string\"}}],\"inLanguage\":\"ko-KR\"},{\"@type\":\"Organization\",\"@id\":\"https:\\\/\\\/naturalpoland.com\\\/ko\\\/#organization\",\"name\":\"Natural Poland\",\"url\":\"https:\\\/\\\/naturalpoland.com\\\/ko\\\/\",\"logo\":{\"@type\":\"ImageObject\",\"inLanguage\":\"ko-KR\",\"@id\":\"https:\\\/\\\/naturalpoland.com\\\/ko\\\/#\\\/schema\\\/logo\\\/image\\\/\",\"url\":\"https:\\\/\\\/naturalpoland.com\\\/wp-content\\\/uploads\\\/2021\\\/05\\\/natural-poland-icon.png\",\"contentUrl\":\"https:\\\/\\\/naturalpoland.com\\\/wp-content\\\/uploads\\\/2021\\\/05\\\/natural-poland-icon.png\",\"width\":512,\"height\":512,\"caption\":\"Natural Poland\"},\"image\":{\"@id\":\"https:\\\/\\\/naturalpoland.com\\\/ko\\\/#\\\/schema\\\/logo\\\/image\\\/\"},\"sameAs\":[\"https:\\\/\\\/www.facebook.com\\\/naturalpoland.b2b\",\"https:\\\/\\\/pl.linkedin.com\\\/company\\\/natural-poland\",\"https:\\\/\\\/www.youtube.com\\\/channel\\\/UCgeGGkvOMahZo-xu_MSEWxg\"]}]}<\/script>\n<!-- \/ Yoast SEO plugin. -->","yoast_head_json":{"title":"\uc5fd\ub85d\uc18c \uad6c\ub9ac \ubcf5\ud569\uccb4 - Hurtowy Dystrybutor","description":"\uc5fd\ub85d\uc18c \uad6c\ub9ac \ubcf5\ud569\uccb4\ub294 \uc2dd\ubb3c\uc5d0 \uc874\uc7ac\ud558\ub294 \ub179\uc0c9 \uc0c9\uc18c\uc778 \uc5fd\ub85d\uc18c\ub97c \uae30\ubc18\uc73c\ub85c \uc5bb\uc5b4\uc9c0\ub294 \ubc18\ud569\uc131 \ucc9c\uc5f0 \uc720\ub798 \ud654\ud569\ubb3c\uc785\ub2c8\ub2e4.","robots":{"index":"index","follow":"follow","max-snippet":"max-snippet:-1","max-image-preview":"max-image-preview:large","max-video-preview":"max-video-preview:-1"},"canonical":"https:\/\/naturalpoland.com\/ko\/je-pum\/ui-yak-pum-won-ryo\/geon-gang-gi-neung-sig-pum-cheom-ga-mul\/yeobrokso-guri-bokhapche\/","og_locale":"ko_KR","og_type":"article","og_title":"\uc5fd\ub85d\uc18c \uad6c\ub9ac \ubcf5\ud569\uccb4 - Hurtowy Dystrybutor","og_description":"\uc5fd\ub85d\uc18c \uad6c\ub9ac \ubcf5\ud569\uccb4\ub294 \uc2dd\ubb3c\uc5d0 \uc874\uc7ac\ud558\ub294 \ub179\uc0c9 \uc0c9\uc18c\uc778 \uc5fd\ub85d\uc18c\ub97c \uae30\ubc18\uc73c\ub85c \uc5bb\uc5b4\uc9c0\ub294 \ubc18\ud569\uc131 \ucc9c\uc5f0 \uc720\ub798 \ud654\ud569\ubb3c\uc785\ub2c8\ub2e4.","og_url":"https:\/\/naturalpoland.com\/ko\/je-pum\/ui-yak-pum-won-ryo\/geon-gang-gi-neung-sig-pum-cheom-ga-mul\/yeobrokso-guri-bokhapche\/","og_site_name":"NATURAL POLAND - Hurtowy Dystrybutor Surowc\u00f3w","article_publisher":"https:\/\/www.facebook.com\/naturalpoland.b2b","article_modified_time":"2025-08-21T13:18:53+00:00","og_image":[{"width":1024,"height":1024,"url":"https:\/\/naturalpoland.com\/wp-content\/uploads\/kompleks-miedziowy-chlorofilu.webp","type":"image\/webp"}],"schema":{"@context":"https:\/\/schema.org","@graph":[{"@type":"WebPage","@id":"https:\/\/naturalpoland.com\/ko\/je-pum\/ui-yak-pum-won-ryo\/geon-gang-gi-neung-sig-pum-cheom-ga-mul\/yeobrokso-guri-bokhapche\/","url":"https:\/\/naturalpoland.com\/ko\/je-pum\/ui-yak-pum-won-ryo\/geon-gang-gi-neung-sig-pum-cheom-ga-mul\/yeobrokso-guri-bokhapche\/","name":"\uc5fd\ub85d\uc18c \uad6c\ub9ac \ubcf5\ud569\uccb4 - Hurtowy Dystrybutor","isPartOf":{"@id":"https:\/\/naturalpoland.com\/ko\/#website"},"primaryImageOfPage":{"@id":"https:\/\/naturalpoland.com\/ko\/je-pum\/ui-yak-pum-won-ryo\/geon-gang-gi-neung-sig-pum-cheom-ga-mul\/yeobrokso-guri-bokhapche\/#primaryimage"},"image":{"@id":"https:\/\/naturalpoland.com\/ko\/je-pum\/ui-yak-pum-won-ryo\/geon-gang-gi-neung-sig-pum-cheom-ga-mul\/yeobrokso-guri-bokhapche\/#primaryimage"},"thumbnailUrl":"https:\/\/naturalpoland.com\/wp-content\/uploads\/kompleks-miedziowy-chlorofilu.webp","datePublished":"2021-05-11T11:44:34+00:00","dateModified":"2025-08-21T13:18:53+00:00","description":"\uc5fd\ub85d\uc18c \uad6c\ub9ac \ubcf5\ud569\uccb4\ub294 \uc2dd\ubb3c\uc5d0 \uc874\uc7ac\ud558\ub294 \ub179\uc0c9 \uc0c9\uc18c\uc778 \uc5fd\ub85d\uc18c\ub97c \uae30\ubc18\uc73c\ub85c \uc5bb\uc5b4\uc9c0\ub294 \ubc18\ud569\uc131 \ucc9c\uc5f0 \uc720\ub798 \ud654\ud569\ubb3c\uc785\ub2c8\ub2e4.","breadcrumb":{"@id":"https:\/\/naturalpoland.com\/ko\/je-pum\/ui-yak-pum-won-ryo\/geon-gang-gi-neung-sig-pum-cheom-ga-mul\/yeobrokso-guri-bokhapche\/#breadcrumb"},"inLanguage":"ko-KR","potentialAction":[{"@type":"ReadAction","target":["https:\/\/naturalpoland.com\/ko\/je-pum\/ui-yak-pum-won-ryo\/geon-gang-gi-neung-sig-pum-cheom-ga-mul\/yeobrokso-guri-bokhapche\/"]}]},{"@type":"ImageObject","inLanguage":"ko-KR","@id":"https:\/\/naturalpoland.com\/ko\/je-pum\/ui-yak-pum-won-ryo\/geon-gang-gi-neung-sig-pum-cheom-ga-mul\/yeobrokso-guri-bokhapche\/#primaryimage","url":"https:\/\/naturalpoland.com\/wp-content\/uploads\/kompleks-miedziowy-chlorofilu.webp","contentUrl":"https:\/\/naturalpoland.com\/wp-content\/uploads\/kompleks-miedziowy-chlorofilu.webp","width":1024,"height":1024,"caption":"Kompleks miedziowy chlorofilu"},{"@type":"BreadcrumbList","@id":"https:\/\/naturalpoland.com\/ko\/je-pum\/ui-yak-pum-won-ryo\/geon-gang-gi-neung-sig-pum-cheom-ga-mul\/yeobrokso-guri-bokhapche\/#breadcrumb","itemListElement":[{"@type":"ListItem","position":1,"name":"\ud648","item":"https:\/\/naturalpoland.com\/ko\/"},{"@type":"ListItem","position":2,"name":"\uc81c\ud488","item":"https:\/\/naturalpoland.com\/ko\/%ec%a0%9c%ed%92%88\/"},{"@type":"ListItem","position":3,"name":"\uc5fd\ub85d\uc18c \uad6c\ub9ac \ubcf5\ud569\uccb4"}]},{"@type":"WebSite","@id":"https:\/\/naturalpoland.com\/ko\/#website","url":"https:\/\/naturalpoland.com\/ko\/","name":"NATURAL POLAND - Hurtowy Dystrybutor Surowc\u00f3w","description":"Surowce dla przemys\u0142u spo\u017cywczego, kosmetycznego i farmaceutycznego","publisher":{"@id":"https:\/\/naturalpoland.com\/ko\/#organization"},"potentialAction":[{"@type":"SearchAction","target":{"@type":"EntryPoint","urlTemplate":"https:\/\/naturalpoland.com\/ko\/?s={search_term_string}"},"query-input":{"@type":"PropertyValueSpecification","valueRequired":true,"valueName":"search_term_string"}}],"inLanguage":"ko-KR"},{"@type":"Organization","@id":"https:\/\/naturalpoland.com\/ko\/#organization","name":"Natural Poland","url":"https:\/\/naturalpoland.com\/ko\/","logo":{"@type":"ImageObject","inLanguage":"ko-KR","@id":"https:\/\/naturalpoland.com\/ko\/#\/schema\/logo\/image\/","url":"https:\/\/naturalpoland.com\/wp-content\/uploads\/2021\/05\/natural-poland-icon.png","contentUrl":"https:\/\/naturalpoland.com\/wp-content\/uploads\/2021\/05\/natural-poland-icon.png","width":512,"height":512,"caption":"Natural Poland"},"image":{"@id":"https:\/\/naturalpoland.com\/ko\/#\/schema\/logo\/image\/"},"sameAs":["https:\/\/www.facebook.com\/naturalpoland.b2b","https:\/\/pl.linkedin.com\/company\/natural-poland","https:\/\/www.youtube.com\/channel\/UCgeGGkvOMahZo-xu_MSEWxg"]}]}},"_links":{"self":[{"href":"https:\/\/naturalpoland.com\/ko\/wp-json\/wp\/v2\/product\/42857","targetHints":{"allow":["GET"]}}],"collection":[{"href":"https:\/\/naturalpoland.com\/ko\/wp-json\/wp\/v2\/product"}],"about":[{"href":"https:\/\/naturalpoland.com\/ko\/wp-json\/wp\/v2\/types\/product"}],"wp:featuredmedia":[{"embeddable":true,"href":"https:\/\/naturalpoland.com\/ko\/wp-json\/wp\/v2\/media\/42243"}],"wp:attachment":[{"href":"https:\/\/naturalpoland.com\/ko\/wp-json\/wp\/v2\/media?parent=42857"}],"wp:term":[{"taxonomy":"product_brand","embeddable":true,"href":"https:\/\/naturalpoland.com\/ko\/wp-json\/wp\/v2\/product_brand?post=42857"},{"taxonomy":"product_cat","embeddable":true,"href":"https:\/\/naturalpoland.com\/ko\/wp-json\/wp\/v2\/product_cat?post=42857"},{"taxonomy":"product_tag","embeddable":true,"href":"https:\/\/naturalpoland.com\/ko\/wp-json\/wp\/v2\/product_tag?post=42857"}],"curies":[{"name":"wp","href":"https:\/\/api.w.org\/{rel}","templated":true}]}}