{"id":42862,"date":"2021-05-11T13:42:56","date_gmt":"2021-05-11T11:42:56","guid":{"rendered":"https:\/\/naturalpoland.com\/produkty\/uncategorized\/%ed%97%a5%ec%8b%a4%eb%a0%8c-%ea%b8%80%eb%9d%bc%ec%9d%b4%ec%bd%9c\/"},"modified":"2025-08-21T15:18:03","modified_gmt":"2025-08-21T13:18:03","slug":"heksillen-geullaikol","status":"publish","type":"product","link":"https:\/\/naturalpoland.com\/ko\/je-pum\/ui-yak-pum-won-ryo\/geon-gang-gi-neung-sig-pum-cheom-ga-mul\/heksillen-geullaikol\/","title":{"rendered":"\ud5e5\uc2e4\ub80c \uae00\ub77c\uc774\ucf5c"},"content":{"rendered":"<p>\ud5e5\uc2e4\ub80c \uae00\ub77c\uc774\ucf5c\uc740 \uc784\uc0b0\ubd80\uc5d0\uac8c \uc548\uc804\ud558\uba70 \uc54c\ub808\ub974\uae30\ub97c \uc720\ubc1c\ud558\uc9c0 \uc54a\uc2b5\ub2c8\ub2e4. \ub530\ub77c\uc11c \uc0f4\ud478, \uc0e4\uc6cc\uc824, \ube44\ub204 \ub4f1 \ub2e4\uc591\ud55c \ud654\uc7a5\ud488\uc5d0 \ub110\ub9ac \uc0ac\uc6a9\ub429\ub2c8\ub2e4. \uc774 \uc131\ubd84 \ub355\ubd84\uc5d0 \uc81c\ud488\uc740 \uc18c\ube44\uc790\uc758 \uc694\uad6c\uc5d0 \ub354 \uc798 \ub9de\ucdb0\uc9c0\uace0 \uae30\ub300\uce58\ub97c \ucda9\uc871\uc2dc\ud0b5\ub2c8\ub2e4. \uacb0\uacfc\uc801\uc73c\ub85c \uc774 \ubb3c\uc9c8\uc744 \ucca8\uac00\ud558\uba74 \ud3c9\ubc94\ud55c \ud654\uc7a5\ud488\uc774 \uc9c4\uc815\ud55c \uc990\uac70\uc6c0\uc744 \uc120\uc0ac\ud558\ub294 \uc81c\ud488\uc73c\ub85c \ubc14\ub014 \uc218 \uc788\uc2b5\ub2c8\ub2e4.<\/p>\n","protected":false},"excerpt":{"rendered":"<p>\ud5e5\uc2e4\ub80c \uae00\ub77c\uc774\ucf5c\uc740 \ub2e4\uc591\ud55c \ud654\uc7a5\ud488\uc5d0 \ucca8\uac00\ub418\ub294 \ud569\uc131 \ubb3c\uc9c8\uc785\ub2c8\ub2e4. \ud5a5\ub8cc\uc774\uc790 \ubc29\ubd80\uc81c \uc5ed\ud560\uc744 \ud569\ub2c8\ub2e4. \ub3d9\uc2dc\uc5d0 \uc138\uc815\uc81c \ubc0f \uacc4\uba74\ud65c\uc131\uc81c\uc774\uae30\ub3c4 \ud569\ub2c8\ub2e4. \uadf8\ub7ec\ub098 \uc774 \uae00\ub77c\uc774\ucf5c\uc758 \uac00\uc7a5 \uc911\uc694\ud55c \uae30\ub2a5\uc740 \uc720\ud654 \uc791\uc6a9\uc785\ub2c8\ub2e4. \ubc14\ub85c \uc774 \uc791\uc6a9 \ub355\ubd84\uc5d0 \uc774 \ubb3c\uc9c8\uc774 \uc81c\ud488\uc758 \uc9c8\uac10\uc5d0 \uc601\ud5a5\uc744 \ubbf8\uce69\ub2c8\ub2e4.<\/p>\n","protected":false},"featured_media":42863,"template":"","meta":{"_acf_changed":false},"product_brand":[],"product_cat":[8143],"product_tag":[8531],"class_list":{"0":"post-42862","1":"product","2":"type-product","3":"status-publish","4":"has-post-thumbnail","6":"product_cat-geon-gang-gi-neung-sig-pum-cheom-ga-mul","7":"product_tag-8531","9":"first","10":"instock","11":"shipping-taxable","12":"product-type-simple"},"acf":[],"yoast_head":"<!-- This site is optimized with the Yoast SEO plugin v27.4 - https:\/\/yoast.com\/product\/yoast-seo-wordpress\/ -->\n<title>\ud5e5\uc2e4\ub80c \uae00\ub77c\uc774\ucf5c - Hurtowy Dystrybutor<\/title>\n<meta name=\"robots\" content=\"index, follow, max-snippet:-1, max-image-preview:large, max-video-preview:-1\" \/>\n<link rel=\"canonical\" href=\"https:\/\/naturalpoland.com\/ko\/je-pum\/ui-yak-pum-won-ryo\/geon-gang-gi-neung-sig-pum-cheom-ga-mul\/heksillen-geullaikol\/\" \/>\n<meta property=\"og:locale\" content=\"ko_KR\" \/>\n<meta property=\"og:type\" content=\"article\" \/>\n<meta property=\"og:title\" content=\"\ud5e5\uc2e4\ub80c \uae00\ub77c\uc774\ucf5c - Hurtowy Dystrybutor\" \/>\n<meta property=\"og:description\" content=\"\ud5e5\uc2e4\ub80c \uae00\ub77c\uc774\ucf5c\uc740 \ub2e4\uc591\ud55c \ud654\uc7a5\ud488\uc5d0 \ucca8\uac00\ub418\ub294 \ud569\uc131 \ubb3c\uc9c8\uc785\ub2c8\ub2e4. \ud5a5\ub8cc\uc774\uc790 \ubc29\ubd80\uc81c \uc5ed\ud560\uc744 \ud569\ub2c8\ub2e4. \ub3d9\uc2dc\uc5d0 \uc138\uc815\uc81c \ubc0f \uacc4\uba74\ud65c\uc131\uc81c\uc774\uae30\ub3c4 \ud569\ub2c8\ub2e4. \uadf8\ub7ec\ub098 \uc774 \uae00\ub77c\uc774\ucf5c\uc758 \uac00\uc7a5 \uc911\uc694\ud55c \uae30\ub2a5\uc740 \uc720\ud654 \uc791\uc6a9\uc785\ub2c8\ub2e4. \ubc14\ub85c \uc774 \uc791\uc6a9 \ub355\ubd84\uc5d0 \uc774 \ubb3c\uc9c8\uc774 \uc81c\ud488\uc758 \uc9c8\uac10\uc5d0 \uc601\ud5a5\uc744 \ubbf8\uce69\ub2c8\ub2e4.\" \/>\n<meta property=\"og:url\" content=\"https:\/\/naturalpoland.com\/ko\/je-pum\/ui-yak-pum-won-ryo\/geon-gang-gi-neung-sig-pum-cheom-ga-mul\/heksillen-geullaikol\/\" \/>\n<meta property=\"og:site_name\" content=\"NATURAL POLAND - Hurtowy Dystrybutor Surowc\u00f3w\" \/>\n<meta property=\"article:publisher\" content=\"https:\/\/www.facebook.com\/naturalpoland.b2b\" \/>\n<meta property=\"article:modified_time\" content=\"2025-08-21T13:18:03+00:00\" \/>\n<meta property=\"og:image\" content=\"https:\/\/naturalpoland.com\/wp-content\/uploads\/2021\/05\/hexylene-glycol.png\" \/>\n\t<meta property=\"og:image:width\" content=\"1289\" \/>\n\t<meta property=\"og:image:height\" content=\"548\" \/>\n\t<meta property=\"og:image:type\" content=\"image\/png\" \/>\n<script type=\"application\/ld+json\" class=\"yoast-schema-graph\">{\"@context\":\"https:\\\/\\\/schema.org\",\"@graph\":[{\"@type\":\"WebPage\",\"@id\":\"https:\\\/\\\/naturalpoland.com\\\/ko\\\/je-pum\\\/ui-yak-pum-won-ryo\\\/geon-gang-gi-neung-sig-pum-cheom-ga-mul\\\/heksillen-geullaikol\\\/\",\"url\":\"https:\\\/\\\/naturalpoland.com\\\/ko\\\/je-pum\\\/ui-yak-pum-won-ryo\\\/geon-gang-gi-neung-sig-pum-cheom-ga-mul\\\/heksillen-geullaikol\\\/\",\"name\":\"\ud5e5\uc2e4\ub80c \uae00\ub77c\uc774\ucf5c - Hurtowy Dystrybutor\",\"isPartOf\":{\"@id\":\"https:\\\/\\\/naturalpoland.com\\\/ko\\\/#website\"},\"primaryImageOfPage\":{\"@id\":\"https:\\\/\\\/naturalpoland.com\\\/ko\\\/je-pum\\\/ui-yak-pum-won-ryo\\\/geon-gang-gi-neung-sig-pum-cheom-ga-mul\\\/heksillen-geullaikol\\\/#primaryimage\"},\"image\":{\"@id\":\"https:\\\/\\\/naturalpoland.com\\\/ko\\\/je-pum\\\/ui-yak-pum-won-ryo\\\/geon-gang-gi-neung-sig-pum-cheom-ga-mul\\\/heksillen-geullaikol\\\/#primaryimage\"},\"thumbnailUrl\":\"https:\\\/\\\/naturalpoland.com\\\/wp-content\\\/uploads\\\/2021\\\/05\\\/hexylene-glycol.png\",\"datePublished\":\"2021-05-11T11:42:56+00:00\",\"dateModified\":\"2025-08-21T13:18:03+00:00\",\"breadcrumb\":{\"@id\":\"https:\\\/\\\/naturalpoland.com\\\/ko\\\/je-pum\\\/ui-yak-pum-won-ryo\\\/geon-gang-gi-neung-sig-pum-cheom-ga-mul\\\/heksillen-geullaikol\\\/#breadcrumb\"},\"inLanguage\":\"ko-KR\",\"potentialAction\":[{\"@type\":\"ReadAction\",\"target\":[\"https:\\\/\\\/naturalpoland.com\\\/ko\\\/je-pum\\\/ui-yak-pum-won-ryo\\\/geon-gang-gi-neung-sig-pum-cheom-ga-mul\\\/heksillen-geullaikol\\\/\"]}]},{\"@type\":\"ImageObject\",\"inLanguage\":\"ko-KR\",\"@id\":\"https:\\\/\\\/naturalpoland.com\\\/ko\\\/je-pum\\\/ui-yak-pum-won-ryo\\\/geon-gang-gi-neung-sig-pum-cheom-ga-mul\\\/heksillen-geullaikol\\\/#primaryimage\",\"url\":\"https:\\\/\\\/naturalpoland.com\\\/wp-content\\\/uploads\\\/2021\\\/05\\\/hexylene-glycol.png\",\"contentUrl\":\"https:\\\/\\\/naturalpoland.com\\\/wp-content\\\/uploads\\\/2021\\\/05\\\/hexylene-glycol.png\",\"width\":1289,\"height\":548,\"caption\":\"Glikol heksylenowy\"},{\"@type\":\"BreadcrumbList\",\"@id\":\"https:\\\/\\\/naturalpoland.com\\\/ko\\\/je-pum\\\/ui-yak-pum-won-ryo\\\/geon-gang-gi-neung-sig-pum-cheom-ga-mul\\\/heksillen-geullaikol\\\/#breadcrumb\",\"itemListElement\":[{\"@type\":\"ListItem\",\"position\":1,\"name\":\"\ud648\",\"item\":\"https:\\\/\\\/naturalpoland.com\\\/ko\\\/\"},{\"@type\":\"ListItem\",\"position\":2,\"name\":\"\uc81c\ud488\",\"item\":\"https:\\\/\\\/naturalpoland.com\\\/ko\\\/%ec%a0%9c%ed%92%88\\\/\"},{\"@type\":\"ListItem\",\"position\":3,\"name\":\"\ud5e5\uc2e4\ub80c \uae00\ub77c\uc774\ucf5c\"}]},{\"@type\":\"WebSite\",\"@id\":\"https:\\\/\\\/naturalpoland.com\\\/ko\\\/#website\",\"url\":\"https:\\\/\\\/naturalpoland.com\\\/ko\\\/\",\"name\":\"NATURAL POLAND - Hurtowy Dystrybutor Surowc\u00f3w\",\"description\":\"Surowce dla przemys\u0142u spo\u017cywczego, kosmetycznego i farmaceutycznego\",\"publisher\":{\"@id\":\"https:\\\/\\\/naturalpoland.com\\\/ko\\\/#organization\"},\"potentialAction\":[{\"@type\":\"SearchAction\",\"target\":{\"@type\":\"EntryPoint\",\"urlTemplate\":\"https:\\\/\\\/naturalpoland.com\\\/ko\\\/?s={search_term_string}\"},\"query-input\":{\"@type\":\"PropertyValueSpecification\",\"valueRequired\":true,\"valueName\":\"search_term_string\"}}],\"inLanguage\":\"ko-KR\"},{\"@type\":\"Organization\",\"@id\":\"https:\\\/\\\/naturalpoland.com\\\/ko\\\/#organization\",\"name\":\"Natural Poland\",\"url\":\"https:\\\/\\\/naturalpoland.com\\\/ko\\\/\",\"logo\":{\"@type\":\"ImageObject\",\"inLanguage\":\"ko-KR\",\"@id\":\"https:\\\/\\\/naturalpoland.com\\\/ko\\\/#\\\/schema\\\/logo\\\/image\\\/\",\"url\":\"https:\\\/\\\/naturalpoland.com\\\/wp-content\\\/uploads\\\/2021\\\/05\\\/natural-poland-icon.png\",\"contentUrl\":\"https:\\\/\\\/naturalpoland.com\\\/wp-content\\\/uploads\\\/2021\\\/05\\\/natural-poland-icon.png\",\"width\":512,\"height\":512,\"caption\":\"Natural Poland\"},\"image\":{\"@id\":\"https:\\\/\\\/naturalpoland.com\\\/ko\\\/#\\\/schema\\\/logo\\\/image\\\/\"},\"sameAs\":[\"https:\\\/\\\/www.facebook.com\\\/naturalpoland.b2b\",\"https:\\\/\\\/pl.linkedin.com\\\/company\\\/natural-poland\",\"https:\\\/\\\/www.youtube.com\\\/channel\\\/UCgeGGkvOMahZo-xu_MSEWxg\"]}]}<\/script>\n<!-- \/ Yoast SEO plugin. -->","yoast_head_json":{"title":"\ud5e5\uc2e4\ub80c \uae00\ub77c\uc774\ucf5c - Hurtowy Dystrybutor","robots":{"index":"index","follow":"follow","max-snippet":"max-snippet:-1","max-image-preview":"max-image-preview:large","max-video-preview":"max-video-preview:-1"},"canonical":"https:\/\/naturalpoland.com\/ko\/je-pum\/ui-yak-pum-won-ryo\/geon-gang-gi-neung-sig-pum-cheom-ga-mul\/heksillen-geullaikol\/","og_locale":"ko_KR","og_type":"article","og_title":"\ud5e5\uc2e4\ub80c \uae00\ub77c\uc774\ucf5c - Hurtowy Dystrybutor","og_description":"\ud5e5\uc2e4\ub80c \uae00\ub77c\uc774\ucf5c\uc740 \ub2e4\uc591\ud55c \ud654\uc7a5\ud488\uc5d0 \ucca8\uac00\ub418\ub294 \ud569\uc131 \ubb3c\uc9c8\uc785\ub2c8\ub2e4. \ud5a5\ub8cc\uc774\uc790 \ubc29\ubd80\uc81c \uc5ed\ud560\uc744 \ud569\ub2c8\ub2e4. \ub3d9\uc2dc\uc5d0 \uc138\uc815\uc81c \ubc0f \uacc4\uba74\ud65c\uc131\uc81c\uc774\uae30\ub3c4 \ud569\ub2c8\ub2e4. \uadf8\ub7ec\ub098 \uc774 \uae00\ub77c\uc774\ucf5c\uc758 \uac00\uc7a5 \uc911\uc694\ud55c \uae30\ub2a5\uc740 \uc720\ud654 \uc791\uc6a9\uc785\ub2c8\ub2e4. \ubc14\ub85c \uc774 \uc791\uc6a9 \ub355\ubd84\uc5d0 \uc774 \ubb3c\uc9c8\uc774 \uc81c\ud488\uc758 \uc9c8\uac10\uc5d0 \uc601\ud5a5\uc744 \ubbf8\uce69\ub2c8\ub2e4.","og_url":"https:\/\/naturalpoland.com\/ko\/je-pum\/ui-yak-pum-won-ryo\/geon-gang-gi-neung-sig-pum-cheom-ga-mul\/heksillen-geullaikol\/","og_site_name":"NATURAL POLAND - Hurtowy Dystrybutor Surowc\u00f3w","article_publisher":"https:\/\/www.facebook.com\/naturalpoland.b2b","article_modified_time":"2025-08-21T13:18:03+00:00","og_image":[{"width":1289,"height":548,"url":"https:\/\/naturalpoland.com\/wp-content\/uploads\/2021\/05\/hexylene-glycol.png","type":"image\/png"}],"schema":{"@context":"https:\/\/schema.org","@graph":[{"@type":"WebPage","@id":"https:\/\/naturalpoland.com\/ko\/je-pum\/ui-yak-pum-won-ryo\/geon-gang-gi-neung-sig-pum-cheom-ga-mul\/heksillen-geullaikol\/","url":"https:\/\/naturalpoland.com\/ko\/je-pum\/ui-yak-pum-won-ryo\/geon-gang-gi-neung-sig-pum-cheom-ga-mul\/heksillen-geullaikol\/","name":"\ud5e5\uc2e4\ub80c \uae00\ub77c\uc774\ucf5c - Hurtowy Dystrybutor","isPartOf":{"@id":"https:\/\/naturalpoland.com\/ko\/#website"},"primaryImageOfPage":{"@id":"https:\/\/naturalpoland.com\/ko\/je-pum\/ui-yak-pum-won-ryo\/geon-gang-gi-neung-sig-pum-cheom-ga-mul\/heksillen-geullaikol\/#primaryimage"},"image":{"@id":"https:\/\/naturalpoland.com\/ko\/je-pum\/ui-yak-pum-won-ryo\/geon-gang-gi-neung-sig-pum-cheom-ga-mul\/heksillen-geullaikol\/#primaryimage"},"thumbnailUrl":"https:\/\/naturalpoland.com\/wp-content\/uploads\/2021\/05\/hexylene-glycol.png","datePublished":"2021-05-11T11:42:56+00:00","dateModified":"2025-08-21T13:18:03+00:00","breadcrumb":{"@id":"https:\/\/naturalpoland.com\/ko\/je-pum\/ui-yak-pum-won-ryo\/geon-gang-gi-neung-sig-pum-cheom-ga-mul\/heksillen-geullaikol\/#breadcrumb"},"inLanguage":"ko-KR","potentialAction":[{"@type":"ReadAction","target":["https:\/\/naturalpoland.com\/ko\/je-pum\/ui-yak-pum-won-ryo\/geon-gang-gi-neung-sig-pum-cheom-ga-mul\/heksillen-geullaikol\/"]}]},{"@type":"ImageObject","inLanguage":"ko-KR","@id":"https:\/\/naturalpoland.com\/ko\/je-pum\/ui-yak-pum-won-ryo\/geon-gang-gi-neung-sig-pum-cheom-ga-mul\/heksillen-geullaikol\/#primaryimage","url":"https:\/\/naturalpoland.com\/wp-content\/uploads\/2021\/05\/hexylene-glycol.png","contentUrl":"https:\/\/naturalpoland.com\/wp-content\/uploads\/2021\/05\/hexylene-glycol.png","width":1289,"height":548,"caption":"Glikol heksylenowy"},{"@type":"BreadcrumbList","@id":"https:\/\/naturalpoland.com\/ko\/je-pum\/ui-yak-pum-won-ryo\/geon-gang-gi-neung-sig-pum-cheom-ga-mul\/heksillen-geullaikol\/#breadcrumb","itemListElement":[{"@type":"ListItem","position":1,"name":"\ud648","item":"https:\/\/naturalpoland.com\/ko\/"},{"@type":"ListItem","position":2,"name":"\uc81c\ud488","item":"https:\/\/naturalpoland.com\/ko\/%ec%a0%9c%ed%92%88\/"},{"@type":"ListItem","position":3,"name":"\ud5e5\uc2e4\ub80c \uae00\ub77c\uc774\ucf5c"}]},{"@type":"WebSite","@id":"https:\/\/naturalpoland.com\/ko\/#website","url":"https:\/\/naturalpoland.com\/ko\/","name":"NATURAL POLAND - Hurtowy Dystrybutor Surowc\u00f3w","description":"Surowce dla przemys\u0142u spo\u017cywczego, kosmetycznego i farmaceutycznego","publisher":{"@id":"https:\/\/naturalpoland.com\/ko\/#organization"},"potentialAction":[{"@type":"SearchAction","target":{"@type":"EntryPoint","urlTemplate":"https:\/\/naturalpoland.com\/ko\/?s={search_term_string}"},"query-input":{"@type":"PropertyValueSpecification","valueRequired":true,"valueName":"search_term_string"}}],"inLanguage":"ko-KR"},{"@type":"Organization","@id":"https:\/\/naturalpoland.com\/ko\/#organization","name":"Natural Poland","url":"https:\/\/naturalpoland.com\/ko\/","logo":{"@type":"ImageObject","inLanguage":"ko-KR","@id":"https:\/\/naturalpoland.com\/ko\/#\/schema\/logo\/image\/","url":"https:\/\/naturalpoland.com\/wp-content\/uploads\/2021\/05\/natural-poland-icon.png","contentUrl":"https:\/\/naturalpoland.com\/wp-content\/uploads\/2021\/05\/natural-poland-icon.png","width":512,"height":512,"caption":"Natural Poland"},"image":{"@id":"https:\/\/naturalpoland.com\/ko\/#\/schema\/logo\/image\/"},"sameAs":["https:\/\/www.facebook.com\/naturalpoland.b2b","https:\/\/pl.linkedin.com\/company\/natural-poland","https:\/\/www.youtube.com\/channel\/UCgeGGkvOMahZo-xu_MSEWxg"]}]}},"_links":{"self":[{"href":"https:\/\/naturalpoland.com\/ko\/wp-json\/wp\/v2\/product\/42862","targetHints":{"allow":["GET"]}}],"collection":[{"href":"https:\/\/naturalpoland.com\/ko\/wp-json\/wp\/v2\/product"}],"about":[{"href":"https:\/\/naturalpoland.com\/ko\/wp-json\/wp\/v2\/types\/product"}],"wp:featuredmedia":[{"embeddable":true,"href":"https:\/\/naturalpoland.com\/ko\/wp-json\/wp\/v2\/media\/42863"}],"wp:attachment":[{"href":"https:\/\/naturalpoland.com\/ko\/wp-json\/wp\/v2\/media?parent=42862"}],"wp:term":[{"taxonomy":"product_brand","embeddable":true,"href":"https:\/\/naturalpoland.com\/ko\/wp-json\/wp\/v2\/product_brand?post=42862"},{"taxonomy":"product_cat","embeddable":true,"href":"https:\/\/naturalpoland.com\/ko\/wp-json\/wp\/v2\/product_cat?post=42862"},{"taxonomy":"product_tag","embeddable":true,"href":"https:\/\/naturalpoland.com\/ko\/wp-json\/wp\/v2\/product_tag?post=42862"}],"curies":[{"name":"wp","href":"https:\/\/api.w.org\/{rel}","templated":true}]}}