{"id":42864,"date":"2021-05-11T13:43:23","date_gmt":"2021-05-11T11:43:23","guid":{"rendered":"https:\/\/naturalpoland.com\/produkty\/uncategorized\/%ec%9d%b8%eb%8f%8c-3-%ec%b9%b4%eb%b9%84%eb%86%80\/"},"modified":"2025-08-21T15:18:21","modified_gmt":"2025-08-21T13:18:21","slug":"indol-3-kabinol","status":"publish","type":"product","link":"https:\/\/naturalpoland.com\/ko\/je-pum\/ui-yak-pum-won-ryo\/geon-gang-gi-neung-sig-pum-cheom-ga-mul\/indol-3-kabinol\/","title":{"rendered":"\uc778\ub3cc-3-\uce74\ube44\ub180"},"content":{"rendered":"<p>\uc778\ub3cc-3-\uce74\ube44\ub180\uc740 \uac74\uac15\ud55c \uc0dd\ud65c \ubc29\uc2dd\uc744 \uc720\uc9c0\ud558\ub294 \uc0ac\ub78c\ub4e4\uacfc \uc554 \ubc1c\ubcd1 \uc704\ud5d8\uc774 \ub192\uc740 \ubaa8\ub4e0 \uc0ac\ub78c\ub4e4\uc5d0\uac8c \uac00\uc7a5 \ub9ce\uc774 \uc120\ud0dd\ub418\ub294 \uc911\uc694\ud55c \uac74\uac15 \ubcf4\uc870 \uc2dd\ud488\uc785\ub2c8\ub2e4. \uac74\uac15 \ubcf4\uc870 \uc2dd\ud488 \ud615\ud0dc\uc758 \uc778\ub3cc-3-\uce74\ube44\ub180\uc740 \ucc44\uc18c\uc5d0\uc11c \uc5bb\ub294 \uac83\ubcf4\ub2e4 \ud761\uc218\uc728\uc774 \ub354 \ub192\uae30 \ub54c\ubb38\uc5d0 \uadf8 \uc778\uae30\uac00 \ub192\uace0 \uad00\uc2ec\uc774 \uc99d\uac00\ud558\ub294 \uac83\uc740 \ub2f9\uc5f0\ud569\ub2c8\ub2e4.<\/p>\n","protected":false},"excerpt":{"rendered":"<p>\uc778\ub3cc-3-\uce74\ube44\ub180 (<strong>Indole-3-Carbinol<\/strong>)\uc740 \ube0c\ub93c\uc140 \uc2a4\ud504\ub77c\uc6b0\ud2b8, \ube0c\ub85c\ucf5c\ub9ac, \uc591\ubc30\ucd94\uc640 \uac19\uc740 \uc2ed\uc790\ud654\uacfc \uc2dd\ubb3c\uc5d0\uc11c \ud754\ud788 \ubc1c\uacac\ub418\ub294 \uc720\uae30 \ud654\ud569\ubb3c\uc785\ub2c8\ub2e4. \uc774\ub294 \ud56d\uc554 \uc791\uc6a9\uacfc DNA \ubcf5\uad6c \uacfc\uc815\uc744 \uc218\ud589\ud558\ub294 \uac83\uc73c\ub85c \uc54c\ub824\uc838 \uc788\uc2b5\ub2c8\ub2e4. \ub610\ud55c \uc2e0\uccb4 \ud574\ub3c5\uc744 \uac00\uc18d\ud654\ud558\uace0 \uc554\uc138\ud3ec \uc131\uc7a5\uc744 \uc9c0\uc5f0\uc2dc\ud0b5\ub2c8\ub2e4.<\/p>\n","protected":false},"featured_media":42865,"template":"","meta":[],"product_brand":[],"product_cat":[8143],"product_tag":[],"class_list":{"0":"post-42864","1":"product","2":"type-product","3":"status-publish","4":"has-post-thumbnail","6":"product_cat-geon-gang-gi-neung-sig-pum-cheom-ga-mul","8":"first","9":"instock","10":"shipping-taxable","11":"product-type-simple"},"yoast_head":"<!-- This site is optimized with the Yoast SEO plugin v27.4 - https:\/\/yoast.com\/product\/yoast-seo-wordpress\/ -->\n<title>\uc778\ub3cc-3-\uce74\ube44\ub180 - Hurtowy Dystrybutor<\/title>\n<meta name=\"robots\" content=\"index, follow, max-snippet:-1, max-image-preview:large, max-video-preview:-1\" \/>\n<link rel=\"canonical\" href=\"https:\/\/naturalpoland.com\/ko\/je-pum\/ui-yak-pum-won-ryo\/geon-gang-gi-neung-sig-pum-cheom-ga-mul\/indol-3-kabinol\/\" \/>\n<meta property=\"og:locale\" content=\"ko_KR\" \/>\n<meta property=\"og:type\" content=\"article\" \/>\n<meta property=\"og:title\" content=\"\uc778\ub3cc-3-\uce74\ube44\ub180 - Hurtowy Dystrybutor\" \/>\n<meta property=\"og:description\" content=\"\uc778\ub3cc-3-\uce74\ube44\ub180 (Indole-3-Carbinol)\uc740 \ube0c\ub93c\uc140 \uc2a4\ud504\ub77c\uc6b0\ud2b8, \ube0c\ub85c\ucf5c\ub9ac, \uc591\ubc30\ucd94\uc640 \uac19\uc740 \uc2ed\uc790\ud654\uacfc \uc2dd\ubb3c\uc5d0\uc11c \ud754\ud788 \ubc1c\uacac\ub418\ub294 \uc720\uae30 \ud654\ud569\ubb3c\uc785\ub2c8\ub2e4. \uc774\ub294 \ud56d\uc554 \uc791\uc6a9\uacfc DNA \ubcf5\uad6c \uacfc\uc815\uc744 \uc218\ud589\ud558\ub294 \uac83\uc73c\ub85c \uc54c\ub824\uc838 \uc788\uc2b5\ub2c8\ub2e4. \ub610\ud55c \uc2e0\uccb4 \ud574\ub3c5\uc744 \uac00\uc18d\ud654\ud558\uace0 \uc554\uc138\ud3ec \uc131\uc7a5\uc744 \uc9c0\uc5f0\uc2dc\ud0b5\ub2c8\ub2e4.\" \/>\n<meta property=\"og:url\" content=\"https:\/\/naturalpoland.com\/ko\/je-pum\/ui-yak-pum-won-ryo\/geon-gang-gi-neung-sig-pum-cheom-ga-mul\/indol-3-kabinol\/\" \/>\n<meta property=\"og:site_name\" content=\"NATURAL POLAND - Hurtowy Dystrybutor Surowc\u00f3w\" \/>\n<meta property=\"article:publisher\" content=\"https:\/\/www.facebook.com\/naturalpoland.b2b\" \/>\n<meta property=\"article:modified_time\" content=\"2025-08-21T13:18:21+00:00\" \/>\n<meta property=\"og:image\" content=\"https:\/\/naturalpoland.com\/wp-content\/uploads\/2021\/05\/indole-3-carbinol.jpg\" \/>\n\t<meta property=\"og:image:width\" content=\"252\" \/>\n\t<meta property=\"og:image:height\" content=\"200\" \/>\n\t<meta property=\"og:image:type\" content=\"image\/jpeg\" \/>\n<script type=\"application\/ld+json\" class=\"yoast-schema-graph\">{\"@context\":\"https:\\\/\\\/schema.org\",\"@graph\":[{\"@type\":\"WebPage\",\"@id\":\"https:\\\/\\\/naturalpoland.com\\\/ko\\\/je-pum\\\/ui-yak-pum-won-ryo\\\/geon-gang-gi-neung-sig-pum-cheom-ga-mul\\\/indol-3-kabinol\\\/\",\"url\":\"https:\\\/\\\/naturalpoland.com\\\/ko\\\/je-pum\\\/ui-yak-pum-won-ryo\\\/geon-gang-gi-neung-sig-pum-cheom-ga-mul\\\/indol-3-kabinol\\\/\",\"name\":\"\uc778\ub3cc-3-\uce74\ube44\ub180 - Hurtowy Dystrybutor\",\"isPartOf\":{\"@id\":\"https:\\\/\\\/naturalpoland.com\\\/ko\\\/#website\"},\"primaryImageOfPage\":{\"@id\":\"https:\\\/\\\/naturalpoland.com\\\/ko\\\/je-pum\\\/ui-yak-pum-won-ryo\\\/geon-gang-gi-neung-sig-pum-cheom-ga-mul\\\/indol-3-kabinol\\\/#primaryimage\"},\"image\":{\"@id\":\"https:\\\/\\\/naturalpoland.com\\\/ko\\\/je-pum\\\/ui-yak-pum-won-ryo\\\/geon-gang-gi-neung-sig-pum-cheom-ga-mul\\\/indol-3-kabinol\\\/#primaryimage\"},\"thumbnailUrl\":\"https:\\\/\\\/naturalpoland.com\\\/wp-content\\\/uploads\\\/2021\\\/05\\\/indole-3-carbinol.jpg\",\"datePublished\":\"2021-05-11T11:43:23+00:00\",\"dateModified\":\"2025-08-21T13:18:21+00:00\",\"breadcrumb\":{\"@id\":\"https:\\\/\\\/naturalpoland.com\\\/ko\\\/je-pum\\\/ui-yak-pum-won-ryo\\\/geon-gang-gi-neung-sig-pum-cheom-ga-mul\\\/indol-3-kabinol\\\/#breadcrumb\"},\"inLanguage\":\"ko-KR\",\"potentialAction\":[{\"@type\":\"ReadAction\",\"target\":[\"https:\\\/\\\/naturalpoland.com\\\/ko\\\/je-pum\\\/ui-yak-pum-won-ryo\\\/geon-gang-gi-neung-sig-pum-cheom-ga-mul\\\/indol-3-kabinol\\\/\"]}]},{\"@type\":\"ImageObject\",\"inLanguage\":\"ko-KR\",\"@id\":\"https:\\\/\\\/naturalpoland.com\\\/ko\\\/je-pum\\\/ui-yak-pum-won-ryo\\\/geon-gang-gi-neung-sig-pum-cheom-ga-mul\\\/indol-3-kabinol\\\/#primaryimage\",\"url\":\"https:\\\/\\\/naturalpoland.com\\\/wp-content\\\/uploads\\\/2021\\\/05\\\/indole-3-carbinol.jpg\",\"contentUrl\":\"https:\\\/\\\/naturalpoland.com\\\/wp-content\\\/uploads\\\/2021\\\/05\\\/indole-3-carbinol.jpg\",\"width\":252,\"height\":200,\"caption\":\"Indolo-3-karbinol\"},{\"@type\":\"BreadcrumbList\",\"@id\":\"https:\\\/\\\/naturalpoland.com\\\/ko\\\/je-pum\\\/ui-yak-pum-won-ryo\\\/geon-gang-gi-neung-sig-pum-cheom-ga-mul\\\/indol-3-kabinol\\\/#breadcrumb\",\"itemListElement\":[{\"@type\":\"ListItem\",\"position\":1,\"name\":\"\ud648\",\"item\":\"https:\\\/\\\/naturalpoland.com\\\/ko\\\/\"},{\"@type\":\"ListItem\",\"position\":2,\"name\":\"\uc81c\ud488\",\"item\":\"https:\\\/\\\/naturalpoland.com\\\/ko\\\/%ec%a0%9c%ed%92%88\\\/\"},{\"@type\":\"ListItem\",\"position\":3,\"name\":\"\uc778\ub3cc-3-\uce74\ube44\ub180\"}]},{\"@type\":\"WebSite\",\"@id\":\"https:\\\/\\\/naturalpoland.com\\\/ko\\\/#website\",\"url\":\"https:\\\/\\\/naturalpoland.com\\\/ko\\\/\",\"name\":\"NATURAL POLAND - Hurtowy Dystrybutor Surowc\u00f3w\",\"description\":\"Surowce dla przemys\u0142u spo\u017cywczego, kosmetycznego i farmaceutycznego\",\"publisher\":{\"@id\":\"https:\\\/\\\/naturalpoland.com\\\/ko\\\/#organization\"},\"potentialAction\":[{\"@type\":\"SearchAction\",\"target\":{\"@type\":\"EntryPoint\",\"urlTemplate\":\"https:\\\/\\\/naturalpoland.com\\\/ko\\\/?s={search_term_string}\"},\"query-input\":{\"@type\":\"PropertyValueSpecification\",\"valueRequired\":true,\"valueName\":\"search_term_string\"}}],\"inLanguage\":\"ko-KR\"},{\"@type\":\"Organization\",\"@id\":\"https:\\\/\\\/naturalpoland.com\\\/ko\\\/#organization\",\"name\":\"Natural Poland\",\"url\":\"https:\\\/\\\/naturalpoland.com\\\/ko\\\/\",\"logo\":{\"@type\":\"ImageObject\",\"inLanguage\":\"ko-KR\",\"@id\":\"https:\\\/\\\/naturalpoland.com\\\/ko\\\/#\\\/schema\\\/logo\\\/image\\\/\",\"url\":\"https:\\\/\\\/naturalpoland.com\\\/wp-content\\\/uploads\\\/2021\\\/05\\\/natural-poland-icon.png\",\"contentUrl\":\"https:\\\/\\\/naturalpoland.com\\\/wp-content\\\/uploads\\\/2021\\\/05\\\/natural-poland-icon.png\",\"width\":512,\"height\":512,\"caption\":\"Natural Poland\"},\"image\":{\"@id\":\"https:\\\/\\\/naturalpoland.com\\\/ko\\\/#\\\/schema\\\/logo\\\/image\\\/\"},\"sameAs\":[\"https:\\\/\\\/www.facebook.com\\\/naturalpoland.b2b\",\"https:\\\/\\\/pl.linkedin.com\\\/company\\\/natural-poland\",\"https:\\\/\\\/www.youtube.com\\\/channel\\\/UCgeGGkvOMahZo-xu_MSEWxg\"]}]}<\/script>\n<!-- \/ Yoast SEO plugin. -->","yoast_head_json":{"title":"\uc778\ub3cc-3-\uce74\ube44\ub180 - Hurtowy Dystrybutor","robots":{"index":"index","follow":"follow","max-snippet":"max-snippet:-1","max-image-preview":"max-image-preview:large","max-video-preview":"max-video-preview:-1"},"canonical":"https:\/\/naturalpoland.com\/ko\/je-pum\/ui-yak-pum-won-ryo\/geon-gang-gi-neung-sig-pum-cheom-ga-mul\/indol-3-kabinol\/","og_locale":"ko_KR","og_type":"article","og_title":"\uc778\ub3cc-3-\uce74\ube44\ub180 - Hurtowy Dystrybutor","og_description":"\uc778\ub3cc-3-\uce74\ube44\ub180 (Indole-3-Carbinol)\uc740 \ube0c\ub93c\uc140 \uc2a4\ud504\ub77c\uc6b0\ud2b8, \ube0c\ub85c\ucf5c\ub9ac, \uc591\ubc30\ucd94\uc640 \uac19\uc740 \uc2ed\uc790\ud654\uacfc \uc2dd\ubb3c\uc5d0\uc11c \ud754\ud788 \ubc1c\uacac\ub418\ub294 \uc720\uae30 \ud654\ud569\ubb3c\uc785\ub2c8\ub2e4. \uc774\ub294 \ud56d\uc554 \uc791\uc6a9\uacfc DNA \ubcf5\uad6c \uacfc\uc815\uc744 \uc218\ud589\ud558\ub294 \uac83\uc73c\ub85c \uc54c\ub824\uc838 \uc788\uc2b5\ub2c8\ub2e4. \ub610\ud55c \uc2e0\uccb4 \ud574\ub3c5\uc744 \uac00\uc18d\ud654\ud558\uace0 \uc554\uc138\ud3ec \uc131\uc7a5\uc744 \uc9c0\uc5f0\uc2dc\ud0b5\ub2c8\ub2e4.","og_url":"https:\/\/naturalpoland.com\/ko\/je-pum\/ui-yak-pum-won-ryo\/geon-gang-gi-neung-sig-pum-cheom-ga-mul\/indol-3-kabinol\/","og_site_name":"NATURAL POLAND - Hurtowy Dystrybutor Surowc\u00f3w","article_publisher":"https:\/\/www.facebook.com\/naturalpoland.b2b","article_modified_time":"2025-08-21T13:18:21+00:00","og_image":[{"width":252,"height":200,"url":"https:\/\/naturalpoland.com\/wp-content\/uploads\/2021\/05\/indole-3-carbinol.jpg","type":"image\/jpeg"}],"schema":{"@context":"https:\/\/schema.org","@graph":[{"@type":"WebPage","@id":"https:\/\/naturalpoland.com\/ko\/je-pum\/ui-yak-pum-won-ryo\/geon-gang-gi-neung-sig-pum-cheom-ga-mul\/indol-3-kabinol\/","url":"https:\/\/naturalpoland.com\/ko\/je-pum\/ui-yak-pum-won-ryo\/geon-gang-gi-neung-sig-pum-cheom-ga-mul\/indol-3-kabinol\/","name":"\uc778\ub3cc-3-\uce74\ube44\ub180 - Hurtowy Dystrybutor","isPartOf":{"@id":"https:\/\/naturalpoland.com\/ko\/#website"},"primaryImageOfPage":{"@id":"https:\/\/naturalpoland.com\/ko\/je-pum\/ui-yak-pum-won-ryo\/geon-gang-gi-neung-sig-pum-cheom-ga-mul\/indol-3-kabinol\/#primaryimage"},"image":{"@id":"https:\/\/naturalpoland.com\/ko\/je-pum\/ui-yak-pum-won-ryo\/geon-gang-gi-neung-sig-pum-cheom-ga-mul\/indol-3-kabinol\/#primaryimage"},"thumbnailUrl":"https:\/\/naturalpoland.com\/wp-content\/uploads\/2021\/05\/indole-3-carbinol.jpg","datePublished":"2021-05-11T11:43:23+00:00","dateModified":"2025-08-21T13:18:21+00:00","breadcrumb":{"@id":"https:\/\/naturalpoland.com\/ko\/je-pum\/ui-yak-pum-won-ryo\/geon-gang-gi-neung-sig-pum-cheom-ga-mul\/indol-3-kabinol\/#breadcrumb"},"inLanguage":"ko-KR","potentialAction":[{"@type":"ReadAction","target":["https:\/\/naturalpoland.com\/ko\/je-pum\/ui-yak-pum-won-ryo\/geon-gang-gi-neung-sig-pum-cheom-ga-mul\/indol-3-kabinol\/"]}]},{"@type":"ImageObject","inLanguage":"ko-KR","@id":"https:\/\/naturalpoland.com\/ko\/je-pum\/ui-yak-pum-won-ryo\/geon-gang-gi-neung-sig-pum-cheom-ga-mul\/indol-3-kabinol\/#primaryimage","url":"https:\/\/naturalpoland.com\/wp-content\/uploads\/2021\/05\/indole-3-carbinol.jpg","contentUrl":"https:\/\/naturalpoland.com\/wp-content\/uploads\/2021\/05\/indole-3-carbinol.jpg","width":252,"height":200,"caption":"Indolo-3-karbinol"},{"@type":"BreadcrumbList","@id":"https:\/\/naturalpoland.com\/ko\/je-pum\/ui-yak-pum-won-ryo\/geon-gang-gi-neung-sig-pum-cheom-ga-mul\/indol-3-kabinol\/#breadcrumb","itemListElement":[{"@type":"ListItem","position":1,"name":"\ud648","item":"https:\/\/naturalpoland.com\/ko\/"},{"@type":"ListItem","position":2,"name":"\uc81c\ud488","item":"https:\/\/naturalpoland.com\/ko\/%ec%a0%9c%ed%92%88\/"},{"@type":"ListItem","position":3,"name":"\uc778\ub3cc-3-\uce74\ube44\ub180"}]},{"@type":"WebSite","@id":"https:\/\/naturalpoland.com\/ko\/#website","url":"https:\/\/naturalpoland.com\/ko\/","name":"NATURAL POLAND - Hurtowy Dystrybutor Surowc\u00f3w","description":"Surowce dla przemys\u0142u spo\u017cywczego, kosmetycznego i farmaceutycznego","publisher":{"@id":"https:\/\/naturalpoland.com\/ko\/#organization"},"potentialAction":[{"@type":"SearchAction","target":{"@type":"EntryPoint","urlTemplate":"https:\/\/naturalpoland.com\/ko\/?s={search_term_string}"},"query-input":{"@type":"PropertyValueSpecification","valueRequired":true,"valueName":"search_term_string"}}],"inLanguage":"ko-KR"},{"@type":"Organization","@id":"https:\/\/naturalpoland.com\/ko\/#organization","name":"Natural Poland","url":"https:\/\/naturalpoland.com\/ko\/","logo":{"@type":"ImageObject","inLanguage":"ko-KR","@id":"https:\/\/naturalpoland.com\/ko\/#\/schema\/logo\/image\/","url":"https:\/\/naturalpoland.com\/wp-content\/uploads\/2021\/05\/natural-poland-icon.png","contentUrl":"https:\/\/naturalpoland.com\/wp-content\/uploads\/2021\/05\/natural-poland-icon.png","width":512,"height":512,"caption":"Natural Poland"},"image":{"@id":"https:\/\/naturalpoland.com\/ko\/#\/schema\/logo\/image\/"},"sameAs":["https:\/\/www.facebook.com\/naturalpoland.b2b","https:\/\/pl.linkedin.com\/company\/natural-poland","https:\/\/www.youtube.com\/channel\/UCgeGGkvOMahZo-xu_MSEWxg"]}]}},"_links":{"self":[{"href":"https:\/\/naturalpoland.com\/ko\/wp-json\/wp\/v2\/product\/42864","targetHints":{"allow":["GET"]}}],"collection":[{"href":"https:\/\/naturalpoland.com\/ko\/wp-json\/wp\/v2\/product"}],"about":[{"href":"https:\/\/naturalpoland.com\/ko\/wp-json\/wp\/v2\/types\/product"}],"wp:featuredmedia":[{"embeddable":true,"href":"https:\/\/naturalpoland.com\/ko\/wp-json\/wp\/v2\/media\/42865"}],"wp:attachment":[{"href":"https:\/\/naturalpoland.com\/ko\/wp-json\/wp\/v2\/media?parent=42864"}],"wp:term":[{"taxonomy":"product_brand","embeddable":true,"href":"https:\/\/naturalpoland.com\/ko\/wp-json\/wp\/v2\/product_brand?post=42864"},{"taxonomy":"product_cat","embeddable":true,"href":"https:\/\/naturalpoland.com\/ko\/wp-json\/wp\/v2\/product_cat?post=42864"},{"taxonomy":"product_tag","embeddable":true,"href":"https:\/\/naturalpoland.com\/ko\/wp-json\/wp\/v2\/product_tag?post=42864"}],"curies":[{"name":"wp","href":"https:\/\/api.w.org\/{rel}","templated":true}]}}