{"id":42866,"date":"2021-05-11T13:43:45","date_gmt":"2021-05-11T11:43:45","guid":{"rendered":"https:\/\/naturalpoland.com\/produkty\/uncategorized\/%ec%9d%b4%ed%94%84%eb%a6%ac%ed%94%8c%eb%9d%bc%eb%b3%b8\/"},"modified":"2025-08-21T15:18:29","modified_gmt":"2025-08-21T13:18:29","slug":"ipeuripeullabon","status":"publish","type":"product","link":"https:\/\/naturalpoland.com\/ko\/je-pum\/ui-yak-pum-won-ryo\/geon-gang-gi-neung-sig-pum-cheom-ga-mul\/ipeuripeullabon\/","title":{"rendered":"\uc774\ud504\ub9ac\ud50c\ub77c\ubcf8"},"content":{"rendered":"<p>\uc774\ud504\ub9ac\ud50c\ub77c\ubcf8 \uc12d\ucde8\ub294 \ud2b9\ud788 \ud3d0\uacbd \ud6c4 \uae30\uac04\uc5d0 \uad8c\uc7a5\ub429\ub2c8\ub2e4. \uc774 \uc2dc\uae30\uc5d0\ub294 \ubf08\uac00 \uc885\uc885 \ubc00\ub3c4\ub97c \uc783\uace0 \ud604\uc800\ud788 \uc57d\ud574\uc9c0\uae30 \ub54c\ubb38\uc785\ub2c8\ub2e4. \uc774\ud504\ub9ac\ud50c\ub77c\ubcf8\uc744 \ud568\uc720\ud55c \uac74\uac15 \ubcf4\uc870 \uc2dd\ud488\uc744 \uc12d\ucde8\ud558\uba74 \uc774\ub7ec\ud55c \uacfc\uc815\uc744 \uba48\ucd94\uac70\ub098 \ubd80\uc815\uc801\uc778 \uc601\ud5a5\uc744 \uc904\uc77c \uc218 \uc788\uc2b5\ub2c8\ub2e4. \uc774\ud504\ub9ac\ud50c\ub77c\ubcf8 \uc12d\ucde8\ub294 \uc815\uc0c1\uc801\uc778 \uace8\ubc00\ub3c4 \uc720\uc9c0\uc5d0 \ub3c4\uc6c0\uc744 \uc904 \uc218 \uc788\uc73c\uba70, \ub9ce\uc740 \uacbd\uc6b0 \uace8\ub2e4\uacf5\uc99d \ubc0f \uace8\ucde8\uc57d\uc131 \uc99d\uac00\uc758 \uc99d\uc0c1\uc744 \uc9c0\uc5f0\uc2dc\ud0a4\uac70\ub098 \uc904\uc774\ub294 \ub370\ub3c4 \ub3c4\uc6c0\uc774 \ub420 \uc218 \uc788\uc2b5\ub2c8\ub2e4.<\/p>\n","protected":false},"excerpt":{"rendered":"<p>\uc774\ud504\ub9ac\ud50c\ub77c\ubcf8\uc740 \ubf08 \ud615\uc131 \uacfc\uc815\uacfc \ubf08 \ubd84\ud574 \uacfc\uc815 \uc0ac\uc774\uc758 \uc801\uc808\ud55c \uade0\ud615\uc744 \uc720\uc9c0\ud558\ub294 \ub370 \uae30\uc5ec\ud558\ub294 \uc774\uc18c\ud50c\ub77c\ubcf8\uc758 \uc77c\uc885\uc785\ub2c8\ub2e4. \ub530\ub77c\uc11c \uccb4\ub0b4 \uce7c\uc298 \ub300\uc0ac\ub97c \uc815\uc0c1\uc801\uc73c\ub85c \uc870\uc808\ud558\ub294 \ub370 \uc911\uc694\ud55c \uc5ed\ud560\uc744 \ud55c\ub2e4\uace0\ub3c4 \ub9d0\ud560 \uc218 \uc788\uc2b5\ub2c8\ub2e4.<\/p>\n","protected":false},"featured_media":42867,"template":"","meta":{"_acf_changed":false},"product_brand":[],"product_cat":[8143],"product_tag":[],"class_list":{"0":"post-42866","1":"product","2":"type-product","3":"status-publish","4":"has-post-thumbnail","6":"product_cat-geon-gang-gi-neung-sig-pum-cheom-ga-mul","8":"first","9":"instock","10":"shipping-taxable","11":"product-type-simple"},"acf":[],"yoast_head":"<!-- This site is optimized with the Yoast SEO plugin v27.4 - https:\/\/yoast.com\/product\/yoast-seo-wordpress\/ -->\n<title>\uc774\ud504\ub9ac\ud50c\ub77c\ubcf8 - Hurtowy Dystrybutor<\/title>\n<meta name=\"robots\" content=\"index, follow, max-snippet:-1, max-image-preview:large, max-video-preview:-1\" \/>\n<link rel=\"canonical\" href=\"https:\/\/naturalpoland.com\/ko\/je-pum\/ui-yak-pum-won-ryo\/geon-gang-gi-neung-sig-pum-cheom-ga-mul\/ipeuripeullabon\/\" \/>\n<meta property=\"og:locale\" content=\"ko_KR\" \/>\n<meta property=\"og:type\" content=\"article\" \/>\n<meta property=\"og:title\" content=\"\uc774\ud504\ub9ac\ud50c\ub77c\ubcf8 - Hurtowy Dystrybutor\" \/>\n<meta property=\"og:description\" content=\"\uc774\ud504\ub9ac\ud50c\ub77c\ubcf8\uc740 \ubf08 \ud615\uc131 \uacfc\uc815\uacfc \ubf08 \ubd84\ud574 \uacfc\uc815 \uc0ac\uc774\uc758 \uc801\uc808\ud55c \uade0\ud615\uc744 \uc720\uc9c0\ud558\ub294 \ub370 \uae30\uc5ec\ud558\ub294 \uc774\uc18c\ud50c\ub77c\ubcf8\uc758 \uc77c\uc885\uc785\ub2c8\ub2e4. \ub530\ub77c\uc11c \uccb4\ub0b4 \uce7c\uc298 \ub300\uc0ac\ub97c \uc815\uc0c1\uc801\uc73c\ub85c \uc870\uc808\ud558\ub294 \ub370 \uc911\uc694\ud55c \uc5ed\ud560\uc744 \ud55c\ub2e4\uace0\ub3c4 \ub9d0\ud560 \uc218 \uc788\uc2b5\ub2c8\ub2e4.\" \/>\n<meta property=\"og:url\" content=\"https:\/\/naturalpoland.com\/ko\/je-pum\/ui-yak-pum-won-ryo\/geon-gang-gi-neung-sig-pum-cheom-ga-mul\/ipeuripeullabon\/\" \/>\n<meta property=\"og:site_name\" content=\"NATURAL POLAND - Hurtowy Dystrybutor Surowc\u00f3w\" \/>\n<meta property=\"article:publisher\" content=\"https:\/\/www.facebook.com\/naturalpoland.b2b\" \/>\n<meta property=\"article:modified_time\" content=\"2025-08-21T13:18:29+00:00\" \/>\n<meta property=\"og:image\" content=\"https:\/\/naturalpoland.com\/wp-content\/uploads\/2021\/05\/ipriflavone.jpg\" \/>\n\t<meta property=\"og:image:width\" content=\"338\" \/>\n\t<meta property=\"og:image:height\" content=\"149\" \/>\n\t<meta property=\"og:image:type\" content=\"image\/jpeg\" \/>\n<script type=\"application\/ld+json\" class=\"yoast-schema-graph\">{\"@context\":\"https:\\\/\\\/schema.org\",\"@graph\":[{\"@type\":\"WebPage\",\"@id\":\"https:\\\/\\\/naturalpoland.com\\\/ko\\\/je-pum\\\/ui-yak-pum-won-ryo\\\/geon-gang-gi-neung-sig-pum-cheom-ga-mul\\\/ipeuripeullabon\\\/\",\"url\":\"https:\\\/\\\/naturalpoland.com\\\/ko\\\/je-pum\\\/ui-yak-pum-won-ryo\\\/geon-gang-gi-neung-sig-pum-cheom-ga-mul\\\/ipeuripeullabon\\\/\",\"name\":\"\uc774\ud504\ub9ac\ud50c\ub77c\ubcf8 - Hurtowy Dystrybutor\",\"isPartOf\":{\"@id\":\"https:\\\/\\\/naturalpoland.com\\\/ko\\\/#website\"},\"primaryImageOfPage\":{\"@id\":\"https:\\\/\\\/naturalpoland.com\\\/ko\\\/je-pum\\\/ui-yak-pum-won-ryo\\\/geon-gang-gi-neung-sig-pum-cheom-ga-mul\\\/ipeuripeullabon\\\/#primaryimage\"},\"image\":{\"@id\":\"https:\\\/\\\/naturalpoland.com\\\/ko\\\/je-pum\\\/ui-yak-pum-won-ryo\\\/geon-gang-gi-neung-sig-pum-cheom-ga-mul\\\/ipeuripeullabon\\\/#primaryimage\"},\"thumbnailUrl\":\"https:\\\/\\\/naturalpoland.com\\\/wp-content\\\/uploads\\\/2021\\\/05\\\/ipriflavone.jpg\",\"datePublished\":\"2021-05-11T11:43:45+00:00\",\"dateModified\":\"2025-08-21T13:18:29+00:00\",\"breadcrumb\":{\"@id\":\"https:\\\/\\\/naturalpoland.com\\\/ko\\\/je-pum\\\/ui-yak-pum-won-ryo\\\/geon-gang-gi-neung-sig-pum-cheom-ga-mul\\\/ipeuripeullabon\\\/#breadcrumb\"},\"inLanguage\":\"ko-KR\",\"potentialAction\":[{\"@type\":\"ReadAction\",\"target\":[\"https:\\\/\\\/naturalpoland.com\\\/ko\\\/je-pum\\\/ui-yak-pum-won-ryo\\\/geon-gang-gi-neung-sig-pum-cheom-ga-mul\\\/ipeuripeullabon\\\/\"]}]},{\"@type\":\"ImageObject\",\"inLanguage\":\"ko-KR\",\"@id\":\"https:\\\/\\\/naturalpoland.com\\\/ko\\\/je-pum\\\/ui-yak-pum-won-ryo\\\/geon-gang-gi-neung-sig-pum-cheom-ga-mul\\\/ipeuripeullabon\\\/#primaryimage\",\"url\":\"https:\\\/\\\/naturalpoland.com\\\/wp-content\\\/uploads\\\/2021\\\/05\\\/ipriflavone.jpg\",\"contentUrl\":\"https:\\\/\\\/naturalpoland.com\\\/wp-content\\\/uploads\\\/2021\\\/05\\\/ipriflavone.jpg\",\"width\":338,\"height\":149,\"caption\":\"Ipriflawon\"},{\"@type\":\"BreadcrumbList\",\"@id\":\"https:\\\/\\\/naturalpoland.com\\\/ko\\\/je-pum\\\/ui-yak-pum-won-ryo\\\/geon-gang-gi-neung-sig-pum-cheom-ga-mul\\\/ipeuripeullabon\\\/#breadcrumb\",\"itemListElement\":[{\"@type\":\"ListItem\",\"position\":1,\"name\":\"\ud648\",\"item\":\"https:\\\/\\\/naturalpoland.com\\\/ko\\\/\"},{\"@type\":\"ListItem\",\"position\":2,\"name\":\"\uc81c\ud488\",\"item\":\"https:\\\/\\\/naturalpoland.com\\\/ko\\\/%ec%a0%9c%ed%92%88\\\/\"},{\"@type\":\"ListItem\",\"position\":3,\"name\":\"\uc774\ud504\ub9ac\ud50c\ub77c\ubcf8\"}]},{\"@type\":\"WebSite\",\"@id\":\"https:\\\/\\\/naturalpoland.com\\\/ko\\\/#website\",\"url\":\"https:\\\/\\\/naturalpoland.com\\\/ko\\\/\",\"name\":\"NATURAL POLAND - Hurtowy Dystrybutor Surowc\u00f3w\",\"description\":\"Surowce dla przemys\u0142u spo\u017cywczego, kosmetycznego i farmaceutycznego\",\"publisher\":{\"@id\":\"https:\\\/\\\/naturalpoland.com\\\/ko\\\/#organization\"},\"potentialAction\":[{\"@type\":\"SearchAction\",\"target\":{\"@type\":\"EntryPoint\",\"urlTemplate\":\"https:\\\/\\\/naturalpoland.com\\\/ko\\\/?s={search_term_string}\"},\"query-input\":{\"@type\":\"PropertyValueSpecification\",\"valueRequired\":true,\"valueName\":\"search_term_string\"}}],\"inLanguage\":\"ko-KR\"},{\"@type\":\"Organization\",\"@id\":\"https:\\\/\\\/naturalpoland.com\\\/ko\\\/#organization\",\"name\":\"Natural Poland\",\"url\":\"https:\\\/\\\/naturalpoland.com\\\/ko\\\/\",\"logo\":{\"@type\":\"ImageObject\",\"inLanguage\":\"ko-KR\",\"@id\":\"https:\\\/\\\/naturalpoland.com\\\/ko\\\/#\\\/schema\\\/logo\\\/image\\\/\",\"url\":\"https:\\\/\\\/naturalpoland.com\\\/wp-content\\\/uploads\\\/2021\\\/05\\\/natural-poland-icon.png\",\"contentUrl\":\"https:\\\/\\\/naturalpoland.com\\\/wp-content\\\/uploads\\\/2021\\\/05\\\/natural-poland-icon.png\",\"width\":512,\"height\":512,\"caption\":\"Natural Poland\"},\"image\":{\"@id\":\"https:\\\/\\\/naturalpoland.com\\\/ko\\\/#\\\/schema\\\/logo\\\/image\\\/\"},\"sameAs\":[\"https:\\\/\\\/www.facebook.com\\\/naturalpoland.b2b\",\"https:\\\/\\\/pl.linkedin.com\\\/company\\\/natural-poland\",\"https:\\\/\\\/www.youtube.com\\\/channel\\\/UCgeGGkvOMahZo-xu_MSEWxg\"]}]}<\/script>\n<!-- \/ Yoast SEO plugin. -->","yoast_head_json":{"title":"\uc774\ud504\ub9ac\ud50c\ub77c\ubcf8 - Hurtowy Dystrybutor","robots":{"index":"index","follow":"follow","max-snippet":"max-snippet:-1","max-image-preview":"max-image-preview:large","max-video-preview":"max-video-preview:-1"},"canonical":"https:\/\/naturalpoland.com\/ko\/je-pum\/ui-yak-pum-won-ryo\/geon-gang-gi-neung-sig-pum-cheom-ga-mul\/ipeuripeullabon\/","og_locale":"ko_KR","og_type":"article","og_title":"\uc774\ud504\ub9ac\ud50c\ub77c\ubcf8 - Hurtowy Dystrybutor","og_description":"\uc774\ud504\ub9ac\ud50c\ub77c\ubcf8\uc740 \ubf08 \ud615\uc131 \uacfc\uc815\uacfc \ubf08 \ubd84\ud574 \uacfc\uc815 \uc0ac\uc774\uc758 \uc801\uc808\ud55c \uade0\ud615\uc744 \uc720\uc9c0\ud558\ub294 \ub370 \uae30\uc5ec\ud558\ub294 \uc774\uc18c\ud50c\ub77c\ubcf8\uc758 \uc77c\uc885\uc785\ub2c8\ub2e4. \ub530\ub77c\uc11c \uccb4\ub0b4 \uce7c\uc298 \ub300\uc0ac\ub97c \uc815\uc0c1\uc801\uc73c\ub85c \uc870\uc808\ud558\ub294 \ub370 \uc911\uc694\ud55c \uc5ed\ud560\uc744 \ud55c\ub2e4\uace0\ub3c4 \ub9d0\ud560 \uc218 \uc788\uc2b5\ub2c8\ub2e4.","og_url":"https:\/\/naturalpoland.com\/ko\/je-pum\/ui-yak-pum-won-ryo\/geon-gang-gi-neung-sig-pum-cheom-ga-mul\/ipeuripeullabon\/","og_site_name":"NATURAL POLAND - Hurtowy Dystrybutor Surowc\u00f3w","article_publisher":"https:\/\/www.facebook.com\/naturalpoland.b2b","article_modified_time":"2025-08-21T13:18:29+00:00","og_image":[{"width":338,"height":149,"url":"https:\/\/naturalpoland.com\/wp-content\/uploads\/2021\/05\/ipriflavone.jpg","type":"image\/jpeg"}],"schema":{"@context":"https:\/\/schema.org","@graph":[{"@type":"WebPage","@id":"https:\/\/naturalpoland.com\/ko\/je-pum\/ui-yak-pum-won-ryo\/geon-gang-gi-neung-sig-pum-cheom-ga-mul\/ipeuripeullabon\/","url":"https:\/\/naturalpoland.com\/ko\/je-pum\/ui-yak-pum-won-ryo\/geon-gang-gi-neung-sig-pum-cheom-ga-mul\/ipeuripeullabon\/","name":"\uc774\ud504\ub9ac\ud50c\ub77c\ubcf8 - Hurtowy Dystrybutor","isPartOf":{"@id":"https:\/\/naturalpoland.com\/ko\/#website"},"primaryImageOfPage":{"@id":"https:\/\/naturalpoland.com\/ko\/je-pum\/ui-yak-pum-won-ryo\/geon-gang-gi-neung-sig-pum-cheom-ga-mul\/ipeuripeullabon\/#primaryimage"},"image":{"@id":"https:\/\/naturalpoland.com\/ko\/je-pum\/ui-yak-pum-won-ryo\/geon-gang-gi-neung-sig-pum-cheom-ga-mul\/ipeuripeullabon\/#primaryimage"},"thumbnailUrl":"https:\/\/naturalpoland.com\/wp-content\/uploads\/2021\/05\/ipriflavone.jpg","datePublished":"2021-05-11T11:43:45+00:00","dateModified":"2025-08-21T13:18:29+00:00","breadcrumb":{"@id":"https:\/\/naturalpoland.com\/ko\/je-pum\/ui-yak-pum-won-ryo\/geon-gang-gi-neung-sig-pum-cheom-ga-mul\/ipeuripeullabon\/#breadcrumb"},"inLanguage":"ko-KR","potentialAction":[{"@type":"ReadAction","target":["https:\/\/naturalpoland.com\/ko\/je-pum\/ui-yak-pum-won-ryo\/geon-gang-gi-neung-sig-pum-cheom-ga-mul\/ipeuripeullabon\/"]}]},{"@type":"ImageObject","inLanguage":"ko-KR","@id":"https:\/\/naturalpoland.com\/ko\/je-pum\/ui-yak-pum-won-ryo\/geon-gang-gi-neung-sig-pum-cheom-ga-mul\/ipeuripeullabon\/#primaryimage","url":"https:\/\/naturalpoland.com\/wp-content\/uploads\/2021\/05\/ipriflavone.jpg","contentUrl":"https:\/\/naturalpoland.com\/wp-content\/uploads\/2021\/05\/ipriflavone.jpg","width":338,"height":149,"caption":"Ipriflawon"},{"@type":"BreadcrumbList","@id":"https:\/\/naturalpoland.com\/ko\/je-pum\/ui-yak-pum-won-ryo\/geon-gang-gi-neung-sig-pum-cheom-ga-mul\/ipeuripeullabon\/#breadcrumb","itemListElement":[{"@type":"ListItem","position":1,"name":"\ud648","item":"https:\/\/naturalpoland.com\/ko\/"},{"@type":"ListItem","position":2,"name":"\uc81c\ud488","item":"https:\/\/naturalpoland.com\/ko\/%ec%a0%9c%ed%92%88\/"},{"@type":"ListItem","position":3,"name":"\uc774\ud504\ub9ac\ud50c\ub77c\ubcf8"}]},{"@type":"WebSite","@id":"https:\/\/naturalpoland.com\/ko\/#website","url":"https:\/\/naturalpoland.com\/ko\/","name":"NATURAL POLAND - Hurtowy Dystrybutor Surowc\u00f3w","description":"Surowce dla przemys\u0142u spo\u017cywczego, kosmetycznego i farmaceutycznego","publisher":{"@id":"https:\/\/naturalpoland.com\/ko\/#organization"},"potentialAction":[{"@type":"SearchAction","target":{"@type":"EntryPoint","urlTemplate":"https:\/\/naturalpoland.com\/ko\/?s={search_term_string}"},"query-input":{"@type":"PropertyValueSpecification","valueRequired":true,"valueName":"search_term_string"}}],"inLanguage":"ko-KR"},{"@type":"Organization","@id":"https:\/\/naturalpoland.com\/ko\/#organization","name":"Natural Poland","url":"https:\/\/naturalpoland.com\/ko\/","logo":{"@type":"ImageObject","inLanguage":"ko-KR","@id":"https:\/\/naturalpoland.com\/ko\/#\/schema\/logo\/image\/","url":"https:\/\/naturalpoland.com\/wp-content\/uploads\/2021\/05\/natural-poland-icon.png","contentUrl":"https:\/\/naturalpoland.com\/wp-content\/uploads\/2021\/05\/natural-poland-icon.png","width":512,"height":512,"caption":"Natural Poland"},"image":{"@id":"https:\/\/naturalpoland.com\/ko\/#\/schema\/logo\/image\/"},"sameAs":["https:\/\/www.facebook.com\/naturalpoland.b2b","https:\/\/pl.linkedin.com\/company\/natural-poland","https:\/\/www.youtube.com\/channel\/UCgeGGkvOMahZo-xu_MSEWxg"]}]}},"_links":{"self":[{"href":"https:\/\/naturalpoland.com\/ko\/wp-json\/wp\/v2\/product\/42866","targetHints":{"allow":["GET"]}}],"collection":[{"href":"https:\/\/naturalpoland.com\/ko\/wp-json\/wp\/v2\/product"}],"about":[{"href":"https:\/\/naturalpoland.com\/ko\/wp-json\/wp\/v2\/types\/product"}],"wp:featuredmedia":[{"embeddable":true,"href":"https:\/\/naturalpoland.com\/ko\/wp-json\/wp\/v2\/media\/42867"}],"wp:attachment":[{"href":"https:\/\/naturalpoland.com\/ko\/wp-json\/wp\/v2\/media?parent=42866"}],"wp:term":[{"taxonomy":"product_brand","embeddable":true,"href":"https:\/\/naturalpoland.com\/ko\/wp-json\/wp\/v2\/product_brand?post=42866"},{"taxonomy":"product_cat","embeddable":true,"href":"https:\/\/naturalpoland.com\/ko\/wp-json\/wp\/v2\/product_cat?post=42866"},{"taxonomy":"product_tag","embeddable":true,"href":"https:\/\/naturalpoland.com\/ko\/wp-json\/wp\/v2\/product_tag?post=42866"}],"curies":[{"name":"wp","href":"https:\/\/api.w.org\/{rel}","templated":true}]}}