{"id":42868,"date":"2021-05-11T13:44:33","date_gmt":"2021-05-11T11:44:33","guid":{"rendered":"https:\/\/naturalpoland.com\/produkty\/uncategorized\/%eb%ac%b4%ec%88%98-%ec%b9%b4%ed%8e%98%ec%9d%b8\/"},"modified":"2025-08-21T15:18:44","modified_gmt":"2025-08-21T13:18:44","slug":"musu-kapein","status":"publish","type":"product","link":"https:\/\/naturalpoland.com\/ko\/je-pum\/hwa-jang-pum-won-ryo\/hwa-jang-pum-won-ryo-ko\/musu-kapein\/","title":{"rendered":"\ubb34\uc218 \uce74\ud398\uc778"},"content":{"rendered":"<h2>\ud6a8\ub2a5 \ubc0f \ud65c\uc6a9<\/h2>\n<p>\uc774 \uc81c\ud488\uc740 \uac01\uc131\ub3c4\ub97c \ub192\uc774\uace0 \ud53c\ub85c\uac10\uc744 \uc904\uc774\ub294 \ub370 \uae30\uc5ec\ud558\ub294 \uc790\uadf9\uc801\uc778 \ud2b9\uc131\uc73c\ub85c \uc798 \uc54c\ub824\uc838 \uc788\uc2b5\ub2c8\ub2e4. \uce74\ud398\uc778\uc740 \ud2b9\uc815 \uc544\ub370\ub178\uc2e0 \uc218\uc6a9\uccb4\ub97c \ucc28\ub2e8\ud558\uc5ec \uc544\uc138\ud2f8\ucf5c\ub9b0, \ub178\ub974\uc544\ub4dc\ub808\ub0a0\ub9b0, \ub3c4\ud30c\ubbfc, \uc138\ub85c\ud1a0\ub2cc\uacfc \uac19\uc740 \uc2e0\uacbd\uc804\ub2ec\ubb3c\uc9c8\uc758 \ubc29\ucd9c\uc744 \uc720\ub3c4\ud569\ub2c8\ub2e4. \uc774\ub294 \uacb0\uacfc\uc801\uc73c\ub85c \ud608\uad00\uc744 \ud655\uc7a5\uc2dc\ud0a4\uace0 \uc2ec\ubc15\uc218\ub97c \uc99d\uac00\uc2dc\ud0b5\ub2c8\ub2e4. \ub610\ud55c \ud765\ubd84\uac10\uc744 \uc720\ubc1c\ud560 \uc218\ub3c4 \uc788\uc2b5\ub2c8\ub2e4.<\/p>\n<p>\uce74\ud398\uc778\uc740 \ub610\ud55c \uc6b4\ub3d9 \uc911 \uc9c0\uad6c\ub825\uacfc \ud6a8\uc728\uc131\uc744 \ub192\uc5ec \uc2e0\uccb4 \ub2a5\ub825\uc744 \ud5a5\uc0c1\uc2dc\ud0a4\ub294 \ub370 \ub3c4\uc6c0\uc744 \uc90d\ub2c8\ub2e4. \uc6b4\ub3d9\uc120\uc218\uc640 \uc2e0\uccb4 \ud65c\ub3d9\uc774 \ud65c\ubc1c\ud55c \uc0ac\ub78c\ub4e4\uc774 \uc790\uc8fc \uc0ac\uc6a9\ud569\ub2c8\ub2e4.<\/p>\n<p>\ubb34\uc218 \uce74\ud398\uc778\uc740 \uc5d0\ub108\uc9c0 \uc74c\ub8cc, \ud0c4\uc0b0\uc74c\ub8cc \ubc0f \uac74\uac15 \ubcf4\uc870 \uc2dd\ud488\uc5d0 \ub110\ub9ac \uc0ac\uc6a9\ub429\ub2c8\ub2e4. \uc81c\ud488\uc758 \uc790\uadf9 \ud6a8\uacfc\ub97c \ub192\uc774\uae30 \uc704\ud574 \ucca8\uac00\ub429\ub2c8\ub2e4.<\/p>\n<p><strong>\uc81c\uc57d \uc0b0\uc5c5\uc5d0\uc11c<\/strong> \uce74\ud398\uc778\uc740 \uc9c4\ud1b5\uc81c, \ud3b8\ub450\ud1b5\uc57d, \ud53c\ub85c \ubc0f \uc878\uc74c \ubc29\uc9c0\uc81c\uc5d0 \ud575\uc2ec \uc131\ubd84\uc73c\ub85c \uc0ac\uc6a9\ub429\ub2c8\ub2e4. \uce74\ud398\uc778\uc758 \uc790\uadf9 \ud2b9\uc131\uc740 \uc774\ub7ec\ud55c \uc57d\ubb3c\uc758 \ud6a8\ub2a5\uc744 \ub192\uc774\ub294 \ub370 \ud65c\uc6a9\ub429\ub2c8\ub2e4.<\/p>\n<p><strong>\ud654\uc7a5\ud488 \ubd84\uc57c\uc5d0\uc11c<\/strong> \uce74\ud398\uc778\uc740 \uc9c0\ubc29 \uc870\uc9c1\uc758 \uc9c0\ubc29 \ubd84\ud574\ub97c \ud06c\uac8c \ucd09\uc9c4\ud558\uc5ec \uc140\ub8f0\ub77c\uc774\ud2b8 \ubc0f \uacfc\uccb4\uc911 \ud1f4\uce58 \uc81c\ud488\uc758 \uc131\ubd84\uc774 \ub420 \uc218 \uc788\uc2b5\ub2c8\ub2e4. \ud765\ubbf8\ub86d\uac8c\ub3c4 \uc824, \uc138\ub7fc \ud615\ud0dc\ubfd0\ub9cc \uc544\ub2c8\ub77c \uac74\uac15 \ubcf4\uc870 \uc2dd\ud488 \ud615\ud0dc\ub85c\ub3c4 \uc0ac\uc6a9\ub420 \uc218 \uc788\uc2b5\ub2c8\ub2e4. \uce74\ud398\uc778\uc740 \ub610\ud55c \ubaa8\ubc1c \uc131\uc7a5\uc744 \ucd09\uc9c4\ud558\ub294 \uc0f4\ud478 \ubc0f \ucee8\ub514\uc154\ub108, \uc544\uc774 \ud06c\ub9bc, \uc6b4\ub3d9\uc120\uc218\uc6a9 \uc628\uc5f4 \uc824\uc5d0\ub3c4 \ucca8\uac00\ub429\ub2c8\ub2e4.<\/p>\n","protected":false},"excerpt":{"rendered":"<p><strong>\ubb34\uc218 \uce74\ud398\uc778<\/strong>\uc740 \ud4e8\ub9b0 \uc54c\uce7c\ub85c\uc774\ub4dc\ub85c \ubd84\ub958\ub429\ub2c8\ub2e4. \uc2dd\ud488, \uc81c\uc57d \ubc0f \ud654\uc7a5\ud488 \uc0b0\uc5c5\uc5d0\uc11c \uc0ac\uc6a9\ub429\ub2c8\ub2e4.<\/p>\n","protected":false},"featured_media":42869,"template":"","meta":[],"product_brand":[],"product_cat":[8143,8160],"product_tag":[],"class_list":{"0":"post-42868","1":"product","2":"type-product","3":"status-publish","4":"has-post-thumbnail","6":"product_cat-geon-gang-gi-neung-sig-pum-cheom-ga-mul","7":"product_cat-hwa-jang-pum-won-ryo-ko","9":"first","10":"instock","11":"shipping-taxable","12":"product-type-simple"},"yoast_head":"<!-- This site is optimized with the Yoast SEO plugin v27.4 - https:\/\/yoast.com\/product\/yoast-seo-wordpress\/ -->\n<title>NATURAL POLAND &#8211; Hurtowy Dystrybutor Surowc\u00f3w<\/title>\n<meta name=\"description\" content=\"\ubb34\uc218 \uce74\ud398\uc778\uc740 \uac74\uac15 \ubc0f \ubbf8\uc6a9\uc5d0 \ub2e4\uc591\ud55c \uc774\uc810\uc744 \uc81c\uacf5\ud558\uba70, \uad11\ubc94\uc704\ud558\uac8c \ud65c\uc6a9\ub418\ub294 \ub2e4\uc6a9\ub3c4 \uc81c\ud488\uc785\ub2c8\ub2e4.\" \/>\n<meta name=\"robots\" content=\"index, follow, max-snippet:-1, max-image-preview:large, max-video-preview:-1\" \/>\n<link rel=\"canonical\" href=\"https:\/\/naturalpoland.com\/ko\/je-pum\/hwa-jang-pum-won-ryo\/hwa-jang-pum-won-ryo-ko\/musu-kapein\/\" \/>\n<meta property=\"og:locale\" content=\"ko_KR\" \/>\n<meta property=\"og:type\" content=\"article\" \/>\n<meta property=\"og:description\" content=\"\ubb34\uc218 \uce74\ud398\uc778\uc740 \uac74\uac15 \ubc0f \ubbf8\uc6a9\uc5d0 \ub2e4\uc591\ud55c \uc774\uc810\uc744 \uc81c\uacf5\ud558\uba70, \uad11\ubc94\uc704\ud558\uac8c \ud65c\uc6a9\ub418\ub294 \ub2e4\uc6a9\ub3c4 \uc81c\ud488\uc785\ub2c8\ub2e4.\" \/>\n<meta property=\"og:url\" content=\"https:\/\/naturalpoland.com\/ko\/je-pum\/hwa-jang-pum-won-ryo\/hwa-jang-pum-won-ryo-ko\/musu-kapein\/\" \/>\n<meta property=\"og:site_name\" content=\"NATURAL POLAND - Hurtowy Dystrybutor Surowc\u00f3w\" \/>\n<meta property=\"article:publisher\" content=\"https:\/\/www.facebook.com\/naturalpoland.b2b\" \/>\n<meta property=\"article:modified_time\" content=\"2025-08-21T13:18:44+00:00\" \/>\n<meta property=\"og:image\" content=\"https:\/\/naturalpoland.com\/wp-content\/uploads\/2021\/05\/caffeine.png\" \/>\n\t<meta property=\"og:image:width\" content=\"730\" \/>\n\t<meta property=\"og:image:height\" content=\"662\" \/>\n\t<meta property=\"og:image:type\" content=\"image\/png\" \/>\n<script type=\"application\/ld+json\" class=\"yoast-schema-graph\">{\"@context\":\"https:\\\/\\\/schema.org\",\"@graph\":[{\"@type\":\"WebPage\",\"@id\":\"https:\\\/\\\/naturalpoland.com\\\/ko\\\/je-pum\\\/hwa-jang-pum-won-ryo\\\/hwa-jang-pum-won-ryo-ko\\\/musu-kapein\\\/\",\"url\":\"https:\\\/\\\/naturalpoland.com\\\/ko\\\/je-pum\\\/hwa-jang-pum-won-ryo\\\/hwa-jang-pum-won-ryo-ko\\\/musu-kapein\\\/\",\"name\":\"\",\"isPartOf\":{\"@id\":\"https:\\\/\\\/naturalpoland.com\\\/ko\\\/#website\"},\"primaryImageOfPage\":{\"@id\":\"https:\\\/\\\/naturalpoland.com\\\/ko\\\/je-pum\\\/hwa-jang-pum-won-ryo\\\/hwa-jang-pum-won-ryo-ko\\\/musu-kapein\\\/#primaryimage\"},\"image\":{\"@id\":\"https:\\\/\\\/naturalpoland.com\\\/ko\\\/je-pum\\\/hwa-jang-pum-won-ryo\\\/hwa-jang-pum-won-ryo-ko\\\/musu-kapein\\\/#primaryimage\"},\"thumbnailUrl\":\"https:\\\/\\\/naturalpoland.com\\\/wp-content\\\/uploads\\\/2021\\\/05\\\/caffeine.png\",\"datePublished\":\"2021-05-11T11:44:33+00:00\",\"dateModified\":\"2025-08-21T13:18:44+00:00\",\"description\":\"\ubb34\uc218 \uce74\ud398\uc778\uc740 \uac74\uac15 \ubc0f \ubbf8\uc6a9\uc5d0 \ub2e4\uc591\ud55c \uc774\uc810\uc744 \uc81c\uacf5\ud558\uba70, \uad11\ubc94\uc704\ud558\uac8c \ud65c\uc6a9\ub418\ub294 \ub2e4\uc6a9\ub3c4 \uc81c\ud488\uc785\ub2c8\ub2e4.\",\"breadcrumb\":{\"@id\":\"https:\\\/\\\/naturalpoland.com\\\/ko\\\/je-pum\\\/hwa-jang-pum-won-ryo\\\/hwa-jang-pum-won-ryo-ko\\\/musu-kapein\\\/#breadcrumb\"},\"inLanguage\":\"ko-KR\",\"potentialAction\":[{\"@type\":\"ReadAction\",\"target\":[\"https:\\\/\\\/naturalpoland.com\\\/ko\\\/je-pum\\\/hwa-jang-pum-won-ryo\\\/hwa-jang-pum-won-ryo-ko\\\/musu-kapein\\\/\"]}]},{\"@type\":\"ImageObject\",\"inLanguage\":\"ko-KR\",\"@id\":\"https:\\\/\\\/naturalpoland.com\\\/ko\\\/je-pum\\\/hwa-jang-pum-won-ryo\\\/hwa-jang-pum-won-ryo-ko\\\/musu-kapein\\\/#primaryimage\",\"url\":\"https:\\\/\\\/naturalpoland.com\\\/wp-content\\\/uploads\\\/2021\\\/05\\\/caffeine.png\",\"contentUrl\":\"https:\\\/\\\/naturalpoland.com\\\/wp-content\\\/uploads\\\/2021\\\/05\\\/caffeine.png\",\"width\":730,\"height\":662,\"caption\":\"Kofeina\"},{\"@type\":\"BreadcrumbList\",\"@id\":\"https:\\\/\\\/naturalpoland.com\\\/ko\\\/je-pum\\\/hwa-jang-pum-won-ryo\\\/hwa-jang-pum-won-ryo-ko\\\/musu-kapein\\\/#breadcrumb\",\"itemListElement\":[{\"@type\":\"ListItem\",\"position\":1,\"name\":\"\ud648\",\"item\":\"https:\\\/\\\/naturalpoland.com\\\/ko\\\/\"},{\"@type\":\"ListItem\",\"position\":2,\"name\":\"\uc81c\ud488\",\"item\":\"https:\\\/\\\/naturalpoland.com\\\/ko\\\/%ec%a0%9c%ed%92%88\\\/\"},{\"@type\":\"ListItem\",\"position\":3,\"name\":\"\ubb34\uc218 \uce74\ud398\uc778\"}]},{\"@type\":\"WebSite\",\"@id\":\"https:\\\/\\\/naturalpoland.com\\\/ko\\\/#website\",\"url\":\"https:\\\/\\\/naturalpoland.com\\\/ko\\\/\",\"name\":\"NATURAL POLAND - Hurtowy Dystrybutor Surowc\u00f3w\",\"description\":\"Surowce dla przemys\u0142u spo\u017cywczego, kosmetycznego i farmaceutycznego\",\"publisher\":{\"@id\":\"https:\\\/\\\/naturalpoland.com\\\/ko\\\/#organization\"},\"potentialAction\":[{\"@type\":\"SearchAction\",\"target\":{\"@type\":\"EntryPoint\",\"urlTemplate\":\"https:\\\/\\\/naturalpoland.com\\\/ko\\\/?s={search_term_string}\"},\"query-input\":{\"@type\":\"PropertyValueSpecification\",\"valueRequired\":true,\"valueName\":\"search_term_string\"}}],\"inLanguage\":\"ko-KR\"},{\"@type\":\"Organization\",\"@id\":\"https:\\\/\\\/naturalpoland.com\\\/ko\\\/#organization\",\"name\":\"Natural Poland\",\"url\":\"https:\\\/\\\/naturalpoland.com\\\/ko\\\/\",\"logo\":{\"@type\":\"ImageObject\",\"inLanguage\":\"ko-KR\",\"@id\":\"https:\\\/\\\/naturalpoland.com\\\/ko\\\/#\\\/schema\\\/logo\\\/image\\\/\",\"url\":\"https:\\\/\\\/naturalpoland.com\\\/wp-content\\\/uploads\\\/2021\\\/05\\\/natural-poland-icon.png\",\"contentUrl\":\"https:\\\/\\\/naturalpoland.com\\\/wp-content\\\/uploads\\\/2021\\\/05\\\/natural-poland-icon.png\",\"width\":512,\"height\":512,\"caption\":\"Natural Poland\"},\"image\":{\"@id\":\"https:\\\/\\\/naturalpoland.com\\\/ko\\\/#\\\/schema\\\/logo\\\/image\\\/\"},\"sameAs\":[\"https:\\\/\\\/www.facebook.com\\\/naturalpoland.b2b\",\"https:\\\/\\\/pl.linkedin.com\\\/company\\\/natural-poland\",\"https:\\\/\\\/www.youtube.com\\\/channel\\\/UCgeGGkvOMahZo-xu_MSEWxg\"]}]}<\/script>\n<!-- \/ Yoast SEO plugin. -->","yoast_head_json":{"title":"NATURAL POLAND &#8211; Hurtowy Dystrybutor Surowc\u00f3w","description":"\ubb34\uc218 \uce74\ud398\uc778\uc740 \uac74\uac15 \ubc0f \ubbf8\uc6a9\uc5d0 \ub2e4\uc591\ud55c \uc774\uc810\uc744 \uc81c\uacf5\ud558\uba70, \uad11\ubc94\uc704\ud558\uac8c \ud65c\uc6a9\ub418\ub294 \ub2e4\uc6a9\ub3c4 \uc81c\ud488\uc785\ub2c8\ub2e4.","robots":{"index":"index","follow":"follow","max-snippet":"max-snippet:-1","max-image-preview":"max-image-preview:large","max-video-preview":"max-video-preview:-1"},"canonical":"https:\/\/naturalpoland.com\/ko\/je-pum\/hwa-jang-pum-won-ryo\/hwa-jang-pum-won-ryo-ko\/musu-kapein\/","og_locale":"ko_KR","og_type":"article","og_description":"\ubb34\uc218 \uce74\ud398\uc778\uc740 \uac74\uac15 \ubc0f \ubbf8\uc6a9\uc5d0 \ub2e4\uc591\ud55c \uc774\uc810\uc744 \uc81c\uacf5\ud558\uba70, \uad11\ubc94\uc704\ud558\uac8c \ud65c\uc6a9\ub418\ub294 \ub2e4\uc6a9\ub3c4 \uc81c\ud488\uc785\ub2c8\ub2e4.","og_url":"https:\/\/naturalpoland.com\/ko\/je-pum\/hwa-jang-pum-won-ryo\/hwa-jang-pum-won-ryo-ko\/musu-kapein\/","og_site_name":"NATURAL POLAND - Hurtowy Dystrybutor Surowc\u00f3w","article_publisher":"https:\/\/www.facebook.com\/naturalpoland.b2b","article_modified_time":"2025-08-21T13:18:44+00:00","og_image":[{"width":730,"height":662,"url":"https:\/\/naturalpoland.com\/wp-content\/uploads\/2021\/05\/caffeine.png","type":"image\/png"}],"schema":{"@context":"https:\/\/schema.org","@graph":[{"@type":"WebPage","@id":"https:\/\/naturalpoland.com\/ko\/je-pum\/hwa-jang-pum-won-ryo\/hwa-jang-pum-won-ryo-ko\/musu-kapein\/","url":"https:\/\/naturalpoland.com\/ko\/je-pum\/hwa-jang-pum-won-ryo\/hwa-jang-pum-won-ryo-ko\/musu-kapein\/","name":"","isPartOf":{"@id":"https:\/\/naturalpoland.com\/ko\/#website"},"primaryImageOfPage":{"@id":"https:\/\/naturalpoland.com\/ko\/je-pum\/hwa-jang-pum-won-ryo\/hwa-jang-pum-won-ryo-ko\/musu-kapein\/#primaryimage"},"image":{"@id":"https:\/\/naturalpoland.com\/ko\/je-pum\/hwa-jang-pum-won-ryo\/hwa-jang-pum-won-ryo-ko\/musu-kapein\/#primaryimage"},"thumbnailUrl":"https:\/\/naturalpoland.com\/wp-content\/uploads\/2021\/05\/caffeine.png","datePublished":"2021-05-11T11:44:33+00:00","dateModified":"2025-08-21T13:18:44+00:00","description":"\ubb34\uc218 \uce74\ud398\uc778\uc740 \uac74\uac15 \ubc0f \ubbf8\uc6a9\uc5d0 \ub2e4\uc591\ud55c \uc774\uc810\uc744 \uc81c\uacf5\ud558\uba70, \uad11\ubc94\uc704\ud558\uac8c \ud65c\uc6a9\ub418\ub294 \ub2e4\uc6a9\ub3c4 \uc81c\ud488\uc785\ub2c8\ub2e4.","breadcrumb":{"@id":"https:\/\/naturalpoland.com\/ko\/je-pum\/hwa-jang-pum-won-ryo\/hwa-jang-pum-won-ryo-ko\/musu-kapein\/#breadcrumb"},"inLanguage":"ko-KR","potentialAction":[{"@type":"ReadAction","target":["https:\/\/naturalpoland.com\/ko\/je-pum\/hwa-jang-pum-won-ryo\/hwa-jang-pum-won-ryo-ko\/musu-kapein\/"]}]},{"@type":"ImageObject","inLanguage":"ko-KR","@id":"https:\/\/naturalpoland.com\/ko\/je-pum\/hwa-jang-pum-won-ryo\/hwa-jang-pum-won-ryo-ko\/musu-kapein\/#primaryimage","url":"https:\/\/naturalpoland.com\/wp-content\/uploads\/2021\/05\/caffeine.png","contentUrl":"https:\/\/naturalpoland.com\/wp-content\/uploads\/2021\/05\/caffeine.png","width":730,"height":662,"caption":"Kofeina"},{"@type":"BreadcrumbList","@id":"https:\/\/naturalpoland.com\/ko\/je-pum\/hwa-jang-pum-won-ryo\/hwa-jang-pum-won-ryo-ko\/musu-kapein\/#breadcrumb","itemListElement":[{"@type":"ListItem","position":1,"name":"\ud648","item":"https:\/\/naturalpoland.com\/ko\/"},{"@type":"ListItem","position":2,"name":"\uc81c\ud488","item":"https:\/\/naturalpoland.com\/ko\/%ec%a0%9c%ed%92%88\/"},{"@type":"ListItem","position":3,"name":"\ubb34\uc218 \uce74\ud398\uc778"}]},{"@type":"WebSite","@id":"https:\/\/naturalpoland.com\/ko\/#website","url":"https:\/\/naturalpoland.com\/ko\/","name":"NATURAL POLAND - Hurtowy Dystrybutor Surowc\u00f3w","description":"Surowce dla przemys\u0142u spo\u017cywczego, kosmetycznego i farmaceutycznego","publisher":{"@id":"https:\/\/naturalpoland.com\/ko\/#organization"},"potentialAction":[{"@type":"SearchAction","target":{"@type":"EntryPoint","urlTemplate":"https:\/\/naturalpoland.com\/ko\/?s={search_term_string}"},"query-input":{"@type":"PropertyValueSpecification","valueRequired":true,"valueName":"search_term_string"}}],"inLanguage":"ko-KR"},{"@type":"Organization","@id":"https:\/\/naturalpoland.com\/ko\/#organization","name":"Natural Poland","url":"https:\/\/naturalpoland.com\/ko\/","logo":{"@type":"ImageObject","inLanguage":"ko-KR","@id":"https:\/\/naturalpoland.com\/ko\/#\/schema\/logo\/image\/","url":"https:\/\/naturalpoland.com\/wp-content\/uploads\/2021\/05\/natural-poland-icon.png","contentUrl":"https:\/\/naturalpoland.com\/wp-content\/uploads\/2021\/05\/natural-poland-icon.png","width":512,"height":512,"caption":"Natural Poland"},"image":{"@id":"https:\/\/naturalpoland.com\/ko\/#\/schema\/logo\/image\/"},"sameAs":["https:\/\/www.facebook.com\/naturalpoland.b2b","https:\/\/pl.linkedin.com\/company\/natural-poland","https:\/\/www.youtube.com\/channel\/UCgeGGkvOMahZo-xu_MSEWxg"]}]}},"_links":{"self":[{"href":"https:\/\/naturalpoland.com\/ko\/wp-json\/wp\/v2\/product\/42868","targetHints":{"allow":["GET"]}}],"collection":[{"href":"https:\/\/naturalpoland.com\/ko\/wp-json\/wp\/v2\/product"}],"about":[{"href":"https:\/\/naturalpoland.com\/ko\/wp-json\/wp\/v2\/types\/product"}],"wp:featuredmedia":[{"embeddable":true,"href":"https:\/\/naturalpoland.com\/ko\/wp-json\/wp\/v2\/media\/42869"}],"wp:attachment":[{"href":"https:\/\/naturalpoland.com\/ko\/wp-json\/wp\/v2\/media?parent=42868"}],"wp:term":[{"taxonomy":"product_brand","embeddable":true,"href":"https:\/\/naturalpoland.com\/ko\/wp-json\/wp\/v2\/product_brand?post=42868"},{"taxonomy":"product_cat","embeddable":true,"href":"https:\/\/naturalpoland.com\/ko\/wp-json\/wp\/v2\/product_cat?post=42868"},{"taxonomy":"product_tag","embeddable":true,"href":"https:\/\/naturalpoland.com\/ko\/wp-json\/wp\/v2\/product_tag?post=42868"}],"curies":[{"name":"wp","href":"https:\/\/api.w.org\/{rel}","templated":true}]}}