{"id":42870,"date":"2021-05-11T13:43:22","date_gmt":"2021-05-11T11:43:22","guid":{"rendered":"https:\/\/naturalpoland.com\/produkty\/uncategorized\/hmb-%ec%b9%bc%ec%8a%98\/"},"modified":"2025-08-21T15:18:12","modified_gmt":"2025-08-21T13:18:12","slug":"hmb-kalsyum","status":"publish","type":"product","link":"https:\/\/naturalpoland.com\/ko\/je-pum\/ui-yak-pum-won-ryo\/geon-gang-gi-neung-sig-pum-cheom-ga-mul\/hmb-kalsyum\/","title":{"rendered":"HMB \uce7c\uc298"},"content":{"rendered":"<p><strong>HMB<\/strong>\ub294 \ub958\uc2e0 \uc720\ub3c4\uccb4\uc785\ub2c8\ub2e4. \uccb4\ub0b4\uc5d0\uc11c \ud569\uc131\ub418\uc9c0\ub9cc, \uc54c\ud314\ud30c, \uc790\ubabd\uacfc \uac19\uc740 \uc2dd\ud488\uc744 \ud1b5\ud574\uc11c\ub3c4 \uc12d\ucde8\ud560 \uc218 \uc788\uc2b5\ub2c8\ub2e4. \uc774\ub294 \uc57d\uac04\uc758 \ud56d\uc774\ud654 \uc791\uc6a9 \ubc0f \ub3d9\ud654 \uc791\uc6a9 \uc7a0\uc7ac\ub825\uc744 \uac00\uc9c0\uace0 \uc788\uc2b5\ub2c8\ub2e4. \uc774 \ubb3c\uc9c8\uc740 \ub610\ud55c \uccb4\uc9c0\ubc29 \uac10\uc18c\uc5d0\ub3c4 \uc601\ud5a5\uc744 \ubbf8\uce69\ub2c8\ub2e4. \uce7c\uc298\uacfc \uacb0\ud569\ud558\uba74 HMB\ub294 \uccb4\ub0b4 \ud761\uc218\uc728\uc774 \ub192\uc544\uc838 \uc7a0\uc7ac\ub825\uc744 \ucd5c\ub300\ud55c \ubc1c\ud718\ud560 \uc218 \uc788\uc2b5\ub2c8\ub2e4.<\/p>\n<p><strong>HMB-Ca<\/strong>\ub294 \ub3d9\ud654 \uc791\uc6a9 \ubc0f \ud56d\uc774\ud654 \uc791\uc6a9\uc744 \ub3d5\uace0, \uadfc\uc721 \ubd84\ud574 \uac10\uc18c\uc5d0 \uc911\uc694\ud55c \uc5ed\ud560\uc744 \ud558\uba70, \uaca9\ub82c\ud55c \uc2e0\uccb4 \ud65c\ub3d9 \ud6c4 \uadfc\uc721 \ud68c\ubcf5 \uacfc\uc815\uc744 \uc9c0\uc6d0\ud569\ub2c8\ub2e4. \uc774\ub85c \uc778\ud574 HMB-Ca\ub294 \uc2a4\ud3ec\uce20 \ubcf4\ucda9\uc81c\uc5d0 \uc790\uc8fc \uc0ac\uc6a9\ub418\uba70, \ud2b9\ud788 \uadfc\ub825 \uc6b4\ub3d9\uc744 \ud558\uace0 \uadfc\uc721\ub7c9 \uc99d\uac00 \ubc0f \uc9c0\uad6c\ub825 \ud5a5\uc0c1\uc744 \ubaa9\ud45c\ub85c \ud558\ub294 \uc0ac\ub78c\ub4e4\uc5d0\uac8c \uc720\uc6a9\ud569\ub2c8\ub2e4.<\/p>\n<h2>HMB-Ca\uc758 \uc801\uc6a9<\/h2>\n<ol>\n<li>\uc6b4\ub3d9 \ud6c4 \uc2e0\uccb4 \ud68c\ubcf5<\/li>\n<li>\uaca9\ub82c\ud55c \ud6c8\ub828 \ub610\ub294 \uccb4\uc911 \uac10\ub7c9 \uae30\uac04 \ub3d9\uc548 \uadfc\uc721 \uc774\ud654 \uc791\uc6a9 \uac10\uc18c<\/li>\n<li>\uadfc\uc721 \uc9c0\uad6c\ub825 \ud5a5\uc0c1 \ubc0f \uadfc\ub825 \uc99d\uac00<\/li>\n<li>\ub3d9\ud654 \uc791\uc6a9 \ubc0f \uadfc\uc721\ub7c9 \uc99d\uac00 \uacfc\uc815 \uc9c0\uc6d0<\/li>\n<\/ol>\n<p>&nbsp;<\/p>\n<p>\ubcf8 \uc81c\ud488\uc740 \ucd5c\uace0 \uc218\uc900\uc758 \uc21c\ub3c4 \uae30\uc900\uc744 \uc900\uc218\ud569\ub2c8\ub2e4.<\/p>\n","protected":false},"excerpt":{"rendered":"<p><strong>HMB \uce7c\uc298<\/strong>\uc740 \uce7c\uc298 \uc6d0\uc790\uc640 \ubca0\ud0c0-\ud558\uc774\ub4dc\ub85d\uc2dc-\ubca0\ud0c0-\uba54\ud2f8\ubd80\ud2f0\ub808\uc774\ud2b8 \ubd84\uc790\uac00 \ud558\ub098\uc758 \ubd84\uc790\ub85c \uacb0\ud569\ub41c \uac83\uc785\ub2c8\ub2e4 (\ubca0\ud0c0-\ud558\uc774\ub4dc\ub85d\uc2dc-\ubca0\ud0c0-\uba54\ud2f8\ubd80\ud2f0\ub808\uc774\ud2b8 \uce7c\uc298).<\/p>\n","protected":false},"featured_media":42872,"template":"","meta":[],"product_brand":[],"product_cat":[8143],"product_tag":[],"class_list":{"0":"post-42870","1":"product","2":"type-product","3":"status-publish","4":"has-post-thumbnail","6":"product_cat-geon-gang-gi-neung-sig-pum-cheom-ga-mul","8":"first","9":"instock","10":"shipping-taxable","11":"product-type-simple"},"yoast_head":"<!-- This site is optimized with the Yoast SEO plugin v27.4 - https:\/\/yoast.com\/product\/yoast-seo-wordpress\/ -->\n<title>NATURAL POLAND &#8211; Hurtowy Dystrybutor Surowc\u00f3w<\/title>\n<meta name=\"description\" content=\"HMB-Ca\ub294 \uaca9\ub82c\ud55c \uc6b4\ub3d9 \ud6c4 \uadfc\uc721 \ud68c\ubcf5 \uac1c\uc120\uacfc \uadfc\uc721\ub7c9 \uc99d\uac00\ub97c \ubaa9\ud45c\ub85c \ud558\ub294 \uc2e0\uccb4 \ud65c\ub3d9\uc774 \ud65c\ubc1c\ud55c \uc0ac\ub78c\ub4e4\uc5d0\uac8c \uc774\uc0c1\uc801\uc778 \uc120\ud0dd\uc785\ub2c8\ub2e4.\" \/>\n<meta name=\"robots\" content=\"index, follow, max-snippet:-1, max-image-preview:large, max-video-preview:-1\" \/>\n<link rel=\"canonical\" href=\"https:\/\/naturalpoland.com\/ko\/je-pum\/ui-yak-pum-won-ryo\/geon-gang-gi-neung-sig-pum-cheom-ga-mul\/hmb-kalsyum\/\" \/>\n<meta property=\"og:locale\" content=\"ko_KR\" \/>\n<meta property=\"og:type\" content=\"article\" \/>\n<meta property=\"og:description\" content=\"HMB-Ca\ub294 \uaca9\ub82c\ud55c \uc6b4\ub3d9 \ud6c4 \uadfc\uc721 \ud68c\ubcf5 \uac1c\uc120\uacfc \uadfc\uc721\ub7c9 \uc99d\uac00\ub97c \ubaa9\ud45c\ub85c \ud558\ub294 \uc2e0\uccb4 \ud65c\ub3d9\uc774 \ud65c\ubc1c\ud55c \uc0ac\ub78c\ub4e4\uc5d0\uac8c \uc774\uc0c1\uc801\uc778 \uc120\ud0dd\uc785\ub2c8\ub2e4.\" \/>\n<meta property=\"og:url\" content=\"https:\/\/naturalpoland.com\/ko\/je-pum\/ui-yak-pum-won-ryo\/geon-gang-gi-neung-sig-pum-cheom-ga-mul\/hmb-kalsyum\/\" \/>\n<meta property=\"og:site_name\" content=\"NATURAL POLAND - Hurtowy Dystrybutor Surowc\u00f3w\" \/>\n<meta property=\"article:publisher\" content=\"https:\/\/www.facebook.com\/naturalpoland.b2b\" \/>\n<meta property=\"article:modified_time\" content=\"2025-08-21T13:18:12+00:00\" \/>\n<meta property=\"og:image\" content=\"https:\/\/naturalpoland.com\/wp-content\/uploads\/hmb-ca.webp\" \/>\n\t<meta property=\"og:image:width\" content=\"619\" \/>\n\t<meta property=\"og:image:height\" content=\"619\" \/>\n\t<meta property=\"og:image:type\" content=\"image\/webp\" \/>\n<script type=\"application\/ld+json\" class=\"yoast-schema-graph\">{\"@context\":\"https:\\\/\\\/schema.org\",\"@graph\":[{\"@type\":\"WebPage\",\"@id\":\"https:\\\/\\\/naturalpoland.com\\\/ko\\\/je-pum\\\/ui-yak-pum-won-ryo\\\/geon-gang-gi-neung-sig-pum-cheom-ga-mul\\\/hmb-kalsyum\\\/\",\"url\":\"https:\\\/\\\/naturalpoland.com\\\/ko\\\/je-pum\\\/ui-yak-pum-won-ryo\\\/geon-gang-gi-neung-sig-pum-cheom-ga-mul\\\/hmb-kalsyum\\\/\",\"name\":\"\",\"isPartOf\":{\"@id\":\"https:\\\/\\\/naturalpoland.com\\\/ko\\\/#website\"},\"primaryImageOfPage\":{\"@id\":\"https:\\\/\\\/naturalpoland.com\\\/ko\\\/je-pum\\\/ui-yak-pum-won-ryo\\\/geon-gang-gi-neung-sig-pum-cheom-ga-mul\\\/hmb-kalsyum\\\/#primaryimage\"},\"image\":{\"@id\":\"https:\\\/\\\/naturalpoland.com\\\/ko\\\/je-pum\\\/ui-yak-pum-won-ryo\\\/geon-gang-gi-neung-sig-pum-cheom-ga-mul\\\/hmb-kalsyum\\\/#primaryimage\"},\"thumbnailUrl\":\"https:\\\/\\\/naturalpoland.com\\\/wp-content\\\/uploads\\\/hmb-ca.webp\",\"datePublished\":\"2021-05-11T11:43:22+00:00\",\"dateModified\":\"2025-08-21T13:18:12+00:00\",\"description\":\"HMB-Ca\ub294 \uaca9\ub82c\ud55c \uc6b4\ub3d9 \ud6c4 \uadfc\uc721 \ud68c\ubcf5 \uac1c\uc120\uacfc \uadfc\uc721\ub7c9 \uc99d\uac00\ub97c \ubaa9\ud45c\ub85c \ud558\ub294 \uc2e0\uccb4 \ud65c\ub3d9\uc774 \ud65c\ubc1c\ud55c \uc0ac\ub78c\ub4e4\uc5d0\uac8c \uc774\uc0c1\uc801\uc778 \uc120\ud0dd\uc785\ub2c8\ub2e4.\",\"breadcrumb\":{\"@id\":\"https:\\\/\\\/naturalpoland.com\\\/ko\\\/je-pum\\\/ui-yak-pum-won-ryo\\\/geon-gang-gi-neung-sig-pum-cheom-ga-mul\\\/hmb-kalsyum\\\/#breadcrumb\"},\"inLanguage\":\"ko-KR\",\"potentialAction\":[{\"@type\":\"ReadAction\",\"target\":[\"https:\\\/\\\/naturalpoland.com\\\/ko\\\/je-pum\\\/ui-yak-pum-won-ryo\\\/geon-gang-gi-neung-sig-pum-cheom-ga-mul\\\/hmb-kalsyum\\\/\"]}]},{\"@type\":\"ImageObject\",\"inLanguage\":\"ko-KR\",\"@id\":\"https:\\\/\\\/naturalpoland.com\\\/ko\\\/je-pum\\\/ui-yak-pum-won-ryo\\\/geon-gang-gi-neung-sig-pum-cheom-ga-mul\\\/hmb-kalsyum\\\/#primaryimage\",\"url\":\"https:\\\/\\\/naturalpoland.com\\\/wp-content\\\/uploads\\\/hmb-ca.webp\",\"contentUrl\":\"https:\\\/\\\/naturalpoland.com\\\/wp-content\\\/uploads\\\/hmb-ca.webp\",\"width\":619,\"height\":619,\"caption\":\"HMB Wap\u0144\"},{\"@type\":\"BreadcrumbList\",\"@id\":\"https:\\\/\\\/naturalpoland.com\\\/ko\\\/je-pum\\\/ui-yak-pum-won-ryo\\\/geon-gang-gi-neung-sig-pum-cheom-ga-mul\\\/hmb-kalsyum\\\/#breadcrumb\",\"itemListElement\":[{\"@type\":\"ListItem\",\"position\":1,\"name\":\"\ud648\",\"item\":\"https:\\\/\\\/naturalpoland.com\\\/ko\\\/\"},{\"@type\":\"ListItem\",\"position\":2,\"name\":\"\uc81c\ud488\",\"item\":\"https:\\\/\\\/naturalpoland.com\\\/ko\\\/%ec%a0%9c%ed%92%88\\\/\"},{\"@type\":\"ListItem\",\"position\":3,\"name\":\"HMB \uce7c\uc298\"}]},{\"@type\":\"WebSite\",\"@id\":\"https:\\\/\\\/naturalpoland.com\\\/ko\\\/#website\",\"url\":\"https:\\\/\\\/naturalpoland.com\\\/ko\\\/\",\"name\":\"NATURAL POLAND - Hurtowy Dystrybutor Surowc\u00f3w\",\"description\":\"Surowce dla przemys\u0142u spo\u017cywczego, kosmetycznego i farmaceutycznego\",\"publisher\":{\"@id\":\"https:\\\/\\\/naturalpoland.com\\\/ko\\\/#organization\"},\"potentialAction\":[{\"@type\":\"SearchAction\",\"target\":{\"@type\":\"EntryPoint\",\"urlTemplate\":\"https:\\\/\\\/naturalpoland.com\\\/ko\\\/?s={search_term_string}\"},\"query-input\":{\"@type\":\"PropertyValueSpecification\",\"valueRequired\":true,\"valueName\":\"search_term_string\"}}],\"inLanguage\":\"ko-KR\"},{\"@type\":\"Organization\",\"@id\":\"https:\\\/\\\/naturalpoland.com\\\/ko\\\/#organization\",\"name\":\"Natural Poland\",\"url\":\"https:\\\/\\\/naturalpoland.com\\\/ko\\\/\",\"logo\":{\"@type\":\"ImageObject\",\"inLanguage\":\"ko-KR\",\"@id\":\"https:\\\/\\\/naturalpoland.com\\\/ko\\\/#\\\/schema\\\/logo\\\/image\\\/\",\"url\":\"https:\\\/\\\/naturalpoland.com\\\/wp-content\\\/uploads\\\/2021\\\/05\\\/natural-poland-icon.png\",\"contentUrl\":\"https:\\\/\\\/naturalpoland.com\\\/wp-content\\\/uploads\\\/2021\\\/05\\\/natural-poland-icon.png\",\"width\":512,\"height\":512,\"caption\":\"Natural Poland\"},\"image\":{\"@id\":\"https:\\\/\\\/naturalpoland.com\\\/ko\\\/#\\\/schema\\\/logo\\\/image\\\/\"},\"sameAs\":[\"https:\\\/\\\/www.facebook.com\\\/naturalpoland.b2b\",\"https:\\\/\\\/pl.linkedin.com\\\/company\\\/natural-poland\",\"https:\\\/\\\/www.youtube.com\\\/channel\\\/UCgeGGkvOMahZo-xu_MSEWxg\"]}]}<\/script>\n<!-- \/ Yoast SEO plugin. -->","yoast_head_json":{"title":"NATURAL POLAND &#8211; Hurtowy Dystrybutor Surowc\u00f3w","description":"HMB-Ca\ub294 \uaca9\ub82c\ud55c \uc6b4\ub3d9 \ud6c4 \uadfc\uc721 \ud68c\ubcf5 \uac1c\uc120\uacfc \uadfc\uc721\ub7c9 \uc99d\uac00\ub97c \ubaa9\ud45c\ub85c \ud558\ub294 \uc2e0\uccb4 \ud65c\ub3d9\uc774 \ud65c\ubc1c\ud55c \uc0ac\ub78c\ub4e4\uc5d0\uac8c \uc774\uc0c1\uc801\uc778 \uc120\ud0dd\uc785\ub2c8\ub2e4.","robots":{"index":"index","follow":"follow","max-snippet":"max-snippet:-1","max-image-preview":"max-image-preview:large","max-video-preview":"max-video-preview:-1"},"canonical":"https:\/\/naturalpoland.com\/ko\/je-pum\/ui-yak-pum-won-ryo\/geon-gang-gi-neung-sig-pum-cheom-ga-mul\/hmb-kalsyum\/","og_locale":"ko_KR","og_type":"article","og_description":"HMB-Ca\ub294 \uaca9\ub82c\ud55c \uc6b4\ub3d9 \ud6c4 \uadfc\uc721 \ud68c\ubcf5 \uac1c\uc120\uacfc \uadfc\uc721\ub7c9 \uc99d\uac00\ub97c \ubaa9\ud45c\ub85c \ud558\ub294 \uc2e0\uccb4 \ud65c\ub3d9\uc774 \ud65c\ubc1c\ud55c \uc0ac\ub78c\ub4e4\uc5d0\uac8c \uc774\uc0c1\uc801\uc778 \uc120\ud0dd\uc785\ub2c8\ub2e4.","og_url":"https:\/\/naturalpoland.com\/ko\/je-pum\/ui-yak-pum-won-ryo\/geon-gang-gi-neung-sig-pum-cheom-ga-mul\/hmb-kalsyum\/","og_site_name":"NATURAL POLAND - Hurtowy Dystrybutor Surowc\u00f3w","article_publisher":"https:\/\/www.facebook.com\/naturalpoland.b2b","article_modified_time":"2025-08-21T13:18:12+00:00","og_image":[{"width":619,"height":619,"url":"https:\/\/naturalpoland.com\/wp-content\/uploads\/hmb-ca.webp","type":"image\/webp"}],"schema":{"@context":"https:\/\/schema.org","@graph":[{"@type":"WebPage","@id":"https:\/\/naturalpoland.com\/ko\/je-pum\/ui-yak-pum-won-ryo\/geon-gang-gi-neung-sig-pum-cheom-ga-mul\/hmb-kalsyum\/","url":"https:\/\/naturalpoland.com\/ko\/je-pum\/ui-yak-pum-won-ryo\/geon-gang-gi-neung-sig-pum-cheom-ga-mul\/hmb-kalsyum\/","name":"","isPartOf":{"@id":"https:\/\/naturalpoland.com\/ko\/#website"},"primaryImageOfPage":{"@id":"https:\/\/naturalpoland.com\/ko\/je-pum\/ui-yak-pum-won-ryo\/geon-gang-gi-neung-sig-pum-cheom-ga-mul\/hmb-kalsyum\/#primaryimage"},"image":{"@id":"https:\/\/naturalpoland.com\/ko\/je-pum\/ui-yak-pum-won-ryo\/geon-gang-gi-neung-sig-pum-cheom-ga-mul\/hmb-kalsyum\/#primaryimage"},"thumbnailUrl":"https:\/\/naturalpoland.com\/wp-content\/uploads\/hmb-ca.webp","datePublished":"2021-05-11T11:43:22+00:00","dateModified":"2025-08-21T13:18:12+00:00","description":"HMB-Ca\ub294 \uaca9\ub82c\ud55c \uc6b4\ub3d9 \ud6c4 \uadfc\uc721 \ud68c\ubcf5 \uac1c\uc120\uacfc \uadfc\uc721\ub7c9 \uc99d\uac00\ub97c \ubaa9\ud45c\ub85c \ud558\ub294 \uc2e0\uccb4 \ud65c\ub3d9\uc774 \ud65c\ubc1c\ud55c \uc0ac\ub78c\ub4e4\uc5d0\uac8c \uc774\uc0c1\uc801\uc778 \uc120\ud0dd\uc785\ub2c8\ub2e4.","breadcrumb":{"@id":"https:\/\/naturalpoland.com\/ko\/je-pum\/ui-yak-pum-won-ryo\/geon-gang-gi-neung-sig-pum-cheom-ga-mul\/hmb-kalsyum\/#breadcrumb"},"inLanguage":"ko-KR","potentialAction":[{"@type":"ReadAction","target":["https:\/\/naturalpoland.com\/ko\/je-pum\/ui-yak-pum-won-ryo\/geon-gang-gi-neung-sig-pum-cheom-ga-mul\/hmb-kalsyum\/"]}]},{"@type":"ImageObject","inLanguage":"ko-KR","@id":"https:\/\/naturalpoland.com\/ko\/je-pum\/ui-yak-pum-won-ryo\/geon-gang-gi-neung-sig-pum-cheom-ga-mul\/hmb-kalsyum\/#primaryimage","url":"https:\/\/naturalpoland.com\/wp-content\/uploads\/hmb-ca.webp","contentUrl":"https:\/\/naturalpoland.com\/wp-content\/uploads\/hmb-ca.webp","width":619,"height":619,"caption":"HMB Wap\u0144"},{"@type":"BreadcrumbList","@id":"https:\/\/naturalpoland.com\/ko\/je-pum\/ui-yak-pum-won-ryo\/geon-gang-gi-neung-sig-pum-cheom-ga-mul\/hmb-kalsyum\/#breadcrumb","itemListElement":[{"@type":"ListItem","position":1,"name":"\ud648","item":"https:\/\/naturalpoland.com\/ko\/"},{"@type":"ListItem","position":2,"name":"\uc81c\ud488","item":"https:\/\/naturalpoland.com\/ko\/%ec%a0%9c%ed%92%88\/"},{"@type":"ListItem","position":3,"name":"HMB \uce7c\uc298"}]},{"@type":"WebSite","@id":"https:\/\/naturalpoland.com\/ko\/#website","url":"https:\/\/naturalpoland.com\/ko\/","name":"NATURAL POLAND - Hurtowy Dystrybutor Surowc\u00f3w","description":"Surowce dla przemys\u0142u spo\u017cywczego, kosmetycznego i farmaceutycznego","publisher":{"@id":"https:\/\/naturalpoland.com\/ko\/#organization"},"potentialAction":[{"@type":"SearchAction","target":{"@type":"EntryPoint","urlTemplate":"https:\/\/naturalpoland.com\/ko\/?s={search_term_string}"},"query-input":{"@type":"PropertyValueSpecification","valueRequired":true,"valueName":"search_term_string"}}],"inLanguage":"ko-KR"},{"@type":"Organization","@id":"https:\/\/naturalpoland.com\/ko\/#organization","name":"Natural Poland","url":"https:\/\/naturalpoland.com\/ko\/","logo":{"@type":"ImageObject","inLanguage":"ko-KR","@id":"https:\/\/naturalpoland.com\/ko\/#\/schema\/logo\/image\/","url":"https:\/\/naturalpoland.com\/wp-content\/uploads\/2021\/05\/natural-poland-icon.png","contentUrl":"https:\/\/naturalpoland.com\/wp-content\/uploads\/2021\/05\/natural-poland-icon.png","width":512,"height":512,"caption":"Natural Poland"},"image":{"@id":"https:\/\/naturalpoland.com\/ko\/#\/schema\/logo\/image\/"},"sameAs":["https:\/\/www.facebook.com\/naturalpoland.b2b","https:\/\/pl.linkedin.com\/company\/natural-poland","https:\/\/www.youtube.com\/channel\/UCgeGGkvOMahZo-xu_MSEWxg"]}]}},"_links":{"self":[{"href":"https:\/\/naturalpoland.com\/ko\/wp-json\/wp\/v2\/product\/42870","targetHints":{"allow":["GET"]}}],"collection":[{"href":"https:\/\/naturalpoland.com\/ko\/wp-json\/wp\/v2\/product"}],"about":[{"href":"https:\/\/naturalpoland.com\/ko\/wp-json\/wp\/v2\/types\/product"}],"wp:featuredmedia":[{"embeddable":true,"href":"https:\/\/naturalpoland.com\/ko\/wp-json\/wp\/v2\/media\/42872"}],"wp:attachment":[{"href":"https:\/\/naturalpoland.com\/ko\/wp-json\/wp\/v2\/media?parent=42870"}],"wp:term":[{"taxonomy":"product_brand","embeddable":true,"href":"https:\/\/naturalpoland.com\/ko\/wp-json\/wp\/v2\/product_brand?post=42870"},{"taxonomy":"product_cat","embeddable":true,"href":"https:\/\/naturalpoland.com\/ko\/wp-json\/wp\/v2\/product_cat?post=42870"},{"taxonomy":"product_tag","embeddable":true,"href":"https:\/\/naturalpoland.com\/ko\/wp-json\/wp\/v2\/product_tag?post=42870"}],"curies":[{"name":"wp","href":"https:\/\/api.w.org\/{rel}","templated":true}]}}