{"id":42873,"date":"2021-05-11T13:44:11","date_gmt":"2021-05-11T11:44:11","guid":{"rendered":"https:\/\/naturalpoland.com\/produkty\/uncategorized\/%ec%bd%94%ec%97%94%ec%9e%90%ec%9e%84-q10\/"},"modified":"2025-08-21T15:18:35","modified_gmt":"2025-08-21T13:18:35","slug":"koenjaim-q10","status":"publish","type":"product","link":"https:\/\/naturalpoland.com\/ko\/je-pum\/ui-yak-pum-won-ryo\/geon-gang-gi-neung-sig-pum-cheom-ga-mul\/koenjaim-q10\/","title":{"rendered":"\ucf54\uc5d4\uc790\uc784 Q10"},"content":{"rendered":"<p>\uac74\uac15\uae30\ub2a5\uc2dd\ud488\uc73c\ub85c\uc11c \ucf54\uc5d4\uc790\uc784 Q10\uc740 \ud56d\uc0b0\ud654 \uc791\uc6a9\uc744 \ud558\uba70, (\uace0\ud608\uc555 \ud658\uc790\uc758) \ud608\uc555\uc744 \ub0ae\ucd94\uace0, \ud3b8\ub450\ud1b5 \ubc1c\uc791\uc744 \uc608\ubc29\ud558\uba70, \ud53c\ubd80 \uc5fc\uc99d\uc744 \uc644\ud654\ud569\ub2c8\ub2e4.<\/p>\n<p>\ucf54\uc5d4\uc790\uc784 Q10\uc740 \ud034\ub17c \uacc4\uc5f4\uc758 \uc720\uae30 \ud654\ud569\ubb3c\ub85c, <strong>\uc720\ube44\ud034\ub17c<\/strong>\uc774\ub77c\uace0\ub3c4 \ubd88\ub9bd\ub2c8\ub2e4. \uc2dd\ubb3c \ubc0f \ub3d9\ubb3c \uc138\ud3ec\uc758 \ubbf8\ud1a0\ucf58\ub4dc\ub9ac\uc544\uc5d0 \uc874\uc7ac\ud558\uba70 \ud638\ud761 \uc0ac\uc2ac\uc758 \uc911\uc694\ud55c \uc694\uc18c\uc785\ub2c8\ub2e4. \ud06c\ub9bc, \ub9c8\uc2a4\ud06c\ud329, \uc138\ub7fc \ub4f1 \ud654\uc7a5\ud488\uacfc \uac74\uac15\uae30\ub2a5\uc2dd\ud488\uc758 \uc131\ubd84\uc73c\ub85c \ub9e4\uc6b0 \uc790\uc8fc \uc0ac\uc6a9\ub429\ub2c8\ub2e4. \ucf54\uc5d4\uc790\uc784 Q10\uc740 \ub610\ud55c \uad11\ubc94\uc704\ud55c \uc801\uc6a9 \ubd84\uc57c\ub85c \uc778\ud574 \uc0c1\ub2f9\ud55c \uc2e0\ub8b0\ub97c \ubc1b\uace0 \uc788\uc2b5\ub2c8\ub2e4.<\/p>\n<p>\ucf54\uc5d4\uc790\uc784 Q10\uc740 \ube44\ud0c0\ubbfc E, \uc140\ub808\ub284, \uc544\uc5f0\uc758 \ud6a8\uc728\uc801\uc778 \ud761\uc218\uc5d0 \uc601\ud5a5\uc744 \ubbf8\uccd0 \ubaa8\ubc1c, \ud53c\ubd80, \uc190\ud1b1 \uac74\uac15\uc744 \ub3d5\uc2b5\ub2c8\ub2e4. \uba74\uc5ed\uacc4\uc640 \uc2e0\uacbd\uacc4 \uae30\ub2a5\uc744 \uc9c0\uc6d0\ud569\ub2c8\ub2e4. \ub610\ud55c \ucf5c\ub77c\uac90\uc758 \uc815\uc0c1\uc801\uc778 \ud569\uc131\uc5d0 \ub9e4\uc6b0 \uc911\uc694\ud569\ub2c8\ub2e4. \ucf54\uc5d4\uc790\uc784\uc740 \uc815\uc0c1\uc801\uc778 \uc2ec\ub9ac\uc801 \uae30\ub2a5\uc744 \uc720\uc9c0\ud558\ub294 \ub370\ub3c4 \ud544\uc218\uc801\uc785\ub2c8\ub2e4.<\/p>\n<hr \/>\n<h2>CoQXorb\u2122 LSMe<\/h2>\n<p><strong>CoQXorb\u2122 LSMe<\/strong>\ub294 BioSNEDS\u2122 \uae30\uc220\uc744 \ud65c\uc6a9\ud558\uc5ec \uc2ec\uc7a5 \uac74\uac15, \uc138\ud3ec \uc5d0\ub108\uc9c0 \uc0dd\uc0b0 \ubc0f \ud56d\uc0b0\ud654 \uae30\ub2a5\uc744 \uc9c0\uc6d0\ud558\ub294 \ud575\uc2ec \uc131\ubd84\uc778 \ucf54\uc5d4\uc790\uc784 Q10 (CoQ10)\uc758 \uc0dd\uccb4 \uc774\uc6a9\ub960\uc744 \ud06c\uac8c \ub192\uc774\ub294 \uace0\uae09 \uc81c\ud488\uc785\ub2c8\ub2e4.<\/p>\n<h3>BioSNEDS\u2122 \uae30\uc220\uc758 \uc7a5\uc810<\/h3>\n<ul>\n<li>CoQXorb\u2122\uc740 \uae30\uc874 CoQ10\uc5d0 \ube44\ud574 \uc0dd\uccb4 \uc774\uc6a9\ub960\uc774 39\ubc30 \ub354 \ub192\uc2b5\ub2c8\ub2e4. \uc774\ub294 BioSNEDS\u2122\uc5d0 \ud568\uc720\ub41c 6mg\uc758 \ud65c\uc131 CoQ10\uc774 \uae30\uc874 CoQ10 200mg\uacfc \uc0dd\ubb3c\ud559\uc801\uc73c\ub85c \ub3d9\ub4f1\ud558\ub2e4\ub294 \uac83\uc744 \uc758\ubbf8\ud569\ub2c8\ub2e4.<\/li>\n<li>\ud0ac\ub85c\uadf8\ub7a8\ub2f9 \ub354 \ub9ce\uc740 \ubcf5\uc6a9\ub7c9 &#8211; \uae30\uc874 CoQ10 4,950\ud68c \ubcf5\uc6a9\ub7c9\uacfc \ube44\uad50\ud558\uc5ec \ud0ac\ub85c\uadf8\ub7a8\ub2f9 16,666\ud68c \ubcf5\uc6a9\ub7c9.<\/li>\n<li>\uc911\uc131\uc801\uc778 \ub9db\uacfc \ubb34\ucde8\uc758 \ubd84\ub9d0 \ubc0f \uc5d0\uba40\uc804 \ud615\ud0dc\ub85c \uc81c\uacf5\ub429\ub2c8\ub2e4.<\/li>\n<\/ul>\n<h3>\uc801\uc6a9 \ubd84\uc57c:<\/h3>\n<p>\uac74\uac15 \ubcf4\uc870 \uc2dd\ud488, \uae30\ub2a5\uc131 \uc2dd\ud488, \uad6d\uc18c\uc6a9 \ud654\uc7a5\ud488, \ub3d9\ubb3c \uc0ac\ub8cc.<\/p>\n<h3>\uac74\uac15\uc0c1\uc758 \uc774\uc810:<\/h3>\n<ul>\n<li>CoQ10\uc740 \uc2ec\uc7a5 \ubc0f \uc21c\ud658\uacc4 \uac74\uac15\uc744 \uc9c0\uc6d0\ud569\ub2c8\ub2e4.<\/li>\n<li>\uc138\ud3ec \uc5d0\ub108\uc9c0 \uc0dd\uc0b0\uc744 \uc9c0\uc6d0\ud558\uba70, \uc774\ub294 \uadfc\uc721 \uac74\uac15\uacfc \uc9c0\uad6c\ub825\uc5d0 \uc911\uc694\ud569\ub2c8\ub2e4.<\/li>\n<li>\uc0b0\ud654 \uc2a4\ud2b8\ub808\uc2a4\ub85c\ubd80\ud130 \uc138\ud3ec\ub97c \ubcf4\ud638\ud558\uc5ec \ub178\ud654 \ubc0f \ub9cc\uc131 \uc9c8\ud658\uc744 \uc608\ubc29\ud560 \uc218 \uc788\uc2b5\ub2c8\ub2e4.<\/li>\n<li>\ub1cc \uae30\ub2a5\uacfc \uc2e0\uacbd \uac74\uac15\uc744 \uc9c0\uc6d0\ud569\ub2c8\ub2e4.<\/li>\n<li>\ud53c\ubd80 \uac74\uac15\uc744 \uac1c\uc120\ud558\uace0 \ub178\ud654 \uc9d5\ud6c4\ub97c \uc904\uc77c \uc218 \uc788\uc2b5\ub2c8\ub2e4.<\/li>\n<\/ul>\n","protected":false},"excerpt":{"rendered":"<p>\uace0\ud488\uc9c8 \ucf54\uc5d4\uc790\uc784 Q10 (\uc720\ube44\ud034\ub17c)\uc758 \ub3c4\ub9e4 \uc720\ud1b5\uc744 \uc81c\uacf5\ud569\ub2c8\ub2e4.<\/p>\n<p>\uc774 \uc81c\ud488\uc740 <strong>CoQXorb\u2122 LSMe<\/strong> \ud615\ud0dc\uc758 BioSNEDS\u2122 \uae30\uc220\ub85c\ub3c4 \uc81c\uacf5\ub429\ub2c8\ub2e4.<\/p>\n<p>&nbsp;<\/p>\n","protected":false},"featured_media":42874,"template":"","meta":[],"product_brand":[],"product_cat":[8143],"product_tag":[],"class_list":{"0":"post-42873","1":"product","2":"type-product","3":"status-publish","4":"has-post-thumbnail","6":"product_cat-geon-gang-gi-neung-sig-pum-cheom-ga-mul","8":"first","9":"instock","10":"shipping-taxable","11":"product-type-simple"},"yoast_head":"<!-- This site is optimized with the Yoast SEO plugin v27.4 - https:\/\/yoast.com\/product\/yoast-seo-wordpress\/ -->\n<title>NATURAL POLAND &#8211; Hurtowy Dystrybutor Surowc\u00f3w<\/title>\n<meta name=\"description\" content=\"\ucf54\uc5d4\uc790\uc784 Q10\uc740 \ud56d\uc0b0\ud654 \uc791\uc6a9\uc744 \ud558\uba70, (\uace0\ud608\uc555 \ud658\uc790\uc758) \ud608\uc555\uc744 \ub0ae\ucd94\uace0, \ud3b8\ub450\ud1b5 \ubc1c\uc791\uc744 \uc608\ubc29\ud558\uba70, \ud53c\ubd80 \uc5fc\uc99d\uc744 \uc644\ud654\ud569\ub2c8\ub2e4.\" \/>\n<meta name=\"robots\" content=\"index, follow, max-snippet:-1, max-image-preview:large, max-video-preview:-1\" \/>\n<link rel=\"canonical\" href=\"https:\/\/naturalpoland.com\/ko\/je-pum\/ui-yak-pum-won-ryo\/geon-gang-gi-neung-sig-pum-cheom-ga-mul\/koenjaim-q10\/\" \/>\n<meta property=\"og:locale\" content=\"ko_KR\" \/>\n<meta property=\"og:type\" content=\"article\" \/>\n<meta property=\"og:description\" content=\"\ucf54\uc5d4\uc790\uc784 Q10\uc740 \ud56d\uc0b0\ud654 \uc791\uc6a9\uc744 \ud558\uba70, (\uace0\ud608\uc555 \ud658\uc790\uc758) \ud608\uc555\uc744 \ub0ae\ucd94\uace0, \ud3b8\ub450\ud1b5 \ubc1c\uc791\uc744 \uc608\ubc29\ud558\uba70, \ud53c\ubd80 \uc5fc\uc99d\uc744 \uc644\ud654\ud569\ub2c8\ub2e4.\" \/>\n<meta property=\"og:url\" content=\"https:\/\/naturalpoland.com\/ko\/je-pum\/ui-yak-pum-won-ryo\/geon-gang-gi-neung-sig-pum-cheom-ga-mul\/koenjaim-q10\/\" \/>\n<meta property=\"og:site_name\" content=\"NATURAL POLAND - Hurtowy Dystrybutor Surowc\u00f3w\" \/>\n<meta property=\"article:publisher\" content=\"https:\/\/www.facebook.com\/naturalpoland.b2b\" \/>\n<meta property=\"article:modified_time\" content=\"2025-08-21T13:18:35+00:00\" \/>\n<meta property=\"og:image\" content=\"https:\/\/naturalpoland.com\/wp-content\/uploads\/2021\/05\/coenzyme-q10.jpg\" \/>\n\t<meta property=\"og:image:width\" content=\"288\" \/>\n\t<meta property=\"og:image:height\" content=\"175\" \/>\n\t<meta property=\"og:image:type\" content=\"image\/jpeg\" \/>\n<script type=\"application\/ld+json\" class=\"yoast-schema-graph\">{\"@context\":\"https:\\\/\\\/schema.org\",\"@graph\":[{\"@type\":\"WebPage\",\"@id\":\"https:\\\/\\\/naturalpoland.com\\\/ko\\\/je-pum\\\/ui-yak-pum-won-ryo\\\/geon-gang-gi-neung-sig-pum-cheom-ga-mul\\\/koenjaim-q10\\\/\",\"url\":\"https:\\\/\\\/naturalpoland.com\\\/ko\\\/je-pum\\\/ui-yak-pum-won-ryo\\\/geon-gang-gi-neung-sig-pum-cheom-ga-mul\\\/koenjaim-q10\\\/\",\"name\":\"\",\"isPartOf\":{\"@id\":\"https:\\\/\\\/naturalpoland.com\\\/ko\\\/#website\"},\"primaryImageOfPage\":{\"@id\":\"https:\\\/\\\/naturalpoland.com\\\/ko\\\/je-pum\\\/ui-yak-pum-won-ryo\\\/geon-gang-gi-neung-sig-pum-cheom-ga-mul\\\/koenjaim-q10\\\/#primaryimage\"},\"image\":{\"@id\":\"https:\\\/\\\/naturalpoland.com\\\/ko\\\/je-pum\\\/ui-yak-pum-won-ryo\\\/geon-gang-gi-neung-sig-pum-cheom-ga-mul\\\/koenjaim-q10\\\/#primaryimage\"},\"thumbnailUrl\":\"https:\\\/\\\/naturalpoland.com\\\/wp-content\\\/uploads\\\/2021\\\/05\\\/coenzyme-q10.jpg\",\"datePublished\":\"2021-05-11T11:44:11+00:00\",\"dateModified\":\"2025-08-21T13:18:35+00:00\",\"description\":\"\ucf54\uc5d4\uc790\uc784 Q10\uc740 \ud56d\uc0b0\ud654 \uc791\uc6a9\uc744 \ud558\uba70, (\uace0\ud608\uc555 \ud658\uc790\uc758) \ud608\uc555\uc744 \ub0ae\ucd94\uace0, \ud3b8\ub450\ud1b5 \ubc1c\uc791\uc744 \uc608\ubc29\ud558\uba70, \ud53c\ubd80 \uc5fc\uc99d\uc744 \uc644\ud654\ud569\ub2c8\ub2e4.\",\"breadcrumb\":{\"@id\":\"https:\\\/\\\/naturalpoland.com\\\/ko\\\/je-pum\\\/ui-yak-pum-won-ryo\\\/geon-gang-gi-neung-sig-pum-cheom-ga-mul\\\/koenjaim-q10\\\/#breadcrumb\"},\"inLanguage\":\"ko-KR\",\"potentialAction\":[{\"@type\":\"ReadAction\",\"target\":[\"https:\\\/\\\/naturalpoland.com\\\/ko\\\/je-pum\\\/ui-yak-pum-won-ryo\\\/geon-gang-gi-neung-sig-pum-cheom-ga-mul\\\/koenjaim-q10\\\/\"]}]},{\"@type\":\"ImageObject\",\"inLanguage\":\"ko-KR\",\"@id\":\"https:\\\/\\\/naturalpoland.com\\\/ko\\\/je-pum\\\/ui-yak-pum-won-ryo\\\/geon-gang-gi-neung-sig-pum-cheom-ga-mul\\\/koenjaim-q10\\\/#primaryimage\",\"url\":\"https:\\\/\\\/naturalpoland.com\\\/wp-content\\\/uploads\\\/2021\\\/05\\\/coenzyme-q10.jpg\",\"contentUrl\":\"https:\\\/\\\/naturalpoland.com\\\/wp-content\\\/uploads\\\/2021\\\/05\\\/coenzyme-q10.jpg\",\"width\":288,\"height\":175,\"caption\":\"Koenzym Q10\"},{\"@type\":\"BreadcrumbList\",\"@id\":\"https:\\\/\\\/naturalpoland.com\\\/ko\\\/je-pum\\\/ui-yak-pum-won-ryo\\\/geon-gang-gi-neung-sig-pum-cheom-ga-mul\\\/koenjaim-q10\\\/#breadcrumb\",\"itemListElement\":[{\"@type\":\"ListItem\",\"position\":1,\"name\":\"\ud648\",\"item\":\"https:\\\/\\\/naturalpoland.com\\\/ko\\\/\"},{\"@type\":\"ListItem\",\"position\":2,\"name\":\"\uc81c\ud488\",\"item\":\"https:\\\/\\\/naturalpoland.com\\\/ko\\\/%ec%a0%9c%ed%92%88\\\/\"},{\"@type\":\"ListItem\",\"position\":3,\"name\":\"\ucf54\uc5d4\uc790\uc784 Q10\"}]},{\"@type\":\"WebSite\",\"@id\":\"https:\\\/\\\/naturalpoland.com\\\/ko\\\/#website\",\"url\":\"https:\\\/\\\/naturalpoland.com\\\/ko\\\/\",\"name\":\"NATURAL POLAND - Hurtowy Dystrybutor Surowc\u00f3w\",\"description\":\"Surowce dla przemys\u0142u spo\u017cywczego, kosmetycznego i farmaceutycznego\",\"publisher\":{\"@id\":\"https:\\\/\\\/naturalpoland.com\\\/ko\\\/#organization\"},\"potentialAction\":[{\"@type\":\"SearchAction\",\"target\":{\"@type\":\"EntryPoint\",\"urlTemplate\":\"https:\\\/\\\/naturalpoland.com\\\/ko\\\/?s={search_term_string}\"},\"query-input\":{\"@type\":\"PropertyValueSpecification\",\"valueRequired\":true,\"valueName\":\"search_term_string\"}}],\"inLanguage\":\"ko-KR\"},{\"@type\":\"Organization\",\"@id\":\"https:\\\/\\\/naturalpoland.com\\\/ko\\\/#organization\",\"name\":\"Natural Poland\",\"url\":\"https:\\\/\\\/naturalpoland.com\\\/ko\\\/\",\"logo\":{\"@type\":\"ImageObject\",\"inLanguage\":\"ko-KR\",\"@id\":\"https:\\\/\\\/naturalpoland.com\\\/ko\\\/#\\\/schema\\\/logo\\\/image\\\/\",\"url\":\"https:\\\/\\\/naturalpoland.com\\\/wp-content\\\/uploads\\\/2021\\\/05\\\/natural-poland-icon.png\",\"contentUrl\":\"https:\\\/\\\/naturalpoland.com\\\/wp-content\\\/uploads\\\/2021\\\/05\\\/natural-poland-icon.png\",\"width\":512,\"height\":512,\"caption\":\"Natural Poland\"},\"image\":{\"@id\":\"https:\\\/\\\/naturalpoland.com\\\/ko\\\/#\\\/schema\\\/logo\\\/image\\\/\"},\"sameAs\":[\"https:\\\/\\\/www.facebook.com\\\/naturalpoland.b2b\",\"https:\\\/\\\/pl.linkedin.com\\\/company\\\/natural-poland\",\"https:\\\/\\\/www.youtube.com\\\/channel\\\/UCgeGGkvOMahZo-xu_MSEWxg\"]}]}<\/script>\n<!-- \/ Yoast SEO plugin. -->","yoast_head_json":{"title":"NATURAL POLAND &#8211; Hurtowy Dystrybutor Surowc\u00f3w","description":"\ucf54\uc5d4\uc790\uc784 Q10\uc740 \ud56d\uc0b0\ud654 \uc791\uc6a9\uc744 \ud558\uba70, (\uace0\ud608\uc555 \ud658\uc790\uc758) \ud608\uc555\uc744 \ub0ae\ucd94\uace0, \ud3b8\ub450\ud1b5 \ubc1c\uc791\uc744 \uc608\ubc29\ud558\uba70, \ud53c\ubd80 \uc5fc\uc99d\uc744 \uc644\ud654\ud569\ub2c8\ub2e4.","robots":{"index":"index","follow":"follow","max-snippet":"max-snippet:-1","max-image-preview":"max-image-preview:large","max-video-preview":"max-video-preview:-1"},"canonical":"https:\/\/naturalpoland.com\/ko\/je-pum\/ui-yak-pum-won-ryo\/geon-gang-gi-neung-sig-pum-cheom-ga-mul\/koenjaim-q10\/","og_locale":"ko_KR","og_type":"article","og_description":"\ucf54\uc5d4\uc790\uc784 Q10\uc740 \ud56d\uc0b0\ud654 \uc791\uc6a9\uc744 \ud558\uba70, (\uace0\ud608\uc555 \ud658\uc790\uc758) \ud608\uc555\uc744 \ub0ae\ucd94\uace0, \ud3b8\ub450\ud1b5 \ubc1c\uc791\uc744 \uc608\ubc29\ud558\uba70, \ud53c\ubd80 \uc5fc\uc99d\uc744 \uc644\ud654\ud569\ub2c8\ub2e4.","og_url":"https:\/\/naturalpoland.com\/ko\/je-pum\/ui-yak-pum-won-ryo\/geon-gang-gi-neung-sig-pum-cheom-ga-mul\/koenjaim-q10\/","og_site_name":"NATURAL POLAND - Hurtowy Dystrybutor Surowc\u00f3w","article_publisher":"https:\/\/www.facebook.com\/naturalpoland.b2b","article_modified_time":"2025-08-21T13:18:35+00:00","og_image":[{"width":288,"height":175,"url":"https:\/\/naturalpoland.com\/wp-content\/uploads\/2021\/05\/coenzyme-q10.jpg","type":"image\/jpeg"}],"schema":{"@context":"https:\/\/schema.org","@graph":[{"@type":"WebPage","@id":"https:\/\/naturalpoland.com\/ko\/je-pum\/ui-yak-pum-won-ryo\/geon-gang-gi-neung-sig-pum-cheom-ga-mul\/koenjaim-q10\/","url":"https:\/\/naturalpoland.com\/ko\/je-pum\/ui-yak-pum-won-ryo\/geon-gang-gi-neung-sig-pum-cheom-ga-mul\/koenjaim-q10\/","name":"","isPartOf":{"@id":"https:\/\/naturalpoland.com\/ko\/#website"},"primaryImageOfPage":{"@id":"https:\/\/naturalpoland.com\/ko\/je-pum\/ui-yak-pum-won-ryo\/geon-gang-gi-neung-sig-pum-cheom-ga-mul\/koenjaim-q10\/#primaryimage"},"image":{"@id":"https:\/\/naturalpoland.com\/ko\/je-pum\/ui-yak-pum-won-ryo\/geon-gang-gi-neung-sig-pum-cheom-ga-mul\/koenjaim-q10\/#primaryimage"},"thumbnailUrl":"https:\/\/naturalpoland.com\/wp-content\/uploads\/2021\/05\/coenzyme-q10.jpg","datePublished":"2021-05-11T11:44:11+00:00","dateModified":"2025-08-21T13:18:35+00:00","description":"\ucf54\uc5d4\uc790\uc784 Q10\uc740 \ud56d\uc0b0\ud654 \uc791\uc6a9\uc744 \ud558\uba70, (\uace0\ud608\uc555 \ud658\uc790\uc758) \ud608\uc555\uc744 \ub0ae\ucd94\uace0, \ud3b8\ub450\ud1b5 \ubc1c\uc791\uc744 \uc608\ubc29\ud558\uba70, \ud53c\ubd80 \uc5fc\uc99d\uc744 \uc644\ud654\ud569\ub2c8\ub2e4.","breadcrumb":{"@id":"https:\/\/naturalpoland.com\/ko\/je-pum\/ui-yak-pum-won-ryo\/geon-gang-gi-neung-sig-pum-cheom-ga-mul\/koenjaim-q10\/#breadcrumb"},"inLanguage":"ko-KR","potentialAction":[{"@type":"ReadAction","target":["https:\/\/naturalpoland.com\/ko\/je-pum\/ui-yak-pum-won-ryo\/geon-gang-gi-neung-sig-pum-cheom-ga-mul\/koenjaim-q10\/"]}]},{"@type":"ImageObject","inLanguage":"ko-KR","@id":"https:\/\/naturalpoland.com\/ko\/je-pum\/ui-yak-pum-won-ryo\/geon-gang-gi-neung-sig-pum-cheom-ga-mul\/koenjaim-q10\/#primaryimage","url":"https:\/\/naturalpoland.com\/wp-content\/uploads\/2021\/05\/coenzyme-q10.jpg","contentUrl":"https:\/\/naturalpoland.com\/wp-content\/uploads\/2021\/05\/coenzyme-q10.jpg","width":288,"height":175,"caption":"Koenzym Q10"},{"@type":"BreadcrumbList","@id":"https:\/\/naturalpoland.com\/ko\/je-pum\/ui-yak-pum-won-ryo\/geon-gang-gi-neung-sig-pum-cheom-ga-mul\/koenjaim-q10\/#breadcrumb","itemListElement":[{"@type":"ListItem","position":1,"name":"\ud648","item":"https:\/\/naturalpoland.com\/ko\/"},{"@type":"ListItem","position":2,"name":"\uc81c\ud488","item":"https:\/\/naturalpoland.com\/ko\/%ec%a0%9c%ed%92%88\/"},{"@type":"ListItem","position":3,"name":"\ucf54\uc5d4\uc790\uc784 Q10"}]},{"@type":"WebSite","@id":"https:\/\/naturalpoland.com\/ko\/#website","url":"https:\/\/naturalpoland.com\/ko\/","name":"NATURAL POLAND - Hurtowy Dystrybutor Surowc\u00f3w","description":"Surowce dla przemys\u0142u spo\u017cywczego, kosmetycznego i farmaceutycznego","publisher":{"@id":"https:\/\/naturalpoland.com\/ko\/#organization"},"potentialAction":[{"@type":"SearchAction","target":{"@type":"EntryPoint","urlTemplate":"https:\/\/naturalpoland.com\/ko\/?s={search_term_string}"},"query-input":{"@type":"PropertyValueSpecification","valueRequired":true,"valueName":"search_term_string"}}],"inLanguage":"ko-KR"},{"@type":"Organization","@id":"https:\/\/naturalpoland.com\/ko\/#organization","name":"Natural Poland","url":"https:\/\/naturalpoland.com\/ko\/","logo":{"@type":"ImageObject","inLanguage":"ko-KR","@id":"https:\/\/naturalpoland.com\/ko\/#\/schema\/logo\/image\/","url":"https:\/\/naturalpoland.com\/wp-content\/uploads\/2021\/05\/natural-poland-icon.png","contentUrl":"https:\/\/naturalpoland.com\/wp-content\/uploads\/2021\/05\/natural-poland-icon.png","width":512,"height":512,"caption":"Natural Poland"},"image":{"@id":"https:\/\/naturalpoland.com\/ko\/#\/schema\/logo\/image\/"},"sameAs":["https:\/\/www.facebook.com\/naturalpoland.b2b","https:\/\/pl.linkedin.com\/company\/natural-poland","https:\/\/www.youtube.com\/channel\/UCgeGGkvOMahZo-xu_MSEWxg"]}]}},"_links":{"self":[{"href":"https:\/\/naturalpoland.com\/ko\/wp-json\/wp\/v2\/product\/42873","targetHints":{"allow":["GET"]}}],"collection":[{"href":"https:\/\/naturalpoland.com\/ko\/wp-json\/wp\/v2\/product"}],"about":[{"href":"https:\/\/naturalpoland.com\/ko\/wp-json\/wp\/v2\/types\/product"}],"wp:featuredmedia":[{"embeddable":true,"href":"https:\/\/naturalpoland.com\/ko\/wp-json\/wp\/v2\/media\/42874"}],"wp:attachment":[{"href":"https:\/\/naturalpoland.com\/ko\/wp-json\/wp\/v2\/media?parent=42873"}],"wp:term":[{"taxonomy":"product_brand","embeddable":true,"href":"https:\/\/naturalpoland.com\/ko\/wp-json\/wp\/v2\/product_brand?post=42873"},{"taxonomy":"product_cat","embeddable":true,"href":"https:\/\/naturalpoland.com\/ko\/wp-json\/wp\/v2\/product_cat?post=42873"},{"taxonomy":"product_tag","embeddable":true,"href":"https:\/\/naturalpoland.com\/ko\/wp-json\/wp\/v2\/product_tag?post=42873"}],"curies":[{"name":"wp","href":"https:\/\/api.w.org\/{rel}","templated":true}]}}