{"id":42876,"date":"2021-05-11T13:40:11","date_gmt":"2021-05-11T11:40:11","guid":{"rendered":"https:\/\/naturalpoland.com\/produkty\/uncategorized\/%eb%b0%94%eb%82%98%eb%b0%94-%ec%9e%8e-%ec%b6%94%ec%b6%9c%eb%ac%bc\/"},"modified":"2025-08-21T16:24:04","modified_gmt":"2025-08-21T14:24:04","slug":"banaba-ip-chuchulmul","status":"publish","type":"product","link":"https:\/\/naturalpoland.com\/ko\/je-pum\/ui-yak-pum-won-ryo\/geon-gang-gi-neung-sig-pum-cheom-ga-mul\/banaba-ip-chuchulmul\/","title":{"rendered":"\ubc14\ub098\ubc14 \uc78e \ucd94\ucd9c\ubb3c"},"content":{"rendered":"<p>\ubc14\ub098\ubc14 \uc78e \ucd94\ucd9c\ubb3c\uc5d0\ub294 \ud3ec\ub3c4\ub2f9 \ud761\uc218\uc640 \uadfc\uc721 \uc138\ud3ec\uc758 \ube60\ub978 \ud3ec\ud654\ub97c \ub3d5\ub294 \uc0b0\uacfc \ud0c4\ub2cc\uc774 \ud568\uc720\ub418\uc5b4 \uc788\uc2b5\ub2c8\ub2e4. \ucd94\ucd9c\ubb3c\uc5d0 \ud3ec\ud568\ub41c 2a-\ud558\uc774\ub4dc\ub85d\uc2dc\uc6b0\ub974\uc194\uc0b0\uc740 \ud3ec\ub3c4\ub2f9 \ud65c\uc131\uc81c\uc774\uba70 \uc778\uc290\ub9b0\uacfc \ub9e4\uc6b0 \uc720\uc0ac\ud558\uac8c \uc791\uc6a9\ud569\ub2c8\ub2e4.<\/p>\n<p>\uacb0\uacfc\uc801\uc73c\ub85c \uc774 \ucd94\ucd9c\ubb3c\uc740 \uc9c0\ubc29 \uc5f0\uc18c\ub97c \ub3d5\uace0 \uc778\uc290\ub9b0 \ub300\uc0ac\ub97c \uac1c\uc120\ud558\uc5ec \uccb4\uc911 \uac10\ub7c9 \ubcf4\ucda9\uc81c\uc758 \ud754\ud55c \uc131\ubd84\uc73c\ub85c \uc0ac\uc6a9\ub429\ub2c8\ub2e4.<\/p>\n","protected":false},"excerpt":{"rendered":"<p>\ubc14\ub098\ubc14 \uc78e \ucd94\ucd9c\ubb3c\uc740 \ud544\ub9ac\ud540\uc5d0\uc11c \ucc98\uc74c \uac1c\ubc1c\ub418\uc5c8\uc2b5\ub2c8\ub2e4. \ubc14\ub85c \uadf8\uacf3\uc5d0\uc11c \ubc14\ub098\ubc14, \uc989 <em>Lagerstroemia indica<\/em>\uac00 \ubc1c\uacac\ub418\uc5c8\ub294\ub370, \uc774\ub294 \uc911\uc694\ud55c \uac74\uac15 \uc99d\uc9c4 \ud2b9\uc131\uc744 \uac00\uc9c4 \uc2dd\ubb3c\ub85c \ubc1d\ud600\uc84c\uc2b5\ub2c8\ub2e4. \uc774 \ucd94\ucd9c\ubb3c\uc740 \ube60\ub974\uac8c \ub2f9\ub1e8\ubcd1 \ud658\uc790\uc640 \uacfc\uccb4\uc911\uc73c\ub85c \uace0\uc0dd\ud558\ub294 \uc0ac\ub78c\ub4e4\uc744 \uc704\ud55c \uac74\uac15 \ubcf4\uc870 \uc2dd\ud488\uc758 \uc131\ubd84\uc774 \ub418\uc5c8\uc2b5\ub2c8\ub2e4.<\/p>\n","protected":false},"featured_media":45703,"template":"","meta":[],"product_brand":[],"product_cat":[8134,8143],"product_tag":[],"class_list":{"0":"post-42876","1":"product","2":"type-product","3":"status-publish","4":"has-post-thumbnail","6":"product_cat-sig-mul-chu-chul-mul","7":"product_cat-geon-gang-gi-neung-sig-pum-cheom-ga-mul","8":"pa_czesc-rosliny-8186","10":"first","11":"instock","12":"shipping-taxable","13":"product-type-simple"},"yoast_head":"<!-- This site is optimized with the Yoast SEO plugin v27.4 - https:\/\/yoast.com\/product\/yoast-seo-wordpress\/ -->\n<title>\ubc14\ub098\ubc14 \uc78e \ucd94\ucd9c\ubb3c - Hurtowy Dystrybutor<\/title>\n<meta name=\"robots\" content=\"index, follow, max-snippet:-1, max-image-preview:large, max-video-preview:-1\" \/>\n<link rel=\"canonical\" href=\"https:\/\/naturalpoland.com\/ko\/je-pum\/ui-yak-pum-won-ryo\/geon-gang-gi-neung-sig-pum-cheom-ga-mul\/banaba-ip-chuchulmul\/\" \/>\n<meta property=\"og:locale\" content=\"ko_KR\" \/>\n<meta property=\"og:type\" content=\"article\" \/>\n<meta property=\"og:title\" content=\"\ubc14\ub098\ubc14 \uc78e \ucd94\ucd9c\ubb3c - Hurtowy Dystrybutor\" \/>\n<meta property=\"og:description\" content=\"\ubc14\ub098\ubc14 \uc78e \ucd94\ucd9c\ubb3c\uc740 \ud544\ub9ac\ud540\uc5d0\uc11c \ucc98\uc74c \uac1c\ubc1c\ub418\uc5c8\uc2b5\ub2c8\ub2e4. \ubc14\ub85c \uadf8\uacf3\uc5d0\uc11c \ubc14\ub098\ubc14, \uc989 Lagerstroemia indica\uac00 \ubc1c\uacac\ub418\uc5c8\ub294\ub370, \uc774\ub294 \uc911\uc694\ud55c \uac74\uac15 \uc99d\uc9c4 \ud2b9\uc131\uc744 \uac00\uc9c4 \uc2dd\ubb3c\ub85c \ubc1d\ud600\uc84c\uc2b5\ub2c8\ub2e4. \uc774 \ucd94\ucd9c\ubb3c\uc740 \ube60\ub974\uac8c \ub2f9\ub1e8\ubcd1 \ud658\uc790\uc640 \uacfc\uccb4\uc911\uc73c\ub85c \uace0\uc0dd\ud558\ub294 \uc0ac\ub78c\ub4e4\uc744 \uc704\ud55c \uac74\uac15 \ubcf4\uc870 \uc2dd\ud488\uc758 \uc131\ubd84\uc774 \ub418\uc5c8\uc2b5\ub2c8\ub2e4.\" \/>\n<meta property=\"og:url\" content=\"https:\/\/naturalpoland.com\/ko\/je-pum\/ui-yak-pum-won-ryo\/geon-gang-gi-neung-sig-pum-cheom-ga-mul\/banaba-ip-chuchulmul\/\" \/>\n<meta property=\"og:site_name\" content=\"NATURAL POLAND - Hurtowy Dystrybutor Surowc\u00f3w\" \/>\n<meta property=\"article:publisher\" content=\"https:\/\/www.facebook.com\/naturalpoland.b2b\" \/>\n<meta property=\"article:modified_time\" content=\"2025-08-21T14:24:04+00:00\" \/>\n<meta property=\"og:image\" content=\"https:\/\/naturalpoland.com\/wp-content\/uploads\/ekstrakt-z-lisci-banaba.webp\" \/>\n\t<meta property=\"og:image:width\" content=\"1024\" \/>\n\t<meta property=\"og:image:height\" content=\"1024\" \/>\n\t<meta property=\"og:image:type\" content=\"image\/webp\" \/>\n<script type=\"application\/ld+json\" class=\"yoast-schema-graph\">{\"@context\":\"https:\\\/\\\/schema.org\",\"@graph\":[{\"@type\":\"WebPage\",\"@id\":\"https:\\\/\\\/naturalpoland.com\\\/ko\\\/je-pum\\\/ui-yak-pum-won-ryo\\\/geon-gang-gi-neung-sig-pum-cheom-ga-mul\\\/banaba-ip-chuchulmul\\\/\",\"url\":\"https:\\\/\\\/naturalpoland.com\\\/ko\\\/je-pum\\\/ui-yak-pum-won-ryo\\\/geon-gang-gi-neung-sig-pum-cheom-ga-mul\\\/banaba-ip-chuchulmul\\\/\",\"name\":\"\ubc14\ub098\ubc14 \uc78e \ucd94\ucd9c\ubb3c - Hurtowy Dystrybutor\",\"isPartOf\":{\"@id\":\"https:\\\/\\\/naturalpoland.com\\\/ko\\\/#website\"},\"primaryImageOfPage\":{\"@id\":\"https:\\\/\\\/naturalpoland.com\\\/ko\\\/je-pum\\\/ui-yak-pum-won-ryo\\\/geon-gang-gi-neung-sig-pum-cheom-ga-mul\\\/banaba-ip-chuchulmul\\\/#primaryimage\"},\"image\":{\"@id\":\"https:\\\/\\\/naturalpoland.com\\\/ko\\\/je-pum\\\/ui-yak-pum-won-ryo\\\/geon-gang-gi-neung-sig-pum-cheom-ga-mul\\\/banaba-ip-chuchulmul\\\/#primaryimage\"},\"thumbnailUrl\":\"https:\\\/\\\/naturalpoland.com\\\/wp-content\\\/uploads\\\/ekstrakt-z-lisci-banaba.webp\",\"datePublished\":\"2021-05-11T11:40:11+00:00\",\"dateModified\":\"2025-08-21T14:24:04+00:00\",\"breadcrumb\":{\"@id\":\"https:\\\/\\\/naturalpoland.com\\\/ko\\\/je-pum\\\/ui-yak-pum-won-ryo\\\/geon-gang-gi-neung-sig-pum-cheom-ga-mul\\\/banaba-ip-chuchulmul\\\/#breadcrumb\"},\"inLanguage\":\"ko-KR\",\"potentialAction\":[{\"@type\":\"ReadAction\",\"target\":[\"https:\\\/\\\/naturalpoland.com\\\/ko\\\/je-pum\\\/ui-yak-pum-won-ryo\\\/geon-gang-gi-neung-sig-pum-cheom-ga-mul\\\/banaba-ip-chuchulmul\\\/\"]}]},{\"@type\":\"ImageObject\",\"inLanguage\":\"ko-KR\",\"@id\":\"https:\\\/\\\/naturalpoland.com\\\/ko\\\/je-pum\\\/ui-yak-pum-won-ryo\\\/geon-gang-gi-neung-sig-pum-cheom-ga-mul\\\/banaba-ip-chuchulmul\\\/#primaryimage\",\"url\":\"https:\\\/\\\/naturalpoland.com\\\/wp-content\\\/uploads\\\/ekstrakt-z-lisci-banaba.webp\",\"contentUrl\":\"https:\\\/\\\/naturalpoland.com\\\/wp-content\\\/uploads\\\/ekstrakt-z-lisci-banaba.webp\",\"width\":1024,\"height\":1024,\"caption\":\"ekstrakt z li\u015bci banaba\"},{\"@type\":\"BreadcrumbList\",\"@id\":\"https:\\\/\\\/naturalpoland.com\\\/ko\\\/je-pum\\\/ui-yak-pum-won-ryo\\\/geon-gang-gi-neung-sig-pum-cheom-ga-mul\\\/banaba-ip-chuchulmul\\\/#breadcrumb\",\"itemListElement\":[{\"@type\":\"ListItem\",\"position\":1,\"name\":\"\ud648\",\"item\":\"https:\\\/\\\/naturalpoland.com\\\/ko\\\/\"},{\"@type\":\"ListItem\",\"position\":2,\"name\":\"\uc81c\ud488\",\"item\":\"https:\\\/\\\/naturalpoland.com\\\/ko\\\/%ec%a0%9c%ed%92%88\\\/\"},{\"@type\":\"ListItem\",\"position\":3,\"name\":\"\ubc14\ub098\ubc14 \uc78e \ucd94\ucd9c\ubb3c\"}]},{\"@type\":\"WebSite\",\"@id\":\"https:\\\/\\\/naturalpoland.com\\\/ko\\\/#website\",\"url\":\"https:\\\/\\\/naturalpoland.com\\\/ko\\\/\",\"name\":\"NATURAL POLAND - Hurtowy Dystrybutor Surowc\u00f3w\",\"description\":\"Surowce dla przemys\u0142u spo\u017cywczego, kosmetycznego i farmaceutycznego\",\"publisher\":{\"@id\":\"https:\\\/\\\/naturalpoland.com\\\/ko\\\/#organization\"},\"potentialAction\":[{\"@type\":\"SearchAction\",\"target\":{\"@type\":\"EntryPoint\",\"urlTemplate\":\"https:\\\/\\\/naturalpoland.com\\\/ko\\\/?s={search_term_string}\"},\"query-input\":{\"@type\":\"PropertyValueSpecification\",\"valueRequired\":true,\"valueName\":\"search_term_string\"}}],\"inLanguage\":\"ko-KR\"},{\"@type\":\"Organization\",\"@id\":\"https:\\\/\\\/naturalpoland.com\\\/ko\\\/#organization\",\"name\":\"Natural Poland\",\"url\":\"https:\\\/\\\/naturalpoland.com\\\/ko\\\/\",\"logo\":{\"@type\":\"ImageObject\",\"inLanguage\":\"ko-KR\",\"@id\":\"https:\\\/\\\/naturalpoland.com\\\/ko\\\/#\\\/schema\\\/logo\\\/image\\\/\",\"url\":\"https:\\\/\\\/naturalpoland.com\\\/wp-content\\\/uploads\\\/2021\\\/05\\\/natural-poland-icon.png\",\"contentUrl\":\"https:\\\/\\\/naturalpoland.com\\\/wp-content\\\/uploads\\\/2021\\\/05\\\/natural-poland-icon.png\",\"width\":512,\"height\":512,\"caption\":\"Natural Poland\"},\"image\":{\"@id\":\"https:\\\/\\\/naturalpoland.com\\\/ko\\\/#\\\/schema\\\/logo\\\/image\\\/\"},\"sameAs\":[\"https:\\\/\\\/www.facebook.com\\\/naturalpoland.b2b\",\"https:\\\/\\\/pl.linkedin.com\\\/company\\\/natural-poland\",\"https:\\\/\\\/www.youtube.com\\\/channel\\\/UCgeGGkvOMahZo-xu_MSEWxg\"]}]}<\/script>\n<!-- \/ Yoast SEO plugin. -->","yoast_head_json":{"title":"\ubc14\ub098\ubc14 \uc78e \ucd94\ucd9c\ubb3c - Hurtowy Dystrybutor","robots":{"index":"index","follow":"follow","max-snippet":"max-snippet:-1","max-image-preview":"max-image-preview:large","max-video-preview":"max-video-preview:-1"},"canonical":"https:\/\/naturalpoland.com\/ko\/je-pum\/ui-yak-pum-won-ryo\/geon-gang-gi-neung-sig-pum-cheom-ga-mul\/banaba-ip-chuchulmul\/","og_locale":"ko_KR","og_type":"article","og_title":"\ubc14\ub098\ubc14 \uc78e \ucd94\ucd9c\ubb3c - Hurtowy Dystrybutor","og_description":"\ubc14\ub098\ubc14 \uc78e \ucd94\ucd9c\ubb3c\uc740 \ud544\ub9ac\ud540\uc5d0\uc11c \ucc98\uc74c \uac1c\ubc1c\ub418\uc5c8\uc2b5\ub2c8\ub2e4. \ubc14\ub85c \uadf8\uacf3\uc5d0\uc11c \ubc14\ub098\ubc14, \uc989 Lagerstroemia indica\uac00 \ubc1c\uacac\ub418\uc5c8\ub294\ub370, \uc774\ub294 \uc911\uc694\ud55c \uac74\uac15 \uc99d\uc9c4 \ud2b9\uc131\uc744 \uac00\uc9c4 \uc2dd\ubb3c\ub85c \ubc1d\ud600\uc84c\uc2b5\ub2c8\ub2e4. \uc774 \ucd94\ucd9c\ubb3c\uc740 \ube60\ub974\uac8c \ub2f9\ub1e8\ubcd1 \ud658\uc790\uc640 \uacfc\uccb4\uc911\uc73c\ub85c \uace0\uc0dd\ud558\ub294 \uc0ac\ub78c\ub4e4\uc744 \uc704\ud55c \uac74\uac15 \ubcf4\uc870 \uc2dd\ud488\uc758 \uc131\ubd84\uc774 \ub418\uc5c8\uc2b5\ub2c8\ub2e4.","og_url":"https:\/\/naturalpoland.com\/ko\/je-pum\/ui-yak-pum-won-ryo\/geon-gang-gi-neung-sig-pum-cheom-ga-mul\/banaba-ip-chuchulmul\/","og_site_name":"NATURAL POLAND - Hurtowy Dystrybutor Surowc\u00f3w","article_publisher":"https:\/\/www.facebook.com\/naturalpoland.b2b","article_modified_time":"2025-08-21T14:24:04+00:00","og_image":[{"width":1024,"height":1024,"url":"https:\/\/naturalpoland.com\/wp-content\/uploads\/ekstrakt-z-lisci-banaba.webp","type":"image\/webp"}],"schema":{"@context":"https:\/\/schema.org","@graph":[{"@type":"WebPage","@id":"https:\/\/naturalpoland.com\/ko\/je-pum\/ui-yak-pum-won-ryo\/geon-gang-gi-neung-sig-pum-cheom-ga-mul\/banaba-ip-chuchulmul\/","url":"https:\/\/naturalpoland.com\/ko\/je-pum\/ui-yak-pum-won-ryo\/geon-gang-gi-neung-sig-pum-cheom-ga-mul\/banaba-ip-chuchulmul\/","name":"\ubc14\ub098\ubc14 \uc78e \ucd94\ucd9c\ubb3c - Hurtowy Dystrybutor","isPartOf":{"@id":"https:\/\/naturalpoland.com\/ko\/#website"},"primaryImageOfPage":{"@id":"https:\/\/naturalpoland.com\/ko\/je-pum\/ui-yak-pum-won-ryo\/geon-gang-gi-neung-sig-pum-cheom-ga-mul\/banaba-ip-chuchulmul\/#primaryimage"},"image":{"@id":"https:\/\/naturalpoland.com\/ko\/je-pum\/ui-yak-pum-won-ryo\/geon-gang-gi-neung-sig-pum-cheom-ga-mul\/banaba-ip-chuchulmul\/#primaryimage"},"thumbnailUrl":"https:\/\/naturalpoland.com\/wp-content\/uploads\/ekstrakt-z-lisci-banaba.webp","datePublished":"2021-05-11T11:40:11+00:00","dateModified":"2025-08-21T14:24:04+00:00","breadcrumb":{"@id":"https:\/\/naturalpoland.com\/ko\/je-pum\/ui-yak-pum-won-ryo\/geon-gang-gi-neung-sig-pum-cheom-ga-mul\/banaba-ip-chuchulmul\/#breadcrumb"},"inLanguage":"ko-KR","potentialAction":[{"@type":"ReadAction","target":["https:\/\/naturalpoland.com\/ko\/je-pum\/ui-yak-pum-won-ryo\/geon-gang-gi-neung-sig-pum-cheom-ga-mul\/banaba-ip-chuchulmul\/"]}]},{"@type":"ImageObject","inLanguage":"ko-KR","@id":"https:\/\/naturalpoland.com\/ko\/je-pum\/ui-yak-pum-won-ryo\/geon-gang-gi-neung-sig-pum-cheom-ga-mul\/banaba-ip-chuchulmul\/#primaryimage","url":"https:\/\/naturalpoland.com\/wp-content\/uploads\/ekstrakt-z-lisci-banaba.webp","contentUrl":"https:\/\/naturalpoland.com\/wp-content\/uploads\/ekstrakt-z-lisci-banaba.webp","width":1024,"height":1024,"caption":"ekstrakt z li\u015bci banaba"},{"@type":"BreadcrumbList","@id":"https:\/\/naturalpoland.com\/ko\/je-pum\/ui-yak-pum-won-ryo\/geon-gang-gi-neung-sig-pum-cheom-ga-mul\/banaba-ip-chuchulmul\/#breadcrumb","itemListElement":[{"@type":"ListItem","position":1,"name":"\ud648","item":"https:\/\/naturalpoland.com\/ko\/"},{"@type":"ListItem","position":2,"name":"\uc81c\ud488","item":"https:\/\/naturalpoland.com\/ko\/%ec%a0%9c%ed%92%88\/"},{"@type":"ListItem","position":3,"name":"\ubc14\ub098\ubc14 \uc78e \ucd94\ucd9c\ubb3c"}]},{"@type":"WebSite","@id":"https:\/\/naturalpoland.com\/ko\/#website","url":"https:\/\/naturalpoland.com\/ko\/","name":"NATURAL POLAND - Hurtowy Dystrybutor Surowc\u00f3w","description":"Surowce dla przemys\u0142u spo\u017cywczego, kosmetycznego i farmaceutycznego","publisher":{"@id":"https:\/\/naturalpoland.com\/ko\/#organization"},"potentialAction":[{"@type":"SearchAction","target":{"@type":"EntryPoint","urlTemplate":"https:\/\/naturalpoland.com\/ko\/?s={search_term_string}"},"query-input":{"@type":"PropertyValueSpecification","valueRequired":true,"valueName":"search_term_string"}}],"inLanguage":"ko-KR"},{"@type":"Organization","@id":"https:\/\/naturalpoland.com\/ko\/#organization","name":"Natural Poland","url":"https:\/\/naturalpoland.com\/ko\/","logo":{"@type":"ImageObject","inLanguage":"ko-KR","@id":"https:\/\/naturalpoland.com\/ko\/#\/schema\/logo\/image\/","url":"https:\/\/naturalpoland.com\/wp-content\/uploads\/2021\/05\/natural-poland-icon.png","contentUrl":"https:\/\/naturalpoland.com\/wp-content\/uploads\/2021\/05\/natural-poland-icon.png","width":512,"height":512,"caption":"Natural Poland"},"image":{"@id":"https:\/\/naturalpoland.com\/ko\/#\/schema\/logo\/image\/"},"sameAs":["https:\/\/www.facebook.com\/naturalpoland.b2b","https:\/\/pl.linkedin.com\/company\/natural-poland","https:\/\/www.youtube.com\/channel\/UCgeGGkvOMahZo-xu_MSEWxg"]}]}},"_links":{"self":[{"href":"https:\/\/naturalpoland.com\/ko\/wp-json\/wp\/v2\/product\/42876","targetHints":{"allow":["GET"]}}],"collection":[{"href":"https:\/\/naturalpoland.com\/ko\/wp-json\/wp\/v2\/product"}],"about":[{"href":"https:\/\/naturalpoland.com\/ko\/wp-json\/wp\/v2\/types\/product"}],"wp:featuredmedia":[{"embeddable":true,"href":"https:\/\/naturalpoland.com\/ko\/wp-json\/wp\/v2\/media\/45703"}],"wp:attachment":[{"href":"https:\/\/naturalpoland.com\/ko\/wp-json\/wp\/v2\/media?parent=42876"}],"wp:term":[{"taxonomy":"product_brand","embeddable":true,"href":"https:\/\/naturalpoland.com\/ko\/wp-json\/wp\/v2\/product_brand?post=42876"},{"taxonomy":"product_cat","embeddable":true,"href":"https:\/\/naturalpoland.com\/ko\/wp-json\/wp\/v2\/product_cat?post=42876"},{"taxonomy":"product_tag","embeddable":true,"href":"https:\/\/naturalpoland.com\/ko\/wp-json\/wp\/v2\/product_tag?post=42876"}],"curies":[{"name":"wp","href":"https:\/\/api.w.org\/{rel}","templated":true}]}}