{"id":42878,"date":"2021-05-11T13:42:11","date_gmt":"2021-05-11T11:42:11","guid":{"rendered":"https:\/\/naturalpoland.com\/produkty\/uncategorized\/%ec%97%90%eb%b3%b4%eb%94%94%ec%95%84%eb%af%bc\/"},"modified":"2025-08-21T16:23:51","modified_gmt":"2025-08-21T14:23:51","slug":"ebodiamin","status":"publish","type":"product","link":"https:\/\/naturalpoland.com\/ko\/je-pum\/ui-yak-pum-won-ryo\/geon-gang-gi-neung-sig-pum-cheom-ga-mul\/ebodiamin\/","title":{"rendered":"\uc5d0\ubcf4\ub514\uc544\ubbfc"},"content":{"rendered":"<p>\uc5d0\ubcf4\ub514\uc544\ubbfc\uc740 \ucea1\uc0ac\uc774\uc2e0\uacfc \uc720\uc0ac\ud558\uac8c \uc791\uc6a9\ud569\ub2c8\ub2e4. \uc8fc\uc694 \uae30\ub2a5\uc740 \uc12d\ucde8\ud55c \uc9c0\ubc29\uc758 \ud761\uc218\ub97c \uc904\uc774\ub294 \uac83\uc785\ub2c8\ub2e4. \ub530\ub77c\uc11c \uc5d0\ubcf4\ub514\uc544\ubbfc\uc740 \uccb4\uc911 \uac10\ub7c9\uc5d0 \ud2b9\ud788 \uc911\uc694\ud569\ub2c8\ub2e4. \ub192\uc740 \uc5f4 \ubc1c\uc0dd \uacfc\uc815 \uc790\uadf9\uc740 \uc9c0\ubc29 \uc5f0\uc18c \ubcf4\ucda9\uc81c \uc0dd\uc0b0\uc5d0 \ud65c\uc6a9\ub429\ub2c8\ub2e4.<\/p>\n","protected":false},"excerpt":{"rendered":"<p>\uc5d0\ubcf4\ub514\uc544\ubbfc\uc740 \uc2dd\ubb3c \uc720\ub798 \ud654\ud569\ubb3c\uc785\ub2c8\ub2e4. \ud14c\ud2b8\ub77c\ub514\uc6c0(Tetradium) \uc18d \uc2dd\ubb3c\uc5d0\uc11c \uc0dd\uc0b0\ub418\uba70, \uc774 \uc2dd\ubb3c\uc5d0\ub294 \uc5d0\ubcf4\ub514\uc544\ubbfc\uc774 \uace0\ub18d\ub3c4\ub85c \ud568\uc720\ub418\uc5b4 \uc788\uc2b5\ub2c8\ub2e4.<\/p>\n<p>\uc774 \ubb3c\uc9c8\uc740 \ub2e8\ub3c5\uc73c\ub85c \uc0ac\uc6a9\ub418\uac70\ub098 \uacfc\uccb4\uc911\uc73c\ub85c \uc5b4\ub824\uc6c0\uc744 \uacaa\ub294 \uc0ac\ub78c\ub4e4\uc5d0\uac8c \uad8c\uc7a5\ub418\ub294 \uc2dd\uc774 \ubcf4\ucda9\uc81c \uc138\ud2b8\uc5d0 \ud3ec\ud568\ub418\uc5b4 \uc0ac\uc6a9\ub429\ub2c8\ub2e4.<\/p>\n","protected":false},"featured_media":42879,"template":"","meta":[],"product_brand":[],"product_cat":[8143],"product_tag":[],"class_list":{"0":"post-42878","1":"product","2":"type-product","3":"status-publish","4":"has-post-thumbnail","6":"product_cat-geon-gang-gi-neung-sig-pum-cheom-ga-mul","8":"first","9":"instock","10":"shipping-taxable","11":"product-type-simple"},"yoast_head":"<!-- This site is optimized with the Yoast SEO plugin v27.4 - https:\/\/yoast.com\/product\/yoast-seo-wordpress\/ -->\n<title>\uc5d0\ubcf4\ub514\uc544\ubbfc - Hurtowy Dystrybutor<\/title>\n<meta name=\"robots\" content=\"index, follow, max-snippet:-1, max-image-preview:large, max-video-preview:-1\" \/>\n<link rel=\"canonical\" href=\"https:\/\/naturalpoland.com\/ko\/je-pum\/ui-yak-pum-won-ryo\/geon-gang-gi-neung-sig-pum-cheom-ga-mul\/ebodiamin\/\" \/>\n<meta property=\"og:locale\" content=\"ko_KR\" \/>\n<meta property=\"og:type\" content=\"article\" \/>\n<meta property=\"og:title\" content=\"\uc5d0\ubcf4\ub514\uc544\ubbfc - Hurtowy Dystrybutor\" \/>\n<meta property=\"og:description\" content=\"\uc5d0\ubcf4\ub514\uc544\ubbfc\uc740 \uc2dd\ubb3c \uc720\ub798 \ud654\ud569\ubb3c\uc785\ub2c8\ub2e4. \ud14c\ud2b8\ub77c\ub514\uc6c0(Tetradium) \uc18d \uc2dd\ubb3c\uc5d0\uc11c \uc0dd\uc0b0\ub418\uba70, \uc774 \uc2dd\ubb3c\uc5d0\ub294 \uc5d0\ubcf4\ub514\uc544\ubbfc\uc774 \uace0\ub18d\ub3c4\ub85c \ud568\uc720\ub418\uc5b4 \uc788\uc2b5\ub2c8\ub2e4.  \uc774 \ubb3c\uc9c8\uc740 \ub2e8\ub3c5\uc73c\ub85c \uc0ac\uc6a9\ub418\uac70\ub098 \uacfc\uccb4\uc911\uc73c\ub85c \uc5b4\ub824\uc6c0\uc744 \uacaa\ub294 \uc0ac\ub78c\ub4e4\uc5d0\uac8c \uad8c\uc7a5\ub418\ub294 \uc2dd\uc774 \ubcf4\ucda9\uc81c \uc138\ud2b8\uc5d0 \ud3ec\ud568\ub418\uc5b4 \uc0ac\uc6a9\ub429\ub2c8\ub2e4.\" \/>\n<meta property=\"og:url\" content=\"https:\/\/naturalpoland.com\/ko\/je-pum\/ui-yak-pum-won-ryo\/geon-gang-gi-neung-sig-pum-cheom-ga-mul\/ebodiamin\/\" \/>\n<meta property=\"og:site_name\" content=\"NATURAL POLAND - Hurtowy Dystrybutor Surowc\u00f3w\" \/>\n<meta property=\"article:publisher\" content=\"https:\/\/www.facebook.com\/naturalpoland.b2b\" \/>\n<meta property=\"article:modified_time\" content=\"2025-08-21T14:23:51+00:00\" \/>\n<meta property=\"og:image\" content=\"https:\/\/naturalpoland.com\/wp-content\/uploads\/2021\/05\/evodiamine.jpg\" \/>\n\t<meta property=\"og:image:width\" content=\"975\" \/>\n\t<meta property=\"og:image:height\" content=\"504\" \/>\n\t<meta property=\"og:image:type\" content=\"image\/jpeg\" \/>\n<script type=\"application\/ld+json\" class=\"yoast-schema-graph\">{\"@context\":\"https:\\\/\\\/schema.org\",\"@graph\":[{\"@type\":\"WebPage\",\"@id\":\"https:\\\/\\\/naturalpoland.com\\\/ko\\\/je-pum\\\/ui-yak-pum-won-ryo\\\/geon-gang-gi-neung-sig-pum-cheom-ga-mul\\\/ebodiamin\\\/\",\"url\":\"https:\\\/\\\/naturalpoland.com\\\/ko\\\/je-pum\\\/ui-yak-pum-won-ryo\\\/geon-gang-gi-neung-sig-pum-cheom-ga-mul\\\/ebodiamin\\\/\",\"name\":\"\uc5d0\ubcf4\ub514\uc544\ubbfc - Hurtowy Dystrybutor\",\"isPartOf\":{\"@id\":\"https:\\\/\\\/naturalpoland.com\\\/ko\\\/#website\"},\"primaryImageOfPage\":{\"@id\":\"https:\\\/\\\/naturalpoland.com\\\/ko\\\/je-pum\\\/ui-yak-pum-won-ryo\\\/geon-gang-gi-neung-sig-pum-cheom-ga-mul\\\/ebodiamin\\\/#primaryimage\"},\"image\":{\"@id\":\"https:\\\/\\\/naturalpoland.com\\\/ko\\\/je-pum\\\/ui-yak-pum-won-ryo\\\/geon-gang-gi-neung-sig-pum-cheom-ga-mul\\\/ebodiamin\\\/#primaryimage\"},\"thumbnailUrl\":\"https:\\\/\\\/naturalpoland.com\\\/wp-content\\\/uploads\\\/2021\\\/05\\\/evodiamine.jpg\",\"datePublished\":\"2021-05-11T11:42:11+00:00\",\"dateModified\":\"2025-08-21T14:23:51+00:00\",\"breadcrumb\":{\"@id\":\"https:\\\/\\\/naturalpoland.com\\\/ko\\\/je-pum\\\/ui-yak-pum-won-ryo\\\/geon-gang-gi-neung-sig-pum-cheom-ga-mul\\\/ebodiamin\\\/#breadcrumb\"},\"inLanguage\":\"ko-KR\",\"potentialAction\":[{\"@type\":\"ReadAction\",\"target\":[\"https:\\\/\\\/naturalpoland.com\\\/ko\\\/je-pum\\\/ui-yak-pum-won-ryo\\\/geon-gang-gi-neung-sig-pum-cheom-ga-mul\\\/ebodiamin\\\/\"]}]},{\"@type\":\"ImageObject\",\"inLanguage\":\"ko-KR\",\"@id\":\"https:\\\/\\\/naturalpoland.com\\\/ko\\\/je-pum\\\/ui-yak-pum-won-ryo\\\/geon-gang-gi-neung-sig-pum-cheom-ga-mul\\\/ebodiamin\\\/#primaryimage\",\"url\":\"https:\\\/\\\/naturalpoland.com\\\/wp-content\\\/uploads\\\/2021\\\/05\\\/evodiamine.jpg\",\"contentUrl\":\"https:\\\/\\\/naturalpoland.com\\\/wp-content\\\/uploads\\\/2021\\\/05\\\/evodiamine.jpg\",\"width\":975,\"height\":504,\"caption\":\"Evodiamina\"},{\"@type\":\"BreadcrumbList\",\"@id\":\"https:\\\/\\\/naturalpoland.com\\\/ko\\\/je-pum\\\/ui-yak-pum-won-ryo\\\/geon-gang-gi-neung-sig-pum-cheom-ga-mul\\\/ebodiamin\\\/#breadcrumb\",\"itemListElement\":[{\"@type\":\"ListItem\",\"position\":1,\"name\":\"\ud648\",\"item\":\"https:\\\/\\\/naturalpoland.com\\\/ko\\\/\"},{\"@type\":\"ListItem\",\"position\":2,\"name\":\"\uc81c\ud488\",\"item\":\"https:\\\/\\\/naturalpoland.com\\\/ko\\\/%ec%a0%9c%ed%92%88\\\/\"},{\"@type\":\"ListItem\",\"position\":3,\"name\":\"\uc5d0\ubcf4\ub514\uc544\ubbfc\"}]},{\"@type\":\"WebSite\",\"@id\":\"https:\\\/\\\/naturalpoland.com\\\/ko\\\/#website\",\"url\":\"https:\\\/\\\/naturalpoland.com\\\/ko\\\/\",\"name\":\"NATURAL POLAND - Hurtowy Dystrybutor Surowc\u00f3w\",\"description\":\"Surowce dla przemys\u0142u spo\u017cywczego, kosmetycznego i farmaceutycznego\",\"publisher\":{\"@id\":\"https:\\\/\\\/naturalpoland.com\\\/ko\\\/#organization\"},\"potentialAction\":[{\"@type\":\"SearchAction\",\"target\":{\"@type\":\"EntryPoint\",\"urlTemplate\":\"https:\\\/\\\/naturalpoland.com\\\/ko\\\/?s={search_term_string}\"},\"query-input\":{\"@type\":\"PropertyValueSpecification\",\"valueRequired\":true,\"valueName\":\"search_term_string\"}}],\"inLanguage\":\"ko-KR\"},{\"@type\":\"Organization\",\"@id\":\"https:\\\/\\\/naturalpoland.com\\\/ko\\\/#organization\",\"name\":\"Natural Poland\",\"url\":\"https:\\\/\\\/naturalpoland.com\\\/ko\\\/\",\"logo\":{\"@type\":\"ImageObject\",\"inLanguage\":\"ko-KR\",\"@id\":\"https:\\\/\\\/naturalpoland.com\\\/ko\\\/#\\\/schema\\\/logo\\\/image\\\/\",\"url\":\"https:\\\/\\\/naturalpoland.com\\\/wp-content\\\/uploads\\\/2021\\\/05\\\/natural-poland-icon.png\",\"contentUrl\":\"https:\\\/\\\/naturalpoland.com\\\/wp-content\\\/uploads\\\/2021\\\/05\\\/natural-poland-icon.png\",\"width\":512,\"height\":512,\"caption\":\"Natural Poland\"},\"image\":{\"@id\":\"https:\\\/\\\/naturalpoland.com\\\/ko\\\/#\\\/schema\\\/logo\\\/image\\\/\"},\"sameAs\":[\"https:\\\/\\\/www.facebook.com\\\/naturalpoland.b2b\",\"https:\\\/\\\/pl.linkedin.com\\\/company\\\/natural-poland\",\"https:\\\/\\\/www.youtube.com\\\/channel\\\/UCgeGGkvOMahZo-xu_MSEWxg\"]}]}<\/script>\n<!-- \/ Yoast SEO plugin. -->","yoast_head_json":{"title":"\uc5d0\ubcf4\ub514\uc544\ubbfc - Hurtowy Dystrybutor","robots":{"index":"index","follow":"follow","max-snippet":"max-snippet:-1","max-image-preview":"max-image-preview:large","max-video-preview":"max-video-preview:-1"},"canonical":"https:\/\/naturalpoland.com\/ko\/je-pum\/ui-yak-pum-won-ryo\/geon-gang-gi-neung-sig-pum-cheom-ga-mul\/ebodiamin\/","og_locale":"ko_KR","og_type":"article","og_title":"\uc5d0\ubcf4\ub514\uc544\ubbfc - Hurtowy Dystrybutor","og_description":"\uc5d0\ubcf4\ub514\uc544\ubbfc\uc740 \uc2dd\ubb3c \uc720\ub798 \ud654\ud569\ubb3c\uc785\ub2c8\ub2e4. \ud14c\ud2b8\ub77c\ub514\uc6c0(Tetradium) \uc18d \uc2dd\ubb3c\uc5d0\uc11c \uc0dd\uc0b0\ub418\uba70, \uc774 \uc2dd\ubb3c\uc5d0\ub294 \uc5d0\ubcf4\ub514\uc544\ubbfc\uc774 \uace0\ub18d\ub3c4\ub85c \ud568\uc720\ub418\uc5b4 \uc788\uc2b5\ub2c8\ub2e4.  \uc774 \ubb3c\uc9c8\uc740 \ub2e8\ub3c5\uc73c\ub85c \uc0ac\uc6a9\ub418\uac70\ub098 \uacfc\uccb4\uc911\uc73c\ub85c \uc5b4\ub824\uc6c0\uc744 \uacaa\ub294 \uc0ac\ub78c\ub4e4\uc5d0\uac8c \uad8c\uc7a5\ub418\ub294 \uc2dd\uc774 \ubcf4\ucda9\uc81c \uc138\ud2b8\uc5d0 \ud3ec\ud568\ub418\uc5b4 \uc0ac\uc6a9\ub429\ub2c8\ub2e4.","og_url":"https:\/\/naturalpoland.com\/ko\/je-pum\/ui-yak-pum-won-ryo\/geon-gang-gi-neung-sig-pum-cheom-ga-mul\/ebodiamin\/","og_site_name":"NATURAL POLAND - Hurtowy Dystrybutor Surowc\u00f3w","article_publisher":"https:\/\/www.facebook.com\/naturalpoland.b2b","article_modified_time":"2025-08-21T14:23:51+00:00","og_image":[{"width":975,"height":504,"url":"https:\/\/naturalpoland.com\/wp-content\/uploads\/2021\/05\/evodiamine.jpg","type":"image\/jpeg"}],"schema":{"@context":"https:\/\/schema.org","@graph":[{"@type":"WebPage","@id":"https:\/\/naturalpoland.com\/ko\/je-pum\/ui-yak-pum-won-ryo\/geon-gang-gi-neung-sig-pum-cheom-ga-mul\/ebodiamin\/","url":"https:\/\/naturalpoland.com\/ko\/je-pum\/ui-yak-pum-won-ryo\/geon-gang-gi-neung-sig-pum-cheom-ga-mul\/ebodiamin\/","name":"\uc5d0\ubcf4\ub514\uc544\ubbfc - Hurtowy Dystrybutor","isPartOf":{"@id":"https:\/\/naturalpoland.com\/ko\/#website"},"primaryImageOfPage":{"@id":"https:\/\/naturalpoland.com\/ko\/je-pum\/ui-yak-pum-won-ryo\/geon-gang-gi-neung-sig-pum-cheom-ga-mul\/ebodiamin\/#primaryimage"},"image":{"@id":"https:\/\/naturalpoland.com\/ko\/je-pum\/ui-yak-pum-won-ryo\/geon-gang-gi-neung-sig-pum-cheom-ga-mul\/ebodiamin\/#primaryimage"},"thumbnailUrl":"https:\/\/naturalpoland.com\/wp-content\/uploads\/2021\/05\/evodiamine.jpg","datePublished":"2021-05-11T11:42:11+00:00","dateModified":"2025-08-21T14:23:51+00:00","breadcrumb":{"@id":"https:\/\/naturalpoland.com\/ko\/je-pum\/ui-yak-pum-won-ryo\/geon-gang-gi-neung-sig-pum-cheom-ga-mul\/ebodiamin\/#breadcrumb"},"inLanguage":"ko-KR","potentialAction":[{"@type":"ReadAction","target":["https:\/\/naturalpoland.com\/ko\/je-pum\/ui-yak-pum-won-ryo\/geon-gang-gi-neung-sig-pum-cheom-ga-mul\/ebodiamin\/"]}]},{"@type":"ImageObject","inLanguage":"ko-KR","@id":"https:\/\/naturalpoland.com\/ko\/je-pum\/ui-yak-pum-won-ryo\/geon-gang-gi-neung-sig-pum-cheom-ga-mul\/ebodiamin\/#primaryimage","url":"https:\/\/naturalpoland.com\/wp-content\/uploads\/2021\/05\/evodiamine.jpg","contentUrl":"https:\/\/naturalpoland.com\/wp-content\/uploads\/2021\/05\/evodiamine.jpg","width":975,"height":504,"caption":"Evodiamina"},{"@type":"BreadcrumbList","@id":"https:\/\/naturalpoland.com\/ko\/je-pum\/ui-yak-pum-won-ryo\/geon-gang-gi-neung-sig-pum-cheom-ga-mul\/ebodiamin\/#breadcrumb","itemListElement":[{"@type":"ListItem","position":1,"name":"\ud648","item":"https:\/\/naturalpoland.com\/ko\/"},{"@type":"ListItem","position":2,"name":"\uc81c\ud488","item":"https:\/\/naturalpoland.com\/ko\/%ec%a0%9c%ed%92%88\/"},{"@type":"ListItem","position":3,"name":"\uc5d0\ubcf4\ub514\uc544\ubbfc"}]},{"@type":"WebSite","@id":"https:\/\/naturalpoland.com\/ko\/#website","url":"https:\/\/naturalpoland.com\/ko\/","name":"NATURAL POLAND - Hurtowy Dystrybutor Surowc\u00f3w","description":"Surowce dla przemys\u0142u spo\u017cywczego, kosmetycznego i farmaceutycznego","publisher":{"@id":"https:\/\/naturalpoland.com\/ko\/#organization"},"potentialAction":[{"@type":"SearchAction","target":{"@type":"EntryPoint","urlTemplate":"https:\/\/naturalpoland.com\/ko\/?s={search_term_string}"},"query-input":{"@type":"PropertyValueSpecification","valueRequired":true,"valueName":"search_term_string"}}],"inLanguage":"ko-KR"},{"@type":"Organization","@id":"https:\/\/naturalpoland.com\/ko\/#organization","name":"Natural Poland","url":"https:\/\/naturalpoland.com\/ko\/","logo":{"@type":"ImageObject","inLanguage":"ko-KR","@id":"https:\/\/naturalpoland.com\/ko\/#\/schema\/logo\/image\/","url":"https:\/\/naturalpoland.com\/wp-content\/uploads\/2021\/05\/natural-poland-icon.png","contentUrl":"https:\/\/naturalpoland.com\/wp-content\/uploads\/2021\/05\/natural-poland-icon.png","width":512,"height":512,"caption":"Natural Poland"},"image":{"@id":"https:\/\/naturalpoland.com\/ko\/#\/schema\/logo\/image\/"},"sameAs":["https:\/\/www.facebook.com\/naturalpoland.b2b","https:\/\/pl.linkedin.com\/company\/natural-poland","https:\/\/www.youtube.com\/channel\/UCgeGGkvOMahZo-xu_MSEWxg"]}]}},"_links":{"self":[{"href":"https:\/\/naturalpoland.com\/ko\/wp-json\/wp\/v2\/product\/42878","targetHints":{"allow":["GET"]}}],"collection":[{"href":"https:\/\/naturalpoland.com\/ko\/wp-json\/wp\/v2\/product"}],"about":[{"href":"https:\/\/naturalpoland.com\/ko\/wp-json\/wp\/v2\/types\/product"}],"wp:featuredmedia":[{"embeddable":true,"href":"https:\/\/naturalpoland.com\/ko\/wp-json\/wp\/v2\/media\/42879"}],"wp:attachment":[{"href":"https:\/\/naturalpoland.com\/ko\/wp-json\/wp\/v2\/media?parent=42878"}],"wp:term":[{"taxonomy":"product_brand","embeddable":true,"href":"https:\/\/naturalpoland.com\/ko\/wp-json\/wp\/v2\/product_brand?post=42878"},{"taxonomy":"product_cat","embeddable":true,"href":"https:\/\/naturalpoland.com\/ko\/wp-json\/wp\/v2\/product_cat?post=42878"},{"taxonomy":"product_tag","embeddable":true,"href":"https:\/\/naturalpoland.com\/ko\/wp-json\/wp\/v2\/product_tag?post=42878"}],"curies":[{"name":"wp","href":"https:\/\/api.w.org\/{rel}","templated":true}]}}