{"id":42880,"date":"2021-05-11T13:42:33","date_gmt":"2021-05-11T11:42:33","guid":{"rendered":"https:\/\/naturalpoland.com\/produkty\/uncategorized\/%ed%81%ac%eb%a0%88%ec%95%84%ed%8b%b4-%ec%9d%b8%ec%82%b0%ec%97%bc\/"},"modified":"2025-08-21T16:24:12","modified_gmt":"2025-08-21T14:24:12","slug":"keureatin-insanyeom","status":"publish","type":"product","link":"https:\/\/naturalpoland.com\/ko\/je-pum\/ui-yak-pum-won-ryo\/geon-gang-gi-neung-sig-pum-cheom-ga-mul\/keureatin-insanyeom\/","title":{"rendered":"\ud06c\ub808\uc544\ud2f4 \uc778\uc0b0\uc5fc"},"content":{"rendered":"<p>\uc774 \ubb3c\uc9c8\uc740 \uadfc\ub825 \uc6b4\ub3d9, \uc9c0\uad6c\ub825 \uc6b4\ub3d9 \ubc0f \ubcf4\ub514\ube4c\ub529\uc744 \ud558\ub294 \uc0ac\ub78c\ub4e4\uc5d0\uac8c \uc720\uc6a9\ud569\ub2c8\ub2e4. \uc774\ub294 \uc2e0\uccb4 \ub2a5\ub825\uc744 \ud5a5\uc0c1\uc2dc\ud0a4\uace0 \ub354 \ud798\ub4e0 \uc6b4\ub3d9\uc744 \ud560 \uc218 \uc788\ub3c4\ub85d \uc790\uadf9\ud560 \uc218 \uc788\uc2b5\ub2c8\ub2e4. \uaca9\ub82c\ud55c \uc6b4\ub3d9 \uc2dc \uc2e0\uccb4 \ub2a5\ub825\uc744 \ud06c\uac8c \ud5a5\uc0c1\uc2dc\ucf1c \ub354 \uae38\uace0 \uac15\ub3c4 \ub192\uc740 \ud6c8\ub828\uc744 \uac00\ub2a5\ud558\uac8c \ud569\ub2c8\ub2e4. \ub354 \ub9ce\uc740 \uac83\uc744 \uc131\ucde8\ud558\uace0\uc790 \ud558\ub294 \uc0ac\ub78c\ub4e4\uc5d0\uac8c \ud0c1\uc6d4\ud55c \ubcf4\ucda9\uc81c\uc785\ub2c8\ub2e4.<\/p>\n","protected":false},"excerpt":{"rendered":"<p>\ud06c\ub808\uc544\ud2f4 \uc778\uc0b0\uc5fc\uc740 \uc2dd\uc774 \ubcf4\ucda9\uc81c \uc0dd\uc0b0\uc5d0 \ub110\ub9ac \uc0ac\uc6a9\ub418\ub294 \ud06c\ub808\uc544\ud2f4 \ud615\ud0dc \uc911 \ud558\ub098\uc785\ub2c8\ub2e4. \uc774 \ud615\ud0dc\ub294 \uadfc\uc721\uc758 \uac00\uc7a5 \uc911\uc694\ud55c \uc5d0\ub108\uc9c0\uc6d0\uc778 \uc778\uc0b0\uc5fc \uacb0\ud569\uc744 \ud3ec\ud568\ud558\uace0 \uc788\uc5b4 \ud761\uc218\uc728\uc774 \uac00\uc7a5 \ub192\uc2b5\ub2c8\ub2e4. \uc774 \uc778\uc0b0\uc5fc\uc758 \uc5ed\ud560\uc740 ATP \ub300\uc0ac\ub97c \uac00\uc18d\ud654\ud558\uace0 \uadfc\uc721\uc5d0 \uc800\uc7a5\ub418\ub294 ATP\uc758 \uc591\uc744 \ub298\ub9ac\ub294 \uac83\uc785\ub2c8\ub2e4.<\/p>\n","protected":false},"featured_media":42881,"template":"","meta":[],"product_brand":[],"product_cat":[8143],"product_tag":[],"class_list":{"0":"post-42880","1":"product","2":"type-product","3":"status-publish","4":"has-post-thumbnail","6":"product_cat-geon-gang-gi-neung-sig-pum-cheom-ga-mul","8":"first","9":"instock","10":"shipping-taxable","11":"product-type-simple"},"yoast_head":"<!-- This site is optimized with the Yoast SEO plugin v27.4 - https:\/\/yoast.com\/product\/yoast-seo-wordpress\/ -->\n<title>\ud06c\ub808\uc544\ud2f4 \uc778\uc0b0\uc5fc - Hurtowy Dystrybutor<\/title>\n<meta name=\"robots\" content=\"index, follow, max-snippet:-1, max-image-preview:large, max-video-preview:-1\" \/>\n<link rel=\"canonical\" href=\"https:\/\/naturalpoland.com\/ko\/je-pum\/ui-yak-pum-won-ryo\/geon-gang-gi-neung-sig-pum-cheom-ga-mul\/keureatin-insanyeom\/\" \/>\n<meta property=\"og:locale\" content=\"ko_KR\" \/>\n<meta property=\"og:type\" content=\"article\" \/>\n<meta property=\"og:title\" content=\"\ud06c\ub808\uc544\ud2f4 \uc778\uc0b0\uc5fc - Hurtowy Dystrybutor\" \/>\n<meta property=\"og:description\" content=\"\ud06c\ub808\uc544\ud2f4 \uc778\uc0b0\uc5fc\uc740 \uc2dd\uc774 \ubcf4\ucda9\uc81c \uc0dd\uc0b0\uc5d0 \ub110\ub9ac \uc0ac\uc6a9\ub418\ub294 \ud06c\ub808\uc544\ud2f4 \ud615\ud0dc \uc911 \ud558\ub098\uc785\ub2c8\ub2e4. \uc774 \ud615\ud0dc\ub294 \uadfc\uc721\uc758 \uac00\uc7a5 \uc911\uc694\ud55c \uc5d0\ub108\uc9c0\uc6d0\uc778 \uc778\uc0b0\uc5fc \uacb0\ud569\uc744 \ud3ec\ud568\ud558\uace0 \uc788\uc5b4 \ud761\uc218\uc728\uc774 \uac00\uc7a5 \ub192\uc2b5\ub2c8\ub2e4. \uc774 \uc778\uc0b0\uc5fc\uc758 \uc5ed\ud560\uc740 ATP \ub300\uc0ac\ub97c \uac00\uc18d\ud654\ud558\uace0 \uadfc\uc721\uc5d0 \uc800\uc7a5\ub418\ub294 ATP\uc758 \uc591\uc744 \ub298\ub9ac\ub294 \uac83\uc785\ub2c8\ub2e4.\" \/>\n<meta property=\"og:url\" content=\"https:\/\/naturalpoland.com\/ko\/je-pum\/ui-yak-pum-won-ryo\/geon-gang-gi-neung-sig-pum-cheom-ga-mul\/keureatin-insanyeom\/\" \/>\n<meta property=\"og:site_name\" content=\"NATURAL POLAND - Hurtowy Dystrybutor Surowc\u00f3w\" \/>\n<meta property=\"article:publisher\" content=\"https:\/\/www.facebook.com\/naturalpoland.b2b\" \/>\n<meta property=\"article:modified_time\" content=\"2025-08-21T14:24:12+00:00\" \/>\n<meta property=\"og:image\" content=\"https:\/\/naturalpoland.com\/wp-content\/uploads\/2021\/05\/creatinol-o-phosphate.jpg\" \/>\n\t<meta property=\"og:image:width\" content=\"314\" \/>\n\t<meta property=\"og:image:height\" content=\"132\" \/>\n\t<meta property=\"og:image:type\" content=\"image\/jpeg\" \/>\n<script type=\"application\/ld+json\" class=\"yoast-schema-graph\">{\"@context\":\"https:\\\/\\\/schema.org\",\"@graph\":[{\"@type\":\"WebPage\",\"@id\":\"https:\\\/\\\/naturalpoland.com\\\/ko\\\/je-pum\\\/ui-yak-pum-won-ryo\\\/geon-gang-gi-neung-sig-pum-cheom-ga-mul\\\/keureatin-insanyeom\\\/\",\"url\":\"https:\\\/\\\/naturalpoland.com\\\/ko\\\/je-pum\\\/ui-yak-pum-won-ryo\\\/geon-gang-gi-neung-sig-pum-cheom-ga-mul\\\/keureatin-insanyeom\\\/\",\"name\":\"\ud06c\ub808\uc544\ud2f4 \uc778\uc0b0\uc5fc - Hurtowy Dystrybutor\",\"isPartOf\":{\"@id\":\"https:\\\/\\\/naturalpoland.com\\\/ko\\\/#website\"},\"primaryImageOfPage\":{\"@id\":\"https:\\\/\\\/naturalpoland.com\\\/ko\\\/je-pum\\\/ui-yak-pum-won-ryo\\\/geon-gang-gi-neung-sig-pum-cheom-ga-mul\\\/keureatin-insanyeom\\\/#primaryimage\"},\"image\":{\"@id\":\"https:\\\/\\\/naturalpoland.com\\\/ko\\\/je-pum\\\/ui-yak-pum-won-ryo\\\/geon-gang-gi-neung-sig-pum-cheom-ga-mul\\\/keureatin-insanyeom\\\/#primaryimage\"},\"thumbnailUrl\":\"https:\\\/\\\/naturalpoland.com\\\/wp-content\\\/uploads\\\/2021\\\/05\\\/creatinol-o-phosphate.jpg\",\"datePublished\":\"2021-05-11T11:42:33+00:00\",\"dateModified\":\"2025-08-21T14:24:12+00:00\",\"breadcrumb\":{\"@id\":\"https:\\\/\\\/naturalpoland.com\\\/ko\\\/je-pum\\\/ui-yak-pum-won-ryo\\\/geon-gang-gi-neung-sig-pum-cheom-ga-mul\\\/keureatin-insanyeom\\\/#breadcrumb\"},\"inLanguage\":\"ko-KR\",\"potentialAction\":[{\"@type\":\"ReadAction\",\"target\":[\"https:\\\/\\\/naturalpoland.com\\\/ko\\\/je-pum\\\/ui-yak-pum-won-ryo\\\/geon-gang-gi-neung-sig-pum-cheom-ga-mul\\\/keureatin-insanyeom\\\/\"]}]},{\"@type\":\"ImageObject\",\"inLanguage\":\"ko-KR\",\"@id\":\"https:\\\/\\\/naturalpoland.com\\\/ko\\\/je-pum\\\/ui-yak-pum-won-ryo\\\/geon-gang-gi-neung-sig-pum-cheom-ga-mul\\\/keureatin-insanyeom\\\/#primaryimage\",\"url\":\"https:\\\/\\\/naturalpoland.com\\\/wp-content\\\/uploads\\\/2021\\\/05\\\/creatinol-o-phosphate.jpg\",\"contentUrl\":\"https:\\\/\\\/naturalpoland.com\\\/wp-content\\\/uploads\\\/2021\\\/05\\\/creatinol-o-phosphate.jpg\",\"width\":314,\"height\":132,\"caption\":\"Fosforan kreatyny\"},{\"@type\":\"BreadcrumbList\",\"@id\":\"https:\\\/\\\/naturalpoland.com\\\/ko\\\/je-pum\\\/ui-yak-pum-won-ryo\\\/geon-gang-gi-neung-sig-pum-cheom-ga-mul\\\/keureatin-insanyeom\\\/#breadcrumb\",\"itemListElement\":[{\"@type\":\"ListItem\",\"position\":1,\"name\":\"\ud648\",\"item\":\"https:\\\/\\\/naturalpoland.com\\\/ko\\\/\"},{\"@type\":\"ListItem\",\"position\":2,\"name\":\"\uc81c\ud488\",\"item\":\"https:\\\/\\\/naturalpoland.com\\\/ko\\\/%ec%a0%9c%ed%92%88\\\/\"},{\"@type\":\"ListItem\",\"position\":3,\"name\":\"\ud06c\ub808\uc544\ud2f4 \uc778\uc0b0\uc5fc\"}]},{\"@type\":\"WebSite\",\"@id\":\"https:\\\/\\\/naturalpoland.com\\\/ko\\\/#website\",\"url\":\"https:\\\/\\\/naturalpoland.com\\\/ko\\\/\",\"name\":\"NATURAL POLAND - Hurtowy Dystrybutor Surowc\u00f3w\",\"description\":\"Surowce dla przemys\u0142u spo\u017cywczego, kosmetycznego i farmaceutycznego\",\"publisher\":{\"@id\":\"https:\\\/\\\/naturalpoland.com\\\/ko\\\/#organization\"},\"potentialAction\":[{\"@type\":\"SearchAction\",\"target\":{\"@type\":\"EntryPoint\",\"urlTemplate\":\"https:\\\/\\\/naturalpoland.com\\\/ko\\\/?s={search_term_string}\"},\"query-input\":{\"@type\":\"PropertyValueSpecification\",\"valueRequired\":true,\"valueName\":\"search_term_string\"}}],\"inLanguage\":\"ko-KR\"},{\"@type\":\"Organization\",\"@id\":\"https:\\\/\\\/naturalpoland.com\\\/ko\\\/#organization\",\"name\":\"Natural Poland\",\"url\":\"https:\\\/\\\/naturalpoland.com\\\/ko\\\/\",\"logo\":{\"@type\":\"ImageObject\",\"inLanguage\":\"ko-KR\",\"@id\":\"https:\\\/\\\/naturalpoland.com\\\/ko\\\/#\\\/schema\\\/logo\\\/image\\\/\",\"url\":\"https:\\\/\\\/naturalpoland.com\\\/wp-content\\\/uploads\\\/2021\\\/05\\\/natural-poland-icon.png\",\"contentUrl\":\"https:\\\/\\\/naturalpoland.com\\\/wp-content\\\/uploads\\\/2021\\\/05\\\/natural-poland-icon.png\",\"width\":512,\"height\":512,\"caption\":\"Natural Poland\"},\"image\":{\"@id\":\"https:\\\/\\\/naturalpoland.com\\\/ko\\\/#\\\/schema\\\/logo\\\/image\\\/\"},\"sameAs\":[\"https:\\\/\\\/www.facebook.com\\\/naturalpoland.b2b\",\"https:\\\/\\\/pl.linkedin.com\\\/company\\\/natural-poland\",\"https:\\\/\\\/www.youtube.com\\\/channel\\\/UCgeGGkvOMahZo-xu_MSEWxg\"]}]}<\/script>\n<!-- \/ Yoast SEO plugin. -->","yoast_head_json":{"title":"\ud06c\ub808\uc544\ud2f4 \uc778\uc0b0\uc5fc - Hurtowy Dystrybutor","robots":{"index":"index","follow":"follow","max-snippet":"max-snippet:-1","max-image-preview":"max-image-preview:large","max-video-preview":"max-video-preview:-1"},"canonical":"https:\/\/naturalpoland.com\/ko\/je-pum\/ui-yak-pum-won-ryo\/geon-gang-gi-neung-sig-pum-cheom-ga-mul\/keureatin-insanyeom\/","og_locale":"ko_KR","og_type":"article","og_title":"\ud06c\ub808\uc544\ud2f4 \uc778\uc0b0\uc5fc - Hurtowy Dystrybutor","og_description":"\ud06c\ub808\uc544\ud2f4 \uc778\uc0b0\uc5fc\uc740 \uc2dd\uc774 \ubcf4\ucda9\uc81c \uc0dd\uc0b0\uc5d0 \ub110\ub9ac \uc0ac\uc6a9\ub418\ub294 \ud06c\ub808\uc544\ud2f4 \ud615\ud0dc \uc911 \ud558\ub098\uc785\ub2c8\ub2e4. \uc774 \ud615\ud0dc\ub294 \uadfc\uc721\uc758 \uac00\uc7a5 \uc911\uc694\ud55c \uc5d0\ub108\uc9c0\uc6d0\uc778 \uc778\uc0b0\uc5fc \uacb0\ud569\uc744 \ud3ec\ud568\ud558\uace0 \uc788\uc5b4 \ud761\uc218\uc728\uc774 \uac00\uc7a5 \ub192\uc2b5\ub2c8\ub2e4. \uc774 \uc778\uc0b0\uc5fc\uc758 \uc5ed\ud560\uc740 ATP \ub300\uc0ac\ub97c \uac00\uc18d\ud654\ud558\uace0 \uadfc\uc721\uc5d0 \uc800\uc7a5\ub418\ub294 ATP\uc758 \uc591\uc744 \ub298\ub9ac\ub294 \uac83\uc785\ub2c8\ub2e4.","og_url":"https:\/\/naturalpoland.com\/ko\/je-pum\/ui-yak-pum-won-ryo\/geon-gang-gi-neung-sig-pum-cheom-ga-mul\/keureatin-insanyeom\/","og_site_name":"NATURAL POLAND - Hurtowy Dystrybutor Surowc\u00f3w","article_publisher":"https:\/\/www.facebook.com\/naturalpoland.b2b","article_modified_time":"2025-08-21T14:24:12+00:00","og_image":[{"width":314,"height":132,"url":"https:\/\/naturalpoland.com\/wp-content\/uploads\/2021\/05\/creatinol-o-phosphate.jpg","type":"image\/jpeg"}],"schema":{"@context":"https:\/\/schema.org","@graph":[{"@type":"WebPage","@id":"https:\/\/naturalpoland.com\/ko\/je-pum\/ui-yak-pum-won-ryo\/geon-gang-gi-neung-sig-pum-cheom-ga-mul\/keureatin-insanyeom\/","url":"https:\/\/naturalpoland.com\/ko\/je-pum\/ui-yak-pum-won-ryo\/geon-gang-gi-neung-sig-pum-cheom-ga-mul\/keureatin-insanyeom\/","name":"\ud06c\ub808\uc544\ud2f4 \uc778\uc0b0\uc5fc - Hurtowy Dystrybutor","isPartOf":{"@id":"https:\/\/naturalpoland.com\/ko\/#website"},"primaryImageOfPage":{"@id":"https:\/\/naturalpoland.com\/ko\/je-pum\/ui-yak-pum-won-ryo\/geon-gang-gi-neung-sig-pum-cheom-ga-mul\/keureatin-insanyeom\/#primaryimage"},"image":{"@id":"https:\/\/naturalpoland.com\/ko\/je-pum\/ui-yak-pum-won-ryo\/geon-gang-gi-neung-sig-pum-cheom-ga-mul\/keureatin-insanyeom\/#primaryimage"},"thumbnailUrl":"https:\/\/naturalpoland.com\/wp-content\/uploads\/2021\/05\/creatinol-o-phosphate.jpg","datePublished":"2021-05-11T11:42:33+00:00","dateModified":"2025-08-21T14:24:12+00:00","breadcrumb":{"@id":"https:\/\/naturalpoland.com\/ko\/je-pum\/ui-yak-pum-won-ryo\/geon-gang-gi-neung-sig-pum-cheom-ga-mul\/keureatin-insanyeom\/#breadcrumb"},"inLanguage":"ko-KR","potentialAction":[{"@type":"ReadAction","target":["https:\/\/naturalpoland.com\/ko\/je-pum\/ui-yak-pum-won-ryo\/geon-gang-gi-neung-sig-pum-cheom-ga-mul\/keureatin-insanyeom\/"]}]},{"@type":"ImageObject","inLanguage":"ko-KR","@id":"https:\/\/naturalpoland.com\/ko\/je-pum\/ui-yak-pum-won-ryo\/geon-gang-gi-neung-sig-pum-cheom-ga-mul\/keureatin-insanyeom\/#primaryimage","url":"https:\/\/naturalpoland.com\/wp-content\/uploads\/2021\/05\/creatinol-o-phosphate.jpg","contentUrl":"https:\/\/naturalpoland.com\/wp-content\/uploads\/2021\/05\/creatinol-o-phosphate.jpg","width":314,"height":132,"caption":"Fosforan kreatyny"},{"@type":"BreadcrumbList","@id":"https:\/\/naturalpoland.com\/ko\/je-pum\/ui-yak-pum-won-ryo\/geon-gang-gi-neung-sig-pum-cheom-ga-mul\/keureatin-insanyeom\/#breadcrumb","itemListElement":[{"@type":"ListItem","position":1,"name":"\ud648","item":"https:\/\/naturalpoland.com\/ko\/"},{"@type":"ListItem","position":2,"name":"\uc81c\ud488","item":"https:\/\/naturalpoland.com\/ko\/%ec%a0%9c%ed%92%88\/"},{"@type":"ListItem","position":3,"name":"\ud06c\ub808\uc544\ud2f4 \uc778\uc0b0\uc5fc"}]},{"@type":"WebSite","@id":"https:\/\/naturalpoland.com\/ko\/#website","url":"https:\/\/naturalpoland.com\/ko\/","name":"NATURAL POLAND - Hurtowy Dystrybutor Surowc\u00f3w","description":"Surowce dla przemys\u0142u spo\u017cywczego, kosmetycznego i farmaceutycznego","publisher":{"@id":"https:\/\/naturalpoland.com\/ko\/#organization"},"potentialAction":[{"@type":"SearchAction","target":{"@type":"EntryPoint","urlTemplate":"https:\/\/naturalpoland.com\/ko\/?s={search_term_string}"},"query-input":{"@type":"PropertyValueSpecification","valueRequired":true,"valueName":"search_term_string"}}],"inLanguage":"ko-KR"},{"@type":"Organization","@id":"https:\/\/naturalpoland.com\/ko\/#organization","name":"Natural Poland","url":"https:\/\/naturalpoland.com\/ko\/","logo":{"@type":"ImageObject","inLanguage":"ko-KR","@id":"https:\/\/naturalpoland.com\/ko\/#\/schema\/logo\/image\/","url":"https:\/\/naturalpoland.com\/wp-content\/uploads\/2021\/05\/natural-poland-icon.png","contentUrl":"https:\/\/naturalpoland.com\/wp-content\/uploads\/2021\/05\/natural-poland-icon.png","width":512,"height":512,"caption":"Natural Poland"},"image":{"@id":"https:\/\/naturalpoland.com\/ko\/#\/schema\/logo\/image\/"},"sameAs":["https:\/\/www.facebook.com\/naturalpoland.b2b","https:\/\/pl.linkedin.com\/company\/natural-poland","https:\/\/www.youtube.com\/channel\/UCgeGGkvOMahZo-xu_MSEWxg"]}]}},"_links":{"self":[{"href":"https:\/\/naturalpoland.com\/ko\/wp-json\/wp\/v2\/product\/42880","targetHints":{"allow":["GET"]}}],"collection":[{"href":"https:\/\/naturalpoland.com\/ko\/wp-json\/wp\/v2\/product"}],"about":[{"href":"https:\/\/naturalpoland.com\/ko\/wp-json\/wp\/v2\/types\/product"}],"wp:featuredmedia":[{"embeddable":true,"href":"https:\/\/naturalpoland.com\/ko\/wp-json\/wp\/v2\/media\/42881"}],"wp:attachment":[{"href":"https:\/\/naturalpoland.com\/ko\/wp-json\/wp\/v2\/media?parent=42880"}],"wp:term":[{"taxonomy":"product_brand","embeddable":true,"href":"https:\/\/naturalpoland.com\/ko\/wp-json\/wp\/v2\/product_brand?post=42880"},{"taxonomy":"product_cat","embeddable":true,"href":"https:\/\/naturalpoland.com\/ko\/wp-json\/wp\/v2\/product_cat?post=42880"},{"taxonomy":"product_tag","embeddable":true,"href":"https:\/\/naturalpoland.com\/ko\/wp-json\/wp\/v2\/product_tag?post=42880"}],"curies":[{"name":"wp","href":"https:\/\/api.w.org\/{rel}","templated":true}]}}