{"id":42882,"date":"2021-05-11T13:42:34","date_gmt":"2021-05-11T11:42:34","guid":{"rendered":"https:\/\/naturalpoland.com\/produkty\/uncategorized\/l-%ec%b9%b4%eb%a5%b4%eb%8b%88%ed%8b%b4-%ed%91%b8%eb%a7%88%eb%a5%b4%ec%82%b0%ec%97%bc\/"},"modified":"2025-08-21T16:23:45","modified_gmt":"2025-08-21T14:23:45","slug":"l-karenitin-pumareusanyeom","status":"publish","type":"product","link":"https:\/\/naturalpoland.com\/ko\/je-pum\/ui-yak-pum-won-ryo\/geon-gang-gi-neung-sig-pum-cheom-ga-mul\/l-karenitin-pumareusanyeom\/","title":{"rendered":"L-\uce74\ub974\ub2c8\ud2f4 \ud478\ub9c8\ub974\uc0b0\uc5fc"},"content":{"rendered":"<p>L-\uce74\ub974\ub2c8\ud2f4 \ud478\ub9c8\ub974\uc0b0\uc5fc\uc740 \uc9c0\ubc29 \uc5f0\uc18c\ub97c \ub3d5\uace0 \uc9c0\ubc29\uc73c\ub85c\ubd80\ud130 \uc5d0\ub108\uc9c0\ub97c \ud68c\ubcf5\ud558\ub294 \ub370 \uae30\uc5ec\ud569\ub2c8\ub2e4. \uc774\ub97c \ud1b5\ud574 \uc2e0\uccb4\uc758 \ud65c\ub3d9\uc131\uc744 \ub192\uc5ec\uc90d\ub2c8\ub2e4. \ub208\uc5d0 \ub744\ub294 \ud6a8\uacfc\ub85c\ub294 \uc5d0\ub108\uc9c0 \uc218\uc900 \uc99d\uac00\uc640 \ud53c\ub85c\uac10 \uac10\uc18c\uac00 \uc788\uc2b5\ub2c8\ub2e4. \uc774 \ubb3c\uc9c8\uc758 \uc5ed\ud560\uc740 ATP \uc0dd\uc131\uc744 \uc9c0\uc6d0\ud558\uace0 \uc9c0\ubc29\uc0b0\uc744 \ubbf8\ud1a0\ucf58\ub4dc\ub9ac\uc544\ub85c \uc6b4\ubc18\ud558\uc5ec \uc5d0\ub108\uc9c0 \ubaa9\uc801\uc73c\ub85c \ud65c\uc6a9\ub420 \uc218 \uc788\ub3c4\ub85d \ud558\ub294 \uac83\uc785\ub2c8\ub2e4. \uc774\ub7ec\ud55c \ubc29\uc2dd\uc73c\ub85c \uc774 \uc131\ubd84\uc740 \uc21c\ud658\uacc4\uc758 \uac74\uac15 \uac1c\uc120\uc5d0\ub3c4 \uc791\uc6a9\ud569\ub2c8\ub2e4.<\/p>\n","protected":false},"excerpt":{"rendered":"<p>L-\uce74\ub974\ub2c8\ud2f4 \ud478\ub9c8\ub974\uc0b0\uc5fc\uc740 L-\uce74\ub974\ub2c8\ud2f4\uacfc \ud478\ub9c8\ub974\uc0b0\uc774\ub77c\ub294 \ub450 \uac00\uc9c0 \ub2e4\ub978 \uc131\ubd84\uc758 \uacb0\ud569\uc73c\ub85c \uc0dd\uc131\ub41c \ubb3c\uc9c8\uc785\ub2c8\ub2e4. \ub192\uc740 \uc548\uc815\uc131\uacfc \ud761\uc218\uc728\uc774 \ud2b9\uc9d5\uc785\ub2c8\ub2e4. \ub530\ub77c\uc11c \uc774\ub97c \uc12d\ucde8\ud558\uba74 \ud6a8\uacfc\uc801\uc778 \uacb0\uacfc\ub97c \uc5bb\uc744 \uc218 \uc788\uc73c\uba70, \uccb4\uc911 \uac10\ub7c9\uc5d0 \ub3c4\uc6c0\uc774 \ub420 \uc218 \uc788\uc2b5\ub2c8\ub2e4.<\/p>\n","protected":false},"featured_media":42883,"template":"","meta":[],"product_brand":[],"product_cat":[8143],"product_tag":[],"class_list":{"0":"post-42882","1":"product","2":"type-product","3":"status-publish","4":"has-post-thumbnail","6":"product_cat-geon-gang-gi-neung-sig-pum-cheom-ga-mul","8":"first","9":"instock","10":"shipping-taxable","11":"product-type-simple"},"yoast_head":"<!-- This site is optimized with the Yoast SEO plugin v27.4 - https:\/\/yoast.com\/product\/yoast-seo-wordpress\/ -->\n<title>L-\uce74\ub974\ub2c8\ud2f4 \ud478\ub9c8\ub974\uc0b0\uc5fc - Hurtowy Dystrybutor<\/title>\n<meta name=\"robots\" content=\"index, follow, max-snippet:-1, max-image-preview:large, max-video-preview:-1\" \/>\n<link rel=\"canonical\" href=\"https:\/\/naturalpoland.com\/ko\/je-pum\/ui-yak-pum-won-ryo\/geon-gang-gi-neung-sig-pum-cheom-ga-mul\/l-karenitin-pumareusanyeom\/\" \/>\n<meta property=\"og:locale\" content=\"ko_KR\" \/>\n<meta property=\"og:type\" content=\"article\" \/>\n<meta property=\"og:title\" content=\"L-\uce74\ub974\ub2c8\ud2f4 \ud478\ub9c8\ub974\uc0b0\uc5fc - Hurtowy Dystrybutor\" \/>\n<meta property=\"og:description\" content=\"L-\uce74\ub974\ub2c8\ud2f4 \ud478\ub9c8\ub974\uc0b0\uc5fc\uc740 L-\uce74\ub974\ub2c8\ud2f4\uacfc \ud478\ub9c8\ub974\uc0b0\uc774\ub77c\ub294 \ub450 \uac00\uc9c0 \ub2e4\ub978 \uc131\ubd84\uc758 \uacb0\ud569\uc73c\ub85c \uc0dd\uc131\ub41c \ubb3c\uc9c8\uc785\ub2c8\ub2e4. \ub192\uc740 \uc548\uc815\uc131\uacfc \ud761\uc218\uc728\uc774 \ud2b9\uc9d5\uc785\ub2c8\ub2e4. \ub530\ub77c\uc11c \uc774\ub97c \uc12d\ucde8\ud558\uba74 \ud6a8\uacfc\uc801\uc778 \uacb0\uacfc\ub97c \uc5bb\uc744 \uc218 \uc788\uc73c\uba70, \uccb4\uc911 \uac10\ub7c9\uc5d0 \ub3c4\uc6c0\uc774 \ub420 \uc218 \uc788\uc2b5\ub2c8\ub2e4.\" \/>\n<meta property=\"og:url\" content=\"https:\/\/naturalpoland.com\/ko\/je-pum\/ui-yak-pum-won-ryo\/geon-gang-gi-neung-sig-pum-cheom-ga-mul\/l-karenitin-pumareusanyeom\/\" \/>\n<meta property=\"og:site_name\" content=\"NATURAL POLAND - Hurtowy Dystrybutor Surowc\u00f3w\" \/>\n<meta property=\"article:publisher\" content=\"https:\/\/www.facebook.com\/naturalpoland.b2b\" \/>\n<meta property=\"article:modified_time\" content=\"2025-08-21T14:23:45+00:00\" \/>\n<meta property=\"og:image\" content=\"https:\/\/naturalpoland.com\/wp-content\/uploads\/2021\/05\/l-carnitine-fumarate.png\" \/>\n\t<meta property=\"og:image:width\" content=\"1116\" \/>\n\t<meta property=\"og:image:height\" content=\"532\" \/>\n\t<meta property=\"og:image:type\" content=\"image\/png\" \/>\n<script type=\"application\/ld+json\" class=\"yoast-schema-graph\">{\"@context\":\"https:\\\/\\\/schema.org\",\"@graph\":[{\"@type\":\"WebPage\",\"@id\":\"https:\\\/\\\/naturalpoland.com\\\/ko\\\/je-pum\\\/ui-yak-pum-won-ryo\\\/geon-gang-gi-neung-sig-pum-cheom-ga-mul\\\/l-karenitin-pumareusanyeom\\\/\",\"url\":\"https:\\\/\\\/naturalpoland.com\\\/ko\\\/je-pum\\\/ui-yak-pum-won-ryo\\\/geon-gang-gi-neung-sig-pum-cheom-ga-mul\\\/l-karenitin-pumareusanyeom\\\/\",\"name\":\"L-\uce74\ub974\ub2c8\ud2f4 \ud478\ub9c8\ub974\uc0b0\uc5fc - Hurtowy Dystrybutor\",\"isPartOf\":{\"@id\":\"https:\\\/\\\/naturalpoland.com\\\/ko\\\/#website\"},\"primaryImageOfPage\":{\"@id\":\"https:\\\/\\\/naturalpoland.com\\\/ko\\\/je-pum\\\/ui-yak-pum-won-ryo\\\/geon-gang-gi-neung-sig-pum-cheom-ga-mul\\\/l-karenitin-pumareusanyeom\\\/#primaryimage\"},\"image\":{\"@id\":\"https:\\\/\\\/naturalpoland.com\\\/ko\\\/je-pum\\\/ui-yak-pum-won-ryo\\\/geon-gang-gi-neung-sig-pum-cheom-ga-mul\\\/l-karenitin-pumareusanyeom\\\/#primaryimage\"},\"thumbnailUrl\":\"https:\\\/\\\/naturalpoland.com\\\/wp-content\\\/uploads\\\/2021\\\/05\\\/l-carnitine-fumarate.png\",\"datePublished\":\"2021-05-11T11:42:34+00:00\",\"dateModified\":\"2025-08-21T14:23:45+00:00\",\"breadcrumb\":{\"@id\":\"https:\\\/\\\/naturalpoland.com\\\/ko\\\/je-pum\\\/ui-yak-pum-won-ryo\\\/geon-gang-gi-neung-sig-pum-cheom-ga-mul\\\/l-karenitin-pumareusanyeom\\\/#breadcrumb\"},\"inLanguage\":\"ko-KR\",\"potentialAction\":[{\"@type\":\"ReadAction\",\"target\":[\"https:\\\/\\\/naturalpoland.com\\\/ko\\\/je-pum\\\/ui-yak-pum-won-ryo\\\/geon-gang-gi-neung-sig-pum-cheom-ga-mul\\\/l-karenitin-pumareusanyeom\\\/\"]}]},{\"@type\":\"ImageObject\",\"inLanguage\":\"ko-KR\",\"@id\":\"https:\\\/\\\/naturalpoland.com\\\/ko\\\/je-pum\\\/ui-yak-pum-won-ryo\\\/geon-gang-gi-neung-sig-pum-cheom-ga-mul\\\/l-karenitin-pumareusanyeom\\\/#primaryimage\",\"url\":\"https:\\\/\\\/naturalpoland.com\\\/wp-content\\\/uploads\\\/2021\\\/05\\\/l-carnitine-fumarate.png\",\"contentUrl\":\"https:\\\/\\\/naturalpoland.com\\\/wp-content\\\/uploads\\\/2021\\\/05\\\/l-carnitine-fumarate.png\",\"width\":1116,\"height\":532,\"caption\":\"Fumaran L-karnityny\"},{\"@type\":\"BreadcrumbList\",\"@id\":\"https:\\\/\\\/naturalpoland.com\\\/ko\\\/je-pum\\\/ui-yak-pum-won-ryo\\\/geon-gang-gi-neung-sig-pum-cheom-ga-mul\\\/l-karenitin-pumareusanyeom\\\/#breadcrumb\",\"itemListElement\":[{\"@type\":\"ListItem\",\"position\":1,\"name\":\"\ud648\",\"item\":\"https:\\\/\\\/naturalpoland.com\\\/ko\\\/\"},{\"@type\":\"ListItem\",\"position\":2,\"name\":\"\uc81c\ud488\",\"item\":\"https:\\\/\\\/naturalpoland.com\\\/ko\\\/%ec%a0%9c%ed%92%88\\\/\"},{\"@type\":\"ListItem\",\"position\":3,\"name\":\"L-\uce74\ub974\ub2c8\ud2f4 \ud478\ub9c8\ub974\uc0b0\uc5fc\"}]},{\"@type\":\"WebSite\",\"@id\":\"https:\\\/\\\/naturalpoland.com\\\/ko\\\/#website\",\"url\":\"https:\\\/\\\/naturalpoland.com\\\/ko\\\/\",\"name\":\"NATURAL POLAND - Hurtowy Dystrybutor Surowc\u00f3w\",\"description\":\"Surowce dla przemys\u0142u spo\u017cywczego, kosmetycznego i farmaceutycznego\",\"publisher\":{\"@id\":\"https:\\\/\\\/naturalpoland.com\\\/ko\\\/#organization\"},\"potentialAction\":[{\"@type\":\"SearchAction\",\"target\":{\"@type\":\"EntryPoint\",\"urlTemplate\":\"https:\\\/\\\/naturalpoland.com\\\/ko\\\/?s={search_term_string}\"},\"query-input\":{\"@type\":\"PropertyValueSpecification\",\"valueRequired\":true,\"valueName\":\"search_term_string\"}}],\"inLanguage\":\"ko-KR\"},{\"@type\":\"Organization\",\"@id\":\"https:\\\/\\\/naturalpoland.com\\\/ko\\\/#organization\",\"name\":\"Natural Poland\",\"url\":\"https:\\\/\\\/naturalpoland.com\\\/ko\\\/\",\"logo\":{\"@type\":\"ImageObject\",\"inLanguage\":\"ko-KR\",\"@id\":\"https:\\\/\\\/naturalpoland.com\\\/ko\\\/#\\\/schema\\\/logo\\\/image\\\/\",\"url\":\"https:\\\/\\\/naturalpoland.com\\\/wp-content\\\/uploads\\\/2021\\\/05\\\/natural-poland-icon.png\",\"contentUrl\":\"https:\\\/\\\/naturalpoland.com\\\/wp-content\\\/uploads\\\/2021\\\/05\\\/natural-poland-icon.png\",\"width\":512,\"height\":512,\"caption\":\"Natural Poland\"},\"image\":{\"@id\":\"https:\\\/\\\/naturalpoland.com\\\/ko\\\/#\\\/schema\\\/logo\\\/image\\\/\"},\"sameAs\":[\"https:\\\/\\\/www.facebook.com\\\/naturalpoland.b2b\",\"https:\\\/\\\/pl.linkedin.com\\\/company\\\/natural-poland\",\"https:\\\/\\\/www.youtube.com\\\/channel\\\/UCgeGGkvOMahZo-xu_MSEWxg\"]}]}<\/script>\n<!-- \/ Yoast SEO plugin. -->","yoast_head_json":{"title":"L-\uce74\ub974\ub2c8\ud2f4 \ud478\ub9c8\ub974\uc0b0\uc5fc - Hurtowy Dystrybutor","robots":{"index":"index","follow":"follow","max-snippet":"max-snippet:-1","max-image-preview":"max-image-preview:large","max-video-preview":"max-video-preview:-1"},"canonical":"https:\/\/naturalpoland.com\/ko\/je-pum\/ui-yak-pum-won-ryo\/geon-gang-gi-neung-sig-pum-cheom-ga-mul\/l-karenitin-pumareusanyeom\/","og_locale":"ko_KR","og_type":"article","og_title":"L-\uce74\ub974\ub2c8\ud2f4 \ud478\ub9c8\ub974\uc0b0\uc5fc - Hurtowy Dystrybutor","og_description":"L-\uce74\ub974\ub2c8\ud2f4 \ud478\ub9c8\ub974\uc0b0\uc5fc\uc740 L-\uce74\ub974\ub2c8\ud2f4\uacfc \ud478\ub9c8\ub974\uc0b0\uc774\ub77c\ub294 \ub450 \uac00\uc9c0 \ub2e4\ub978 \uc131\ubd84\uc758 \uacb0\ud569\uc73c\ub85c \uc0dd\uc131\ub41c \ubb3c\uc9c8\uc785\ub2c8\ub2e4. \ub192\uc740 \uc548\uc815\uc131\uacfc \ud761\uc218\uc728\uc774 \ud2b9\uc9d5\uc785\ub2c8\ub2e4. \ub530\ub77c\uc11c \uc774\ub97c \uc12d\ucde8\ud558\uba74 \ud6a8\uacfc\uc801\uc778 \uacb0\uacfc\ub97c \uc5bb\uc744 \uc218 \uc788\uc73c\uba70, \uccb4\uc911 \uac10\ub7c9\uc5d0 \ub3c4\uc6c0\uc774 \ub420 \uc218 \uc788\uc2b5\ub2c8\ub2e4.","og_url":"https:\/\/naturalpoland.com\/ko\/je-pum\/ui-yak-pum-won-ryo\/geon-gang-gi-neung-sig-pum-cheom-ga-mul\/l-karenitin-pumareusanyeom\/","og_site_name":"NATURAL POLAND - Hurtowy Dystrybutor Surowc\u00f3w","article_publisher":"https:\/\/www.facebook.com\/naturalpoland.b2b","article_modified_time":"2025-08-21T14:23:45+00:00","og_image":[{"width":1116,"height":532,"url":"https:\/\/naturalpoland.com\/wp-content\/uploads\/2021\/05\/l-carnitine-fumarate.png","type":"image\/png"}],"schema":{"@context":"https:\/\/schema.org","@graph":[{"@type":"WebPage","@id":"https:\/\/naturalpoland.com\/ko\/je-pum\/ui-yak-pum-won-ryo\/geon-gang-gi-neung-sig-pum-cheom-ga-mul\/l-karenitin-pumareusanyeom\/","url":"https:\/\/naturalpoland.com\/ko\/je-pum\/ui-yak-pum-won-ryo\/geon-gang-gi-neung-sig-pum-cheom-ga-mul\/l-karenitin-pumareusanyeom\/","name":"L-\uce74\ub974\ub2c8\ud2f4 \ud478\ub9c8\ub974\uc0b0\uc5fc - Hurtowy Dystrybutor","isPartOf":{"@id":"https:\/\/naturalpoland.com\/ko\/#website"},"primaryImageOfPage":{"@id":"https:\/\/naturalpoland.com\/ko\/je-pum\/ui-yak-pum-won-ryo\/geon-gang-gi-neung-sig-pum-cheom-ga-mul\/l-karenitin-pumareusanyeom\/#primaryimage"},"image":{"@id":"https:\/\/naturalpoland.com\/ko\/je-pum\/ui-yak-pum-won-ryo\/geon-gang-gi-neung-sig-pum-cheom-ga-mul\/l-karenitin-pumareusanyeom\/#primaryimage"},"thumbnailUrl":"https:\/\/naturalpoland.com\/wp-content\/uploads\/2021\/05\/l-carnitine-fumarate.png","datePublished":"2021-05-11T11:42:34+00:00","dateModified":"2025-08-21T14:23:45+00:00","breadcrumb":{"@id":"https:\/\/naturalpoland.com\/ko\/je-pum\/ui-yak-pum-won-ryo\/geon-gang-gi-neung-sig-pum-cheom-ga-mul\/l-karenitin-pumareusanyeom\/#breadcrumb"},"inLanguage":"ko-KR","potentialAction":[{"@type":"ReadAction","target":["https:\/\/naturalpoland.com\/ko\/je-pum\/ui-yak-pum-won-ryo\/geon-gang-gi-neung-sig-pum-cheom-ga-mul\/l-karenitin-pumareusanyeom\/"]}]},{"@type":"ImageObject","inLanguage":"ko-KR","@id":"https:\/\/naturalpoland.com\/ko\/je-pum\/ui-yak-pum-won-ryo\/geon-gang-gi-neung-sig-pum-cheom-ga-mul\/l-karenitin-pumareusanyeom\/#primaryimage","url":"https:\/\/naturalpoland.com\/wp-content\/uploads\/2021\/05\/l-carnitine-fumarate.png","contentUrl":"https:\/\/naturalpoland.com\/wp-content\/uploads\/2021\/05\/l-carnitine-fumarate.png","width":1116,"height":532,"caption":"Fumaran L-karnityny"},{"@type":"BreadcrumbList","@id":"https:\/\/naturalpoland.com\/ko\/je-pum\/ui-yak-pum-won-ryo\/geon-gang-gi-neung-sig-pum-cheom-ga-mul\/l-karenitin-pumareusanyeom\/#breadcrumb","itemListElement":[{"@type":"ListItem","position":1,"name":"\ud648","item":"https:\/\/naturalpoland.com\/ko\/"},{"@type":"ListItem","position":2,"name":"\uc81c\ud488","item":"https:\/\/naturalpoland.com\/ko\/%ec%a0%9c%ed%92%88\/"},{"@type":"ListItem","position":3,"name":"L-\uce74\ub974\ub2c8\ud2f4 \ud478\ub9c8\ub974\uc0b0\uc5fc"}]},{"@type":"WebSite","@id":"https:\/\/naturalpoland.com\/ko\/#website","url":"https:\/\/naturalpoland.com\/ko\/","name":"NATURAL POLAND - Hurtowy Dystrybutor Surowc\u00f3w","description":"Surowce dla przemys\u0142u spo\u017cywczego, kosmetycznego i farmaceutycznego","publisher":{"@id":"https:\/\/naturalpoland.com\/ko\/#organization"},"potentialAction":[{"@type":"SearchAction","target":{"@type":"EntryPoint","urlTemplate":"https:\/\/naturalpoland.com\/ko\/?s={search_term_string}"},"query-input":{"@type":"PropertyValueSpecification","valueRequired":true,"valueName":"search_term_string"}}],"inLanguage":"ko-KR"},{"@type":"Organization","@id":"https:\/\/naturalpoland.com\/ko\/#organization","name":"Natural Poland","url":"https:\/\/naturalpoland.com\/ko\/","logo":{"@type":"ImageObject","inLanguage":"ko-KR","@id":"https:\/\/naturalpoland.com\/ko\/#\/schema\/logo\/image\/","url":"https:\/\/naturalpoland.com\/wp-content\/uploads\/2021\/05\/natural-poland-icon.png","contentUrl":"https:\/\/naturalpoland.com\/wp-content\/uploads\/2021\/05\/natural-poland-icon.png","width":512,"height":512,"caption":"Natural Poland"},"image":{"@id":"https:\/\/naturalpoland.com\/ko\/#\/schema\/logo\/image\/"},"sameAs":["https:\/\/www.facebook.com\/naturalpoland.b2b","https:\/\/pl.linkedin.com\/company\/natural-poland","https:\/\/www.youtube.com\/channel\/UCgeGGkvOMahZo-xu_MSEWxg"]}]}},"_links":{"self":[{"href":"https:\/\/naturalpoland.com\/ko\/wp-json\/wp\/v2\/product\/42882","targetHints":{"allow":["GET"]}}],"collection":[{"href":"https:\/\/naturalpoland.com\/ko\/wp-json\/wp\/v2\/product"}],"about":[{"href":"https:\/\/naturalpoland.com\/ko\/wp-json\/wp\/v2\/types\/product"}],"wp:featuredmedia":[{"embeddable":true,"href":"https:\/\/naturalpoland.com\/ko\/wp-json\/wp\/v2\/media\/42883"}],"wp:attachment":[{"href":"https:\/\/naturalpoland.com\/ko\/wp-json\/wp\/v2\/media?parent=42882"}],"wp:term":[{"taxonomy":"product_brand","embeddable":true,"href":"https:\/\/naturalpoland.com\/ko\/wp-json\/wp\/v2\/product_brand?post=42882"},{"taxonomy":"product_cat","embeddable":true,"href":"https:\/\/naturalpoland.com\/ko\/wp-json\/wp\/v2\/product_cat?post=42882"},{"taxonomy":"product_tag","embeddable":true,"href":"https:\/\/naturalpoland.com\/ko\/wp-json\/wp\/v2\/product_tag?post=42882"}],"curies":[{"name":"wp","href":"https:\/\/api.w.org\/{rel}","templated":true}]}}