{"id":42972,"date":"2025-08-25T13:57:07","date_gmt":"2025-08-25T11:57:07","guid":{"rendered":"https:\/\/naturalpoland.com\/produkty\/uncategorized\/%ea%b0%88%eb%9d%bd%ed%86%a0%eb%af%b8%ec%84%b8%ec%8a%a4-%eb%b0%9c%ed%9a%a8-%ec%97%ac%ea%b3%bc%eb%ac%bc\/"},"modified":"2025-08-26T10:38:34","modified_gmt":"2025-08-26T08:38:34","slug":"%ea%b0%88%eb%9d%bd%ed%86%a0%eb%af%b8%ec%84%b8%ec%8a%a4-%eb%b0%9c%ed%9a%a8-%ec%97%ac%ea%b3%bc%eb%ac%bc","status":"publish","type":"product","link":"https:\/\/naturalpoland.com\/ko\/je-pum\/hwa-jang-pum-won-ryo\/bal-hyo-chu-chul-mul\/%ea%b0%88%eb%9d%bd%ed%86%a0%eb%af%b8%ec%84%b8%ec%8a%a4-%eb%b0%9c%ed%9a%a8-%ec%97%ac%ea%b3%bc%eb%ac%bc\/","title":{"rendered":"\uac08\ub77d\ud1a0\ubbf8\uc138\uc2a4 \ubc1c\ud6a8 \uc5ec\uacfc\ubb3c"},"content":{"rendered":"<h2>\ud2b9\uc131 \ubc0f \ud6a8\ub2a5:<\/h2>\n<ul>\n<li>\ud53c\ubd80\uc5d0 \uc9d1\uc911\uc801\uc73c\ub85c \uc218\ubd84\uc744 \uacf5\uae09\ud558\uc5ec \ud0c4\ub825\uacfc \ubd80\ub4dc\ub7ec\uc6c0\uc744 \uac1c\uc120\ud569\ub2c8\ub2e4<\/li>\n<li>\ud53c\ubd80 \ud1a4\uc744 \ubc1d\uace0 \uade0\uc77c\ud558\uac8c \ub9cc\ub4e4\uace0, \uc0c9\uc18c \uce68\ucc29\uc744 \uc904\uc5ec\uc90d\ub2c8\ub2e4<\/li>\n<li>\uc218\ubd84 \uc9c0\uc9c8\ub9c9\uc744 \uac15\ud654\ud558\uace0 \uacbd\ud53c \uc218\ubd84 \uc190\uc2e4(TEWL)\uc744 \uc904\uc5ec\uc90d\ub2c8\ub2e4<\/li>\n<li>\ud56d\uc0b0\ud654 \uc791\uc6a9\uc744 \ud558\uc5ec \ud65c\uc131 \uc0b0\uc18c\ub97c \uc911\ud654\ud558\uace0 \ud53c\ubd80 \uc138\ud3ec\ub97c \ubcf4\ud638\ud569\ub2c8\ub2e4<\/li>\n<li>\ube14\ub799\ud5e4\ub4dc\uc640 \uacfc\ub3c4\ud55c \ud53c\uc9c0 \ubd84\ube44\ub97c \uc870\uc808\ud558\ub294 \ub370 \ub3c4\uc6c0\uc744 \uc90d\ub2c8\ub2e4<\/li>\n<li>\ud53c\ubd80\uc5d0 \uc724\uae30\uc640 \uac74\uac15\ud55c \ubaa8\uc2b5\uc744 \ub354\ud574\uc90d\ub2c8\ub2e4<\/li>\n<\/ul>\n<h2>\uc801\uc6a9 \ubd84\uc57c:<\/h2>\n<p>\uac74\uc870\ud558\uace0 \uc9c0\uccd0 \uc724\uae30\ub97c \uc783\uc740 \ud53c\ubd80\ub97c \uc704\ud55c \ud654\uc7a5\ud488\ubfd0\ub9cc \uc544\ub2c8\ub77c, \uc548\ud2f0\uc5d0\uc774\uc9d5 \ubc0f \uc5ec\ub4dc\ub984 \uad00\ub9ac \uc81c\ud488(\ud1a0\ub108, \uc5d0\uc13c\uc2a4, \uc138\ub7fc, \ud06c\ub9bc)\uc758 \uc131\ubd84\uc73c\ub85c\ub3c4 \uc0ac\uc6a9\ub429\ub2c8\ub2e4.<\/p>\n","protected":false},"excerpt":{"rendered":"<p><strong>\uac08\ub77d\ud1a0\ubbf8\uc138\uc2a4 \ubc1c\ud6a8 \uc5ec\uacfc\ubb3c<\/strong>\uc740 <em>\uac08\ub77d\ud1a0\ubbf8\uc138\uc2a4<\/em> \ud6a8\ubaa8\uc758 \ubc1c\ud6a8 \uacfc\uc815\uc744 \ud1b5\ud574 \uc5bb\uc5b4\uc9c0\ub294 \ud654\uc7a5\ud488 \uc6d0\ub8cc\uc785\ub2c8\ub2e4. \ube44\ud0c0\ubbfc B\uad70(\ud2b9\ud788 <a href=\"https:\/\/naturalpoland.com\/ko\/je-pum\/ui-yak-pum-won-ryo\/bi-ta-min\/bitamin-b3\/\">\ub098\uc774\uc544\uc2e0\uc544\ub9c8\uc774\ub4dc \u2013 B3<\/a>), \ubbf8\ub124\ub784, \uc544\ubbf8\ub178\uc0b0, \ud6a8\uc18c \ubc0f \ud56d\uc0b0\ud654\uc81c \ub4f1 \ud48d\ubd80\ud55c \ud65c\uc131 \uc131\ubd84\uc744 \ud568\uc720\ud558\uace0 \uc788\uc2b5\ub2c8\ub2e4. <\/p>\n","protected":false},"featured_media":42910,"template":"","meta":[],"product_brand":[],"product_cat":[8148,10353],"product_tag":[],"class_list":{"0":"post-42972","1":"product","2":"type-product","3":"status-publish","4":"has-post-thumbnail","6":"product_cat-bal-hyo-chu-chul-mul","7":"product_cat-hanguk-wonryo","9":"first","10":"instock","11":"shipping-taxable","12":"product-type-simple"},"yoast_head":"<!-- This site is optimized with the Yoast SEO plugin v27.3 - https:\/\/yoast.com\/product\/yoast-seo-wordpress\/ -->\n<title>\uac08\ub77d\ud1a0\ubbf8\uc138\uc2a4 \ubc1c\ud6a8 \uc5ec\uacfc\ubb3c - Hurtowy Dystrybutor<\/title>\n<meta name=\"description\" content=\"\uac08\ub77d\ud1a0\ubbf8\uc138\uc2a4 \ubc1c\ud6a8 \uc5ec\uacfc\ubb3c\uc740 \uac08\ub77d\ud1a0\ubbf8\uc138\uc2a4 \ud6a8\ubaa8\uc758 \ubc1c\ud6a8 \uacfc\uc815\uc744 \ud1b5\ud574 \uc5bb\uc5b4\uc9c0\ub294 \ub9e4\uc6b0 \uadc0\ud55c \ud654\uc7a5\ud488 \uc131\ubd84\uc785\ub2c8\ub2e4.\" \/>\n<meta name=\"robots\" content=\"index, follow, max-snippet:-1, max-image-preview:large, max-video-preview:-1\" \/>\n<link rel=\"canonical\" href=\"https:\/\/naturalpoland.com\/ko\/je-pum\/hwa-jang-pum-won-ryo\/bal-hyo-chu-chul-mul\/%ea%b0%88%eb%9d%bd%ed%86%a0%eb%af%b8%ec%84%b8%ec%8a%a4-%eb%b0%9c%ed%9a%a8-%ec%97%ac%ea%b3%bc%eb%ac%bc\/\" \/>\n<meta property=\"og:locale\" content=\"ko_KR\" \/>\n<meta property=\"og:type\" content=\"article\" \/>\n<meta property=\"og:title\" content=\"\uac08\ub77d\ud1a0\ubbf8\uc138\uc2a4 \ubc1c\ud6a8 \uc5ec\uacfc\ubb3c - Hurtowy Dystrybutor\" \/>\n<meta property=\"og:description\" content=\"\uac08\ub77d\ud1a0\ubbf8\uc138\uc2a4 \ubc1c\ud6a8 \uc5ec\uacfc\ubb3c\uc740 \uac08\ub77d\ud1a0\ubbf8\uc138\uc2a4 \ud6a8\ubaa8\uc758 \ubc1c\ud6a8 \uacfc\uc815\uc744 \ud1b5\ud574 \uc5bb\uc5b4\uc9c0\ub294 \ub9e4\uc6b0 \uadc0\ud55c \ud654\uc7a5\ud488 \uc131\ubd84\uc785\ub2c8\ub2e4.\" \/>\n<meta property=\"og:url\" content=\"https:\/\/naturalpoland.com\/ko\/je-pum\/hwa-jang-pum-won-ryo\/bal-hyo-chu-chul-mul\/%ea%b0%88%eb%9d%bd%ed%86%a0%eb%af%b8%ec%84%b8%ec%8a%a4-%eb%b0%9c%ed%9a%a8-%ec%97%ac%ea%b3%bc%eb%ac%bc\/\" \/>\n<meta property=\"og:site_name\" content=\"NATURAL POLAND - Hurtowy Dystrybutor Surowc\u00f3w\" \/>\n<meta property=\"article:publisher\" content=\"https:\/\/www.facebook.com\/naturalpoland.b2b\" \/>\n<meta property=\"article:modified_time\" content=\"2025-08-26T08:38:34+00:00\" \/>\n<meta property=\"og:image\" content=\"https:\/\/naturalpoland.com\/wp-content\/uploads\/filtrat-fermentacyjny-galactomyces.webp\" \/>\n\t<meta property=\"og:image:width\" content=\"1024\" \/>\n\t<meta property=\"og:image:height\" content=\"1024\" \/>\n\t<meta property=\"og:image:type\" content=\"image\/webp\" \/>\n<script type=\"application\/ld+json\" class=\"yoast-schema-graph\">{\"@context\":\"https:\\\/\\\/schema.org\",\"@graph\":[{\"@type\":\"WebPage\",\"@id\":\"https:\\\/\\\/naturalpoland.com\\\/ko\\\/je-pum\\\/hwa-jang-pum-won-ryo\\\/bal-hyo-chu-chul-mul\\\/%ea%b0%88%eb%9d%bd%ed%86%a0%eb%af%b8%ec%84%b8%ec%8a%a4-%eb%b0%9c%ed%9a%a8-%ec%97%ac%ea%b3%bc%eb%ac%bc\\\/\",\"url\":\"https:\\\/\\\/naturalpoland.com\\\/ko\\\/je-pum\\\/hwa-jang-pum-won-ryo\\\/bal-hyo-chu-chul-mul\\\/%ea%b0%88%eb%9d%bd%ed%86%a0%eb%af%b8%ec%84%b8%ec%8a%a4-%eb%b0%9c%ed%9a%a8-%ec%97%ac%ea%b3%bc%eb%ac%bc\\\/\",\"name\":\"\uac08\ub77d\ud1a0\ubbf8\uc138\uc2a4 \ubc1c\ud6a8 \uc5ec\uacfc\ubb3c - Hurtowy Dystrybutor\",\"isPartOf\":{\"@id\":\"https:\\\/\\\/naturalpoland.com\\\/ko\\\/#website\"},\"primaryImageOfPage\":{\"@id\":\"https:\\\/\\\/naturalpoland.com\\\/ko\\\/je-pum\\\/hwa-jang-pum-won-ryo\\\/bal-hyo-chu-chul-mul\\\/%ea%b0%88%eb%9d%bd%ed%86%a0%eb%af%b8%ec%84%b8%ec%8a%a4-%eb%b0%9c%ed%9a%a8-%ec%97%ac%ea%b3%bc%eb%ac%bc\\\/#primaryimage\"},\"image\":{\"@id\":\"https:\\\/\\\/naturalpoland.com\\\/ko\\\/je-pum\\\/hwa-jang-pum-won-ryo\\\/bal-hyo-chu-chul-mul\\\/%ea%b0%88%eb%9d%bd%ed%86%a0%eb%af%b8%ec%84%b8%ec%8a%a4-%eb%b0%9c%ed%9a%a8-%ec%97%ac%ea%b3%bc%eb%ac%bc\\\/#primaryimage\"},\"thumbnailUrl\":\"https:\\\/\\\/naturalpoland.com\\\/wp-content\\\/uploads\\\/filtrat-fermentacyjny-galactomyces.webp\",\"datePublished\":\"2025-08-25T11:57:07+00:00\",\"dateModified\":\"2025-08-26T08:38:34+00:00\",\"description\":\"\uac08\ub77d\ud1a0\ubbf8\uc138\uc2a4 \ubc1c\ud6a8 \uc5ec\uacfc\ubb3c\uc740 \uac08\ub77d\ud1a0\ubbf8\uc138\uc2a4 \ud6a8\ubaa8\uc758 \ubc1c\ud6a8 \uacfc\uc815\uc744 \ud1b5\ud574 \uc5bb\uc5b4\uc9c0\ub294 \ub9e4\uc6b0 \uadc0\ud55c \ud654\uc7a5\ud488 \uc131\ubd84\uc785\ub2c8\ub2e4.\",\"breadcrumb\":{\"@id\":\"https:\\\/\\\/naturalpoland.com\\\/ko\\\/je-pum\\\/hwa-jang-pum-won-ryo\\\/bal-hyo-chu-chul-mul\\\/%ea%b0%88%eb%9d%bd%ed%86%a0%eb%af%b8%ec%84%b8%ec%8a%a4-%eb%b0%9c%ed%9a%a8-%ec%97%ac%ea%b3%bc%eb%ac%bc\\\/#breadcrumb\"},\"inLanguage\":\"ko-KR\",\"potentialAction\":[{\"@type\":\"ReadAction\",\"target\":[\"https:\\\/\\\/naturalpoland.com\\\/ko\\\/je-pum\\\/hwa-jang-pum-won-ryo\\\/bal-hyo-chu-chul-mul\\\/%ea%b0%88%eb%9d%bd%ed%86%a0%eb%af%b8%ec%84%b8%ec%8a%a4-%eb%b0%9c%ed%9a%a8-%ec%97%ac%ea%b3%bc%eb%ac%bc\\\/\"]}]},{\"@type\":\"ImageObject\",\"inLanguage\":\"ko-KR\",\"@id\":\"https:\\\/\\\/naturalpoland.com\\\/ko\\\/je-pum\\\/hwa-jang-pum-won-ryo\\\/bal-hyo-chu-chul-mul\\\/%ea%b0%88%eb%9d%bd%ed%86%a0%eb%af%b8%ec%84%b8%ec%8a%a4-%eb%b0%9c%ed%9a%a8-%ec%97%ac%ea%b3%bc%eb%ac%bc\\\/#primaryimage\",\"url\":\"https:\\\/\\\/naturalpoland.com\\\/wp-content\\\/uploads\\\/filtrat-fermentacyjny-galactomyces.webp\",\"contentUrl\":\"https:\\\/\\\/naturalpoland.com\\\/wp-content\\\/uploads\\\/filtrat-fermentacyjny-galactomyces.webp\",\"width\":1024,\"height\":1024,\"caption\":\"Filtrat fermentacyjny Galactomyces\"},{\"@type\":\"BreadcrumbList\",\"@id\":\"https:\\\/\\\/naturalpoland.com\\\/ko\\\/je-pum\\\/hwa-jang-pum-won-ryo\\\/bal-hyo-chu-chul-mul\\\/%ea%b0%88%eb%9d%bd%ed%86%a0%eb%af%b8%ec%84%b8%ec%8a%a4-%eb%b0%9c%ed%9a%a8-%ec%97%ac%ea%b3%bc%eb%ac%bc\\\/#breadcrumb\",\"itemListElement\":[{\"@type\":\"ListItem\",\"position\":1,\"name\":\"\ud648\",\"item\":\"https:\\\/\\\/naturalpoland.com\\\/ko\\\/\"},{\"@type\":\"ListItem\",\"position\":2,\"name\":\"\uc81c\ud488\",\"item\":\"https:\\\/\\\/naturalpoland.com\\\/ko\\\/%ec%a0%9c%ed%92%88\\\/\"},{\"@type\":\"ListItem\",\"position\":3,\"name\":\"\uac08\ub77d\ud1a0\ubbf8\uc138\uc2a4 \ubc1c\ud6a8 \uc5ec\uacfc\ubb3c\"}]},{\"@type\":\"WebSite\",\"@id\":\"https:\\\/\\\/naturalpoland.com\\\/ko\\\/#website\",\"url\":\"https:\\\/\\\/naturalpoland.com\\\/ko\\\/\",\"name\":\"NATURAL POLAND - Hurtowy Dystrybutor Surowc\u00f3w\",\"description\":\"Surowce dla przemys\u0142u spo\u017cywczego, kosmetycznego i farmaceutycznego\",\"publisher\":{\"@id\":\"https:\\\/\\\/naturalpoland.com\\\/ko\\\/#organization\"},\"potentialAction\":[{\"@type\":\"SearchAction\",\"target\":{\"@type\":\"EntryPoint\",\"urlTemplate\":\"https:\\\/\\\/naturalpoland.com\\\/ko\\\/?s={search_term_string}\"},\"query-input\":{\"@type\":\"PropertyValueSpecification\",\"valueRequired\":true,\"valueName\":\"search_term_string\"}}],\"inLanguage\":\"ko-KR\"},{\"@type\":\"Organization\",\"@id\":\"https:\\\/\\\/naturalpoland.com\\\/ko\\\/#organization\",\"name\":\"Natural Poland\",\"url\":\"https:\\\/\\\/naturalpoland.com\\\/ko\\\/\",\"logo\":{\"@type\":\"ImageObject\",\"inLanguage\":\"ko-KR\",\"@id\":\"https:\\\/\\\/naturalpoland.com\\\/ko\\\/#\\\/schema\\\/logo\\\/image\\\/\",\"url\":\"https:\\\/\\\/naturalpoland.com\\\/wp-content\\\/uploads\\\/2021\\\/05\\\/natural-poland-icon.png\",\"contentUrl\":\"https:\\\/\\\/naturalpoland.com\\\/wp-content\\\/uploads\\\/2021\\\/05\\\/natural-poland-icon.png\",\"width\":512,\"height\":512,\"caption\":\"Natural Poland\"},\"image\":{\"@id\":\"https:\\\/\\\/naturalpoland.com\\\/ko\\\/#\\\/schema\\\/logo\\\/image\\\/\"},\"sameAs\":[\"https:\\\/\\\/www.facebook.com\\\/naturalpoland.b2b\",\"https:\\\/\\\/pl.linkedin.com\\\/company\\\/natural-poland\",\"https:\\\/\\\/www.youtube.com\\\/channel\\\/UCgeGGkvOMahZo-xu_MSEWxg\"]}]}<\/script>\n<!-- \/ Yoast SEO plugin. -->","yoast_head_json":{"title":"\uac08\ub77d\ud1a0\ubbf8\uc138\uc2a4 \ubc1c\ud6a8 \uc5ec\uacfc\ubb3c - Hurtowy Dystrybutor","description":"\uac08\ub77d\ud1a0\ubbf8\uc138\uc2a4 \ubc1c\ud6a8 \uc5ec\uacfc\ubb3c\uc740 \uac08\ub77d\ud1a0\ubbf8\uc138\uc2a4 \ud6a8\ubaa8\uc758 \ubc1c\ud6a8 \uacfc\uc815\uc744 \ud1b5\ud574 \uc5bb\uc5b4\uc9c0\ub294 \ub9e4\uc6b0 \uadc0\ud55c \ud654\uc7a5\ud488 \uc131\ubd84\uc785\ub2c8\ub2e4.","robots":{"index":"index","follow":"follow","max-snippet":"max-snippet:-1","max-image-preview":"max-image-preview:large","max-video-preview":"max-video-preview:-1"},"canonical":"https:\/\/naturalpoland.com\/ko\/je-pum\/hwa-jang-pum-won-ryo\/bal-hyo-chu-chul-mul\/%ea%b0%88%eb%9d%bd%ed%86%a0%eb%af%b8%ec%84%b8%ec%8a%a4-%eb%b0%9c%ed%9a%a8-%ec%97%ac%ea%b3%bc%eb%ac%bc\/","og_locale":"ko_KR","og_type":"article","og_title":"\uac08\ub77d\ud1a0\ubbf8\uc138\uc2a4 \ubc1c\ud6a8 \uc5ec\uacfc\ubb3c - Hurtowy Dystrybutor","og_description":"\uac08\ub77d\ud1a0\ubbf8\uc138\uc2a4 \ubc1c\ud6a8 \uc5ec\uacfc\ubb3c\uc740 \uac08\ub77d\ud1a0\ubbf8\uc138\uc2a4 \ud6a8\ubaa8\uc758 \ubc1c\ud6a8 \uacfc\uc815\uc744 \ud1b5\ud574 \uc5bb\uc5b4\uc9c0\ub294 \ub9e4\uc6b0 \uadc0\ud55c \ud654\uc7a5\ud488 \uc131\ubd84\uc785\ub2c8\ub2e4.","og_url":"https:\/\/naturalpoland.com\/ko\/je-pum\/hwa-jang-pum-won-ryo\/bal-hyo-chu-chul-mul\/%ea%b0%88%eb%9d%bd%ed%86%a0%eb%af%b8%ec%84%b8%ec%8a%a4-%eb%b0%9c%ed%9a%a8-%ec%97%ac%ea%b3%bc%eb%ac%bc\/","og_site_name":"NATURAL POLAND - Hurtowy Dystrybutor Surowc\u00f3w","article_publisher":"https:\/\/www.facebook.com\/naturalpoland.b2b","article_modified_time":"2025-08-26T08:38:34+00:00","og_image":[{"width":1024,"height":1024,"url":"https:\/\/naturalpoland.com\/wp-content\/uploads\/filtrat-fermentacyjny-galactomyces.webp","type":"image\/webp"}],"schema":{"@context":"https:\/\/schema.org","@graph":[{"@type":"WebPage","@id":"https:\/\/naturalpoland.com\/ko\/je-pum\/hwa-jang-pum-won-ryo\/bal-hyo-chu-chul-mul\/%ea%b0%88%eb%9d%bd%ed%86%a0%eb%af%b8%ec%84%b8%ec%8a%a4-%eb%b0%9c%ed%9a%a8-%ec%97%ac%ea%b3%bc%eb%ac%bc\/","url":"https:\/\/naturalpoland.com\/ko\/je-pum\/hwa-jang-pum-won-ryo\/bal-hyo-chu-chul-mul\/%ea%b0%88%eb%9d%bd%ed%86%a0%eb%af%b8%ec%84%b8%ec%8a%a4-%eb%b0%9c%ed%9a%a8-%ec%97%ac%ea%b3%bc%eb%ac%bc\/","name":"\uac08\ub77d\ud1a0\ubbf8\uc138\uc2a4 \ubc1c\ud6a8 \uc5ec\uacfc\ubb3c - Hurtowy Dystrybutor","isPartOf":{"@id":"https:\/\/naturalpoland.com\/ko\/#website"},"primaryImageOfPage":{"@id":"https:\/\/naturalpoland.com\/ko\/je-pum\/hwa-jang-pum-won-ryo\/bal-hyo-chu-chul-mul\/%ea%b0%88%eb%9d%bd%ed%86%a0%eb%af%b8%ec%84%b8%ec%8a%a4-%eb%b0%9c%ed%9a%a8-%ec%97%ac%ea%b3%bc%eb%ac%bc\/#primaryimage"},"image":{"@id":"https:\/\/naturalpoland.com\/ko\/je-pum\/hwa-jang-pum-won-ryo\/bal-hyo-chu-chul-mul\/%ea%b0%88%eb%9d%bd%ed%86%a0%eb%af%b8%ec%84%b8%ec%8a%a4-%eb%b0%9c%ed%9a%a8-%ec%97%ac%ea%b3%bc%eb%ac%bc\/#primaryimage"},"thumbnailUrl":"https:\/\/naturalpoland.com\/wp-content\/uploads\/filtrat-fermentacyjny-galactomyces.webp","datePublished":"2025-08-25T11:57:07+00:00","dateModified":"2025-08-26T08:38:34+00:00","description":"\uac08\ub77d\ud1a0\ubbf8\uc138\uc2a4 \ubc1c\ud6a8 \uc5ec\uacfc\ubb3c\uc740 \uac08\ub77d\ud1a0\ubbf8\uc138\uc2a4 \ud6a8\ubaa8\uc758 \ubc1c\ud6a8 \uacfc\uc815\uc744 \ud1b5\ud574 \uc5bb\uc5b4\uc9c0\ub294 \ub9e4\uc6b0 \uadc0\ud55c \ud654\uc7a5\ud488 \uc131\ubd84\uc785\ub2c8\ub2e4.","breadcrumb":{"@id":"https:\/\/naturalpoland.com\/ko\/je-pum\/hwa-jang-pum-won-ryo\/bal-hyo-chu-chul-mul\/%ea%b0%88%eb%9d%bd%ed%86%a0%eb%af%b8%ec%84%b8%ec%8a%a4-%eb%b0%9c%ed%9a%a8-%ec%97%ac%ea%b3%bc%eb%ac%bc\/#breadcrumb"},"inLanguage":"ko-KR","potentialAction":[{"@type":"ReadAction","target":["https:\/\/naturalpoland.com\/ko\/je-pum\/hwa-jang-pum-won-ryo\/bal-hyo-chu-chul-mul\/%ea%b0%88%eb%9d%bd%ed%86%a0%eb%af%b8%ec%84%b8%ec%8a%a4-%eb%b0%9c%ed%9a%a8-%ec%97%ac%ea%b3%bc%eb%ac%bc\/"]}]},{"@type":"ImageObject","inLanguage":"ko-KR","@id":"https:\/\/naturalpoland.com\/ko\/je-pum\/hwa-jang-pum-won-ryo\/bal-hyo-chu-chul-mul\/%ea%b0%88%eb%9d%bd%ed%86%a0%eb%af%b8%ec%84%b8%ec%8a%a4-%eb%b0%9c%ed%9a%a8-%ec%97%ac%ea%b3%bc%eb%ac%bc\/#primaryimage","url":"https:\/\/naturalpoland.com\/wp-content\/uploads\/filtrat-fermentacyjny-galactomyces.webp","contentUrl":"https:\/\/naturalpoland.com\/wp-content\/uploads\/filtrat-fermentacyjny-galactomyces.webp","width":1024,"height":1024,"caption":"Filtrat fermentacyjny Galactomyces"},{"@type":"BreadcrumbList","@id":"https:\/\/naturalpoland.com\/ko\/je-pum\/hwa-jang-pum-won-ryo\/bal-hyo-chu-chul-mul\/%ea%b0%88%eb%9d%bd%ed%86%a0%eb%af%b8%ec%84%b8%ec%8a%a4-%eb%b0%9c%ed%9a%a8-%ec%97%ac%ea%b3%bc%eb%ac%bc\/#breadcrumb","itemListElement":[{"@type":"ListItem","position":1,"name":"\ud648","item":"https:\/\/naturalpoland.com\/ko\/"},{"@type":"ListItem","position":2,"name":"\uc81c\ud488","item":"https:\/\/naturalpoland.com\/ko\/%ec%a0%9c%ed%92%88\/"},{"@type":"ListItem","position":3,"name":"\uac08\ub77d\ud1a0\ubbf8\uc138\uc2a4 \ubc1c\ud6a8 \uc5ec\uacfc\ubb3c"}]},{"@type":"WebSite","@id":"https:\/\/naturalpoland.com\/ko\/#website","url":"https:\/\/naturalpoland.com\/ko\/","name":"NATURAL POLAND - Hurtowy Dystrybutor Surowc\u00f3w","description":"Surowce dla przemys\u0142u spo\u017cywczego, kosmetycznego i farmaceutycznego","publisher":{"@id":"https:\/\/naturalpoland.com\/ko\/#organization"},"potentialAction":[{"@type":"SearchAction","target":{"@type":"EntryPoint","urlTemplate":"https:\/\/naturalpoland.com\/ko\/?s={search_term_string}"},"query-input":{"@type":"PropertyValueSpecification","valueRequired":true,"valueName":"search_term_string"}}],"inLanguage":"ko-KR"},{"@type":"Organization","@id":"https:\/\/naturalpoland.com\/ko\/#organization","name":"Natural Poland","url":"https:\/\/naturalpoland.com\/ko\/","logo":{"@type":"ImageObject","inLanguage":"ko-KR","@id":"https:\/\/naturalpoland.com\/ko\/#\/schema\/logo\/image\/","url":"https:\/\/naturalpoland.com\/wp-content\/uploads\/2021\/05\/natural-poland-icon.png","contentUrl":"https:\/\/naturalpoland.com\/wp-content\/uploads\/2021\/05\/natural-poland-icon.png","width":512,"height":512,"caption":"Natural Poland"},"image":{"@id":"https:\/\/naturalpoland.com\/ko\/#\/schema\/logo\/image\/"},"sameAs":["https:\/\/www.facebook.com\/naturalpoland.b2b","https:\/\/pl.linkedin.com\/company\/natural-poland","https:\/\/www.youtube.com\/channel\/UCgeGGkvOMahZo-xu_MSEWxg"]}]}},"_links":{"self":[{"href":"https:\/\/naturalpoland.com\/ko\/wp-json\/wp\/v2\/product\/42972","targetHints":{"allow":["GET"]}}],"collection":[{"href":"https:\/\/naturalpoland.com\/ko\/wp-json\/wp\/v2\/product"}],"about":[{"href":"https:\/\/naturalpoland.com\/ko\/wp-json\/wp\/v2\/types\/product"}],"wp:featuredmedia":[{"embeddable":true,"href":"https:\/\/naturalpoland.com\/ko\/wp-json\/wp\/v2\/media\/42910"}],"wp:attachment":[{"href":"https:\/\/naturalpoland.com\/ko\/wp-json\/wp\/v2\/media?parent=42972"}],"wp:term":[{"taxonomy":"product_brand","embeddable":true,"href":"https:\/\/naturalpoland.com\/ko\/wp-json\/wp\/v2\/product_brand?post=42972"},{"taxonomy":"product_cat","embeddable":true,"href":"https:\/\/naturalpoland.com\/ko\/wp-json\/wp\/v2\/product_cat?post=42972"},{"taxonomy":"product_tag","embeddable":true,"href":"https:\/\/naturalpoland.com\/ko\/wp-json\/wp\/v2\/product_tag?post=42972"}],"curies":[{"name":"wp","href":"https:\/\/api.w.org\/{rel}","templated":true}]}}