{"id":42981,"date":"2025-08-25T14:15:49","date_gmt":"2025-08-25T12:15:49","guid":{"rendered":"https:\/\/naturalpoland.com\/produkty\/uncategorized\/%ec%8a%88%eb%8f%84%ec%95%8c%ed%85%8c%eb%a1%9c%eb%aa%a8%eb%82%98%ec%8a%a4-%eb%b0%9c%ed%9a%a8%eb%ac%bc\/"},"modified":"2025-08-26T10:39:08","modified_gmt":"2025-08-26T08:39:08","slug":"%ec%8a%88%eb%8f%84%ec%95%8c%ed%85%8c%eb%a1%9c%eb%aa%a8%eb%82%98%ec%8a%a4-%eb%b0%9c%ed%9a%a8%eb%ac%bc","status":"publish","type":"product","link":"https:\/\/naturalpoland.com\/ko\/je-pum\/hwa-jang-pum-won-ryo\/bal-hyo-chu-chul-mul\/%ec%8a%88%eb%8f%84%ec%95%8c%ed%85%8c%eb%a1%9c%eb%aa%a8%eb%82%98%ec%8a%a4-%eb%b0%9c%ed%9a%a8%eb%ac%bc\/","title":{"rendered":"\uc288\ub3c4\uc54c\ud14c\ub85c\ubaa8\ub098\uc2a4 \ubc1c\ud6a8\ubb3c"},"content":{"rendered":"<h2>\ud2b9\uc131 \ubc0f \ud6a8\ub2a5:<\/h2>\n<ul>\n<li>\ucf5c\ub77c\uac90\uacfc \uc5d8\ub77c\uc2a4\ud2f4 \uc0dd\uc131\uc744 \ucd09\uc9c4\ud558\uc5ec \ud53c\ubd80 \ud0c4\ub825\uacfc \uc720\uc5f0\uc131\uc744 \uac1c\uc120\ud569\ub2c8\ub2e4.<\/li>\n<li>\u201c\uc790\uc5f0 \ub9ac\ud504\ud305\u201d\ucc98\ub7fc \uc791\uc6a9\ud558\uc5ec \uc8fc\ub984\uacfc \ud45c\uc815\uc120\uc744 \ub9e4\ub044\ub7fd\uac8c \ud569\ub2c8\ub2e4.<\/li>\n<li>\ud45c\ud53c\uc758 \uc7ac\uc0dd\uacfc \uce58\uc720\ub97c \ub3d5\uc2b5\ub2c8\ub2e4.<\/li>\n<li>\uac15\ub825\ud55c \ubcf4\uc2b5 \ud6a8\uacfc\uac00 \uc788\uc73c\uba70, \ud53c\ubd80 \uae4a\uc740 \uce35\uc5d0 \uc218\ubd84\uc744 \uacb0\ud569\uc2dc\ud0b5\ub2c8\ub2e4.<\/li>\n<li>\ud53c\ubd80\uc5d0 \ubcf4\ud638\ub9c9\uc744 \ud615\uc131\ud558\uc5ec \uc218\ubd84 \uc190\uc2e4\uc744 \ubc29\uc9c0\ud569\ub2c8\ub2e4.<\/li>\n<\/ul>\n<h2>\uc801\uc6a9 \ubd84\uc57c:<\/h2>\n<p>\uace0\uae09 \uc548\ud2f0\uc5d0\uc774\uc9d5 \ub354\ubaa8\ucf54\uc2a4\uba54\ud2f1, \uc7ac\uc0dd \ubc0f \ubcf4\uc2b5 \uc81c\ud488\uc5d0 \uc0ac\uc6a9\ub418\uba70 \u2013 \uc131\uc219\ud558\uace0, \ubbfc\uac10\ud558\uba70, \ud2b9\ubcc4\ud55c \uad00\ub9ac\uac00 \ud544\uc694\ud55c \ud53c\ubd80 \uad00\ub9ac\uc5d0 \uc801\ud569\ud569\ub2c8\ub2e4.<\/p>\n","protected":false},"excerpt":{"rendered":"<p><strong><em>\uc288\ub3c4\uc54c\ud14c\ub85c\ubaa8\ub098\uc2a4<\/em> \ubc15\ud14c\ub9ac\uc544\uc5d0\uc11c \uc720\ub798\ud55c \ubc1c\ud6a8\ubb3c<\/strong>\uc740 \ud2b9\ud788 \ub0a8\uadf9 \uc8fc\ubcc0\uc758 \uadf9\ud55c \ud574\uc591 \ud658\uacbd\uc5d0\uc11c \ubc1c\uacac\ub429\ub2c8\ub2e4. \ub3c5\ud2b9\ud55c \uc0dd\uccb4 \ud65c\uc131 \ud3a9\ud0c0\uc774\ub4dc\ub97c \ud568\uc720\ud558\uace0 \uc788\uc73c\uba70, \uac15\ub825\ud55c \uc7ac\uc0dd \ubc0f \ub178\ud654 \ubc29\uc9c0 \ud6a8\uacfc\uac00 \uc788\uc2b5\ub2c8\ub2e4. <\/p>\n","protected":false},"featured_media":42938,"template":"","meta":{"_acf_changed":false},"product_brand":[],"product_cat":[8148,10353],"product_tag":[],"class_list":{"0":"post-42981","1":"product","2":"type-product","3":"status-publish","4":"has-post-thumbnail","6":"product_cat-bal-hyo-chu-chul-mul","7":"product_cat-hanguk-wonryo","9":"first","10":"instock","11":"shipping-taxable","12":"product-type-simple"},"acf":[],"yoast_head":"<!-- This site is optimized with the Yoast SEO plugin v27.4 - https:\/\/yoast.com\/product\/yoast-seo-wordpress\/ -->\n<title>\uc288\ub3c4\uc54c\ud14c\ub85c\ubaa8\ub098\uc2a4 \ubc1c\ud6a8\ubb3c - Hurtowy Dystrybutor<\/title>\n<meta name=\"description\" content=\"\uc288\ub3c4\uc54c\ud14c\ub85c\ubaa8\ub098\uc2a4 \ubc1c\ud6a8\ubb3c(\ud574\uc591 \ubc15\ud14c\ub9ac\uc544)\uc740 \uac15\ub825\ud55c \uc7ac\uc0dd \ubc0f \ub178\ud654 \ubc29\uc9c0 \ud6a8\uacfc\ub97c \uc9c0\ub2cc \ub3c5\ud2b9\ud55c \uc0dd\uccb4 \ud65c\uc131 \ud3a9\ud0c0\uc774\ub4dc\ub97c \ud568\uc720\ud558\uace0 \uc788\uc2b5\ub2c8\ub2e4.\" \/>\n<meta name=\"robots\" content=\"index, follow, max-snippet:-1, max-image-preview:large, max-video-preview:-1\" \/>\n<link rel=\"canonical\" href=\"https:\/\/naturalpoland.com\/ko\/je-pum\/hwa-jang-pum-won-ryo\/bal-hyo-chu-chul-mul\/%ec%8a%88%eb%8f%84%ec%95%8c%ed%85%8c%eb%a1%9c%eb%aa%a8%eb%82%98%ec%8a%a4-%eb%b0%9c%ed%9a%a8%eb%ac%bc\/\" \/>\n<meta property=\"og:locale\" content=\"ko_KR\" \/>\n<meta property=\"og:type\" content=\"article\" \/>\n<meta property=\"og:title\" content=\"\uc288\ub3c4\uc54c\ud14c\ub85c\ubaa8\ub098\uc2a4 \ubc1c\ud6a8\ubb3c - Hurtowy Dystrybutor\" \/>\n<meta property=\"og:description\" content=\"\uc288\ub3c4\uc54c\ud14c\ub85c\ubaa8\ub098\uc2a4 \ubc1c\ud6a8\ubb3c(\ud574\uc591 \ubc15\ud14c\ub9ac\uc544)\uc740 \uac15\ub825\ud55c \uc7ac\uc0dd \ubc0f \ub178\ud654 \ubc29\uc9c0 \ud6a8\uacfc\ub97c \uc9c0\ub2cc \ub3c5\ud2b9\ud55c \uc0dd\uccb4 \ud65c\uc131 \ud3a9\ud0c0\uc774\ub4dc\ub97c \ud568\uc720\ud558\uace0 \uc788\uc2b5\ub2c8\ub2e4.\" \/>\n<meta property=\"og:url\" content=\"https:\/\/naturalpoland.com\/ko\/je-pum\/hwa-jang-pum-won-ryo\/bal-hyo-chu-chul-mul\/%ec%8a%88%eb%8f%84%ec%95%8c%ed%85%8c%eb%a1%9c%eb%aa%a8%eb%82%98%ec%8a%a4-%eb%b0%9c%ed%9a%a8%eb%ac%bc\/\" \/>\n<meta property=\"og:site_name\" content=\"NATURAL POLAND - Hurtowy Dystrybutor Surowc\u00f3w\" \/>\n<meta property=\"article:publisher\" content=\"https:\/\/www.facebook.com\/naturalpoland.b2b\" \/>\n<meta property=\"article:modified_time\" content=\"2025-08-26T08:39:08+00:00\" \/>\n<meta property=\"og:image\" content=\"https:\/\/naturalpoland.com\/wp-content\/uploads\/ferment-pseudoalteromonas.webp\" \/>\n\t<meta property=\"og:image:width\" content=\"1024\" \/>\n\t<meta property=\"og:image:height\" content=\"1024\" \/>\n\t<meta property=\"og:image:type\" content=\"image\/webp\" \/>\n<script type=\"application\/ld+json\" class=\"yoast-schema-graph\">{\"@context\":\"https:\\\/\\\/schema.org\",\"@graph\":[{\"@type\":\"WebPage\",\"@id\":\"https:\\\/\\\/naturalpoland.com\\\/ko\\\/je-pum\\\/hwa-jang-pum-won-ryo\\\/bal-hyo-chu-chul-mul\\\/%ec%8a%88%eb%8f%84%ec%95%8c%ed%85%8c%eb%a1%9c%eb%aa%a8%eb%82%98%ec%8a%a4-%eb%b0%9c%ed%9a%a8%eb%ac%bc\\\/\",\"url\":\"https:\\\/\\\/naturalpoland.com\\\/ko\\\/je-pum\\\/hwa-jang-pum-won-ryo\\\/bal-hyo-chu-chul-mul\\\/%ec%8a%88%eb%8f%84%ec%95%8c%ed%85%8c%eb%a1%9c%eb%aa%a8%eb%82%98%ec%8a%a4-%eb%b0%9c%ed%9a%a8%eb%ac%bc\\\/\",\"name\":\"\uc288\ub3c4\uc54c\ud14c\ub85c\ubaa8\ub098\uc2a4 \ubc1c\ud6a8\ubb3c - Hurtowy Dystrybutor\",\"isPartOf\":{\"@id\":\"https:\\\/\\\/naturalpoland.com\\\/ko\\\/#website\"},\"primaryImageOfPage\":{\"@id\":\"https:\\\/\\\/naturalpoland.com\\\/ko\\\/je-pum\\\/hwa-jang-pum-won-ryo\\\/bal-hyo-chu-chul-mul\\\/%ec%8a%88%eb%8f%84%ec%95%8c%ed%85%8c%eb%a1%9c%eb%aa%a8%eb%82%98%ec%8a%a4-%eb%b0%9c%ed%9a%a8%eb%ac%bc\\\/#primaryimage\"},\"image\":{\"@id\":\"https:\\\/\\\/naturalpoland.com\\\/ko\\\/je-pum\\\/hwa-jang-pum-won-ryo\\\/bal-hyo-chu-chul-mul\\\/%ec%8a%88%eb%8f%84%ec%95%8c%ed%85%8c%eb%a1%9c%eb%aa%a8%eb%82%98%ec%8a%a4-%eb%b0%9c%ed%9a%a8%eb%ac%bc\\\/#primaryimage\"},\"thumbnailUrl\":\"https:\\\/\\\/naturalpoland.com\\\/wp-content\\\/uploads\\\/ferment-pseudoalteromonas.webp\",\"datePublished\":\"2025-08-25T12:15:49+00:00\",\"dateModified\":\"2025-08-26T08:39:08+00:00\",\"description\":\"\uc288\ub3c4\uc54c\ud14c\ub85c\ubaa8\ub098\uc2a4 \ubc1c\ud6a8\ubb3c(\ud574\uc591 \ubc15\ud14c\ub9ac\uc544)\uc740 \uac15\ub825\ud55c \uc7ac\uc0dd \ubc0f \ub178\ud654 \ubc29\uc9c0 \ud6a8\uacfc\ub97c \uc9c0\ub2cc \ub3c5\ud2b9\ud55c \uc0dd\uccb4 \ud65c\uc131 \ud3a9\ud0c0\uc774\ub4dc\ub97c \ud568\uc720\ud558\uace0 \uc788\uc2b5\ub2c8\ub2e4.\",\"breadcrumb\":{\"@id\":\"https:\\\/\\\/naturalpoland.com\\\/ko\\\/je-pum\\\/hwa-jang-pum-won-ryo\\\/bal-hyo-chu-chul-mul\\\/%ec%8a%88%eb%8f%84%ec%95%8c%ed%85%8c%eb%a1%9c%eb%aa%a8%eb%82%98%ec%8a%a4-%eb%b0%9c%ed%9a%a8%eb%ac%bc\\\/#breadcrumb\"},\"inLanguage\":\"ko-KR\",\"potentialAction\":[{\"@type\":\"ReadAction\",\"target\":[\"https:\\\/\\\/naturalpoland.com\\\/ko\\\/je-pum\\\/hwa-jang-pum-won-ryo\\\/bal-hyo-chu-chul-mul\\\/%ec%8a%88%eb%8f%84%ec%95%8c%ed%85%8c%eb%a1%9c%eb%aa%a8%eb%82%98%ec%8a%a4-%eb%b0%9c%ed%9a%a8%eb%ac%bc\\\/\"]}]},{\"@type\":\"ImageObject\",\"inLanguage\":\"ko-KR\",\"@id\":\"https:\\\/\\\/naturalpoland.com\\\/ko\\\/je-pum\\\/hwa-jang-pum-won-ryo\\\/bal-hyo-chu-chul-mul\\\/%ec%8a%88%eb%8f%84%ec%95%8c%ed%85%8c%eb%a1%9c%eb%aa%a8%eb%82%98%ec%8a%a4-%eb%b0%9c%ed%9a%a8%eb%ac%bc\\\/#primaryimage\",\"url\":\"https:\\\/\\\/naturalpoland.com\\\/wp-content\\\/uploads\\\/ferment-pseudoalteromonas.webp\",\"contentUrl\":\"https:\\\/\\\/naturalpoland.com\\\/wp-content\\\/uploads\\\/ferment-pseudoalteromonas.webp\",\"width\":1024,\"height\":1024,\"caption\":\"Ferment Pseudoalteromonas\"},{\"@type\":\"BreadcrumbList\",\"@id\":\"https:\\\/\\\/naturalpoland.com\\\/ko\\\/je-pum\\\/hwa-jang-pum-won-ryo\\\/bal-hyo-chu-chul-mul\\\/%ec%8a%88%eb%8f%84%ec%95%8c%ed%85%8c%eb%a1%9c%eb%aa%a8%eb%82%98%ec%8a%a4-%eb%b0%9c%ed%9a%a8%eb%ac%bc\\\/#breadcrumb\",\"itemListElement\":[{\"@type\":\"ListItem\",\"position\":1,\"name\":\"\ud648\",\"item\":\"https:\\\/\\\/naturalpoland.com\\\/ko\\\/\"},{\"@type\":\"ListItem\",\"position\":2,\"name\":\"\uc81c\ud488\",\"item\":\"https:\\\/\\\/naturalpoland.com\\\/ko\\\/%ec%a0%9c%ed%92%88\\\/\"},{\"@type\":\"ListItem\",\"position\":3,\"name\":\"\uc288\ub3c4\uc54c\ud14c\ub85c\ubaa8\ub098\uc2a4 \ubc1c\ud6a8\ubb3c\"}]},{\"@type\":\"WebSite\",\"@id\":\"https:\\\/\\\/naturalpoland.com\\\/ko\\\/#website\",\"url\":\"https:\\\/\\\/naturalpoland.com\\\/ko\\\/\",\"name\":\"NATURAL POLAND - Hurtowy Dystrybutor Surowc\u00f3w\",\"description\":\"Surowce dla przemys\u0142u spo\u017cywczego, kosmetycznego i farmaceutycznego\",\"publisher\":{\"@id\":\"https:\\\/\\\/naturalpoland.com\\\/ko\\\/#organization\"},\"potentialAction\":[{\"@type\":\"SearchAction\",\"target\":{\"@type\":\"EntryPoint\",\"urlTemplate\":\"https:\\\/\\\/naturalpoland.com\\\/ko\\\/?s={search_term_string}\"},\"query-input\":{\"@type\":\"PropertyValueSpecification\",\"valueRequired\":true,\"valueName\":\"search_term_string\"}}],\"inLanguage\":\"ko-KR\"},{\"@type\":\"Organization\",\"@id\":\"https:\\\/\\\/naturalpoland.com\\\/ko\\\/#organization\",\"name\":\"Natural Poland\",\"url\":\"https:\\\/\\\/naturalpoland.com\\\/ko\\\/\",\"logo\":{\"@type\":\"ImageObject\",\"inLanguage\":\"ko-KR\",\"@id\":\"https:\\\/\\\/naturalpoland.com\\\/ko\\\/#\\\/schema\\\/logo\\\/image\\\/\",\"url\":\"https:\\\/\\\/naturalpoland.com\\\/wp-content\\\/uploads\\\/2021\\\/05\\\/natural-poland-icon.png\",\"contentUrl\":\"https:\\\/\\\/naturalpoland.com\\\/wp-content\\\/uploads\\\/2021\\\/05\\\/natural-poland-icon.png\",\"width\":512,\"height\":512,\"caption\":\"Natural Poland\"},\"image\":{\"@id\":\"https:\\\/\\\/naturalpoland.com\\\/ko\\\/#\\\/schema\\\/logo\\\/image\\\/\"},\"sameAs\":[\"https:\\\/\\\/www.facebook.com\\\/naturalpoland.b2b\",\"https:\\\/\\\/pl.linkedin.com\\\/company\\\/natural-poland\",\"https:\\\/\\\/www.youtube.com\\\/channel\\\/UCgeGGkvOMahZo-xu_MSEWxg\"]}]}<\/script>\n<!-- \/ Yoast SEO plugin. -->","yoast_head_json":{"title":"\uc288\ub3c4\uc54c\ud14c\ub85c\ubaa8\ub098\uc2a4 \ubc1c\ud6a8\ubb3c - Hurtowy Dystrybutor","description":"\uc288\ub3c4\uc54c\ud14c\ub85c\ubaa8\ub098\uc2a4 \ubc1c\ud6a8\ubb3c(\ud574\uc591 \ubc15\ud14c\ub9ac\uc544)\uc740 \uac15\ub825\ud55c \uc7ac\uc0dd \ubc0f \ub178\ud654 \ubc29\uc9c0 \ud6a8\uacfc\ub97c \uc9c0\ub2cc \ub3c5\ud2b9\ud55c \uc0dd\uccb4 \ud65c\uc131 \ud3a9\ud0c0\uc774\ub4dc\ub97c \ud568\uc720\ud558\uace0 \uc788\uc2b5\ub2c8\ub2e4.","robots":{"index":"index","follow":"follow","max-snippet":"max-snippet:-1","max-image-preview":"max-image-preview:large","max-video-preview":"max-video-preview:-1"},"canonical":"https:\/\/naturalpoland.com\/ko\/je-pum\/hwa-jang-pum-won-ryo\/bal-hyo-chu-chul-mul\/%ec%8a%88%eb%8f%84%ec%95%8c%ed%85%8c%eb%a1%9c%eb%aa%a8%eb%82%98%ec%8a%a4-%eb%b0%9c%ed%9a%a8%eb%ac%bc\/","og_locale":"ko_KR","og_type":"article","og_title":"\uc288\ub3c4\uc54c\ud14c\ub85c\ubaa8\ub098\uc2a4 \ubc1c\ud6a8\ubb3c - Hurtowy Dystrybutor","og_description":"\uc288\ub3c4\uc54c\ud14c\ub85c\ubaa8\ub098\uc2a4 \ubc1c\ud6a8\ubb3c(\ud574\uc591 \ubc15\ud14c\ub9ac\uc544)\uc740 \uac15\ub825\ud55c \uc7ac\uc0dd \ubc0f \ub178\ud654 \ubc29\uc9c0 \ud6a8\uacfc\ub97c \uc9c0\ub2cc \ub3c5\ud2b9\ud55c \uc0dd\uccb4 \ud65c\uc131 \ud3a9\ud0c0\uc774\ub4dc\ub97c \ud568\uc720\ud558\uace0 \uc788\uc2b5\ub2c8\ub2e4.","og_url":"https:\/\/naturalpoland.com\/ko\/je-pum\/hwa-jang-pum-won-ryo\/bal-hyo-chu-chul-mul\/%ec%8a%88%eb%8f%84%ec%95%8c%ed%85%8c%eb%a1%9c%eb%aa%a8%eb%82%98%ec%8a%a4-%eb%b0%9c%ed%9a%a8%eb%ac%bc\/","og_site_name":"NATURAL POLAND - Hurtowy Dystrybutor Surowc\u00f3w","article_publisher":"https:\/\/www.facebook.com\/naturalpoland.b2b","article_modified_time":"2025-08-26T08:39:08+00:00","og_image":[{"width":1024,"height":1024,"url":"https:\/\/naturalpoland.com\/wp-content\/uploads\/ferment-pseudoalteromonas.webp","type":"image\/webp"}],"schema":{"@context":"https:\/\/schema.org","@graph":[{"@type":"WebPage","@id":"https:\/\/naturalpoland.com\/ko\/je-pum\/hwa-jang-pum-won-ryo\/bal-hyo-chu-chul-mul\/%ec%8a%88%eb%8f%84%ec%95%8c%ed%85%8c%eb%a1%9c%eb%aa%a8%eb%82%98%ec%8a%a4-%eb%b0%9c%ed%9a%a8%eb%ac%bc\/","url":"https:\/\/naturalpoland.com\/ko\/je-pum\/hwa-jang-pum-won-ryo\/bal-hyo-chu-chul-mul\/%ec%8a%88%eb%8f%84%ec%95%8c%ed%85%8c%eb%a1%9c%eb%aa%a8%eb%82%98%ec%8a%a4-%eb%b0%9c%ed%9a%a8%eb%ac%bc\/","name":"\uc288\ub3c4\uc54c\ud14c\ub85c\ubaa8\ub098\uc2a4 \ubc1c\ud6a8\ubb3c - Hurtowy Dystrybutor","isPartOf":{"@id":"https:\/\/naturalpoland.com\/ko\/#website"},"primaryImageOfPage":{"@id":"https:\/\/naturalpoland.com\/ko\/je-pum\/hwa-jang-pum-won-ryo\/bal-hyo-chu-chul-mul\/%ec%8a%88%eb%8f%84%ec%95%8c%ed%85%8c%eb%a1%9c%eb%aa%a8%eb%82%98%ec%8a%a4-%eb%b0%9c%ed%9a%a8%eb%ac%bc\/#primaryimage"},"image":{"@id":"https:\/\/naturalpoland.com\/ko\/je-pum\/hwa-jang-pum-won-ryo\/bal-hyo-chu-chul-mul\/%ec%8a%88%eb%8f%84%ec%95%8c%ed%85%8c%eb%a1%9c%eb%aa%a8%eb%82%98%ec%8a%a4-%eb%b0%9c%ed%9a%a8%eb%ac%bc\/#primaryimage"},"thumbnailUrl":"https:\/\/naturalpoland.com\/wp-content\/uploads\/ferment-pseudoalteromonas.webp","datePublished":"2025-08-25T12:15:49+00:00","dateModified":"2025-08-26T08:39:08+00:00","description":"\uc288\ub3c4\uc54c\ud14c\ub85c\ubaa8\ub098\uc2a4 \ubc1c\ud6a8\ubb3c(\ud574\uc591 \ubc15\ud14c\ub9ac\uc544)\uc740 \uac15\ub825\ud55c \uc7ac\uc0dd \ubc0f \ub178\ud654 \ubc29\uc9c0 \ud6a8\uacfc\ub97c \uc9c0\ub2cc \ub3c5\ud2b9\ud55c \uc0dd\uccb4 \ud65c\uc131 \ud3a9\ud0c0\uc774\ub4dc\ub97c \ud568\uc720\ud558\uace0 \uc788\uc2b5\ub2c8\ub2e4.","breadcrumb":{"@id":"https:\/\/naturalpoland.com\/ko\/je-pum\/hwa-jang-pum-won-ryo\/bal-hyo-chu-chul-mul\/%ec%8a%88%eb%8f%84%ec%95%8c%ed%85%8c%eb%a1%9c%eb%aa%a8%eb%82%98%ec%8a%a4-%eb%b0%9c%ed%9a%a8%eb%ac%bc\/#breadcrumb"},"inLanguage":"ko-KR","potentialAction":[{"@type":"ReadAction","target":["https:\/\/naturalpoland.com\/ko\/je-pum\/hwa-jang-pum-won-ryo\/bal-hyo-chu-chul-mul\/%ec%8a%88%eb%8f%84%ec%95%8c%ed%85%8c%eb%a1%9c%eb%aa%a8%eb%82%98%ec%8a%a4-%eb%b0%9c%ed%9a%a8%eb%ac%bc\/"]}]},{"@type":"ImageObject","inLanguage":"ko-KR","@id":"https:\/\/naturalpoland.com\/ko\/je-pum\/hwa-jang-pum-won-ryo\/bal-hyo-chu-chul-mul\/%ec%8a%88%eb%8f%84%ec%95%8c%ed%85%8c%eb%a1%9c%eb%aa%a8%eb%82%98%ec%8a%a4-%eb%b0%9c%ed%9a%a8%eb%ac%bc\/#primaryimage","url":"https:\/\/naturalpoland.com\/wp-content\/uploads\/ferment-pseudoalteromonas.webp","contentUrl":"https:\/\/naturalpoland.com\/wp-content\/uploads\/ferment-pseudoalteromonas.webp","width":1024,"height":1024,"caption":"Ferment Pseudoalteromonas"},{"@type":"BreadcrumbList","@id":"https:\/\/naturalpoland.com\/ko\/je-pum\/hwa-jang-pum-won-ryo\/bal-hyo-chu-chul-mul\/%ec%8a%88%eb%8f%84%ec%95%8c%ed%85%8c%eb%a1%9c%eb%aa%a8%eb%82%98%ec%8a%a4-%eb%b0%9c%ed%9a%a8%eb%ac%bc\/#breadcrumb","itemListElement":[{"@type":"ListItem","position":1,"name":"\ud648","item":"https:\/\/naturalpoland.com\/ko\/"},{"@type":"ListItem","position":2,"name":"\uc81c\ud488","item":"https:\/\/naturalpoland.com\/ko\/%ec%a0%9c%ed%92%88\/"},{"@type":"ListItem","position":3,"name":"\uc288\ub3c4\uc54c\ud14c\ub85c\ubaa8\ub098\uc2a4 \ubc1c\ud6a8\ubb3c"}]},{"@type":"WebSite","@id":"https:\/\/naturalpoland.com\/ko\/#website","url":"https:\/\/naturalpoland.com\/ko\/","name":"NATURAL POLAND - Hurtowy Dystrybutor Surowc\u00f3w","description":"Surowce dla przemys\u0142u spo\u017cywczego, kosmetycznego i farmaceutycznego","publisher":{"@id":"https:\/\/naturalpoland.com\/ko\/#organization"},"potentialAction":[{"@type":"SearchAction","target":{"@type":"EntryPoint","urlTemplate":"https:\/\/naturalpoland.com\/ko\/?s={search_term_string}"},"query-input":{"@type":"PropertyValueSpecification","valueRequired":true,"valueName":"search_term_string"}}],"inLanguage":"ko-KR"},{"@type":"Organization","@id":"https:\/\/naturalpoland.com\/ko\/#organization","name":"Natural Poland","url":"https:\/\/naturalpoland.com\/ko\/","logo":{"@type":"ImageObject","inLanguage":"ko-KR","@id":"https:\/\/naturalpoland.com\/ko\/#\/schema\/logo\/image\/","url":"https:\/\/naturalpoland.com\/wp-content\/uploads\/2021\/05\/natural-poland-icon.png","contentUrl":"https:\/\/naturalpoland.com\/wp-content\/uploads\/2021\/05\/natural-poland-icon.png","width":512,"height":512,"caption":"Natural Poland"},"image":{"@id":"https:\/\/naturalpoland.com\/ko\/#\/schema\/logo\/image\/"},"sameAs":["https:\/\/www.facebook.com\/naturalpoland.b2b","https:\/\/pl.linkedin.com\/company\/natural-poland","https:\/\/www.youtube.com\/channel\/UCgeGGkvOMahZo-xu_MSEWxg"]}]}},"_links":{"self":[{"href":"https:\/\/naturalpoland.com\/ko\/wp-json\/wp\/v2\/product\/42981","targetHints":{"allow":["GET"]}}],"collection":[{"href":"https:\/\/naturalpoland.com\/ko\/wp-json\/wp\/v2\/product"}],"about":[{"href":"https:\/\/naturalpoland.com\/ko\/wp-json\/wp\/v2\/types\/product"}],"wp:featuredmedia":[{"embeddable":true,"href":"https:\/\/naturalpoland.com\/ko\/wp-json\/wp\/v2\/media\/42938"}],"wp:attachment":[{"href":"https:\/\/naturalpoland.com\/ko\/wp-json\/wp\/v2\/media?parent=42981"}],"wp:term":[{"taxonomy":"product_brand","embeddable":true,"href":"https:\/\/naturalpoland.com\/ko\/wp-json\/wp\/v2\/product_brand?post=42981"},{"taxonomy":"product_cat","embeddable":true,"href":"https:\/\/naturalpoland.com\/ko\/wp-json\/wp\/v2\/product_cat?post=42981"},{"taxonomy":"product_tag","embeddable":true,"href":"https:\/\/naturalpoland.com\/ko\/wp-json\/wp\/v2\/product_tag?post=42981"}],"curies":[{"name":"wp","href":"https:\/\/api.w.org\/{rel}","templated":true}]}}