{"id":43099,"date":"2025-08-26T12:45:29","date_gmt":"2025-08-26T10:45:29","guid":{"rendered":"https:\/\/naturalpoland.com\/produkty\/uncategorized\/%eb%b0%80%ed%81%ac-%ed%96%a5\/"},"modified":"2025-08-27T12:52:41","modified_gmt":"2025-08-27T10:52:41","slug":"%eb%b0%80%ed%81%ac-%ed%96%a5","status":"publish","type":"product","link":"https:\/\/naturalpoland.com\/ko\/je-pum\/sig-pum-won-ryo\/hyang-ryo\/gi-ta-hyang-ryo\/%eb%b0%80%ed%81%ac-%ed%96%a5\/","title":{"rendered":"\ubc00\ud06c \ud5a5"},"content":{"rendered":"<p>\ubc00\ud06c \ud5a5\uc740 \uac00\uc815\uc758 \ub530\ub73b\ud568, \ub2ec\ucf64\ud568, \uadf8\ub9ac\uace0 \ud06c\ub9ac\ubbf8\ud55c \uc9c8\uac10\uacfc \uc5f0\uad00\ub3fc\uc694. \ub2e4\ub978 \ub514\uc800\ud2b8 \ubc0f \uc720\uc81c\ud488 \ud5a5\uacfc \uc644\ubcbd\ud558\uac8c \uc5b4\uc6b8\ub824\uc694. Natural Poland\uc5d0\uc11c\ub294 \uac10\uac01\uc801 \ud504\ub85c\ud544, \uac15\ub3c4, \uadf8\ub9ac\uace0 \uc6a9\ub3c4\uac00 \ub2e4\ub978 \ub2e4\uc591\ud55c \ubc00\ud06c \ud5a5 \ubcc0\ud615\uc744 \ucc3e\uc744 \uc218 \uc788\uc5b4\uc694 \u2013 <strong>\ucc9c\uc5f0<\/strong>, <strong>\uc561\uc0c1<\/strong>, \uadf8\ub9ac\uace0 &lt;strong&#8221;&gt;\ubd84\ub9d0 \ud615\ud0dc \ubaa8\ub450:  <\/p>\n<ol>\n<li><strong>\uc0b6\uc740 \uc6b0\uc720 \ubc84\uc804 (\ucc9c\uc5f0, \uc561\uc0c1)<\/strong>\uc740 \uc624\ub7ab\ub3d9\uc548 \uc0b6\uc740 \uc6b0\uc720\uc758 \ub2ec\ucf64\ud558\uace0 \ub530\ub73b\ud55c \ud2b9\uc131\uc744 \uc7ac\ud604\ud558\uba70, \ubb34\uac00\ub2f9 \uc5f0\uc720\uc758 \ud5a5\uc774 \ub290\uaef4\uc838\uc694. \uc774\uac74 \ud074\ub798\uc2dd\ud558\uace0 \ud3ec\uadfc\ud55c \ud5a5\uc73c\ub85c, \uc720\uc81c\ud488 \ub514\uc800\ud2b8, \uc8fd, \uc544\uc774\uc2a4\ud06c\ub9bc, \uc74c\ub8cc, \uadf8\ub9ac\uace0 \uc720\uc544\uc6a9 \uc81c\ud488\uc5d0 \uc644\ubcbd\ud558\uac8c \uc5b4\uc6b8\ub824\uc694. <\/li>\n<li><strong>\ubc00\ud06c \ubc14\ub2d0\ub77c \ud50c\ub86c\ube44\ub974<\/strong>\ub294 \uc0b6\uc740 \uc6b0\uc720\uc640 \uc740\uc740\ud55c \ubc14\ub2d0\ub77c \ud5a5\uc758 \uc870\ud569\uc774\uc5d0\uc694. \ub530\ub73b\ud558\uace0 \ubd80\ub4dc\ub7ec\uc6b0\uba70 \uc57d\uac04 \ub514\uc800\ud2b8 \uac19\uc740 \ub9db \ud504\ub85c\ud544\uc744 \ub9cc\ub4e4\uc5b4\uc694 \u2013 \uc544\uc774\uc2a4\ud06c\ub9bc, \ubc00\ud06c \ubc14, \ubb34\uc2a4, \uadf8\ub9ac\uace0 \uc778\uc2a4\ud134\ud2b8 \uc81c\ud488\uc5d0 \uc774\uc0c1\uc801\uc774\uc5d0\uc694. \uae00\ub9ac\ucf5c\uc774 \uce90\ub9ac\uc5b4\ub85c \uc0ac\uc6a9\ub418\uc5b4 \ud5a5\uc744 \ub808\uc2dc\ud53c\uc5d0 \uc27d\uac8c \ucca8\uac00\ud560 \uc218 \uc788\uc5b4\uc694.  <\/li>\n<li><strong>\ub18d\ucd95 \ubc00\ud06c<\/strong>\ub294 \ucc9c\uc5f0 \uc694\uac70\ud2b8\uc640 \uac19\uc740 \uc0c8\ucf64\ub2ec\ucf64\ud55c \ud504\ub85c\ud544\uc744 \uc81c\uacf5\ud558\uba70, \uc0b6\uc740 \uc6b0\uc720\uc758 \uc740\uc740\ud55c \uc545\uc13c\ud2b8\uc640 \ud568\uaed8\uc694. \uc774 \ubcc0\ud615\uc740 \uac74\uac15 \ubcf4\uc870 \uc2dd\ud488, \uae30\ub2a5\uc131 \uc74c\ub8cc, \uc720\uc81c\ud488 \uc2a4\ub0b5, \uadf8\ub9ac\uace0 \ud53c\ud2b8\ub2c8\uc2a4 \uc81c\ud488\uc5d0 \uc801\ud569\ud574\uc694. <\/li>\n<li><strong>\ub530\ub73b\ud55c \uc6b0\uc720 \ud5a5<\/strong>\uc740 \uac13 \ub370\uc6b4 \uc6b0\uc720\uc758 \ud2b9\uc131\uc744 \ub2f4\uc544\ub0b4\uc694 \u2013 \ubd80\ub4dc\ub7fd\uace0, \ub2ec\ucf64\ud558\uba70, \uac00\ubcbc\uc6cc\uc694. \uc8fc\ub85c \uc720\uc544\uc6a9 \uc81c\ud488, \ubc00\ud06c \uc170\uc774\ud06c, \uc18c\uc544\uc6a9 \ubcf4\ucda9\uc81c, \uadf8\ub9ac\uace0 \ub2e8\ubc31\uc9c8 \uc74c\ub8cc\uc5d0 \uc0ac\uc6a9\ub3fc\uc694.  <\/li>\n<li><strong>\uc5f0\uc720 \ud5a5 (\uc561\uc0c1)<\/strong>\uc740 \uae4a\uace0 \ud06c\ub9ac\ubbf8\ud558\uba70, \ubd84\uba85\ud788 \ub2ec\ucf64\ud55c \ub9db \ud504\ub85c\ud544\uc744 \uc81c\uacf5\ud574\uc694. \uc804\ud1b5 \ub514\uc800\ud2b8\uc5d0\uc11c \ud754\ud788 \ubcfc \uc218 \uc788\ub294 \ub18d\ucd95 \uc6b0\uc720\uc640 \ube44\uc2b7\ud574\uc694. \uc774 \ud5a5\uc740 \ubca0\uc774\ud0b9, \ubc00\ud06c \ud06c\ub9bc, \uc544\uc774\uc2a4\ud06c\ub9bc, \ud478\ub529, \uadf8\ub9ac\uace0 \ubd84\ub9d0 \uc74c\ub8cc\uc5d0 \uc544\uc8fc \uc798 \uc5b4\uc6b8\ub824\uc694. <\/li>\n<li><strong>\ubd84\ub9d0 \uc5f0\uc720 \ubc84\uc804<\/strong>\uc740 \ub3d9\uc77c\ud55c \uac10\uac01\uc801 \ud504\ub85c\ud544\uc744 \uc720\uc9c0\ud558\uc9c0\ub9cc, \ud3b8\ub9ac\ud55c \uac74\uc870 \ud615\ud0dc\ub85c, \ubcf4\ucda9\uc81c, \uc778\uc2a4\ud134\ud2b8 \ud63c\ud569\ubb3c, \ub2e8\ubc31\uc9c8 \ubc14 \ub610\ub294 \uc2a4\ud3ec\uce20 \uc81c\ud488\uc5d0 \uc801\uc6a9\ud558\uae30\uc5d0 \uc774\uc0c1\uc801\uc774\uc5d0\uc694.<\/li>\n<\/ol>\n<p>\uc81c\uacf5\ub418\ub294 \ubaa8\ub4e0 \ubc00\ud06c \ud5a5\uc740 \ub2e4\uc591\ud55c \uce90\ub9ac\uc5b4 (<strong>\uae00\ub9ac\ucf5c, \ud2b8\ub9ac\uc544\uc138\ud2f4<\/strong>)\ub85c \uc81c\uacf5\ub418\uba70, \uc628\ub3c4 \uc800\ud56d\uc131, \uc9c0\ubc29 \ub610\ub294 \uc218\uc131 \ud658\uacbd\uc5d0\uc11c\uc758 \uc548\uc815\uc131 \uac19\uc740 \uae30\uc220\uc801 \uc694\uad6c \uc0ac\ud56d\uc5d0 \ub9de\ucdb0\uc838 \uc788\uc5b4\uc694.<\/p>\n","protected":false},"excerpt":{"rendered":"<p><strong>\ubc00\ud06c \ud5a5<\/strong>\uc740 \uc2dd\ud488, \uc81c\uc57d, \uadf8\ub9ac\uace0 \ubcf4\ucda9\uc81c \uc0b0\uc5c5\uc5d0\uc11c \uac00\uc7a5 \ub2e4\uc7ac\ub2e4\ub2a5\ud558\uace0 \uc778\uae30 \uc788\ub294 \ud5a5\ubbf8 \ucca8\uac00\uc81c \uc911 \ud558\ub098\uc608\uc694.<\/p>\n","protected":false},"featured_media":43076,"template":"","meta":[],"product_brand":[],"product_cat":[8169],"product_tag":[],"class_list":{"0":"post-43099","1":"product","2":"type-product","3":"status-publish","4":"has-post-thumbnail","6":"product_cat-gi-ta-hyang-ryo","8":"first","9":"instock","10":"shipping-taxable","11":"product-type-simple"},"yoast_head":"<!-- This site is optimized with the Yoast SEO plugin v27.3 - https:\/\/yoast.com\/product\/yoast-seo-wordpress\/ -->\n<title>\ubc00\ud06c \ud5a5 - Hurtowy Dystrybutor<\/title>\n<meta name=\"description\" content=\"\ubc00\ud06c \ud5a5\uc740 \ub2e4\uc591\ud55c \ubcc0\ud615\uc73c\ub85c \uc81c\uacf5\ub3fc\uc694. \uc800\ud76c\ub294 \uac10\uac01\uc801 \ud504\ub85c\ud544\uc774 \ub2e4\ub978 \ucc9c\uc5f0, \uc561\uc0c1, \uadf8\ub9ac\uace0 \ubd84\ub9d0 \ud615\ud0dc\ub97c \ubaa8\ub450 \uc81c\uacf5\ud574\uc694.\" \/>\n<meta name=\"robots\" content=\"index, follow, max-snippet:-1, max-image-preview:large, max-video-preview:-1\" \/>\n<link rel=\"canonical\" href=\"https:\/\/naturalpoland.com\/ko\/je-pum\/sig-pum-won-ryo\/hyang-ryo\/gi-ta-hyang-ryo\/%eb%b0%80%ed%81%ac-%ed%96%a5\/\" \/>\n<meta property=\"og:locale\" content=\"ko_KR\" \/>\n<meta property=\"og:type\" content=\"article\" \/>\n<meta property=\"og:title\" content=\"\ubc00\ud06c \ud5a5 - Hurtowy Dystrybutor\" \/>\n<meta property=\"og:description\" content=\"\ubc00\ud06c \ud5a5\uc740 \ub2e4\uc591\ud55c \ubcc0\ud615\uc73c\ub85c \uc81c\uacf5\ub3fc\uc694. \uc800\ud76c\ub294 \uac10\uac01\uc801 \ud504\ub85c\ud544\uc774 \ub2e4\ub978 \ucc9c\uc5f0, \uc561\uc0c1, \uadf8\ub9ac\uace0 \ubd84\ub9d0 \ud615\ud0dc\ub97c \ubaa8\ub450 \uc81c\uacf5\ud574\uc694.\" \/>\n<meta property=\"og:url\" content=\"https:\/\/naturalpoland.com\/ko\/je-pum\/sig-pum-won-ryo\/hyang-ryo\/gi-ta-hyang-ryo\/%eb%b0%80%ed%81%ac-%ed%96%a5\/\" \/>\n<meta property=\"og:site_name\" content=\"NATURAL POLAND - Hurtowy Dystrybutor Surowc\u00f3w\" \/>\n<meta property=\"article:publisher\" content=\"https:\/\/www.facebook.com\/naturalpoland.b2b\" \/>\n<meta property=\"article:modified_time\" content=\"2025-08-27T10:52:41+00:00\" \/>\n<meta property=\"og:image\" content=\"https:\/\/naturalpoland.com\/wp-content\/uploads\/aromat-mleczny.webp\" \/>\n\t<meta property=\"og:image:width\" content=\"1024\" \/>\n\t<meta property=\"og:image:height\" content=\"1024\" \/>\n\t<meta property=\"og:image:type\" content=\"image\/webp\" \/>\n<script type=\"application\/ld+json\" class=\"yoast-schema-graph\">{\"@context\":\"https:\\\/\\\/schema.org\",\"@graph\":[{\"@type\":\"WebPage\",\"@id\":\"https:\\\/\\\/naturalpoland.com\\\/ko\\\/je-pum\\\/sig-pum-won-ryo\\\/hyang-ryo\\\/gi-ta-hyang-ryo\\\/%eb%b0%80%ed%81%ac-%ed%96%a5\\\/\",\"url\":\"https:\\\/\\\/naturalpoland.com\\\/ko\\\/je-pum\\\/sig-pum-won-ryo\\\/hyang-ryo\\\/gi-ta-hyang-ryo\\\/%eb%b0%80%ed%81%ac-%ed%96%a5\\\/\",\"name\":\"\ubc00\ud06c \ud5a5 - Hurtowy Dystrybutor\",\"isPartOf\":{\"@id\":\"https:\\\/\\\/naturalpoland.com\\\/ko\\\/#website\"},\"primaryImageOfPage\":{\"@id\":\"https:\\\/\\\/naturalpoland.com\\\/ko\\\/je-pum\\\/sig-pum-won-ryo\\\/hyang-ryo\\\/gi-ta-hyang-ryo\\\/%eb%b0%80%ed%81%ac-%ed%96%a5\\\/#primaryimage\"},\"image\":{\"@id\":\"https:\\\/\\\/naturalpoland.com\\\/ko\\\/je-pum\\\/sig-pum-won-ryo\\\/hyang-ryo\\\/gi-ta-hyang-ryo\\\/%eb%b0%80%ed%81%ac-%ed%96%a5\\\/#primaryimage\"},\"thumbnailUrl\":\"https:\\\/\\\/naturalpoland.com\\\/wp-content\\\/uploads\\\/aromat-mleczny.webp\",\"datePublished\":\"2025-08-26T10:45:29+00:00\",\"dateModified\":\"2025-08-27T10:52:41+00:00\",\"description\":\"\ubc00\ud06c \ud5a5\uc740 \ub2e4\uc591\ud55c \ubcc0\ud615\uc73c\ub85c \uc81c\uacf5\ub3fc\uc694. \uc800\ud76c\ub294 \uac10\uac01\uc801 \ud504\ub85c\ud544\uc774 \ub2e4\ub978 \ucc9c\uc5f0, \uc561\uc0c1, \uadf8\ub9ac\uace0 \ubd84\ub9d0 \ud615\ud0dc\ub97c \ubaa8\ub450 \uc81c\uacf5\ud574\uc694.\",\"breadcrumb\":{\"@id\":\"https:\\\/\\\/naturalpoland.com\\\/ko\\\/je-pum\\\/sig-pum-won-ryo\\\/hyang-ryo\\\/gi-ta-hyang-ryo\\\/%eb%b0%80%ed%81%ac-%ed%96%a5\\\/#breadcrumb\"},\"inLanguage\":\"ko-KR\",\"potentialAction\":[{\"@type\":\"ReadAction\",\"target\":[\"https:\\\/\\\/naturalpoland.com\\\/ko\\\/je-pum\\\/sig-pum-won-ryo\\\/hyang-ryo\\\/gi-ta-hyang-ryo\\\/%eb%b0%80%ed%81%ac-%ed%96%a5\\\/\"]}]},{\"@type\":\"ImageObject\",\"inLanguage\":\"ko-KR\",\"@id\":\"https:\\\/\\\/naturalpoland.com\\\/ko\\\/je-pum\\\/sig-pum-won-ryo\\\/hyang-ryo\\\/gi-ta-hyang-ryo\\\/%eb%b0%80%ed%81%ac-%ed%96%a5\\\/#primaryimage\",\"url\":\"https:\\\/\\\/naturalpoland.com\\\/wp-content\\\/uploads\\\/aromat-mleczny.webp\",\"contentUrl\":\"https:\\\/\\\/naturalpoland.com\\\/wp-content\\\/uploads\\\/aromat-mleczny.webp\",\"width\":1024,\"height\":1024,\"caption\":\"aromat mleczny\"},{\"@type\":\"BreadcrumbList\",\"@id\":\"https:\\\/\\\/naturalpoland.com\\\/ko\\\/je-pum\\\/sig-pum-won-ryo\\\/hyang-ryo\\\/gi-ta-hyang-ryo\\\/%eb%b0%80%ed%81%ac-%ed%96%a5\\\/#breadcrumb\",\"itemListElement\":[{\"@type\":\"ListItem\",\"position\":1,\"name\":\"\ud648\",\"item\":\"https:\\\/\\\/naturalpoland.com\\\/ko\\\/\"},{\"@type\":\"ListItem\",\"position\":2,\"name\":\"\uc81c\ud488\",\"item\":\"https:\\\/\\\/naturalpoland.com\\\/ko\\\/%ec%a0%9c%ed%92%88\\\/\"},{\"@type\":\"ListItem\",\"position\":3,\"name\":\"\ubc00\ud06c \ud5a5\"}]},{\"@type\":\"WebSite\",\"@id\":\"https:\\\/\\\/naturalpoland.com\\\/ko\\\/#website\",\"url\":\"https:\\\/\\\/naturalpoland.com\\\/ko\\\/\",\"name\":\"NATURAL POLAND - Hurtowy Dystrybutor Surowc\u00f3w\",\"description\":\"Surowce dla przemys\u0142u spo\u017cywczego, kosmetycznego i farmaceutycznego\",\"publisher\":{\"@id\":\"https:\\\/\\\/naturalpoland.com\\\/ko\\\/#organization\"},\"potentialAction\":[{\"@type\":\"SearchAction\",\"target\":{\"@type\":\"EntryPoint\",\"urlTemplate\":\"https:\\\/\\\/naturalpoland.com\\\/ko\\\/?s={search_term_string}\"},\"query-input\":{\"@type\":\"PropertyValueSpecification\",\"valueRequired\":true,\"valueName\":\"search_term_string\"}}],\"inLanguage\":\"ko-KR\"},{\"@type\":\"Organization\",\"@id\":\"https:\\\/\\\/naturalpoland.com\\\/ko\\\/#organization\",\"name\":\"Natural Poland\",\"url\":\"https:\\\/\\\/naturalpoland.com\\\/ko\\\/\",\"logo\":{\"@type\":\"ImageObject\",\"inLanguage\":\"ko-KR\",\"@id\":\"https:\\\/\\\/naturalpoland.com\\\/ko\\\/#\\\/schema\\\/logo\\\/image\\\/\",\"url\":\"https:\\\/\\\/naturalpoland.com\\\/wp-content\\\/uploads\\\/2021\\\/05\\\/natural-poland-icon.png\",\"contentUrl\":\"https:\\\/\\\/naturalpoland.com\\\/wp-content\\\/uploads\\\/2021\\\/05\\\/natural-poland-icon.png\",\"width\":512,\"height\":512,\"caption\":\"Natural Poland\"},\"image\":{\"@id\":\"https:\\\/\\\/naturalpoland.com\\\/ko\\\/#\\\/schema\\\/logo\\\/image\\\/\"},\"sameAs\":[\"https:\\\/\\\/www.facebook.com\\\/naturalpoland.b2b\",\"https:\\\/\\\/pl.linkedin.com\\\/company\\\/natural-poland\",\"https:\\\/\\\/www.youtube.com\\\/channel\\\/UCgeGGkvOMahZo-xu_MSEWxg\"]}]}<\/script>\n<!-- \/ Yoast SEO plugin. -->","yoast_head_json":{"title":"\ubc00\ud06c \ud5a5 - Hurtowy Dystrybutor","description":"\ubc00\ud06c \ud5a5\uc740 \ub2e4\uc591\ud55c \ubcc0\ud615\uc73c\ub85c \uc81c\uacf5\ub3fc\uc694. \uc800\ud76c\ub294 \uac10\uac01\uc801 \ud504\ub85c\ud544\uc774 \ub2e4\ub978 \ucc9c\uc5f0, \uc561\uc0c1, \uadf8\ub9ac\uace0 \ubd84\ub9d0 \ud615\ud0dc\ub97c \ubaa8\ub450 \uc81c\uacf5\ud574\uc694.","robots":{"index":"index","follow":"follow","max-snippet":"max-snippet:-1","max-image-preview":"max-image-preview:large","max-video-preview":"max-video-preview:-1"},"canonical":"https:\/\/naturalpoland.com\/ko\/je-pum\/sig-pum-won-ryo\/hyang-ryo\/gi-ta-hyang-ryo\/%eb%b0%80%ed%81%ac-%ed%96%a5\/","og_locale":"ko_KR","og_type":"article","og_title":"\ubc00\ud06c \ud5a5 - Hurtowy Dystrybutor","og_description":"\ubc00\ud06c \ud5a5\uc740 \ub2e4\uc591\ud55c \ubcc0\ud615\uc73c\ub85c \uc81c\uacf5\ub3fc\uc694. \uc800\ud76c\ub294 \uac10\uac01\uc801 \ud504\ub85c\ud544\uc774 \ub2e4\ub978 \ucc9c\uc5f0, \uc561\uc0c1, \uadf8\ub9ac\uace0 \ubd84\ub9d0 \ud615\ud0dc\ub97c \ubaa8\ub450 \uc81c\uacf5\ud574\uc694.","og_url":"https:\/\/naturalpoland.com\/ko\/je-pum\/sig-pum-won-ryo\/hyang-ryo\/gi-ta-hyang-ryo\/%eb%b0%80%ed%81%ac-%ed%96%a5\/","og_site_name":"NATURAL POLAND - Hurtowy Dystrybutor Surowc\u00f3w","article_publisher":"https:\/\/www.facebook.com\/naturalpoland.b2b","article_modified_time":"2025-08-27T10:52:41+00:00","og_image":[{"width":1024,"height":1024,"url":"https:\/\/naturalpoland.com\/wp-content\/uploads\/aromat-mleczny.webp","type":"image\/webp"}],"schema":{"@context":"https:\/\/schema.org","@graph":[{"@type":"WebPage","@id":"https:\/\/naturalpoland.com\/ko\/je-pum\/sig-pum-won-ryo\/hyang-ryo\/gi-ta-hyang-ryo\/%eb%b0%80%ed%81%ac-%ed%96%a5\/","url":"https:\/\/naturalpoland.com\/ko\/je-pum\/sig-pum-won-ryo\/hyang-ryo\/gi-ta-hyang-ryo\/%eb%b0%80%ed%81%ac-%ed%96%a5\/","name":"\ubc00\ud06c \ud5a5 - Hurtowy Dystrybutor","isPartOf":{"@id":"https:\/\/naturalpoland.com\/ko\/#website"},"primaryImageOfPage":{"@id":"https:\/\/naturalpoland.com\/ko\/je-pum\/sig-pum-won-ryo\/hyang-ryo\/gi-ta-hyang-ryo\/%eb%b0%80%ed%81%ac-%ed%96%a5\/#primaryimage"},"image":{"@id":"https:\/\/naturalpoland.com\/ko\/je-pum\/sig-pum-won-ryo\/hyang-ryo\/gi-ta-hyang-ryo\/%eb%b0%80%ed%81%ac-%ed%96%a5\/#primaryimage"},"thumbnailUrl":"https:\/\/naturalpoland.com\/wp-content\/uploads\/aromat-mleczny.webp","datePublished":"2025-08-26T10:45:29+00:00","dateModified":"2025-08-27T10:52:41+00:00","description":"\ubc00\ud06c \ud5a5\uc740 \ub2e4\uc591\ud55c \ubcc0\ud615\uc73c\ub85c \uc81c\uacf5\ub3fc\uc694. \uc800\ud76c\ub294 \uac10\uac01\uc801 \ud504\ub85c\ud544\uc774 \ub2e4\ub978 \ucc9c\uc5f0, \uc561\uc0c1, \uadf8\ub9ac\uace0 \ubd84\ub9d0 \ud615\ud0dc\ub97c \ubaa8\ub450 \uc81c\uacf5\ud574\uc694.","breadcrumb":{"@id":"https:\/\/naturalpoland.com\/ko\/je-pum\/sig-pum-won-ryo\/hyang-ryo\/gi-ta-hyang-ryo\/%eb%b0%80%ed%81%ac-%ed%96%a5\/#breadcrumb"},"inLanguage":"ko-KR","potentialAction":[{"@type":"ReadAction","target":["https:\/\/naturalpoland.com\/ko\/je-pum\/sig-pum-won-ryo\/hyang-ryo\/gi-ta-hyang-ryo\/%eb%b0%80%ed%81%ac-%ed%96%a5\/"]}]},{"@type":"ImageObject","inLanguage":"ko-KR","@id":"https:\/\/naturalpoland.com\/ko\/je-pum\/sig-pum-won-ryo\/hyang-ryo\/gi-ta-hyang-ryo\/%eb%b0%80%ed%81%ac-%ed%96%a5\/#primaryimage","url":"https:\/\/naturalpoland.com\/wp-content\/uploads\/aromat-mleczny.webp","contentUrl":"https:\/\/naturalpoland.com\/wp-content\/uploads\/aromat-mleczny.webp","width":1024,"height":1024,"caption":"aromat mleczny"},{"@type":"BreadcrumbList","@id":"https:\/\/naturalpoland.com\/ko\/je-pum\/sig-pum-won-ryo\/hyang-ryo\/gi-ta-hyang-ryo\/%eb%b0%80%ed%81%ac-%ed%96%a5\/#breadcrumb","itemListElement":[{"@type":"ListItem","position":1,"name":"\ud648","item":"https:\/\/naturalpoland.com\/ko\/"},{"@type":"ListItem","position":2,"name":"\uc81c\ud488","item":"https:\/\/naturalpoland.com\/ko\/%ec%a0%9c%ed%92%88\/"},{"@type":"ListItem","position":3,"name":"\ubc00\ud06c \ud5a5"}]},{"@type":"WebSite","@id":"https:\/\/naturalpoland.com\/ko\/#website","url":"https:\/\/naturalpoland.com\/ko\/","name":"NATURAL POLAND - Hurtowy Dystrybutor Surowc\u00f3w","description":"Surowce dla przemys\u0142u spo\u017cywczego, kosmetycznego i farmaceutycznego","publisher":{"@id":"https:\/\/naturalpoland.com\/ko\/#organization"},"potentialAction":[{"@type":"SearchAction","target":{"@type":"EntryPoint","urlTemplate":"https:\/\/naturalpoland.com\/ko\/?s={search_term_string}"},"query-input":{"@type":"PropertyValueSpecification","valueRequired":true,"valueName":"search_term_string"}}],"inLanguage":"ko-KR"},{"@type":"Organization","@id":"https:\/\/naturalpoland.com\/ko\/#organization","name":"Natural Poland","url":"https:\/\/naturalpoland.com\/ko\/","logo":{"@type":"ImageObject","inLanguage":"ko-KR","@id":"https:\/\/naturalpoland.com\/ko\/#\/schema\/logo\/image\/","url":"https:\/\/naturalpoland.com\/wp-content\/uploads\/2021\/05\/natural-poland-icon.png","contentUrl":"https:\/\/naturalpoland.com\/wp-content\/uploads\/2021\/05\/natural-poland-icon.png","width":512,"height":512,"caption":"Natural Poland"},"image":{"@id":"https:\/\/naturalpoland.com\/ko\/#\/schema\/logo\/image\/"},"sameAs":["https:\/\/www.facebook.com\/naturalpoland.b2b","https:\/\/pl.linkedin.com\/company\/natural-poland","https:\/\/www.youtube.com\/channel\/UCgeGGkvOMahZo-xu_MSEWxg"]}]}},"_links":{"self":[{"href":"https:\/\/naturalpoland.com\/ko\/wp-json\/wp\/v2\/product\/43099","targetHints":{"allow":["GET"]}}],"collection":[{"href":"https:\/\/naturalpoland.com\/ko\/wp-json\/wp\/v2\/product"}],"about":[{"href":"https:\/\/naturalpoland.com\/ko\/wp-json\/wp\/v2\/types\/product"}],"wp:featuredmedia":[{"embeddable":true,"href":"https:\/\/naturalpoland.com\/ko\/wp-json\/wp\/v2\/media\/43076"}],"wp:attachment":[{"href":"https:\/\/naturalpoland.com\/ko\/wp-json\/wp\/v2\/media?parent=43099"}],"wp:term":[{"taxonomy":"product_brand","embeddable":true,"href":"https:\/\/naturalpoland.com\/ko\/wp-json\/wp\/v2\/product_brand?post=43099"},{"taxonomy":"product_cat","embeddable":true,"href":"https:\/\/naturalpoland.com\/ko\/wp-json\/wp\/v2\/product_cat?post=43099"},{"taxonomy":"product_tag","embeddable":true,"href":"https:\/\/naturalpoland.com\/ko\/wp-json\/wp\/v2\/product_tag?post=43099"}],"curies":[{"name":"wp","href":"https:\/\/api.w.org\/{rel}","templated":true}]}}