{"id":43152,"date":"2021-05-11T13:39:24","date_gmt":"2021-05-11T11:39:24","guid":{"rendered":"https:\/\/naturalpoland.com\/produkty\/uncategorized\/%ea%b5%ac%ea%b5%b4-%ec%b6%94%ec%b6%9c%eb%ac%bc\/"},"modified":"2025-09-04T12:25:38","modified_gmt":"2025-09-04T10:25:38","slug":"%ea%b5%ac%ea%b5%b4-%ec%b6%94%ec%b6%9c%eb%ac%bc","status":"publish","type":"product","link":"https:\/\/naturalpoland.com\/ko\/je-pum\/ui-yak-pum-won-ryo\/geon-gang-gi-neung-sig-pum-cheom-ga-mul\/%ea%b5%ac%ea%b5%b4-%ec%b6%94%ec%b6%9c%eb%ac%bc\/","title":{"rendered":"\uad6c\uad74 \ucd94\ucd9c\ubb3c"},"content":{"rendered":"<p>Natural Poland\ub294 \ucc9c\uc5f0<strong> \uad6c\uad74 \ucd94\ucd9c\ubb3c<\/strong>\uc758 \ub3c4\ub9e4 \uc720\ud1b5\uc5c5\uccb4\uc785\ub2c8\ub2e4. \uc800\ud76c\ub294 \ubd88\uc21c\ubb3c\uc774\ub098 \ud76c\uc11d\uc81c\uac00 \uc5c6\ub294 \uc2e0\uc120\ud55c 100% \uc81c\ud488\uc744 \uc81c\uacf5\ud569\ub2c8\ub2e4.<\/p>\n<p>\uad6c\uad74 \ucd94\ucd9c\ubb3c\uc740 \uac08\uc0c9-\ub178\ub780\uc0c9\uc758 \ubbf8\uc138\ud55c \ubd84\ub9d0 \ud615\ud0dc\uc785\ub2c8\ub2e4. UV \uce21\uc815\ubc95\uc73c\ub85c \uce21\uc815\ub41c \ud65c\uc131 \uc131\ubd84\uc778 \uad6c\uad74\uc2a4\ud14c\ub860\uc744 \ucd5c\uc18c 20% \ud568\uc720\ud558\uace0 \uc788\uc5b4 \ub192\uc740 \ud6a8\ub2a5\uc744 \ubcf4\uc7a5\ud569\ub2c8\ub2e4. <\/p>\n<p>\uc774 \uc81c\ud488\uc740 \uc5d0\ud0c4\uc62c\uacfc \ubb3c\uc744 \uc0ac\uc6a9\ud558\uc5ec \ucd94\ucd9c\ub429\ub2c8\ub2e4. \uc774\ub294 \uc2dd\ubb3c\uc758 \uc120\ubcc4\ub41c \ubd80\ubd84\uc778 \uc218\uc9c0\uc5d0\uc11c \uc21c\uc218\ud558\uace0 \ub18d\ucd95\ub41c \ucd94\ucd9c\ubb3c\uc744 \uc5bb\uc744 \uc218 \uc788\ub294 \uc548\uc804\ud558\uace0 \ud6a8\uacfc\uc801\uc778 \ucd94\ucd9c \ubc29\ubc95\uc785\ub2c8\ub2e4. \uc774 \ucd94\ucd9c \ubc29\ubc95\uc740 \ud575\uc2ec \ud65c\uc131 \uc131\ubd84\uc758 \ubcf4\uc874\uacfc \uc0dd\uccb4 \uc774\uc6a9\ub960\uc758 \uadf9\ub300\ud654\ub97c \ubcf4\uc7a5\ud569\ub2c8\ub2e4. <\/p>\n<p>\uad6c\uad74 \ucd94\ucd9c\ubb3c\uc740 \uac74\uac15 \ubcf4\uc870 \uc2dd\ud488 \ubc0f \uac74\uac15 \uc9c0\uc6d0 \uc81c\ud488\uc5d0 \ub110\ub9ac \uc0ac\uc6a9\ub429\ub2c8\ub2e4. \ud2b9\ud788 \uccb4\uc911 \uad00\ub9ac, \uc2ec\ud608\uad00 \uc2dc\uc2a4\ud15c \uc9c0\uc6d0 \ubc0f \uc9c0\uc9c8 \ud504\ub85c\ud544 \uac1c\uc120\uacfc \uad00\ub828\ub41c \ubd84\uc57c\uc5d0\uc11c \uadf8\ub807\uc2b5\ub2c8\ub2e4. \uadf8\uac83\uc758 \ucc9c\uc5f0 \uc720\ub798\uc640 \uc785\uc99d\ub41c \uad6c\uad74\uc2a4\ud14c\ub860 \ud568\ub7c9\uc740 \uac74\uac15\ud55c \uc0dd\ud65c \ubc29\uc2dd\uc744 \uc9c0\uc6d0\ud558\ub294 \uc790\uc5f0\uc801\uc774\uace0 \ud6a8\uacfc\uc801\uc778 \ud574\uacb0\ucc45\uc744 \ucc3e\ub294 \uc0ac\ub78c\ub4e4\uc5d0\uac8c \uc2e0\ub8b0\ud560 \uc218 \uc788\ub294 \uc120\ud0dd\uc774 \ub429\ub2c8\ub2e4. <\/p>\n<p>\uc774 \uc81c\ud488\uc740 \uace0\ud488\uc9c8\uc758 \uc785\uc99d\ub41c \ud6a8\ub2a5\uc744 \uac00\uc9c4 \ucc9c\uc5f0 \uc131\ubd84\uc73c\ub85c \uc790\uc0ac\uc758 \uc81c\ud488\uad70\uc744 \ud48d\ubd80\ud558\uac8c \ud558\uace0\uc790 \ud558\ub294 \uac74\uac15 \ubcf4\uc870 \uc2dd\ud488 \uc81c\uc870\uc5c5\uccb4, \uc81c\uc57d \ud68c\uc0ac \ubc0f \uac74\uac15 \ubc0f \uc6f0\ub2c8\uc2a4 \uc0b0\uc5c5 \uc804\ubb38\uac00\uc5d0\uac8c \uc774\uc0c1\uc801\uc778 \uc120\ud0dd\uc785\ub2c8\ub2e4.<\/p>\n","protected":false},"excerpt":{"rendered":"<p>\ubd84\ub9d0 \ud615\ud0dc\uc758 \uad6c\uad74 \ucd94\ucd9c\ubb3c\uc740 \uace0\ud488\uc9c8\uc758 \uc138\uc2ec\ud558\uac8c \uc900\ube44\ub41c \uc81c\ud488\uc73c\ub85c, \uac74\uac15\uc5d0 \uc720\uc775\ud55c \uc601\ud5a5\uc73c\ub85c \uc54c\ub824\uc9c4 \uad6c\uad74 \uc218\uc9c0\uc758 \uc804\ud1b5\uc801\uc778 \ud2b9\uc131\uc744 \ud65c\uc6a9\ud569\ub2c8\ub2e4.<\/p>\n","protected":false},"featured_media":43153,"template":"","meta":{"_acf_changed":false},"product_brand":[],"product_cat":[8134,8143],"product_tag":[],"class_list":{"0":"post-43152","1":"product","2":"type-product","3":"status-publish","4":"has-post-thumbnail","6":"product_cat-sig-mul-chu-chul-mul","7":"product_cat-geon-gang-gi-neung-sig-pum-cheom-ga-mul","8":"pa_czesc-rosliny-9005","10":"first","11":"instock","12":"shipping-taxable","13":"product-type-simple"},"acf":[],"yoast_head":"<!-- This site is optimized with the Yoast SEO plugin v27.4 - https:\/\/yoast.com\/product\/yoast-seo-wordpress\/ -->\n<title>\uad6c\uad74 \ucd94\ucd9c\ubb3c - Hurtowy Dystrybutor<\/title>\n<meta name=\"description\" content=\"\uad6c\uad74 \ucd94\ucd9c\ubb3c\uc740 \uc778\ub3c4\uc0b0 \uc218\uc9c0\uc5d0\uc11c \ucd94\ucd9c\ud55c \ucc9c\uc5f0 \uc81c\ud488\uc785\ub2c8\ub2e4. \ud608\ub2f9 \uc218\uce58\ub97c \uc801\uc808\ud558\uac8c \uc720\uc9c0\ud558\ub294 \ud2b9\uc131\uc744 \uac00\uc9c0\uace0 \uc788\uc2b5\ub2c8\ub2e4.\" \/>\n<meta name=\"robots\" content=\"index, follow, max-snippet:-1, max-image-preview:large, max-video-preview:-1\" \/>\n<link rel=\"canonical\" href=\"https:\/\/naturalpoland.com\/ko\/je-pum\/ui-yak-pum-won-ryo\/geon-gang-gi-neung-sig-pum-cheom-ga-mul\/%ea%b5%ac%ea%b5%b4-%ec%b6%94%ec%b6%9c%eb%ac%bc\/\" \/>\n<meta property=\"og:locale\" content=\"ko_KR\" \/>\n<meta property=\"og:type\" content=\"article\" \/>\n<meta property=\"og:title\" content=\"\uad6c\uad74 \ucd94\ucd9c\ubb3c - Hurtowy Dystrybutor\" \/>\n<meta property=\"og:description\" content=\"\uad6c\uad74 \ucd94\ucd9c\ubb3c\uc740 \uc778\ub3c4\uc0b0 \uc218\uc9c0\uc5d0\uc11c \ucd94\ucd9c\ud55c \ucc9c\uc5f0 \uc81c\ud488\uc785\ub2c8\ub2e4. \ud608\ub2f9 \uc218\uce58\ub97c \uc801\uc808\ud558\uac8c \uc720\uc9c0\ud558\ub294 \ud2b9\uc131\uc744 \uac00\uc9c0\uace0 \uc788\uc2b5\ub2c8\ub2e4.\" \/>\n<meta property=\"og:url\" content=\"https:\/\/naturalpoland.com\/ko\/je-pum\/ui-yak-pum-won-ryo\/geon-gang-gi-neung-sig-pum-cheom-ga-mul\/%ea%b5%ac%ea%b5%b4-%ec%b6%94%ec%b6%9c%eb%ac%bc\/\" \/>\n<meta property=\"og:site_name\" content=\"NATURAL POLAND - Hurtowy Dystrybutor Surowc\u00f3w\" \/>\n<meta property=\"article:publisher\" content=\"https:\/\/www.facebook.com\/naturalpoland.b2b\" \/>\n<meta property=\"article:modified_time\" content=\"2025-09-04T10:25:38+00:00\" \/>\n<meta property=\"og:image\" content=\"https:\/\/naturalpoland.com\/wp-content\/uploads\/2021\/05\/guggul-extract.jpg\" \/>\n\t<meta property=\"og:image:width\" content=\"423\" \/>\n\t<meta property=\"og:image:height\" content=\"283\" \/>\n\t<meta property=\"og:image:type\" content=\"image\/jpeg\" \/>\n<script type=\"application\/ld+json\" class=\"yoast-schema-graph\">{\"@context\":\"https:\\\/\\\/schema.org\",\"@graph\":[{\"@type\":\"WebPage\",\"@id\":\"https:\\\/\\\/naturalpoland.com\\\/ko\\\/je-pum\\\/ui-yak-pum-won-ryo\\\/geon-gang-gi-neung-sig-pum-cheom-ga-mul\\\/%ea%b5%ac%ea%b5%b4-%ec%b6%94%ec%b6%9c%eb%ac%bc\\\/\",\"url\":\"https:\\\/\\\/naturalpoland.com\\\/ko\\\/je-pum\\\/ui-yak-pum-won-ryo\\\/geon-gang-gi-neung-sig-pum-cheom-ga-mul\\\/%ea%b5%ac%ea%b5%b4-%ec%b6%94%ec%b6%9c%eb%ac%bc\\\/\",\"name\":\"\uad6c\uad74 \ucd94\ucd9c\ubb3c - Hurtowy Dystrybutor\",\"isPartOf\":{\"@id\":\"https:\\\/\\\/naturalpoland.com\\\/ko\\\/#website\"},\"primaryImageOfPage\":{\"@id\":\"https:\\\/\\\/naturalpoland.com\\\/ko\\\/je-pum\\\/ui-yak-pum-won-ryo\\\/geon-gang-gi-neung-sig-pum-cheom-ga-mul\\\/%ea%b5%ac%ea%b5%b4-%ec%b6%94%ec%b6%9c%eb%ac%bc\\\/#primaryimage\"},\"image\":{\"@id\":\"https:\\\/\\\/naturalpoland.com\\\/ko\\\/je-pum\\\/ui-yak-pum-won-ryo\\\/geon-gang-gi-neung-sig-pum-cheom-ga-mul\\\/%ea%b5%ac%ea%b5%b4-%ec%b6%94%ec%b6%9c%eb%ac%bc\\\/#primaryimage\"},\"thumbnailUrl\":\"https:\\\/\\\/naturalpoland.com\\\/wp-content\\\/uploads\\\/2021\\\/05\\\/guggul-extract.jpg\",\"datePublished\":\"2021-05-11T11:39:24+00:00\",\"dateModified\":\"2025-09-04T10:25:38+00:00\",\"description\":\"\uad6c\uad74 \ucd94\ucd9c\ubb3c\uc740 \uc778\ub3c4\uc0b0 \uc218\uc9c0\uc5d0\uc11c \ucd94\ucd9c\ud55c \ucc9c\uc5f0 \uc81c\ud488\uc785\ub2c8\ub2e4. \ud608\ub2f9 \uc218\uce58\ub97c \uc801\uc808\ud558\uac8c \uc720\uc9c0\ud558\ub294 \ud2b9\uc131\uc744 \uac00\uc9c0\uace0 \uc788\uc2b5\ub2c8\ub2e4.\",\"breadcrumb\":{\"@id\":\"https:\\\/\\\/naturalpoland.com\\\/ko\\\/je-pum\\\/ui-yak-pum-won-ryo\\\/geon-gang-gi-neung-sig-pum-cheom-ga-mul\\\/%ea%b5%ac%ea%b5%b4-%ec%b6%94%ec%b6%9c%eb%ac%bc\\\/#breadcrumb\"},\"inLanguage\":\"ko-KR\",\"potentialAction\":[{\"@type\":\"ReadAction\",\"target\":[\"https:\\\/\\\/naturalpoland.com\\\/ko\\\/je-pum\\\/ui-yak-pum-won-ryo\\\/geon-gang-gi-neung-sig-pum-cheom-ga-mul\\\/%ea%b5%ac%ea%b5%b4-%ec%b6%94%ec%b6%9c%eb%ac%bc\\\/\"]}]},{\"@type\":\"ImageObject\",\"inLanguage\":\"ko-KR\",\"@id\":\"https:\\\/\\\/naturalpoland.com\\\/ko\\\/je-pum\\\/ui-yak-pum-won-ryo\\\/geon-gang-gi-neung-sig-pum-cheom-ga-mul\\\/%ea%b5%ac%ea%b5%b4-%ec%b6%94%ec%b6%9c%eb%ac%bc\\\/#primaryimage\",\"url\":\"https:\\\/\\\/naturalpoland.com\\\/wp-content\\\/uploads\\\/2021\\\/05\\\/guggul-extract.jpg\",\"contentUrl\":\"https:\\\/\\\/naturalpoland.com\\\/wp-content\\\/uploads\\\/2021\\\/05\\\/guggul-extract.jpg\",\"width\":423,\"height\":283,\"caption\":\"\uad6c\uad74 \ucd94\ucd9c\ubb3c\"},{\"@type\":\"BreadcrumbList\",\"@id\":\"https:\\\/\\\/naturalpoland.com\\\/ko\\\/je-pum\\\/ui-yak-pum-won-ryo\\\/geon-gang-gi-neung-sig-pum-cheom-ga-mul\\\/%ea%b5%ac%ea%b5%b4-%ec%b6%94%ec%b6%9c%eb%ac%bc\\\/#breadcrumb\",\"itemListElement\":[{\"@type\":\"ListItem\",\"position\":1,\"name\":\"\ud648\",\"item\":\"https:\\\/\\\/naturalpoland.com\\\/ko\\\/\"},{\"@type\":\"ListItem\",\"position\":2,\"name\":\"\uc81c\ud488\",\"item\":\"https:\\\/\\\/naturalpoland.com\\\/ko\\\/%ec%a0%9c%ed%92%88\\\/\"},{\"@type\":\"ListItem\",\"position\":3,\"name\":\"\uad6c\uad74 \ucd94\ucd9c\ubb3c\"}]},{\"@type\":\"WebSite\",\"@id\":\"https:\\\/\\\/naturalpoland.com\\\/ko\\\/#website\",\"url\":\"https:\\\/\\\/naturalpoland.com\\\/ko\\\/\",\"name\":\"NATURAL POLAND - Hurtowy Dystrybutor Surowc\u00f3w\",\"description\":\"Surowce dla przemys\u0142u spo\u017cywczego, kosmetycznego i farmaceutycznego\",\"publisher\":{\"@id\":\"https:\\\/\\\/naturalpoland.com\\\/ko\\\/#organization\"},\"potentialAction\":[{\"@type\":\"SearchAction\",\"target\":{\"@type\":\"EntryPoint\",\"urlTemplate\":\"https:\\\/\\\/naturalpoland.com\\\/ko\\\/?s={search_term_string}\"},\"query-input\":{\"@type\":\"PropertyValueSpecification\",\"valueRequired\":true,\"valueName\":\"search_term_string\"}}],\"inLanguage\":\"ko-KR\"},{\"@type\":\"Organization\",\"@id\":\"https:\\\/\\\/naturalpoland.com\\\/ko\\\/#organization\",\"name\":\"Natural Poland\",\"url\":\"https:\\\/\\\/naturalpoland.com\\\/ko\\\/\",\"logo\":{\"@type\":\"ImageObject\",\"inLanguage\":\"ko-KR\",\"@id\":\"https:\\\/\\\/naturalpoland.com\\\/ko\\\/#\\\/schema\\\/logo\\\/image\\\/\",\"url\":\"https:\\\/\\\/naturalpoland.com\\\/wp-content\\\/uploads\\\/2021\\\/05\\\/natural-poland-icon.png\",\"contentUrl\":\"https:\\\/\\\/naturalpoland.com\\\/wp-content\\\/uploads\\\/2021\\\/05\\\/natural-poland-icon.png\",\"width\":512,\"height\":512,\"caption\":\"Natural Poland\"},\"image\":{\"@id\":\"https:\\\/\\\/naturalpoland.com\\\/ko\\\/#\\\/schema\\\/logo\\\/image\\\/\"},\"sameAs\":[\"https:\\\/\\\/www.facebook.com\\\/naturalpoland.b2b\",\"https:\\\/\\\/pl.linkedin.com\\\/company\\\/natural-poland\",\"https:\\\/\\\/www.youtube.com\\\/channel\\\/UCgeGGkvOMahZo-xu_MSEWxg\"]}]}<\/script>\n<!-- \/ Yoast SEO plugin. -->","yoast_head_json":{"title":"\uad6c\uad74 \ucd94\ucd9c\ubb3c - Hurtowy Dystrybutor","description":"\uad6c\uad74 \ucd94\ucd9c\ubb3c\uc740 \uc778\ub3c4\uc0b0 \uc218\uc9c0\uc5d0\uc11c \ucd94\ucd9c\ud55c \ucc9c\uc5f0 \uc81c\ud488\uc785\ub2c8\ub2e4. \ud608\ub2f9 \uc218\uce58\ub97c \uc801\uc808\ud558\uac8c \uc720\uc9c0\ud558\ub294 \ud2b9\uc131\uc744 \uac00\uc9c0\uace0 \uc788\uc2b5\ub2c8\ub2e4.","robots":{"index":"index","follow":"follow","max-snippet":"max-snippet:-1","max-image-preview":"max-image-preview:large","max-video-preview":"max-video-preview:-1"},"canonical":"https:\/\/naturalpoland.com\/ko\/je-pum\/ui-yak-pum-won-ryo\/geon-gang-gi-neung-sig-pum-cheom-ga-mul\/%ea%b5%ac%ea%b5%b4-%ec%b6%94%ec%b6%9c%eb%ac%bc\/","og_locale":"ko_KR","og_type":"article","og_title":"\uad6c\uad74 \ucd94\ucd9c\ubb3c - Hurtowy Dystrybutor","og_description":"\uad6c\uad74 \ucd94\ucd9c\ubb3c\uc740 \uc778\ub3c4\uc0b0 \uc218\uc9c0\uc5d0\uc11c \ucd94\ucd9c\ud55c \ucc9c\uc5f0 \uc81c\ud488\uc785\ub2c8\ub2e4. \ud608\ub2f9 \uc218\uce58\ub97c \uc801\uc808\ud558\uac8c \uc720\uc9c0\ud558\ub294 \ud2b9\uc131\uc744 \uac00\uc9c0\uace0 \uc788\uc2b5\ub2c8\ub2e4.","og_url":"https:\/\/naturalpoland.com\/ko\/je-pum\/ui-yak-pum-won-ryo\/geon-gang-gi-neung-sig-pum-cheom-ga-mul\/%ea%b5%ac%ea%b5%b4-%ec%b6%94%ec%b6%9c%eb%ac%bc\/","og_site_name":"NATURAL POLAND - Hurtowy Dystrybutor Surowc\u00f3w","article_publisher":"https:\/\/www.facebook.com\/naturalpoland.b2b","article_modified_time":"2025-09-04T10:25:38+00:00","og_image":[{"width":423,"height":283,"url":"https:\/\/naturalpoland.com\/wp-content\/uploads\/2021\/05\/guggul-extract.jpg","type":"image\/jpeg"}],"schema":{"@context":"https:\/\/schema.org","@graph":[{"@type":"WebPage","@id":"https:\/\/naturalpoland.com\/ko\/je-pum\/ui-yak-pum-won-ryo\/geon-gang-gi-neung-sig-pum-cheom-ga-mul\/%ea%b5%ac%ea%b5%b4-%ec%b6%94%ec%b6%9c%eb%ac%bc\/","url":"https:\/\/naturalpoland.com\/ko\/je-pum\/ui-yak-pum-won-ryo\/geon-gang-gi-neung-sig-pum-cheom-ga-mul\/%ea%b5%ac%ea%b5%b4-%ec%b6%94%ec%b6%9c%eb%ac%bc\/","name":"\uad6c\uad74 \ucd94\ucd9c\ubb3c - Hurtowy Dystrybutor","isPartOf":{"@id":"https:\/\/naturalpoland.com\/ko\/#website"},"primaryImageOfPage":{"@id":"https:\/\/naturalpoland.com\/ko\/je-pum\/ui-yak-pum-won-ryo\/geon-gang-gi-neung-sig-pum-cheom-ga-mul\/%ea%b5%ac%ea%b5%b4-%ec%b6%94%ec%b6%9c%eb%ac%bc\/#primaryimage"},"image":{"@id":"https:\/\/naturalpoland.com\/ko\/je-pum\/ui-yak-pum-won-ryo\/geon-gang-gi-neung-sig-pum-cheom-ga-mul\/%ea%b5%ac%ea%b5%b4-%ec%b6%94%ec%b6%9c%eb%ac%bc\/#primaryimage"},"thumbnailUrl":"https:\/\/naturalpoland.com\/wp-content\/uploads\/2021\/05\/guggul-extract.jpg","datePublished":"2021-05-11T11:39:24+00:00","dateModified":"2025-09-04T10:25:38+00:00","description":"\uad6c\uad74 \ucd94\ucd9c\ubb3c\uc740 \uc778\ub3c4\uc0b0 \uc218\uc9c0\uc5d0\uc11c \ucd94\ucd9c\ud55c \ucc9c\uc5f0 \uc81c\ud488\uc785\ub2c8\ub2e4. \ud608\ub2f9 \uc218\uce58\ub97c \uc801\uc808\ud558\uac8c \uc720\uc9c0\ud558\ub294 \ud2b9\uc131\uc744 \uac00\uc9c0\uace0 \uc788\uc2b5\ub2c8\ub2e4.","breadcrumb":{"@id":"https:\/\/naturalpoland.com\/ko\/je-pum\/ui-yak-pum-won-ryo\/geon-gang-gi-neung-sig-pum-cheom-ga-mul\/%ea%b5%ac%ea%b5%b4-%ec%b6%94%ec%b6%9c%eb%ac%bc\/#breadcrumb"},"inLanguage":"ko-KR","potentialAction":[{"@type":"ReadAction","target":["https:\/\/naturalpoland.com\/ko\/je-pum\/ui-yak-pum-won-ryo\/geon-gang-gi-neung-sig-pum-cheom-ga-mul\/%ea%b5%ac%ea%b5%b4-%ec%b6%94%ec%b6%9c%eb%ac%bc\/"]}]},{"@type":"ImageObject","inLanguage":"ko-KR","@id":"https:\/\/naturalpoland.com\/ko\/je-pum\/ui-yak-pum-won-ryo\/geon-gang-gi-neung-sig-pum-cheom-ga-mul\/%ea%b5%ac%ea%b5%b4-%ec%b6%94%ec%b6%9c%eb%ac%bc\/#primaryimage","url":"https:\/\/naturalpoland.com\/wp-content\/uploads\/2021\/05\/guggul-extract.jpg","contentUrl":"https:\/\/naturalpoland.com\/wp-content\/uploads\/2021\/05\/guggul-extract.jpg","width":423,"height":283,"caption":"\uad6c\uad74 \ucd94\ucd9c\ubb3c"},{"@type":"BreadcrumbList","@id":"https:\/\/naturalpoland.com\/ko\/je-pum\/ui-yak-pum-won-ryo\/geon-gang-gi-neung-sig-pum-cheom-ga-mul\/%ea%b5%ac%ea%b5%b4-%ec%b6%94%ec%b6%9c%eb%ac%bc\/#breadcrumb","itemListElement":[{"@type":"ListItem","position":1,"name":"\ud648","item":"https:\/\/naturalpoland.com\/ko\/"},{"@type":"ListItem","position":2,"name":"\uc81c\ud488","item":"https:\/\/naturalpoland.com\/ko\/%ec%a0%9c%ed%92%88\/"},{"@type":"ListItem","position":3,"name":"\uad6c\uad74 \ucd94\ucd9c\ubb3c"}]},{"@type":"WebSite","@id":"https:\/\/naturalpoland.com\/ko\/#website","url":"https:\/\/naturalpoland.com\/ko\/","name":"NATURAL POLAND - Hurtowy Dystrybutor Surowc\u00f3w","description":"Surowce dla przemys\u0142u spo\u017cywczego, kosmetycznego i farmaceutycznego","publisher":{"@id":"https:\/\/naturalpoland.com\/ko\/#organization"},"potentialAction":[{"@type":"SearchAction","target":{"@type":"EntryPoint","urlTemplate":"https:\/\/naturalpoland.com\/ko\/?s={search_term_string}"},"query-input":{"@type":"PropertyValueSpecification","valueRequired":true,"valueName":"search_term_string"}}],"inLanguage":"ko-KR"},{"@type":"Organization","@id":"https:\/\/naturalpoland.com\/ko\/#organization","name":"Natural Poland","url":"https:\/\/naturalpoland.com\/ko\/","logo":{"@type":"ImageObject","inLanguage":"ko-KR","@id":"https:\/\/naturalpoland.com\/ko\/#\/schema\/logo\/image\/","url":"https:\/\/naturalpoland.com\/wp-content\/uploads\/2021\/05\/natural-poland-icon.png","contentUrl":"https:\/\/naturalpoland.com\/wp-content\/uploads\/2021\/05\/natural-poland-icon.png","width":512,"height":512,"caption":"Natural Poland"},"image":{"@id":"https:\/\/naturalpoland.com\/ko\/#\/schema\/logo\/image\/"},"sameAs":["https:\/\/www.facebook.com\/naturalpoland.b2b","https:\/\/pl.linkedin.com\/company\/natural-poland","https:\/\/www.youtube.com\/channel\/UCgeGGkvOMahZo-xu_MSEWxg"]}]}},"_links":{"self":[{"href":"https:\/\/naturalpoland.com\/ko\/wp-json\/wp\/v2\/product\/43152","targetHints":{"allow":["GET"]}}],"collection":[{"href":"https:\/\/naturalpoland.com\/ko\/wp-json\/wp\/v2\/product"}],"about":[{"href":"https:\/\/naturalpoland.com\/ko\/wp-json\/wp\/v2\/types\/product"}],"wp:featuredmedia":[{"embeddable":true,"href":"https:\/\/naturalpoland.com\/ko\/wp-json\/wp\/v2\/media\/43153"}],"wp:attachment":[{"href":"https:\/\/naturalpoland.com\/ko\/wp-json\/wp\/v2\/media?parent=43152"}],"wp:term":[{"taxonomy":"product_brand","embeddable":true,"href":"https:\/\/naturalpoland.com\/ko\/wp-json\/wp\/v2\/product_brand?post=43152"},{"taxonomy":"product_cat","embeddable":true,"href":"https:\/\/naturalpoland.com\/ko\/wp-json\/wp\/v2\/product_cat?post=43152"},{"taxonomy":"product_tag","embeddable":true,"href":"https:\/\/naturalpoland.com\/ko\/wp-json\/wp\/v2\/product_tag?post=43152"}],"curies":[{"name":"wp","href":"https:\/\/api.w.org\/{rel}","templated":true}]}}