{"id":43158,"date":"2021-05-11T13:36:30","date_gmt":"2021-05-11T11:36:30","guid":{"rendered":"https:\/\/naturalpoland.com\/produkty\/uncategorized\/%eb%a9%94%ed%86%a1%ec%8b%9c%ec%9d%b4%ec%86%8c%ed%94%8c%eb%9d%bc%eb%b3%b8\/"},"modified":"2025-09-04T12:27:45","modified_gmt":"2025-09-04T10:27:45","slug":"%eb%a9%94%ed%86%a1%ec%8b%9c%ec%9d%b4%ec%86%8c%ed%94%8c%eb%9d%bc%eb%b3%b8","status":"publish","type":"product","link":"https:\/\/naturalpoland.com\/ko\/je-pum\/ui-yak-pum-won-ryo\/geon-gang-gi-neung-sig-pum-cheom-ga-mul\/%eb%a9%94%ed%86%a1%ec%8b%9c%ec%9d%b4%ec%86%8c%ed%94%8c%eb%9d%bc%eb%b3%b8\/","title":{"rendered":"\uba54\ud1a1\uc2dc\uc774\uc18c\ud50c\ub77c\ubcf8"},"content":{"rendered":"<p>\uba54\ud1a1\uc2dc\uc774\uc18c\ud50c\ub77c\ubcf8(5-\uba54\ud2f8-7-\uba54\ud1a1\uc2dc-\uc774\uc18c\ud50c\ub77c\ubcf8)\uc740 \ucf54\ub974\ud2f0\uc190 \ubd84\ube44 \uc5b5\uc81c\ub97c \ud1b5\ud574 \ubb34\uc9c0\ubc29 \uadfc\uc721\ub7c9 \ud615\uc131 \uacfc\uc815\uc744 \ub3d5\uc2b5\ub2c8\ub2e4. \ub610\ud55c \uc2e0\uccb4\uc758 \ud798\uacfc \uc9c0\uad6c\ub825\uc744 \uc99d\uac00\uc2dc\ucf1c \ub354 \uae38\uace0 \uac15\ub3c4 \ub192\uc740 \ud6c8\ub828\uc744 \uac00\ub2a5\ud558\uac8c \ud569\ub2c8\ub2e4. <\/p>\n","protected":false},"excerpt":{"rendered":"<p>5-\uba54\ud2f8-7-\uba54\ud1a1\uc2dc-\uc774\uc18c\ud50c\ub77c\ubcf8\uc740 \ucf69\uc5d0\uc11c \ucd94\ucd9c\ub418\ub294 \ud50c\ub77c\ubcf4\ub178\uc774\ub4dc\uc785\ub2c8\ub2e4. \uc774\ub294 \uba54\ud1a1\uc2dc\uc774\uc18c\ud50c\ub77c\ubcf8\uc774\ub77c\ub294 \uc774\ub984\uc73c\ub85c\ub3c4 \uc54c\ub824\uc838 \uc788\uc2b5\ub2c8\ub2e4. \uc2a4\ud2b8\ub808\uc2a4 \ud638\ub974\ubaac\uc778 \ucf54\ub974\ud2f0\uc194\uc758 \ubd84\ube44\ub97c \uc904\uc774\uae30 \uc704\ud574 \uc0ac\uc6a9\ub429\ub2c8\ub2e4. \uc774 \ud638\ub974\ubaac\uc740 \ubd88\ucf8c\uac10\uc744 \uc720\ubc1c\ud560 \ubfd0\ub9cc \uc544\ub2c8\ub77c \uc131\uc7a5\ud558\ub294 \uadfc\uc721\uc5d0 \uc774\ud654 \uc791\uc6a9\uc744 \uc77c\uc73c\ud0ac \uc218\ub3c4 \uc788\uc2b5\ub2c8\ub2e4. \ucf54\ub974\ud2f0\uc194\uc740 \ub610\ud55c \uccb4\uc9c0\ubc29 \uc99d\uac00\ub97c \ucd09\uc9c4\ud558\ubbc0\ub85c, \uc2e0\uccb4\uc5d0 \ubc14\ub78c\uc9c1\ud558\uc9c0 \uc54a\uc740 \ud638\ub974\ubaac\uc785\ub2c8\ub2e4.    <\/p>\n","protected":false},"featured_media":43159,"template":"","meta":{"_acf_changed":false},"product_brand":[],"product_cat":[8143],"product_tag":[8531],"class_list":{"0":"post-43158","1":"product","2":"type-product","3":"status-publish","4":"has-post-thumbnail","6":"product_cat-geon-gang-gi-neung-sig-pum-cheom-ga-mul","7":"product_tag-8531","9":"first","10":"instock","11":"shipping-taxable","12":"product-type-simple"},"acf":[],"yoast_head":"<!-- This site is optimized with the Yoast SEO plugin v27.4 - https:\/\/yoast.com\/product\/yoast-seo-wordpress\/ -->\n<title>NATURAL POLAND &#8211; Hurtowy Dystrybutor Surowc\u00f3w<\/title>\n<meta name=\"robots\" content=\"index, follow, max-snippet:-1, max-image-preview:large, max-video-preview:-1\" \/>\n<link rel=\"canonical\" href=\"https:\/\/naturalpoland.com\/ko\/je-pum\/ui-yak-pum-won-ryo\/geon-gang-gi-neung-sig-pum-cheom-ga-mul\/%eb%a9%94%ed%86%a1%ec%8b%9c%ec%9d%b4%ec%86%8c%ed%94%8c%eb%9d%bc%eb%b3%b8\/\" \/>\n<meta property=\"og:locale\" content=\"ko_KR\" \/>\n<meta property=\"og:type\" content=\"article\" \/>\n<meta property=\"og:description\" content=\"5-\uba54\ud2f8-7-\uba54\ud1a1\uc2dc-\uc774\uc18c\ud50c\ub77c\ubcf8\uc740 \ucf69\uc5d0\uc11c \ucd94\ucd9c\ub418\ub294 \ud50c\ub77c\ubcf4\ub178\uc774\ub4dc\uc785\ub2c8\ub2e4. \uc774\ub294 \uba54\ud1a1\uc2dc\uc774\uc18c\ud50c\ub77c\ubcf8\uc774\ub77c\ub294 \uc774\ub984\uc73c\ub85c\ub3c4 \uc54c\ub824\uc838 \uc788\uc2b5\ub2c8\ub2e4. \uc2a4\ud2b8\ub808\uc2a4 \ud638\ub974\ubaac\uc778 \ucf54\ub974\ud2f0\uc194\uc758 \ubd84\ube44\ub97c \uc904\uc774\uae30 \uc704\ud574 \uc0ac\uc6a9\ub429\ub2c8\ub2e4. \uc774 \ud638\ub974\ubaac\uc740 \ubd88\ucf8c\uac10\uc744 \uc720\ubc1c\ud560 \ubfd0\ub9cc \uc544\ub2c8\ub77c \uc131\uc7a5\ud558\ub294 \uadfc\uc721\uc5d0 \uc774\ud654 \uc791\uc6a9\uc744 \uc77c\uc73c\ud0ac \uc218\ub3c4 \uc788\uc2b5\ub2c8\ub2e4. \ucf54\ub974\ud2f0\uc194\uc740 \ub610\ud55c \uccb4\uc9c0\ubc29 \uc99d\uac00\ub97c \ucd09\uc9c4\ud558\ubbc0\ub85c, \uc2e0\uccb4\uc5d0 \ubc14\ub78c\uc9c1\ud558\uc9c0 \uc54a\uc740 \ud638\ub974\ubaac\uc785\ub2c8\ub2e4.\" \/>\n<meta property=\"og:url\" content=\"https:\/\/naturalpoland.com\/ko\/je-pum\/ui-yak-pum-won-ryo\/geon-gang-gi-neung-sig-pum-cheom-ga-mul\/%eb%a9%94%ed%86%a1%ec%8b%9c%ec%9d%b4%ec%86%8c%ed%94%8c%eb%9d%bc%eb%b3%b8\/\" \/>\n<meta property=\"og:site_name\" content=\"NATURAL POLAND - Hurtowy Dystrybutor Surowc\u00f3w\" \/>\n<meta property=\"article:publisher\" content=\"https:\/\/www.facebook.com\/naturalpoland.b2b\" \/>\n<meta property=\"article:modified_time\" content=\"2025-09-04T10:27:45+00:00\" \/>\n<meta property=\"og:image\" content=\"https:\/\/naturalpoland.com\/wp-content\/uploads\/2021\/05\/5-methyl-7-methoxy-isoflavone.jpg\" \/>\n\t<meta property=\"og:image:width\" content=\"400\" \/>\n\t<meta property=\"og:image:height\" content=\"300\" \/>\n\t<meta property=\"og:image:type\" content=\"image\/jpeg\" \/>\n<script type=\"application\/ld+json\" class=\"yoast-schema-graph\">{\"@context\":\"https:\\\/\\\/schema.org\",\"@graph\":[{\"@type\":\"WebPage\",\"@id\":\"https:\\\/\\\/naturalpoland.com\\\/ko\\\/je-pum\\\/ui-yak-pum-won-ryo\\\/geon-gang-gi-neung-sig-pum-cheom-ga-mul\\\/%eb%a9%94%ed%86%a1%ec%8b%9c%ec%9d%b4%ec%86%8c%ed%94%8c%eb%9d%bc%eb%b3%b8\\\/\",\"url\":\"https:\\\/\\\/naturalpoland.com\\\/ko\\\/je-pum\\\/ui-yak-pum-won-ryo\\\/geon-gang-gi-neung-sig-pum-cheom-ga-mul\\\/%eb%a9%94%ed%86%a1%ec%8b%9c%ec%9d%b4%ec%86%8c%ed%94%8c%eb%9d%bc%eb%b3%b8\\\/\",\"name\":\"\",\"isPartOf\":{\"@id\":\"https:\\\/\\\/naturalpoland.com\\\/ko\\\/#website\"},\"primaryImageOfPage\":{\"@id\":\"https:\\\/\\\/naturalpoland.com\\\/ko\\\/je-pum\\\/ui-yak-pum-won-ryo\\\/geon-gang-gi-neung-sig-pum-cheom-ga-mul\\\/%eb%a9%94%ed%86%a1%ec%8b%9c%ec%9d%b4%ec%86%8c%ed%94%8c%eb%9d%bc%eb%b3%b8\\\/#primaryimage\"},\"image\":{\"@id\":\"https:\\\/\\\/naturalpoland.com\\\/ko\\\/je-pum\\\/ui-yak-pum-won-ryo\\\/geon-gang-gi-neung-sig-pum-cheom-ga-mul\\\/%eb%a9%94%ed%86%a1%ec%8b%9c%ec%9d%b4%ec%86%8c%ed%94%8c%eb%9d%bc%eb%b3%b8\\\/#primaryimage\"},\"thumbnailUrl\":\"https:\\\/\\\/naturalpoland.com\\\/wp-content\\\/uploads\\\/2021\\\/05\\\/5-methyl-7-methoxy-isoflavone.jpg\",\"datePublished\":\"2021-05-11T11:36:30+00:00\",\"dateModified\":\"2025-09-04T10:27:45+00:00\",\"breadcrumb\":{\"@id\":\"https:\\\/\\\/naturalpoland.com\\\/ko\\\/je-pum\\\/ui-yak-pum-won-ryo\\\/geon-gang-gi-neung-sig-pum-cheom-ga-mul\\\/%eb%a9%94%ed%86%a1%ec%8b%9c%ec%9d%b4%ec%86%8c%ed%94%8c%eb%9d%bc%eb%b3%b8\\\/#breadcrumb\"},\"inLanguage\":\"ko-KR\",\"potentialAction\":[{\"@type\":\"ReadAction\",\"target\":[\"https:\\\/\\\/naturalpoland.com\\\/ko\\\/je-pum\\\/ui-yak-pum-won-ryo\\\/geon-gang-gi-neung-sig-pum-cheom-ga-mul\\\/%eb%a9%94%ed%86%a1%ec%8b%9c%ec%9d%b4%ec%86%8c%ed%94%8c%eb%9d%bc%eb%b3%b8\\\/\"]}]},{\"@type\":\"ImageObject\",\"inLanguage\":\"ko-KR\",\"@id\":\"https:\\\/\\\/naturalpoland.com\\\/ko\\\/je-pum\\\/ui-yak-pum-won-ryo\\\/geon-gang-gi-neung-sig-pum-cheom-ga-mul\\\/%eb%a9%94%ed%86%a1%ec%8b%9c%ec%9d%b4%ec%86%8c%ed%94%8c%eb%9d%bc%eb%b3%b8\\\/#primaryimage\",\"url\":\"https:\\\/\\\/naturalpoland.com\\\/wp-content\\\/uploads\\\/2021\\\/05\\\/5-methyl-7-methoxy-isoflavone.jpg\",\"contentUrl\":\"https:\\\/\\\/naturalpoland.com\\\/wp-content\\\/uploads\\\/2021\\\/05\\\/5-methyl-7-methoxy-isoflavone.jpg\",\"width\":400,\"height\":300,\"caption\":\"5-\uba54\ud2f8-7-\uba54\ud1a1\uc2dc-\uc774\uc18c\ud50c\ub77c\ubcf8\"},{\"@type\":\"BreadcrumbList\",\"@id\":\"https:\\\/\\\/naturalpoland.com\\\/ko\\\/je-pum\\\/ui-yak-pum-won-ryo\\\/geon-gang-gi-neung-sig-pum-cheom-ga-mul\\\/%eb%a9%94%ed%86%a1%ec%8b%9c%ec%9d%b4%ec%86%8c%ed%94%8c%eb%9d%bc%eb%b3%b8\\\/#breadcrumb\",\"itemListElement\":[{\"@type\":\"ListItem\",\"position\":1,\"name\":\"\ud648\",\"item\":\"https:\\\/\\\/naturalpoland.com\\\/ko\\\/\"},{\"@type\":\"ListItem\",\"position\":2,\"name\":\"\uc81c\ud488\",\"item\":\"https:\\\/\\\/naturalpoland.com\\\/ko\\\/%ec%a0%9c%ed%92%88\\\/\"},{\"@type\":\"ListItem\",\"position\":3,\"name\":\"\uba54\ud1a1\uc2dc\uc774\uc18c\ud50c\ub77c\ubcf8\"}]},{\"@type\":\"WebSite\",\"@id\":\"https:\\\/\\\/naturalpoland.com\\\/ko\\\/#website\",\"url\":\"https:\\\/\\\/naturalpoland.com\\\/ko\\\/\",\"name\":\"NATURAL POLAND - Hurtowy Dystrybutor Surowc\u00f3w\",\"description\":\"Surowce dla przemys\u0142u spo\u017cywczego, kosmetycznego i farmaceutycznego\",\"publisher\":{\"@id\":\"https:\\\/\\\/naturalpoland.com\\\/ko\\\/#organization\"},\"potentialAction\":[{\"@type\":\"SearchAction\",\"target\":{\"@type\":\"EntryPoint\",\"urlTemplate\":\"https:\\\/\\\/naturalpoland.com\\\/ko\\\/?s={search_term_string}\"},\"query-input\":{\"@type\":\"PropertyValueSpecification\",\"valueRequired\":true,\"valueName\":\"search_term_string\"}}],\"inLanguage\":\"ko-KR\"},{\"@type\":\"Organization\",\"@id\":\"https:\\\/\\\/naturalpoland.com\\\/ko\\\/#organization\",\"name\":\"Natural Poland\",\"url\":\"https:\\\/\\\/naturalpoland.com\\\/ko\\\/\",\"logo\":{\"@type\":\"ImageObject\",\"inLanguage\":\"ko-KR\",\"@id\":\"https:\\\/\\\/naturalpoland.com\\\/ko\\\/#\\\/schema\\\/logo\\\/image\\\/\",\"url\":\"https:\\\/\\\/naturalpoland.com\\\/wp-content\\\/uploads\\\/2021\\\/05\\\/natural-poland-icon.png\",\"contentUrl\":\"https:\\\/\\\/naturalpoland.com\\\/wp-content\\\/uploads\\\/2021\\\/05\\\/natural-poland-icon.png\",\"width\":512,\"height\":512,\"caption\":\"Natural Poland\"},\"image\":{\"@id\":\"https:\\\/\\\/naturalpoland.com\\\/ko\\\/#\\\/schema\\\/logo\\\/image\\\/\"},\"sameAs\":[\"https:\\\/\\\/www.facebook.com\\\/naturalpoland.b2b\",\"https:\\\/\\\/pl.linkedin.com\\\/company\\\/natural-poland\",\"https:\\\/\\\/www.youtube.com\\\/channel\\\/UCgeGGkvOMahZo-xu_MSEWxg\"]}]}<\/script>\n<!-- \/ Yoast SEO plugin. -->","yoast_head_json":{"title":"NATURAL POLAND &#8211; Hurtowy Dystrybutor Surowc\u00f3w","robots":{"index":"index","follow":"follow","max-snippet":"max-snippet:-1","max-image-preview":"max-image-preview:large","max-video-preview":"max-video-preview:-1"},"canonical":"https:\/\/naturalpoland.com\/ko\/je-pum\/ui-yak-pum-won-ryo\/geon-gang-gi-neung-sig-pum-cheom-ga-mul\/%eb%a9%94%ed%86%a1%ec%8b%9c%ec%9d%b4%ec%86%8c%ed%94%8c%eb%9d%bc%eb%b3%b8\/","og_locale":"ko_KR","og_type":"article","og_description":"5-\uba54\ud2f8-7-\uba54\ud1a1\uc2dc-\uc774\uc18c\ud50c\ub77c\ubcf8\uc740 \ucf69\uc5d0\uc11c \ucd94\ucd9c\ub418\ub294 \ud50c\ub77c\ubcf4\ub178\uc774\ub4dc\uc785\ub2c8\ub2e4. \uc774\ub294 \uba54\ud1a1\uc2dc\uc774\uc18c\ud50c\ub77c\ubcf8\uc774\ub77c\ub294 \uc774\ub984\uc73c\ub85c\ub3c4 \uc54c\ub824\uc838 \uc788\uc2b5\ub2c8\ub2e4. \uc2a4\ud2b8\ub808\uc2a4 \ud638\ub974\ubaac\uc778 \ucf54\ub974\ud2f0\uc194\uc758 \ubd84\ube44\ub97c \uc904\uc774\uae30 \uc704\ud574 \uc0ac\uc6a9\ub429\ub2c8\ub2e4. \uc774 \ud638\ub974\ubaac\uc740 \ubd88\ucf8c\uac10\uc744 \uc720\ubc1c\ud560 \ubfd0\ub9cc \uc544\ub2c8\ub77c \uc131\uc7a5\ud558\ub294 \uadfc\uc721\uc5d0 \uc774\ud654 \uc791\uc6a9\uc744 \uc77c\uc73c\ud0ac \uc218\ub3c4 \uc788\uc2b5\ub2c8\ub2e4. \ucf54\ub974\ud2f0\uc194\uc740 \ub610\ud55c \uccb4\uc9c0\ubc29 \uc99d\uac00\ub97c \ucd09\uc9c4\ud558\ubbc0\ub85c, \uc2e0\uccb4\uc5d0 \ubc14\ub78c\uc9c1\ud558\uc9c0 \uc54a\uc740 \ud638\ub974\ubaac\uc785\ub2c8\ub2e4.","og_url":"https:\/\/naturalpoland.com\/ko\/je-pum\/ui-yak-pum-won-ryo\/geon-gang-gi-neung-sig-pum-cheom-ga-mul\/%eb%a9%94%ed%86%a1%ec%8b%9c%ec%9d%b4%ec%86%8c%ed%94%8c%eb%9d%bc%eb%b3%b8\/","og_site_name":"NATURAL POLAND - Hurtowy Dystrybutor Surowc\u00f3w","article_publisher":"https:\/\/www.facebook.com\/naturalpoland.b2b","article_modified_time":"2025-09-04T10:27:45+00:00","og_image":[{"width":400,"height":300,"url":"https:\/\/naturalpoland.com\/wp-content\/uploads\/2021\/05\/5-methyl-7-methoxy-isoflavone.jpg","type":"image\/jpeg"}],"schema":{"@context":"https:\/\/schema.org","@graph":[{"@type":"WebPage","@id":"https:\/\/naturalpoland.com\/ko\/je-pum\/ui-yak-pum-won-ryo\/geon-gang-gi-neung-sig-pum-cheom-ga-mul\/%eb%a9%94%ed%86%a1%ec%8b%9c%ec%9d%b4%ec%86%8c%ed%94%8c%eb%9d%bc%eb%b3%b8\/","url":"https:\/\/naturalpoland.com\/ko\/je-pum\/ui-yak-pum-won-ryo\/geon-gang-gi-neung-sig-pum-cheom-ga-mul\/%eb%a9%94%ed%86%a1%ec%8b%9c%ec%9d%b4%ec%86%8c%ed%94%8c%eb%9d%bc%eb%b3%b8\/","name":"","isPartOf":{"@id":"https:\/\/naturalpoland.com\/ko\/#website"},"primaryImageOfPage":{"@id":"https:\/\/naturalpoland.com\/ko\/je-pum\/ui-yak-pum-won-ryo\/geon-gang-gi-neung-sig-pum-cheom-ga-mul\/%eb%a9%94%ed%86%a1%ec%8b%9c%ec%9d%b4%ec%86%8c%ed%94%8c%eb%9d%bc%eb%b3%b8\/#primaryimage"},"image":{"@id":"https:\/\/naturalpoland.com\/ko\/je-pum\/ui-yak-pum-won-ryo\/geon-gang-gi-neung-sig-pum-cheom-ga-mul\/%eb%a9%94%ed%86%a1%ec%8b%9c%ec%9d%b4%ec%86%8c%ed%94%8c%eb%9d%bc%eb%b3%b8\/#primaryimage"},"thumbnailUrl":"https:\/\/naturalpoland.com\/wp-content\/uploads\/2021\/05\/5-methyl-7-methoxy-isoflavone.jpg","datePublished":"2021-05-11T11:36:30+00:00","dateModified":"2025-09-04T10:27:45+00:00","breadcrumb":{"@id":"https:\/\/naturalpoland.com\/ko\/je-pum\/ui-yak-pum-won-ryo\/geon-gang-gi-neung-sig-pum-cheom-ga-mul\/%eb%a9%94%ed%86%a1%ec%8b%9c%ec%9d%b4%ec%86%8c%ed%94%8c%eb%9d%bc%eb%b3%b8\/#breadcrumb"},"inLanguage":"ko-KR","potentialAction":[{"@type":"ReadAction","target":["https:\/\/naturalpoland.com\/ko\/je-pum\/ui-yak-pum-won-ryo\/geon-gang-gi-neung-sig-pum-cheom-ga-mul\/%eb%a9%94%ed%86%a1%ec%8b%9c%ec%9d%b4%ec%86%8c%ed%94%8c%eb%9d%bc%eb%b3%b8\/"]}]},{"@type":"ImageObject","inLanguage":"ko-KR","@id":"https:\/\/naturalpoland.com\/ko\/je-pum\/ui-yak-pum-won-ryo\/geon-gang-gi-neung-sig-pum-cheom-ga-mul\/%eb%a9%94%ed%86%a1%ec%8b%9c%ec%9d%b4%ec%86%8c%ed%94%8c%eb%9d%bc%eb%b3%b8\/#primaryimage","url":"https:\/\/naturalpoland.com\/wp-content\/uploads\/2021\/05\/5-methyl-7-methoxy-isoflavone.jpg","contentUrl":"https:\/\/naturalpoland.com\/wp-content\/uploads\/2021\/05\/5-methyl-7-methoxy-isoflavone.jpg","width":400,"height":300,"caption":"5-\uba54\ud2f8-7-\uba54\ud1a1\uc2dc-\uc774\uc18c\ud50c\ub77c\ubcf8"},{"@type":"BreadcrumbList","@id":"https:\/\/naturalpoland.com\/ko\/je-pum\/ui-yak-pum-won-ryo\/geon-gang-gi-neung-sig-pum-cheom-ga-mul\/%eb%a9%94%ed%86%a1%ec%8b%9c%ec%9d%b4%ec%86%8c%ed%94%8c%eb%9d%bc%eb%b3%b8\/#breadcrumb","itemListElement":[{"@type":"ListItem","position":1,"name":"\ud648","item":"https:\/\/naturalpoland.com\/ko\/"},{"@type":"ListItem","position":2,"name":"\uc81c\ud488","item":"https:\/\/naturalpoland.com\/ko\/%ec%a0%9c%ed%92%88\/"},{"@type":"ListItem","position":3,"name":"\uba54\ud1a1\uc2dc\uc774\uc18c\ud50c\ub77c\ubcf8"}]},{"@type":"WebSite","@id":"https:\/\/naturalpoland.com\/ko\/#website","url":"https:\/\/naturalpoland.com\/ko\/","name":"NATURAL POLAND - Hurtowy Dystrybutor Surowc\u00f3w","description":"Surowce dla przemys\u0142u spo\u017cywczego, kosmetycznego i farmaceutycznego","publisher":{"@id":"https:\/\/naturalpoland.com\/ko\/#organization"},"potentialAction":[{"@type":"SearchAction","target":{"@type":"EntryPoint","urlTemplate":"https:\/\/naturalpoland.com\/ko\/?s={search_term_string}"},"query-input":{"@type":"PropertyValueSpecification","valueRequired":true,"valueName":"search_term_string"}}],"inLanguage":"ko-KR"},{"@type":"Organization","@id":"https:\/\/naturalpoland.com\/ko\/#organization","name":"Natural Poland","url":"https:\/\/naturalpoland.com\/ko\/","logo":{"@type":"ImageObject","inLanguage":"ko-KR","@id":"https:\/\/naturalpoland.com\/ko\/#\/schema\/logo\/image\/","url":"https:\/\/naturalpoland.com\/wp-content\/uploads\/2021\/05\/natural-poland-icon.png","contentUrl":"https:\/\/naturalpoland.com\/wp-content\/uploads\/2021\/05\/natural-poland-icon.png","width":512,"height":512,"caption":"Natural Poland"},"image":{"@id":"https:\/\/naturalpoland.com\/ko\/#\/schema\/logo\/image\/"},"sameAs":["https:\/\/www.facebook.com\/naturalpoland.b2b","https:\/\/pl.linkedin.com\/company\/natural-poland","https:\/\/www.youtube.com\/channel\/UCgeGGkvOMahZo-xu_MSEWxg"]}]}},"_links":{"self":[{"href":"https:\/\/naturalpoland.com\/ko\/wp-json\/wp\/v2\/product\/43158","targetHints":{"allow":["GET"]}}],"collection":[{"href":"https:\/\/naturalpoland.com\/ko\/wp-json\/wp\/v2\/product"}],"about":[{"href":"https:\/\/naturalpoland.com\/ko\/wp-json\/wp\/v2\/types\/product"}],"wp:featuredmedia":[{"embeddable":true,"href":"https:\/\/naturalpoland.com\/ko\/wp-json\/wp\/v2\/media\/43159"}],"wp:attachment":[{"href":"https:\/\/naturalpoland.com\/ko\/wp-json\/wp\/v2\/media?parent=43158"}],"wp:term":[{"taxonomy":"product_brand","embeddable":true,"href":"https:\/\/naturalpoland.com\/ko\/wp-json\/wp\/v2\/product_brand?post=43158"},{"taxonomy":"product_cat","embeddable":true,"href":"https:\/\/naturalpoland.com\/ko\/wp-json\/wp\/v2\/product_cat?post=43158"},{"taxonomy":"product_tag","embeddable":true,"href":"https:\/\/naturalpoland.com\/ko\/wp-json\/wp\/v2\/product_tag?post=43158"}],"curies":[{"name":"wp","href":"https:\/\/api.w.org\/{rel}","templated":true}]}}