{"id":43160,"date":"2021-05-11T13:36:58","date_gmt":"2021-05-11T11:36:58","guid":{"rendered":"https:\/\/naturalpoland.com\/produkty\/uncategorized\/d-%ea%b8%80%eb%a3%a8%ec%bd%94%ec%82%ac%eb%af%bc-%ec%97%bc%ec%82%b0%ec%97%bc\/"},"modified":"2025-09-04T12:27:48","modified_gmt":"2025-09-04T10:27:48","slug":"d-%ea%b8%80%eb%a3%a8%ec%bd%94%ec%82%ac%eb%af%bc-%ec%97%bc%ec%82%b0%ec%97%bc","status":"publish","type":"product","link":"https:\/\/naturalpoland.com\/ko\/je-pum\/ui-yak-pum-won-ryo\/geon-gang-gi-neung-sig-pum-cheom-ga-mul\/d-%ea%b8%80%eb%a3%a8%ec%bd%94%ec%82%ac%eb%af%bc-%ec%97%bc%ec%82%b0%ec%97%bc\/","title":{"rendered":"D-\uae00\ub8e8\ucf54\uc0ac\ubbfc \uc5fc\uc0b0\uc5fc"},"content":{"rendered":"<p>\ub098\uc774\uac00 \ub4e4\uac70\ub098 \uacfc\uccb4\uc911\uc774 \uc99d\uac00\ud568\uc5d0 \ub530\ub77c \uccb4\ub0b4 \uae00\ub8e8\ucf54\uc0ac\ubbfc \uc0dd\uc0b0\ub7c9\uc774 \uac10\uc18c\ud558\uc5ec \ubcf4\ucda9\uc774 \ud544\uc694\ud569\ub2c8\ub2e4. \uc774 \uc544\ubbf8\ub178\ub2f9\uc740 \uc2e0\uccb4\uc5d0\uc11c \uc810\uc810 \ub354 \uc801\uc740 \uc591\uc73c\ub85c \uc0dd\uc131\ub429\ub2c8\ub2e4. \ub530\ub77c\uc11c \uae00\ub8e8\ucf54\uc0ac\ubbfc \ubcf4\ucda9\uc81c\uc5d0 \ud22c\uc790\ud558\ub294 \uac83\uc774 \uc88b\uc2b5\ub2c8\ub2e4. \uc774\ub294 \uad00\uc808 \uac74\uac15\uc5d0 \uae0d\uc815\uc801\uc778 \uc601\ud5a5\uc744 \ubbf8\uce58\uae30 \ub54c\ubb38\uc785\ub2c8\ub2e4.  <\/p>\n","protected":false},"excerpt":{"rendered":"<p>D-\uae00\ub8e8\ucf54\uc0ac\ubbfc \uc5fc\uc0b0\uc5fc\uc740 \uc81c\uc81c\uc5d0 \uc0ac\uc6a9\ub418\ub294 \uae00\ub8e8\ucf54\uc0ac\ubbfc\uc758 \ud55c \ud615\ud0dc\uc785\ub2c8\ub2e4. \uae00\ub8e8\ucf54\uc0ac\ubbfc\uc740 \uc778\uccb4\uc5d0 \uc790\uc5f0\uc801\uc73c\ub85c \uc874\uc7ac\ud558\ub294 \uc544\ubbf8\ub178\ub2f9\uc73c\ub85c, \ud504\ub85c\ud14c\uc624\uae00\ub9ac\uce78 \ud569\uc131\uc5d0 \uad00\uc5ec\ud569\ub2c8\ub2e4. \ud504\ub85c\ud14c\uc624\uae00\ub9ac\uce78\uc740 \uad00\uc808 \uc5f0\uace8\uc758 \uad6c\uc131 \ubb3c\uc9c8\uc785\ub2c8\ub2e4. \uc774 \uc544\ubbf8\ub178\ub2f9 \ub355\ubd84\uc5d0 \uc6b0\ub9ac\ub294 \uc190\uc0c1\ub41c \uad00\uc808\uc744 \uac15\ud654\ud558\uace0 \uc7ac\uc0dd\ud560 \uc218 \uc788\uc73c\uba70, \uacb0\uacfc\uc801\uc73c\ub85c \uac74\uac15 \uc0c1\ud0dc\uc640 \uc0b6\uc758 \uc9c8\uc744 \ud06c\uac8c \ud5a5\uc0c1\uc2dc\ud0ac \uc218 \uc788\uc2b5\ub2c8\ub2e4.   <\/p>\n","protected":false},"featured_media":43161,"template":"","meta":{"_acf_changed":false},"product_brand":[],"product_cat":[8143],"product_tag":[],"class_list":{"0":"post-43160","1":"product","2":"type-product","3":"status-publish","4":"has-post-thumbnail","6":"product_cat-geon-gang-gi-neung-sig-pum-cheom-ga-mul","7":"pa_grupa-substancji-8516","9":"first","10":"instock","11":"shipping-taxable","12":"product-type-simple"},"acf":[],"yoast_head":"<!-- This site is optimized with the Yoast SEO plugin v27.4 - https:\/\/yoast.com\/product\/yoast-seo-wordpress\/ -->\n<title>D-\uae00\ub8e8\ucf54\uc0ac\ubbfc \uc5fc\uc0b0\uc5fc - Hurtowy Dystrybutor<\/title>\n<meta name=\"robots\" content=\"index, follow, max-snippet:-1, max-image-preview:large, max-video-preview:-1\" \/>\n<link rel=\"canonical\" href=\"https:\/\/naturalpoland.com\/ko\/je-pum\/ui-yak-pum-won-ryo\/geon-gang-gi-neung-sig-pum-cheom-ga-mul\/d-%ea%b8%80%eb%a3%a8%ec%bd%94%ec%82%ac%eb%af%bc-%ec%97%bc%ec%82%b0%ec%97%bc\/\" \/>\n<meta property=\"og:locale\" content=\"ko_KR\" \/>\n<meta property=\"og:type\" content=\"article\" \/>\n<meta property=\"og:title\" content=\"D-\uae00\ub8e8\ucf54\uc0ac\ubbfc \uc5fc\uc0b0\uc5fc - Hurtowy Dystrybutor\" \/>\n<meta property=\"og:description\" content=\"D-\uae00\ub8e8\ucf54\uc0ac\ubbfc \uc5fc\uc0b0\uc5fc\uc740 \uc81c\uc81c\uc5d0 \uc0ac\uc6a9\ub418\ub294 \uae00\ub8e8\ucf54\uc0ac\ubbfc\uc758 \ud55c \ud615\ud0dc\uc785\ub2c8\ub2e4. \uae00\ub8e8\ucf54\uc0ac\ubbfc\uc740 \uc778\uccb4\uc5d0 \uc790\uc5f0\uc801\uc73c\ub85c \uc874\uc7ac\ud558\ub294 \uc544\ubbf8\ub178\ub2f9\uc73c\ub85c, \ud504\ub85c\ud14c\uc624\uae00\ub9ac\uce78 \ud569\uc131\uc5d0 \uad00\uc5ec\ud569\ub2c8\ub2e4. \ud504\ub85c\ud14c\uc624\uae00\ub9ac\uce78\uc740 \uad00\uc808 \uc5f0\uace8\uc758 \uad6c\uc131 \ubb3c\uc9c8\uc785\ub2c8\ub2e4. \uc774 \uc544\ubbf8\ub178\ub2f9 \ub355\ubd84\uc5d0 \uc6b0\ub9ac\ub294 \uc190\uc0c1\ub41c \uad00\uc808\uc744 \uac15\ud654\ud558\uace0 \uc7ac\uc0dd\ud560 \uc218 \uc788\uc73c\uba70, \uacb0\uacfc\uc801\uc73c\ub85c \uac74\uac15 \uc0c1\ud0dc\uc640 \uc0b6\uc758 \uc9c8\uc744 \ud06c\uac8c \ud5a5\uc0c1\uc2dc\ud0ac \uc218 \uc788\uc2b5\ub2c8\ub2e4.\" \/>\n<meta property=\"og:url\" content=\"https:\/\/naturalpoland.com\/ko\/je-pum\/ui-yak-pum-won-ryo\/geon-gang-gi-neung-sig-pum-cheom-ga-mul\/d-%ea%b8%80%eb%a3%a8%ec%bd%94%ec%82%ac%eb%af%bc-%ec%97%bc%ec%82%b0%ec%97%bc\/\" \/>\n<meta property=\"og:site_name\" content=\"NATURAL POLAND - Hurtowy Dystrybutor Surowc\u00f3w\" \/>\n<meta property=\"article:publisher\" content=\"https:\/\/www.facebook.com\/naturalpoland.b2b\" \/>\n<meta property=\"article:modified_time\" content=\"2025-09-04T10:27:48+00:00\" \/>\n<meta property=\"og:image\" content=\"https:\/\/naturalpoland.com\/wp-content\/uploads\/2021\/05\/hydrochloride-d-glucosamine.jpg\" \/>\n\t<meta property=\"og:image:width\" content=\"213\" \/>\n\t<meta property=\"og:image:height\" content=\"200\" \/>\n\t<meta property=\"og:image:type\" content=\"image\/jpeg\" \/>\n<script type=\"application\/ld+json\" class=\"yoast-schema-graph\">{\"@context\":\"https:\\\/\\\/schema.org\",\"@graph\":[{\"@type\":\"WebPage\",\"@id\":\"https:\\\/\\\/naturalpoland.com\\\/ko\\\/je-pum\\\/ui-yak-pum-won-ryo\\\/geon-gang-gi-neung-sig-pum-cheom-ga-mul\\\/d-%ea%b8%80%eb%a3%a8%ec%bd%94%ec%82%ac%eb%af%bc-%ec%97%bc%ec%82%b0%ec%97%bc\\\/\",\"url\":\"https:\\\/\\\/naturalpoland.com\\\/ko\\\/je-pum\\\/ui-yak-pum-won-ryo\\\/geon-gang-gi-neung-sig-pum-cheom-ga-mul\\\/d-%ea%b8%80%eb%a3%a8%ec%bd%94%ec%82%ac%eb%af%bc-%ec%97%bc%ec%82%b0%ec%97%bc\\\/\",\"name\":\"D-\uae00\ub8e8\ucf54\uc0ac\ubbfc \uc5fc\uc0b0\uc5fc - Hurtowy Dystrybutor\",\"isPartOf\":{\"@id\":\"https:\\\/\\\/naturalpoland.com\\\/ko\\\/#website\"},\"primaryImageOfPage\":{\"@id\":\"https:\\\/\\\/naturalpoland.com\\\/ko\\\/je-pum\\\/ui-yak-pum-won-ryo\\\/geon-gang-gi-neung-sig-pum-cheom-ga-mul\\\/d-%ea%b8%80%eb%a3%a8%ec%bd%94%ec%82%ac%eb%af%bc-%ec%97%bc%ec%82%b0%ec%97%bc\\\/#primaryimage\"},\"image\":{\"@id\":\"https:\\\/\\\/naturalpoland.com\\\/ko\\\/je-pum\\\/ui-yak-pum-won-ryo\\\/geon-gang-gi-neung-sig-pum-cheom-ga-mul\\\/d-%ea%b8%80%eb%a3%a8%ec%bd%94%ec%82%ac%eb%af%bc-%ec%97%bc%ec%82%b0%ec%97%bc\\\/#primaryimage\"},\"thumbnailUrl\":\"https:\\\/\\\/naturalpoland.com\\\/wp-content\\\/uploads\\\/2021\\\/05\\\/hydrochloride-d-glucosamine.jpg\",\"datePublished\":\"2021-05-11T11:36:58+00:00\",\"dateModified\":\"2025-09-04T10:27:48+00:00\",\"breadcrumb\":{\"@id\":\"https:\\\/\\\/naturalpoland.com\\\/ko\\\/je-pum\\\/ui-yak-pum-won-ryo\\\/geon-gang-gi-neung-sig-pum-cheom-ga-mul\\\/d-%ea%b8%80%eb%a3%a8%ec%bd%94%ec%82%ac%eb%af%bc-%ec%97%bc%ec%82%b0%ec%97%bc\\\/#breadcrumb\"},\"inLanguage\":\"ko-KR\",\"potentialAction\":[{\"@type\":\"ReadAction\",\"target\":[\"https:\\\/\\\/naturalpoland.com\\\/ko\\\/je-pum\\\/ui-yak-pum-won-ryo\\\/geon-gang-gi-neung-sig-pum-cheom-ga-mul\\\/d-%ea%b8%80%eb%a3%a8%ec%bd%94%ec%82%ac%eb%af%bc-%ec%97%bc%ec%82%b0%ec%97%bc\\\/\"]}]},{\"@type\":\"ImageObject\",\"inLanguage\":\"ko-KR\",\"@id\":\"https:\\\/\\\/naturalpoland.com\\\/ko\\\/je-pum\\\/ui-yak-pum-won-ryo\\\/geon-gang-gi-neung-sig-pum-cheom-ga-mul\\\/d-%ea%b8%80%eb%a3%a8%ec%bd%94%ec%82%ac%eb%af%bc-%ec%97%bc%ec%82%b0%ec%97%bc\\\/#primaryimage\",\"url\":\"https:\\\/\\\/naturalpoland.com\\\/wp-content\\\/uploads\\\/2021\\\/05\\\/hydrochloride-d-glucosamine.jpg\",\"contentUrl\":\"https:\\\/\\\/naturalpoland.com\\\/wp-content\\\/uploads\\\/2021\\\/05\\\/hydrochloride-d-glucosamine.jpg\",\"width\":213,\"height\":200,\"caption\":\"chlorowodorek-d-glukozaminy\"},{\"@type\":\"BreadcrumbList\",\"@id\":\"https:\\\/\\\/naturalpoland.com\\\/ko\\\/je-pum\\\/ui-yak-pum-won-ryo\\\/geon-gang-gi-neung-sig-pum-cheom-ga-mul\\\/d-%ea%b8%80%eb%a3%a8%ec%bd%94%ec%82%ac%eb%af%bc-%ec%97%bc%ec%82%b0%ec%97%bc\\\/#breadcrumb\",\"itemListElement\":[{\"@type\":\"ListItem\",\"position\":1,\"name\":\"\ud648\",\"item\":\"https:\\\/\\\/naturalpoland.com\\\/ko\\\/\"},{\"@type\":\"ListItem\",\"position\":2,\"name\":\"\uc81c\ud488\",\"item\":\"https:\\\/\\\/naturalpoland.com\\\/ko\\\/%ec%a0%9c%ed%92%88\\\/\"},{\"@type\":\"ListItem\",\"position\":3,\"name\":\"D-\uae00\ub8e8\ucf54\uc0ac\ubbfc \uc5fc\uc0b0\uc5fc\"}]},{\"@type\":\"WebSite\",\"@id\":\"https:\\\/\\\/naturalpoland.com\\\/ko\\\/#website\",\"url\":\"https:\\\/\\\/naturalpoland.com\\\/ko\\\/\",\"name\":\"NATURAL POLAND - Hurtowy Dystrybutor Surowc\u00f3w\",\"description\":\"Surowce dla przemys\u0142u spo\u017cywczego, kosmetycznego i farmaceutycznego\",\"publisher\":{\"@id\":\"https:\\\/\\\/naturalpoland.com\\\/ko\\\/#organization\"},\"potentialAction\":[{\"@type\":\"SearchAction\",\"target\":{\"@type\":\"EntryPoint\",\"urlTemplate\":\"https:\\\/\\\/naturalpoland.com\\\/ko\\\/?s={search_term_string}\"},\"query-input\":{\"@type\":\"PropertyValueSpecification\",\"valueRequired\":true,\"valueName\":\"search_term_string\"}}],\"inLanguage\":\"ko-KR\"},{\"@type\":\"Organization\",\"@id\":\"https:\\\/\\\/naturalpoland.com\\\/ko\\\/#organization\",\"name\":\"Natural Poland\",\"url\":\"https:\\\/\\\/naturalpoland.com\\\/ko\\\/\",\"logo\":{\"@type\":\"ImageObject\",\"inLanguage\":\"ko-KR\",\"@id\":\"https:\\\/\\\/naturalpoland.com\\\/ko\\\/#\\\/schema\\\/logo\\\/image\\\/\",\"url\":\"https:\\\/\\\/naturalpoland.com\\\/wp-content\\\/uploads\\\/2021\\\/05\\\/natural-poland-icon.png\",\"contentUrl\":\"https:\\\/\\\/naturalpoland.com\\\/wp-content\\\/uploads\\\/2021\\\/05\\\/natural-poland-icon.png\",\"width\":512,\"height\":512,\"caption\":\"Natural Poland\"},\"image\":{\"@id\":\"https:\\\/\\\/naturalpoland.com\\\/ko\\\/#\\\/schema\\\/logo\\\/image\\\/\"},\"sameAs\":[\"https:\\\/\\\/www.facebook.com\\\/naturalpoland.b2b\",\"https:\\\/\\\/pl.linkedin.com\\\/company\\\/natural-poland\",\"https:\\\/\\\/www.youtube.com\\\/channel\\\/UCgeGGkvOMahZo-xu_MSEWxg\"]}]}<\/script>\n<!-- \/ Yoast SEO plugin. -->","yoast_head_json":{"title":"D-\uae00\ub8e8\ucf54\uc0ac\ubbfc \uc5fc\uc0b0\uc5fc - Hurtowy Dystrybutor","robots":{"index":"index","follow":"follow","max-snippet":"max-snippet:-1","max-image-preview":"max-image-preview:large","max-video-preview":"max-video-preview:-1"},"canonical":"https:\/\/naturalpoland.com\/ko\/je-pum\/ui-yak-pum-won-ryo\/geon-gang-gi-neung-sig-pum-cheom-ga-mul\/d-%ea%b8%80%eb%a3%a8%ec%bd%94%ec%82%ac%eb%af%bc-%ec%97%bc%ec%82%b0%ec%97%bc\/","og_locale":"ko_KR","og_type":"article","og_title":"D-\uae00\ub8e8\ucf54\uc0ac\ubbfc \uc5fc\uc0b0\uc5fc - Hurtowy Dystrybutor","og_description":"D-\uae00\ub8e8\ucf54\uc0ac\ubbfc \uc5fc\uc0b0\uc5fc\uc740 \uc81c\uc81c\uc5d0 \uc0ac\uc6a9\ub418\ub294 \uae00\ub8e8\ucf54\uc0ac\ubbfc\uc758 \ud55c \ud615\ud0dc\uc785\ub2c8\ub2e4. \uae00\ub8e8\ucf54\uc0ac\ubbfc\uc740 \uc778\uccb4\uc5d0 \uc790\uc5f0\uc801\uc73c\ub85c \uc874\uc7ac\ud558\ub294 \uc544\ubbf8\ub178\ub2f9\uc73c\ub85c, \ud504\ub85c\ud14c\uc624\uae00\ub9ac\uce78 \ud569\uc131\uc5d0 \uad00\uc5ec\ud569\ub2c8\ub2e4. \ud504\ub85c\ud14c\uc624\uae00\ub9ac\uce78\uc740 \uad00\uc808 \uc5f0\uace8\uc758 \uad6c\uc131 \ubb3c\uc9c8\uc785\ub2c8\ub2e4. \uc774 \uc544\ubbf8\ub178\ub2f9 \ub355\ubd84\uc5d0 \uc6b0\ub9ac\ub294 \uc190\uc0c1\ub41c \uad00\uc808\uc744 \uac15\ud654\ud558\uace0 \uc7ac\uc0dd\ud560 \uc218 \uc788\uc73c\uba70, \uacb0\uacfc\uc801\uc73c\ub85c \uac74\uac15 \uc0c1\ud0dc\uc640 \uc0b6\uc758 \uc9c8\uc744 \ud06c\uac8c \ud5a5\uc0c1\uc2dc\ud0ac \uc218 \uc788\uc2b5\ub2c8\ub2e4.","og_url":"https:\/\/naturalpoland.com\/ko\/je-pum\/ui-yak-pum-won-ryo\/geon-gang-gi-neung-sig-pum-cheom-ga-mul\/d-%ea%b8%80%eb%a3%a8%ec%bd%94%ec%82%ac%eb%af%bc-%ec%97%bc%ec%82%b0%ec%97%bc\/","og_site_name":"NATURAL POLAND - Hurtowy Dystrybutor Surowc\u00f3w","article_publisher":"https:\/\/www.facebook.com\/naturalpoland.b2b","article_modified_time":"2025-09-04T10:27:48+00:00","og_image":[{"width":213,"height":200,"url":"https:\/\/naturalpoland.com\/wp-content\/uploads\/2021\/05\/hydrochloride-d-glucosamine.jpg","type":"image\/jpeg"}],"schema":{"@context":"https:\/\/schema.org","@graph":[{"@type":"WebPage","@id":"https:\/\/naturalpoland.com\/ko\/je-pum\/ui-yak-pum-won-ryo\/geon-gang-gi-neung-sig-pum-cheom-ga-mul\/d-%ea%b8%80%eb%a3%a8%ec%bd%94%ec%82%ac%eb%af%bc-%ec%97%bc%ec%82%b0%ec%97%bc\/","url":"https:\/\/naturalpoland.com\/ko\/je-pum\/ui-yak-pum-won-ryo\/geon-gang-gi-neung-sig-pum-cheom-ga-mul\/d-%ea%b8%80%eb%a3%a8%ec%bd%94%ec%82%ac%eb%af%bc-%ec%97%bc%ec%82%b0%ec%97%bc\/","name":"D-\uae00\ub8e8\ucf54\uc0ac\ubbfc \uc5fc\uc0b0\uc5fc - Hurtowy Dystrybutor","isPartOf":{"@id":"https:\/\/naturalpoland.com\/ko\/#website"},"primaryImageOfPage":{"@id":"https:\/\/naturalpoland.com\/ko\/je-pum\/ui-yak-pum-won-ryo\/geon-gang-gi-neung-sig-pum-cheom-ga-mul\/d-%ea%b8%80%eb%a3%a8%ec%bd%94%ec%82%ac%eb%af%bc-%ec%97%bc%ec%82%b0%ec%97%bc\/#primaryimage"},"image":{"@id":"https:\/\/naturalpoland.com\/ko\/je-pum\/ui-yak-pum-won-ryo\/geon-gang-gi-neung-sig-pum-cheom-ga-mul\/d-%ea%b8%80%eb%a3%a8%ec%bd%94%ec%82%ac%eb%af%bc-%ec%97%bc%ec%82%b0%ec%97%bc\/#primaryimage"},"thumbnailUrl":"https:\/\/naturalpoland.com\/wp-content\/uploads\/2021\/05\/hydrochloride-d-glucosamine.jpg","datePublished":"2021-05-11T11:36:58+00:00","dateModified":"2025-09-04T10:27:48+00:00","breadcrumb":{"@id":"https:\/\/naturalpoland.com\/ko\/je-pum\/ui-yak-pum-won-ryo\/geon-gang-gi-neung-sig-pum-cheom-ga-mul\/d-%ea%b8%80%eb%a3%a8%ec%bd%94%ec%82%ac%eb%af%bc-%ec%97%bc%ec%82%b0%ec%97%bc\/#breadcrumb"},"inLanguage":"ko-KR","potentialAction":[{"@type":"ReadAction","target":["https:\/\/naturalpoland.com\/ko\/je-pum\/ui-yak-pum-won-ryo\/geon-gang-gi-neung-sig-pum-cheom-ga-mul\/d-%ea%b8%80%eb%a3%a8%ec%bd%94%ec%82%ac%eb%af%bc-%ec%97%bc%ec%82%b0%ec%97%bc\/"]}]},{"@type":"ImageObject","inLanguage":"ko-KR","@id":"https:\/\/naturalpoland.com\/ko\/je-pum\/ui-yak-pum-won-ryo\/geon-gang-gi-neung-sig-pum-cheom-ga-mul\/d-%ea%b8%80%eb%a3%a8%ec%bd%94%ec%82%ac%eb%af%bc-%ec%97%bc%ec%82%b0%ec%97%bc\/#primaryimage","url":"https:\/\/naturalpoland.com\/wp-content\/uploads\/2021\/05\/hydrochloride-d-glucosamine.jpg","contentUrl":"https:\/\/naturalpoland.com\/wp-content\/uploads\/2021\/05\/hydrochloride-d-glucosamine.jpg","width":213,"height":200,"caption":"chlorowodorek-d-glukozaminy"},{"@type":"BreadcrumbList","@id":"https:\/\/naturalpoland.com\/ko\/je-pum\/ui-yak-pum-won-ryo\/geon-gang-gi-neung-sig-pum-cheom-ga-mul\/d-%ea%b8%80%eb%a3%a8%ec%bd%94%ec%82%ac%eb%af%bc-%ec%97%bc%ec%82%b0%ec%97%bc\/#breadcrumb","itemListElement":[{"@type":"ListItem","position":1,"name":"\ud648","item":"https:\/\/naturalpoland.com\/ko\/"},{"@type":"ListItem","position":2,"name":"\uc81c\ud488","item":"https:\/\/naturalpoland.com\/ko\/%ec%a0%9c%ed%92%88\/"},{"@type":"ListItem","position":3,"name":"D-\uae00\ub8e8\ucf54\uc0ac\ubbfc \uc5fc\uc0b0\uc5fc"}]},{"@type":"WebSite","@id":"https:\/\/naturalpoland.com\/ko\/#website","url":"https:\/\/naturalpoland.com\/ko\/","name":"NATURAL POLAND - Hurtowy Dystrybutor Surowc\u00f3w","description":"Surowce dla przemys\u0142u spo\u017cywczego, kosmetycznego i farmaceutycznego","publisher":{"@id":"https:\/\/naturalpoland.com\/ko\/#organization"},"potentialAction":[{"@type":"SearchAction","target":{"@type":"EntryPoint","urlTemplate":"https:\/\/naturalpoland.com\/ko\/?s={search_term_string}"},"query-input":{"@type":"PropertyValueSpecification","valueRequired":true,"valueName":"search_term_string"}}],"inLanguage":"ko-KR"},{"@type":"Organization","@id":"https:\/\/naturalpoland.com\/ko\/#organization","name":"Natural Poland","url":"https:\/\/naturalpoland.com\/ko\/","logo":{"@type":"ImageObject","inLanguage":"ko-KR","@id":"https:\/\/naturalpoland.com\/ko\/#\/schema\/logo\/image\/","url":"https:\/\/naturalpoland.com\/wp-content\/uploads\/2021\/05\/natural-poland-icon.png","contentUrl":"https:\/\/naturalpoland.com\/wp-content\/uploads\/2021\/05\/natural-poland-icon.png","width":512,"height":512,"caption":"Natural Poland"},"image":{"@id":"https:\/\/naturalpoland.com\/ko\/#\/schema\/logo\/image\/"},"sameAs":["https:\/\/www.facebook.com\/naturalpoland.b2b","https:\/\/pl.linkedin.com\/company\/natural-poland","https:\/\/www.youtube.com\/channel\/UCgeGGkvOMahZo-xu_MSEWxg"]}]}},"_links":{"self":[{"href":"https:\/\/naturalpoland.com\/ko\/wp-json\/wp\/v2\/product\/43160","targetHints":{"allow":["GET"]}}],"collection":[{"href":"https:\/\/naturalpoland.com\/ko\/wp-json\/wp\/v2\/product"}],"about":[{"href":"https:\/\/naturalpoland.com\/ko\/wp-json\/wp\/v2\/types\/product"}],"wp:featuredmedia":[{"embeddable":true,"href":"https:\/\/naturalpoland.com\/ko\/wp-json\/wp\/v2\/media\/43161"}],"wp:attachment":[{"href":"https:\/\/naturalpoland.com\/ko\/wp-json\/wp\/v2\/media?parent=43160"}],"wp:term":[{"taxonomy":"product_brand","embeddable":true,"href":"https:\/\/naturalpoland.com\/ko\/wp-json\/wp\/v2\/product_brand?post=43160"},{"taxonomy":"product_cat","embeddable":true,"href":"https:\/\/naturalpoland.com\/ko\/wp-json\/wp\/v2\/product_cat?post=43160"},{"taxonomy":"product_tag","embeddable":true,"href":"https:\/\/naturalpoland.com\/ko\/wp-json\/wp\/v2\/product_tag?post=43160"}],"curies":[{"name":"wp","href":"https:\/\/api.w.org\/{rel}","templated":true}]}}