{"id":43162,"date":"2021-05-11T13:36:58","date_gmt":"2021-05-11T11:36:58","guid":{"rendered":"https:\/\/naturalpoland.com\/produkty\/uncategorized\/%ed%82%a4%ed%86%a0%ec%82%b0\/"},"modified":"2025-09-04T12:27:50","modified_gmt":"2025-09-04T10:27:50","slug":"%ed%82%a4%ed%86%a0%ec%82%b0","status":"publish","type":"product","link":"https:\/\/naturalpoland.com\/ko\/je-pum\/ui-yak-pum-won-ryo\/geon-gang-gi-neung-sig-pum-cheom-ga-mul\/%ed%82%a4%ed%86%a0%ec%82%b0\/","title":{"rendered":"\ud0a4\ud1a0\uc0b0"},"content":{"rendered":"<p>\uc774 \ubcf4\ucda9\uc81c\uc758 \uc8fc\uc694 \uae30\ub2a5\uc740 \ud608\uc911 \ucf5c\ub808\uc2a4\ud14c\ub864 \uc218\uce58\ub97c \ub0ae\ucd94\ub294 \uac83\uc785\ub2c8\ub2e4. \uc774\ub97c \ud1b5\ud574 \uc804\ubc18\uc801\uc778 \uac74\uac15\uacfc \uc2e0\uccb4 \uae30\ub2a5\uc744 \uac1c\uc120\ud569\ub2c8\ub2e4. \ud0a4\ud1a0\uc0b0\uc740 \ub610\ud55c \ud3ec\ub9cc\uac10\uc744 \ub192\uc774\uace0 \uc7a5 \uae30\ub2a5\uc744 \uac1c\uc120\ud560 \uc218 \uc788\uc2b5\ub2c8\ub2e4. \uc774 \ubaa8\ub4e0 \uac83\uc740 \uccb4\uc911 \uac10\ub7c9\uc744 \ub354\uc6b1 \ud6a8\uacfc\uc801\uc73c\ub85c \ub3d5\uace0 \ub2e4\uc774\uc5b4\ud2b8 \uacfc\uc815\uc744 \uac00\uc18d\ud654\ud569\ub2c8\ub2e4. \ub2e4\uc774\uc5b4\ud2b8 \uc911\uc778 \ubd84\ub4e4\uaed8 \uad8c\uc7a5\ub429\ub2c8\ub2e4.    <\/p>\n","protected":false},"excerpt":{"rendered":"<p>\ud0a4\ud1a0\uc0b0\uc740 \ud0a4\ud2f4\uc758 \uc720\ub3c4\uccb4\uc785\ub2c8\ub2e4. \uc774\ub294 \uc9c0\ud608 \ubc0f \uc0c1\ucc98 \uce58\ub8cc\uc5d0 \ud0c1\uc6d4\ud558\uc5ec \uc758\ud559 \ubd84\uc57c\uc5d0\uc11c \ub2e4\uc591\ud558\uac8c \ud65c\uc6a9\ub429\ub2c8\ub2e4. <\/p>\n<p>\ud0a4\ud1a0\uc0b0\uc740 \ub610\ud55c \ubd88\ud544\uc694\ud55c \uccb4\uc911 \uac10\ub7c9\uc5d0 \ub3c4\uc6c0\uc744 \uc8fc\ub294 \uc798 \uc54c\ub824\uc9c4 \uc2dd\uc774 \ubcf4\ucda9\uc81c\uc785\ub2c8\ub2e4. \uc774\ub294 \ub2e4\ub2f9\ub958\uc5d0 \uc18d\ud558\ub294 \uc720\uae30 \ud654\ud569\ubb3c\uc774\uba70, \uc778\uac04\uc758 \uc18c\ud654 \uc2dc\uc2a4\ud15c\uc5d0 \uc758\ud574 \uc18c\ud654\ub418\uc9c0 \uc54a\uc2b5\ub2c8\ub2e4.  <\/p>\n","protected":false},"featured_media":43163,"template":"","meta":{"_acf_changed":false},"product_brand":[],"product_cat":[8143],"product_tag":[],"class_list":{"0":"post-43162","1":"product","2":"type-product","3":"status-publish","4":"has-post-thumbnail","6":"product_cat-geon-gang-gi-neung-sig-pum-cheom-ga-mul","8":"first","9":"instock","10":"shipping-taxable","11":"product-type-simple"},"acf":[],"yoast_head":"<!-- This site is optimized with the Yoast SEO plugin v27.4 - https:\/\/yoast.com\/product\/yoast-seo-wordpress\/ -->\n<title>\ud0a4\ud1a0\uc0b0 - Hurtowy Dystrybutor<\/title>\n<meta name=\"robots\" content=\"index, follow, max-snippet:-1, max-image-preview:large, max-video-preview:-1\" \/>\n<link rel=\"canonical\" href=\"https:\/\/naturalpoland.com\/ko\/je-pum\/ui-yak-pum-won-ryo\/geon-gang-gi-neung-sig-pum-cheom-ga-mul\/%ed%82%a4%ed%86%a0%ec%82%b0\/\" \/>\n<meta property=\"og:locale\" content=\"ko_KR\" \/>\n<meta property=\"og:type\" content=\"article\" \/>\n<meta property=\"og:title\" content=\"\ud0a4\ud1a0\uc0b0 - Hurtowy Dystrybutor\" \/>\n<meta property=\"og:description\" content=\"\ud0a4\ud1a0\uc0b0\uc740 \ud0a4\ud2f4\uc758 \uc720\ub3c4\uccb4\uc785\ub2c8\ub2e4. \uc774\ub294 \uc9c0\ud608 \ubc0f \uc0c1\ucc98 \uce58\ub8cc\uc5d0 \ud0c1\uc6d4\ud558\uc5ec \uc758\ud559 \ubd84\uc57c\uc5d0\uc11c \ub2e4\uc591\ud558\uac8c \ud65c\uc6a9\ub429\ub2c8\ub2e4.  \ud0a4\ud1a0\uc0b0\uc740 \ub610\ud55c \ubd88\ud544\uc694\ud55c \uccb4\uc911 \uac10\ub7c9\uc5d0 \ub3c4\uc6c0\uc744 \uc8fc\ub294 \uc798 \uc54c\ub824\uc9c4 \uc2dd\uc774 \ubcf4\ucda9\uc81c\uc785\ub2c8\ub2e4. \uc774\ub294 \ub2e4\ub2f9\ub958\uc5d0 \uc18d\ud558\ub294 \uc720\uae30 \ud654\ud569\ubb3c\uc774\uba70, \uc778\uac04\uc758 \uc18c\ud654 \uc2dc\uc2a4\ud15c\uc5d0 \uc758\ud574 \uc18c\ud654\ub418\uc9c0 \uc54a\uc2b5\ub2c8\ub2e4.\" \/>\n<meta property=\"og:url\" content=\"https:\/\/naturalpoland.com\/ko\/je-pum\/ui-yak-pum-won-ryo\/geon-gang-gi-neung-sig-pum-cheom-ga-mul\/%ed%82%a4%ed%86%a0%ec%82%b0\/\" \/>\n<meta property=\"og:site_name\" content=\"NATURAL POLAND - Hurtowy Dystrybutor Surowc\u00f3w\" \/>\n<meta property=\"article:publisher\" content=\"https:\/\/www.facebook.com\/naturalpoland.b2b\" \/>\n<meta property=\"article:modified_time\" content=\"2025-09-04T10:27:50+00:00\" \/>\n<meta property=\"og:image\" content=\"https:\/\/naturalpoland.com\/wp-content\/uploads\/2021\/05\/chitosan.jpg\" \/>\n\t<meta property=\"og:image:width\" content=\"405\" \/>\n\t<meta property=\"og:image:height\" content=\"124\" \/>\n\t<meta property=\"og:image:type\" content=\"image\/jpeg\" \/>\n<script type=\"application\/ld+json\" class=\"yoast-schema-graph\">{\"@context\":\"https:\\\/\\\/schema.org\",\"@graph\":[{\"@type\":\"WebPage\",\"@id\":\"https:\\\/\\\/naturalpoland.com\\\/ko\\\/je-pum\\\/ui-yak-pum-won-ryo\\\/geon-gang-gi-neung-sig-pum-cheom-ga-mul\\\/%ed%82%a4%ed%86%a0%ec%82%b0\\\/\",\"url\":\"https:\\\/\\\/naturalpoland.com\\\/ko\\\/je-pum\\\/ui-yak-pum-won-ryo\\\/geon-gang-gi-neung-sig-pum-cheom-ga-mul\\\/%ed%82%a4%ed%86%a0%ec%82%b0\\\/\",\"name\":\"\ud0a4\ud1a0\uc0b0 - Hurtowy Dystrybutor\",\"isPartOf\":{\"@id\":\"https:\\\/\\\/naturalpoland.com\\\/ko\\\/#website\"},\"primaryImageOfPage\":{\"@id\":\"https:\\\/\\\/naturalpoland.com\\\/ko\\\/je-pum\\\/ui-yak-pum-won-ryo\\\/geon-gang-gi-neung-sig-pum-cheom-ga-mul\\\/%ed%82%a4%ed%86%a0%ec%82%b0\\\/#primaryimage\"},\"image\":{\"@id\":\"https:\\\/\\\/naturalpoland.com\\\/ko\\\/je-pum\\\/ui-yak-pum-won-ryo\\\/geon-gang-gi-neung-sig-pum-cheom-ga-mul\\\/%ed%82%a4%ed%86%a0%ec%82%b0\\\/#primaryimage\"},\"thumbnailUrl\":\"https:\\\/\\\/naturalpoland.com\\\/wp-content\\\/uploads\\\/2021\\\/05\\\/chitosan.jpg\",\"datePublished\":\"2021-05-11T11:36:58+00:00\",\"dateModified\":\"2025-09-04T10:27:50+00:00\",\"breadcrumb\":{\"@id\":\"https:\\\/\\\/naturalpoland.com\\\/ko\\\/je-pum\\\/ui-yak-pum-won-ryo\\\/geon-gang-gi-neung-sig-pum-cheom-ga-mul\\\/%ed%82%a4%ed%86%a0%ec%82%b0\\\/#breadcrumb\"},\"inLanguage\":\"ko-KR\",\"potentialAction\":[{\"@type\":\"ReadAction\",\"target\":[\"https:\\\/\\\/naturalpoland.com\\\/ko\\\/je-pum\\\/ui-yak-pum-won-ryo\\\/geon-gang-gi-neung-sig-pum-cheom-ga-mul\\\/%ed%82%a4%ed%86%a0%ec%82%b0\\\/\"]}]},{\"@type\":\"ImageObject\",\"inLanguage\":\"ko-KR\",\"@id\":\"https:\\\/\\\/naturalpoland.com\\\/ko\\\/je-pum\\\/ui-yak-pum-won-ryo\\\/geon-gang-gi-neung-sig-pum-cheom-ga-mul\\\/%ed%82%a4%ed%86%a0%ec%82%b0\\\/#primaryimage\",\"url\":\"https:\\\/\\\/naturalpoland.com\\\/wp-content\\\/uploads\\\/2021\\\/05\\\/chitosan.jpg\",\"contentUrl\":\"https:\\\/\\\/naturalpoland.com\\\/wp-content\\\/uploads\\\/2021\\\/05\\\/chitosan.jpg\",\"width\":405,\"height\":124,\"caption\":\"\ud0a4\ud1a0\uc0b0\"},{\"@type\":\"BreadcrumbList\",\"@id\":\"https:\\\/\\\/naturalpoland.com\\\/ko\\\/je-pum\\\/ui-yak-pum-won-ryo\\\/geon-gang-gi-neung-sig-pum-cheom-ga-mul\\\/%ed%82%a4%ed%86%a0%ec%82%b0\\\/#breadcrumb\",\"itemListElement\":[{\"@type\":\"ListItem\",\"position\":1,\"name\":\"\ud648\",\"item\":\"https:\\\/\\\/naturalpoland.com\\\/ko\\\/\"},{\"@type\":\"ListItem\",\"position\":2,\"name\":\"\uc81c\ud488\",\"item\":\"https:\\\/\\\/naturalpoland.com\\\/ko\\\/%ec%a0%9c%ed%92%88\\\/\"},{\"@type\":\"ListItem\",\"position\":3,\"name\":\"\ud0a4\ud1a0\uc0b0\"}]},{\"@type\":\"WebSite\",\"@id\":\"https:\\\/\\\/naturalpoland.com\\\/ko\\\/#website\",\"url\":\"https:\\\/\\\/naturalpoland.com\\\/ko\\\/\",\"name\":\"NATURAL POLAND - Hurtowy Dystrybutor Surowc\u00f3w\",\"description\":\"Surowce dla przemys\u0142u spo\u017cywczego, kosmetycznego i farmaceutycznego\",\"publisher\":{\"@id\":\"https:\\\/\\\/naturalpoland.com\\\/ko\\\/#organization\"},\"potentialAction\":[{\"@type\":\"SearchAction\",\"target\":{\"@type\":\"EntryPoint\",\"urlTemplate\":\"https:\\\/\\\/naturalpoland.com\\\/ko\\\/?s={search_term_string}\"},\"query-input\":{\"@type\":\"PropertyValueSpecification\",\"valueRequired\":true,\"valueName\":\"search_term_string\"}}],\"inLanguage\":\"ko-KR\"},{\"@type\":\"Organization\",\"@id\":\"https:\\\/\\\/naturalpoland.com\\\/ko\\\/#organization\",\"name\":\"Natural Poland\",\"url\":\"https:\\\/\\\/naturalpoland.com\\\/ko\\\/\",\"logo\":{\"@type\":\"ImageObject\",\"inLanguage\":\"ko-KR\",\"@id\":\"https:\\\/\\\/naturalpoland.com\\\/ko\\\/#\\\/schema\\\/logo\\\/image\\\/\",\"url\":\"https:\\\/\\\/naturalpoland.com\\\/wp-content\\\/uploads\\\/2021\\\/05\\\/natural-poland-icon.png\",\"contentUrl\":\"https:\\\/\\\/naturalpoland.com\\\/wp-content\\\/uploads\\\/2021\\\/05\\\/natural-poland-icon.png\",\"width\":512,\"height\":512,\"caption\":\"Natural Poland\"},\"image\":{\"@id\":\"https:\\\/\\\/naturalpoland.com\\\/ko\\\/#\\\/schema\\\/logo\\\/image\\\/\"},\"sameAs\":[\"https:\\\/\\\/www.facebook.com\\\/naturalpoland.b2b\",\"https:\\\/\\\/pl.linkedin.com\\\/company\\\/natural-poland\",\"https:\\\/\\\/www.youtube.com\\\/channel\\\/UCgeGGkvOMahZo-xu_MSEWxg\"]}]}<\/script>\n<!-- \/ Yoast SEO plugin. -->","yoast_head_json":{"title":"\ud0a4\ud1a0\uc0b0 - Hurtowy Dystrybutor","robots":{"index":"index","follow":"follow","max-snippet":"max-snippet:-1","max-image-preview":"max-image-preview:large","max-video-preview":"max-video-preview:-1"},"canonical":"https:\/\/naturalpoland.com\/ko\/je-pum\/ui-yak-pum-won-ryo\/geon-gang-gi-neung-sig-pum-cheom-ga-mul\/%ed%82%a4%ed%86%a0%ec%82%b0\/","og_locale":"ko_KR","og_type":"article","og_title":"\ud0a4\ud1a0\uc0b0 - Hurtowy Dystrybutor","og_description":"\ud0a4\ud1a0\uc0b0\uc740 \ud0a4\ud2f4\uc758 \uc720\ub3c4\uccb4\uc785\ub2c8\ub2e4. \uc774\ub294 \uc9c0\ud608 \ubc0f \uc0c1\ucc98 \uce58\ub8cc\uc5d0 \ud0c1\uc6d4\ud558\uc5ec \uc758\ud559 \ubd84\uc57c\uc5d0\uc11c \ub2e4\uc591\ud558\uac8c \ud65c\uc6a9\ub429\ub2c8\ub2e4.  \ud0a4\ud1a0\uc0b0\uc740 \ub610\ud55c \ubd88\ud544\uc694\ud55c \uccb4\uc911 \uac10\ub7c9\uc5d0 \ub3c4\uc6c0\uc744 \uc8fc\ub294 \uc798 \uc54c\ub824\uc9c4 \uc2dd\uc774 \ubcf4\ucda9\uc81c\uc785\ub2c8\ub2e4. \uc774\ub294 \ub2e4\ub2f9\ub958\uc5d0 \uc18d\ud558\ub294 \uc720\uae30 \ud654\ud569\ubb3c\uc774\uba70, \uc778\uac04\uc758 \uc18c\ud654 \uc2dc\uc2a4\ud15c\uc5d0 \uc758\ud574 \uc18c\ud654\ub418\uc9c0 \uc54a\uc2b5\ub2c8\ub2e4.","og_url":"https:\/\/naturalpoland.com\/ko\/je-pum\/ui-yak-pum-won-ryo\/geon-gang-gi-neung-sig-pum-cheom-ga-mul\/%ed%82%a4%ed%86%a0%ec%82%b0\/","og_site_name":"NATURAL POLAND - Hurtowy Dystrybutor Surowc\u00f3w","article_publisher":"https:\/\/www.facebook.com\/naturalpoland.b2b","article_modified_time":"2025-09-04T10:27:50+00:00","og_image":[{"width":405,"height":124,"url":"https:\/\/naturalpoland.com\/wp-content\/uploads\/2021\/05\/chitosan.jpg","type":"image\/jpeg"}],"schema":{"@context":"https:\/\/schema.org","@graph":[{"@type":"WebPage","@id":"https:\/\/naturalpoland.com\/ko\/je-pum\/ui-yak-pum-won-ryo\/geon-gang-gi-neung-sig-pum-cheom-ga-mul\/%ed%82%a4%ed%86%a0%ec%82%b0\/","url":"https:\/\/naturalpoland.com\/ko\/je-pum\/ui-yak-pum-won-ryo\/geon-gang-gi-neung-sig-pum-cheom-ga-mul\/%ed%82%a4%ed%86%a0%ec%82%b0\/","name":"\ud0a4\ud1a0\uc0b0 - Hurtowy Dystrybutor","isPartOf":{"@id":"https:\/\/naturalpoland.com\/ko\/#website"},"primaryImageOfPage":{"@id":"https:\/\/naturalpoland.com\/ko\/je-pum\/ui-yak-pum-won-ryo\/geon-gang-gi-neung-sig-pum-cheom-ga-mul\/%ed%82%a4%ed%86%a0%ec%82%b0\/#primaryimage"},"image":{"@id":"https:\/\/naturalpoland.com\/ko\/je-pum\/ui-yak-pum-won-ryo\/geon-gang-gi-neung-sig-pum-cheom-ga-mul\/%ed%82%a4%ed%86%a0%ec%82%b0\/#primaryimage"},"thumbnailUrl":"https:\/\/naturalpoland.com\/wp-content\/uploads\/2021\/05\/chitosan.jpg","datePublished":"2021-05-11T11:36:58+00:00","dateModified":"2025-09-04T10:27:50+00:00","breadcrumb":{"@id":"https:\/\/naturalpoland.com\/ko\/je-pum\/ui-yak-pum-won-ryo\/geon-gang-gi-neung-sig-pum-cheom-ga-mul\/%ed%82%a4%ed%86%a0%ec%82%b0\/#breadcrumb"},"inLanguage":"ko-KR","potentialAction":[{"@type":"ReadAction","target":["https:\/\/naturalpoland.com\/ko\/je-pum\/ui-yak-pum-won-ryo\/geon-gang-gi-neung-sig-pum-cheom-ga-mul\/%ed%82%a4%ed%86%a0%ec%82%b0\/"]}]},{"@type":"ImageObject","inLanguage":"ko-KR","@id":"https:\/\/naturalpoland.com\/ko\/je-pum\/ui-yak-pum-won-ryo\/geon-gang-gi-neung-sig-pum-cheom-ga-mul\/%ed%82%a4%ed%86%a0%ec%82%b0\/#primaryimage","url":"https:\/\/naturalpoland.com\/wp-content\/uploads\/2021\/05\/chitosan.jpg","contentUrl":"https:\/\/naturalpoland.com\/wp-content\/uploads\/2021\/05\/chitosan.jpg","width":405,"height":124,"caption":"\ud0a4\ud1a0\uc0b0"},{"@type":"BreadcrumbList","@id":"https:\/\/naturalpoland.com\/ko\/je-pum\/ui-yak-pum-won-ryo\/geon-gang-gi-neung-sig-pum-cheom-ga-mul\/%ed%82%a4%ed%86%a0%ec%82%b0\/#breadcrumb","itemListElement":[{"@type":"ListItem","position":1,"name":"\ud648","item":"https:\/\/naturalpoland.com\/ko\/"},{"@type":"ListItem","position":2,"name":"\uc81c\ud488","item":"https:\/\/naturalpoland.com\/ko\/%ec%a0%9c%ed%92%88\/"},{"@type":"ListItem","position":3,"name":"\ud0a4\ud1a0\uc0b0"}]},{"@type":"WebSite","@id":"https:\/\/naturalpoland.com\/ko\/#website","url":"https:\/\/naturalpoland.com\/ko\/","name":"NATURAL POLAND - Hurtowy Dystrybutor Surowc\u00f3w","description":"Surowce dla przemys\u0142u spo\u017cywczego, kosmetycznego i farmaceutycznego","publisher":{"@id":"https:\/\/naturalpoland.com\/ko\/#organization"},"potentialAction":[{"@type":"SearchAction","target":{"@type":"EntryPoint","urlTemplate":"https:\/\/naturalpoland.com\/ko\/?s={search_term_string}"},"query-input":{"@type":"PropertyValueSpecification","valueRequired":true,"valueName":"search_term_string"}}],"inLanguage":"ko-KR"},{"@type":"Organization","@id":"https:\/\/naturalpoland.com\/ko\/#organization","name":"Natural Poland","url":"https:\/\/naturalpoland.com\/ko\/","logo":{"@type":"ImageObject","inLanguage":"ko-KR","@id":"https:\/\/naturalpoland.com\/ko\/#\/schema\/logo\/image\/","url":"https:\/\/naturalpoland.com\/wp-content\/uploads\/2021\/05\/natural-poland-icon.png","contentUrl":"https:\/\/naturalpoland.com\/wp-content\/uploads\/2021\/05\/natural-poland-icon.png","width":512,"height":512,"caption":"Natural Poland"},"image":{"@id":"https:\/\/naturalpoland.com\/ko\/#\/schema\/logo\/image\/"},"sameAs":["https:\/\/www.facebook.com\/naturalpoland.b2b","https:\/\/pl.linkedin.com\/company\/natural-poland","https:\/\/www.youtube.com\/channel\/UCgeGGkvOMahZo-xu_MSEWxg"]}]}},"_links":{"self":[{"href":"https:\/\/naturalpoland.com\/ko\/wp-json\/wp\/v2\/product\/43162","targetHints":{"allow":["GET"]}}],"collection":[{"href":"https:\/\/naturalpoland.com\/ko\/wp-json\/wp\/v2\/product"}],"about":[{"href":"https:\/\/naturalpoland.com\/ko\/wp-json\/wp\/v2\/types\/product"}],"wp:featuredmedia":[{"embeddable":true,"href":"https:\/\/naturalpoland.com\/ko\/wp-json\/wp\/v2\/media\/43163"}],"wp:attachment":[{"href":"https:\/\/naturalpoland.com\/ko\/wp-json\/wp\/v2\/media?parent=43162"}],"wp:term":[{"taxonomy":"product_brand","embeddable":true,"href":"https:\/\/naturalpoland.com\/ko\/wp-json\/wp\/v2\/product_brand?post=43162"},{"taxonomy":"product_cat","embeddable":true,"href":"https:\/\/naturalpoland.com\/ko\/wp-json\/wp\/v2\/product_cat?post=43162"},{"taxonomy":"product_tag","embeddable":true,"href":"https:\/\/naturalpoland.com\/ko\/wp-json\/wp\/v2\/product_tag?post=43162"}],"curies":[{"name":"wp","href":"https:\/\/api.w.org\/{rel}","templated":true}]}}