{"id":43164,"date":"2021-05-11T13:36:36","date_gmt":"2021-05-11T11:36:36","guid":{"rendered":"https:\/\/naturalpoland.com\/produkty\/uncategorized\/%eb%b2%a0%ed%83%80%ec%9d%b8\/"},"modified":"2025-09-04T12:28:10","modified_gmt":"2025-09-04T10:28:10","slug":"%eb%b2%a0%ed%83%80%ec%9d%b8","status":"publish","type":"product","link":"https:\/\/naturalpoland.com\/ko\/je-pum\/ui-yak-pum-won-ryo\/geon-gang-gi-neung-sig-pum-cheom-ga-mul\/%eb%b2%a0%ed%83%80%ec%9d%b8\/","title":{"rendered":"\ubca0\ud0c0\uc778"},"content":{"rendered":"<h2>\ubb34\uc218 \ubca0\ud0c0\uc778 (\ud2b8\ub9ac\uba54\ud2f8\uae00\ub9ac\uc2e0):<\/h2>\n<p>\ubb34\uc218 \ubca0\ud0c0\uc778\uc740 \uc2dd\ud488 \ub4f1\uae09\uc758 \ud654\ud559 \ubb3c\uc9c8\uc774\uba70, \uc2dd\ud488, \uc81c\uc57d \ubc0f \uac74\uac15 \ubcf4\uc870 \uc2dd\ud488 \uc0b0\uc5c5\uc5d0\uc11c \ub110\ub9ac \uc0ac\uc6a9\ub429\ub2c8\ub2e4. \uc774 \uc81c\ud488\uc740 \ucc9c\uc5f0 \uc720\ub798\uc774\uba70, \uc8fc\ub85c \uc0ac\ud0d5\ubb34\uc5d0\uc11c \ucd94\ucd9c\ub429\ub2c8\ub2e4. \ud654\ud559\uba85\uc740 <strong>\ud2b8\ub9ac\uba54\ud2f8\uae00\ub9ac\uc2e0<\/strong>\uc785\ub2c8\ub2e4.  <\/p>\n<p>\ubb34\uc218 \ubca0\ud0c0\uc778\uc740 \uc2dd\ud488 \uc0b0\uc5c5\uc5d0\uc11c \uc601\uc591\uc18c \ud761\uc218\ub97c \ub3d5\uace0 \ud638\ubaa8\uc2dc\uc2a4\ud14c\uc778 \ub300\uc0ac\ub97c \uc870\uc808\ud558\ub294 \ub370 \ub110\ub9ac \uc0ac\uc6a9\ub429\ub2c8\ub2e4. \ub610\ud55c \uac04 \uae30\ub2a5 \uc9c0\uc6d0 \uc81c\uc81c \ubc0f \uc77c\ubd80 \ub300\uc0ac \uc7a5\uc560 \uce58\ub8cc\uc5d0\ub3c4 \ud65c\uc6a9\ub429\ub2c8\ub2e4. <\/p>\n<p>\ub610\ud55c, \uac74\uac15 \ubcf4\uc870 \uc2dd\ud488\uc5d0\uc11c \ubca0\ud0c0\uc778\uc740 \uc6b4\ub3d9\uc120\uc218\ub4e4 \uc0ac\uc774\uc5d0\uc11c \uc778\uae30\uac00 \ub9ce\uc2b5\ub2c8\ub2e4. \ud06c\ub808\uc544\ud2f4 \ud569\uc131\uc5d0 \ud544\uc218\uc801\uc774\uba70, \uc774\ub294 \uadfc\ub825\uacfc \uc2e0\uccb4 \ub2a5\ub825\uc5d0\ub3c4 \uac04\uc811\uc801\uc73c\ub85c \uc601\ud5a5\uc744 \ubbf8\uce5c\ub2e4\ub294 \uac83\uc744 \uc758\ubbf8\ud569\ub2c8\ub2e4. \ubca0\ud0c0\uc778\uc740 \uce7c\uc298, \ube44\ud0c0\ubbfc B12 \ubc0f \ucca0\ubd84 \uc785\uc790\uc758 \ud761\uc218\uc5d0\ub3c4 \ud544\uc694\ud569\ub2c8\ub2e4.   <\/p>\n<h2>\ubca0\ud0c0\uc778 \uc5fc\uc0b0\uc5fc (\ubca0\ud0c0\uc778 HCl):<\/h2>\n<p>\uc774\uac83\uc740 \uc5fc\uc0b0(HCl)\uacfc \uacb0\ud569\ub41c \ubca0\ud0c0\uc778 \ud615\ud0dc\uc785\ub2c8\ub2e4. \uc8fc\uc694 \uc6a9\ub3c4\ub294 \uc704\uc7a5\uc5d0 \ucd94\uac00 \uc5fc\uc0b0\uc744 \uacf5\uae09\ud558\uc5ec \uc18c\ud654\ub97c \ub3d5\ub294 \uac83\uc785\ub2c8\ub2e4. \uc800\uc0b0\uc99d(\uc704\uc0b0 \ubd80\uc871) \uce58\ub8cc\uc5d0 \uc790\uc8fc \uc0ac\uc6a9\ub429\ub2c8\ub2e4.  <\/p>\n<p>&nbsp;<\/p>\n","protected":false},"excerpt":{"rendered":"<p>\ubca0\ud0c0\uc778\uc740 \uae00\ub9ac\uc2e0\uc758 \uc720\ub3c4\uccb4\ub85c, \uc0ac\ud0d5\ubb34\uc640 \uac19\uc740 \uc2dd\ubb3c\uc5d0 \uc790\uc5f0\uc801\uc73c\ub85c \uc874\uc7ac\ud558\ub294 \uac00\uc7a5 \ub2e8\uc21c\ud55c \uc544\ubbf8\ub178\uc0b0\uc785\ub2c8\ub2e4. \uc138\ud3ec \uc0bc\ud22c\uc555 \uc870\uc808 \ubc0f \ud638\ubaa8\uc2dc\uc2a4\ud14c\uc778 \ub300\uc0ac\uc5d0\uc11c \uc911\uc694\ud55c \uc5ed\ud560\uc744 \ud569\ub2c8\ub2e4. <\/p>\n","protected":false},"featured_media":43165,"template":"","meta":{"_acf_changed":false},"product_brand":[],"product_cat":[8143],"product_tag":[],"class_list":{"0":"post-43164","1":"product","2":"type-product","3":"status-publish","4":"has-post-thumbnail","6":"product_cat-geon-gang-gi-neung-sig-pum-cheom-ga-mul","8":"first","9":"instock","10":"shipping-taxable","11":"product-type-simple"},"acf":[],"yoast_head":"<!-- This site is optimized with the Yoast SEO plugin v27.4 - https:\/\/yoast.com\/product\/yoast-seo-wordpress\/ -->\n<title>NATURAL POLAND &#8211; Hurtowy Dystrybutor Surowc\u00f3w<\/title>\n<meta name=\"description\" content=\"\uc694\uc57d\ud558\uc790\uba74, \ubb34\uc218 \ubca0\ud0c0\uc778\uacfc \ubca0\ud0c0\uc778 \uc5fc\uc0b0\uc5fc\uc740 \ub458 \ub2e4 \ubca0\ud0c0\uc778\uc744 \uc8fc\uc131\ubd84\uc73c\ub85c \ud3ec\ud568\ud558\uace0 \uc788\uc74c\uc5d0\ub3c4 \ubd88\uad6c\ud558\uace0 \ub2e4\uc591\ud55c \uc6a9\ub3c4\uc640 \ud2b9\uc131\uc744 \uac00\uc9c0\uace0 \uc788\uc2b5\ub2c8\ub2e4.\" \/>\n<meta name=\"robots\" content=\"index, follow, max-snippet:-1, max-image-preview:large, max-video-preview:-1\" \/>\n<link rel=\"canonical\" href=\"https:\/\/naturalpoland.com\/ko\/je-pum\/ui-yak-pum-won-ryo\/geon-gang-gi-neung-sig-pum-cheom-ga-mul\/%eb%b2%a0%ed%83%80%ec%9d%b8\/\" \/>\n<meta property=\"og:locale\" content=\"ko_KR\" \/>\n<meta property=\"og:type\" content=\"article\" \/>\n<meta property=\"og:description\" content=\"\uc694\uc57d\ud558\uc790\uba74, \ubb34\uc218 \ubca0\ud0c0\uc778\uacfc \ubca0\ud0c0\uc778 \uc5fc\uc0b0\uc5fc\uc740 \ub458 \ub2e4 \ubca0\ud0c0\uc778\uc744 \uc8fc\uc131\ubd84\uc73c\ub85c \ud3ec\ud568\ud558\uace0 \uc788\uc74c\uc5d0\ub3c4 \ubd88\uad6c\ud558\uace0 \ub2e4\uc591\ud55c \uc6a9\ub3c4\uc640 \ud2b9\uc131\uc744 \uac00\uc9c0\uace0 \uc788\uc2b5\ub2c8\ub2e4.\" \/>\n<meta property=\"og:url\" content=\"https:\/\/naturalpoland.com\/ko\/je-pum\/ui-yak-pum-won-ryo\/geon-gang-gi-neung-sig-pum-cheom-ga-mul\/%eb%b2%a0%ed%83%80%ec%9d%b8\/\" \/>\n<meta property=\"og:site_name\" content=\"NATURAL POLAND - Hurtowy Dystrybutor Surowc\u00f3w\" \/>\n<meta property=\"article:publisher\" content=\"https:\/\/www.facebook.com\/naturalpoland.b2b\" \/>\n<meta property=\"article:modified_time\" content=\"2025-09-04T10:28:10+00:00\" \/>\n<meta property=\"og:image\" content=\"https:\/\/naturalpoland.com\/wp-content\/uploads\/2021\/05\/betaine-hcl.jpg\" \/>\n\t<meta property=\"og:image:width\" content=\"469\" \/>\n\t<meta property=\"og:image:height\" content=\"197\" \/>\n\t<meta property=\"og:image:type\" content=\"image\/jpeg\" \/>\n<script type=\"application\/ld+json\" class=\"yoast-schema-graph\">{\"@context\":\"https:\\\/\\\/schema.org\",\"@graph\":[{\"@type\":\"WebPage\",\"@id\":\"https:\\\/\\\/naturalpoland.com\\\/ko\\\/je-pum\\\/ui-yak-pum-won-ryo\\\/geon-gang-gi-neung-sig-pum-cheom-ga-mul\\\/%eb%b2%a0%ed%83%80%ec%9d%b8\\\/\",\"url\":\"https:\\\/\\\/naturalpoland.com\\\/ko\\\/je-pum\\\/ui-yak-pum-won-ryo\\\/geon-gang-gi-neung-sig-pum-cheom-ga-mul\\\/%eb%b2%a0%ed%83%80%ec%9d%b8\\\/\",\"name\":\"\",\"isPartOf\":{\"@id\":\"https:\\\/\\\/naturalpoland.com\\\/ko\\\/#website\"},\"primaryImageOfPage\":{\"@id\":\"https:\\\/\\\/naturalpoland.com\\\/ko\\\/je-pum\\\/ui-yak-pum-won-ryo\\\/geon-gang-gi-neung-sig-pum-cheom-ga-mul\\\/%eb%b2%a0%ed%83%80%ec%9d%b8\\\/#primaryimage\"},\"image\":{\"@id\":\"https:\\\/\\\/naturalpoland.com\\\/ko\\\/je-pum\\\/ui-yak-pum-won-ryo\\\/geon-gang-gi-neung-sig-pum-cheom-ga-mul\\\/%eb%b2%a0%ed%83%80%ec%9d%b8\\\/#primaryimage\"},\"thumbnailUrl\":\"https:\\\/\\\/naturalpoland.com\\\/wp-content\\\/uploads\\\/2021\\\/05\\\/betaine-hcl.jpg\",\"datePublished\":\"2021-05-11T11:36:36+00:00\",\"dateModified\":\"2025-09-04T10:28:10+00:00\",\"description\":\"\uc694\uc57d\ud558\uc790\uba74, \ubb34\uc218 \ubca0\ud0c0\uc778\uacfc \ubca0\ud0c0\uc778 \uc5fc\uc0b0\uc5fc\uc740 \ub458 \ub2e4 \ubca0\ud0c0\uc778\uc744 \uc8fc\uc131\ubd84\uc73c\ub85c \ud3ec\ud568\ud558\uace0 \uc788\uc74c\uc5d0\ub3c4 \ubd88\uad6c\ud558\uace0 \ub2e4\uc591\ud55c \uc6a9\ub3c4\uc640 \ud2b9\uc131\uc744 \uac00\uc9c0\uace0 \uc788\uc2b5\ub2c8\ub2e4.\",\"breadcrumb\":{\"@id\":\"https:\\\/\\\/naturalpoland.com\\\/ko\\\/je-pum\\\/ui-yak-pum-won-ryo\\\/geon-gang-gi-neung-sig-pum-cheom-ga-mul\\\/%eb%b2%a0%ed%83%80%ec%9d%b8\\\/#breadcrumb\"},\"inLanguage\":\"ko-KR\",\"potentialAction\":[{\"@type\":\"ReadAction\",\"target\":[\"https:\\\/\\\/naturalpoland.com\\\/ko\\\/je-pum\\\/ui-yak-pum-won-ryo\\\/geon-gang-gi-neung-sig-pum-cheom-ga-mul\\\/%eb%b2%a0%ed%83%80%ec%9d%b8\\\/\"]}]},{\"@type\":\"ImageObject\",\"inLanguage\":\"ko-KR\",\"@id\":\"https:\\\/\\\/naturalpoland.com\\\/ko\\\/je-pum\\\/ui-yak-pum-won-ryo\\\/geon-gang-gi-neung-sig-pum-cheom-ga-mul\\\/%eb%b2%a0%ed%83%80%ec%9d%b8\\\/#primaryimage\",\"url\":\"https:\\\/\\\/naturalpoland.com\\\/wp-content\\\/uploads\\\/2021\\\/05\\\/betaine-hcl.jpg\",\"contentUrl\":\"https:\\\/\\\/naturalpoland.com\\\/wp-content\\\/uploads\\\/2021\\\/05\\\/betaine-hcl.jpg\",\"width\":469,\"height\":197,\"caption\":\"\ubca0\ud0c0\uc778, \uc5fc\uc0b0\uc5fc\"},{\"@type\":\"BreadcrumbList\",\"@id\":\"https:\\\/\\\/naturalpoland.com\\\/ko\\\/je-pum\\\/ui-yak-pum-won-ryo\\\/geon-gang-gi-neung-sig-pum-cheom-ga-mul\\\/%eb%b2%a0%ed%83%80%ec%9d%b8\\\/#breadcrumb\",\"itemListElement\":[{\"@type\":\"ListItem\",\"position\":1,\"name\":\"\ud648\",\"item\":\"https:\\\/\\\/naturalpoland.com\\\/ko\\\/\"},{\"@type\":\"ListItem\",\"position\":2,\"name\":\"\uc81c\ud488\",\"item\":\"https:\\\/\\\/naturalpoland.com\\\/ko\\\/%ec%a0%9c%ed%92%88\\\/\"},{\"@type\":\"ListItem\",\"position\":3,\"name\":\"\ubca0\ud0c0\uc778\"}]},{\"@type\":\"WebSite\",\"@id\":\"https:\\\/\\\/naturalpoland.com\\\/ko\\\/#website\",\"url\":\"https:\\\/\\\/naturalpoland.com\\\/ko\\\/\",\"name\":\"NATURAL POLAND - Hurtowy Dystrybutor Surowc\u00f3w\",\"description\":\"Surowce dla przemys\u0142u spo\u017cywczego, kosmetycznego i farmaceutycznego\",\"publisher\":{\"@id\":\"https:\\\/\\\/naturalpoland.com\\\/ko\\\/#organization\"},\"potentialAction\":[{\"@type\":\"SearchAction\",\"target\":{\"@type\":\"EntryPoint\",\"urlTemplate\":\"https:\\\/\\\/naturalpoland.com\\\/ko\\\/?s={search_term_string}\"},\"query-input\":{\"@type\":\"PropertyValueSpecification\",\"valueRequired\":true,\"valueName\":\"search_term_string\"}}],\"inLanguage\":\"ko-KR\"},{\"@type\":\"Organization\",\"@id\":\"https:\\\/\\\/naturalpoland.com\\\/ko\\\/#organization\",\"name\":\"Natural Poland\",\"url\":\"https:\\\/\\\/naturalpoland.com\\\/ko\\\/\",\"logo\":{\"@type\":\"ImageObject\",\"inLanguage\":\"ko-KR\",\"@id\":\"https:\\\/\\\/naturalpoland.com\\\/ko\\\/#\\\/schema\\\/logo\\\/image\\\/\",\"url\":\"https:\\\/\\\/naturalpoland.com\\\/wp-content\\\/uploads\\\/2021\\\/05\\\/natural-poland-icon.png\",\"contentUrl\":\"https:\\\/\\\/naturalpoland.com\\\/wp-content\\\/uploads\\\/2021\\\/05\\\/natural-poland-icon.png\",\"width\":512,\"height\":512,\"caption\":\"Natural Poland\"},\"image\":{\"@id\":\"https:\\\/\\\/naturalpoland.com\\\/ko\\\/#\\\/schema\\\/logo\\\/image\\\/\"},\"sameAs\":[\"https:\\\/\\\/www.facebook.com\\\/naturalpoland.b2b\",\"https:\\\/\\\/pl.linkedin.com\\\/company\\\/natural-poland\",\"https:\\\/\\\/www.youtube.com\\\/channel\\\/UCgeGGkvOMahZo-xu_MSEWxg\"]}]}<\/script>\n<!-- \/ Yoast SEO plugin. -->","yoast_head_json":{"title":"NATURAL POLAND &#8211; Hurtowy Dystrybutor Surowc\u00f3w","description":"\uc694\uc57d\ud558\uc790\uba74, \ubb34\uc218 \ubca0\ud0c0\uc778\uacfc \ubca0\ud0c0\uc778 \uc5fc\uc0b0\uc5fc\uc740 \ub458 \ub2e4 \ubca0\ud0c0\uc778\uc744 \uc8fc\uc131\ubd84\uc73c\ub85c \ud3ec\ud568\ud558\uace0 \uc788\uc74c\uc5d0\ub3c4 \ubd88\uad6c\ud558\uace0 \ub2e4\uc591\ud55c \uc6a9\ub3c4\uc640 \ud2b9\uc131\uc744 \uac00\uc9c0\uace0 \uc788\uc2b5\ub2c8\ub2e4.","robots":{"index":"index","follow":"follow","max-snippet":"max-snippet:-1","max-image-preview":"max-image-preview:large","max-video-preview":"max-video-preview:-1"},"canonical":"https:\/\/naturalpoland.com\/ko\/je-pum\/ui-yak-pum-won-ryo\/geon-gang-gi-neung-sig-pum-cheom-ga-mul\/%eb%b2%a0%ed%83%80%ec%9d%b8\/","og_locale":"ko_KR","og_type":"article","og_description":"\uc694\uc57d\ud558\uc790\uba74, \ubb34\uc218 \ubca0\ud0c0\uc778\uacfc \ubca0\ud0c0\uc778 \uc5fc\uc0b0\uc5fc\uc740 \ub458 \ub2e4 \ubca0\ud0c0\uc778\uc744 \uc8fc\uc131\ubd84\uc73c\ub85c \ud3ec\ud568\ud558\uace0 \uc788\uc74c\uc5d0\ub3c4 \ubd88\uad6c\ud558\uace0 \ub2e4\uc591\ud55c \uc6a9\ub3c4\uc640 \ud2b9\uc131\uc744 \uac00\uc9c0\uace0 \uc788\uc2b5\ub2c8\ub2e4.","og_url":"https:\/\/naturalpoland.com\/ko\/je-pum\/ui-yak-pum-won-ryo\/geon-gang-gi-neung-sig-pum-cheom-ga-mul\/%eb%b2%a0%ed%83%80%ec%9d%b8\/","og_site_name":"NATURAL POLAND - Hurtowy Dystrybutor Surowc\u00f3w","article_publisher":"https:\/\/www.facebook.com\/naturalpoland.b2b","article_modified_time":"2025-09-04T10:28:10+00:00","og_image":[{"width":469,"height":197,"url":"https:\/\/naturalpoland.com\/wp-content\/uploads\/2021\/05\/betaine-hcl.jpg","type":"image\/jpeg"}],"schema":{"@context":"https:\/\/schema.org","@graph":[{"@type":"WebPage","@id":"https:\/\/naturalpoland.com\/ko\/je-pum\/ui-yak-pum-won-ryo\/geon-gang-gi-neung-sig-pum-cheom-ga-mul\/%eb%b2%a0%ed%83%80%ec%9d%b8\/","url":"https:\/\/naturalpoland.com\/ko\/je-pum\/ui-yak-pum-won-ryo\/geon-gang-gi-neung-sig-pum-cheom-ga-mul\/%eb%b2%a0%ed%83%80%ec%9d%b8\/","name":"","isPartOf":{"@id":"https:\/\/naturalpoland.com\/ko\/#website"},"primaryImageOfPage":{"@id":"https:\/\/naturalpoland.com\/ko\/je-pum\/ui-yak-pum-won-ryo\/geon-gang-gi-neung-sig-pum-cheom-ga-mul\/%eb%b2%a0%ed%83%80%ec%9d%b8\/#primaryimage"},"image":{"@id":"https:\/\/naturalpoland.com\/ko\/je-pum\/ui-yak-pum-won-ryo\/geon-gang-gi-neung-sig-pum-cheom-ga-mul\/%eb%b2%a0%ed%83%80%ec%9d%b8\/#primaryimage"},"thumbnailUrl":"https:\/\/naturalpoland.com\/wp-content\/uploads\/2021\/05\/betaine-hcl.jpg","datePublished":"2021-05-11T11:36:36+00:00","dateModified":"2025-09-04T10:28:10+00:00","description":"\uc694\uc57d\ud558\uc790\uba74, \ubb34\uc218 \ubca0\ud0c0\uc778\uacfc \ubca0\ud0c0\uc778 \uc5fc\uc0b0\uc5fc\uc740 \ub458 \ub2e4 \ubca0\ud0c0\uc778\uc744 \uc8fc\uc131\ubd84\uc73c\ub85c \ud3ec\ud568\ud558\uace0 \uc788\uc74c\uc5d0\ub3c4 \ubd88\uad6c\ud558\uace0 \ub2e4\uc591\ud55c \uc6a9\ub3c4\uc640 \ud2b9\uc131\uc744 \uac00\uc9c0\uace0 \uc788\uc2b5\ub2c8\ub2e4.","breadcrumb":{"@id":"https:\/\/naturalpoland.com\/ko\/je-pum\/ui-yak-pum-won-ryo\/geon-gang-gi-neung-sig-pum-cheom-ga-mul\/%eb%b2%a0%ed%83%80%ec%9d%b8\/#breadcrumb"},"inLanguage":"ko-KR","potentialAction":[{"@type":"ReadAction","target":["https:\/\/naturalpoland.com\/ko\/je-pum\/ui-yak-pum-won-ryo\/geon-gang-gi-neung-sig-pum-cheom-ga-mul\/%eb%b2%a0%ed%83%80%ec%9d%b8\/"]}]},{"@type":"ImageObject","inLanguage":"ko-KR","@id":"https:\/\/naturalpoland.com\/ko\/je-pum\/ui-yak-pum-won-ryo\/geon-gang-gi-neung-sig-pum-cheom-ga-mul\/%eb%b2%a0%ed%83%80%ec%9d%b8\/#primaryimage","url":"https:\/\/naturalpoland.com\/wp-content\/uploads\/2021\/05\/betaine-hcl.jpg","contentUrl":"https:\/\/naturalpoland.com\/wp-content\/uploads\/2021\/05\/betaine-hcl.jpg","width":469,"height":197,"caption":"\ubca0\ud0c0\uc778, \uc5fc\uc0b0\uc5fc"},{"@type":"BreadcrumbList","@id":"https:\/\/naturalpoland.com\/ko\/je-pum\/ui-yak-pum-won-ryo\/geon-gang-gi-neung-sig-pum-cheom-ga-mul\/%eb%b2%a0%ed%83%80%ec%9d%b8\/#breadcrumb","itemListElement":[{"@type":"ListItem","position":1,"name":"\ud648","item":"https:\/\/naturalpoland.com\/ko\/"},{"@type":"ListItem","position":2,"name":"\uc81c\ud488","item":"https:\/\/naturalpoland.com\/ko\/%ec%a0%9c%ed%92%88\/"},{"@type":"ListItem","position":3,"name":"\ubca0\ud0c0\uc778"}]},{"@type":"WebSite","@id":"https:\/\/naturalpoland.com\/ko\/#website","url":"https:\/\/naturalpoland.com\/ko\/","name":"NATURAL POLAND - Hurtowy Dystrybutor Surowc\u00f3w","description":"Surowce dla przemys\u0142u spo\u017cywczego, kosmetycznego i farmaceutycznego","publisher":{"@id":"https:\/\/naturalpoland.com\/ko\/#organization"},"potentialAction":[{"@type":"SearchAction","target":{"@type":"EntryPoint","urlTemplate":"https:\/\/naturalpoland.com\/ko\/?s={search_term_string}"},"query-input":{"@type":"PropertyValueSpecification","valueRequired":true,"valueName":"search_term_string"}}],"inLanguage":"ko-KR"},{"@type":"Organization","@id":"https:\/\/naturalpoland.com\/ko\/#organization","name":"Natural Poland","url":"https:\/\/naturalpoland.com\/ko\/","logo":{"@type":"ImageObject","inLanguage":"ko-KR","@id":"https:\/\/naturalpoland.com\/ko\/#\/schema\/logo\/image\/","url":"https:\/\/naturalpoland.com\/wp-content\/uploads\/2021\/05\/natural-poland-icon.png","contentUrl":"https:\/\/naturalpoland.com\/wp-content\/uploads\/2021\/05\/natural-poland-icon.png","width":512,"height":512,"caption":"Natural Poland"},"image":{"@id":"https:\/\/naturalpoland.com\/ko\/#\/schema\/logo\/image\/"},"sameAs":["https:\/\/www.facebook.com\/naturalpoland.b2b","https:\/\/pl.linkedin.com\/company\/natural-poland","https:\/\/www.youtube.com\/channel\/UCgeGGkvOMahZo-xu_MSEWxg"]}]}},"_links":{"self":[{"href":"https:\/\/naturalpoland.com\/ko\/wp-json\/wp\/v2\/product\/43164","targetHints":{"allow":["GET"]}}],"collection":[{"href":"https:\/\/naturalpoland.com\/ko\/wp-json\/wp\/v2\/product"}],"about":[{"href":"https:\/\/naturalpoland.com\/ko\/wp-json\/wp\/v2\/types\/product"}],"wp:featuredmedia":[{"embeddable":true,"href":"https:\/\/naturalpoland.com\/ko\/wp-json\/wp\/v2\/media\/43165"}],"wp:attachment":[{"href":"https:\/\/naturalpoland.com\/ko\/wp-json\/wp\/v2\/media?parent=43164"}],"wp:term":[{"taxonomy":"product_brand","embeddable":true,"href":"https:\/\/naturalpoland.com\/ko\/wp-json\/wp\/v2\/product_brand?post=43164"},{"taxonomy":"product_cat","embeddable":true,"href":"https:\/\/naturalpoland.com\/ko\/wp-json\/wp\/v2\/product_cat?post=43164"},{"taxonomy":"product_tag","embeddable":true,"href":"https:\/\/naturalpoland.com\/ko\/wp-json\/wp\/v2\/product_tag?post=43164"}],"curies":[{"name":"wp","href":"https:\/\/api.w.org\/{rel}","templated":true}]}}