{"id":43170,"date":"2021-05-11T13:37:21","date_gmt":"2021-05-11T11:37:21","guid":{"rendered":"https:\/\/naturalpoland.com\/produkty\/uncategorized\/%ec%bd%9c%eb%a6%b0-%ec%8b%9c%ed%8a%b8%eb%a0%88%ec%9d%b4%ed%8a%b8\/"},"modified":"2025-09-04T12:28:17","modified_gmt":"2025-09-04T10:28:17","slug":"%ec%bd%9c%eb%a6%b0-%ec%8b%9c%ed%8a%b8%eb%a0%88%ec%9d%b4%ed%8a%b8","status":"publish","type":"product","link":"https:\/\/naturalpoland.com\/ko\/je-pum\/ui-yak-pum-won-ryo\/geon-gang-gi-neung-sig-pum-cheom-ga-mul\/%ec%bd%9c%eb%a6%b0-%ec%8b%9c%ed%8a%b8%eb%a0%88%ec%9d%b4%ed%8a%b8\/","title":{"rendered":"\ucf5c\ub9b0 \uc2dc\ud2b8\ub808\uc774\ud2b8"},"content":{"rendered":"<h2>\ucf5c\ub9b0 \uc2dc\ud2b8\ub808\uc774\ud2b8\uc758 \ud2b9\uc131 \ubc0f \ud6a8\ub2a5<\/h2>\n<p>\ucf5c\ub9b0 \uc2dc\ud2b8\ub808\uc774\ud2b8\ub294 \uc911\ucd94\uc2e0\uacbd\uacc4 \uae30\ub2a5\uc5d0 \ud544\uc218\uc801\uc778 \uc2e0\uacbd\uc804\ub2ec\ubb3c\uc9c8\uc778 <strong>\uc544\uc138\ud2f8\ucf5c\ub9b0\uc758 \uc804\uad6c\uccb4<\/strong>\ub85c\uc11c \uc911\uc694\ud55c \uc5ed\ud560\uc744 \ud569\ub2c8\ub2e4. \uc2e0\uacbd \uc790\uadf9 \uc804\ub2ec \uacfc\uc815\uc5d0 \ucc38\uc5ec\ud558\uace0, \uc778\uc9c0 \uae30\ub2a5 \ubc0f \uae30\uc5b5 \uacfc\uc815\uc744 \uc9c0\uc6d0\ud558\uba70, \uc9d1\uc911\ub825\uacfc \ud559\uc2b5 \ub2a5\ub825\uc744 \ud5a5\uc0c1\uc2dc\ud0b5\ub2c8\ub2e4. <\/p>\n<p>\uc544\uc138\ud2f8 \uadf8\ub8f9\uc758 \uc874\uc7ac \ub355\ubd84\uc5d0 <strong>\ubbf8\ud1a0\ucf58\ub4dc\ub9ac\uc544 \uae30\ub2a5<\/strong>\uacfc \uc2e0\uacbd \uc138\ud3ec\uc758 \uc5d0\ub108\uc9c0 \ub300\uc0ac\ub97c \uc9c0\uc6d0\ud560 \uc218\ub3c4 \uc788\uc2b5\ub2c8\ub2e4. \ud2b9\ud788 \ub178\uc778, \uc9c1\uc7a5\uc778, \ud559\uc0dd \ub4f1 <strong>\uc815\uc2e0\uc801, \uc721\uccb4\uc801 \uc2a4\ud2b8\ub808\uc2a4<\/strong>\uc5d0 \ub178\ucd9c\ub41c \uc0ac\ub78c\ub4e4\uc5d0\uac8c \uad8c\uc7a5\ub429\ub2c8\ub2e4. <\/p>\n<p>\uc774 \uc81c\ud488\uc740 \ub3c5\uc131\uc73c\ub85c \ubd84\ub958\ub418\uc9c0 \uc54a\uc73c\uba70, \uc790\uadf9\uc801\uc778 \uc791\uc6a9\uc744 \ub098\ud0c0\ub0b4\uc9c0 \uc54a\uace0, \ub0b4\uc131\uc774 \uc88b\uc73c\uba70 \uc758\ub3c4\ub41c \uc6a9\ub3c4\uc5d0 \ub530\ub77c \uc548\uc804\ud558\uac8c \uc0ac\uc6a9\ud560 \uc218 \uc788\uc2b5\ub2c8\ub2e4. \ub610\ud55c, \uc911\uae08\uc18d \uc624\uc5fc \ubb3c\uc9c8(\ub0a9, \ube44\uc18c, \uce74\ub4dc\ubbb4, \uc218\uc740) \ud568\ub7c9\uc774 \ub0ae\uace0 \uc2b5\ub3c4 \uc218\uc900\uc774 \ub9e4\uc6b0 \ub0ae\uc544(0.12%) \ubcf4\uad00 \uc2dc \uc548\uc815\uc131\uacfc \ubcf4\uc874\uc131\uc774 \ub6f0\uc5b4\ub0a9\ub2c8\ub2e4. <\/p>\n<h2>\uc801\uc6a9<\/h2>\n<p>\ucf5c\ub9b0 \uc2dc\ud2b8\ub808\uc774\ud2b8\ub294 \ub2e4\uc74c \ubd84\uc57c\uc5d0 \uc801\uc6a9\ub429\ub2c8\ub2e4:<\/p>\n<ul>\n<li>\ub1cc \ubc0f \uc2e0\uacbd\uacc4 \uae30\ub2a5\uc744 \uc9c0\uc6d0\ud558\ub294 \uac74\uac15 \ubcf4\uc870 \uc2dd\ud488<\/li>\n<li>\uc778\uc9c0 \ub2a5\ub825, \uae30\uc5b5\ub825 \ubc0f \uc9d1\uc911\ub825\uc744 \uc9c0\uc6d0\ud558\ub294 \uc81c\uc81c<\/li>\n<li>\ub178\uc778 \ubc0f \uc2e0\uacbd\ud559\uc801 \uc7a5\uc560\uac00 \uc788\ub294 \uc0ac\ub78c\ub4e4\uc744 \uc704\ud55c \uc81c\ud488<\/li>\n<li>\ud559\uc2b5, \uc815\uc2e0 \ub178\ub3d9 \ubc0f \uc2ec\ub9ac\uc801 \uc721\uccb4\uc801 \ub178\ub825 \uc2dc \uc2e0\uccb4 \uc9c0\uc6d0<\/li>\n<li>\uac04 \uae30\ub2a5 \ubc0f \ud574\ub3c5\uc744 \uc9c0\uc6d0\ud558\ub294 \uc81c\uc81c<\/li>\n<\/ul>\n<p>\ucf5c\ub9b0 \uc2dc\ud2b8\ub808\uc774\ud2b8\uc758 \uc2e0\ub9db\uc740 \uac10\ubbf8\ub8cc\ub098 \ud5a5\ub8cc\ub97c \uc0ac\uc6a9\ud558\uc5ec \uc644\uc81c\ud488 \ubcf4\ucda9\uc81c \uc81c\ud615\uc5d0\uc11c \uc27d\uac8c \uc911\ud654\ub420 \uc218 \uc788\uc2b5\ub2c8\ub2e4.<\/p>\n","protected":false},"excerpt":{"rendered":"<p><strong>\ucf5c\ub9b0 \uc2dc\ud2b8\ub808\uc774\ud2b8<\/strong> (Choline Dihydrogen Citrate, CAS: 77-91-8)\ub294 \ucf5c\ub9b0\uacfc <a href=\"https:\/\/naturalpoland.com\/ko\/je-pum\/sig-pum-won-ryo\/saeng-san-yong-won-ryo\/%ea%b5%ac%ec%97%b0%ec%82%b0-%ec%9d%bc%ec%88%98%ed%99%94%eb%ac%bc\/\">\uad6c\uc5f0\uc0b0<\/a>\uc758 \uacb0\ud569\uc73c\ub85c \uc774\ub8e8\uc5b4\uc9c4 \uc2dd\ud488 \ub4f1\uae09\uc758 \ud654\ud559 \ud654\ud569\ubb3c\uc785\ub2c8\ub2e4. \uc774 \uc81c\ud488\uc740 98% \uc774\uc0c1\uc758 \uc21c\uc218 \ubb3c\uc9c8\uc744 \ud568\uc720\ud558\uace0 \uc788\uc73c\uba70, \ucf5c\ub9b0 \ud568\ub7c9\uc740 51%\uc5d0 \ub2ec\ud569\ub2c8\ub2e4. \uc774\ub294 \uc911\uc8fc\uc11d\uc0b0\uc5fc \ud615\ud0dc\ubcf4\ub2e4 \ub354 \ub9ce\uc740 \ucf5c\ub9b0\uc744 \ud3ec\ud568\ud558\uace0 \uc788\uc74c\uc744 \uc758\ubbf8\ud569\ub2c8\ub2e4.  <\/p>\n","protected":false},"featured_media":42526,"template":"","meta":{"_acf_changed":false},"product_brand":[],"product_cat":[8143],"product_tag":[],"class_list":{"0":"post-43170","1":"product","2":"type-product","3":"status-publish","4":"has-post-thumbnail","6":"product_cat-geon-gang-gi-neung-sig-pum-cheom-ga-mul","8":"first","9":"instock","10":"shipping-taxable","11":"product-type-simple"},"acf":[],"yoast_head":"<!-- This site is optimized with the Yoast SEO plugin v27.4 - https:\/\/yoast.com\/product\/yoast-seo-wordpress\/ -->\n<title>\ucf5c\ub9b0 \uc2dc\ud2b8\ub808\uc774\ud2b8 - Hurtowy Dystrybutor<\/title>\n<meta name=\"description\" content=\"\ucf5c\ub9b0 \uc2dc\ud2b8\ub808\uc774\ud2b8\ub294 \uad6c\uc5f0\uc0b0 \uc720\ub3c4\uccb4\uc640 \ucf5c\ub9b0\uc758 \uacb0\ud569\uc785\ub2c8\ub2e4. \uc774 \uc81c\ud488\uc740 \ucf5c\ub9b0\uc744 51% \ud568\uc720\ud558\uace0 \uc788\uc5b4, \uc911\uc8fc\uc11d\uc0b0\uc5fc \ud615\ud0dc\ubcf4\ub2e4 \ub354 \ub9ce\uc740 \ucf5c\ub9b0\uc744 \ud3ec\ud568\ud558\uace0 \uc788\uc2b5\ub2c8\ub2e4.\" \/>\n<meta name=\"robots\" content=\"index, follow, max-snippet:-1, max-image-preview:large, max-video-preview:-1\" \/>\n<link rel=\"canonical\" href=\"https:\/\/naturalpoland.com\/ko\/je-pum\/ui-yak-pum-won-ryo\/geon-gang-gi-neung-sig-pum-cheom-ga-mul\/%ec%bd%9c%eb%a6%b0-%ec%8b%9c%ed%8a%b8%eb%a0%88%ec%9d%b4%ed%8a%b8\/\" \/>\n<meta property=\"og:locale\" content=\"ko_KR\" \/>\n<meta property=\"og:type\" content=\"article\" \/>\n<meta property=\"og:title\" content=\"\ucf5c\ub9b0 \uc2dc\ud2b8\ub808\uc774\ud2b8 - Hurtowy Dystrybutor\" \/>\n<meta property=\"og:description\" content=\"\ucf5c\ub9b0 \uc2dc\ud2b8\ub808\uc774\ud2b8\ub294 \uad6c\uc5f0\uc0b0 \uc720\ub3c4\uccb4\uc640 \ucf5c\ub9b0\uc758 \uacb0\ud569\uc785\ub2c8\ub2e4. \uc774 \uc81c\ud488\uc740 \ucf5c\ub9b0\uc744 51% \ud568\uc720\ud558\uace0 \uc788\uc5b4, \uc911\uc8fc\uc11d\uc0b0\uc5fc \ud615\ud0dc\ubcf4\ub2e4 \ub354 \ub9ce\uc740 \ucf5c\ub9b0\uc744 \ud3ec\ud568\ud558\uace0 \uc788\uc2b5\ub2c8\ub2e4.\" \/>\n<meta property=\"og:url\" content=\"https:\/\/naturalpoland.com\/ko\/je-pum\/ui-yak-pum-won-ryo\/geon-gang-gi-neung-sig-pum-cheom-ga-mul\/%ec%bd%9c%eb%a6%b0-%ec%8b%9c%ed%8a%b8%eb%a0%88%ec%9d%b4%ed%8a%b8\/\" \/>\n<meta property=\"og:site_name\" content=\"NATURAL POLAND - Hurtowy Dystrybutor Surowc\u00f3w\" \/>\n<meta property=\"article:publisher\" content=\"https:\/\/www.facebook.com\/naturalpoland.b2b\" \/>\n<meta property=\"article:modified_time\" content=\"2025-09-04T10:28:17+00:00\" \/>\n<meta property=\"og:image\" content=\"https:\/\/naturalpoland.com\/wp-content\/uploads\/cytrynian-choliny.webp\" \/>\n\t<meta property=\"og:image:width\" content=\"1024\" \/>\n\t<meta property=\"og:image:height\" content=\"1024\" \/>\n\t<meta property=\"og:image:type\" content=\"image\/webp\" \/>\n<script type=\"application\/ld+json\" class=\"yoast-schema-graph\">{\"@context\":\"https:\\\/\\\/schema.org\",\"@graph\":[{\"@type\":\"WebPage\",\"@id\":\"https:\\\/\\\/naturalpoland.com\\\/ko\\\/je-pum\\\/ui-yak-pum-won-ryo\\\/geon-gang-gi-neung-sig-pum-cheom-ga-mul\\\/%ec%bd%9c%eb%a6%b0-%ec%8b%9c%ed%8a%b8%eb%a0%88%ec%9d%b4%ed%8a%b8\\\/\",\"url\":\"https:\\\/\\\/naturalpoland.com\\\/ko\\\/je-pum\\\/ui-yak-pum-won-ryo\\\/geon-gang-gi-neung-sig-pum-cheom-ga-mul\\\/%ec%bd%9c%eb%a6%b0-%ec%8b%9c%ed%8a%b8%eb%a0%88%ec%9d%b4%ed%8a%b8\\\/\",\"name\":\"\ucf5c\ub9b0 \uc2dc\ud2b8\ub808\uc774\ud2b8 - Hurtowy Dystrybutor\",\"isPartOf\":{\"@id\":\"https:\\\/\\\/naturalpoland.com\\\/ko\\\/#website\"},\"primaryImageOfPage\":{\"@id\":\"https:\\\/\\\/naturalpoland.com\\\/ko\\\/je-pum\\\/ui-yak-pum-won-ryo\\\/geon-gang-gi-neung-sig-pum-cheom-ga-mul\\\/%ec%bd%9c%eb%a6%b0-%ec%8b%9c%ed%8a%b8%eb%a0%88%ec%9d%b4%ed%8a%b8\\\/#primaryimage\"},\"image\":{\"@id\":\"https:\\\/\\\/naturalpoland.com\\\/ko\\\/je-pum\\\/ui-yak-pum-won-ryo\\\/geon-gang-gi-neung-sig-pum-cheom-ga-mul\\\/%ec%bd%9c%eb%a6%b0-%ec%8b%9c%ed%8a%b8%eb%a0%88%ec%9d%b4%ed%8a%b8\\\/#primaryimage\"},\"thumbnailUrl\":\"https:\\\/\\\/naturalpoland.com\\\/wp-content\\\/uploads\\\/cytrynian-choliny.webp\",\"datePublished\":\"2021-05-11T11:37:21+00:00\",\"dateModified\":\"2025-09-04T10:28:17+00:00\",\"description\":\"\ucf5c\ub9b0 \uc2dc\ud2b8\ub808\uc774\ud2b8\ub294 \uad6c\uc5f0\uc0b0 \uc720\ub3c4\uccb4\uc640 \ucf5c\ub9b0\uc758 \uacb0\ud569\uc785\ub2c8\ub2e4. \uc774 \uc81c\ud488\uc740 \ucf5c\ub9b0\uc744 51% \ud568\uc720\ud558\uace0 \uc788\uc5b4, \uc911\uc8fc\uc11d\uc0b0\uc5fc \ud615\ud0dc\ubcf4\ub2e4 \ub354 \ub9ce\uc740 \ucf5c\ub9b0\uc744 \ud3ec\ud568\ud558\uace0 \uc788\uc2b5\ub2c8\ub2e4.\",\"breadcrumb\":{\"@id\":\"https:\\\/\\\/naturalpoland.com\\\/ko\\\/je-pum\\\/ui-yak-pum-won-ryo\\\/geon-gang-gi-neung-sig-pum-cheom-ga-mul\\\/%ec%bd%9c%eb%a6%b0-%ec%8b%9c%ed%8a%b8%eb%a0%88%ec%9d%b4%ed%8a%b8\\\/#breadcrumb\"},\"inLanguage\":\"ko-KR\",\"potentialAction\":[{\"@type\":\"ReadAction\",\"target\":[\"https:\\\/\\\/naturalpoland.com\\\/ko\\\/je-pum\\\/ui-yak-pum-won-ryo\\\/geon-gang-gi-neung-sig-pum-cheom-ga-mul\\\/%ec%bd%9c%eb%a6%b0-%ec%8b%9c%ed%8a%b8%eb%a0%88%ec%9d%b4%ed%8a%b8\\\/\"]}]},{\"@type\":\"ImageObject\",\"inLanguage\":\"ko-KR\",\"@id\":\"https:\\\/\\\/naturalpoland.com\\\/ko\\\/je-pum\\\/ui-yak-pum-won-ryo\\\/geon-gang-gi-neung-sig-pum-cheom-ga-mul\\\/%ec%bd%9c%eb%a6%b0-%ec%8b%9c%ed%8a%b8%eb%a0%88%ec%9d%b4%ed%8a%b8\\\/#primaryimage\",\"url\":\"https:\\\/\\\/naturalpoland.com\\\/wp-content\\\/uploads\\\/cytrynian-choliny.webp\",\"contentUrl\":\"https:\\\/\\\/naturalpoland.com\\\/wp-content\\\/uploads\\\/cytrynian-choliny.webp\",\"width\":1024,\"height\":1024,\"caption\":\"\ubbf8\uc138\ud55c \uacb0\uc815\uc131 \ubc31\uc0c9 \ubd84\ub9d0 \ud615\ud0dc\uc758 \ucf5c\ub9b0 \uc2dc\ud2b8\ub808\uc774\ud2b8\"},{\"@type\":\"BreadcrumbList\",\"@id\":\"https:\\\/\\\/naturalpoland.com\\\/ko\\\/je-pum\\\/ui-yak-pum-won-ryo\\\/geon-gang-gi-neung-sig-pum-cheom-ga-mul\\\/%ec%bd%9c%eb%a6%b0-%ec%8b%9c%ed%8a%b8%eb%a0%88%ec%9d%b4%ed%8a%b8\\\/#breadcrumb\",\"itemListElement\":[{\"@type\":\"ListItem\",\"position\":1,\"name\":\"\ud648\",\"item\":\"https:\\\/\\\/naturalpoland.com\\\/ko\\\/\"},{\"@type\":\"ListItem\",\"position\":2,\"name\":\"\uc81c\ud488\",\"item\":\"https:\\\/\\\/naturalpoland.com\\\/ko\\\/%ec%a0%9c%ed%92%88\\\/\"},{\"@type\":\"ListItem\",\"position\":3,\"name\":\"\ucf5c\ub9b0 \uc2dc\ud2b8\ub808\uc774\ud2b8\"}]},{\"@type\":\"WebSite\",\"@id\":\"https:\\\/\\\/naturalpoland.com\\\/ko\\\/#website\",\"url\":\"https:\\\/\\\/naturalpoland.com\\\/ko\\\/\",\"name\":\"NATURAL POLAND - Hurtowy Dystrybutor Surowc\u00f3w\",\"description\":\"Surowce dla przemys\u0142u spo\u017cywczego, kosmetycznego i farmaceutycznego\",\"publisher\":{\"@id\":\"https:\\\/\\\/naturalpoland.com\\\/ko\\\/#organization\"},\"potentialAction\":[{\"@type\":\"SearchAction\",\"target\":{\"@type\":\"EntryPoint\",\"urlTemplate\":\"https:\\\/\\\/naturalpoland.com\\\/ko\\\/?s={search_term_string}\"},\"query-input\":{\"@type\":\"PropertyValueSpecification\",\"valueRequired\":true,\"valueName\":\"search_term_string\"}}],\"inLanguage\":\"ko-KR\"},{\"@type\":\"Organization\",\"@id\":\"https:\\\/\\\/naturalpoland.com\\\/ko\\\/#organization\",\"name\":\"Natural Poland\",\"url\":\"https:\\\/\\\/naturalpoland.com\\\/ko\\\/\",\"logo\":{\"@type\":\"ImageObject\",\"inLanguage\":\"ko-KR\",\"@id\":\"https:\\\/\\\/naturalpoland.com\\\/ko\\\/#\\\/schema\\\/logo\\\/image\\\/\",\"url\":\"https:\\\/\\\/naturalpoland.com\\\/wp-content\\\/uploads\\\/2021\\\/05\\\/natural-poland-icon.png\",\"contentUrl\":\"https:\\\/\\\/naturalpoland.com\\\/wp-content\\\/uploads\\\/2021\\\/05\\\/natural-poland-icon.png\",\"width\":512,\"height\":512,\"caption\":\"Natural Poland\"},\"image\":{\"@id\":\"https:\\\/\\\/naturalpoland.com\\\/ko\\\/#\\\/schema\\\/logo\\\/image\\\/\"},\"sameAs\":[\"https:\\\/\\\/www.facebook.com\\\/naturalpoland.b2b\",\"https:\\\/\\\/pl.linkedin.com\\\/company\\\/natural-poland\",\"https:\\\/\\\/www.youtube.com\\\/channel\\\/UCgeGGkvOMahZo-xu_MSEWxg\"]}]}<\/script>\n<!-- \/ Yoast SEO plugin. -->","yoast_head_json":{"title":"\ucf5c\ub9b0 \uc2dc\ud2b8\ub808\uc774\ud2b8 - Hurtowy Dystrybutor","description":"\ucf5c\ub9b0 \uc2dc\ud2b8\ub808\uc774\ud2b8\ub294 \uad6c\uc5f0\uc0b0 \uc720\ub3c4\uccb4\uc640 \ucf5c\ub9b0\uc758 \uacb0\ud569\uc785\ub2c8\ub2e4. \uc774 \uc81c\ud488\uc740 \ucf5c\ub9b0\uc744 51% \ud568\uc720\ud558\uace0 \uc788\uc5b4, \uc911\uc8fc\uc11d\uc0b0\uc5fc \ud615\ud0dc\ubcf4\ub2e4 \ub354 \ub9ce\uc740 \ucf5c\ub9b0\uc744 \ud3ec\ud568\ud558\uace0 \uc788\uc2b5\ub2c8\ub2e4.","robots":{"index":"index","follow":"follow","max-snippet":"max-snippet:-1","max-image-preview":"max-image-preview:large","max-video-preview":"max-video-preview:-1"},"canonical":"https:\/\/naturalpoland.com\/ko\/je-pum\/ui-yak-pum-won-ryo\/geon-gang-gi-neung-sig-pum-cheom-ga-mul\/%ec%bd%9c%eb%a6%b0-%ec%8b%9c%ed%8a%b8%eb%a0%88%ec%9d%b4%ed%8a%b8\/","og_locale":"ko_KR","og_type":"article","og_title":"\ucf5c\ub9b0 \uc2dc\ud2b8\ub808\uc774\ud2b8 - Hurtowy Dystrybutor","og_description":"\ucf5c\ub9b0 \uc2dc\ud2b8\ub808\uc774\ud2b8\ub294 \uad6c\uc5f0\uc0b0 \uc720\ub3c4\uccb4\uc640 \ucf5c\ub9b0\uc758 \uacb0\ud569\uc785\ub2c8\ub2e4. \uc774 \uc81c\ud488\uc740 \ucf5c\ub9b0\uc744 51% \ud568\uc720\ud558\uace0 \uc788\uc5b4, \uc911\uc8fc\uc11d\uc0b0\uc5fc \ud615\ud0dc\ubcf4\ub2e4 \ub354 \ub9ce\uc740 \ucf5c\ub9b0\uc744 \ud3ec\ud568\ud558\uace0 \uc788\uc2b5\ub2c8\ub2e4.","og_url":"https:\/\/naturalpoland.com\/ko\/je-pum\/ui-yak-pum-won-ryo\/geon-gang-gi-neung-sig-pum-cheom-ga-mul\/%ec%bd%9c%eb%a6%b0-%ec%8b%9c%ed%8a%b8%eb%a0%88%ec%9d%b4%ed%8a%b8\/","og_site_name":"NATURAL POLAND - Hurtowy Dystrybutor Surowc\u00f3w","article_publisher":"https:\/\/www.facebook.com\/naturalpoland.b2b","article_modified_time":"2025-09-04T10:28:17+00:00","og_image":[{"width":1024,"height":1024,"url":"https:\/\/naturalpoland.com\/wp-content\/uploads\/cytrynian-choliny.webp","type":"image\/webp"}],"schema":{"@context":"https:\/\/schema.org","@graph":[{"@type":"WebPage","@id":"https:\/\/naturalpoland.com\/ko\/je-pum\/ui-yak-pum-won-ryo\/geon-gang-gi-neung-sig-pum-cheom-ga-mul\/%ec%bd%9c%eb%a6%b0-%ec%8b%9c%ed%8a%b8%eb%a0%88%ec%9d%b4%ed%8a%b8\/","url":"https:\/\/naturalpoland.com\/ko\/je-pum\/ui-yak-pum-won-ryo\/geon-gang-gi-neung-sig-pum-cheom-ga-mul\/%ec%bd%9c%eb%a6%b0-%ec%8b%9c%ed%8a%b8%eb%a0%88%ec%9d%b4%ed%8a%b8\/","name":"\ucf5c\ub9b0 \uc2dc\ud2b8\ub808\uc774\ud2b8 - Hurtowy Dystrybutor","isPartOf":{"@id":"https:\/\/naturalpoland.com\/ko\/#website"},"primaryImageOfPage":{"@id":"https:\/\/naturalpoland.com\/ko\/je-pum\/ui-yak-pum-won-ryo\/geon-gang-gi-neung-sig-pum-cheom-ga-mul\/%ec%bd%9c%eb%a6%b0-%ec%8b%9c%ed%8a%b8%eb%a0%88%ec%9d%b4%ed%8a%b8\/#primaryimage"},"image":{"@id":"https:\/\/naturalpoland.com\/ko\/je-pum\/ui-yak-pum-won-ryo\/geon-gang-gi-neung-sig-pum-cheom-ga-mul\/%ec%bd%9c%eb%a6%b0-%ec%8b%9c%ed%8a%b8%eb%a0%88%ec%9d%b4%ed%8a%b8\/#primaryimage"},"thumbnailUrl":"https:\/\/naturalpoland.com\/wp-content\/uploads\/cytrynian-choliny.webp","datePublished":"2021-05-11T11:37:21+00:00","dateModified":"2025-09-04T10:28:17+00:00","description":"\ucf5c\ub9b0 \uc2dc\ud2b8\ub808\uc774\ud2b8\ub294 \uad6c\uc5f0\uc0b0 \uc720\ub3c4\uccb4\uc640 \ucf5c\ub9b0\uc758 \uacb0\ud569\uc785\ub2c8\ub2e4. \uc774 \uc81c\ud488\uc740 \ucf5c\ub9b0\uc744 51% \ud568\uc720\ud558\uace0 \uc788\uc5b4, \uc911\uc8fc\uc11d\uc0b0\uc5fc \ud615\ud0dc\ubcf4\ub2e4 \ub354 \ub9ce\uc740 \ucf5c\ub9b0\uc744 \ud3ec\ud568\ud558\uace0 \uc788\uc2b5\ub2c8\ub2e4.","breadcrumb":{"@id":"https:\/\/naturalpoland.com\/ko\/je-pum\/ui-yak-pum-won-ryo\/geon-gang-gi-neung-sig-pum-cheom-ga-mul\/%ec%bd%9c%eb%a6%b0-%ec%8b%9c%ed%8a%b8%eb%a0%88%ec%9d%b4%ed%8a%b8\/#breadcrumb"},"inLanguage":"ko-KR","potentialAction":[{"@type":"ReadAction","target":["https:\/\/naturalpoland.com\/ko\/je-pum\/ui-yak-pum-won-ryo\/geon-gang-gi-neung-sig-pum-cheom-ga-mul\/%ec%bd%9c%eb%a6%b0-%ec%8b%9c%ed%8a%b8%eb%a0%88%ec%9d%b4%ed%8a%b8\/"]}]},{"@type":"ImageObject","inLanguage":"ko-KR","@id":"https:\/\/naturalpoland.com\/ko\/je-pum\/ui-yak-pum-won-ryo\/geon-gang-gi-neung-sig-pum-cheom-ga-mul\/%ec%bd%9c%eb%a6%b0-%ec%8b%9c%ed%8a%b8%eb%a0%88%ec%9d%b4%ed%8a%b8\/#primaryimage","url":"https:\/\/naturalpoland.com\/wp-content\/uploads\/cytrynian-choliny.webp","contentUrl":"https:\/\/naturalpoland.com\/wp-content\/uploads\/cytrynian-choliny.webp","width":1024,"height":1024,"caption":"\ubbf8\uc138\ud55c \uacb0\uc815\uc131 \ubc31\uc0c9 \ubd84\ub9d0 \ud615\ud0dc\uc758 \ucf5c\ub9b0 \uc2dc\ud2b8\ub808\uc774\ud2b8"},{"@type":"BreadcrumbList","@id":"https:\/\/naturalpoland.com\/ko\/je-pum\/ui-yak-pum-won-ryo\/geon-gang-gi-neung-sig-pum-cheom-ga-mul\/%ec%bd%9c%eb%a6%b0-%ec%8b%9c%ed%8a%b8%eb%a0%88%ec%9d%b4%ed%8a%b8\/#breadcrumb","itemListElement":[{"@type":"ListItem","position":1,"name":"\ud648","item":"https:\/\/naturalpoland.com\/ko\/"},{"@type":"ListItem","position":2,"name":"\uc81c\ud488","item":"https:\/\/naturalpoland.com\/ko\/%ec%a0%9c%ed%92%88\/"},{"@type":"ListItem","position":3,"name":"\ucf5c\ub9b0 \uc2dc\ud2b8\ub808\uc774\ud2b8"}]},{"@type":"WebSite","@id":"https:\/\/naturalpoland.com\/ko\/#website","url":"https:\/\/naturalpoland.com\/ko\/","name":"NATURAL POLAND - Hurtowy Dystrybutor Surowc\u00f3w","description":"Surowce dla przemys\u0142u spo\u017cywczego, kosmetycznego i farmaceutycznego","publisher":{"@id":"https:\/\/naturalpoland.com\/ko\/#organization"},"potentialAction":[{"@type":"SearchAction","target":{"@type":"EntryPoint","urlTemplate":"https:\/\/naturalpoland.com\/ko\/?s={search_term_string}"},"query-input":{"@type":"PropertyValueSpecification","valueRequired":true,"valueName":"search_term_string"}}],"inLanguage":"ko-KR"},{"@type":"Organization","@id":"https:\/\/naturalpoland.com\/ko\/#organization","name":"Natural Poland","url":"https:\/\/naturalpoland.com\/ko\/","logo":{"@type":"ImageObject","inLanguage":"ko-KR","@id":"https:\/\/naturalpoland.com\/ko\/#\/schema\/logo\/image\/","url":"https:\/\/naturalpoland.com\/wp-content\/uploads\/2021\/05\/natural-poland-icon.png","contentUrl":"https:\/\/naturalpoland.com\/wp-content\/uploads\/2021\/05\/natural-poland-icon.png","width":512,"height":512,"caption":"Natural Poland"},"image":{"@id":"https:\/\/naturalpoland.com\/ko\/#\/schema\/logo\/image\/"},"sameAs":["https:\/\/www.facebook.com\/naturalpoland.b2b","https:\/\/pl.linkedin.com\/company\/natural-poland","https:\/\/www.youtube.com\/channel\/UCgeGGkvOMahZo-xu_MSEWxg"]}]}},"_links":{"self":[{"href":"https:\/\/naturalpoland.com\/ko\/wp-json\/wp\/v2\/product\/43170","targetHints":{"allow":["GET"]}}],"collection":[{"href":"https:\/\/naturalpoland.com\/ko\/wp-json\/wp\/v2\/product"}],"about":[{"href":"https:\/\/naturalpoland.com\/ko\/wp-json\/wp\/v2\/types\/product"}],"wp:featuredmedia":[{"embeddable":true,"href":"https:\/\/naturalpoland.com\/ko\/wp-json\/wp\/v2\/media\/42526"}],"wp:attachment":[{"href":"https:\/\/naturalpoland.com\/ko\/wp-json\/wp\/v2\/media?parent=43170"}],"wp:term":[{"taxonomy":"product_brand","embeddable":true,"href":"https:\/\/naturalpoland.com\/ko\/wp-json\/wp\/v2\/product_brand?post=43170"},{"taxonomy":"product_cat","embeddable":true,"href":"https:\/\/naturalpoland.com\/ko\/wp-json\/wp\/v2\/product_cat?post=43170"},{"taxonomy":"product_tag","embeddable":true,"href":"https:\/\/naturalpoland.com\/ko\/wp-json\/wp\/v2\/product_tag?post=43170"}],"curies":[{"name":"wp","href":"https:\/\/api.w.org\/{rel}","templated":true}]}}