{"id":43195,"date":"2021-05-11T13:52:09","date_gmt":"2021-05-11T11:52:09","guid":{"rendered":"https:\/\/naturalpoland.com\/produkty\/uncategorized\/%eb%93%a4%ea%b9%a8-%ec%98%a4%ec%9d%bc\/"},"modified":"2025-09-09T10:55:23","modified_gmt":"2025-09-09T08:55:23","slug":"%eb%93%a4%ea%b9%a8-%ec%98%a4%ec%9d%bc","status":"publish","type":"product","link":"https:\/\/naturalpoland.com\/ko\/je-pum\/sig-pum-won-ryo\/sig-yong-yu\/%eb%93%a4%ea%b9%a8-%ec%98%a4%ec%9d%bc\/","title":{"rendered":"\ub4e4\uae68 \uc624\uc77c"},"content":{"rendered":"<h2>\ub4e4\uae68 \uc624\uc77c\uc758 \ud2b9\uc131<\/h2>\n<ol>\n<li><strong>\ud56d\uc5fc \ubc0f \ud56d\uade0 \uc791\uc6a9<\/strong> &#8211; \uc774\ub85c \uc778\ud574 \uc544\ud1a0\ud53c\uc131, \uc790\uadf9\uc5d0 \ubbfc\uac10\ud55c \ud53c\ubd80 \ubc0f \uc5ec\ub4dc\ub984\uc131 \ud53c\ubd80 \uad00\ub9ac\uc5d0 \ud0c1\uc6d4\ud55c \ud654\uc7a5\ud488 \uc6d0\ub8cc\uc785\ub2c8\ub2e4. \ud56d\uade0 \ud2b9\uc131\uc740 <em>Propionibacterium acnes<\/em> \ubc0f <em>Staphylococcus aureus<\/em>\uc640 \uac19\uc740 \uc5ec\ub4dc\ub984 \uc720\ubc1c \ubc15\ud14c\ub9ac\uc544\uc758 \uc131\uc7a5\uc744 \uc5b5\uc81c\ud569\ub2c8\ub2e4. <\/li>\n<li><strong>\uc0c1\ucc98, \ud654\uc0c1, \ub3d9\uc0c1 \uce58\uc720 \ucd09\uc9c4.<\/strong><\/li>\n<li><strong>\ud53c\ubd80 \ubcf4\uc2b5 \ubc0f \uc601\uc591 \uacf5\uae09<\/strong> &#8211; \ud53c\ubd80\ub97c \ubd80\ub4dc\ub7fd\uac8c \ud558\uace0 \ub9e4\ub044\ub7fd\uac8c \ud558\uba70 \ud0c4\ub825\uc744 \ubd80\uc5ec\ud569\ub2c8\ub2e4. \ud2b9\ud788 \uc131\uc219\ud558\uace0 \uac74\uc870\ud558\uba70 \uc790\uadf9\ubc1b\uc740 \ud53c\ubd80 \uad00\ub9ac\uc5d0 \uad8c\uc7a5\ub418\uba70, \uc8fc\ub984\uacfc \uc794\uc8fc\ub984\uc744 \uc904\uc774\uace0 \ud53c\ubd80 \ub178\ud654\ub97c \ubc29\uc9c0\ud558\ub294 \ub370 \ub3c4\uc6c0\uc744 \uc90d\ub2c8\ub2e4. <\/li>\n<li><strong>\ubaa8\ubc1c \ubc0f \uc190\ud1b1 \uad00\ub9ac<\/strong> &#8211; \ubaa8\ubc1c\uc744 \uac15\ud654\ud558\uace0 \ube44\ub4ec\uc744 \uc904\uc774\ub294 \ub370 \ub3c4\uc6c0\uc744 \uc8fc\uba70, \uc190\ud1b1\uc744 \uac15\ud654\ud558\uace0 \uac08\ub77c\uc9d0\uc744 \ubc29\uc9c0\ud569\ub2c8\ub2e4.<\/li>\n<li><strong>\ud53c\uc9c0\uc120 \uae30\ub2a5 \uc870\uc808<\/strong> &#8211; \ud53c\uc9c0 \ubd84\ube44\ub7c9\uc744 \uc904\uc774\uace0 \ud53c\uc9c0\uc120 \uc785\uad6c \ub9c9\ud798\uc744 \ubc29\uc9c0\ud569\ub2c8\ub2e4.<\/li>\n<\/ol>\n<h2>\uc774\uc810<\/h2>\n<p>\ub4e4\uae68 \uc528\uc557 \uc624\uc77c\uc740 \uc54c\ud30c-\ub9ac\ub180\ub80c\uc0b0(ALA), \ub9ac\ub180\ub808\uc0b0(LA), \uc62c\ub808\uc0b0\uacfc \uac19\uc740 \ud544\uc218 \ubd88\ud3ec\ud654 \uc9c0\ubc29\uc0b0\uc774 \ud48d\ubd80\ud569\ub2c8\ub2e4. \uc774\ub7ec\ud55c \uc9c0\ubc29\uc0b0\uc740 \uc2ec\ud608\uad00 \uac74\uac15\uc5d0 \uc911\uc694\ud558\uba70, \ub1cc \uae30\ub2a5\uc744 \uc9c0\uc6d0\ud558\uace0 \ud53c\ubd80 \ubc0f \ubaa8\ubc1c \uac74\uac15 \uac1c\uc120\uc5d0 \uae30\uc5ec\ud569\ub2c8\ub2e4. <\/p>\n<p>\ub192\uc740 \uc54c\ud30c-\ub9ac\ub180\ub80c\uc0b0(ALA) \ud568\ub7c9\uc73c\ub85c \uc778\ud574 \ub4e4\uae68 \uc624\uc77c\uc740 \uac15\ub825\ud55c <strong>\ud56d\uc5fc\uc99d \ud2b9\uc131<\/strong>\uc744 \uac00\uc9c0\uba70, \uc774\ub294 \uccb4\ub0b4 \uc5fc\uc99d \uac10\uc18c, \uc54c\ub808\ub974\uae30 \uc99d\uc0c1 \uc644\ud654 \ubc0f \uad00\uc808 \uac74\uac15 \uc9c0\uc6d0\uc5d0 \ub3c4\uc6c0\uc744 \uc904 \uc218 \uc788\uc2b5\ub2c8\ub2e4.<\/p>\n<p>\ud654\uc7a5\ud488 \ubd84\uc57c\uc5d0\uc11c \uc774 \uc624\uc77c\uc740 \ubcf4\uc2b5, \uc7ac\uc0dd \ubc0f \ub178\ud654 \ubc29\uc9c0 \ud2b9\uc131\uc73c\ub85c \uc798 \uc54c\ub824\uc838 \uc788\uc2b5\ub2c8\ub2e4. \uac00\ubcbc\uc6b4 \uc9c8\uac10\uc73c\ub85c \ube60\ub974\uac8c \ud761\uc218\ub429\ub2c8\ub2e4. \uac74\uc870\ud558\uace0 \ubbfc\uac10\ud558\uba70 \uc131\uc219\ud55c \ud53c\ubd80 \uad00\ub9ac\ubfd0\ub9cc \uc544\ub2c8\ub77c \ubaa8\ubc1c \uad00\ub9ac\uc5d0\ub3c4 \ud0c1\uc6d4\ud569\ub2c8\ub2e4.  <\/p>\n<h2>\uc801\uc6a9<\/h2>\n<p>\uc2dd\ud488 \uc0b0\uc5c5\uc5d0\uc11c\ub294 \uac74\uac15\ud55c \uc0d0\ub7ec\ub4dc \uc624\uc77c, \uc18c\uc2a4 \ubc0f \uae30\ud0c0 \uc694\ub9ac\uc758 \uc131\ubd84\uc73c\ub85c \uc0ac\uc6a9\ub420 \uc218 \uc788\uc73c\uba70, \ud48d\ubd80\ud55c \uc9c0\ubc29\uc0b0 \ud504\ub85c\ud544\uc740 \uac74\uac15\ud55c \uc2dd\ub2e8\uc744 \uc9c0\uc6d0\ud569\ub2c8\ub2e4.<\/p>\n<p>\ud654\uc7a5\ud488 \uc0b0\uc5c5\uc5d0\uc11c\ub294 \ud06c\ub9bc, \ub85c\uc158, \uc138\ub7fc, \uc5bc\uad74 \ubc0f \ubaa8\ubc1c \ub9c8\uc2a4\ud06c\uc758 \uc131\ubd84\uc73c\ub85c \uc0ac\uc6a9\ub429\ub2c8\ub2e4.<\/p>\n<p>\ub4e4\uae68 \uc528\uc557 \uc624\uc77c\uc740 \uc2ec\uc7a5, \ub1cc, \ud53c\ubd80 \uac74\uac15\uc744 \uc9c0\uc6d0\ud558\ub294 \ud544\uc218 \uc9c0\ubc29\uc0b0\uc744 \uacf5\uae09\ud558\ub294 \uc2dd\uc774 \ubcf4\ucda9\uc81c\ub85c\ub3c4 \uc0ac\uc6a9\ub429\ub2c8\ub2e4.<\/p>\n","protected":false},"excerpt":{"rendered":"<p>\ub4e4\uae68 \uc624\uc77c\uc740 \uc77c\ubc18 \ub4e4\uae68(<em>Perilla Ocymoides<\/em>) \uc528\uc557\uc744 \ub0c9\uc555\ucc29\ud558\uc5ec \uc5bb\uc2b5\ub2c8\ub2e4. \uc774 \uc624\uc77c\uc740 \uc624\uba54\uac00-3 \uc9c0\ubc29\uc0b0\uc758 \ud6cc\ub96d\ud55c \uacf5\uae09\uc6d0\uc785\ub2c8\ub2e4. <\/p>\n","protected":false},"featured_media":43196,"template":"","meta":{"_acf_changed":false},"product_brand":[],"product_cat":[8135,8174,8154],"product_tag":[],"class_list":{"0":"post-43195","1":"product","2":"type-product","3":"status-publish","4":"has-post-thumbnail","6":"product_cat-sig-yong-mit-hwa-jang-pum-yong-o-il","7":"product_cat-sig-yong-yu","8":"product_cat-hwa-jang-pum-o-il","10":"first","11":"instock","12":"shipping-taxable","13":"product-type-simple"},"acf":[],"yoast_head":"<!-- This site is optimized with the Yoast SEO plugin v27.5 - https:\/\/yoast.com\/product\/yoast-seo-wordpress\/ -->\n<title>NATURAL POLAND &#8211; Hurtowy Dystrybutor Surowc\u00f3w<\/title>\n<meta name=\"description\" content=\"\ub0c9\uc555\ucc29 \ube44\uc815\uc81c \ub4e4\uae68 \uc528\uc557 \uc624\uc77c\uc740 \uc77c\ubc18 \ub4e4\uae68 \uc528\uc557\uc5d0\uc11c \ucd94\ucd9c\ud55c \uace0\ud488\uc9c8\uc758 \ucc9c\uc5f0 \uc2dd\ubb3c\uc131 \uc624\uc77c\uc785\ub2c8\ub2e4.\" \/>\n<meta name=\"robots\" content=\"index, follow, max-snippet:-1, max-image-preview:large, max-video-preview:-1\" \/>\n<link rel=\"canonical\" href=\"https:\/\/naturalpoland.com\/ko\/je-pum\/sig-pum-won-ryo\/sig-yong-yu\/%eb%93%a4%ea%b9%a8-%ec%98%a4%ec%9d%bc\/\" \/>\n<meta property=\"og:locale\" content=\"ko_KR\" \/>\n<meta property=\"og:type\" content=\"article\" \/>\n<meta property=\"og:description\" content=\"\ub0c9\uc555\ucc29 \ube44\uc815\uc81c \ub4e4\uae68 \uc528\uc557 \uc624\uc77c\uc740 \uc77c\ubc18 \ub4e4\uae68 \uc528\uc557\uc5d0\uc11c \ucd94\ucd9c\ud55c \uace0\ud488\uc9c8\uc758 \ucc9c\uc5f0 \uc2dd\ubb3c\uc131 \uc624\uc77c\uc785\ub2c8\ub2e4.\" \/>\n<meta property=\"og:url\" content=\"https:\/\/naturalpoland.com\/ko\/je-pum\/sig-pum-won-ryo\/sig-yong-yu\/%eb%93%a4%ea%b9%a8-%ec%98%a4%ec%9d%bc\/\" \/>\n<meta property=\"og:site_name\" content=\"NATURAL POLAND - Hurtowy Dystrybutor Surowc\u00f3w\" \/>\n<meta property=\"article:publisher\" content=\"https:\/\/www.facebook.com\/naturalpoland.b2b\" \/>\n<meta property=\"article:modified_time\" content=\"2025-09-09T08:55:23+00:00\" \/>\n<meta property=\"og:image\" content=\"https:\/\/naturalpoland.com\/wp-content\/uploads\/Olej-z-pachnotki.jpg\" \/>\n\t<meta property=\"og:image:width\" content=\"650\" \/>\n\t<meta property=\"og:image:height\" content=\"650\" \/>\n\t<meta property=\"og:image:type\" content=\"image\/jpeg\" \/>\n<script type=\"application\/ld+json\" class=\"yoast-schema-graph\">{\"@context\":\"https:\\\/\\\/schema.org\",\"@graph\":[{\"@type\":\"WebPage\",\"@id\":\"https:\\\/\\\/naturalpoland.com\\\/ko\\\/je-pum\\\/sig-pum-won-ryo\\\/sig-yong-yu\\\/%eb%93%a4%ea%b9%a8-%ec%98%a4%ec%9d%bc\\\/\",\"url\":\"https:\\\/\\\/naturalpoland.com\\\/ko\\\/je-pum\\\/sig-pum-won-ryo\\\/sig-yong-yu\\\/%eb%93%a4%ea%b9%a8-%ec%98%a4%ec%9d%bc\\\/\",\"name\":\"\",\"isPartOf\":{\"@id\":\"https:\\\/\\\/naturalpoland.com\\\/ko\\\/#website\"},\"primaryImageOfPage\":{\"@id\":\"https:\\\/\\\/naturalpoland.com\\\/ko\\\/je-pum\\\/sig-pum-won-ryo\\\/sig-yong-yu\\\/%eb%93%a4%ea%b9%a8-%ec%98%a4%ec%9d%bc\\\/#primaryimage\"},\"image\":{\"@id\":\"https:\\\/\\\/naturalpoland.com\\\/ko\\\/je-pum\\\/sig-pum-won-ryo\\\/sig-yong-yu\\\/%eb%93%a4%ea%b9%a8-%ec%98%a4%ec%9d%bc\\\/#primaryimage\"},\"thumbnailUrl\":\"https:\\\/\\\/naturalpoland.com\\\/wp-content\\\/uploads\\\/Olej-z-pachnotki.jpg\",\"datePublished\":\"2021-05-11T11:52:09+00:00\",\"dateModified\":\"2025-09-09T08:55:23+00:00\",\"description\":\"\ub0c9\uc555\ucc29 \ube44\uc815\uc81c \ub4e4\uae68 \uc528\uc557 \uc624\uc77c\uc740 \uc77c\ubc18 \ub4e4\uae68 \uc528\uc557\uc5d0\uc11c \ucd94\ucd9c\ud55c \uace0\ud488\uc9c8\uc758 \ucc9c\uc5f0 \uc2dd\ubb3c\uc131 \uc624\uc77c\uc785\ub2c8\ub2e4.\",\"breadcrumb\":{\"@id\":\"https:\\\/\\\/naturalpoland.com\\\/ko\\\/je-pum\\\/sig-pum-won-ryo\\\/sig-yong-yu\\\/%eb%93%a4%ea%b9%a8-%ec%98%a4%ec%9d%bc\\\/#breadcrumb\"},\"inLanguage\":\"ko-KR\",\"potentialAction\":[{\"@type\":\"ReadAction\",\"target\":[\"https:\\\/\\\/naturalpoland.com\\\/ko\\\/je-pum\\\/sig-pum-won-ryo\\\/sig-yong-yu\\\/%eb%93%a4%ea%b9%a8-%ec%98%a4%ec%9d%bc\\\/\"]}]},{\"@type\":\"ImageObject\",\"inLanguage\":\"ko-KR\",\"@id\":\"https:\\\/\\\/naturalpoland.com\\\/ko\\\/je-pum\\\/sig-pum-won-ryo\\\/sig-yong-yu\\\/%eb%93%a4%ea%b9%a8-%ec%98%a4%ec%9d%bc\\\/#primaryimage\",\"url\":\"https:\\\/\\\/naturalpoland.com\\\/wp-content\\\/uploads\\\/Olej-z-pachnotki.jpg\",\"contentUrl\":\"https:\\\/\\\/naturalpoland.com\\\/wp-content\\\/uploads\\\/Olej-z-pachnotki.jpg\",\"width\":650,\"height\":650,\"caption\":\"\ub4e4\uae68 \uc624\uc77c\"},{\"@type\":\"BreadcrumbList\",\"@id\":\"https:\\\/\\\/naturalpoland.com\\\/ko\\\/je-pum\\\/sig-pum-won-ryo\\\/sig-yong-yu\\\/%eb%93%a4%ea%b9%a8-%ec%98%a4%ec%9d%bc\\\/#breadcrumb\",\"itemListElement\":[{\"@type\":\"ListItem\",\"position\":1,\"name\":\"\ud648\",\"item\":\"https:\\\/\\\/naturalpoland.com\\\/ko\\\/\"},{\"@type\":\"ListItem\",\"position\":2,\"name\":\"\uc81c\ud488\",\"item\":\"https:\\\/\\\/naturalpoland.com\\\/ko\\\/%ec%a0%9c%ed%92%88\\\/\"},{\"@type\":\"ListItem\",\"position\":3,\"name\":\"\ub4e4\uae68 \uc624\uc77c\"}]},{\"@type\":\"WebSite\",\"@id\":\"https:\\\/\\\/naturalpoland.com\\\/ko\\\/#website\",\"url\":\"https:\\\/\\\/naturalpoland.com\\\/ko\\\/\",\"name\":\"NATURAL POLAND - Hurtowy Dystrybutor Surowc\u00f3w\",\"description\":\"Surowce dla przemys\u0142u spo\u017cywczego, kosmetycznego i farmaceutycznego\",\"publisher\":{\"@id\":\"https:\\\/\\\/naturalpoland.com\\\/ko\\\/#organization\"},\"potentialAction\":[{\"@type\":\"SearchAction\",\"target\":{\"@type\":\"EntryPoint\",\"urlTemplate\":\"https:\\\/\\\/naturalpoland.com\\\/ko\\\/?s={search_term_string}\"},\"query-input\":{\"@type\":\"PropertyValueSpecification\",\"valueRequired\":true,\"valueName\":\"search_term_string\"}}],\"inLanguage\":\"ko-KR\"},{\"@type\":\"Organization\",\"@id\":\"https:\\\/\\\/naturalpoland.com\\\/ko\\\/#organization\",\"name\":\"Natural Poland\",\"url\":\"https:\\\/\\\/naturalpoland.com\\\/ko\\\/\",\"logo\":{\"@type\":\"ImageObject\",\"inLanguage\":\"ko-KR\",\"@id\":\"https:\\\/\\\/naturalpoland.com\\\/ko\\\/#\\\/schema\\\/logo\\\/image\\\/\",\"url\":\"https:\\\/\\\/naturalpoland.com\\\/wp-content\\\/uploads\\\/2021\\\/05\\\/natural-poland-icon.png\",\"contentUrl\":\"https:\\\/\\\/naturalpoland.com\\\/wp-content\\\/uploads\\\/2021\\\/05\\\/natural-poland-icon.png\",\"width\":512,\"height\":512,\"caption\":\"Natural Poland\"},\"image\":{\"@id\":\"https:\\\/\\\/naturalpoland.com\\\/ko\\\/#\\\/schema\\\/logo\\\/image\\\/\"},\"sameAs\":[\"https:\\\/\\\/www.facebook.com\\\/naturalpoland.b2b\",\"https:\\\/\\\/pl.linkedin.com\\\/company\\\/natural-poland\",\"https:\\\/\\\/www.youtube.com\\\/channel\\\/UCgeGGkvOMahZo-xu_MSEWxg\"]}]}<\/script>\n<!-- \/ Yoast SEO plugin. -->","yoast_head_json":{"title":"NATURAL POLAND &#8211; Hurtowy Dystrybutor Surowc\u00f3w","description":"\ub0c9\uc555\ucc29 \ube44\uc815\uc81c \ub4e4\uae68 \uc528\uc557 \uc624\uc77c\uc740 \uc77c\ubc18 \ub4e4\uae68 \uc528\uc557\uc5d0\uc11c \ucd94\ucd9c\ud55c \uace0\ud488\uc9c8\uc758 \ucc9c\uc5f0 \uc2dd\ubb3c\uc131 \uc624\uc77c\uc785\ub2c8\ub2e4.","robots":{"index":"index","follow":"follow","max-snippet":"max-snippet:-1","max-image-preview":"max-image-preview:large","max-video-preview":"max-video-preview:-1"},"canonical":"https:\/\/naturalpoland.com\/ko\/je-pum\/sig-pum-won-ryo\/sig-yong-yu\/%eb%93%a4%ea%b9%a8-%ec%98%a4%ec%9d%bc\/","og_locale":"ko_KR","og_type":"article","og_description":"\ub0c9\uc555\ucc29 \ube44\uc815\uc81c \ub4e4\uae68 \uc528\uc557 \uc624\uc77c\uc740 \uc77c\ubc18 \ub4e4\uae68 \uc528\uc557\uc5d0\uc11c \ucd94\ucd9c\ud55c \uace0\ud488\uc9c8\uc758 \ucc9c\uc5f0 \uc2dd\ubb3c\uc131 \uc624\uc77c\uc785\ub2c8\ub2e4.","og_url":"https:\/\/naturalpoland.com\/ko\/je-pum\/sig-pum-won-ryo\/sig-yong-yu\/%eb%93%a4%ea%b9%a8-%ec%98%a4%ec%9d%bc\/","og_site_name":"NATURAL POLAND - Hurtowy Dystrybutor Surowc\u00f3w","article_publisher":"https:\/\/www.facebook.com\/naturalpoland.b2b","article_modified_time":"2025-09-09T08:55:23+00:00","og_image":[{"width":650,"height":650,"url":"https:\/\/naturalpoland.com\/wp-content\/uploads\/Olej-z-pachnotki.jpg","type":"image\/jpeg"}],"schema":{"@context":"https:\/\/schema.org","@graph":[{"@type":"WebPage","@id":"https:\/\/naturalpoland.com\/ko\/je-pum\/sig-pum-won-ryo\/sig-yong-yu\/%eb%93%a4%ea%b9%a8-%ec%98%a4%ec%9d%bc\/","url":"https:\/\/naturalpoland.com\/ko\/je-pum\/sig-pum-won-ryo\/sig-yong-yu\/%eb%93%a4%ea%b9%a8-%ec%98%a4%ec%9d%bc\/","name":"","isPartOf":{"@id":"https:\/\/naturalpoland.com\/ko\/#website"},"primaryImageOfPage":{"@id":"https:\/\/naturalpoland.com\/ko\/je-pum\/sig-pum-won-ryo\/sig-yong-yu\/%eb%93%a4%ea%b9%a8-%ec%98%a4%ec%9d%bc\/#primaryimage"},"image":{"@id":"https:\/\/naturalpoland.com\/ko\/je-pum\/sig-pum-won-ryo\/sig-yong-yu\/%eb%93%a4%ea%b9%a8-%ec%98%a4%ec%9d%bc\/#primaryimage"},"thumbnailUrl":"https:\/\/naturalpoland.com\/wp-content\/uploads\/Olej-z-pachnotki.jpg","datePublished":"2021-05-11T11:52:09+00:00","dateModified":"2025-09-09T08:55:23+00:00","description":"\ub0c9\uc555\ucc29 \ube44\uc815\uc81c \ub4e4\uae68 \uc528\uc557 \uc624\uc77c\uc740 \uc77c\ubc18 \ub4e4\uae68 \uc528\uc557\uc5d0\uc11c \ucd94\ucd9c\ud55c \uace0\ud488\uc9c8\uc758 \ucc9c\uc5f0 \uc2dd\ubb3c\uc131 \uc624\uc77c\uc785\ub2c8\ub2e4.","breadcrumb":{"@id":"https:\/\/naturalpoland.com\/ko\/je-pum\/sig-pum-won-ryo\/sig-yong-yu\/%eb%93%a4%ea%b9%a8-%ec%98%a4%ec%9d%bc\/#breadcrumb"},"inLanguage":"ko-KR","potentialAction":[{"@type":"ReadAction","target":["https:\/\/naturalpoland.com\/ko\/je-pum\/sig-pum-won-ryo\/sig-yong-yu\/%eb%93%a4%ea%b9%a8-%ec%98%a4%ec%9d%bc\/"]}]},{"@type":"ImageObject","inLanguage":"ko-KR","@id":"https:\/\/naturalpoland.com\/ko\/je-pum\/sig-pum-won-ryo\/sig-yong-yu\/%eb%93%a4%ea%b9%a8-%ec%98%a4%ec%9d%bc\/#primaryimage","url":"https:\/\/naturalpoland.com\/wp-content\/uploads\/Olej-z-pachnotki.jpg","contentUrl":"https:\/\/naturalpoland.com\/wp-content\/uploads\/Olej-z-pachnotki.jpg","width":650,"height":650,"caption":"\ub4e4\uae68 \uc624\uc77c"},{"@type":"BreadcrumbList","@id":"https:\/\/naturalpoland.com\/ko\/je-pum\/sig-pum-won-ryo\/sig-yong-yu\/%eb%93%a4%ea%b9%a8-%ec%98%a4%ec%9d%bc\/#breadcrumb","itemListElement":[{"@type":"ListItem","position":1,"name":"\ud648","item":"https:\/\/naturalpoland.com\/ko\/"},{"@type":"ListItem","position":2,"name":"\uc81c\ud488","item":"https:\/\/naturalpoland.com\/ko\/%ec%a0%9c%ed%92%88\/"},{"@type":"ListItem","position":3,"name":"\ub4e4\uae68 \uc624\uc77c"}]},{"@type":"WebSite","@id":"https:\/\/naturalpoland.com\/ko\/#website","url":"https:\/\/naturalpoland.com\/ko\/","name":"NATURAL POLAND - Hurtowy Dystrybutor Surowc\u00f3w","description":"Surowce dla przemys\u0142u spo\u017cywczego, kosmetycznego i farmaceutycznego","publisher":{"@id":"https:\/\/naturalpoland.com\/ko\/#organization"},"potentialAction":[{"@type":"SearchAction","target":{"@type":"EntryPoint","urlTemplate":"https:\/\/naturalpoland.com\/ko\/?s={search_term_string}"},"query-input":{"@type":"PropertyValueSpecification","valueRequired":true,"valueName":"search_term_string"}}],"inLanguage":"ko-KR"},{"@type":"Organization","@id":"https:\/\/naturalpoland.com\/ko\/#organization","name":"Natural Poland","url":"https:\/\/naturalpoland.com\/ko\/","logo":{"@type":"ImageObject","inLanguage":"ko-KR","@id":"https:\/\/naturalpoland.com\/ko\/#\/schema\/logo\/image\/","url":"https:\/\/naturalpoland.com\/wp-content\/uploads\/2021\/05\/natural-poland-icon.png","contentUrl":"https:\/\/naturalpoland.com\/wp-content\/uploads\/2021\/05\/natural-poland-icon.png","width":512,"height":512,"caption":"Natural Poland"},"image":{"@id":"https:\/\/naturalpoland.com\/ko\/#\/schema\/logo\/image\/"},"sameAs":["https:\/\/www.facebook.com\/naturalpoland.b2b","https:\/\/pl.linkedin.com\/company\/natural-poland","https:\/\/www.youtube.com\/channel\/UCgeGGkvOMahZo-xu_MSEWxg"]}]}},"_links":{"self":[{"href":"https:\/\/naturalpoland.com\/ko\/wp-json\/wp\/v2\/product\/43195","targetHints":{"allow":["GET"]}}],"collection":[{"href":"https:\/\/naturalpoland.com\/ko\/wp-json\/wp\/v2\/product"}],"about":[{"href":"https:\/\/naturalpoland.com\/ko\/wp-json\/wp\/v2\/types\/product"}],"wp:featuredmedia":[{"embeddable":true,"href":"https:\/\/naturalpoland.com\/ko\/wp-json\/wp\/v2\/media\/43196"}],"wp:attachment":[{"href":"https:\/\/naturalpoland.com\/ko\/wp-json\/wp\/v2\/media?parent=43195"}],"wp:term":[{"taxonomy":"product_brand","embeddable":true,"href":"https:\/\/naturalpoland.com\/ko\/wp-json\/wp\/v2\/product_brand?post=43195"},{"taxonomy":"product_cat","embeddable":true,"href":"https:\/\/naturalpoland.com\/ko\/wp-json\/wp\/v2\/product_cat?post=43195"},{"taxonomy":"product_tag","embeddable":true,"href":"https:\/\/naturalpoland.com\/ko\/wp-json\/wp\/v2\/product_tag?post=43195"}],"curies":[{"name":"wp","href":"https:\/\/api.w.org\/{rel}","templated":true}]}}