{"id":43197,"date":"2021-05-11T13:52:09","date_gmt":"2021-05-11T11:52:09","guid":{"rendered":"https:\/\/naturalpoland.com\/produkty\/uncategorized\/%ec%82%b0%ec%9e%90%eb%82%98%eb%ac%b4-%ec%97%b4%eb%a7%a4-%ec%98%a4%ec%9d%bc\/"},"modified":"2025-09-09T11:33:36","modified_gmt":"2025-09-09T09:33:36","slug":"%ec%82%b0%ec%9e%90%eb%82%98%eb%ac%b4-%ec%97%b4%eb%a7%a4-%ec%98%a4%ec%9d%bc","status":"publish","type":"product","link":"https:\/\/naturalpoland.com\/ko\/je-pum\/sig-pum-won-ryo\/sig-yong-yu\/%ec%82%b0%ec%9e%90%eb%82%98%eb%ac%b4-%ec%97%b4%eb%a7%a4-%ec%98%a4%ec%9d%bc\/","title":{"rendered":"\uc0b0\uc790\ub098\ubb34 \uc5f4\ub9e4 \uc624\uc77c"},"content":{"rendered":"<p>\ub2f9\uc0ac\uc758 <strong>\uc2dd\ud488 \ub4f1\uae09 \uc0b0\uc790\ub098\ubb34 \uc624\uc77c<\/strong>\uc740 <strong>\uc2dd\ud488<\/strong> \uc0b0\uc5c5\uc5d0\uc11c \uc57d\uc6a9 \ubc0f \ud48d\ubbf8 \uc81c\ud488\uc73c\ub85c \ud65c\uc6a9\ub420 \uc218 \uc788\uc73c\uba70, <strong>\ud654\uc7a5\ud488<\/strong> \uc0b0\uc5c5\uc5d0\uc11c\ub294 \ud53c\ubd80 \uad00\ub9ac\uc5d0 \uc0ac\uc6a9\ub420 \uc218 \uc788\uc2b5\ub2c8\ub2e4.<\/p>\n<h2>\ud2b9\uc131<\/h2>\n<p>\uacfc\uc77c \uacfc\uc721\uc758 \uc624\uc77c \ud568\ub7c9\uc740 \uc57d 1.5-3%\uc785\ub2c8\ub2e4 (\uc2e0\uc120 \uc911\ub7c9 \uae30\uc900).<br \/>\n\uc0b0\uc790\ub098\ubb34 \uc5f4\ub9e4 \uc624\uc77c\uc740 \ub2e8\uc77c \ubd88\ud3ec\ud654 \uc9c0\ubc29\uc0b0\uacfc \uce74\ub85c\ud2f0\ub178\uc774\ub4dc\ub97c \ud568\uc720\ud558\uace0 \uc788\uc73c\uba70, \ud1a0\ucf54\ud398\ub864, \ud1a0\ucf54\ud2b8\ub9ac\uc5d0\ub180, \uc2dd\ubb3c\uc131 \uc2a4\ud14c\ub864\uc774 \ud48d\ubd80\ud558\uac8c \ub4e4\uc5b4\uc788\uc2b5\ub2c8\ub2e4.<\/p>\n<p>\uc77c\ubc18 \uc0b0\uc790\ub098\ubb34 \uc528\uc557 \uc624\uc77c\uacfc \uc5f4\ub9e4 \uc624\uc77c\uc740 \uc9c0\ubc29\uc0b0 \ud504\ub85c\ud544\uc774 \uc11c\ub85c \ub2e4\ub985\ub2c8\ub2e4. \ub9ac\ub180\ub808\uc0b0\uacfc \u03b1-\ub9ac\ub180\ub80c\uc0b0\uc740 \uc528\uc557 \uc624\uc77c\uc758 \uc8fc\uc694 \uc9c0\ubc29\uc0b0\uc774\uba70, \ubc18\uba74 <strong>\uc0b0\uc790\ub098\ubb34 \uc5f4\ub9e4 \uc624\uc77c\uc740 \ub2e8\uc77c \ubd88\ud3ec\ud654 \uc9c0\ubc29\uc0b0, \uc62c\ub808\uc624\ud314\ubbf8\ud2b8\uc0b0, \ud3ec\ud654 \uc9c0\ubc29\uc0b0\uc778 \ud314\ubbf8\ud2b8\uc0b0\uc744 \ud569\uccd0 \uc57d 65%\ub97c \ud568\uc720\ud558\uace0 \uc788\uc2b5\ub2c8\ub2e4<\/strong>. \uc774\ub294 \ub450 \uc624\uc77c\uc758 \uc678\uad00\uacfc \uc810\ub3c4\uc5d0 \uc788\uc5b4 \uadfc\ubcf8\uc801\uc778 \ucc28\uc774\ub97c \ub9cc\ub4ed\ub2c8\ub2e4.  <\/p>\n<p><strong>\uc0b0\uc790\ub098\ubb34 \uc5f4\ub9e4 \uc624\uc77c\uc740 \ud22c\uba85\ud558\uba70, \uc9d9\uc740 \uc624\ub80c\uc9c0\uc0c9\uc744 \ub760\uace0 \uc810\uc131\uc774 \ub192\uc2b5\ub2c8\ub2e4<\/strong>. \uce74\ub85c\ud2f0\ub178\uc774\ub4dc\ub294 \uc0b0\uc790\ub098\ubb34 \uc5f4\ub9e4\uc5d0 \ub3c5\ud2b9\ud55c \uc8fc\ud669-\ubd89\uc740\uc0c9\uc744 \ubd80\uc5ec\ud558\ub294 \uc0c9\uc18c\uc774\uba70, \uc774 \ud654\ud569\ubb3c\uc740 \uc555\ucc29\ub41c \uc624\uc77c\uc5d0 \uc0c1\ub2f9\ub7c9 \uc874\uc7ac\ud569\ub2c8\ub2e4. \uc0b0\uc790\ub098\ubb34 \uc5f4\ub9e4 \uc624\uc77c\uc5d0 \uc874\uc7ac\ud558\ub294 \uc8fc\uc694 \uce74\ub85c\ud2f0\ub178\uc774\ub4dc\ub294 \ubca0\ud0c0\uce74\ub85c\ud2f4, \uc81c\uc544\uc794\ud2f4, \ub9ac\ucf54\ud39c\uc785\ub2c8\ub2e4.  <\/p>\n<p>\uc774 \uc624\uc77c\uc740 \uc4f4\ub9db\uc774 \uc0b4\uc9dd \ub098\ub294 \ud2b9\uc720\uc758 \ub0a0\uac83 \uadf8\ub300\ub85c\uc758 \ub9db\uc744 \uac00\uc9c0\uace0 \uc788\uc73c\uba70, \ubd88\ucf8c\ud55c \ub0c4\uc0c8\ub294 \uc5c6\uc2b5\ub2c8\ub2e4.<\/p>\n<h3>\ub2f9\uc0ac\uc758 \uc0b0\uc790\ub098\ubb34 \uc5f4\ub9e4 \uc624\uc77c\uc740 \ucd5c\uc18c 250mg\uc758 \ub192\uc740 \uce74\ub85c\ud2f0\ub178\uc774\ub4dc \ub18d\ub3c4\ub97c \ud568\uc720\ud558\uace0 \uc788\uc2b5\ub2c8\ub2e4. <\/h3>\n<p><img decoding=\"async\" class=\"size-full wp-image-4159 alignright\" src=\"https:\/\/naturalpoland.pl\/wp-content\/uploads\/olej-z-owocu-rokitnika-brokat.jpg\" alt=\"\uc0b0\uc790\ub098\ubb34 \uc5f4\ub9e4 \uc624\uc77c \ub3c4\ub9e4\" width=\"163\" height=\"143\">\uc0b0\uc790\ub098\ubb34 \uc624\uc77c\uc740 \uc774 \uc2dd\ubb3c\uc758 \uc5f4\ub9e4\uc5d0\uc11c \ucd94\ucd9c\ub429\ub2c8\ub2e4. \uc774 \uc81c\ud488\uc740 \uc555\ucc29 \ubc0f \ube44\uc815\uc81c \ubc29\uc2dd\uc73c\ub85c \uc0dd\uc0b0\ub418\uc5b4 \ub9ce\uc740 \uc790\uc5f0\uc801\uc778 \uac74\uac15 \uc99d\uc9c4 \ud2b9\uc131\uc744 \ubcf4\uc874\ud569\ub2c8\ub2e4. \uc0b0\uc790\ub098\ubb34 \uc5f4\ub9e4 \uc624\uc77c\uc740 \ub2e4\ub7c9\uc758 \ubd88\ud3ec\ud654 \uc9c0\ubc29\uc0b0, \ud2b9\ud788 \uc62c\ub808\uc624\ud314\ubbf8\ud2b8\uc0b0\ubfd0\ub9cc \uc544\ub2c8\ub77c \ube44\ud0c0\ubbfc C, \ub9ac\ubcf4\ud50c\ub77c\ube48, \ube44\ud0c0\ubbfc A, E, B12\uac00 \ud48d\ubd80\ud569\ub2c8\ub2e4. \uc140\ub808\ub284, \ucca0, \uad6c\ub9ac, \uc778, \ub9c8\uadf8\ub124\uc298\uacfc \uac19\uc740 \ubbf8\ub7c9 \uc6d0\uc18c\ub3c4 \ud568\uc720\ub418\uc5b4 \uc788\uc2b5\ub2c8\ub2e4. \uc720\uae30\ub18d \uc0b0\uc790\ub098\ubb34 \uc624\uc77c\uc740 \uc18c\ud654\uae30\uacc4 \uc5fc\uc99d\uc744 \uc608\ubc29\ud558\uace0 \uc704\uc7a5 \ubd88\ud3b8\uc744 \uc904\uc774\uba70, \ud53c\ubd80\uc5d0 \ud0c1\uc6d4\ud55c \ubcf4\uc2b5 \ud6a8\uacfc\ub97c \uc81c\uacf5\ud558\uace0 \ub178\ud654\ub97c \ubc29\uc9c0\ud569\ub2c8\ub2e4.    <\/p>\n<h2>\uac74\uac15\uc0c1\uc758 \uc774\uc810:<\/h2>\n<ol>\n<li>\ud45c\ud53c \uc7ac\uc0dd\uc5d0 \ub3c4\uc6c0\uc744 \uc8fc\uba70, \uc0c1\ucc98 \uce58\uc720\ub97c \ucd09\uc9c4\ud558\uace0 \ud65c\uc131 \uc0b0\uc18c\ub85c\ubd80\ud130 \ud53c\ubd80\ub97c \ubcf4\ud638\ud569\ub2c8\ub2e4.<\/li>\n<li>\uc790\uadf9\uc744 \uc644\ud654\ud558\uace0, \ud53c\ubd80\uc758 \ubd89\uc740 \uae30\uc640 \uc5fc\uc99d\uc744 \uc904\uc5ec\uc8fc\uba70, \ubb38\uc81c\uc131, \uac74\uc131 \ubc0f \ub178\ud654 \ud53c\ubd80 \uad00\ub9ac\uc5d0\ub3c4 \uc0ac\uc6a9\ub420 \uc218 \uc788\uc2b5\ub2c8\ub2e4.<\/li>\n<li>\uba74\uc5ed \uccb4\uacc4\uc5d0 \uae0d\uc815\uc801\uc778 \uc601\ud5a5\uc744 \ubbf8\uce58\uba70, \uc0b0\ud654 \uc2a4\ud2b8\ub808\uc2a4\ub85c\ubd80\ud130 \uc2e0\uccb4\ub97c \ubcf4\ud638\ud558\ub294 \ub370 \ub3c4\uc6c0\uc744 \uc90d\ub2c8\ub2e4.<\/li>\n<\/ol>\n<h2>\uc801\uc6a9 \ubd84\uc57c:<\/h2>\n<p>\ud654\uc7a5\ud488\uc5d0 \uc0b0\uc790\ub098\ubb34 \uc624\uc77c\uc740 \ud53c\ubd80\uc5d0 \uc9c1\uc811 \ubc14\ub974\uac70\ub098 \ud654\uc7a5\ud488 \ucca8\uac00\uc81c\ub85c \uc0ac\uc6a9\ud560 \uc218 \uc788\uc2b5\ub2c8\ub2e4.<\/p>\n<p>\uac74\uac15 \ubcf4\uc870 \uc2dd\ud488\uc73c\ub85c \uc18c\ud654\uae30\uacc4 \ubc0f \uba74\uc5ed \uccb4\uacc4\uc758 \uc815\uc0c1\uc801\uc778 \uae30\ub2a5\uc744 \uc9c0\uc6d0\ud569\ub2c8\ub2e4.<\/p>\n<p>\uc2dd\ud488 \uc0b0\uc5c5\uc5d0\uc11c\ub294 \uadc0\uc911\ud55c \uc601\uc591 \uc131\ubd84\uc744 \uc81c\uacf5\ud558\ub294 \uc2dd\uc6a9 \uc624\uc77c\ub85c \uc0ac\uc6a9\ub420 \uc218 \uc788\uc2b5\ub2c8\ub2e4. \ud2b9\uc720\uc758 \ub9db \ub54c\ubb38\uc5d0 \uc0d0\ub7ec\ub4dc\uc640 \ub4dc\ub808\uc2f1\uc5d0 \uc18c\ub7c9 \ucca8\uac00\ud558\ub294 \uac83\uc774 \uac00\uc7a5 \uc88b\uc2b5\ub2c8\ub2e4. <\/p>\n<h4><\/h4>\n","protected":false},"excerpt":{"rendered":"<p>\uc0b0\uc790\ub098\ubb34 \uc624\uc77c(Sea Buckthorn Oil)\uc740 \uc0b0\uc790\ub098\ubb34 \uc5f4\ub9e4\uc5d0\uc11c \ucd94\ucd9c\ud55c \ucc9c\uc5f0 \ub0c9\uc555\ucc29 \uc2dd\ubb3c\uc131 \uc624\uc77c\uc785\ub2c8\ub2e4.<\/p>\n<p>\ub2f9\uc0ac\ub294 <strong>\ub9e4\uc6b0 \ub192\uc740 <a href=\"https:\/\/naturalpoland.com\/artykuly\/produkty-naturalne\/karotenoidy-skladniki-ktore-nadaja-olejowi-z-rokitnika-jego-charakterystyczny-blysk\/\">\uce74\ub85c\ud2f0\ub178\uc774\ub4dc<\/a> \ub18d\ub3c4<\/strong>\ub97c \uac00\uc9c4 \uc774 \ucc9c\uc5f0 \uc624\uc77c\uc758 \ub3c4\ub9e4 \uc720\ud1b5\uc5c5\uccb4\uc785\ub2c8\ub2e4. \ub2f9\uc0ac \uc81c\ud488\uc758 \uc624\uc77c\uc740 \ucd5c\uc18c 250mg\/100g\uc744 \ud568\uc720\ud558\uace0 \uc788\uc73c\uba70, \uc2dc\uc7a5\uc5d0 \ub098\uc640 \uc788\ub294 \ub2e4\ub978 \uc0b0\uc790\ub098\ubb34 \uc624\uc77c\uc758 \ud45c\uc900\uc740 180mg\/100g\uc785\ub2c8\ub2e4. \uc774\ucc98\ub7fc \uc5c4\uccad\ub09c \uc591\uc758 \ud654\ud569\ubb3c\ub85c \uc778\ud574 \ub2f9\uc0ac\uc758 \uc624\uc77c\uc740 \u201c\ube5b\ub098\uba70\u201d, \uce74\ub85c\ud2f0\ub178\uc774\ub4dc\uac00 \uc624\uc77c \ub0b4\uc5d0\uc11c \uacb0\uc815\ud654\ub418\uc5b4 \ubb34\uc9c0\uac1c\ube5b, \uc2ec\uc9c0\uc5b4 \u201c\ubc18\uc9dd\uc774\ub294\u201d \ud6a8\uacfc\ub97c \ub9cc\ub4e4\uc5b4\ub0c5\ub2c8\ub2e4.  <\/p>\n<h4><strong>\uc0ac\uc6a9 \uac00\ub2a5\ud55c \uc218\ub7c9: 20kg\ubd80\ud130<\/strong><\/h4>\n","protected":false},"featured_media":43198,"template":"","meta":{"_acf_changed":false},"product_brand":[],"product_cat":[8135,8174,8154],"product_tag":[],"class_list":{"0":"post-43197","1":"product","2":"type-product","3":"status-publish","4":"has-post-thumbnail","6":"product_cat-sig-yong-mit-hwa-jang-pum-yong-o-il","7":"product_cat-sig-yong-yu","8":"product_cat-hwa-jang-pum-o-il","10":"first","11":"instock","12":"shipping-taxable","13":"product-type-simple"},"acf":[],"yoast_head":"<!-- This site is optimized with the Yoast SEO plugin v27.4 - https:\/\/yoast.com\/product\/yoast-seo-wordpress\/ -->\n<title>NATURAL POLAND &#8211; Hurtowy Dystrybutor Surowc\u00f3w<\/title>\n<meta name=\"description\" content=\"\uc0b0\uc790\ub098\ubb34 \uc624\uc77c(Sea Buckthorn Oil)\uc740 \uc77c\uc0c1\uc801\uc778 \uad00\ub9ac \ubc0f \uac74\uac15\ud55c \uc2dd\ub2e8\uc5d0\uc11c \uc790\uc5f0\uc801\uc778 \ud574\uacb0\ucc45\uc744 \ucc3e\ub294 \ubd84\ub4e4\uc744 \uc704\ud55c \uc81c\ud488\uc785\ub2c8\ub2e4.\" \/>\n<meta name=\"robots\" content=\"index, follow, max-snippet:-1, max-image-preview:large, max-video-preview:-1\" \/>\n<link rel=\"canonical\" href=\"https:\/\/naturalpoland.com\/ko\/je-pum\/sig-pum-won-ryo\/sig-yong-yu\/%ec%82%b0%ec%9e%90%eb%82%98%eb%ac%b4-%ec%97%b4%eb%a7%a4-%ec%98%a4%ec%9d%bc\/\" \/>\n<meta property=\"og:locale\" content=\"ko_KR\" \/>\n<meta property=\"og:type\" content=\"article\" \/>\n<meta property=\"og:description\" content=\"\uc0b0\uc790\ub098\ubb34 \uc624\uc77c(Sea Buckthorn Oil)\uc740 \uc77c\uc0c1\uc801\uc778 \uad00\ub9ac \ubc0f \uac74\uac15\ud55c \uc2dd\ub2e8\uc5d0\uc11c \uc790\uc5f0\uc801\uc778 \ud574\uacb0\ucc45\uc744 \ucc3e\ub294 \ubd84\ub4e4\uc744 \uc704\ud55c \uc81c\ud488\uc785\ub2c8\ub2e4.\" \/>\n<meta property=\"og:url\" content=\"https:\/\/naturalpoland.com\/ko\/je-pum\/sig-pum-won-ryo\/sig-yong-yu\/%ec%82%b0%ec%9e%90%eb%82%98%eb%ac%b4-%ec%97%b4%eb%a7%a4-%ec%98%a4%ec%9d%bc\/\" \/>\n<meta property=\"og:site_name\" content=\"NATURAL POLAND - Hurtowy Dystrybutor Surowc\u00f3w\" \/>\n<meta property=\"article:publisher\" content=\"https:\/\/www.facebook.com\/naturalpoland.b2b\" \/>\n<meta property=\"article:modified_time\" content=\"2025-09-09T09:33:36+00:00\" \/>\n<meta property=\"og:image\" content=\"https:\/\/naturalpoland.com\/wp-content\/uploads\/2021\/05\/olej-z-owocu-rokitnika.jpg\" \/>\n\t<meta property=\"og:image:width\" content=\"800\" \/>\n\t<meta property=\"og:image:height\" content=\"800\" \/>\n\t<meta property=\"og:image:type\" content=\"image\/jpeg\" \/>\n<script type=\"application\/ld+json\" class=\"yoast-schema-graph\">{\"@context\":\"https:\\\/\\\/schema.org\",\"@graph\":[{\"@type\":\"WebPage\",\"@id\":\"https:\\\/\\\/naturalpoland.com\\\/ko\\\/je-pum\\\/sig-pum-won-ryo\\\/sig-yong-yu\\\/%ec%82%b0%ec%9e%90%eb%82%98%eb%ac%b4-%ec%97%b4%eb%a7%a4-%ec%98%a4%ec%9d%bc\\\/\",\"url\":\"https:\\\/\\\/naturalpoland.com\\\/ko\\\/je-pum\\\/sig-pum-won-ryo\\\/sig-yong-yu\\\/%ec%82%b0%ec%9e%90%eb%82%98%eb%ac%b4-%ec%97%b4%eb%a7%a4-%ec%98%a4%ec%9d%bc\\\/\",\"name\":\"\",\"isPartOf\":{\"@id\":\"https:\\\/\\\/naturalpoland.com\\\/ko\\\/#website\"},\"primaryImageOfPage\":{\"@id\":\"https:\\\/\\\/naturalpoland.com\\\/ko\\\/je-pum\\\/sig-pum-won-ryo\\\/sig-yong-yu\\\/%ec%82%b0%ec%9e%90%eb%82%98%eb%ac%b4-%ec%97%b4%eb%a7%a4-%ec%98%a4%ec%9d%bc\\\/#primaryimage\"},\"image\":{\"@id\":\"https:\\\/\\\/naturalpoland.com\\\/ko\\\/je-pum\\\/sig-pum-won-ryo\\\/sig-yong-yu\\\/%ec%82%b0%ec%9e%90%eb%82%98%eb%ac%b4-%ec%97%b4%eb%a7%a4-%ec%98%a4%ec%9d%bc\\\/#primaryimage\"},\"thumbnailUrl\":\"https:\\\/\\\/naturalpoland.com\\\/wp-content\\\/uploads\\\/2021\\\/05\\\/olej-z-owocu-rokitnika.jpg\",\"datePublished\":\"2021-05-11T11:52:09+00:00\",\"dateModified\":\"2025-09-09T09:33:36+00:00\",\"description\":\"\uc0b0\uc790\ub098\ubb34 \uc624\uc77c(Sea Buckthorn Oil)\uc740 \uc77c\uc0c1\uc801\uc778 \uad00\ub9ac \ubc0f \uac74\uac15\ud55c \uc2dd\ub2e8\uc5d0\uc11c \uc790\uc5f0\uc801\uc778 \ud574\uacb0\ucc45\uc744 \ucc3e\ub294 \ubd84\ub4e4\uc744 \uc704\ud55c \uc81c\ud488\uc785\ub2c8\ub2e4.\",\"breadcrumb\":{\"@id\":\"https:\\\/\\\/naturalpoland.com\\\/ko\\\/je-pum\\\/sig-pum-won-ryo\\\/sig-yong-yu\\\/%ec%82%b0%ec%9e%90%eb%82%98%eb%ac%b4-%ec%97%b4%eb%a7%a4-%ec%98%a4%ec%9d%bc\\\/#breadcrumb\"},\"inLanguage\":\"ko-KR\",\"potentialAction\":[{\"@type\":\"ReadAction\",\"target\":[\"https:\\\/\\\/naturalpoland.com\\\/ko\\\/je-pum\\\/sig-pum-won-ryo\\\/sig-yong-yu\\\/%ec%82%b0%ec%9e%90%eb%82%98%eb%ac%b4-%ec%97%b4%eb%a7%a4-%ec%98%a4%ec%9d%bc\\\/\"]}]},{\"@type\":\"ImageObject\",\"inLanguage\":\"ko-KR\",\"@id\":\"https:\\\/\\\/naturalpoland.com\\\/ko\\\/je-pum\\\/sig-pum-won-ryo\\\/sig-yong-yu\\\/%ec%82%b0%ec%9e%90%eb%82%98%eb%ac%b4-%ec%97%b4%eb%a7%a4-%ec%98%a4%ec%9d%bc\\\/#primaryimage\",\"url\":\"https:\\\/\\\/naturalpoland.com\\\/wp-content\\\/uploads\\\/2021\\\/05\\\/olej-z-owocu-rokitnika.jpg\",\"contentUrl\":\"https:\\\/\\\/naturalpoland.com\\\/wp-content\\\/uploads\\\/2021\\\/05\\\/olej-z-owocu-rokitnika.jpg\",\"width\":800,\"height\":800,\"caption\":\"\uc0b0\uc790\ub098\ubb34 \uc5f4\ub9e4 \uc624\uc77c\"},{\"@type\":\"BreadcrumbList\",\"@id\":\"https:\\\/\\\/naturalpoland.com\\\/ko\\\/je-pum\\\/sig-pum-won-ryo\\\/sig-yong-yu\\\/%ec%82%b0%ec%9e%90%eb%82%98%eb%ac%b4-%ec%97%b4%eb%a7%a4-%ec%98%a4%ec%9d%bc\\\/#breadcrumb\",\"itemListElement\":[{\"@type\":\"ListItem\",\"position\":1,\"name\":\"\ud648\",\"item\":\"https:\\\/\\\/naturalpoland.com\\\/ko\\\/\"},{\"@type\":\"ListItem\",\"position\":2,\"name\":\"\uc81c\ud488\",\"item\":\"https:\\\/\\\/naturalpoland.com\\\/ko\\\/%ec%a0%9c%ed%92%88\\\/\"},{\"@type\":\"ListItem\",\"position\":3,\"name\":\"\uc0b0\uc790\ub098\ubb34 \uc5f4\ub9e4 \uc624\uc77c\"}]},{\"@type\":\"WebSite\",\"@id\":\"https:\\\/\\\/naturalpoland.com\\\/ko\\\/#website\",\"url\":\"https:\\\/\\\/naturalpoland.com\\\/ko\\\/\",\"name\":\"NATURAL POLAND - Hurtowy Dystrybutor Surowc\u00f3w\",\"description\":\"Surowce dla przemys\u0142u spo\u017cywczego, kosmetycznego i farmaceutycznego\",\"publisher\":{\"@id\":\"https:\\\/\\\/naturalpoland.com\\\/ko\\\/#organization\"},\"potentialAction\":[{\"@type\":\"SearchAction\",\"target\":{\"@type\":\"EntryPoint\",\"urlTemplate\":\"https:\\\/\\\/naturalpoland.com\\\/ko\\\/?s={search_term_string}\"},\"query-input\":{\"@type\":\"PropertyValueSpecification\",\"valueRequired\":true,\"valueName\":\"search_term_string\"}}],\"inLanguage\":\"ko-KR\"},{\"@type\":\"Organization\",\"@id\":\"https:\\\/\\\/naturalpoland.com\\\/ko\\\/#organization\",\"name\":\"Natural Poland\",\"url\":\"https:\\\/\\\/naturalpoland.com\\\/ko\\\/\",\"logo\":{\"@type\":\"ImageObject\",\"inLanguage\":\"ko-KR\",\"@id\":\"https:\\\/\\\/naturalpoland.com\\\/ko\\\/#\\\/schema\\\/logo\\\/image\\\/\",\"url\":\"https:\\\/\\\/naturalpoland.com\\\/wp-content\\\/uploads\\\/2021\\\/05\\\/natural-poland-icon.png\",\"contentUrl\":\"https:\\\/\\\/naturalpoland.com\\\/wp-content\\\/uploads\\\/2021\\\/05\\\/natural-poland-icon.png\",\"width\":512,\"height\":512,\"caption\":\"Natural Poland\"},\"image\":{\"@id\":\"https:\\\/\\\/naturalpoland.com\\\/ko\\\/#\\\/schema\\\/logo\\\/image\\\/\"},\"sameAs\":[\"https:\\\/\\\/www.facebook.com\\\/naturalpoland.b2b\",\"https:\\\/\\\/pl.linkedin.com\\\/company\\\/natural-poland\",\"https:\\\/\\\/www.youtube.com\\\/channel\\\/UCgeGGkvOMahZo-xu_MSEWxg\"]}]}<\/script>\n<!-- \/ Yoast SEO plugin. -->","yoast_head_json":{"title":"NATURAL POLAND &#8211; Hurtowy Dystrybutor Surowc\u00f3w","description":"\uc0b0\uc790\ub098\ubb34 \uc624\uc77c(Sea Buckthorn Oil)\uc740 \uc77c\uc0c1\uc801\uc778 \uad00\ub9ac \ubc0f \uac74\uac15\ud55c \uc2dd\ub2e8\uc5d0\uc11c \uc790\uc5f0\uc801\uc778 \ud574\uacb0\ucc45\uc744 \ucc3e\ub294 \ubd84\ub4e4\uc744 \uc704\ud55c \uc81c\ud488\uc785\ub2c8\ub2e4.","robots":{"index":"index","follow":"follow","max-snippet":"max-snippet:-1","max-image-preview":"max-image-preview:large","max-video-preview":"max-video-preview:-1"},"canonical":"https:\/\/naturalpoland.com\/ko\/je-pum\/sig-pum-won-ryo\/sig-yong-yu\/%ec%82%b0%ec%9e%90%eb%82%98%eb%ac%b4-%ec%97%b4%eb%a7%a4-%ec%98%a4%ec%9d%bc\/","og_locale":"ko_KR","og_type":"article","og_description":"\uc0b0\uc790\ub098\ubb34 \uc624\uc77c(Sea Buckthorn Oil)\uc740 \uc77c\uc0c1\uc801\uc778 \uad00\ub9ac \ubc0f \uac74\uac15\ud55c \uc2dd\ub2e8\uc5d0\uc11c \uc790\uc5f0\uc801\uc778 \ud574\uacb0\ucc45\uc744 \ucc3e\ub294 \ubd84\ub4e4\uc744 \uc704\ud55c \uc81c\ud488\uc785\ub2c8\ub2e4.","og_url":"https:\/\/naturalpoland.com\/ko\/je-pum\/sig-pum-won-ryo\/sig-yong-yu\/%ec%82%b0%ec%9e%90%eb%82%98%eb%ac%b4-%ec%97%b4%eb%a7%a4-%ec%98%a4%ec%9d%bc\/","og_site_name":"NATURAL POLAND - Hurtowy Dystrybutor Surowc\u00f3w","article_publisher":"https:\/\/www.facebook.com\/naturalpoland.b2b","article_modified_time":"2025-09-09T09:33:36+00:00","og_image":[{"width":800,"height":800,"url":"https:\/\/naturalpoland.com\/wp-content\/uploads\/2021\/05\/olej-z-owocu-rokitnika.jpg","type":"image\/jpeg"}],"schema":{"@context":"https:\/\/schema.org","@graph":[{"@type":"WebPage","@id":"https:\/\/naturalpoland.com\/ko\/je-pum\/sig-pum-won-ryo\/sig-yong-yu\/%ec%82%b0%ec%9e%90%eb%82%98%eb%ac%b4-%ec%97%b4%eb%a7%a4-%ec%98%a4%ec%9d%bc\/","url":"https:\/\/naturalpoland.com\/ko\/je-pum\/sig-pum-won-ryo\/sig-yong-yu\/%ec%82%b0%ec%9e%90%eb%82%98%eb%ac%b4-%ec%97%b4%eb%a7%a4-%ec%98%a4%ec%9d%bc\/","name":"","isPartOf":{"@id":"https:\/\/naturalpoland.com\/ko\/#website"},"primaryImageOfPage":{"@id":"https:\/\/naturalpoland.com\/ko\/je-pum\/sig-pum-won-ryo\/sig-yong-yu\/%ec%82%b0%ec%9e%90%eb%82%98%eb%ac%b4-%ec%97%b4%eb%a7%a4-%ec%98%a4%ec%9d%bc\/#primaryimage"},"image":{"@id":"https:\/\/naturalpoland.com\/ko\/je-pum\/sig-pum-won-ryo\/sig-yong-yu\/%ec%82%b0%ec%9e%90%eb%82%98%eb%ac%b4-%ec%97%b4%eb%a7%a4-%ec%98%a4%ec%9d%bc\/#primaryimage"},"thumbnailUrl":"https:\/\/naturalpoland.com\/wp-content\/uploads\/2021\/05\/olej-z-owocu-rokitnika.jpg","datePublished":"2021-05-11T11:52:09+00:00","dateModified":"2025-09-09T09:33:36+00:00","description":"\uc0b0\uc790\ub098\ubb34 \uc624\uc77c(Sea Buckthorn Oil)\uc740 \uc77c\uc0c1\uc801\uc778 \uad00\ub9ac \ubc0f \uac74\uac15\ud55c \uc2dd\ub2e8\uc5d0\uc11c \uc790\uc5f0\uc801\uc778 \ud574\uacb0\ucc45\uc744 \ucc3e\ub294 \ubd84\ub4e4\uc744 \uc704\ud55c \uc81c\ud488\uc785\ub2c8\ub2e4.","breadcrumb":{"@id":"https:\/\/naturalpoland.com\/ko\/je-pum\/sig-pum-won-ryo\/sig-yong-yu\/%ec%82%b0%ec%9e%90%eb%82%98%eb%ac%b4-%ec%97%b4%eb%a7%a4-%ec%98%a4%ec%9d%bc\/#breadcrumb"},"inLanguage":"ko-KR","potentialAction":[{"@type":"ReadAction","target":["https:\/\/naturalpoland.com\/ko\/je-pum\/sig-pum-won-ryo\/sig-yong-yu\/%ec%82%b0%ec%9e%90%eb%82%98%eb%ac%b4-%ec%97%b4%eb%a7%a4-%ec%98%a4%ec%9d%bc\/"]}]},{"@type":"ImageObject","inLanguage":"ko-KR","@id":"https:\/\/naturalpoland.com\/ko\/je-pum\/sig-pum-won-ryo\/sig-yong-yu\/%ec%82%b0%ec%9e%90%eb%82%98%eb%ac%b4-%ec%97%b4%eb%a7%a4-%ec%98%a4%ec%9d%bc\/#primaryimage","url":"https:\/\/naturalpoland.com\/wp-content\/uploads\/2021\/05\/olej-z-owocu-rokitnika.jpg","contentUrl":"https:\/\/naturalpoland.com\/wp-content\/uploads\/2021\/05\/olej-z-owocu-rokitnika.jpg","width":800,"height":800,"caption":"\uc0b0\uc790\ub098\ubb34 \uc5f4\ub9e4 \uc624\uc77c"},{"@type":"BreadcrumbList","@id":"https:\/\/naturalpoland.com\/ko\/je-pum\/sig-pum-won-ryo\/sig-yong-yu\/%ec%82%b0%ec%9e%90%eb%82%98%eb%ac%b4-%ec%97%b4%eb%a7%a4-%ec%98%a4%ec%9d%bc\/#breadcrumb","itemListElement":[{"@type":"ListItem","position":1,"name":"\ud648","item":"https:\/\/naturalpoland.com\/ko\/"},{"@type":"ListItem","position":2,"name":"\uc81c\ud488","item":"https:\/\/naturalpoland.com\/ko\/%ec%a0%9c%ed%92%88\/"},{"@type":"ListItem","position":3,"name":"\uc0b0\uc790\ub098\ubb34 \uc5f4\ub9e4 \uc624\uc77c"}]},{"@type":"WebSite","@id":"https:\/\/naturalpoland.com\/ko\/#website","url":"https:\/\/naturalpoland.com\/ko\/","name":"NATURAL POLAND - Hurtowy Dystrybutor Surowc\u00f3w","description":"Surowce dla przemys\u0142u spo\u017cywczego, kosmetycznego i farmaceutycznego","publisher":{"@id":"https:\/\/naturalpoland.com\/ko\/#organization"},"potentialAction":[{"@type":"SearchAction","target":{"@type":"EntryPoint","urlTemplate":"https:\/\/naturalpoland.com\/ko\/?s={search_term_string}"},"query-input":{"@type":"PropertyValueSpecification","valueRequired":true,"valueName":"search_term_string"}}],"inLanguage":"ko-KR"},{"@type":"Organization","@id":"https:\/\/naturalpoland.com\/ko\/#organization","name":"Natural Poland","url":"https:\/\/naturalpoland.com\/ko\/","logo":{"@type":"ImageObject","inLanguage":"ko-KR","@id":"https:\/\/naturalpoland.com\/ko\/#\/schema\/logo\/image\/","url":"https:\/\/naturalpoland.com\/wp-content\/uploads\/2021\/05\/natural-poland-icon.png","contentUrl":"https:\/\/naturalpoland.com\/wp-content\/uploads\/2021\/05\/natural-poland-icon.png","width":512,"height":512,"caption":"Natural Poland"},"image":{"@id":"https:\/\/naturalpoland.com\/ko\/#\/schema\/logo\/image\/"},"sameAs":["https:\/\/www.facebook.com\/naturalpoland.b2b","https:\/\/pl.linkedin.com\/company\/natural-poland","https:\/\/www.youtube.com\/channel\/UCgeGGkvOMahZo-xu_MSEWxg"]}]}},"_links":{"self":[{"href":"https:\/\/naturalpoland.com\/ko\/wp-json\/wp\/v2\/product\/43197","targetHints":{"allow":["GET"]}}],"collection":[{"href":"https:\/\/naturalpoland.com\/ko\/wp-json\/wp\/v2\/product"}],"about":[{"href":"https:\/\/naturalpoland.com\/ko\/wp-json\/wp\/v2\/types\/product"}],"wp:featuredmedia":[{"embeddable":true,"href":"https:\/\/naturalpoland.com\/ko\/wp-json\/wp\/v2\/media\/43198"}],"wp:attachment":[{"href":"https:\/\/naturalpoland.com\/ko\/wp-json\/wp\/v2\/media?parent=43197"}],"wp:term":[{"taxonomy":"product_brand","embeddable":true,"href":"https:\/\/naturalpoland.com\/ko\/wp-json\/wp\/v2\/product_brand?post=43197"},{"taxonomy":"product_cat","embeddable":true,"href":"https:\/\/naturalpoland.com\/ko\/wp-json\/wp\/v2\/product_cat?post=43197"},{"taxonomy":"product_tag","embeddable":true,"href":"https:\/\/naturalpoland.com\/ko\/wp-json\/wp\/v2\/product_tag?post=43197"}],"curies":[{"name":"wp","href":"https:\/\/api.w.org\/{rel}","templated":true}]}}