{"id":43200,"date":"2021-05-11T13:41:46","date_gmt":"2021-05-11T11:41:46","guid":{"rendered":"https:\/\/naturalpoland.com\/produkty\/uncategorized\/%eb%85%b9%ec%b0%a8-%ec%b6%94%ec%b6%9c%eb%ac%bc\/"},"modified":"2025-09-09T12:28:01","modified_gmt":"2025-09-09T10:28:01","slug":"nokcha-chuchulmul-hwalyong-hyoneung","status":"publish","type":"product","link":"https:\/\/naturalpoland.com\/ko\/je-pum\/sig-pum-won-ryo\/saeng-san-yong-won-ryo\/nokcha-chuchulmul-hwalyong-hyoneung\/","title":{"rendered":"\ub179\ucc28 \ucd94\ucd9c\ubb3c"},"content":{"rendered":"<h2>\ub179\ucc28 \ucd94\ucd9c\ubb3c\uc758 \ud65c\uc6a9 \ubc0f \ud6a8\ub2a5<\/h2>\n<p>\ub179\ucc28\ub294 \uac74\uac15\uc5d0 \uc720\uc775\ud55c \ud2b9\uc131\uc73c\ub85c \ub110\ub9ac \uc54c\ub824\uc838 \uc788\uc5b4 \ub9ce\uc740 \uc0ac\ub78c\ub4e4\uc774 \uc990\uaca8 \ub9c8\uc2ed\ub2c8\ub2e4. \ub179\ucc28 \ucd94\ucd9c\ubb3c \ub610\ud55c \ube44\uc2b7\ud55c \uba85\uc131\uc744 \uac00\uc9c0\uace0 \uc788\uc73c\uba70, \uc9c0\ubc29 \ub300\uc0ac\ub97c \ucd09\uc9c4\ud558\uace0, \uc720\ud574\ud55c \ud65c\uc131\uc0b0\uc18c\ub85c\ubd80\ud130 \uc2e0\uccb4\ub97c \ubcf4\ud638\ud558\uba70, \ud53c\ubd80\ub97c \uc790\uc678\uc120\uc73c\ub85c\ubd80\ud130 \uc9c0\ucf1c\uc8fc\uace0, \ud608\uc911 \ucf5c\ub808\uc2a4\ud14c\ub864 \uc218\uce58\ub97c \uc801\uc815 \uc218\uc900\uc73c\ub85c \uc720\uc9c0\ud558\ub294 \ub370 \ub3c4\uc6c0\uc744 \uc90d\ub2c8\ub2e4. \ub179\ucc28 \ucd94\ucd9c\ubb3c\uc740 \ud2b9\ud788 \uccb4\uc911 \uac10\ub7c9 \uacfc\uc815\uc5d0 \uc788\ub294 \uc0ac\ub78c\ub4e4\uc5d0\uac8c \uad8c\uc7a5\ub429\ub2c8\ub2e4. \ub610\ud55c \ub179\ucc28\uc5d0\ub294 \uc77c\uc815\ub7c9\uc758 \uce74\ud398\uc778\uc774 \ud568\uc720\ub418\uc5b4 \uc788\uc5b4 \uac01\uc131 \ud6a8\uacfc\uac00 \uc788\uc2b5\ub2c8\ub2e4. \uc5d0\ub108\uc9c0\ub97c \uc81c\uacf5\ud560 \ubfd0 \uc544\ub2c8\ub77c \uc2e0\uc9c4\ub300\uc0ac\ub97c \uc790\uadf9\ud569\ub2c8\ub2e4.<\/p>\n<p>\ub179\ucc28\ub294 \ubc1c\ud6a8\ub418\uc9c0 \uc54a\uc740 \uc911\uad6d \ucc28\ub098\ubb34(<em>Camellia sinensis<\/em>) \uc78e\uc5d0\uc11c \uc5bb\uc5b4\uc9c0\uba70, \uc138\uacc4\uc5d0\uc11c \uac00\uc7a5 \uac74\uac15\ud55c \uc74c\ub8cc \uc911 \ud558\ub098\ub85c \uac04\uc8fc\ub429\ub2c8\ub2e4. \uc774\ub85c\ubd80\ud130 \uc5bb\uc740 \ucd94\ucd9c\ubb3c\uc740 \uadc0\uc911\ud55c \uc57d\uc6a9 \ud2b9\uc131\uc744 \uac00\uc9c8 \ubfd0 \uc544\ub2c8\ub77c \ud654\uc7a5\ud488 \uc0b0\uc5c5\uc5d0\uc11c\ub3c4 \ub110\ub9ac \uc0ac\uc6a9\ub429\ub2c8\ub2e4.<\/p>\n<h2>\ub179\ucc28\uc758 \ud3f4\ub9ac\ud398\ub180 \ud654\ud569\ubb3c<\/h2>\n<p><strong>\ub179\ucc28\uc758 \ud6a8\ub2a5\uc740 \uc8fc\ub85c \ud3f4\ub9ac\ud398\ub180 \ud654\ud569\ubb3c\uc758 \ub192\uc740 \ud568\ub7c9\uc5d0\uc11c \ube44\ub86f\ub429\ub2c8\ub2e4<\/strong>. \ud50c\ub77c\ubcf4\ub178\uc774\ub4dc \ud568\ub7c9\uc740 \uc78e\uc758 \uac74\uc870 \uc911\ub7c9\uc758 30~36%\uc5d0 \ub2ec\ud560 \uc218 \uc788\uc2b5\ub2c8\ub2e4. \uadf8\uc911\uc5d0\uc11c\ub3c4 \uac00\uc7a5 \uc911\uc694\ud55c \uc5ed\ud560\uc744 \ud558\ub294 \uac83\uc740 \uce74\ud14c\ud0a8\ub958(\ud50c\ub77c\ubc14\ub180)\ub85c, \ud50c\ub77c\ubcf4\ub178\uc774\ub4dc \uadf8\ub8f9\uc758 \uc57d 80%\ub97c \ucc28\uc9c0\ud569\ub2c8\ub2e4: \uc5d0\ud53c\uac08\ub85c\uce74\ud14c\ud0a8 \uac08\ub808\uc774\ud2b8(EGCG), \uc5d0\ud53c\uac08\ub85c\uce74\ud14c\ud0a8(EGC), \uc5d0\ud53c\uce74\ud14c\ud0a8 \uac08\ub808\uc774\ud2b8(ECG), \uc5d0\ud53c\uce74\ud14c\ud0a8(EC).<\/p>\n<p>\uc774\ub7ec\ud55c \ud654\ud569\ubb3c\uc740 \ub9e4\uc6b0 <strong>\uac15\ub825\ud55c \ud56d\uc0b0\ud654 \uc791\uc6a9<\/strong>\uc744 \uac00\uc9c0\uba70, \uc774\ub294 \uc790\uc720 \ub77c\ub514\uce7c\uc744 \uc81c\uac70\ud558\uace0 \uadf8 \uc0dd\uc131\uc744 \uc5b5\uc81c\ud558\ub294 \ub2a5\ub825 \ub355\ubd84\uc785\ub2c8\ub2e4. \ub610\ud55c \ud654\uc7a5\ud488\uc5d0\uc11c\ub294 <strong>\ubd80\uae30 \uc644\ud654 \ud6a8\uacfc<\/strong>\ub85c\ub3c4 \ub192\uc774 \ud3c9\uac00\ub429\ub2c8\ub2e4.<\/p>\n<p>\ucd94\uac00\uc801\uc73c\ub85c, \ub0ae\uc740 \ub18d\ub3c4\uc5d0\uc11c\ub294 \ub2e4\ub978 <strong>\ud50c\ub77c\ubcf4\ub178\uc774\ub4dc<\/strong> \u2014 <strong>\ucea0\ud398\ub864, \ub8e8\ud2f4, \ucf00\ub974\uc138\ud2f4, \ubbf8\ub9ac\uc138\ud2f4 \ubc0f \uadf8 \ubc30\ub2f9\uccb4<\/strong> \u2014 \ub3c4 \uc874\uc7ac\ud558\uba70, <strong>\ud56d\uc0b0\ud654 \uc791\uc6a9 \ubc0f \ud608\uc18c\ud310 \uc751\uc9d1 \uc5b5\uc81c \ud6a8\uacfc<\/strong>\ub97c \ubcf4\uc785\ub2c8\ub2e4.<\/p>\n<h2>\ub179\ucc28\uc758 \uc57d\ub9ac\ud559\uc801 \ud6a8\ub2a5<\/h2>\n<p>\ud654\ud559\uc801 \uc131\ubd84 \ub355\ubd84\uc5d0 \ub179\ucc28 \ucd94\ucd9c\ubb3c\uc740 \uc2dd\ud488 \ubc0f \uc81c\uc57d \uc0b0\uc5c5\uc5d0\uc11c \ub110\ub9ac \ud65c\uc6a9\ub429\ub2c8\ub2e4. \ub179\ucc28\ub97c \ub9c8\uc2dc\uac70\ub098 \ucd94\ucd9c\ubb3c\uc744 \uac74\uac15 \ubcf4\uc870\uc81c(\ucea1\uc290, \uc815\uc81c) \ud615\ud0dc\ub85c \uc12d\ucde8\ud558\ub294 \uac83\uc740 \ud2b9\ud788 <strong>\uccb4\uc911 \uac10\ub7c9<\/strong>\uacfc <strong>\uc2ec\ud608\uad00 \uc9c8\ud658 \uc608\ubc29<\/strong>\uc744 \uc6d0\ud558\ub294 \uc0ac\ub78c\ub4e4\uc5d0\uac8c \uad8c\uc7a5\ub429\ub2c8\ub2e4. \ub179\ucc28 \ucd94\ucd9c\ubb3c\uc740 <strong>\ud56d\uc8fd\uc0c1\ub3d9\ub9e5\uacbd\ud654 \uc791\uc6a9<\/strong>\uc744 \ud558\uba70, \ud608\uad00\uc744 \ubcf4\ud638\ud558\uace0, <strong>\ucf5c\ub808\uc2a4\ud14c\ub864\uacfc \uc911\uc131\uc9c0\ubc29 \uc218\uce58\ub97c \ub0ae\ucd94\uba70<\/strong>, \uc9c0\ubc29\uc138\ud3ec\uc758 \uc131\uc7a5\uc744 \uc5b5\uc81c\ud558\uace0 \uc9c0\ubc29 \ud761\uc218\ub97c \uc904\uc785\ub2c8\ub2e4. \uc774\ub7ec\ud55c \ud2b9\uc131\uc740 \uccb4\uc911 \uc548\uc815\ud654\uc5d0 \uae30\uc5ec\ud558\uace0, \uc9c0\ubc29 \ucd95\uc801\uc744 \ubc29\uc9c0\ud558\uba70, \uc2ec\ud608\uad00 \uc9c8\ud658\uc758 \uc704\ud5d8\uc744 \uc904\uc774\ub294 \ub370 \ub3c4\uc6c0\uc774 \ub429\ub2c8\ub2e4.<\/p>\n<p>\ub179\ucc28 \ucd94\ucd9c\ubb3c\uc758 \ub610 \ub2e4\ub978 \uc774\uc810\uc740 <strong>\uc2e0\uacbd \ubcf4\ud638 \ud6a8\uacfc<\/strong>\uc785\ub2c8\ub2e4. \ud56d\uc0b0\ud654, \ud608\uad00 \ud655\uc7a5 \ubc0f \ud574\ub3c5 \uc791\uc6a9(\uae08\uc18d \uc774\uc628 \ud0ac\ub808\uc774\uc158 \ub2a5\ub825)\uc740 \uc54c\uce20\ud558\uc774\uba38\ubcd1, \ud30c\ud0a8\uc2a8\ubcd1 \ubc0f \uc9c4\ud589\uc131 \uacbd\ud654\uc99d\uc758 \uc7a0\uc7ac\uc801 \uce58\ub8cc\uc81c\ub85c \uc8fc\ubaa9\ubc1b\uace0 \uc788\uc2b5\ub2c8\ub2e4. \uc5f0\uad6c \uacb0\uacfc\ub294 \ub610\ud55c \ub179\ucc28 \ucd94\ucd9c\ubb3c\uc774 <strong>\ud56d\uc554 \uc791\uc6a9<\/strong>\uc744 \uac00\uc9c8 \uc218 \uc788\uc74c\uc744 \uc2dc\uc0ac\ud558\uba70, \uc774\ub294 \uc544\uc2dc\uc544 \uad6d\uac00\uc5d0\uc11c \ub179\ucc28 \uc18c\ube44\uac00 \ub9ce\uc744\uc218\ub85d \uc554 \ubc1c\ubcd1\ub960\uc774 \ub0ae\ub2e4\ub294 \ud1b5\uacc4\ub85c \ub4b7\ubc1b\uce68\ub429\ub2c8\ub2e4.<\/p>\n<h2>\ub179\ucc28 \ucd94\ucd9c\ubb3c\uc758 \ubbf8\uc6a9\uc801 \ud6a8\ub2a5<\/h2>\n<p>\ub179\ucc28 \ucd94\ucd9c\ubb3c\uc740 \ub2e8\uc21c\ud788 \uacbd\uad6c \uc12d\ucde8\ub9cc \uac00\ub2a5\ud55c \uac83\uc774 \uc544\ub2d9\ub2c8\ub2e4. \ud53c\ubd80\uc640 \uadf8 \ubd80\uc18d\uae30\uad00\uc5d0\ub3c4 \uc720\uc775\ud55c \uc601\ud5a5\uc744 \uc8fc\uae30 \ub54c\ubb38\uc5d0 \uc81c\uc57d \ubc0f \ud654\uc7a5\ud488 \uc0b0\uc5c5\uc5d0\uc11c \uc18c\uc911\ud55c \uc131\ubd84\uc73c\ub85c \ud3c9\uac00\ubc1b\uc2b5\ub2c8\ub2e4.<\/p>\n<p>\ub179\ucc28 \ucd94\ucd9c\ubb3c\uc5d0 \ud3ec\ud568\ub41c \ud654\ud569\ubb3c\uc740 \ub2e4\uc591\ud55c \ud2b9\uc131\uc744 \ubcf4\uc785\ub2c8\ub2e4:<\/p>\n<ul>\n<li><strong>\ud56d\uc5fc \uc791\uc6a9<\/strong>,<\/li>\n<li><strong>\ud56d\uade0 \uc791\uc6a9<\/strong>,<\/li>\n<li><strong>\ud56d\uc0b0\ud654 \uc791\uc6a9<\/strong>,<\/li>\n<li><strong>\ud53c\ubd80\uc758 \ubbf8\uc138\uc21c\ud658 \uac1c\uc120<\/strong>,<\/li>\n<li><strong>\ud53c\uc9c0\uc120 \ud65c\ub3d9 \uc5b5\uc81c<\/strong>.<\/li>\n<\/ul>\n<p>\ub530\ub77c\uc11c \ud1a0\ub108, \ubcf4\uc2b5 \ub85c\uc158, \ud5e4\uc5b4 \ucf00\uc5b4 \uc81c\ud488, \uc0e4\uc6cc \uc824, \ubcf4\uc2b5 \ud06c\ub9bc \ub4f1\uc5d0\uc11c \ud754\ud788 \ubc1c\uacac\ub429\ub2c8\ub2e4.<\/p>\n<p>\ud654\uc7a5\ud488 \ubd84\uc57c\uc5d0\uc11c \ub179\ucc28 \ucd94\ucd9c\ubb3c\uc740 \ub9e4\uc6b0 \uad11\ubc94\uc704\ud55c \ud6a8\ub2a5\uc744 \ubcf4\uc5ec\uc90d\ub2c8\ub2e4. \uac15\ub825\ud55c \ubcf4\uc2b5 \ubc0f \ud56d\uc0b0\ud654 \ud2b9\uc131\uc73c\ub85c \uc778\ud574 <strong>\uc131\uc219\ud55c \ud53c\ubd80\ub97c \uc704\ud55c <em>\uc548\ud2f0\uc5d0\uc774\uc9d5<\/em> \uc81c\ud488<\/strong>\uc758 \uc801\ud569\ud55c \uc131\ubd84\uc774 \ub418\uba70, \ub3d9\uc2dc\uc5d0 \ud53c\uc9c0 \uc870\uc808 \ubc0f \ud56d\uade0 \ud6a8\uacfc \ub355\ubd84\uc5d0 <strong>\uc80a\uace0 \uc5ec\ub4dc\ub984\uc774 \uc798 \uc0dd\uae30\ub294 \ud53c\ubd80\uc6a9 \ud654\uc7a5\ud488\uc5d0\uc11c\ub3c4 \ub192\uc774 \ud3c9\uac00\ub429\ub2c8\ub2e4<\/strong>.<\/p>\n<p>\uc774\ub7ec\ud55c \ud2b9\uc131\uc740 \ub610\ud55c \ub179\ucc28 \ucd94\ucd9c\ubb3c\uc774 <strong>\ubaa8\ubc1c \ubc0f \ub450\ud53c \uad00\ub9ac<\/strong>\uc5d0 \ud65c\uc6a9\ub420 \uc218 \uc788\uc74c\uc744 \uc758\ubbf8\ud569\ub2c8\ub2e4 \u2014 <strong>\ube44\ub4ec \ubc29\uc9c0<\/strong> \ubc0f <strong>\uc9c0\uc131 \uc644\ud654<\/strong> \ud6a8\uacfc\uac00 \uc788\uc2b5\ub2c8\ub2e4.<\/p>\n<p>\ud53c\ubd80\uc5d0 \ub354 \uce58\ub8cc\uc801\uc778 \ubaa9\uc801\uc73c\ub85c\ub3c4 \uc0ac\uc6a9\ud560 \uc218 \uc788\uc2b5\ub2c8\ub2e4 \u2014 <strong>\uc790\uadf9\uc744 \uc644\ud654\ud558\uace0<\/strong>, <strong>\ubd80\uae30\uc640 \ud64d\uc870\ub97c \uc904\uc774\uba70<\/strong>, <strong>\uc0c1\ucc98 \uce58\uc720\ub97c \ub3d5\uace0<\/strong>, <strong>\ud56d\uc5fc \uc791\uc6a9<\/strong>\uc744 \ud569\ub2c8\ub2e4. \uc774 \ub9c8\uc9c0\ub9c9 \ud2b9\uc131\uc740 \uc5ec\uc131 \uccad\uacb0\uc81c \ubc0f \uc544\uc774 \ucf00\uc5b4 \uc81c\ud488\uc5d0\ub3c4 \ud65c\uc6a9\ub429\ub2c8\ub2e4.<\/p>\n<p>\ub179\ucc28 \ucd94\ucd9c\ubb3c\uc774 \ud568\uc720\ub41c \uc81c\ud488\uc740 \uac74\uac15\ud55c \uc120\ud0e0\uc744 \uc120\ud638\ud558\ub294 \uc0ac\ub78c\ub4e4\uc5d0\uac8c\ub3c4 \uc778\uae30\uac00 \uc788\uc2b5\ub2c8\ub2e4 \u2014 \ud587\ubcd5\uc744 \ucb18 \ub54c <strong>\uc720\ud574\ud55c \uc790\uc678\uc120\uc73c\ub85c\ubd80\ud130 \ubcf4\ud638<\/strong>\ud558\uba70, \uba5c\ub77c\ub2cc \ud569\uc131\uc744 \uc790\uadf9\ud558\uc5ec \ucc9c\uc5f0 \uc790\uc678\uc120 \ucc28\ub2e8\uc81c \ubc0f \uc140\ud504 \ud0dc\ub2dd \uc131\ubd84\uc73c\ub85c\ub3c4 \ud6a8\uacfc\uc801\uc785\ub2c8\ub2e4.<\/p>\n<p><strong>Bibliografia:<\/strong><\/p>\n<ol>\n<li style=\"list-style-type: none;\">Arct J, Tomaszewska K, Pytkowska K (2016). Zielona Herbata. <em>Pol J Cosmetol<\/em>, 19(2): 110-115<\/li>\n<li>Ca\u0142ka J, Zasadowski A, Juranek J. (2008). Niekt\u00f3re aspekty leczniczego dzia\u0142ania zielonej herbaty. <em>Bromat. Chem. Toksykol<\/em>, 41: 5-14.<\/li>\n<li>Matysek-Nawrocka M, Cyrankiewicz P. (2016). Substancje biologicznie aktywne pozyskiwane z herbaty, kawy i kakao oraz ich zastosowanie w kosmetykach. <em>Post Fitoter<\/em>, 17(2): 139-144.<\/li>\n<\/ol>\n<h4><strong>\uae30\uc0ac \uc791\uc131\uc790:<\/strong><\/h4>\n<p><strong>\uce74\ud0c0\ub974\uc9c0\ub098 \ud0a4\uba5c \ubc15\uc0ac<\/strong><br \/>\n\uc57d\ud559 \ubc15\uc0ac\ub85c, \uc5f0\uad6c \uad00\uc2ec \ubd84\uc57c\ub294 \ucc9c\uc5f0 \uc720\ub798 \uc0dd\ub9ac\ud65c\uc131 \ubb3c\uc9c8 \ubc0f \ud55c\uc57d \uc5f0\uad6c\uc5d0 \uc9d1\uc911\ub418\uc5b4 \uc788\uc2b5\ub2c8\ub2e4. \uc5ec\ud589\uacfc \uc790\uc5f0 \uc18d \uc5ec\uac00\ub97c \uc0ac\ub791\ud569\ub2c8\ub2e4.<\/p>\n","protected":false},"excerpt":{"rendered":"<p>\ub179\ucc28 \ucd94\ucd9c\ubb3c (Camellia Sinensis Leaf Extract)\uc740 \uac74\uc870 \uc911\ub7c9 \uae30\uc900 85% &#8211; 95%\uc758 \ucd94\ucd9c\ubb3c \ud568\ub7c9\uc744 \uac00\uc9d1\ub2c8\ub2e4. \uc774 \uc81c\ud488\uc740 \uc81c\uc57d, \ud654\uc7a5\ud488, \uc2dd\ud488, \uc2e4\ud5d8\uc2e4 \uc0b0\uc5c5\uc5d0\uc11c \uc0ac\uc6a9\ud558\ub3c4\ub85d \uace0\uc548\ub418\uc5c8\uc2b5\ub2c8\ub2e4. \uc774 \uc2dd\ubb3c \ucd94\ucd9c\ubb3c\uc740 \ubd84\ub9d0 \ud615\ud0dc\ub85c \uc81c\uacf5\ub429\ub2c8\ub2e4.  <\/p>\n","protected":false},"featured_media":43202,"template":"","meta":{"_acf_changed":false},"product_brand":[],"product_cat":[8175,8134],"product_tag":[],"class_list":{"0":"post-43200","1":"product","2":"type-product","3":"status-publish","4":"has-post-thumbnail","6":"product_cat-saeng-san-yong-won-ryo","7":"product_cat-sig-mul-chu-chul-mul","8":"pa_czesc-rosliny-8186","9":"pa_grupa-substancji-8226","10":"pa_skladnik-aktywny-ec","11":"pa_skladnik-aktywny-ecg","12":"pa_skladnik-aktywny-egcg","14":"first","15":"instock","16":"shipping-taxable","17":"product-type-simple"},"acf":[],"yoast_head":"<!-- This site is optimized with the Yoast SEO plugin v27.5 - https:\/\/yoast.com\/product\/yoast-seo-wordpress\/ -->\n<title>NATURAL POLAND &#8211; Hurtowy Dystrybutor Surowc\u00f3w<\/title>\n<meta name=\"description\" content=\"\ub179\ucc28 \ucd94\ucd9c\ubb3c (Camellia Sinensis Leaf Extract)\uc740 \uac74\uc870 \uc911\ub7c9 \uae30\uc900 85% - 95%\uc758 \ucd94\ucd9c\ubb3c \ud568\ub7c9\uc744 \uac00\uc9c0\uba70, \ubd84\ub9d0 \ud615\ud0dc\ub85c \uc81c\uacf5\ub429\ub2c8\ub2e4.\" \/>\n<meta name=\"robots\" content=\"index, follow, max-snippet:-1, max-image-preview:large, max-video-preview:-1\" \/>\n<link rel=\"canonical\" href=\"https:\/\/naturalpoland.com\/ko\/je-pum\/sig-pum-won-ryo\/saeng-san-yong-won-ryo\/nokcha-chuchulmul-hwalyong-hyoneung\/\" \/>\n<meta property=\"og:locale\" content=\"ko_KR\" \/>\n<meta property=\"og:type\" content=\"article\" \/>\n<meta property=\"og:description\" content=\"\ub179\ucc28 \ucd94\ucd9c\ubb3c (Camellia Sinensis Leaf Extract)\uc740 \uac74\uc870 \uc911\ub7c9 \uae30\uc900 85% - 95%\uc758 \ucd94\ucd9c\ubb3c \ud568\ub7c9\uc744 \uac00\uc9c0\uba70, \ubd84\ub9d0 \ud615\ud0dc\ub85c \uc81c\uacf5\ub429\ub2c8\ub2e4.\" \/>\n<meta property=\"og:url\" content=\"https:\/\/naturalpoland.com\/ko\/je-pum\/sig-pum-won-ryo\/saeng-san-yong-won-ryo\/nokcha-chuchulmul-hwalyong-hyoneung\/\" \/>\n<meta property=\"og:site_name\" content=\"NATURAL POLAND - Hurtowy Dystrybutor Surowc\u00f3w\" \/>\n<meta property=\"article:publisher\" content=\"https:\/\/www.facebook.com\/naturalpoland.b2b\" \/>\n<meta property=\"article:modified_time\" content=\"2025-09-09T10:28:01+00:00\" \/>\n<meta property=\"og:image\" content=\"https:\/\/naturalpoland.com\/wp-content\/uploads\/ekstrakt-z-zielonej-herbaty.webp\" \/>\n\t<meta property=\"og:image:width\" content=\"350\" \/>\n\t<meta property=\"og:image:height\" content=\"350\" \/>\n\t<meta property=\"og:image:type\" content=\"image\/webp\" \/>\n<script type=\"application\/ld+json\" class=\"yoast-schema-graph\">{\"@context\":\"https:\\\/\\\/schema.org\",\"@graph\":[{\"@type\":\"WebPage\",\"@id\":\"https:\\\/\\\/naturalpoland.com\\\/ko\\\/je-pum\\\/sig-pum-won-ryo\\\/saeng-san-yong-won-ryo\\\/nokcha-chuchulmul-hwalyong-hyoneung\\\/\",\"url\":\"https:\\\/\\\/naturalpoland.com\\\/ko\\\/je-pum\\\/sig-pum-won-ryo\\\/saeng-san-yong-won-ryo\\\/nokcha-chuchulmul-hwalyong-hyoneung\\\/\",\"name\":\"\",\"isPartOf\":{\"@id\":\"https:\\\/\\\/naturalpoland.com\\\/ko\\\/#website\"},\"primaryImageOfPage\":{\"@id\":\"https:\\\/\\\/naturalpoland.com\\\/ko\\\/je-pum\\\/sig-pum-won-ryo\\\/saeng-san-yong-won-ryo\\\/nokcha-chuchulmul-hwalyong-hyoneung\\\/#primaryimage\"},\"image\":{\"@id\":\"https:\\\/\\\/naturalpoland.com\\\/ko\\\/je-pum\\\/sig-pum-won-ryo\\\/saeng-san-yong-won-ryo\\\/nokcha-chuchulmul-hwalyong-hyoneung\\\/#primaryimage\"},\"thumbnailUrl\":\"https:\\\/\\\/naturalpoland.com\\\/wp-content\\\/uploads\\\/ekstrakt-z-zielonej-herbaty.webp\",\"datePublished\":\"2021-05-11T11:41:46+00:00\",\"dateModified\":\"2025-09-09T10:28:01+00:00\",\"description\":\"\ub179\ucc28 \ucd94\ucd9c\ubb3c (Camellia Sinensis Leaf Extract)\uc740 \uac74\uc870 \uc911\ub7c9 \uae30\uc900 85% - 95%\uc758 \ucd94\ucd9c\ubb3c \ud568\ub7c9\uc744 \uac00\uc9c0\uba70, \ubd84\ub9d0 \ud615\ud0dc\ub85c \uc81c\uacf5\ub429\ub2c8\ub2e4.\",\"breadcrumb\":{\"@id\":\"https:\\\/\\\/naturalpoland.com\\\/ko\\\/je-pum\\\/sig-pum-won-ryo\\\/saeng-san-yong-won-ryo\\\/nokcha-chuchulmul-hwalyong-hyoneung\\\/#breadcrumb\"},\"inLanguage\":\"ko-KR\",\"potentialAction\":[{\"@type\":\"ReadAction\",\"target\":[\"https:\\\/\\\/naturalpoland.com\\\/ko\\\/je-pum\\\/sig-pum-won-ryo\\\/saeng-san-yong-won-ryo\\\/nokcha-chuchulmul-hwalyong-hyoneung\\\/\"]}]},{\"@type\":\"ImageObject\",\"inLanguage\":\"ko-KR\",\"@id\":\"https:\\\/\\\/naturalpoland.com\\\/ko\\\/je-pum\\\/sig-pum-won-ryo\\\/saeng-san-yong-won-ryo\\\/nokcha-chuchulmul-hwalyong-hyoneung\\\/#primaryimage\",\"url\":\"https:\\\/\\\/naturalpoland.com\\\/wp-content\\\/uploads\\\/ekstrakt-z-zielonej-herbaty.webp\",\"contentUrl\":\"https:\\\/\\\/naturalpoland.com\\\/wp-content\\\/uploads\\\/ekstrakt-z-zielonej-herbaty.webp\",\"width\":350,\"height\":350,\"caption\":\"\ub179\ucc28 \ucd94\ucd9c\ubb3c\"},{\"@type\":\"BreadcrumbList\",\"@id\":\"https:\\\/\\\/naturalpoland.com\\\/ko\\\/je-pum\\\/sig-pum-won-ryo\\\/saeng-san-yong-won-ryo\\\/nokcha-chuchulmul-hwalyong-hyoneung\\\/#breadcrumb\",\"itemListElement\":[{\"@type\":\"ListItem\",\"position\":1,\"name\":\"\ud648\",\"item\":\"https:\\\/\\\/naturalpoland.com\\\/ko\\\/\"},{\"@type\":\"ListItem\",\"position\":2,\"name\":\"\uc81c\ud488\",\"item\":\"https:\\\/\\\/naturalpoland.com\\\/ko\\\/%ec%a0%9c%ed%92%88\\\/\"},{\"@type\":\"ListItem\",\"position\":3,\"name\":\"\ub179\ucc28 \ucd94\ucd9c\ubb3c\"}]},{\"@type\":\"WebSite\",\"@id\":\"https:\\\/\\\/naturalpoland.com\\\/ko\\\/#website\",\"url\":\"https:\\\/\\\/naturalpoland.com\\\/ko\\\/\",\"name\":\"NATURAL POLAND - Hurtowy Dystrybutor Surowc\u00f3w\",\"description\":\"Surowce dla przemys\u0142u spo\u017cywczego, kosmetycznego i farmaceutycznego\",\"publisher\":{\"@id\":\"https:\\\/\\\/naturalpoland.com\\\/ko\\\/#organization\"},\"potentialAction\":[{\"@type\":\"SearchAction\",\"target\":{\"@type\":\"EntryPoint\",\"urlTemplate\":\"https:\\\/\\\/naturalpoland.com\\\/ko\\\/?s={search_term_string}\"},\"query-input\":{\"@type\":\"PropertyValueSpecification\",\"valueRequired\":true,\"valueName\":\"search_term_string\"}}],\"inLanguage\":\"ko-KR\"},{\"@type\":\"Organization\",\"@id\":\"https:\\\/\\\/naturalpoland.com\\\/ko\\\/#organization\",\"name\":\"Natural Poland\",\"url\":\"https:\\\/\\\/naturalpoland.com\\\/ko\\\/\",\"logo\":{\"@type\":\"ImageObject\",\"inLanguage\":\"ko-KR\",\"@id\":\"https:\\\/\\\/naturalpoland.com\\\/ko\\\/#\\\/schema\\\/logo\\\/image\\\/\",\"url\":\"https:\\\/\\\/naturalpoland.com\\\/wp-content\\\/uploads\\\/2021\\\/05\\\/natural-poland-icon.png\",\"contentUrl\":\"https:\\\/\\\/naturalpoland.com\\\/wp-content\\\/uploads\\\/2021\\\/05\\\/natural-poland-icon.png\",\"width\":512,\"height\":512,\"caption\":\"Natural Poland\"},\"image\":{\"@id\":\"https:\\\/\\\/naturalpoland.com\\\/ko\\\/#\\\/schema\\\/logo\\\/image\\\/\"},\"sameAs\":[\"https:\\\/\\\/www.facebook.com\\\/naturalpoland.b2b\",\"https:\\\/\\\/pl.linkedin.com\\\/company\\\/natural-poland\",\"https:\\\/\\\/www.youtube.com\\\/channel\\\/UCgeGGkvOMahZo-xu_MSEWxg\"]}]}<\/script>\n<!-- \/ Yoast SEO plugin. -->","yoast_head_json":{"title":"NATURAL POLAND &#8211; Hurtowy Dystrybutor Surowc\u00f3w","description":"\ub179\ucc28 \ucd94\ucd9c\ubb3c (Camellia Sinensis Leaf Extract)\uc740 \uac74\uc870 \uc911\ub7c9 \uae30\uc900 85% - 95%\uc758 \ucd94\ucd9c\ubb3c \ud568\ub7c9\uc744 \uac00\uc9c0\uba70, \ubd84\ub9d0 \ud615\ud0dc\ub85c \uc81c\uacf5\ub429\ub2c8\ub2e4.","robots":{"index":"index","follow":"follow","max-snippet":"max-snippet:-1","max-image-preview":"max-image-preview:large","max-video-preview":"max-video-preview:-1"},"canonical":"https:\/\/naturalpoland.com\/ko\/je-pum\/sig-pum-won-ryo\/saeng-san-yong-won-ryo\/nokcha-chuchulmul-hwalyong-hyoneung\/","og_locale":"ko_KR","og_type":"article","og_description":"\ub179\ucc28 \ucd94\ucd9c\ubb3c (Camellia Sinensis Leaf Extract)\uc740 \uac74\uc870 \uc911\ub7c9 \uae30\uc900 85% - 95%\uc758 \ucd94\ucd9c\ubb3c \ud568\ub7c9\uc744 \uac00\uc9c0\uba70, \ubd84\ub9d0 \ud615\ud0dc\ub85c \uc81c\uacf5\ub429\ub2c8\ub2e4.","og_url":"https:\/\/naturalpoland.com\/ko\/je-pum\/sig-pum-won-ryo\/saeng-san-yong-won-ryo\/nokcha-chuchulmul-hwalyong-hyoneung\/","og_site_name":"NATURAL POLAND - Hurtowy Dystrybutor Surowc\u00f3w","article_publisher":"https:\/\/www.facebook.com\/naturalpoland.b2b","article_modified_time":"2025-09-09T10:28:01+00:00","og_image":[{"width":350,"height":350,"url":"https:\/\/naturalpoland.com\/wp-content\/uploads\/ekstrakt-z-zielonej-herbaty.webp","type":"image\/webp"}],"schema":{"@context":"https:\/\/schema.org","@graph":[{"@type":"WebPage","@id":"https:\/\/naturalpoland.com\/ko\/je-pum\/sig-pum-won-ryo\/saeng-san-yong-won-ryo\/nokcha-chuchulmul-hwalyong-hyoneung\/","url":"https:\/\/naturalpoland.com\/ko\/je-pum\/sig-pum-won-ryo\/saeng-san-yong-won-ryo\/nokcha-chuchulmul-hwalyong-hyoneung\/","name":"","isPartOf":{"@id":"https:\/\/naturalpoland.com\/ko\/#website"},"primaryImageOfPage":{"@id":"https:\/\/naturalpoland.com\/ko\/je-pum\/sig-pum-won-ryo\/saeng-san-yong-won-ryo\/nokcha-chuchulmul-hwalyong-hyoneung\/#primaryimage"},"image":{"@id":"https:\/\/naturalpoland.com\/ko\/je-pum\/sig-pum-won-ryo\/saeng-san-yong-won-ryo\/nokcha-chuchulmul-hwalyong-hyoneung\/#primaryimage"},"thumbnailUrl":"https:\/\/naturalpoland.com\/wp-content\/uploads\/ekstrakt-z-zielonej-herbaty.webp","datePublished":"2021-05-11T11:41:46+00:00","dateModified":"2025-09-09T10:28:01+00:00","description":"\ub179\ucc28 \ucd94\ucd9c\ubb3c (Camellia Sinensis Leaf Extract)\uc740 \uac74\uc870 \uc911\ub7c9 \uae30\uc900 85% - 95%\uc758 \ucd94\ucd9c\ubb3c \ud568\ub7c9\uc744 \uac00\uc9c0\uba70, \ubd84\ub9d0 \ud615\ud0dc\ub85c \uc81c\uacf5\ub429\ub2c8\ub2e4.","breadcrumb":{"@id":"https:\/\/naturalpoland.com\/ko\/je-pum\/sig-pum-won-ryo\/saeng-san-yong-won-ryo\/nokcha-chuchulmul-hwalyong-hyoneung\/#breadcrumb"},"inLanguage":"ko-KR","potentialAction":[{"@type":"ReadAction","target":["https:\/\/naturalpoland.com\/ko\/je-pum\/sig-pum-won-ryo\/saeng-san-yong-won-ryo\/nokcha-chuchulmul-hwalyong-hyoneung\/"]}]},{"@type":"ImageObject","inLanguage":"ko-KR","@id":"https:\/\/naturalpoland.com\/ko\/je-pum\/sig-pum-won-ryo\/saeng-san-yong-won-ryo\/nokcha-chuchulmul-hwalyong-hyoneung\/#primaryimage","url":"https:\/\/naturalpoland.com\/wp-content\/uploads\/ekstrakt-z-zielonej-herbaty.webp","contentUrl":"https:\/\/naturalpoland.com\/wp-content\/uploads\/ekstrakt-z-zielonej-herbaty.webp","width":350,"height":350,"caption":"\ub179\ucc28 \ucd94\ucd9c\ubb3c"},{"@type":"BreadcrumbList","@id":"https:\/\/naturalpoland.com\/ko\/je-pum\/sig-pum-won-ryo\/saeng-san-yong-won-ryo\/nokcha-chuchulmul-hwalyong-hyoneung\/#breadcrumb","itemListElement":[{"@type":"ListItem","position":1,"name":"\ud648","item":"https:\/\/naturalpoland.com\/ko\/"},{"@type":"ListItem","position":2,"name":"\uc81c\ud488","item":"https:\/\/naturalpoland.com\/ko\/%ec%a0%9c%ed%92%88\/"},{"@type":"ListItem","position":3,"name":"\ub179\ucc28 \ucd94\ucd9c\ubb3c"}]},{"@type":"WebSite","@id":"https:\/\/naturalpoland.com\/ko\/#website","url":"https:\/\/naturalpoland.com\/ko\/","name":"NATURAL POLAND - Hurtowy Dystrybutor Surowc\u00f3w","description":"Surowce dla przemys\u0142u spo\u017cywczego, kosmetycznego i farmaceutycznego","publisher":{"@id":"https:\/\/naturalpoland.com\/ko\/#organization"},"potentialAction":[{"@type":"SearchAction","target":{"@type":"EntryPoint","urlTemplate":"https:\/\/naturalpoland.com\/ko\/?s={search_term_string}"},"query-input":{"@type":"PropertyValueSpecification","valueRequired":true,"valueName":"search_term_string"}}],"inLanguage":"ko-KR"},{"@type":"Organization","@id":"https:\/\/naturalpoland.com\/ko\/#organization","name":"Natural Poland","url":"https:\/\/naturalpoland.com\/ko\/","logo":{"@type":"ImageObject","inLanguage":"ko-KR","@id":"https:\/\/naturalpoland.com\/ko\/#\/schema\/logo\/image\/","url":"https:\/\/naturalpoland.com\/wp-content\/uploads\/2021\/05\/natural-poland-icon.png","contentUrl":"https:\/\/naturalpoland.com\/wp-content\/uploads\/2021\/05\/natural-poland-icon.png","width":512,"height":512,"caption":"Natural Poland"},"image":{"@id":"https:\/\/naturalpoland.com\/ko\/#\/schema\/logo\/image\/"},"sameAs":["https:\/\/www.facebook.com\/naturalpoland.b2b","https:\/\/pl.linkedin.com\/company\/natural-poland","https:\/\/www.youtube.com\/channel\/UCgeGGkvOMahZo-xu_MSEWxg"]}]}},"_links":{"self":[{"href":"https:\/\/naturalpoland.com\/ko\/wp-json\/wp\/v2\/product\/43200","targetHints":{"allow":["GET"]}}],"collection":[{"href":"https:\/\/naturalpoland.com\/ko\/wp-json\/wp\/v2\/product"}],"about":[{"href":"https:\/\/naturalpoland.com\/ko\/wp-json\/wp\/v2\/types\/product"}],"wp:featuredmedia":[{"embeddable":true,"href":"https:\/\/naturalpoland.com\/ko\/wp-json\/wp\/v2\/media\/43202"}],"wp:attachment":[{"href":"https:\/\/naturalpoland.com\/ko\/wp-json\/wp\/v2\/media?parent=43200"}],"wp:term":[{"taxonomy":"product_brand","embeddable":true,"href":"https:\/\/naturalpoland.com\/ko\/wp-json\/wp\/v2\/product_brand?post=43200"},{"taxonomy":"product_cat","embeddable":true,"href":"https:\/\/naturalpoland.com\/ko\/wp-json\/wp\/v2\/product_cat?post=43200"},{"taxonomy":"product_tag","embeddable":true,"href":"https:\/\/naturalpoland.com\/ko\/wp-json\/wp\/v2\/product_tag?post=43200"}],"curies":[{"name":"wp","href":"https:\/\/api.w.org\/{rel}","templated":true}]}}