{"id":43209,"date":"2021-05-11T13:55:48","date_gmt":"2021-05-11T11:55:48","guid":{"rendered":"https:\/\/naturalpoland.com\/produkty\/uncategorized\/sci-%ec%86%8c%eb%93%90-%ec%bd%94%ec%bd%94%ec%9d%bc-%ec%9d%b4%ec%84%b8%ed%8b%b0%ec%98%a4%eb%84%a4%ec%9d%b4%ed%8a%b8\/"},"modified":"2025-09-09T13:18:01","modified_gmt":"2025-09-09T11:18:01","slug":"sci-%ec%86%8c%eb%93%90-%ec%bd%94%ec%bd%94%ec%9d%bc-%ec%9d%b4%ec%84%b8%ed%8b%b0%ec%98%a4%eb%84%a4%ec%9d%b4%ed%8a%b8","status":"publish","type":"product","link":"https:\/\/naturalpoland.com\/ko\/je-pum\/hwa-jang-pum-won-ryo\/hwa-jang-pum-won-ryo-ko\/sci-%ec%86%8c%eb%93%90-%ec%bd%94%ec%bd%94%ec%9d%bc-%ec%9d%b4%ec%84%b8%ed%8b%b0%ec%98%a4%eb%84%a4%ec%9d%b4%ed%8a%b8\/","title":{"rendered":"SCI (\uc18c\ub4d0 \ucf54\ucf54\uc77c \uc774\uc138\ud2f0\uc624\ub124\uc774\ud2b8)"},"content":{"rendered":"<p>SCI (\uc18c\ub4d0 \ucf54\ucf54\uc77c \uc774\uc138\ud2f0\uc624\ub124\uc774\ud2b8)\ub294 <strong>\ucf54\ucf54\uc77c \uc774\uc138\ud2f0\uc624\ub124\uc774\ud2b8 \ub098\ud2b8\ub968<\/strong>\uc73c\ub85c\ub3c4 \uc54c\ub824\uc838 \uc788\uc73c\uba70, \uace0\uccb4 \ud615\ud0dc\uc758 \uc74c\uc774\uc628 \uacc4\uba74\ud65c\uc131\uc81c\uc785\ub2c8\ub2e4. \ud53c\ubd80, \ubaa8\ubc1c, \ub208\uc5d0 \uc21c\ud558\uc5ec \ube44\ub204\ub098 \uc138\uc815\uc561\uacfc \uac19\uc740 \uc21c\ud55c \uc138\uc815\uc81c \uc131\ubd84\uc73c\ub85c \ud0c1\uc6d4\ud569\ub2c8\ub2e4. \uc5b4\ub9b0\uc774\uc6a9 \ud654\uc7a5\ud488\uc5d0\ub3c4 \uc0ac\uc6a9\ub420 \uc218 \uc788\uc2b5\ub2c8\ub2e4.  <\/p>\n<p>SCI\ub294 \ubb3c\uacfc \uacb0\ud569\ud558\uc5ec \uc544\ub984\ub2f5\uace0 \uc548\uc815\uc801\uc778 \uac70\ud488\uc744 \uc0dd\uc131\ud558\uc5ec \ubaa9\uc695\uc758 \uc990\uac70\uc6c0\uc744 \ub354\ud574\uc90d\ub2c8\ub2e4. \uc18c\ub4d0 \ucf54\ucf54\uc77c \uc774\uc138\ud2f0\uc624\ub124\uc774\ud2b8\ub294 \uc0dd\ubd84\ud574\uc131 \uc81c\ud488\uc774\uba70 \ud658\uacbd \uce5c\ud654\uc801\uc785\ub2c8\ub2e4. <\/p>\n<p>\ud770\uc0c9 \ub610\ub294 \uc5f0\ub178\ub780\uc0c9 \ubd84\ub9d0 \ud615\ud0dc\ub85c \uc81c\uacf5\ub418\ub294 \ub2f9\uc0ac\uc758 \uc81c\ud488\uc740 \ubd84\uc11d\uc744 \ud1b5\ud574 \ud655\uc778\ub41c \ud488\uc9c8 \uc694\uad6c \uc0ac\ud56d\uc744 \ucda9\uc871\ud558\uba70, 80% \uc774\uc0c1\uc758 \ud65c\uc131 \uc131\ubd84\uc744 \ud568\uc720\ud558\uace0 \uc788\uc2b5\ub2c8\ub2e4.<\/p>\n<p>&nbsp;<\/p>\n<p>&nbsp;<\/p>\n","protected":false},"excerpt":{"rendered":"<p>\ub2f9\uc0ac\ub294 \uc548\uc804\ud558\uace0 \ucc9c\uc5f0 \ud654\uc7a5\ud488\uc5d0 \uc0ac\uc6a9\ub418\ub294 \uc74c\uc774\uc628 \uacc4\uba74\ud65c\uc131\uc81c\uc778 <strong>SCI<\/strong> (<strong>\uc18c\ub4d0 \ucf54\ucf54\uc77c \uc774\uc138\ud2f0\uc624\ub124\uc774\ud2b8<\/strong>)\uc758 \ub3c4\ub9e4 \uc720\ud1b5\uc5c5\uccb4\uc785\ub2c8\ub2e4.<\/p>\n<p><span style=\"font-size: 14.4px;\">\uc774 \ubb3c\uc9c8\uc740 \uc778\uccb4 \uac74\uac15\uacfc \uc790\uc5f0 \ud658\uacbd\uc5d0 \uc644\uc804\ud788 \uc548\uc804\ud569\ub2c8\ub2e4.<\/span><\/p>\n","protected":false},"featured_media":43211,"template":"","meta":{"_acf_changed":false},"product_brand":[],"product_cat":[8160],"product_tag":[],"class_list":{"0":"post-43209","1":"product","2":"type-product","3":"status-publish","4":"has-post-thumbnail","6":"product_cat-hwa-jang-pum-won-ryo-ko","8":"first","9":"instock","10":"shipping-taxable","11":"product-type-simple"},"acf":[],"yoast_head":"<!-- This site is optimized with the Yoast SEO plugin v27.4 - https:\/\/yoast.com\/product\/yoast-seo-wordpress\/ -->\n<title>NATURAL POLAND &#8211; Hurtowy Dystrybutor Surowc\u00f3w<\/title>\n<meta name=\"description\" content=\"\uc18c\ub4d0 \ucf54\ucf54\uc77c \uc774\uc138\ud2f0\uc624\ub124\uc774\ud2b8(SCI)\ub294 \ucc9c\uc5f0 \ud654\uc7a5\ud488 \ubc0f \uc21c\ud55c \uc138\uc815\uc81c \uc81c\uc870\uc5d0 \uc0ac\uc6a9\ub418\ub294 \uc21c\ud55c \uc74c\uc774\uc628 \uacc4\uba74\ud65c\uc131\uc81c\uc785\ub2c8\ub2e4.\" \/>\n<meta name=\"robots\" content=\"index, follow, max-snippet:-1, max-image-preview:large, max-video-preview:-1\" \/>\n<link rel=\"canonical\" href=\"https:\/\/naturalpoland.com\/ko\/je-pum\/hwa-jang-pum-won-ryo\/hwa-jang-pum-won-ryo-ko\/sci-%ec%86%8c%eb%93%90-%ec%bd%94%ec%bd%94%ec%9d%bc-%ec%9d%b4%ec%84%b8%ed%8b%b0%ec%98%a4%eb%84%a4%ec%9d%b4%ed%8a%b8\/\" \/>\n<meta property=\"og:locale\" content=\"ko_KR\" \/>\n<meta property=\"og:type\" content=\"article\" \/>\n<meta property=\"og:description\" content=\"\uc18c\ub4d0 \ucf54\ucf54\uc77c \uc774\uc138\ud2f0\uc624\ub124\uc774\ud2b8(SCI)\ub294 \ucc9c\uc5f0 \ud654\uc7a5\ud488 \ubc0f \uc21c\ud55c \uc138\uc815\uc81c \uc81c\uc870\uc5d0 \uc0ac\uc6a9\ub418\ub294 \uc21c\ud55c \uc74c\uc774\uc628 \uacc4\uba74\ud65c\uc131\uc81c\uc785\ub2c8\ub2e4.\" \/>\n<meta property=\"og:url\" content=\"https:\/\/naturalpoland.com\/ko\/je-pum\/hwa-jang-pum-won-ryo\/hwa-jang-pum-won-ryo-ko\/sci-%ec%86%8c%eb%93%90-%ec%bd%94%ec%bd%94%ec%9d%bc-%ec%9d%b4%ec%84%b8%ed%8b%b0%ec%98%a4%eb%84%a4%ec%9d%b4%ed%8a%b8\/\" \/>\n<meta property=\"og:site_name\" content=\"NATURAL POLAND - Hurtowy Dystrybutor Surowc\u00f3w\" \/>\n<meta property=\"article:publisher\" content=\"https:\/\/www.facebook.com\/naturalpoland.b2b\" \/>\n<meta property=\"article:modified_time\" content=\"2025-09-09T11:18:01+00:00\" \/>\n<meta property=\"og:image\" content=\"https:\/\/naturalpoland.com\/wp-content\/uploads\/powder_sodium_cocoyl_isethionate.webp\" \/>\n\t<meta property=\"og:image:width\" content=\"350\" \/>\n\t<meta property=\"og:image:height\" content=\"350\" \/>\n\t<meta property=\"og:image:type\" content=\"image\/webp\" \/>\n<script type=\"application\/ld+json\" class=\"yoast-schema-graph\">{\"@context\":\"https:\\\/\\\/schema.org\",\"@graph\":[{\"@type\":\"WebPage\",\"@id\":\"https:\\\/\\\/naturalpoland.com\\\/ko\\\/je-pum\\\/hwa-jang-pum-won-ryo\\\/hwa-jang-pum-won-ryo-ko\\\/sci-%ec%86%8c%eb%93%90-%ec%bd%94%ec%bd%94%ec%9d%bc-%ec%9d%b4%ec%84%b8%ed%8b%b0%ec%98%a4%eb%84%a4%ec%9d%b4%ed%8a%b8\\\/\",\"url\":\"https:\\\/\\\/naturalpoland.com\\\/ko\\\/je-pum\\\/hwa-jang-pum-won-ryo\\\/hwa-jang-pum-won-ryo-ko\\\/sci-%ec%86%8c%eb%93%90-%ec%bd%94%ec%bd%94%ec%9d%bc-%ec%9d%b4%ec%84%b8%ed%8b%b0%ec%98%a4%eb%84%a4%ec%9d%b4%ed%8a%b8\\\/\",\"name\":\"\",\"isPartOf\":{\"@id\":\"https:\\\/\\\/naturalpoland.com\\\/ko\\\/#website\"},\"primaryImageOfPage\":{\"@id\":\"https:\\\/\\\/naturalpoland.com\\\/ko\\\/je-pum\\\/hwa-jang-pum-won-ryo\\\/hwa-jang-pum-won-ryo-ko\\\/sci-%ec%86%8c%eb%93%90-%ec%bd%94%ec%bd%94%ec%9d%bc-%ec%9d%b4%ec%84%b8%ed%8b%b0%ec%98%a4%eb%84%a4%ec%9d%b4%ed%8a%b8\\\/#primaryimage\"},\"image\":{\"@id\":\"https:\\\/\\\/naturalpoland.com\\\/ko\\\/je-pum\\\/hwa-jang-pum-won-ryo\\\/hwa-jang-pum-won-ryo-ko\\\/sci-%ec%86%8c%eb%93%90-%ec%bd%94%ec%bd%94%ec%9d%bc-%ec%9d%b4%ec%84%b8%ed%8b%b0%ec%98%a4%eb%84%a4%ec%9d%b4%ed%8a%b8\\\/#primaryimage\"},\"thumbnailUrl\":\"https:\\\/\\\/naturalpoland.com\\\/wp-content\\\/uploads\\\/powder_sodium_cocoyl_isethionate.webp\",\"datePublished\":\"2021-05-11T11:55:48+00:00\",\"dateModified\":\"2025-09-09T11:18:01+00:00\",\"description\":\"\uc18c\ub4d0 \ucf54\ucf54\uc77c \uc774\uc138\ud2f0\uc624\ub124\uc774\ud2b8(SCI)\ub294 \ucc9c\uc5f0 \ud654\uc7a5\ud488 \ubc0f \uc21c\ud55c \uc138\uc815\uc81c \uc81c\uc870\uc5d0 \uc0ac\uc6a9\ub418\ub294 \uc21c\ud55c \uc74c\uc774\uc628 \uacc4\uba74\ud65c\uc131\uc81c\uc785\ub2c8\ub2e4.\",\"breadcrumb\":{\"@id\":\"https:\\\/\\\/naturalpoland.com\\\/ko\\\/je-pum\\\/hwa-jang-pum-won-ryo\\\/hwa-jang-pum-won-ryo-ko\\\/sci-%ec%86%8c%eb%93%90-%ec%bd%94%ec%bd%94%ec%9d%bc-%ec%9d%b4%ec%84%b8%ed%8b%b0%ec%98%a4%eb%84%a4%ec%9d%b4%ed%8a%b8\\\/#breadcrumb\"},\"inLanguage\":\"ko-KR\",\"potentialAction\":[{\"@type\":\"ReadAction\",\"target\":[\"https:\\\/\\\/naturalpoland.com\\\/ko\\\/je-pum\\\/hwa-jang-pum-won-ryo\\\/hwa-jang-pum-won-ryo-ko\\\/sci-%ec%86%8c%eb%93%90-%ec%bd%94%ec%bd%94%ec%9d%bc-%ec%9d%b4%ec%84%b8%ed%8b%b0%ec%98%a4%eb%84%a4%ec%9d%b4%ed%8a%b8\\\/\"]}]},{\"@type\":\"ImageObject\",\"inLanguage\":\"ko-KR\",\"@id\":\"https:\\\/\\\/naturalpoland.com\\\/ko\\\/je-pum\\\/hwa-jang-pum-won-ryo\\\/hwa-jang-pum-won-ryo-ko\\\/sci-%ec%86%8c%eb%93%90-%ec%bd%94%ec%bd%94%ec%9d%bc-%ec%9d%b4%ec%84%b8%ed%8b%b0%ec%98%a4%eb%84%a4%ec%9d%b4%ed%8a%b8\\\/#primaryimage\",\"url\":\"https:\\\/\\\/naturalpoland.com\\\/wp-content\\\/uploads\\\/powder_sodium_cocoyl_isethionate.webp\",\"contentUrl\":\"https:\\\/\\\/naturalpoland.com\\\/wp-content\\\/uploads\\\/powder_sodium_cocoyl_isethionate.webp\",\"width\":350,\"height\":350,\"caption\":\"\ubd84\ub9d0 \uc18c\ub4d0 \ucf54\ucf54\uc77c \uc774\uc138\ud2f0\uc624\ub124\uc774\ud2b8(SCI)\"},{\"@type\":\"BreadcrumbList\",\"@id\":\"https:\\\/\\\/naturalpoland.com\\\/ko\\\/je-pum\\\/hwa-jang-pum-won-ryo\\\/hwa-jang-pum-won-ryo-ko\\\/sci-%ec%86%8c%eb%93%90-%ec%bd%94%ec%bd%94%ec%9d%bc-%ec%9d%b4%ec%84%b8%ed%8b%b0%ec%98%a4%eb%84%a4%ec%9d%b4%ed%8a%b8\\\/#breadcrumb\",\"itemListElement\":[{\"@type\":\"ListItem\",\"position\":1,\"name\":\"\ud648\",\"item\":\"https:\\\/\\\/naturalpoland.com\\\/ko\\\/\"},{\"@type\":\"ListItem\",\"position\":2,\"name\":\"\uc81c\ud488\",\"item\":\"https:\\\/\\\/naturalpoland.com\\\/ko\\\/%ec%a0%9c%ed%92%88\\\/\"},{\"@type\":\"ListItem\",\"position\":3,\"name\":\"SCI (\uc18c\ub4d0 \ucf54\ucf54\uc77c \uc774\uc138\ud2f0\uc624\ub124\uc774\ud2b8)\"}]},{\"@type\":\"WebSite\",\"@id\":\"https:\\\/\\\/naturalpoland.com\\\/ko\\\/#website\",\"url\":\"https:\\\/\\\/naturalpoland.com\\\/ko\\\/\",\"name\":\"NATURAL POLAND - Hurtowy Dystrybutor Surowc\u00f3w\",\"description\":\"Surowce dla przemys\u0142u spo\u017cywczego, kosmetycznego i farmaceutycznego\",\"publisher\":{\"@id\":\"https:\\\/\\\/naturalpoland.com\\\/ko\\\/#organization\"},\"potentialAction\":[{\"@type\":\"SearchAction\",\"target\":{\"@type\":\"EntryPoint\",\"urlTemplate\":\"https:\\\/\\\/naturalpoland.com\\\/ko\\\/?s={search_term_string}\"},\"query-input\":{\"@type\":\"PropertyValueSpecification\",\"valueRequired\":true,\"valueName\":\"search_term_string\"}}],\"inLanguage\":\"ko-KR\"},{\"@type\":\"Organization\",\"@id\":\"https:\\\/\\\/naturalpoland.com\\\/ko\\\/#organization\",\"name\":\"Natural Poland\",\"url\":\"https:\\\/\\\/naturalpoland.com\\\/ko\\\/\",\"logo\":{\"@type\":\"ImageObject\",\"inLanguage\":\"ko-KR\",\"@id\":\"https:\\\/\\\/naturalpoland.com\\\/ko\\\/#\\\/schema\\\/logo\\\/image\\\/\",\"url\":\"https:\\\/\\\/naturalpoland.com\\\/wp-content\\\/uploads\\\/2021\\\/05\\\/natural-poland-icon.png\",\"contentUrl\":\"https:\\\/\\\/naturalpoland.com\\\/wp-content\\\/uploads\\\/2021\\\/05\\\/natural-poland-icon.png\",\"width\":512,\"height\":512,\"caption\":\"Natural Poland\"},\"image\":{\"@id\":\"https:\\\/\\\/naturalpoland.com\\\/ko\\\/#\\\/schema\\\/logo\\\/image\\\/\"},\"sameAs\":[\"https:\\\/\\\/www.facebook.com\\\/naturalpoland.b2b\",\"https:\\\/\\\/pl.linkedin.com\\\/company\\\/natural-poland\",\"https:\\\/\\\/www.youtube.com\\\/channel\\\/UCgeGGkvOMahZo-xu_MSEWxg\"]}]}<\/script>\n<!-- \/ Yoast SEO plugin. -->","yoast_head_json":{"title":"NATURAL POLAND &#8211; Hurtowy Dystrybutor Surowc\u00f3w","description":"\uc18c\ub4d0 \ucf54\ucf54\uc77c \uc774\uc138\ud2f0\uc624\ub124\uc774\ud2b8(SCI)\ub294 \ucc9c\uc5f0 \ud654\uc7a5\ud488 \ubc0f \uc21c\ud55c \uc138\uc815\uc81c \uc81c\uc870\uc5d0 \uc0ac\uc6a9\ub418\ub294 \uc21c\ud55c \uc74c\uc774\uc628 \uacc4\uba74\ud65c\uc131\uc81c\uc785\ub2c8\ub2e4.","robots":{"index":"index","follow":"follow","max-snippet":"max-snippet:-1","max-image-preview":"max-image-preview:large","max-video-preview":"max-video-preview:-1"},"canonical":"https:\/\/naturalpoland.com\/ko\/je-pum\/hwa-jang-pum-won-ryo\/hwa-jang-pum-won-ryo-ko\/sci-%ec%86%8c%eb%93%90-%ec%bd%94%ec%bd%94%ec%9d%bc-%ec%9d%b4%ec%84%b8%ed%8b%b0%ec%98%a4%eb%84%a4%ec%9d%b4%ed%8a%b8\/","og_locale":"ko_KR","og_type":"article","og_description":"\uc18c\ub4d0 \ucf54\ucf54\uc77c \uc774\uc138\ud2f0\uc624\ub124\uc774\ud2b8(SCI)\ub294 \ucc9c\uc5f0 \ud654\uc7a5\ud488 \ubc0f \uc21c\ud55c \uc138\uc815\uc81c \uc81c\uc870\uc5d0 \uc0ac\uc6a9\ub418\ub294 \uc21c\ud55c \uc74c\uc774\uc628 \uacc4\uba74\ud65c\uc131\uc81c\uc785\ub2c8\ub2e4.","og_url":"https:\/\/naturalpoland.com\/ko\/je-pum\/hwa-jang-pum-won-ryo\/hwa-jang-pum-won-ryo-ko\/sci-%ec%86%8c%eb%93%90-%ec%bd%94%ec%bd%94%ec%9d%bc-%ec%9d%b4%ec%84%b8%ed%8b%b0%ec%98%a4%eb%84%a4%ec%9d%b4%ed%8a%b8\/","og_site_name":"NATURAL POLAND - Hurtowy Dystrybutor Surowc\u00f3w","article_publisher":"https:\/\/www.facebook.com\/naturalpoland.b2b","article_modified_time":"2025-09-09T11:18:01+00:00","og_image":[{"width":350,"height":350,"url":"https:\/\/naturalpoland.com\/wp-content\/uploads\/powder_sodium_cocoyl_isethionate.webp","type":"image\/webp"}],"schema":{"@context":"https:\/\/schema.org","@graph":[{"@type":"WebPage","@id":"https:\/\/naturalpoland.com\/ko\/je-pum\/hwa-jang-pum-won-ryo\/hwa-jang-pum-won-ryo-ko\/sci-%ec%86%8c%eb%93%90-%ec%bd%94%ec%bd%94%ec%9d%bc-%ec%9d%b4%ec%84%b8%ed%8b%b0%ec%98%a4%eb%84%a4%ec%9d%b4%ed%8a%b8\/","url":"https:\/\/naturalpoland.com\/ko\/je-pum\/hwa-jang-pum-won-ryo\/hwa-jang-pum-won-ryo-ko\/sci-%ec%86%8c%eb%93%90-%ec%bd%94%ec%bd%94%ec%9d%bc-%ec%9d%b4%ec%84%b8%ed%8b%b0%ec%98%a4%eb%84%a4%ec%9d%b4%ed%8a%b8\/","name":"","isPartOf":{"@id":"https:\/\/naturalpoland.com\/ko\/#website"},"primaryImageOfPage":{"@id":"https:\/\/naturalpoland.com\/ko\/je-pum\/hwa-jang-pum-won-ryo\/hwa-jang-pum-won-ryo-ko\/sci-%ec%86%8c%eb%93%90-%ec%bd%94%ec%bd%94%ec%9d%bc-%ec%9d%b4%ec%84%b8%ed%8b%b0%ec%98%a4%eb%84%a4%ec%9d%b4%ed%8a%b8\/#primaryimage"},"image":{"@id":"https:\/\/naturalpoland.com\/ko\/je-pum\/hwa-jang-pum-won-ryo\/hwa-jang-pum-won-ryo-ko\/sci-%ec%86%8c%eb%93%90-%ec%bd%94%ec%bd%94%ec%9d%bc-%ec%9d%b4%ec%84%b8%ed%8b%b0%ec%98%a4%eb%84%a4%ec%9d%b4%ed%8a%b8\/#primaryimage"},"thumbnailUrl":"https:\/\/naturalpoland.com\/wp-content\/uploads\/powder_sodium_cocoyl_isethionate.webp","datePublished":"2021-05-11T11:55:48+00:00","dateModified":"2025-09-09T11:18:01+00:00","description":"\uc18c\ub4d0 \ucf54\ucf54\uc77c \uc774\uc138\ud2f0\uc624\ub124\uc774\ud2b8(SCI)\ub294 \ucc9c\uc5f0 \ud654\uc7a5\ud488 \ubc0f \uc21c\ud55c \uc138\uc815\uc81c \uc81c\uc870\uc5d0 \uc0ac\uc6a9\ub418\ub294 \uc21c\ud55c \uc74c\uc774\uc628 \uacc4\uba74\ud65c\uc131\uc81c\uc785\ub2c8\ub2e4.","breadcrumb":{"@id":"https:\/\/naturalpoland.com\/ko\/je-pum\/hwa-jang-pum-won-ryo\/hwa-jang-pum-won-ryo-ko\/sci-%ec%86%8c%eb%93%90-%ec%bd%94%ec%bd%94%ec%9d%bc-%ec%9d%b4%ec%84%b8%ed%8b%b0%ec%98%a4%eb%84%a4%ec%9d%b4%ed%8a%b8\/#breadcrumb"},"inLanguage":"ko-KR","potentialAction":[{"@type":"ReadAction","target":["https:\/\/naturalpoland.com\/ko\/je-pum\/hwa-jang-pum-won-ryo\/hwa-jang-pum-won-ryo-ko\/sci-%ec%86%8c%eb%93%90-%ec%bd%94%ec%bd%94%ec%9d%bc-%ec%9d%b4%ec%84%b8%ed%8b%b0%ec%98%a4%eb%84%a4%ec%9d%b4%ed%8a%b8\/"]}]},{"@type":"ImageObject","inLanguage":"ko-KR","@id":"https:\/\/naturalpoland.com\/ko\/je-pum\/hwa-jang-pum-won-ryo\/hwa-jang-pum-won-ryo-ko\/sci-%ec%86%8c%eb%93%90-%ec%bd%94%ec%bd%94%ec%9d%bc-%ec%9d%b4%ec%84%b8%ed%8b%b0%ec%98%a4%eb%84%a4%ec%9d%b4%ed%8a%b8\/#primaryimage","url":"https:\/\/naturalpoland.com\/wp-content\/uploads\/powder_sodium_cocoyl_isethionate.webp","contentUrl":"https:\/\/naturalpoland.com\/wp-content\/uploads\/powder_sodium_cocoyl_isethionate.webp","width":350,"height":350,"caption":"\ubd84\ub9d0 \uc18c\ub4d0 \ucf54\ucf54\uc77c \uc774\uc138\ud2f0\uc624\ub124\uc774\ud2b8(SCI)"},{"@type":"BreadcrumbList","@id":"https:\/\/naturalpoland.com\/ko\/je-pum\/hwa-jang-pum-won-ryo\/hwa-jang-pum-won-ryo-ko\/sci-%ec%86%8c%eb%93%90-%ec%bd%94%ec%bd%94%ec%9d%bc-%ec%9d%b4%ec%84%b8%ed%8b%b0%ec%98%a4%eb%84%a4%ec%9d%b4%ed%8a%b8\/#breadcrumb","itemListElement":[{"@type":"ListItem","position":1,"name":"\ud648","item":"https:\/\/naturalpoland.com\/ko\/"},{"@type":"ListItem","position":2,"name":"\uc81c\ud488","item":"https:\/\/naturalpoland.com\/ko\/%ec%a0%9c%ed%92%88\/"},{"@type":"ListItem","position":3,"name":"SCI (\uc18c\ub4d0 \ucf54\ucf54\uc77c \uc774\uc138\ud2f0\uc624\ub124\uc774\ud2b8)"}]},{"@type":"WebSite","@id":"https:\/\/naturalpoland.com\/ko\/#website","url":"https:\/\/naturalpoland.com\/ko\/","name":"NATURAL POLAND - Hurtowy Dystrybutor Surowc\u00f3w","description":"Surowce dla przemys\u0142u spo\u017cywczego, kosmetycznego i farmaceutycznego","publisher":{"@id":"https:\/\/naturalpoland.com\/ko\/#organization"},"potentialAction":[{"@type":"SearchAction","target":{"@type":"EntryPoint","urlTemplate":"https:\/\/naturalpoland.com\/ko\/?s={search_term_string}"},"query-input":{"@type":"PropertyValueSpecification","valueRequired":true,"valueName":"search_term_string"}}],"inLanguage":"ko-KR"},{"@type":"Organization","@id":"https:\/\/naturalpoland.com\/ko\/#organization","name":"Natural Poland","url":"https:\/\/naturalpoland.com\/ko\/","logo":{"@type":"ImageObject","inLanguage":"ko-KR","@id":"https:\/\/naturalpoland.com\/ko\/#\/schema\/logo\/image\/","url":"https:\/\/naturalpoland.com\/wp-content\/uploads\/2021\/05\/natural-poland-icon.png","contentUrl":"https:\/\/naturalpoland.com\/wp-content\/uploads\/2021\/05\/natural-poland-icon.png","width":512,"height":512,"caption":"Natural Poland"},"image":{"@id":"https:\/\/naturalpoland.com\/ko\/#\/schema\/logo\/image\/"},"sameAs":["https:\/\/www.facebook.com\/naturalpoland.b2b","https:\/\/pl.linkedin.com\/company\/natural-poland","https:\/\/www.youtube.com\/channel\/UCgeGGkvOMahZo-xu_MSEWxg"]}]}},"_links":{"self":[{"href":"https:\/\/naturalpoland.com\/ko\/wp-json\/wp\/v2\/product\/43209","targetHints":{"allow":["GET"]}}],"collection":[{"href":"https:\/\/naturalpoland.com\/ko\/wp-json\/wp\/v2\/product"}],"about":[{"href":"https:\/\/naturalpoland.com\/ko\/wp-json\/wp\/v2\/types\/product"}],"wp:featuredmedia":[{"embeddable":true,"href":"https:\/\/naturalpoland.com\/ko\/wp-json\/wp\/v2\/media\/43211"}],"wp:attachment":[{"href":"https:\/\/naturalpoland.com\/ko\/wp-json\/wp\/v2\/media?parent=43209"}],"wp:term":[{"taxonomy":"product_brand","embeddable":true,"href":"https:\/\/naturalpoland.com\/ko\/wp-json\/wp\/v2\/product_brand?post=43209"},{"taxonomy":"product_cat","embeddable":true,"href":"https:\/\/naturalpoland.com\/ko\/wp-json\/wp\/v2\/product_cat?post=43209"},{"taxonomy":"product_tag","embeddable":true,"href":"https:\/\/naturalpoland.com\/ko\/wp-json\/wp\/v2\/product_tag?post=43209"}],"curies":[{"name":"wp","href":"https:\/\/api.w.org\/{rel}","templated":true}]}}