{"id":43212,"date":"2021-05-11T13:52:32","date_gmt":"2021-05-11T11:52:32","guid":{"rendered":"https:\/\/naturalpoland.com\/produkty\/uncategorized\/%eb%8b%ac%eb%a7%9e%ec%9d%b4%ea%bd%83-%ec%98%a4%ec%9d%bc\/"},"modified":"2025-09-09T13:19:16","modified_gmt":"2025-09-09T11:19:16","slug":"%eb%8b%ac%eb%a7%9e%ec%9d%b4%ea%bd%83-%ec%98%a4%ec%9d%bc","status":"publish","type":"product","link":"https:\/\/naturalpoland.com\/ko\/je-pum\/sig-pum-won-ryo\/sig-yong-yu\/%eb%8b%ac%eb%a7%9e%ec%9d%b4%ea%bd%83-%ec%98%a4%ec%9d%bc\/","title":{"rendered":"\ub2ec\ub9de\uc774\uaf43 \uc624\uc77c"},"content":{"rendered":"<p>\ub2ec\ub9de\uc774\uaf43 \uc624\uc77c\uc740 30\u00b0C\ub97c \ub118\uc9c0 \uc54a\ub294 \uc628\ub3c4\uc5d0\uc11c \ub2ec\ub9de\uc774\uaf43(<em>Oenothera biennis<\/em>) \ub610\ub294 \uae30\uc774\ud55c \ub2ec\ub9de\uc774\uaf43(<em>Oenothera paradoxa<\/em>)\uc758 \uc528\uc557\uc744 \ub0c9\uc555\ucc29\ud558\uc5ec \uc5bb\uc5b4\uc9d1\ub2c8\ub2e4. \ud48d\ubd80\ud55c \ub2e4\uc911\ubd88\ud3ec\ud654\uc9c0\ubc29\uc0b0(PUFA) \ud568\ub7c9 \ub355\ubd84\uc5d0 \ud2b9\ud788 \ud53c\ubd80 \uc0c1\ud0dc \uac1c\uc120\uc744 \ud3ec\ud568\ud558\uc5ec \uc6b0\ub9ac \ubab8\uc5d0 \ub9ce\uc740 \uc720\uc775\ud55c \ud2b9\uc131\uc744 \ub098\ud0c0\ub0c5\ub2c8\ub2e4. <\/p>\n<h2>\ub2ec\ub9de\uc774\uaf43 \uc624\uc77c\uc758 \ud654\ud559\uc801 \uc870\uc131:<\/h2>\n<p>\ub2ec\ub9de\uc774\uaf43 \uc624\uc77c\uc740 98%\uac00 \ud2b8\ub9ac\uc544\uc2e4\uae00\ub9ac\uc138\ub864\ub85c \uad6c\uc131\ub418\uc5b4 \uc788\uc73c\uba70, \uadf8 \uc911 \uac00\uc7a5 \uc911\uc694\ud55c \uc131\ubd84\uc740 \uc624\uba54\uac00-6 \ubd88\ud3ec\ud654\uc9c0\ubc29\uc0b0\uc778 <strong>\ub9ac\ub180\ub808\uc0b0<\/strong>(\uc57d 73%)\uacfc \u03b3-\ub9ac\ub180\ub80c\uc0b0(\uc57d 9%)\uc785\ub2c8\ub2e4. \ub610\ud55c \uc9c0\ubc29\uc0b0 \ubd80\ubd84\uc5d0\ub294 \uc62c\ub808\uc0b0(\uc57d 7%), \ud314\ubbf8\ud2b8\uc0b0(\uc57d 6%), \uc2a4\ud14c\uc544\ub974\uc0b0(\uc57d 3%) \ub4f1\uc774 \ud3ec\ud568\ub418\uc5b4 \uc788\uc2b5\ub2c8\ub2e4. <\/p>\n<p>\ub2ec\ub9de\uc774\uaf43 \uc624\uc77c\uc5d0\ub294 \uc0dd\ubb3c\ud559\uc801 \ud65c\uc131\uc5d0 \uae30\uc5ec\ud558\ub294 \ub2e4\ub978 \ud654\ud569\ubb3c\ub3c4 \ud3ec\ud568\ub418\uc5b4 \uc788\uc2b5\ub2c8\ub2e4. \uc5ec\uae30\uc5d0\ub294 <strong>\ube44\ud0c0\ubbfc E<\/strong> \uc720\ub3c4\uccb4(\u03b3-\ud1a0\ucf54\ud398\ub864 \ubc0f \uc800\ub18d\ub3c4\ub85c \uc874\uc7ac\ud558\ub294 \u03b1- \ubc0f \u03b4-\ud1a0\ucf54\ud398\ub864), <strong>\uc2a4\ud14c\ub864<\/strong>(\u03b2-\uc2dc\ud1a0\uc2a4\ud14c\ub864, \uc544\ubca0\ub098\uc2a4\ud14c\ub864, \uce84\ud398\uc2a4\ud14c\ub864, \uc2a4\ud2f0\uadf8\ub9c8\uc2a4\ud14c\ub864), <strong>\uc778\uc9c0\uc9c8<\/strong>(\ud3ec\uc2a4\ud30c\ud2f0\ub51c\ucf5c\ub9b0, \ud3ec\uc2a4\ud30c\ud2f0\ub51c\uc774\ub178\uc2dc\ud1a8, \ud3ec\uc2a4\ud30c\ud2f0\ub51c\uc5d0\ud0c4\uc62c\uc544\ubbfc), \uadf8\ub9ac\uace0 <strong>\uce74\ub85c\ud2f0\ub178\uc774\ub4dc<\/strong>\uc640 <strong>\ud398\ub180 \ud654\ud569\ubb3c<\/strong>\uc774 \uc788\uc2b5\ub2c8\ub2e4. <\/p>\n<p><strong>\ub2ec\ub9de\uc774\uaf43 \uc624\uc77c 100g\ub2f9 \uc9c0\ubc29\uc0b0 \uc870\uc131:<\/strong><\/p>\n<ul>\n<li>\ud3ec\ud654\uc9c0\ubc29\uc0b0: 8.2g<\/li>\n<li>\ub2e8\uc77c\ubd88\ud3ec\ud654\uc9c0\ubc29\uc0b0: 7.8g<\/li>\n<li>\ub2e4\uc911\ubd88\ud3ec\ud654\uc9c0\ubc29\uc0b0: 84g<\/li>\n<\/ul>\n<h2>\ub2ec\ub9de\uc774\uaf43 \uc624\uc77c &#8211; \ud65c\uc6a9:<\/h2>\n<p>\ub2ec\ub9de\uc774\uaf43 \uc885\uc790\uc720\uc758 \uac00\uc7a5 \ub192\uc774 \ud3c9\uac00\ub418\ub294 \ud2b9\uc131 \uc911 \ud558\ub098\ub294 \uc8fc\ub85c \ub192\uc740 \u03b3-\ub9ac\ub180\ub80c\uc0b0 \ud568\ub7c9\uacfc \uad00\ub828\ub41c <strong>\ud53c\ubd80\uc5d0 \ub300\ud55c \uc720\uc775\ud55c \ud6a8\uacfc<\/strong>\uc785\ub2c8\ub2e4. \ud53c\ubd80 \uc0c1\ud0dc \uac1c\uc120 \uc81c\uc81c\ub294 \uc8fc\ub85c \ud654\uc7a5\ud488\uacfc \uad00\ub828\uc774 \uc788\uc9c0\ub9cc, \ub2ec\ub9de\uc774\uaf43 \uc624\uc77c\uc758 \uacbd\uc6b0 \uc561\uccb4 \uc624\uc77c \ub610\ub294 \ucea1\uc290 \ud615\ud0dc\ub85c \uacbd\uad6c \ud22c\uc5ec\ud560 \ub54c \ub354 \ub9ce\uc740 \uc774\uc810\uc744 \uc5bb\uc744 \uc218 \uc788\uc2b5\ub2c8\ub2e4. \uc774\ub7ec\ud55c \ubc29\uc2dd\uc73c\ub85c \uc12d\ucde8\ub41c \ub2ec\ub9de\uc774\uaf43 \uc624\uc77c\uc740 \ud53c\ubd80 \ud0c4\ub825, \uc218\ubd84 \uacf5\uae09 \ubc0f \uc800\ud56d\ub825 \uc800\ud558, \uc8fc\ub984, \uade0\uc5f4 \ubc0f \uc0c1\ucc98 \ud615\uc131\uc73c\ub85c \uc774\uc5b4\uc9c0\ub294 \u03b3-\ub9ac\ub180\ub80c\uc0b0 \uacb0\ud54d\uc744 \ubcf4\ucda9\ud569\ub2c8\ub2e4.  <\/p>\n<p>\ub2ec\ub9de\uc774\uaf43 \uc624\uc77c\uc774 \ud06c\ub9bc \ud615\ud0dc\ub85c \ub3c4\ud3ec\ub420 \uacbd\uc6b0 \ud53c\ubd80 \uac01\uc9c8\uce35\uc5d0\ub9cc \uce68\ud22c\ud558\ub294 \ubc18\uba74, \uacbd\uad6c \ud22c\uc5ec \uc2dc\uc5d0\ub294 \uc9c4\ud53c\uce35\uc73c\ub85c \uc774\ub3d9\ud558\uc5ec \uac15\ud654 \uc791\uc6a9\uc744 \ub098\ud0c0\ub0b4\uace0 \uc218\ubd84 \uc190\uc2e4\uc744 \uc904\uc774\uba70 \ub3c5\uc18c\uc640 \ubcd1\uc6d0\uade0\uc758 \uce68\ud22c\ub85c\ubd80\ud130 \ud53c\ubd80\ub97c \ubcf4\ud638\ud569\ub2c8\ub2e4. \ub610\ud55c, \u03b3-\ub9ac\ub180\ub80c\uc0b0\uc740 \uccb4\ub0b4\uc5d0\uc11c \ub2e4\ub978 \uc720\uc775\ud55c \ud654\ud569\ubb3c\ub85c \uc804\ud658\ub429\ub2c8\ub2e4. \uc0dd\uc131\ub41c \ub300\uc0ac\ubb3c\uc9c8\uc740 \ud56d\uc5fc\uc99d \ubc0f \ud56d\uc99d\uc2dd \ud6a8\uacfc\ub97c \ub098\ud0c0\ub0b4\uba70, \ucf00\ub77c\ud2f0\ub178\uc774\ub4dc \ubd84\ud654 \ubc0f \ud45c\ud53c \uc138\ud3ec\uc758 \ubd80\ucc29 \ubc0f \ubc15\ub9ac \uc870\uc808\uc5d0\ub3c4 \ucc38\uc5ec\ud569\ub2c8\ub2e4. <\/p>\n<p>\ub2ec\ub9de\uc774\uaf43 \uc624\uc77c \uc81c\uc81c \uc12d\ucde8\ub294 \uc544\ud1a0\ud53c \ud53c\ubd80\uc5fc(AZS), \uac74\uc120\uc73c\ub85c \uace0\ud1b5\ubc1b\ub294 \ubd84\ub4e4\uc5d0\uac8c \ud2b9\ud788 \uad8c\uc7a5\ub418\uba70, \ud53c\ubd80 \ub178\ud654\uc758 \ubd88\ucf8c\ud55c \uc99d\uc0c1(\ud53c\ubd80 \uac74\uc870, \uac00\ub824\uc6c0\uc99d, \uc8fc\ub984, \uade0\uc5f4 \ubc1c\uc0dd)\uc73c\ub85c \uc5b4\ub824\uc6c0\uc744 \uacaa\ub294 \ubd84\ub4e4\uc5d0\uac8c\ub3c4 \uc88b\uc2b5\ub2c8\ub2e4.<\/p>\n<h2>\ub2ec\ub9de\uc774\uaf43 \uc885\uc790\uc720\uc758 \ud6a8\ub2a5<\/h2>\n<p>\ub2ec\ub9de\uc774\uaf43 \uc624\uc77c\uc758 \uc0ac\uc6a9\uc740 \ud53c\ubd80\ubfd0\ub9cc \uc544\ub2c8\ub77c \uadf8 \uc131\ubd84\ub4e4\uc774 <strong>\uc0dd\ud65c \uc2b5\uad00\ubcd1 \uc608\ubc29<\/strong>\uc5d0\ub3c4 \uc911\uc694\ud55c \uc5ed\ud560\uc744 \ud569\ub2c8\ub2e4. \ub2ec\ub9de\uc774\uaf43 \uc624\uc77c \ubcf4\ucda9\uc81c\ub294 \ucd1d \ucf5c\ub808\uc2a4\ud14c\ub864, \ud2b9\ud788 \u201c\ub098\uc05c\u201d LDL \ucf5c\ub808\uc2a4\ud14c\ub864 \uc218\uce58\ub97c \ub0ae\ucda4\uc73c\ub85c\uc368 \uc9c0\uc9c8 \ud504\ub85c\ud544\uc744 \uac1c\uc120\ud558\ub294 \ub370 \ub3c4\uc6c0\uc774 \ub429\ub2c8\ub2e4. <\/p>\n<p>\ub610\ud55c, \uc774\ub294 \ud56d\uc751\uc9d1, \ud608\uc555 \uac15\ud558 \ubc0f \ud56d\uc0b0\ud654 \ud6a8\uacfc\ub97c \ub098\ud0c0\ub0b4\uba70, \uc774\ub294 \uc8fd\uc0c1\ub3d9\ub9e5\uacbd\ud654\uc99d \ubc0f \uc2ec\ud608\uad00 \uc9c8\ud658 \uc608\ubc29\uc5d0\ub3c4 \uc911\uc694\ud560 \uc218 \uc788\uc2b5\ub2c8\ub2e4.<\/p>\n<p>\ub2ec\ub9de\uc774\uaf43 \uc624\uc77c\uc774 \uc5fc\uc99d\uc131 \uc9c8\ud658 \uce58\ub8cc\uc5d0 \ud6a8\uacfc\uc801\uc784\uc774 \uc785\uc99d\ub418\uc5c8\uc2b5\ub2c8\ub2e4. \uc774\ubbf8 \uc5b8\uae09\ub41c AZS \uc678\uc5d0\ub3c4, \uc624\uc77c \ub2e8\ub3c5 \ub610\ub294 \ub300\uad6c \uac04\uc720\uc640 \ud568\uaed8 \uc12d\ucde8\ud558\ub294 \uac83\uc774 \ub958\ub9c8\ud2f0\uc2a4 \uad00\uc808\uc5fc(RZS) \ubc0f \uada4\uc591\uc131 \ub300\uc7a5\uc5fc \ud658\uc790\uc5d0\uac8c\uc11c\ub3c4 \uac1c\uc120\uc744 \uac00\uc838\uc654\uc2b5\ub2c8\ub2e4. <\/p>\n<h3 class=\"wp-block-heading\">\uc5ec\uc131 \uac74\uac15\uc744 \uc704\ud55c \ub2ec\ub9de\uc774\uaf43 \uc624\uc77c<\/h3>\n<p>\ub2ec\ub9de\uc774\uaf43 \uc624\uc77c\uc5d0 \ud568\uc720\ub41c \uc624\uba54\uac00-6 \uc9c0\ubc29\uc0b0\uc740 \uc5ec\uc131 \ubb38\uc81c \uce58\ub8cc\uc5d0\ub3c4 \uc911\uc694\ud55c \uc5ed\ud560\uc744 \ud569\ub2c8\ub2e4. \uc784\uc0c1 \uc5f0\uad6c\uc5d0 \ub530\ub974\uba74, \ub2ec\ub9de\uc774\uaf43 \uc624\uc77c\uc744 \uc218 \uc8fc\uac04 \ubcf4\ucda9\ud558\uba74 \uc6d4\uacbd\uc804 \uc99d\ud6c4\uad70(PMS)\uc758 \uc99d\uc0c1\uc744 \uc644\ud654\ud558\uace0 \uc9c4\ud589 \uae30\uac04\uc744 \ub2e8\ucd95\ud560 \uc218 \uc788\uc2b5\ub2c8\ub2e4. \ub610\ud55c, \uc720\ubc29\ud1b5(\uac00\uc2b4 \ud1b5\uc99d), \ud3d0\uacbd\uae30 \uc548\uba74 \ud64d\uc870 \uc644\ud654 \ubc0f \uc784\uc2e0\uc131 \ub2f9\ub1e8\ubcd1\uc758 \ubcf4\uc870 \uce58\ub8cc\uc5d0\ub3c4 \ud6a8\uacfc\uac00 \uc788\ub294 \uac83\uc73c\ub85c \ub098\ud0c0\ub0ac\uc2b5\ub2c8\ub2e4.  <\/p>\n<hr>\n<p><small><strong>\ucc38\uace0 \ubb38\ud5cc:<\/strong><\/small><br \/>\n<small>Ka\u017amierska A., Gawor E. (2015). \ub2ec\ub9de\uc774\uaf43 \uc624\uc77c\uc774 \ud53c\ubd80\uc5d0 \ubbf8\uce58\ub294 \uc601\ud5a5, \ud2b9\ud788 \uac10\ub9c8\ub9ac\ub180\ub80c\uc0b0(GLA)\uc758 \uc791\uc6a9\uc744 \uc911\uc2ec\uc73c\ub85c. <em>Kosmetologia Estetyczna<\/em> 4(4): 335-338. http:\/\/aestheticcosmetology.com\/wp-content\/uploads\/2019\/02\/ke2015.4-2.pdf<br \/>\nMahboubi M. (2019). Evening Primrose (<em>Oenothera biennis<\/em>) Oil in Management of Female Ailments. <em>J Menopausal Med,<\/em> 25(2): 74-82. https:\/\/synapse.koreamed.org\/articles\/1130981<br \/>\nTimoszuk M., Bielawska K, Skrzydlewska E. (2018). Evening Primrose (Oenothera biennis) Biological Activity Dependent on Chemical Composition. <em>Antioxidants<\/em> 7(8):110.      https:\/\/www.mdpi.com\/2076-3921\/7\/8\/108\/html<br \/>\n<\/small><\/p>\n<hr>\n<h5 class=\"author-name uppercase pt-half\">DR N. PHARM. \uce74\ud0c0\ub974\uc9c0\ub098 \ud0a4\uba5c  <\/h5>\n<p class=\"author-desc small\">\uc57d\ud559 \ubc15\uc0ac\ub85c, \uc2dd\ubb3c\uc131 \uc758\uc57d\ud488 \ubc0f \ucc9c\uc5f0 \uc720\ub798 \uc0dd\uccb4 \ud65c\uc131 \ubb3c\uc9c8 \uc5f0\uad6c\uc5d0 \uacfc\ud559\uc801 \uad00\uc2ec\uc744 \uc9d1\uc911\ud558\uace0 \uc788\uc2b5\ub2c8\ub2e4. \uc5ec\ud589\uacfc \uc790\uc5f0 \uc18d\uc5d0\uc11c \uc5ec\uac00 \uc2dc\uac04\uc744 \ubcf4\ub0b4\ub294 \uac83\uc744 \uc88b\uc544\ud569\ub2c8\ub2e4. <\/p>\n","protected":false},"excerpt":{"rendered":"<p>\ub2f9\uc0ac\ub294 \uc21c\uc218 <strong>\uc2dd\ud488 \ubc0f \ud654\uc7a5\ud488 \ub4f1\uae09\uc758 \ub2ec\ub9de\uc774\uaf43 \uc624\uc77c<\/strong>\uc744 \ub300\ub7c9\uc73c\ub85c \uacf5\uae09\ud569\ub2c8\ub2e4. \ub2f9\uc0ac\uc758 \ub2ec\ub9de\uc774\uaf43 \uc624\uc77c\uc740 \uac10\ub9c8\ub9ac\ub180\ub80c\uc0b0(GLA)\uc744 \ub2e4\ub7c9 \ud568\uc720\ud558\uace0 \uc788\uc2b5\ub2c8\ub2e4. \uc774 \ubb3c\uc9c8\uc740 \uac04 \uae30\ub2a5\uc744 \ub3d5\uace0 \uc9c0\ubc29\uac04\uc744 \uc608\ubc29\ud569\ub2c8\ub2e4.  <\/p>\n","protected":false},"featured_media":43215,"template":"","meta":{"_acf_changed":false},"product_brand":[],"product_cat":[8135,8174,8154],"product_tag":[],"class_list":{"0":"post-43212","1":"product","2":"type-product","3":"status-publish","4":"has-post-thumbnail","6":"product_cat-sig-yong-mit-hwa-jang-pum-yong-o-il","7":"product_cat-sig-yong-yu","8":"product_cat-hwa-jang-pum-o-il","10":"first","11":"instock","12":"shipping-taxable","13":"product-type-simple"},"acf":[],"yoast_head":"<!-- This site is optimized with the Yoast SEO plugin v27.5 - https:\/\/yoast.com\/product\/yoast-seo-wordpress\/ -->\n<title>NATURAL POLAND &#8211; Hurtowy Dystrybutor Surowc\u00f3w<\/title>\n<meta name=\"description\" content=\"\ub2f9\uc0ac\ub294 \uc2dd\ud488 \ubc0f \ud654\uc7a5\ud488 \ub4f1\uae09\uc758 \uc21c\uc218 \ub2ec\ub9de\uc774\uaf43 \uc624\uc77c\uc744 \ub300\ub7c9\uc73c\ub85c \uacf5\uae09\ud569\ub2c8\ub2e4. \uac10\ub9c8\ub9ac\ub180\ub80c\uc0b0(GLA)\uc744 \ub2e4\ub7c9 \ud568\uc720\ud558\uace0 \uc788\uc2b5\ub2c8\ub2e4.\" \/>\n<meta name=\"robots\" content=\"index, follow, max-snippet:-1, max-image-preview:large, max-video-preview:-1\" \/>\n<link rel=\"canonical\" href=\"https:\/\/naturalpoland.com\/ko\/je-pum\/sig-pum-won-ryo\/sig-yong-yu\/%eb%8b%ac%eb%a7%9e%ec%9d%b4%ea%bd%83-%ec%98%a4%ec%9d%bc\/\" \/>\n<meta property=\"og:locale\" content=\"ko_KR\" \/>\n<meta property=\"og:type\" content=\"article\" \/>\n<meta property=\"og:description\" content=\"\ub2f9\uc0ac\ub294 \uc2dd\ud488 \ubc0f \ud654\uc7a5\ud488 \ub4f1\uae09\uc758 \uc21c\uc218 \ub2ec\ub9de\uc774\uaf43 \uc624\uc77c\uc744 \ub300\ub7c9\uc73c\ub85c \uacf5\uae09\ud569\ub2c8\ub2e4. \uac10\ub9c8\ub9ac\ub180\ub80c\uc0b0(GLA)\uc744 \ub2e4\ub7c9 \ud568\uc720\ud558\uace0 \uc788\uc2b5\ub2c8\ub2e4.\" \/>\n<meta property=\"og:url\" content=\"https:\/\/naturalpoland.com\/ko\/je-pum\/sig-pum-won-ryo\/sig-yong-yu\/%eb%8b%ac%eb%a7%9e%ec%9d%b4%ea%bd%83-%ec%98%a4%ec%9d%bc\/\" \/>\n<meta property=\"og:site_name\" content=\"NATURAL POLAND - Hurtowy Dystrybutor Surowc\u00f3w\" \/>\n<meta property=\"article:publisher\" content=\"https:\/\/www.facebook.com\/naturalpoland.b2b\" \/>\n<meta property=\"article:modified_time\" content=\"2025-09-09T11:19:16+00:00\" \/>\n<meta property=\"og:image\" content=\"https:\/\/naturalpoland.com\/wp-content\/uploads\/olej-z-wiesiolka.webp\" \/>\n\t<meta property=\"og:image:width\" content=\"619\" \/>\n\t<meta property=\"og:image:height\" content=\"619\" \/>\n\t<meta property=\"og:image:type\" content=\"image\/webp\" \/>\n<script type=\"application\/ld+json\" class=\"yoast-schema-graph\">{\"@context\":\"https:\\\/\\\/schema.org\",\"@graph\":[{\"@type\":\"WebPage\",\"@id\":\"https:\\\/\\\/naturalpoland.com\\\/ko\\\/je-pum\\\/sig-pum-won-ryo\\\/sig-yong-yu\\\/%eb%8b%ac%eb%a7%9e%ec%9d%b4%ea%bd%83-%ec%98%a4%ec%9d%bc\\\/\",\"url\":\"https:\\\/\\\/naturalpoland.com\\\/ko\\\/je-pum\\\/sig-pum-won-ryo\\\/sig-yong-yu\\\/%eb%8b%ac%eb%a7%9e%ec%9d%b4%ea%bd%83-%ec%98%a4%ec%9d%bc\\\/\",\"name\":\"\",\"isPartOf\":{\"@id\":\"https:\\\/\\\/naturalpoland.com\\\/ko\\\/#website\"},\"primaryImageOfPage\":{\"@id\":\"https:\\\/\\\/naturalpoland.com\\\/ko\\\/je-pum\\\/sig-pum-won-ryo\\\/sig-yong-yu\\\/%eb%8b%ac%eb%a7%9e%ec%9d%b4%ea%bd%83-%ec%98%a4%ec%9d%bc\\\/#primaryimage\"},\"image\":{\"@id\":\"https:\\\/\\\/naturalpoland.com\\\/ko\\\/je-pum\\\/sig-pum-won-ryo\\\/sig-yong-yu\\\/%eb%8b%ac%eb%a7%9e%ec%9d%b4%ea%bd%83-%ec%98%a4%ec%9d%bc\\\/#primaryimage\"},\"thumbnailUrl\":\"https:\\\/\\\/naturalpoland.com\\\/wp-content\\\/uploads\\\/olej-z-wiesiolka.webp\",\"datePublished\":\"2021-05-11T11:52:32+00:00\",\"dateModified\":\"2025-09-09T11:19:16+00:00\",\"description\":\"\ub2f9\uc0ac\ub294 \uc2dd\ud488 \ubc0f \ud654\uc7a5\ud488 \ub4f1\uae09\uc758 \uc21c\uc218 \ub2ec\ub9de\uc774\uaf43 \uc624\uc77c\uc744 \ub300\ub7c9\uc73c\ub85c \uacf5\uae09\ud569\ub2c8\ub2e4. \uac10\ub9c8\ub9ac\ub180\ub80c\uc0b0(GLA)\uc744 \ub2e4\ub7c9 \ud568\uc720\ud558\uace0 \uc788\uc2b5\ub2c8\ub2e4.\",\"breadcrumb\":{\"@id\":\"https:\\\/\\\/naturalpoland.com\\\/ko\\\/je-pum\\\/sig-pum-won-ryo\\\/sig-yong-yu\\\/%eb%8b%ac%eb%a7%9e%ec%9d%b4%ea%bd%83-%ec%98%a4%ec%9d%bc\\\/#breadcrumb\"},\"inLanguage\":\"ko-KR\",\"potentialAction\":[{\"@type\":\"ReadAction\",\"target\":[\"https:\\\/\\\/naturalpoland.com\\\/ko\\\/je-pum\\\/sig-pum-won-ryo\\\/sig-yong-yu\\\/%eb%8b%ac%eb%a7%9e%ec%9d%b4%ea%bd%83-%ec%98%a4%ec%9d%bc\\\/\"]}]},{\"@type\":\"ImageObject\",\"inLanguage\":\"ko-KR\",\"@id\":\"https:\\\/\\\/naturalpoland.com\\\/ko\\\/je-pum\\\/sig-pum-won-ryo\\\/sig-yong-yu\\\/%eb%8b%ac%eb%a7%9e%ec%9d%b4%ea%bd%83-%ec%98%a4%ec%9d%bc\\\/#primaryimage\",\"url\":\"https:\\\/\\\/naturalpoland.com\\\/wp-content\\\/uploads\\\/olej-z-wiesiolka.webp\",\"contentUrl\":\"https:\\\/\\\/naturalpoland.com\\\/wp-content\\\/uploads\\\/olej-z-wiesiolka.webp\",\"width\":619,\"height\":619,\"caption\":\"\ub2ec\ub9de\uc774\uaf43 \uc624\uc77c\"},{\"@type\":\"BreadcrumbList\",\"@id\":\"https:\\\/\\\/naturalpoland.com\\\/ko\\\/je-pum\\\/sig-pum-won-ryo\\\/sig-yong-yu\\\/%eb%8b%ac%eb%a7%9e%ec%9d%b4%ea%bd%83-%ec%98%a4%ec%9d%bc\\\/#breadcrumb\",\"itemListElement\":[{\"@type\":\"ListItem\",\"position\":1,\"name\":\"\ud648\",\"item\":\"https:\\\/\\\/naturalpoland.com\\\/ko\\\/\"},{\"@type\":\"ListItem\",\"position\":2,\"name\":\"\uc81c\ud488\",\"item\":\"https:\\\/\\\/naturalpoland.com\\\/ko\\\/%ec%a0%9c%ed%92%88\\\/\"},{\"@type\":\"ListItem\",\"position\":3,\"name\":\"\ub2ec\ub9de\uc774\uaf43 \uc624\uc77c\"}]},{\"@type\":\"WebSite\",\"@id\":\"https:\\\/\\\/naturalpoland.com\\\/ko\\\/#website\",\"url\":\"https:\\\/\\\/naturalpoland.com\\\/ko\\\/\",\"name\":\"NATURAL POLAND - Hurtowy Dystrybutor Surowc\u00f3w\",\"description\":\"Surowce dla przemys\u0142u spo\u017cywczego, kosmetycznego i farmaceutycznego\",\"publisher\":{\"@id\":\"https:\\\/\\\/naturalpoland.com\\\/ko\\\/#organization\"},\"potentialAction\":[{\"@type\":\"SearchAction\",\"target\":{\"@type\":\"EntryPoint\",\"urlTemplate\":\"https:\\\/\\\/naturalpoland.com\\\/ko\\\/?s={search_term_string}\"},\"query-input\":{\"@type\":\"PropertyValueSpecification\",\"valueRequired\":true,\"valueName\":\"search_term_string\"}}],\"inLanguage\":\"ko-KR\"},{\"@type\":\"Organization\",\"@id\":\"https:\\\/\\\/naturalpoland.com\\\/ko\\\/#organization\",\"name\":\"Natural Poland\",\"url\":\"https:\\\/\\\/naturalpoland.com\\\/ko\\\/\",\"logo\":{\"@type\":\"ImageObject\",\"inLanguage\":\"ko-KR\",\"@id\":\"https:\\\/\\\/naturalpoland.com\\\/ko\\\/#\\\/schema\\\/logo\\\/image\\\/\",\"url\":\"https:\\\/\\\/naturalpoland.com\\\/wp-content\\\/uploads\\\/2021\\\/05\\\/natural-poland-icon.png\",\"contentUrl\":\"https:\\\/\\\/naturalpoland.com\\\/wp-content\\\/uploads\\\/2021\\\/05\\\/natural-poland-icon.png\",\"width\":512,\"height\":512,\"caption\":\"Natural Poland\"},\"image\":{\"@id\":\"https:\\\/\\\/naturalpoland.com\\\/ko\\\/#\\\/schema\\\/logo\\\/image\\\/\"},\"sameAs\":[\"https:\\\/\\\/www.facebook.com\\\/naturalpoland.b2b\",\"https:\\\/\\\/pl.linkedin.com\\\/company\\\/natural-poland\",\"https:\\\/\\\/www.youtube.com\\\/channel\\\/UCgeGGkvOMahZo-xu_MSEWxg\"]}]}<\/script>\n<!-- \/ Yoast SEO plugin. -->","yoast_head_json":{"title":"NATURAL POLAND &#8211; Hurtowy Dystrybutor Surowc\u00f3w","description":"\ub2f9\uc0ac\ub294 \uc2dd\ud488 \ubc0f \ud654\uc7a5\ud488 \ub4f1\uae09\uc758 \uc21c\uc218 \ub2ec\ub9de\uc774\uaf43 \uc624\uc77c\uc744 \ub300\ub7c9\uc73c\ub85c \uacf5\uae09\ud569\ub2c8\ub2e4. \uac10\ub9c8\ub9ac\ub180\ub80c\uc0b0(GLA)\uc744 \ub2e4\ub7c9 \ud568\uc720\ud558\uace0 \uc788\uc2b5\ub2c8\ub2e4.","robots":{"index":"index","follow":"follow","max-snippet":"max-snippet:-1","max-image-preview":"max-image-preview:large","max-video-preview":"max-video-preview:-1"},"canonical":"https:\/\/naturalpoland.com\/ko\/je-pum\/sig-pum-won-ryo\/sig-yong-yu\/%eb%8b%ac%eb%a7%9e%ec%9d%b4%ea%bd%83-%ec%98%a4%ec%9d%bc\/","og_locale":"ko_KR","og_type":"article","og_description":"\ub2f9\uc0ac\ub294 \uc2dd\ud488 \ubc0f \ud654\uc7a5\ud488 \ub4f1\uae09\uc758 \uc21c\uc218 \ub2ec\ub9de\uc774\uaf43 \uc624\uc77c\uc744 \ub300\ub7c9\uc73c\ub85c \uacf5\uae09\ud569\ub2c8\ub2e4. \uac10\ub9c8\ub9ac\ub180\ub80c\uc0b0(GLA)\uc744 \ub2e4\ub7c9 \ud568\uc720\ud558\uace0 \uc788\uc2b5\ub2c8\ub2e4.","og_url":"https:\/\/naturalpoland.com\/ko\/je-pum\/sig-pum-won-ryo\/sig-yong-yu\/%eb%8b%ac%eb%a7%9e%ec%9d%b4%ea%bd%83-%ec%98%a4%ec%9d%bc\/","og_site_name":"NATURAL POLAND - Hurtowy Dystrybutor Surowc\u00f3w","article_publisher":"https:\/\/www.facebook.com\/naturalpoland.b2b","article_modified_time":"2025-09-09T11:19:16+00:00","og_image":[{"width":619,"height":619,"url":"https:\/\/naturalpoland.com\/wp-content\/uploads\/olej-z-wiesiolka.webp","type":"image\/webp"}],"schema":{"@context":"https:\/\/schema.org","@graph":[{"@type":"WebPage","@id":"https:\/\/naturalpoland.com\/ko\/je-pum\/sig-pum-won-ryo\/sig-yong-yu\/%eb%8b%ac%eb%a7%9e%ec%9d%b4%ea%bd%83-%ec%98%a4%ec%9d%bc\/","url":"https:\/\/naturalpoland.com\/ko\/je-pum\/sig-pum-won-ryo\/sig-yong-yu\/%eb%8b%ac%eb%a7%9e%ec%9d%b4%ea%bd%83-%ec%98%a4%ec%9d%bc\/","name":"","isPartOf":{"@id":"https:\/\/naturalpoland.com\/ko\/#website"},"primaryImageOfPage":{"@id":"https:\/\/naturalpoland.com\/ko\/je-pum\/sig-pum-won-ryo\/sig-yong-yu\/%eb%8b%ac%eb%a7%9e%ec%9d%b4%ea%bd%83-%ec%98%a4%ec%9d%bc\/#primaryimage"},"image":{"@id":"https:\/\/naturalpoland.com\/ko\/je-pum\/sig-pum-won-ryo\/sig-yong-yu\/%eb%8b%ac%eb%a7%9e%ec%9d%b4%ea%bd%83-%ec%98%a4%ec%9d%bc\/#primaryimage"},"thumbnailUrl":"https:\/\/naturalpoland.com\/wp-content\/uploads\/olej-z-wiesiolka.webp","datePublished":"2021-05-11T11:52:32+00:00","dateModified":"2025-09-09T11:19:16+00:00","description":"\ub2f9\uc0ac\ub294 \uc2dd\ud488 \ubc0f \ud654\uc7a5\ud488 \ub4f1\uae09\uc758 \uc21c\uc218 \ub2ec\ub9de\uc774\uaf43 \uc624\uc77c\uc744 \ub300\ub7c9\uc73c\ub85c \uacf5\uae09\ud569\ub2c8\ub2e4. \uac10\ub9c8\ub9ac\ub180\ub80c\uc0b0(GLA)\uc744 \ub2e4\ub7c9 \ud568\uc720\ud558\uace0 \uc788\uc2b5\ub2c8\ub2e4.","breadcrumb":{"@id":"https:\/\/naturalpoland.com\/ko\/je-pum\/sig-pum-won-ryo\/sig-yong-yu\/%eb%8b%ac%eb%a7%9e%ec%9d%b4%ea%bd%83-%ec%98%a4%ec%9d%bc\/#breadcrumb"},"inLanguage":"ko-KR","potentialAction":[{"@type":"ReadAction","target":["https:\/\/naturalpoland.com\/ko\/je-pum\/sig-pum-won-ryo\/sig-yong-yu\/%eb%8b%ac%eb%a7%9e%ec%9d%b4%ea%bd%83-%ec%98%a4%ec%9d%bc\/"]}]},{"@type":"ImageObject","inLanguage":"ko-KR","@id":"https:\/\/naturalpoland.com\/ko\/je-pum\/sig-pum-won-ryo\/sig-yong-yu\/%eb%8b%ac%eb%a7%9e%ec%9d%b4%ea%bd%83-%ec%98%a4%ec%9d%bc\/#primaryimage","url":"https:\/\/naturalpoland.com\/wp-content\/uploads\/olej-z-wiesiolka.webp","contentUrl":"https:\/\/naturalpoland.com\/wp-content\/uploads\/olej-z-wiesiolka.webp","width":619,"height":619,"caption":"\ub2ec\ub9de\uc774\uaf43 \uc624\uc77c"},{"@type":"BreadcrumbList","@id":"https:\/\/naturalpoland.com\/ko\/je-pum\/sig-pum-won-ryo\/sig-yong-yu\/%eb%8b%ac%eb%a7%9e%ec%9d%b4%ea%bd%83-%ec%98%a4%ec%9d%bc\/#breadcrumb","itemListElement":[{"@type":"ListItem","position":1,"name":"\ud648","item":"https:\/\/naturalpoland.com\/ko\/"},{"@type":"ListItem","position":2,"name":"\uc81c\ud488","item":"https:\/\/naturalpoland.com\/ko\/%ec%a0%9c%ed%92%88\/"},{"@type":"ListItem","position":3,"name":"\ub2ec\ub9de\uc774\uaf43 \uc624\uc77c"}]},{"@type":"WebSite","@id":"https:\/\/naturalpoland.com\/ko\/#website","url":"https:\/\/naturalpoland.com\/ko\/","name":"NATURAL POLAND - Hurtowy Dystrybutor Surowc\u00f3w","description":"Surowce dla przemys\u0142u spo\u017cywczego, kosmetycznego i farmaceutycznego","publisher":{"@id":"https:\/\/naturalpoland.com\/ko\/#organization"},"potentialAction":[{"@type":"SearchAction","target":{"@type":"EntryPoint","urlTemplate":"https:\/\/naturalpoland.com\/ko\/?s={search_term_string}"},"query-input":{"@type":"PropertyValueSpecification","valueRequired":true,"valueName":"search_term_string"}}],"inLanguage":"ko-KR"},{"@type":"Organization","@id":"https:\/\/naturalpoland.com\/ko\/#organization","name":"Natural Poland","url":"https:\/\/naturalpoland.com\/ko\/","logo":{"@type":"ImageObject","inLanguage":"ko-KR","@id":"https:\/\/naturalpoland.com\/ko\/#\/schema\/logo\/image\/","url":"https:\/\/naturalpoland.com\/wp-content\/uploads\/2021\/05\/natural-poland-icon.png","contentUrl":"https:\/\/naturalpoland.com\/wp-content\/uploads\/2021\/05\/natural-poland-icon.png","width":512,"height":512,"caption":"Natural Poland"},"image":{"@id":"https:\/\/naturalpoland.com\/ko\/#\/schema\/logo\/image\/"},"sameAs":["https:\/\/www.facebook.com\/naturalpoland.b2b","https:\/\/pl.linkedin.com\/company\/natural-poland","https:\/\/www.youtube.com\/channel\/UCgeGGkvOMahZo-xu_MSEWxg"]}]}},"_links":{"self":[{"href":"https:\/\/naturalpoland.com\/ko\/wp-json\/wp\/v2\/product\/43212","targetHints":{"allow":["GET"]}}],"collection":[{"href":"https:\/\/naturalpoland.com\/ko\/wp-json\/wp\/v2\/product"}],"about":[{"href":"https:\/\/naturalpoland.com\/ko\/wp-json\/wp\/v2\/types\/product"}],"wp:featuredmedia":[{"embeddable":true,"href":"https:\/\/naturalpoland.com\/ko\/wp-json\/wp\/v2\/media\/43215"}],"wp:attachment":[{"href":"https:\/\/naturalpoland.com\/ko\/wp-json\/wp\/v2\/media?parent=43212"}],"wp:term":[{"taxonomy":"product_brand","embeddable":true,"href":"https:\/\/naturalpoland.com\/ko\/wp-json\/wp\/v2\/product_brand?post=43212"},{"taxonomy":"product_cat","embeddable":true,"href":"https:\/\/naturalpoland.com\/ko\/wp-json\/wp\/v2\/product_cat?post=43212"},{"taxonomy":"product_tag","embeddable":true,"href":"https:\/\/naturalpoland.com\/ko\/wp-json\/wp\/v2\/product_tag?post=43212"}],"curies":[{"name":"wp","href":"https:\/\/api.w.org\/{rel}","templated":true}]}}