{"id":43217,"date":"2021-05-21T10:54:11","date_gmt":"2021-05-21T08:54:11","guid":{"rendered":"https:\/\/naturalpoland.com\/produkty\/uncategorized\/%ec%95%84%ec%8a%a4%ec%bd%94%eb%b9%8c-%ed%85%8c%ed%8a%b8%eb%9d%bc%ec%9d%b4%ec%86%8c%ed%8c%94%eb%af%b8%ed%85%8c%ec%9d%b4%ed%8a%b8\/"},"modified":"2025-09-09T13:21:25","modified_gmt":"2025-09-09T11:21:25","slug":"%ec%95%84%ec%8a%a4%ec%bd%94%eb%b9%8c-%ed%85%8c%ed%8a%b8%eb%9d%bc%ec%9d%b4%ec%86%8c%ed%8c%94%eb%af%b8%ed%85%8c%ec%9d%b4%ed%8a%b8","status":"publish","type":"product","link":"https:\/\/naturalpoland.com\/ko\/je-pum\/hwa-jang-pum-won-ryo\/hwa-jang-pum-won-ryo-ko\/%ec%95%84%ec%8a%a4%ec%bd%94%eb%b9%8c-%ed%85%8c%ed%8a%b8%eb%9d%bc%ec%9d%b4%ec%86%8c%ed%8c%94%eb%af%b8%ed%85%8c%ec%9d%b4%ed%8a%b8\/","title":{"rendered":"\uc544\uc2a4\ucf54\ube4c \ud14c\ud2b8\ub77c\uc774\uc18c\ud314\ubbf8\ud14c\uc774\ud2b8"},"content":{"rendered":"<p>\uc774 \ube44\ud0c0\ubbfc C \ud3ec\ubbac\ub7ec\ub294 \ub9e4\uc6b0 \uc548\uc815\uc801\uc774\uba70 \ubbfc\uac10\uc131 \ud53c\ubd80\uc5d0 \ud0c1\uc6d4\ud558\uace0 \uc0c9\uc18c \uce68\ucc29 \uac1c\uc120\uc5d0 \ub6f0\uc5b4\ub0a9\ub2c8\ub2e4. \uc544\uc2a4\ucf54\ube4c \ud14c\ud2b8\ub77c\uc774\uc18c\ud314\ubbf8\ud14c\uc774\ud2b8\ub294 \ud45c\ud53c\uc758 \uae4a\uc740 \uce35\uae4c\uc9c0 \uce68\ud22c\ud558\ub294 \ub178\ub780\uc0c9 \uc624\uc77c \ud615\ud0dc\ub85c \uc874\uc7ac\ud569\ub2c8\ub2e4. \uc774 \uc624\uc77c\uc740 \ub9e4\uc6b0 \ud6a8\uacfc\uc801\uc774\uba70, \ub9e4\uc77c \uc0ac\uc6a9\ud558\ub294 \ud654\uc7a5\ud488, \ud06c\ub9bc \ub610\ub294 \ub9c8\uc2a4\ud06c\uc5d0 \uba87 \ubc29\uc6b8\ub9cc \ucd94\uac00\ud574\ub3c4 \uadf8 \ud6a8\uacfc\ub97c \ub208\uc5d0 \ub744\uac8c \ub192\uc77c \uc218 \uc788\uc2b5\ub2c8\ub2e4.  <\/p>\n<h2><span class=\"ui-provider vk b c d e f g h i j k l m n o p q r s t u v w x y z ab ac ae af ag ah ai aj ak\" dir=\"ltr\">\uc544\uc2a4\ucf54\ube4c \ud14c\ud2b8\ub77c\uc774\uc18c\ud314\ubbf8\ud14c\uc774\ud2b8 &#8211; \ud2b9\uc131<\/span><\/h2>\n<p><span class=\"ui-provider vk b c d e f g h i j k l m n o p q r s t u v w x y z ab ac ae af ag ah ai aj ak\" dir=\"ltr\">\uc544\uc2a4\ucf54\ube4c \ud14c\ud2b8\ub77c\uc774\uc18c\ud314\ubbf8\ud14c\uc774\ud2b8<\/span>\ub294 \ub9e4\uc6b0 \uc548\uc815\uc801\uc778 \ube44\ud0c0\ubbfc C \ud615\ud0dc\uc774\uba70 L-\uc544\uc2a4\ucf54\ub974\ube0c\uc0b0\uc758 \uc720\uc0ac\uccb4\ub85c \uac04\uc8fc\ub429\ub2c8\ub2e4. \ud53c\ubd80 \ub0b4 \ud6a8\uc18c\ub294 \uc774 \ube44\ud0c0\ubbfc C \ud615\ud0dc\ub97c \uc21c\uc218 \ube44\ud0c0\ubbfc C\ub85c \uc804\ud658\ud558\uba70, \uc774\ub294 \uc544\uc2a4\ucf54\ub974\ube0c\uc0b0\uc73c\ub85c \uc54c\ub824\uc838 \uc788\uc2b5\ub2c8\ub2e4. <\/p>\n<p>\uc21c\uc218 \ube44\ud0c0\ubbfc C(\uc544\uc2a4\ucf54\ub974\ube0c\uc0b0)\uc640 \ub2ec\ub9ac, <span class=\"ui-provider vk b c d e f g h i j k l m n o p q r s t u v w x y z ab ac ae af ag ah ai aj ak\" dir=\"ltr\">\uc544\uc2a4\ucf54\ube4c \ud14c\ud2b8\ub77c\uc774\uc18c\ud314\ubbf8\ud14c\uc774\ud2b8<\/span>\ub294 \uc9c0\uc6a9\uc131\uc785\ub2c8\ub2e4. \ub530\ub77c\uc11c \ud53c\ubd80 \uae4a\uc219\uc774 \uce68\ud22c\ud558\uc5ec \ud53c\ubd80 \ub610\ub294 \uc2a4\ud0a8\ucf00\uc5b4 \uc81c\ud488\uc5d0 \uc790\uc5f0\uc801\uc73c\ub85c \uc874\uc7ac\ud558\ub294 <strong><a href=\"https:\/\/naturalpoland.pl\/produkty\/produkty-dla-przemyslu-kosmetycznego\/surowce-kosmetyczne\/witamina-e\/\">\ube44\ud0c0\ubbfc E<\/a><\/strong>(\ud1a0\ucf54\ud398\ub864)\uc640 \ud611\ub825\ud558\uba70, \uc218\uc6a9\uc131 \uc544\uc2a4\ucf54\ub974\ube0c\uc0b0\uacfc\ub294 \ub2e4\ub978 \uacbd\ub85c\ub85c \ud544\uc218\uc801\uc778 \ud53c\ubd80 \uc9c0\uc6d0 \uc2dc\uc2a4\ud15c\uc744 \ubaa9\ud45c\ub85c \ud569\ub2c8\ub2e4. <\/p>\n<p>\uc77c\ubd80 \uacfc\ud559\uc790\ub4e4\uc740 <span class=\"ui-provider vk b c d e f g h i j k l m n o p q r s t u v w x y z ab ac ae af ag ah ai aj ak\" dir=\"ltr\">\uc544\uc2a4\ucf54\ube4c \ud14c\ud2b8\ub77c\uc774\uc18c\ud314\ubbf8\ud14c\uc774\ud2b8<\/span>\uac00 \ud568\uc720\ub41c \uc9c0\ubc29\uc0b0\uc774 \uce68\ud22c\ub97c \uc6a9\uc774\ud558\uac8c \ud558\uc5ec \ud53c\ubd80\uc5d0 \ub354 \ud070 \uce5c\ud654\ub825\uc744 \uac00\uc9c0\uace0 \uc788\ub2e4\uace0 \uc8fc\uc7a5\ud569\ub2c8\ub2e4. \uc774\ub294 \ub2e4\ub978 \ud615\ud0dc\uc758 \ube44\ud0c0\ubbfc C, <strong><a href=\"https:\/\/naturalpoland.pl\/produkty\/produkty-dla-przemyslu-kosmetycznego\/surowce-kosmetyczne\/witamina-e\/\">\ube44\ud0c0\ubbfc E<\/a><\/strong> \ubc0f <strong><a href=\"https:\/\/naturalpoland.pl\/produkty\/produkty-dla-przemyslu-kosmetycznego\/surowce-kosmetyczne\/retinol\/\">\ub808\ud2f0\ub180<\/a><\/strong>\uacfc \uc644\ubcbd\ud558\uac8c \uacb0\ud569\ud558\uc5ec \ud6a8\ub2a5\uacfc \ub178\ud654 \ubc29\uc9c0 \ud6a8\uacfc\ub97c \ub192\uc785\ub2c8\ub2e4. <\/p>\n<h2><span class=\"ui-provider vk b c d e f g h i j k l m n o p q r s t u v w x y z ab ac ae af ag ah ai aj ak\" dir=\"ltr\">\uc544\uc2a4\ucf54\ube4c \ud14c\ud2b8\ub77c\uc774\uc18c\ud314\ubbf8\ud14c\uc774\ud2b8 &#8211; \uc801\uc6a9<\/span><\/h2>\n<p><strong>\uc0c9\uc18c \uce68\ucc29 \uac1c\uc120<\/strong>\uc774 \ubaa9\ud45c\ub77c\uba74, \uc5f0\uad6c\uc5d0 \ub530\ub974\uba74 \ucd5c\uc801\uc758 \uacb0\uacfc\ub97c \uc5bb\uc73c\ub824\uba74 5% \uc774\uc0c1\uc774 \ud544\uc694\ud569\ub2c8\ub2e4. pH 6 \uc774\ud558\ub85c \uc81c\ud615\ud654\ub420 \ub54c \uac00\uc7a5 \ud6a8\uacfc\uc801\uc774\uba70, \ub098\uc774\uc544\uc2e0\uc544\ub9c8\uc774\ub4dc\uc640 \uac10\ucd08 \ubfcc\ub9ac \ub4f1 \uc2dc\ub108\uc9c0 \ud6a8\uacfc\ub97c \uc81c\uacf5\ud558\ub294 \uac83\uc73c\ub85c \uc785\uc99d\ub41c \ub2e4\ub978 \uc0c9\uc18c \uce68\ucc29 \uac10\uc18c \uc131\ubd84\uacfc \ud568\uaed8 \uc0ac\uc6a9\ud560 \uc218 \uc788\uc2b5\ub2c8\ub2e4. \uc2e4\uc81c\ub85c \ub2e4\ub978 \uc0c9\uc18c \uce68\ucc29 \uac10\uc18c \uc131\ubd84\uacfc \ud568\uaed8 \uc0ac\uc6a9\ub41c 30% \ub18d\ub3c4\uc758 \uc544\uc2a4\ucf54\ube4c \ud14c\ud2b8\ub77c\uc774\uc18c\ud314\ubbf8\ud14c\uc774\ud2b8\ub294 \uae30\ubbf8\uac00 \uc788\ub294 \ud53c\ubd80\uc5d0\uc11c\ub3c4 \uc9c0\uc18d\uc801\uc778 \ud754\uc801\uc744 \uac1c\uc120\ud558\ub294 \uac83\uc73c\ub85c \ub098\ud0c0\ub0ac\uc2b5\ub2c8\ub2e4.  <\/p>\n<p>&nbsp;<\/p>\n<p><span class=\"ui-provider vk b c d e f g h i j k l m n o p q r s t u v w x y z ab ac ae af ag ah ai aj ak\" dir=\"ltr\">\uc544\uc2a4\ucf54\ube4c \ud14c\ud2b8\ub77c\uc774\uc18c\ud314\ubbf8\ud14c\uc774\ud2b8<\/span>\ub294 \uc57d\uac04 \uc720\uc131 \uc9c8\uac10\uc744 \uac00\uc9c0\uace0 \uc788\uc73c\uba70 \ubb34\uc0c9\uc5d0\uc11c \uc605\uc740 \ub178\ub780\uc0c9\uc744 \ub768 \uc218 \uc788\uc2b5\ub2c8\ub2e4. \uc218\uc131 \uc81c\ud615\uc5d0 \uc0ac\uc6a9\ub420 \uc218 \uc788\uc9c0\ub9cc, \uc774\uc0c1\uc801\uc778 \uc0dd\uccb4 \uc774\uc6a9\ub960\uc744 \uc704\ud574 \uc2e4\ub9ac\ucf58 \ub610\ub294 \uc624\uc77c\uacfc \uacb0\ud569\ub418\uc5b4\uc57c \ud569\ub2c8\ub2e4. <\/p>\n","protected":false},"excerpt":{"rendered":"<p>\uc544\uc2a4\ucf54\ube4c \ud14c\ud2b8\ub77c\uc774\uc18c\ud314\ubbf8\ud14c\uc774\ud2b8\ub294 \ud604\uc7ac \uc624\uc77c \ud615\ud0dc\ub85c \uc81c\uacf5\ub418\ub294 \ube44\ud0c0\ubbfc C \uc720\ub3c4\uccb4\uc785\ub2c8\ub2e4. \ube44\ud0c0\ubbfc C\ub294 \uc2e0\uccb4 \uae30\ub2a5\uc5d0 \ub9e4\uc6b0 \uc911\uc694\ud569\ub2c8\ub2e4. \uc774 \uc720\ub3c4\uccb4\ub294 \uac00\uc7a5 \ud6a8\uacfc\uc801\uc778 \uc791\uc6a9\uacfc \ud53c\ubd80\uc5d0 \ub300\ud55c \ucd5c\uace0\uc758 \ud761\uc218\uc728\uc744 \ud2b9\uc9d5\uc73c\ub85c \ud569\ub2c8\ub2e4.  <\/p>\n<p>\uc81c\uc57d, \ud654\uc7a5\ud488, \uc2e4\ud5d8\uc2e4 \uc0b0\uc5c5\uc5d0\uc11c \uc0ac\uc6a9\ud558\uae30 \uc704\ud55c \ubb3c\uc9c8\uc785\ub2c8\ub2e4.<\/p>\n","protected":false},"featured_media":43218,"template":"","meta":{"_acf_changed":false},"product_brand":[],"product_cat":[8145,8160],"product_tag":[],"class_list":{"0":"post-43217","1":"product","2":"type-product","3":"status-publish","4":"has-post-thumbnail","6":"product_cat-bi-ta-min","7":"product_cat-hwa-jang-pum-won-ryo-ko","9":"first","10":"instock","11":"shipping-taxable","12":"product-type-simple"},"acf":[],"yoast_head":"<!-- This site is optimized with the Yoast SEO plugin v27.5 - https:\/\/yoast.com\/product\/yoast-seo-wordpress\/ -->\n<title>\uc544\uc2a4\ucf54\ube4c \ud14c\ud2b8\ub77c\uc774\uc18c\ud314\ubbf8\ud14c\uc774\ud2b8 - Hurtowy Dystrybutor<\/title>\n<meta name=\"description\" content=\"\uc544\uc2a4\ucf54\ube4c \ud14c\ud2b8\ub77c\uc774\uc18c\ud314\ubbf8\ud14c\uc774\ud2b8\ub294 \uc624\uc77c \ud615\ud0dc\ub85c \uc81c\uacf5\ub418\ub294 \ube44\ud0c0\ubbfc C \uc720\ub3c4\uccb4\uc785\ub2c8\ub2e4. \ube44\ud0c0\ubbfc C\ub294 \uc2e0\uccb4 \uae30\ub2a5\uc5d0 \ub9e4\uc6b0 \uc911\uc694\ud569\ub2c8\ub2e4.\" \/>\n<meta name=\"robots\" content=\"index, follow, max-snippet:-1, max-image-preview:large, max-video-preview:-1\" \/>\n<link rel=\"canonical\" href=\"https:\/\/naturalpoland.com\/ko\/je-pum\/hwa-jang-pum-won-ryo\/hwa-jang-pum-won-ryo-ko\/%ec%95%84%ec%8a%a4%ec%bd%94%eb%b9%8c-%ed%85%8c%ed%8a%b8%eb%9d%bc%ec%9d%b4%ec%86%8c%ed%8c%94%eb%af%b8%ed%85%8c%ec%9d%b4%ed%8a%b8\/\" \/>\n<meta property=\"og:locale\" content=\"ko_KR\" \/>\n<meta property=\"og:type\" content=\"article\" \/>\n<meta property=\"og:title\" content=\"\uc544\uc2a4\ucf54\ube4c \ud14c\ud2b8\ub77c\uc774\uc18c\ud314\ubbf8\ud14c\uc774\ud2b8 - Hurtowy Dystrybutor\" \/>\n<meta property=\"og:description\" content=\"\uc544\uc2a4\ucf54\ube4c \ud14c\ud2b8\ub77c\uc774\uc18c\ud314\ubbf8\ud14c\uc774\ud2b8\ub294 \uc624\uc77c \ud615\ud0dc\ub85c \uc81c\uacf5\ub418\ub294 \ube44\ud0c0\ubbfc C \uc720\ub3c4\uccb4\uc785\ub2c8\ub2e4. \ube44\ud0c0\ubbfc C\ub294 \uc2e0\uccb4 \uae30\ub2a5\uc5d0 \ub9e4\uc6b0 \uc911\uc694\ud569\ub2c8\ub2e4.\" \/>\n<meta property=\"og:url\" content=\"https:\/\/naturalpoland.com\/ko\/je-pum\/hwa-jang-pum-won-ryo\/hwa-jang-pum-won-ryo-ko\/%ec%95%84%ec%8a%a4%ec%bd%94%eb%b9%8c-%ed%85%8c%ed%8a%b8%eb%9d%bc%ec%9d%b4%ec%86%8c%ed%8c%94%eb%af%b8%ed%85%8c%ec%9d%b4%ed%8a%b8\/\" \/>\n<meta property=\"og:site_name\" content=\"NATURAL POLAND - Hurtowy Dystrybutor Surowc\u00f3w\" \/>\n<meta property=\"article:publisher\" content=\"https:\/\/www.facebook.com\/naturalpoland.b2b\" \/>\n<meta property=\"article:modified_time\" content=\"2025-09-09T11:21:25+00:00\" \/>\n<meta property=\"og:image\" content=\"https:\/\/naturalpoland.com\/wp-content\/uploads\/tetraizopalmitynian-askorbylu.jpg\" \/>\n\t<meta property=\"og:image:width\" content=\"650\" \/>\n\t<meta property=\"og:image:height\" content=\"650\" \/>\n\t<meta property=\"og:image:type\" content=\"image\/jpeg\" \/>\n<script type=\"application\/ld+json\" class=\"yoast-schema-graph\">{\"@context\":\"https:\\\/\\\/schema.org\",\"@graph\":[{\"@type\":\"WebPage\",\"@id\":\"https:\\\/\\\/naturalpoland.com\\\/ko\\\/je-pum\\\/hwa-jang-pum-won-ryo\\\/hwa-jang-pum-won-ryo-ko\\\/%ec%95%84%ec%8a%a4%ec%bd%94%eb%b9%8c-%ed%85%8c%ed%8a%b8%eb%9d%bc%ec%9d%b4%ec%86%8c%ed%8c%94%eb%af%b8%ed%85%8c%ec%9d%b4%ed%8a%b8\\\/\",\"url\":\"https:\\\/\\\/naturalpoland.com\\\/ko\\\/je-pum\\\/hwa-jang-pum-won-ryo\\\/hwa-jang-pum-won-ryo-ko\\\/%ec%95%84%ec%8a%a4%ec%bd%94%eb%b9%8c-%ed%85%8c%ed%8a%b8%eb%9d%bc%ec%9d%b4%ec%86%8c%ed%8c%94%eb%af%b8%ed%85%8c%ec%9d%b4%ed%8a%b8\\\/\",\"name\":\"\uc544\uc2a4\ucf54\ube4c \ud14c\ud2b8\ub77c\uc774\uc18c\ud314\ubbf8\ud14c\uc774\ud2b8 - Hurtowy Dystrybutor\",\"isPartOf\":{\"@id\":\"https:\\\/\\\/naturalpoland.com\\\/ko\\\/#website\"},\"primaryImageOfPage\":{\"@id\":\"https:\\\/\\\/naturalpoland.com\\\/ko\\\/je-pum\\\/hwa-jang-pum-won-ryo\\\/hwa-jang-pum-won-ryo-ko\\\/%ec%95%84%ec%8a%a4%ec%bd%94%eb%b9%8c-%ed%85%8c%ed%8a%b8%eb%9d%bc%ec%9d%b4%ec%86%8c%ed%8c%94%eb%af%b8%ed%85%8c%ec%9d%b4%ed%8a%b8\\\/#primaryimage\"},\"image\":{\"@id\":\"https:\\\/\\\/naturalpoland.com\\\/ko\\\/je-pum\\\/hwa-jang-pum-won-ryo\\\/hwa-jang-pum-won-ryo-ko\\\/%ec%95%84%ec%8a%a4%ec%bd%94%eb%b9%8c-%ed%85%8c%ed%8a%b8%eb%9d%bc%ec%9d%b4%ec%86%8c%ed%8c%94%eb%af%b8%ed%85%8c%ec%9d%b4%ed%8a%b8\\\/#primaryimage\"},\"thumbnailUrl\":\"https:\\\/\\\/naturalpoland.com\\\/wp-content\\\/uploads\\\/tetraizopalmitynian-askorbylu.jpg\",\"datePublished\":\"2021-05-21T08:54:11+00:00\",\"dateModified\":\"2025-09-09T11:21:25+00:00\",\"description\":\"\uc544\uc2a4\ucf54\ube4c \ud14c\ud2b8\ub77c\uc774\uc18c\ud314\ubbf8\ud14c\uc774\ud2b8\ub294 \uc624\uc77c \ud615\ud0dc\ub85c \uc81c\uacf5\ub418\ub294 \ube44\ud0c0\ubbfc C \uc720\ub3c4\uccb4\uc785\ub2c8\ub2e4. \ube44\ud0c0\ubbfc C\ub294 \uc2e0\uccb4 \uae30\ub2a5\uc5d0 \ub9e4\uc6b0 \uc911\uc694\ud569\ub2c8\ub2e4.\",\"breadcrumb\":{\"@id\":\"https:\\\/\\\/naturalpoland.com\\\/ko\\\/je-pum\\\/hwa-jang-pum-won-ryo\\\/hwa-jang-pum-won-ryo-ko\\\/%ec%95%84%ec%8a%a4%ec%bd%94%eb%b9%8c-%ed%85%8c%ed%8a%b8%eb%9d%bc%ec%9d%b4%ec%86%8c%ed%8c%94%eb%af%b8%ed%85%8c%ec%9d%b4%ed%8a%b8\\\/#breadcrumb\"},\"inLanguage\":\"ko-KR\",\"potentialAction\":[{\"@type\":\"ReadAction\",\"target\":[\"https:\\\/\\\/naturalpoland.com\\\/ko\\\/je-pum\\\/hwa-jang-pum-won-ryo\\\/hwa-jang-pum-won-ryo-ko\\\/%ec%95%84%ec%8a%a4%ec%bd%94%eb%b9%8c-%ed%85%8c%ed%8a%b8%eb%9d%bc%ec%9d%b4%ec%86%8c%ed%8c%94%eb%af%b8%ed%85%8c%ec%9d%b4%ed%8a%b8\\\/\"]}]},{\"@type\":\"ImageObject\",\"inLanguage\":\"ko-KR\",\"@id\":\"https:\\\/\\\/naturalpoland.com\\\/ko\\\/je-pum\\\/hwa-jang-pum-won-ryo\\\/hwa-jang-pum-won-ryo-ko\\\/%ec%95%84%ec%8a%a4%ec%bd%94%eb%b9%8c-%ed%85%8c%ed%8a%b8%eb%9d%bc%ec%9d%b4%ec%86%8c%ed%8c%94%eb%af%b8%ed%85%8c%ec%9d%b4%ed%8a%b8\\\/#primaryimage\",\"url\":\"https:\\\/\\\/naturalpoland.com\\\/wp-content\\\/uploads\\\/tetraizopalmitynian-askorbylu.jpg\",\"contentUrl\":\"https:\\\/\\\/naturalpoland.com\\\/wp-content\\\/uploads\\\/tetraizopalmitynian-askorbylu.jpg\",\"width\":650,\"height\":650,\"caption\":\"\uc544\uc2a4\ucf54\ube4c \ud14c\ud2b8\ub77c\uc774\uc18c\ud314\ubbf8\ud14c\uc774\ud2b8\"},{\"@type\":\"BreadcrumbList\",\"@id\":\"https:\\\/\\\/naturalpoland.com\\\/ko\\\/je-pum\\\/hwa-jang-pum-won-ryo\\\/hwa-jang-pum-won-ryo-ko\\\/%ec%95%84%ec%8a%a4%ec%bd%94%eb%b9%8c-%ed%85%8c%ed%8a%b8%eb%9d%bc%ec%9d%b4%ec%86%8c%ed%8c%94%eb%af%b8%ed%85%8c%ec%9d%b4%ed%8a%b8\\\/#breadcrumb\",\"itemListElement\":[{\"@type\":\"ListItem\",\"position\":1,\"name\":\"\ud648\",\"item\":\"https:\\\/\\\/naturalpoland.com\\\/ko\\\/\"},{\"@type\":\"ListItem\",\"position\":2,\"name\":\"\uc81c\ud488\",\"item\":\"https:\\\/\\\/naturalpoland.com\\\/ko\\\/%ec%a0%9c%ed%92%88\\\/\"},{\"@type\":\"ListItem\",\"position\":3,\"name\":\"\uc544\uc2a4\ucf54\ube4c \ud14c\ud2b8\ub77c\uc774\uc18c\ud314\ubbf8\ud14c\uc774\ud2b8\"}]},{\"@type\":\"WebSite\",\"@id\":\"https:\\\/\\\/naturalpoland.com\\\/ko\\\/#website\",\"url\":\"https:\\\/\\\/naturalpoland.com\\\/ko\\\/\",\"name\":\"NATURAL POLAND - Hurtowy Dystrybutor Surowc\u00f3w\",\"description\":\"Surowce dla przemys\u0142u spo\u017cywczego, kosmetycznego i farmaceutycznego\",\"publisher\":{\"@id\":\"https:\\\/\\\/naturalpoland.com\\\/ko\\\/#organization\"},\"potentialAction\":[{\"@type\":\"SearchAction\",\"target\":{\"@type\":\"EntryPoint\",\"urlTemplate\":\"https:\\\/\\\/naturalpoland.com\\\/ko\\\/?s={search_term_string}\"},\"query-input\":{\"@type\":\"PropertyValueSpecification\",\"valueRequired\":true,\"valueName\":\"search_term_string\"}}],\"inLanguage\":\"ko-KR\"},{\"@type\":\"Organization\",\"@id\":\"https:\\\/\\\/naturalpoland.com\\\/ko\\\/#organization\",\"name\":\"Natural Poland\",\"url\":\"https:\\\/\\\/naturalpoland.com\\\/ko\\\/\",\"logo\":{\"@type\":\"ImageObject\",\"inLanguage\":\"ko-KR\",\"@id\":\"https:\\\/\\\/naturalpoland.com\\\/ko\\\/#\\\/schema\\\/logo\\\/image\\\/\",\"url\":\"https:\\\/\\\/naturalpoland.com\\\/wp-content\\\/uploads\\\/2021\\\/05\\\/natural-poland-icon.png\",\"contentUrl\":\"https:\\\/\\\/naturalpoland.com\\\/wp-content\\\/uploads\\\/2021\\\/05\\\/natural-poland-icon.png\",\"width\":512,\"height\":512,\"caption\":\"Natural Poland\"},\"image\":{\"@id\":\"https:\\\/\\\/naturalpoland.com\\\/ko\\\/#\\\/schema\\\/logo\\\/image\\\/\"},\"sameAs\":[\"https:\\\/\\\/www.facebook.com\\\/naturalpoland.b2b\",\"https:\\\/\\\/pl.linkedin.com\\\/company\\\/natural-poland\",\"https:\\\/\\\/www.youtube.com\\\/channel\\\/UCgeGGkvOMahZo-xu_MSEWxg\"]}]}<\/script>\n<!-- \/ Yoast SEO plugin. -->","yoast_head_json":{"title":"\uc544\uc2a4\ucf54\ube4c \ud14c\ud2b8\ub77c\uc774\uc18c\ud314\ubbf8\ud14c\uc774\ud2b8 - Hurtowy Dystrybutor","description":"\uc544\uc2a4\ucf54\ube4c \ud14c\ud2b8\ub77c\uc774\uc18c\ud314\ubbf8\ud14c\uc774\ud2b8\ub294 \uc624\uc77c \ud615\ud0dc\ub85c \uc81c\uacf5\ub418\ub294 \ube44\ud0c0\ubbfc C \uc720\ub3c4\uccb4\uc785\ub2c8\ub2e4. \ube44\ud0c0\ubbfc C\ub294 \uc2e0\uccb4 \uae30\ub2a5\uc5d0 \ub9e4\uc6b0 \uc911\uc694\ud569\ub2c8\ub2e4.","robots":{"index":"index","follow":"follow","max-snippet":"max-snippet:-1","max-image-preview":"max-image-preview:large","max-video-preview":"max-video-preview:-1"},"canonical":"https:\/\/naturalpoland.com\/ko\/je-pum\/hwa-jang-pum-won-ryo\/hwa-jang-pum-won-ryo-ko\/%ec%95%84%ec%8a%a4%ec%bd%94%eb%b9%8c-%ed%85%8c%ed%8a%b8%eb%9d%bc%ec%9d%b4%ec%86%8c%ed%8c%94%eb%af%b8%ed%85%8c%ec%9d%b4%ed%8a%b8\/","og_locale":"ko_KR","og_type":"article","og_title":"\uc544\uc2a4\ucf54\ube4c \ud14c\ud2b8\ub77c\uc774\uc18c\ud314\ubbf8\ud14c\uc774\ud2b8 - Hurtowy Dystrybutor","og_description":"\uc544\uc2a4\ucf54\ube4c \ud14c\ud2b8\ub77c\uc774\uc18c\ud314\ubbf8\ud14c\uc774\ud2b8\ub294 \uc624\uc77c \ud615\ud0dc\ub85c \uc81c\uacf5\ub418\ub294 \ube44\ud0c0\ubbfc C \uc720\ub3c4\uccb4\uc785\ub2c8\ub2e4. \ube44\ud0c0\ubbfc C\ub294 \uc2e0\uccb4 \uae30\ub2a5\uc5d0 \ub9e4\uc6b0 \uc911\uc694\ud569\ub2c8\ub2e4.","og_url":"https:\/\/naturalpoland.com\/ko\/je-pum\/hwa-jang-pum-won-ryo\/hwa-jang-pum-won-ryo-ko\/%ec%95%84%ec%8a%a4%ec%bd%94%eb%b9%8c-%ed%85%8c%ed%8a%b8%eb%9d%bc%ec%9d%b4%ec%86%8c%ed%8c%94%eb%af%b8%ed%85%8c%ec%9d%b4%ed%8a%b8\/","og_site_name":"NATURAL POLAND - Hurtowy Dystrybutor Surowc\u00f3w","article_publisher":"https:\/\/www.facebook.com\/naturalpoland.b2b","article_modified_time":"2025-09-09T11:21:25+00:00","og_image":[{"width":650,"height":650,"url":"https:\/\/naturalpoland.com\/wp-content\/uploads\/tetraizopalmitynian-askorbylu.jpg","type":"image\/jpeg"}],"schema":{"@context":"https:\/\/schema.org","@graph":[{"@type":"WebPage","@id":"https:\/\/naturalpoland.com\/ko\/je-pum\/hwa-jang-pum-won-ryo\/hwa-jang-pum-won-ryo-ko\/%ec%95%84%ec%8a%a4%ec%bd%94%eb%b9%8c-%ed%85%8c%ed%8a%b8%eb%9d%bc%ec%9d%b4%ec%86%8c%ed%8c%94%eb%af%b8%ed%85%8c%ec%9d%b4%ed%8a%b8\/","url":"https:\/\/naturalpoland.com\/ko\/je-pum\/hwa-jang-pum-won-ryo\/hwa-jang-pum-won-ryo-ko\/%ec%95%84%ec%8a%a4%ec%bd%94%eb%b9%8c-%ed%85%8c%ed%8a%b8%eb%9d%bc%ec%9d%b4%ec%86%8c%ed%8c%94%eb%af%b8%ed%85%8c%ec%9d%b4%ed%8a%b8\/","name":"\uc544\uc2a4\ucf54\ube4c \ud14c\ud2b8\ub77c\uc774\uc18c\ud314\ubbf8\ud14c\uc774\ud2b8 - Hurtowy Dystrybutor","isPartOf":{"@id":"https:\/\/naturalpoland.com\/ko\/#website"},"primaryImageOfPage":{"@id":"https:\/\/naturalpoland.com\/ko\/je-pum\/hwa-jang-pum-won-ryo\/hwa-jang-pum-won-ryo-ko\/%ec%95%84%ec%8a%a4%ec%bd%94%eb%b9%8c-%ed%85%8c%ed%8a%b8%eb%9d%bc%ec%9d%b4%ec%86%8c%ed%8c%94%eb%af%b8%ed%85%8c%ec%9d%b4%ed%8a%b8\/#primaryimage"},"image":{"@id":"https:\/\/naturalpoland.com\/ko\/je-pum\/hwa-jang-pum-won-ryo\/hwa-jang-pum-won-ryo-ko\/%ec%95%84%ec%8a%a4%ec%bd%94%eb%b9%8c-%ed%85%8c%ed%8a%b8%eb%9d%bc%ec%9d%b4%ec%86%8c%ed%8c%94%eb%af%b8%ed%85%8c%ec%9d%b4%ed%8a%b8\/#primaryimage"},"thumbnailUrl":"https:\/\/naturalpoland.com\/wp-content\/uploads\/tetraizopalmitynian-askorbylu.jpg","datePublished":"2021-05-21T08:54:11+00:00","dateModified":"2025-09-09T11:21:25+00:00","description":"\uc544\uc2a4\ucf54\ube4c \ud14c\ud2b8\ub77c\uc774\uc18c\ud314\ubbf8\ud14c\uc774\ud2b8\ub294 \uc624\uc77c \ud615\ud0dc\ub85c \uc81c\uacf5\ub418\ub294 \ube44\ud0c0\ubbfc C \uc720\ub3c4\uccb4\uc785\ub2c8\ub2e4. \ube44\ud0c0\ubbfc C\ub294 \uc2e0\uccb4 \uae30\ub2a5\uc5d0 \ub9e4\uc6b0 \uc911\uc694\ud569\ub2c8\ub2e4.","breadcrumb":{"@id":"https:\/\/naturalpoland.com\/ko\/je-pum\/hwa-jang-pum-won-ryo\/hwa-jang-pum-won-ryo-ko\/%ec%95%84%ec%8a%a4%ec%bd%94%eb%b9%8c-%ed%85%8c%ed%8a%b8%eb%9d%bc%ec%9d%b4%ec%86%8c%ed%8c%94%eb%af%b8%ed%85%8c%ec%9d%b4%ed%8a%b8\/#breadcrumb"},"inLanguage":"ko-KR","potentialAction":[{"@type":"ReadAction","target":["https:\/\/naturalpoland.com\/ko\/je-pum\/hwa-jang-pum-won-ryo\/hwa-jang-pum-won-ryo-ko\/%ec%95%84%ec%8a%a4%ec%bd%94%eb%b9%8c-%ed%85%8c%ed%8a%b8%eb%9d%bc%ec%9d%b4%ec%86%8c%ed%8c%94%eb%af%b8%ed%85%8c%ec%9d%b4%ed%8a%b8\/"]}]},{"@type":"ImageObject","inLanguage":"ko-KR","@id":"https:\/\/naturalpoland.com\/ko\/je-pum\/hwa-jang-pum-won-ryo\/hwa-jang-pum-won-ryo-ko\/%ec%95%84%ec%8a%a4%ec%bd%94%eb%b9%8c-%ed%85%8c%ed%8a%b8%eb%9d%bc%ec%9d%b4%ec%86%8c%ed%8c%94%eb%af%b8%ed%85%8c%ec%9d%b4%ed%8a%b8\/#primaryimage","url":"https:\/\/naturalpoland.com\/wp-content\/uploads\/tetraizopalmitynian-askorbylu.jpg","contentUrl":"https:\/\/naturalpoland.com\/wp-content\/uploads\/tetraizopalmitynian-askorbylu.jpg","width":650,"height":650,"caption":"\uc544\uc2a4\ucf54\ube4c \ud14c\ud2b8\ub77c\uc774\uc18c\ud314\ubbf8\ud14c\uc774\ud2b8"},{"@type":"BreadcrumbList","@id":"https:\/\/naturalpoland.com\/ko\/je-pum\/hwa-jang-pum-won-ryo\/hwa-jang-pum-won-ryo-ko\/%ec%95%84%ec%8a%a4%ec%bd%94%eb%b9%8c-%ed%85%8c%ed%8a%b8%eb%9d%bc%ec%9d%b4%ec%86%8c%ed%8c%94%eb%af%b8%ed%85%8c%ec%9d%b4%ed%8a%b8\/#breadcrumb","itemListElement":[{"@type":"ListItem","position":1,"name":"\ud648","item":"https:\/\/naturalpoland.com\/ko\/"},{"@type":"ListItem","position":2,"name":"\uc81c\ud488","item":"https:\/\/naturalpoland.com\/ko\/%ec%a0%9c%ed%92%88\/"},{"@type":"ListItem","position":3,"name":"\uc544\uc2a4\ucf54\ube4c \ud14c\ud2b8\ub77c\uc774\uc18c\ud314\ubbf8\ud14c\uc774\ud2b8"}]},{"@type":"WebSite","@id":"https:\/\/naturalpoland.com\/ko\/#website","url":"https:\/\/naturalpoland.com\/ko\/","name":"NATURAL POLAND - Hurtowy Dystrybutor Surowc\u00f3w","description":"Surowce dla przemys\u0142u spo\u017cywczego, kosmetycznego i farmaceutycznego","publisher":{"@id":"https:\/\/naturalpoland.com\/ko\/#organization"},"potentialAction":[{"@type":"SearchAction","target":{"@type":"EntryPoint","urlTemplate":"https:\/\/naturalpoland.com\/ko\/?s={search_term_string}"},"query-input":{"@type":"PropertyValueSpecification","valueRequired":true,"valueName":"search_term_string"}}],"inLanguage":"ko-KR"},{"@type":"Organization","@id":"https:\/\/naturalpoland.com\/ko\/#organization","name":"Natural Poland","url":"https:\/\/naturalpoland.com\/ko\/","logo":{"@type":"ImageObject","inLanguage":"ko-KR","@id":"https:\/\/naturalpoland.com\/ko\/#\/schema\/logo\/image\/","url":"https:\/\/naturalpoland.com\/wp-content\/uploads\/2021\/05\/natural-poland-icon.png","contentUrl":"https:\/\/naturalpoland.com\/wp-content\/uploads\/2021\/05\/natural-poland-icon.png","width":512,"height":512,"caption":"Natural Poland"},"image":{"@id":"https:\/\/naturalpoland.com\/ko\/#\/schema\/logo\/image\/"},"sameAs":["https:\/\/www.facebook.com\/naturalpoland.b2b","https:\/\/pl.linkedin.com\/company\/natural-poland","https:\/\/www.youtube.com\/channel\/UCgeGGkvOMahZo-xu_MSEWxg"]}]}},"_links":{"self":[{"href":"https:\/\/naturalpoland.com\/ko\/wp-json\/wp\/v2\/product\/43217","targetHints":{"allow":["GET"]}}],"collection":[{"href":"https:\/\/naturalpoland.com\/ko\/wp-json\/wp\/v2\/product"}],"about":[{"href":"https:\/\/naturalpoland.com\/ko\/wp-json\/wp\/v2\/types\/product"}],"wp:featuredmedia":[{"embeddable":true,"href":"https:\/\/naturalpoland.com\/ko\/wp-json\/wp\/v2\/media\/43218"}],"wp:attachment":[{"href":"https:\/\/naturalpoland.com\/ko\/wp-json\/wp\/v2\/media?parent=43217"}],"wp:term":[{"taxonomy":"product_brand","embeddable":true,"href":"https:\/\/naturalpoland.com\/ko\/wp-json\/wp\/v2\/product_brand?post=43217"},{"taxonomy":"product_cat","embeddable":true,"href":"https:\/\/naturalpoland.com\/ko\/wp-json\/wp\/v2\/product_cat?post=43217"},{"taxonomy":"product_tag","embeddable":true,"href":"https:\/\/naturalpoland.com\/ko\/wp-json\/wp\/v2\/product_tag?post=43217"}],"curies":[{"name":"wp","href":"https:\/\/api.w.org\/{rel}","templated":true}]}}