{"id":43219,"date":"2021-06-17T15:16:39","date_gmt":"2021-06-17T13:16:39","guid":{"rendered":"https:\/\/naturalpoland.com\/produkty\/uncategorized\/%ed%9d%b0-%eb%bd%95%eb%82%98%eb%ac%b4-%ec%b6%94%ec%b6%9c%eb%ac%bc\/"},"modified":"2025-09-09T13:25:17","modified_gmt":"2025-09-09T11:25:17","slug":"%ed%9d%b0-%eb%bd%95%eb%82%98%eb%ac%b4-%ec%b6%94%ec%b6%9c%eb%ac%bc","status":"publish","type":"product","link":"https:\/\/naturalpoland.com\/ko\/je-pum\/sig-mul-chu-chul-mul\/%ed%9d%b0-%eb%bd%95%eb%82%98%eb%ac%b4-%ec%b6%94%ec%b6%9c%eb%ac%bc\/","title":{"rendered":"\ud770 \ubf55\ub098\ubb34 \ucd94\ucd9c\ubb3c"},"content":{"rendered":"<p>\ud770 \ubf55\ub098\ubb34 \ucd94\ucd9c\ubb3c\uc740 \ub2e4\ub7c9\uc758 \ud56d\uc0b0\ud654 \ubb3c\uc9c8\uc744 \ud568\uc720\ud558\uace0 \uc788\uc2b5\ub2c8\ub2e4. \ub530\ub77c\uc11c \ud56d\uc0b0\ud654 \ud2b9\uc131\uc744 \uc9c0\ub2c8\uace0 \uc788\uc5b4, \uc131\uc219\ud55c \ud53c\ubd80 \uad00\ub9ac\ub97c \uc704\ud55c \ud654\uc7a5\ud488\uc5d0 \ud6cc\ub96d\ud55c \ucca8\uac00\ubb3c\uc774 \ub429\ub2c8\ub2e4. \uc774 \ucd94\ucd9c\ubb3c\uc740 \ud53c\ubd80\uc5d0 \uc218\ubd84\uc744 \uacf5\uae09\ud558\uace0 \uc601\uc591\uc744 \uc8fc\uba70, \ud53c\ubd80 \uc0c1\ud0dc\ub97c \ud604\uc800\ud788 \uac1c\uc120\ud569\ub2c8\ub2e4.  <\/p>\n<p>\uc774 \ucd94\ucd9c\ubb3c\uc740 \uc8fc\ub85c \ubf55\ub098\ubb34 \uc78e\uc5d0\uc11c \uc5bb\uc5b4\uc9d1\ub2c8\ub2e4. \ubc14\ub85c \uc774 \uc78e\ub4e4\uc774 \ud56d\uc0b0\ud654 \ubb3c\uc9c8\uc774 \uac00\uc7a5 \ud48d\ubd80\ud569\ub2c8\ub2e4. \ub610\ud55c \ucd94\ucd9c\ubb3c\uc740 \uc790\uadf9\uc744 \uc644\ud654\ud560 \uc218 \uc788\uc2b5\ub2c8\ub2e4. \ud56d\uc5fc\uc99d \ubc0f \uc9c4\ud1b5 \uc791\uc6a9\uc744 \ud569\ub2c8\ub2e4. \ud53c\ubd80 \ud0c4\ub825\uc744 \ub192\uc774\uace0 \uc0c9\uc18c \uce68\ucc29\uc744 \uade0\uc77c\ud558\uac8c \ud560 \uc218 \uc788\uc2b5\ub2c8\ub2e4. \uc5ec\ub4dc\ub984\uc131 \ud53c\ubd80 \ubc0f \ub69c\ub837\ud55c \ud749\ud130\uac00 \uc788\ub294 \ud53c\ubd80 \uad00\ub9ac\uc5d0 \uc801\ud569\ud569\ub2c8\ub2e4. \ud2bc\uc0b4\uc774 \uc788\ub294 \ud53c\ubd80\uc640 \ud0c4\ub825\uc774 \ubd80\uc871\ud55c \uc2e0\uccb4 \ubd80\uc704\uc5d0 \uc0ac\uc6a9\ud560 \uc218 \uc788\uc2b5\ub2c8\ub2e4.      <\/p>\n","protected":false},"excerpt":{"rendered":"<p>\uc800\ud76c\ub294 \uace0\ud488\uc9c8\uc758 <strong>\ud770 \ubf55\ub098\ubb34 \ucd94\ucd9c\ubb3c<\/strong> \uc720\ud1b5\uc5c5\uccb4\uc785\ub2c8\ub2e4.<\/p>\n<p>\uc774 \uc81c\ud488\uc740 \uccb4\uc911 \uac10\ub7c9 \ubcf4\uc870\uc81c \ubc0f \ud608\ub2f9 \uac15\ud558 \ubb3c\uc9c8\ub85c \uc0ac\uc6a9\ub429\ub2c8\ub2e4. \uc5f0\uad6c\uc5d0 \ub530\ub974\uba74 \ud770 \ubf55\ub098\ubb34\ub294 \uc54c\uce20\ud558\uc774\uba38\ubcd1 \ubc1c\ubcd1 \uac00\ub2a5\uc131\uc744 \ub0ae\ucd94\ub294 \uac83\uc73c\ub85c \ub098\ud0c0\ub0ac\uc2b5\ub2c8\ub2e4. <\/p>\n","protected":false},"featured_media":43220,"template":"","meta":{"_acf_changed":false},"product_brand":[],"product_cat":[8134],"product_tag":[],"class_list":{"0":"post-43219","1":"product","2":"type-product","3":"status-publish","4":"has-post-thumbnail","6":"product_cat-sig-mul-chu-chul-mul","7":"pa_certyfikaty-8218","8":"pa_certyfikaty-8219","10":"first","11":"instock","12":"shipping-taxable","13":"product-type-simple"},"acf":[],"yoast_head":"<!-- This site is optimized with the Yoast SEO plugin v27.5 - https:\/\/yoast.com\/product\/yoast-seo-wordpress\/ -->\n<title>\ud770 \ubf55\ub098\ubb34 \ucd94\ucd9c\ubb3c - Hurtowy Dystrybutor<\/title>\n<meta name=\"robots\" content=\"index, follow, max-snippet:-1, max-image-preview:large, max-video-preview:-1\" \/>\n<link rel=\"canonical\" href=\"https:\/\/naturalpoland.com\/ko\/je-pum\/sig-mul-chu-chul-mul\/%ed%9d%b0-%eb%bd%95%eb%82%98%eb%ac%b4-%ec%b6%94%ec%b6%9c%eb%ac%bc\/\" \/>\n<meta property=\"og:locale\" content=\"ko_KR\" \/>\n<meta property=\"og:type\" content=\"article\" \/>\n<meta property=\"og:title\" content=\"\ud770 \ubf55\ub098\ubb34 \ucd94\ucd9c\ubb3c - Hurtowy Dystrybutor\" \/>\n<meta property=\"og:description\" content=\"\uc800\ud76c\ub294 \uace0\ud488\uc9c8\uc758 \ud770 \ubf55\ub098\ubb34 \ucd94\ucd9c\ubb3c \uc720\ud1b5\uc5c5\uccb4\uc785\ub2c8\ub2e4. \uc774 \uc81c\ud488\uc740 \uccb4\uc911 \uac10\ub7c9 \ubcf4\uc870\uc81c \ubc0f \ud608\ub2f9 \uac15\ud558 \ubb3c\uc9c8\ub85c \uc0ac\uc6a9\ub429\ub2c8\ub2e4. \uc5f0\uad6c\uc5d0 \ub530\ub974\uba74 \ud770 \ubf55\ub098\ubb34\ub294 \uc54c\uce20\ud558\uc774\uba38\ubcd1 \ubc1c\ubcd1 \uac00\ub2a5\uc131\uc744 \ub0ae\ucd94\ub294 \uac83\uc73c\ub85c \ub098\ud0c0\ub0ac\uc2b5\ub2c8\ub2e4.\" \/>\n<meta property=\"og:url\" content=\"https:\/\/naturalpoland.com\/ko\/je-pum\/sig-mul-chu-chul-mul\/%ed%9d%b0-%eb%bd%95%eb%82%98%eb%ac%b4-%ec%b6%94%ec%b6%9c%eb%ac%bc\/\" \/>\n<meta property=\"og:site_name\" content=\"NATURAL POLAND - Hurtowy Dystrybutor Surowc\u00f3w\" \/>\n<meta property=\"article:publisher\" content=\"https:\/\/www.facebook.com\/naturalpoland.b2b\" \/>\n<meta property=\"article:modified_time\" content=\"2025-09-09T11:25:17+00:00\" \/>\n<meta property=\"og:image\" content=\"https:\/\/naturalpoland.com\/wp-content\/uploads\/ekstrakt-z-morwy-bialej.jpg\" \/>\n\t<meta property=\"og:image:width\" content=\"650\" \/>\n\t<meta property=\"og:image:height\" content=\"623\" \/>\n\t<meta property=\"og:image:type\" content=\"image\/jpeg\" \/>\n<script type=\"application\/ld+json\" class=\"yoast-schema-graph\">{\"@context\":\"https:\\\/\\\/schema.org\",\"@graph\":[{\"@type\":\"WebPage\",\"@id\":\"https:\\\/\\\/naturalpoland.com\\\/ko\\\/je-pum\\\/sig-mul-chu-chul-mul\\\/%ed%9d%b0-%eb%bd%95%eb%82%98%eb%ac%b4-%ec%b6%94%ec%b6%9c%eb%ac%bc\\\/\",\"url\":\"https:\\\/\\\/naturalpoland.com\\\/ko\\\/je-pum\\\/sig-mul-chu-chul-mul\\\/%ed%9d%b0-%eb%bd%95%eb%82%98%eb%ac%b4-%ec%b6%94%ec%b6%9c%eb%ac%bc\\\/\",\"name\":\"\ud770 \ubf55\ub098\ubb34 \ucd94\ucd9c\ubb3c - Hurtowy Dystrybutor\",\"isPartOf\":{\"@id\":\"https:\\\/\\\/naturalpoland.com\\\/ko\\\/#website\"},\"primaryImageOfPage\":{\"@id\":\"https:\\\/\\\/naturalpoland.com\\\/ko\\\/je-pum\\\/sig-mul-chu-chul-mul\\\/%ed%9d%b0-%eb%bd%95%eb%82%98%eb%ac%b4-%ec%b6%94%ec%b6%9c%eb%ac%bc\\\/#primaryimage\"},\"image\":{\"@id\":\"https:\\\/\\\/naturalpoland.com\\\/ko\\\/je-pum\\\/sig-mul-chu-chul-mul\\\/%ed%9d%b0-%eb%bd%95%eb%82%98%eb%ac%b4-%ec%b6%94%ec%b6%9c%eb%ac%bc\\\/#primaryimage\"},\"thumbnailUrl\":\"https:\\\/\\\/naturalpoland.com\\\/wp-content\\\/uploads\\\/ekstrakt-z-morwy-bialej.jpg\",\"datePublished\":\"2021-06-17T13:16:39+00:00\",\"dateModified\":\"2025-09-09T11:25:17+00:00\",\"breadcrumb\":{\"@id\":\"https:\\\/\\\/naturalpoland.com\\\/ko\\\/je-pum\\\/sig-mul-chu-chul-mul\\\/%ed%9d%b0-%eb%bd%95%eb%82%98%eb%ac%b4-%ec%b6%94%ec%b6%9c%eb%ac%bc\\\/#breadcrumb\"},\"inLanguage\":\"ko-KR\",\"potentialAction\":[{\"@type\":\"ReadAction\",\"target\":[\"https:\\\/\\\/naturalpoland.com\\\/ko\\\/je-pum\\\/sig-mul-chu-chul-mul\\\/%ed%9d%b0-%eb%bd%95%eb%82%98%eb%ac%b4-%ec%b6%94%ec%b6%9c%eb%ac%bc\\\/\"]}]},{\"@type\":\"ImageObject\",\"inLanguage\":\"ko-KR\",\"@id\":\"https:\\\/\\\/naturalpoland.com\\\/ko\\\/je-pum\\\/sig-mul-chu-chul-mul\\\/%ed%9d%b0-%eb%bd%95%eb%82%98%eb%ac%b4-%ec%b6%94%ec%b6%9c%eb%ac%bc\\\/#primaryimage\",\"url\":\"https:\\\/\\\/naturalpoland.com\\\/wp-content\\\/uploads\\\/ekstrakt-z-morwy-bialej.jpg\",\"contentUrl\":\"https:\\\/\\\/naturalpoland.com\\\/wp-content\\\/uploads\\\/ekstrakt-z-morwy-bialej.jpg\",\"width\":650,\"height\":623,\"caption\":\"\ud770 \ubf55\ub098\ubb34 \ucd94\ucd9c\ubb3c\"},{\"@type\":\"BreadcrumbList\",\"@id\":\"https:\\\/\\\/naturalpoland.com\\\/ko\\\/je-pum\\\/sig-mul-chu-chul-mul\\\/%ed%9d%b0-%eb%bd%95%eb%82%98%eb%ac%b4-%ec%b6%94%ec%b6%9c%eb%ac%bc\\\/#breadcrumb\",\"itemListElement\":[{\"@type\":\"ListItem\",\"position\":1,\"name\":\"\ud648\",\"item\":\"https:\\\/\\\/naturalpoland.com\\\/ko\\\/\"},{\"@type\":\"ListItem\",\"position\":2,\"name\":\"\uc81c\ud488\",\"item\":\"https:\\\/\\\/naturalpoland.com\\\/ko\\\/%ec%a0%9c%ed%92%88\\\/\"},{\"@type\":\"ListItem\",\"position\":3,\"name\":\"\ud770 \ubf55\ub098\ubb34 \ucd94\ucd9c\ubb3c\"}]},{\"@type\":\"WebSite\",\"@id\":\"https:\\\/\\\/naturalpoland.com\\\/ko\\\/#website\",\"url\":\"https:\\\/\\\/naturalpoland.com\\\/ko\\\/\",\"name\":\"NATURAL POLAND - Hurtowy Dystrybutor Surowc\u00f3w\",\"description\":\"Surowce dla przemys\u0142u spo\u017cywczego, kosmetycznego i farmaceutycznego\",\"publisher\":{\"@id\":\"https:\\\/\\\/naturalpoland.com\\\/ko\\\/#organization\"},\"potentialAction\":[{\"@type\":\"SearchAction\",\"target\":{\"@type\":\"EntryPoint\",\"urlTemplate\":\"https:\\\/\\\/naturalpoland.com\\\/ko\\\/?s={search_term_string}\"},\"query-input\":{\"@type\":\"PropertyValueSpecification\",\"valueRequired\":true,\"valueName\":\"search_term_string\"}}],\"inLanguage\":\"ko-KR\"},{\"@type\":\"Organization\",\"@id\":\"https:\\\/\\\/naturalpoland.com\\\/ko\\\/#organization\",\"name\":\"Natural Poland\",\"url\":\"https:\\\/\\\/naturalpoland.com\\\/ko\\\/\",\"logo\":{\"@type\":\"ImageObject\",\"inLanguage\":\"ko-KR\",\"@id\":\"https:\\\/\\\/naturalpoland.com\\\/ko\\\/#\\\/schema\\\/logo\\\/image\\\/\",\"url\":\"https:\\\/\\\/naturalpoland.com\\\/wp-content\\\/uploads\\\/2021\\\/05\\\/natural-poland-icon.png\",\"contentUrl\":\"https:\\\/\\\/naturalpoland.com\\\/wp-content\\\/uploads\\\/2021\\\/05\\\/natural-poland-icon.png\",\"width\":512,\"height\":512,\"caption\":\"Natural Poland\"},\"image\":{\"@id\":\"https:\\\/\\\/naturalpoland.com\\\/ko\\\/#\\\/schema\\\/logo\\\/image\\\/\"},\"sameAs\":[\"https:\\\/\\\/www.facebook.com\\\/naturalpoland.b2b\",\"https:\\\/\\\/pl.linkedin.com\\\/company\\\/natural-poland\",\"https:\\\/\\\/www.youtube.com\\\/channel\\\/UCgeGGkvOMahZo-xu_MSEWxg\"]}]}<\/script>\n<!-- \/ Yoast SEO plugin. -->","yoast_head_json":{"title":"\ud770 \ubf55\ub098\ubb34 \ucd94\ucd9c\ubb3c - Hurtowy Dystrybutor","robots":{"index":"index","follow":"follow","max-snippet":"max-snippet:-1","max-image-preview":"max-image-preview:large","max-video-preview":"max-video-preview:-1"},"canonical":"https:\/\/naturalpoland.com\/ko\/je-pum\/sig-mul-chu-chul-mul\/%ed%9d%b0-%eb%bd%95%eb%82%98%eb%ac%b4-%ec%b6%94%ec%b6%9c%eb%ac%bc\/","og_locale":"ko_KR","og_type":"article","og_title":"\ud770 \ubf55\ub098\ubb34 \ucd94\ucd9c\ubb3c - Hurtowy Dystrybutor","og_description":"\uc800\ud76c\ub294 \uace0\ud488\uc9c8\uc758 \ud770 \ubf55\ub098\ubb34 \ucd94\ucd9c\ubb3c \uc720\ud1b5\uc5c5\uccb4\uc785\ub2c8\ub2e4. \uc774 \uc81c\ud488\uc740 \uccb4\uc911 \uac10\ub7c9 \ubcf4\uc870\uc81c \ubc0f \ud608\ub2f9 \uac15\ud558 \ubb3c\uc9c8\ub85c \uc0ac\uc6a9\ub429\ub2c8\ub2e4. \uc5f0\uad6c\uc5d0 \ub530\ub974\uba74 \ud770 \ubf55\ub098\ubb34\ub294 \uc54c\uce20\ud558\uc774\uba38\ubcd1 \ubc1c\ubcd1 \uac00\ub2a5\uc131\uc744 \ub0ae\ucd94\ub294 \uac83\uc73c\ub85c \ub098\ud0c0\ub0ac\uc2b5\ub2c8\ub2e4.","og_url":"https:\/\/naturalpoland.com\/ko\/je-pum\/sig-mul-chu-chul-mul\/%ed%9d%b0-%eb%bd%95%eb%82%98%eb%ac%b4-%ec%b6%94%ec%b6%9c%eb%ac%bc\/","og_site_name":"NATURAL POLAND - Hurtowy Dystrybutor Surowc\u00f3w","article_publisher":"https:\/\/www.facebook.com\/naturalpoland.b2b","article_modified_time":"2025-09-09T11:25:17+00:00","og_image":[{"width":650,"height":623,"url":"https:\/\/naturalpoland.com\/wp-content\/uploads\/ekstrakt-z-morwy-bialej.jpg","type":"image\/jpeg"}],"schema":{"@context":"https:\/\/schema.org","@graph":[{"@type":"WebPage","@id":"https:\/\/naturalpoland.com\/ko\/je-pum\/sig-mul-chu-chul-mul\/%ed%9d%b0-%eb%bd%95%eb%82%98%eb%ac%b4-%ec%b6%94%ec%b6%9c%eb%ac%bc\/","url":"https:\/\/naturalpoland.com\/ko\/je-pum\/sig-mul-chu-chul-mul\/%ed%9d%b0-%eb%bd%95%eb%82%98%eb%ac%b4-%ec%b6%94%ec%b6%9c%eb%ac%bc\/","name":"\ud770 \ubf55\ub098\ubb34 \ucd94\ucd9c\ubb3c - Hurtowy Dystrybutor","isPartOf":{"@id":"https:\/\/naturalpoland.com\/ko\/#website"},"primaryImageOfPage":{"@id":"https:\/\/naturalpoland.com\/ko\/je-pum\/sig-mul-chu-chul-mul\/%ed%9d%b0-%eb%bd%95%eb%82%98%eb%ac%b4-%ec%b6%94%ec%b6%9c%eb%ac%bc\/#primaryimage"},"image":{"@id":"https:\/\/naturalpoland.com\/ko\/je-pum\/sig-mul-chu-chul-mul\/%ed%9d%b0-%eb%bd%95%eb%82%98%eb%ac%b4-%ec%b6%94%ec%b6%9c%eb%ac%bc\/#primaryimage"},"thumbnailUrl":"https:\/\/naturalpoland.com\/wp-content\/uploads\/ekstrakt-z-morwy-bialej.jpg","datePublished":"2021-06-17T13:16:39+00:00","dateModified":"2025-09-09T11:25:17+00:00","breadcrumb":{"@id":"https:\/\/naturalpoland.com\/ko\/je-pum\/sig-mul-chu-chul-mul\/%ed%9d%b0-%eb%bd%95%eb%82%98%eb%ac%b4-%ec%b6%94%ec%b6%9c%eb%ac%bc\/#breadcrumb"},"inLanguage":"ko-KR","potentialAction":[{"@type":"ReadAction","target":["https:\/\/naturalpoland.com\/ko\/je-pum\/sig-mul-chu-chul-mul\/%ed%9d%b0-%eb%bd%95%eb%82%98%eb%ac%b4-%ec%b6%94%ec%b6%9c%eb%ac%bc\/"]}]},{"@type":"ImageObject","inLanguage":"ko-KR","@id":"https:\/\/naturalpoland.com\/ko\/je-pum\/sig-mul-chu-chul-mul\/%ed%9d%b0-%eb%bd%95%eb%82%98%eb%ac%b4-%ec%b6%94%ec%b6%9c%eb%ac%bc\/#primaryimage","url":"https:\/\/naturalpoland.com\/wp-content\/uploads\/ekstrakt-z-morwy-bialej.jpg","contentUrl":"https:\/\/naturalpoland.com\/wp-content\/uploads\/ekstrakt-z-morwy-bialej.jpg","width":650,"height":623,"caption":"\ud770 \ubf55\ub098\ubb34 \ucd94\ucd9c\ubb3c"},{"@type":"BreadcrumbList","@id":"https:\/\/naturalpoland.com\/ko\/je-pum\/sig-mul-chu-chul-mul\/%ed%9d%b0-%eb%bd%95%eb%82%98%eb%ac%b4-%ec%b6%94%ec%b6%9c%eb%ac%bc\/#breadcrumb","itemListElement":[{"@type":"ListItem","position":1,"name":"\ud648","item":"https:\/\/naturalpoland.com\/ko\/"},{"@type":"ListItem","position":2,"name":"\uc81c\ud488","item":"https:\/\/naturalpoland.com\/ko\/%ec%a0%9c%ed%92%88\/"},{"@type":"ListItem","position":3,"name":"\ud770 \ubf55\ub098\ubb34 \ucd94\ucd9c\ubb3c"}]},{"@type":"WebSite","@id":"https:\/\/naturalpoland.com\/ko\/#website","url":"https:\/\/naturalpoland.com\/ko\/","name":"NATURAL POLAND - Hurtowy Dystrybutor Surowc\u00f3w","description":"Surowce dla przemys\u0142u spo\u017cywczego, kosmetycznego i farmaceutycznego","publisher":{"@id":"https:\/\/naturalpoland.com\/ko\/#organization"},"potentialAction":[{"@type":"SearchAction","target":{"@type":"EntryPoint","urlTemplate":"https:\/\/naturalpoland.com\/ko\/?s={search_term_string}"},"query-input":{"@type":"PropertyValueSpecification","valueRequired":true,"valueName":"search_term_string"}}],"inLanguage":"ko-KR"},{"@type":"Organization","@id":"https:\/\/naturalpoland.com\/ko\/#organization","name":"Natural Poland","url":"https:\/\/naturalpoland.com\/ko\/","logo":{"@type":"ImageObject","inLanguage":"ko-KR","@id":"https:\/\/naturalpoland.com\/ko\/#\/schema\/logo\/image\/","url":"https:\/\/naturalpoland.com\/wp-content\/uploads\/2021\/05\/natural-poland-icon.png","contentUrl":"https:\/\/naturalpoland.com\/wp-content\/uploads\/2021\/05\/natural-poland-icon.png","width":512,"height":512,"caption":"Natural Poland"},"image":{"@id":"https:\/\/naturalpoland.com\/ko\/#\/schema\/logo\/image\/"},"sameAs":["https:\/\/www.facebook.com\/naturalpoland.b2b","https:\/\/pl.linkedin.com\/company\/natural-poland","https:\/\/www.youtube.com\/channel\/UCgeGGkvOMahZo-xu_MSEWxg"]}]}},"_links":{"self":[{"href":"https:\/\/naturalpoland.com\/ko\/wp-json\/wp\/v2\/product\/43219","targetHints":{"allow":["GET"]}}],"collection":[{"href":"https:\/\/naturalpoland.com\/ko\/wp-json\/wp\/v2\/product"}],"about":[{"href":"https:\/\/naturalpoland.com\/ko\/wp-json\/wp\/v2\/types\/product"}],"wp:featuredmedia":[{"embeddable":true,"href":"https:\/\/naturalpoland.com\/ko\/wp-json\/wp\/v2\/media\/43220"}],"wp:attachment":[{"href":"https:\/\/naturalpoland.com\/ko\/wp-json\/wp\/v2\/media?parent=43219"}],"wp:term":[{"taxonomy":"product_brand","embeddable":true,"href":"https:\/\/naturalpoland.com\/ko\/wp-json\/wp\/v2\/product_brand?post=43219"},{"taxonomy":"product_cat","embeddable":true,"href":"https:\/\/naturalpoland.com\/ko\/wp-json\/wp\/v2\/product_cat?post=43219"},{"taxonomy":"product_tag","embeddable":true,"href":"https:\/\/naturalpoland.com\/ko\/wp-json\/wp\/v2\/product_tag?post=43219"}],"curies":[{"name":"wp","href":"https:\/\/api.w.org\/{rel}","templated":true}]}}