{"id":43221,"date":"2021-05-11T13:51:43","date_gmt":"2021-05-11T11:51:43","guid":{"rendered":"https:\/\/naturalpoland.com\/produkty\/uncategorized\/%ec%84%a0%ec%9d%b8%ec%9e%a5-%ec%94%a8-%ec%98%a4%ec%9d%bc\/"},"modified":"2025-09-09T13:27:32","modified_gmt":"2025-09-09T11:27:32","slug":"%ec%84%a0%ec%9d%b8%ec%9e%a5-%ec%94%a8-%ec%98%a4%ec%9d%bc","status":"publish","type":"product","link":"https:\/\/naturalpoland.com\/ko\/je-pum\/hwa-jang-pum-won-ryo\/hwa-jang-pum-o-il\/%ec%84%a0%ec%9d%b8%ec%9e%a5-%ec%94%a8-%ec%98%a4%ec%9d%bc\/","title":{"rendered":"\uc120\uc778\uc7a5 \uc528 \uc624\uc77c"},"content":{"rendered":"<p>\uc774 \uc624\uc77c\uc744 \ucd94\ucd9c\ud558\ub294 \uac83\uc740 \ub9e4\uc6b0 \uc2dc\uac04 \uc18c\ubaa8\uc801\uc774\uace0 \ube44\uc6a9\uc774 \ub9ce\uc774 \ub4ed\ub2c8\ub2e4. \uc65c\ub0d0\ud558\uba74 1\ub9ac\ud130\uc758 \uc624\uc77c\uc744 \uc0dd\uc0b0\ud558\uae30 \uc704\ud574 \uac70\uc758 0.5\ud1a4\uc758 \uc120\uc778\uc7a5 \uc528\uc557\uc774 \ud544\uc694\ud558\uae30 \ub54c\ubb38\uc785\ub2c8\ub2e4. \uc774\ub7ec\ud55c \ube44\uc728\uc740 \uc774 \uc624\uc77c\uc744 \uace0\uae09\uc2a4\ub7fd\uace0 \ud76c\uadc0\ud55c \uc81c\ud488\uc73c\ub85c \ub9cc\ub4ed\ub2c8\ub2e4. <\/p>\n<p>\uc120\uc778\uc7a5 \uc528 \uc624\uc77c\uc740 \uc2dc\uc911\uc5d0 \ub098\uc640 \uc788\ub294 \ubaa8\ub4e0 \ud654\uc7a5\ud488 \uc624\uc77c \uc911 \uac00\uc7a5 \ub9ce\uc740 <a href=\"https:\/\/naturalpoland.com\/ko\/je-pum\/ui-yak-pum-won-ryo\/bi-ta-min\/bitamin-e-tokoperil-aseteiteu\/\">\ube44\ud0c0\ubbfc E<\/a>\ub97c \ud568\uc720\ud558\uace0 \uc788\uc2b5\ub2c8\ub2e4 (<a href=\"https:\/\/naturalpoland.com\/ko\/je-pum\/hwa-jang-pum-won-ryo\/hwa-jang-pum-o-il\/olej-arganowy\/\">\uc544\ub974\uac04 \uc624\uc77c<\/a>\ubcf4\ub2e4 150% \ub354 \ub9ce\uc2b5\ub2c8\ub2e4). \ub610\ud55c \uc120\uc778\uc7a5 \uc528 \uc624\uc77c\uc740 88%\uc758 \ubd88\ud3ec\ud654 \uc9c0\ubc29\uc0b0\uc744 \ud568\uc720\ud558\uace0 \uc788\uc2b5\ub2c8\ub2e4 (\ubaa8\ub4e0 \uc624\uc77c \uc911 \uac00\uc7a5 \ub9ce\uc2b5\ub2c8\ub2e4). <\/p>\n<h3><strong>\uc120\uc778\uc7a5 \uc528 \uc624\uc77c\uc758 \uc6a9\ub3c4<\/strong><\/h3>\n<p>\ub3c5\ud2b9\ud55c \ud2b9\uc131 \ub355\ubd84\uc5d0 \uc120\uc778\uc7a5 \uc528 \uc624\uc77c\uc740 <strong>\ud53c\ubd80\uc758 \uc9d1\uc911 \uc7ac\uc0dd, \uc601\uc591 \uacf5\uae09 \ubc0f \uae4a\uc740 \ubcf4\uc2b5<\/strong>\uc744 \ubaa9\ud45c\ub85c \ud558\ub294 \uace0\uae09 \ud654\uc7a5\ud488 \uc81c\ud615\uc5d0 \ub110\ub9ac \uc0ac\uc6a9\ub429\ub2c8\ub2e4. \uc774 \uc624\uc77c\uc744 \uafb8\uc900\ud788 \uc0ac\uc6a9\ud558\uba74 \ub2e8 2\uc8fc \ub9cc\uc5d0 \ub208\uc5d0 \ub744\ub294 \ud6a8\uacfc\ub97c \ubcfc \uc218 \uc788\uc73c\uba70, \ud53c\ubd80 \ud0c4\ub825\uc744 \ud06c\uac8c \uac1c\uc120\ud558\uace0 \uc8fc\ub984\uc744 \uc904\uc774\uba70 \uc804\ubc18\uc801\uc778 \ud53c\ubd80 \uc678\uad00\uacfc \uc0c1\ud0dc\ub97c \ud5a5\uc0c1\uc2dc\ud0ac \uc218 \uc788\uc2b5\ub2c8\ub2e4. \uc774 \uc624\uc77c\uc740 \uac74\uc870\ud558\uac70\ub098 \uc131\uc219\ud558\uac70\ub098 \uc190\uc0c1\ub41c \ud53c\ubd80\ub97c \uac00\uc9c4 \uc0ac\ub78c\ub4e4\uc5d0\uac8c \ud2b9\ud788 \uad8c\uc7a5\ub418\uc9c0\ub9cc, \uc21c\ud55c \ud2b9\uc131\uacfc \ub192\uc740 \ub0b4\uc131 \ub355\ubd84\uc5d0 \ubaa8\ub4e0 \ud53c\ubd80 \ud0c0\uc785\uc5d0 \uc801\ud569\ud569\ub2c8\ub2e4.  <\/p>\n<p>\uc774 \ud2b9\ubcc4\ud55c \uc624\uc77c\uc758 \uc774\uc810\uc740 \ud53c\ubd80\uc5d0\ub9cc \uad6d\ud55c\ub418\uc9c0 \uc54a\uc2b5\ub2c8\ub2e4. \uadf8 \uc601\uc591 \ud2b9\uc131 \ub355\ubd84\uc5d0 \ud5e4\uc5b4 \ucf00\uc5b4 \uc81c\ud488\uc5d0\uc11c\ub3c4 \ub192\uc774 \ud3c9\uac00\ub429\ub2c8\ub2e4. \uc120\uc778\uc7a5 \uc528 \uc624\uc77c\uc740 \ubaa8\ubc1c\uc5d0 \uc9d1\uc911\uc801\uc73c\ub85c \uc218\ubd84\uc744 \uacf5\uae09\ud558\uace0 \uac15\ud654\ud558\uba70 \uc790\uc5f0\uc2a4\ub7ec\uc6b4 \uc724\uae30\ub97c \ub418\ucc3e\uc544 \uc90d\ub2c8\ub2e4. \uac74\uc870\ud558\uace0 \uc190\uc0c1\ub418\uc5c8\uc73c\uba70 \uc0dd\uae30 \uc5c6\ub294 \ubaa8\ubc1c\uc6a9 \uc81c\ud488\uc5d0 \uc774\uc0c1\uc801\uc778 \uc131\ubd84\uc785\ub2c8\ub2e4.   <\/p>\n<p>&nbsp;<\/p>\n<h3>\uc9c0\ubc29\uc0b0 \ud504\ub85c\ud544:<\/h3>\n<table>\n<tbody>\n<tr>\n<th>\uc9c0\ubc29\uc0b0<\/th>\n<th>\uacb0\ud569<\/th>\n<th>\ud45c\uc900 (%)<\/th>\n<th>\uacb0\uacfc (%)<\/th>\n<\/tr>\n<tr>\n<td>\ud314\ubbf8\ud2b8\uc0b0<\/td>\n<td>C16:0<\/td>\n<td>10.00-14.00<\/td>\n<td>10.50<\/td>\n<\/tr>\n<tr>\n<td>\uc2a4\ud14c\uc544\ub974\uc0b0<\/td>\n<td>C18:0<\/td>\n<td>2.50-5.50<\/td>\n<td>2.90<\/td>\n<\/tr>\n<tr>\n<td>\uc62c\ub808\uc0b0<\/td>\n<td>C18:1 (n-9)<\/td>\n<td>18.00-30.00<\/td>\n<td>23.40<\/td>\n<\/tr>\n<tr>\n<td>\ub9ac\ub180\ub808\uc0b0<\/td>\n<td>C18:2 (n-6)<\/td>\n<td>55.00-65.00<\/td>\n<td>62.20<\/td>\n<\/tr>\n<tr>\n<td>\uc54c\ud30c\ub9ac\ub180\ub80c\uc0b0<\/td>\n<td>C18:3 (n-3)<\/td>\n<td>\ucd5c\ub300 1.00<\/td>\n<td>0.50<\/td>\n<\/tr>\n<\/tbody>\n<\/table>\n","protected":false},"excerpt":{"rendered":"<p>\uc800\ud76c\ub294 \ucc9c\uc5f0 \uc120\uc778\uc7a5 \uc528 \uc624\uc77c (<em>Prickly Pear Cactus<\/em> <em>Seed Oil<\/em>)\uc758 \ub3c4\ub9e4 \uc720\ud1b5\uc5c5\uccb4\uc785\ub2c8\ub2e4. \uc774\ub294 \ud654\uc7a5\ud488 \uc0b0\uc5c5\uc5d0\uc11c \uac00\uc7a5 \uac00\uce58 \uc788\ub294 \uc6d0\ub8cc \uc911 \ud558\ub098\uc774\uba70, \ud0c1\uc6d4\ud55c \ud6a8\ub2a5\uc73c\ub85c \uc798 \uc54c\ub824\uc838 \uc788\uc2b5\ub2c8\ub2e4. <\/p>\n","protected":false},"featured_media":43222,"template":"","meta":{"_acf_changed":false},"product_brand":[],"product_cat":[8135,8154],"product_tag":[],"class_list":{"0":"post-43221","1":"product","2":"type-product","3":"status-publish","4":"has-post-thumbnail","6":"product_cat-sig-yong-mit-hwa-jang-pum-yong-o-il","7":"product_cat-hwa-jang-pum-o-il","8":"pa_czesc-rosliny-8177","9":"pa_metoda-pozyskiwania-8179","11":"first","12":"instock","13":"shipping-taxable","14":"product-type-simple"},"acf":[],"yoast_head":"<!-- This site is optimized with the Yoast SEO plugin v27.4 - https:\/\/yoast.com\/product\/yoast-seo-wordpress\/ -->\n<title>NATURAL POLAND &#8211; Hurtowy Dystrybutor Surowc\u00f3w<\/title>\n<meta name=\"description\" content=\"\uc120\uc778\uc7a5 \uc528 \uc624\uc77c\uc740 \ucc9c\uc5f0 \ubcf4\ud1a1\uc2a4\ub85c\uc11c \ud654\uc7a5\ud488 \uc2dc\uc220\uc5d0 \uc0ac\uc6a9\ub429\ub2c8\ub2e4. 1\ub9ac\ud130\ub294 \uac70\uc758 0.5\ud1a4\uc758 \uc528\uc557\uc5d0\uc11c \ub098\uc635\ub2c8\ub2e4.\" \/>\n<meta name=\"robots\" content=\"index, follow, max-snippet:-1, max-image-preview:large, max-video-preview:-1\" \/>\n<link rel=\"canonical\" href=\"https:\/\/naturalpoland.com\/ko\/je-pum\/hwa-jang-pum-won-ryo\/hwa-jang-pum-o-il\/%ec%84%a0%ec%9d%b8%ec%9e%a5-%ec%94%a8-%ec%98%a4%ec%9d%bc\/\" \/>\n<meta property=\"og:locale\" content=\"ko_KR\" \/>\n<meta property=\"og:type\" content=\"article\" \/>\n<meta property=\"og:description\" content=\"\uc120\uc778\uc7a5 \uc528 \uc624\uc77c\uc740 \ucc9c\uc5f0 \ubcf4\ud1a1\uc2a4\ub85c\uc11c \ud654\uc7a5\ud488 \uc2dc\uc220\uc5d0 \uc0ac\uc6a9\ub429\ub2c8\ub2e4. 1\ub9ac\ud130\ub294 \uac70\uc758 0.5\ud1a4\uc758 \uc528\uc557\uc5d0\uc11c \ub098\uc635\ub2c8\ub2e4.\" \/>\n<meta property=\"og:url\" content=\"https:\/\/naturalpoland.com\/ko\/je-pum\/hwa-jang-pum-won-ryo\/hwa-jang-pum-o-il\/%ec%84%a0%ec%9d%b8%ec%9e%a5-%ec%94%a8-%ec%98%a4%ec%9d%bc\/\" \/>\n<meta property=\"og:site_name\" content=\"NATURAL POLAND - Hurtowy Dystrybutor Surowc\u00f3w\" \/>\n<meta property=\"article:publisher\" content=\"https:\/\/www.facebook.com\/naturalpoland.b2b\" \/>\n<meta property=\"article:modified_time\" content=\"2025-09-09T11:27:32+00:00\" \/>\n<meta property=\"og:image\" content=\"https:\/\/naturalpoland.com\/wp-content\/uploads\/2021\/05\/prickly-pear-seed-oil.jpg\" \/>\n\t<meta property=\"og:image:width\" content=\"800\" \/>\n\t<meta property=\"og:image:height\" content=\"800\" \/>\n\t<meta property=\"og:image:type\" content=\"image\/jpeg\" \/>\n<script type=\"application\/ld+json\" class=\"yoast-schema-graph\">{\"@context\":\"https:\\\/\\\/schema.org\",\"@graph\":[{\"@type\":\"WebPage\",\"@id\":\"https:\\\/\\\/naturalpoland.com\\\/ko\\\/je-pum\\\/hwa-jang-pum-won-ryo\\\/hwa-jang-pum-o-il\\\/%ec%84%a0%ec%9d%b8%ec%9e%a5-%ec%94%a8-%ec%98%a4%ec%9d%bc\\\/\",\"url\":\"https:\\\/\\\/naturalpoland.com\\\/ko\\\/je-pum\\\/hwa-jang-pum-won-ryo\\\/hwa-jang-pum-o-il\\\/%ec%84%a0%ec%9d%b8%ec%9e%a5-%ec%94%a8-%ec%98%a4%ec%9d%bc\\\/\",\"name\":\"\",\"isPartOf\":{\"@id\":\"https:\\\/\\\/naturalpoland.com\\\/ko\\\/#website\"},\"primaryImageOfPage\":{\"@id\":\"https:\\\/\\\/naturalpoland.com\\\/ko\\\/je-pum\\\/hwa-jang-pum-won-ryo\\\/hwa-jang-pum-o-il\\\/%ec%84%a0%ec%9d%b8%ec%9e%a5-%ec%94%a8-%ec%98%a4%ec%9d%bc\\\/#primaryimage\"},\"image\":{\"@id\":\"https:\\\/\\\/naturalpoland.com\\\/ko\\\/je-pum\\\/hwa-jang-pum-won-ryo\\\/hwa-jang-pum-o-il\\\/%ec%84%a0%ec%9d%b8%ec%9e%a5-%ec%94%a8-%ec%98%a4%ec%9d%bc\\\/#primaryimage\"},\"thumbnailUrl\":\"https:\\\/\\\/naturalpoland.com\\\/wp-content\\\/uploads\\\/2021\\\/05\\\/prickly-pear-seed-oil.jpg\",\"datePublished\":\"2021-05-11T11:51:43+00:00\",\"dateModified\":\"2025-09-09T11:27:32+00:00\",\"description\":\"\uc120\uc778\uc7a5 \uc528 \uc624\uc77c\uc740 \ucc9c\uc5f0 \ubcf4\ud1a1\uc2a4\ub85c\uc11c \ud654\uc7a5\ud488 \uc2dc\uc220\uc5d0 \uc0ac\uc6a9\ub429\ub2c8\ub2e4. 1\ub9ac\ud130\ub294 \uac70\uc758 0.5\ud1a4\uc758 \uc528\uc557\uc5d0\uc11c \ub098\uc635\ub2c8\ub2e4.\",\"breadcrumb\":{\"@id\":\"https:\\\/\\\/naturalpoland.com\\\/ko\\\/je-pum\\\/hwa-jang-pum-won-ryo\\\/hwa-jang-pum-o-il\\\/%ec%84%a0%ec%9d%b8%ec%9e%a5-%ec%94%a8-%ec%98%a4%ec%9d%bc\\\/#breadcrumb\"},\"inLanguage\":\"ko-KR\",\"potentialAction\":[{\"@type\":\"ReadAction\",\"target\":[\"https:\\\/\\\/naturalpoland.com\\\/ko\\\/je-pum\\\/hwa-jang-pum-won-ryo\\\/hwa-jang-pum-o-il\\\/%ec%84%a0%ec%9d%b8%ec%9e%a5-%ec%94%a8-%ec%98%a4%ec%9d%bc\\\/\"]}]},{\"@type\":\"ImageObject\",\"inLanguage\":\"ko-KR\",\"@id\":\"https:\\\/\\\/naturalpoland.com\\\/ko\\\/je-pum\\\/hwa-jang-pum-won-ryo\\\/hwa-jang-pum-o-il\\\/%ec%84%a0%ec%9d%b8%ec%9e%a5-%ec%94%a8-%ec%98%a4%ec%9d%bc\\\/#primaryimage\",\"url\":\"https:\\\/\\\/naturalpoland.com\\\/wp-content\\\/uploads\\\/2021\\\/05\\\/prickly-pear-seed-oil.jpg\",\"contentUrl\":\"https:\\\/\\\/naturalpoland.com\\\/wp-content\\\/uploads\\\/2021\\\/05\\\/prickly-pear-seed-oil.jpg\",\"width\":800,\"height\":800,\"caption\":\"\uc120\uc778\uc7a5 \uc528 \uc624\uc77c\"},{\"@type\":\"BreadcrumbList\",\"@id\":\"https:\\\/\\\/naturalpoland.com\\\/ko\\\/je-pum\\\/hwa-jang-pum-won-ryo\\\/hwa-jang-pum-o-il\\\/%ec%84%a0%ec%9d%b8%ec%9e%a5-%ec%94%a8-%ec%98%a4%ec%9d%bc\\\/#breadcrumb\",\"itemListElement\":[{\"@type\":\"ListItem\",\"position\":1,\"name\":\"\ud648\",\"item\":\"https:\\\/\\\/naturalpoland.com\\\/ko\\\/\"},{\"@type\":\"ListItem\",\"position\":2,\"name\":\"\uc81c\ud488\",\"item\":\"https:\\\/\\\/naturalpoland.com\\\/ko\\\/%ec%a0%9c%ed%92%88\\\/\"},{\"@type\":\"ListItem\",\"position\":3,\"name\":\"\uc120\uc778\uc7a5 \uc528 \uc624\uc77c\"}]},{\"@type\":\"WebSite\",\"@id\":\"https:\\\/\\\/naturalpoland.com\\\/ko\\\/#website\",\"url\":\"https:\\\/\\\/naturalpoland.com\\\/ko\\\/\",\"name\":\"NATURAL POLAND - Hurtowy Dystrybutor Surowc\u00f3w\",\"description\":\"Surowce dla przemys\u0142u spo\u017cywczego, kosmetycznego i farmaceutycznego\",\"publisher\":{\"@id\":\"https:\\\/\\\/naturalpoland.com\\\/ko\\\/#organization\"},\"potentialAction\":[{\"@type\":\"SearchAction\",\"target\":{\"@type\":\"EntryPoint\",\"urlTemplate\":\"https:\\\/\\\/naturalpoland.com\\\/ko\\\/?s={search_term_string}\"},\"query-input\":{\"@type\":\"PropertyValueSpecification\",\"valueRequired\":true,\"valueName\":\"search_term_string\"}}],\"inLanguage\":\"ko-KR\"},{\"@type\":\"Organization\",\"@id\":\"https:\\\/\\\/naturalpoland.com\\\/ko\\\/#organization\",\"name\":\"Natural Poland\",\"url\":\"https:\\\/\\\/naturalpoland.com\\\/ko\\\/\",\"logo\":{\"@type\":\"ImageObject\",\"inLanguage\":\"ko-KR\",\"@id\":\"https:\\\/\\\/naturalpoland.com\\\/ko\\\/#\\\/schema\\\/logo\\\/image\\\/\",\"url\":\"https:\\\/\\\/naturalpoland.com\\\/wp-content\\\/uploads\\\/2021\\\/05\\\/natural-poland-icon.png\",\"contentUrl\":\"https:\\\/\\\/naturalpoland.com\\\/wp-content\\\/uploads\\\/2021\\\/05\\\/natural-poland-icon.png\",\"width\":512,\"height\":512,\"caption\":\"Natural Poland\"},\"image\":{\"@id\":\"https:\\\/\\\/naturalpoland.com\\\/ko\\\/#\\\/schema\\\/logo\\\/image\\\/\"},\"sameAs\":[\"https:\\\/\\\/www.facebook.com\\\/naturalpoland.b2b\",\"https:\\\/\\\/pl.linkedin.com\\\/company\\\/natural-poland\",\"https:\\\/\\\/www.youtube.com\\\/channel\\\/UCgeGGkvOMahZo-xu_MSEWxg\"]}]}<\/script>\n<!-- \/ Yoast SEO plugin. -->","yoast_head_json":{"title":"NATURAL POLAND &#8211; Hurtowy Dystrybutor Surowc\u00f3w","description":"\uc120\uc778\uc7a5 \uc528 \uc624\uc77c\uc740 \ucc9c\uc5f0 \ubcf4\ud1a1\uc2a4\ub85c\uc11c \ud654\uc7a5\ud488 \uc2dc\uc220\uc5d0 \uc0ac\uc6a9\ub429\ub2c8\ub2e4. 1\ub9ac\ud130\ub294 \uac70\uc758 0.5\ud1a4\uc758 \uc528\uc557\uc5d0\uc11c \ub098\uc635\ub2c8\ub2e4.","robots":{"index":"index","follow":"follow","max-snippet":"max-snippet:-1","max-image-preview":"max-image-preview:large","max-video-preview":"max-video-preview:-1"},"canonical":"https:\/\/naturalpoland.com\/ko\/je-pum\/hwa-jang-pum-won-ryo\/hwa-jang-pum-o-il\/%ec%84%a0%ec%9d%b8%ec%9e%a5-%ec%94%a8-%ec%98%a4%ec%9d%bc\/","og_locale":"ko_KR","og_type":"article","og_description":"\uc120\uc778\uc7a5 \uc528 \uc624\uc77c\uc740 \ucc9c\uc5f0 \ubcf4\ud1a1\uc2a4\ub85c\uc11c \ud654\uc7a5\ud488 \uc2dc\uc220\uc5d0 \uc0ac\uc6a9\ub429\ub2c8\ub2e4. 1\ub9ac\ud130\ub294 \uac70\uc758 0.5\ud1a4\uc758 \uc528\uc557\uc5d0\uc11c \ub098\uc635\ub2c8\ub2e4.","og_url":"https:\/\/naturalpoland.com\/ko\/je-pum\/hwa-jang-pum-won-ryo\/hwa-jang-pum-o-il\/%ec%84%a0%ec%9d%b8%ec%9e%a5-%ec%94%a8-%ec%98%a4%ec%9d%bc\/","og_site_name":"NATURAL POLAND - Hurtowy Dystrybutor Surowc\u00f3w","article_publisher":"https:\/\/www.facebook.com\/naturalpoland.b2b","article_modified_time":"2025-09-09T11:27:32+00:00","og_image":[{"width":800,"height":800,"url":"https:\/\/naturalpoland.com\/wp-content\/uploads\/2021\/05\/prickly-pear-seed-oil.jpg","type":"image\/jpeg"}],"schema":{"@context":"https:\/\/schema.org","@graph":[{"@type":"WebPage","@id":"https:\/\/naturalpoland.com\/ko\/je-pum\/hwa-jang-pum-won-ryo\/hwa-jang-pum-o-il\/%ec%84%a0%ec%9d%b8%ec%9e%a5-%ec%94%a8-%ec%98%a4%ec%9d%bc\/","url":"https:\/\/naturalpoland.com\/ko\/je-pum\/hwa-jang-pum-won-ryo\/hwa-jang-pum-o-il\/%ec%84%a0%ec%9d%b8%ec%9e%a5-%ec%94%a8-%ec%98%a4%ec%9d%bc\/","name":"","isPartOf":{"@id":"https:\/\/naturalpoland.com\/ko\/#website"},"primaryImageOfPage":{"@id":"https:\/\/naturalpoland.com\/ko\/je-pum\/hwa-jang-pum-won-ryo\/hwa-jang-pum-o-il\/%ec%84%a0%ec%9d%b8%ec%9e%a5-%ec%94%a8-%ec%98%a4%ec%9d%bc\/#primaryimage"},"image":{"@id":"https:\/\/naturalpoland.com\/ko\/je-pum\/hwa-jang-pum-won-ryo\/hwa-jang-pum-o-il\/%ec%84%a0%ec%9d%b8%ec%9e%a5-%ec%94%a8-%ec%98%a4%ec%9d%bc\/#primaryimage"},"thumbnailUrl":"https:\/\/naturalpoland.com\/wp-content\/uploads\/2021\/05\/prickly-pear-seed-oil.jpg","datePublished":"2021-05-11T11:51:43+00:00","dateModified":"2025-09-09T11:27:32+00:00","description":"\uc120\uc778\uc7a5 \uc528 \uc624\uc77c\uc740 \ucc9c\uc5f0 \ubcf4\ud1a1\uc2a4\ub85c\uc11c \ud654\uc7a5\ud488 \uc2dc\uc220\uc5d0 \uc0ac\uc6a9\ub429\ub2c8\ub2e4. 1\ub9ac\ud130\ub294 \uac70\uc758 0.5\ud1a4\uc758 \uc528\uc557\uc5d0\uc11c \ub098\uc635\ub2c8\ub2e4.","breadcrumb":{"@id":"https:\/\/naturalpoland.com\/ko\/je-pum\/hwa-jang-pum-won-ryo\/hwa-jang-pum-o-il\/%ec%84%a0%ec%9d%b8%ec%9e%a5-%ec%94%a8-%ec%98%a4%ec%9d%bc\/#breadcrumb"},"inLanguage":"ko-KR","potentialAction":[{"@type":"ReadAction","target":["https:\/\/naturalpoland.com\/ko\/je-pum\/hwa-jang-pum-won-ryo\/hwa-jang-pum-o-il\/%ec%84%a0%ec%9d%b8%ec%9e%a5-%ec%94%a8-%ec%98%a4%ec%9d%bc\/"]}]},{"@type":"ImageObject","inLanguage":"ko-KR","@id":"https:\/\/naturalpoland.com\/ko\/je-pum\/hwa-jang-pum-won-ryo\/hwa-jang-pum-o-il\/%ec%84%a0%ec%9d%b8%ec%9e%a5-%ec%94%a8-%ec%98%a4%ec%9d%bc\/#primaryimage","url":"https:\/\/naturalpoland.com\/wp-content\/uploads\/2021\/05\/prickly-pear-seed-oil.jpg","contentUrl":"https:\/\/naturalpoland.com\/wp-content\/uploads\/2021\/05\/prickly-pear-seed-oil.jpg","width":800,"height":800,"caption":"\uc120\uc778\uc7a5 \uc528 \uc624\uc77c"},{"@type":"BreadcrumbList","@id":"https:\/\/naturalpoland.com\/ko\/je-pum\/hwa-jang-pum-won-ryo\/hwa-jang-pum-o-il\/%ec%84%a0%ec%9d%b8%ec%9e%a5-%ec%94%a8-%ec%98%a4%ec%9d%bc\/#breadcrumb","itemListElement":[{"@type":"ListItem","position":1,"name":"\ud648","item":"https:\/\/naturalpoland.com\/ko\/"},{"@type":"ListItem","position":2,"name":"\uc81c\ud488","item":"https:\/\/naturalpoland.com\/ko\/%ec%a0%9c%ed%92%88\/"},{"@type":"ListItem","position":3,"name":"\uc120\uc778\uc7a5 \uc528 \uc624\uc77c"}]},{"@type":"WebSite","@id":"https:\/\/naturalpoland.com\/ko\/#website","url":"https:\/\/naturalpoland.com\/ko\/","name":"NATURAL POLAND - Hurtowy Dystrybutor Surowc\u00f3w","description":"Surowce dla przemys\u0142u spo\u017cywczego, kosmetycznego i farmaceutycznego","publisher":{"@id":"https:\/\/naturalpoland.com\/ko\/#organization"},"potentialAction":[{"@type":"SearchAction","target":{"@type":"EntryPoint","urlTemplate":"https:\/\/naturalpoland.com\/ko\/?s={search_term_string}"},"query-input":{"@type":"PropertyValueSpecification","valueRequired":true,"valueName":"search_term_string"}}],"inLanguage":"ko-KR"},{"@type":"Organization","@id":"https:\/\/naturalpoland.com\/ko\/#organization","name":"Natural Poland","url":"https:\/\/naturalpoland.com\/ko\/","logo":{"@type":"ImageObject","inLanguage":"ko-KR","@id":"https:\/\/naturalpoland.com\/ko\/#\/schema\/logo\/image\/","url":"https:\/\/naturalpoland.com\/wp-content\/uploads\/2021\/05\/natural-poland-icon.png","contentUrl":"https:\/\/naturalpoland.com\/wp-content\/uploads\/2021\/05\/natural-poland-icon.png","width":512,"height":512,"caption":"Natural Poland"},"image":{"@id":"https:\/\/naturalpoland.com\/ko\/#\/schema\/logo\/image\/"},"sameAs":["https:\/\/www.facebook.com\/naturalpoland.b2b","https:\/\/pl.linkedin.com\/company\/natural-poland","https:\/\/www.youtube.com\/channel\/UCgeGGkvOMahZo-xu_MSEWxg"]}]}},"_links":{"self":[{"href":"https:\/\/naturalpoland.com\/ko\/wp-json\/wp\/v2\/product\/43221","targetHints":{"allow":["GET"]}}],"collection":[{"href":"https:\/\/naturalpoland.com\/ko\/wp-json\/wp\/v2\/product"}],"about":[{"href":"https:\/\/naturalpoland.com\/ko\/wp-json\/wp\/v2\/types\/product"}],"wp:featuredmedia":[{"embeddable":true,"href":"https:\/\/naturalpoland.com\/ko\/wp-json\/wp\/v2\/media\/43222"}],"wp:attachment":[{"href":"https:\/\/naturalpoland.com\/ko\/wp-json\/wp\/v2\/media?parent=43221"}],"wp:term":[{"taxonomy":"product_brand","embeddable":true,"href":"https:\/\/naturalpoland.com\/ko\/wp-json\/wp\/v2\/product_brand?post=43221"},{"taxonomy":"product_cat","embeddable":true,"href":"https:\/\/naturalpoland.com\/ko\/wp-json\/wp\/v2\/product_cat?post=43221"},{"taxonomy":"product_tag","embeddable":true,"href":"https:\/\/naturalpoland.com\/ko\/wp-json\/wp\/v2\/product_tag?post=43221"}],"curies":[{"name":"wp","href":"https:\/\/api.w.org\/{rel}","templated":true}]}}