{"id":43224,"date":"2021-05-11T13:51:22","date_gmt":"2021-05-11T11:51:22","guid":{"rendered":"https:\/\/naturalpoland.com\/produkty\/uncategorized\/%ed%95%b4%eb%b0%94%eb%9d%bc%ea%b8%b0%ec%94%a8%ec%9c%a0\/"},"modified":"2025-09-09T13:29:46","modified_gmt":"2025-09-09T11:29:46","slug":"%ed%95%b4%eb%b0%94%eb%9d%bc%ea%b8%b0%ec%94%a8%ec%9c%a0","status":"publish","type":"product","link":"https:\/\/naturalpoland.com\/ko\/je-pum\/sig-yong-mit-hwa-jang-pum-yong-o-il\/%ed%95%b4%eb%b0%94%eb%9d%bc%ea%b8%b0%ec%94%a8%ec%9c%a0\/","title":{"rendered":"\ud574\ubc14\ub77c\uae30\uc528\uc720"},"content":{"rendered":"<h2>\ud2b9\uc131 \ubc0f \uc131\ubd84:<\/h2>\n<p>\ub0c9\uc555\ucc29 \ud574\ubc14\ub77c\uae30\uc720\ub294 \uadc0\uc911\ud55c \ubd88\ud3ec\ud654 \uc9c0\ubc29\uc0b0, \ud2b9\ud788 \ub9ac\ub180\ub808\uc0b0(\uc624\uba54\uac00-6)\uc758 \uacf5\uae09\uc6d0\uc785\ub2c8\ub2e4. \uc774 \uc678\uc5d0\ub3c4 \uc21c\ud658\uacc4 \ubc0f \uc2e0\uacbd\uacc4 \uae30\ub2a5\uc744 \uc9c0\uc6d0\ud558\uace0 &#8220;\ub098\uc05c&#8221; LDL \ucf5c\ub808\uc2a4\ud14c\ub864 \uc218\uce58\ub97c \ub0ae\ucd94\ub294 \ub370 \uae30\uc5ec\ud558\ub294 \uc62c\ub808\uc0b0(\uc624\uba54\uac00-9)\ub3c4 \ud568\uc720\ud558\uace0 \uc788\uc2b5\ub2c8\ub2e4. \uc774\ub7ec\ud55c \ud2b9\uc131 \ub355\ubd84\uc5d0 \ud574\ubc14\ub77c\uae30\uc720\ub294 <strong>\uc2ec\uc7a5 \uac74\uac15\uc5d0 \uc720\uc775\ud558\uba70<\/strong>, <strong>\ud638\ub974\ubaac \uade0\ud615<\/strong> \ubc0f <strong>\uac74\uac15\ud55c \ud53c\ubd80<\/strong>\ub97c \uc9c0\uc6d0\ud569\ub2c8\ub2e4.  <\/p>\n<p><strong>\uc9c0\ubc29\uc0b0 \uad6c\uc131:<\/strong><\/p>\n<ul>\n<li>\ub9ac\ub180\ub808\uc0b0(\uc624\uba54\uac00-6): 58.84%<\/li>\n<li>\uc62c\ub808\uc0b0(\uc624\uba54\uac00-9): 29.36%<\/li>\n<li>\ud314\ubbf8\ud2b8\uc0b0: 6.97%<\/li>\n<li>\uc2a4\ud14c\uc544\ub974\uc0b0: 3.52%<\/li>\n<li>\ub9ac\ub180\ub80c\uc0b0(\uc624\uba54\uac00-3): 0.13%<\/li>\n<\/ul>\n<p>\ud574\ubc14\ub77c\uae30\uc528\uc720\ub294 &#8220;\uc80a\uc74c\uc758 \ube44\ud0c0\ubbfc&#8221;\uc73c\ub85c \uc54c\ub824\uc9c4 \ube44\ud0c0\ubbfc E\uac00 \ud48d\ubd80\ud558\uc5ec <strong>\ud65c\uc131 \uc0b0\uc18c\ub97c \uc911\ud654\ud558\uace0<\/strong> \ud53c\ubd80 \ub178\ud654 \uacfc\uc815\uc744 \uc9c0\uc5f0\uc2dc\ud0a4\uba70 \uc870\uc9c1 \uc7ac\uc0dd\uc744 \ub3d5\uc2b5\ub2c8\ub2e4. \ub610\ud55c \ube44\ud0c0\ubbfc B\uad70\uacfc \ub808\uc2dc\ud2f4\uc758 \ud568\uc720\ub85c <strong>\ub1cc \uae30\ub2a5<\/strong> \ubc0f <strong>\ud53c\ubd80\uc640 \ubaa8\ubc1c \uac74\uac15<\/strong>\uc5d0 \uae0d\uc815\uc801\uc778 \uc601\ud5a5\uc744 \ubbf8\uce69\ub2c8\ub2e4. <\/p>\n<p>\ud574\ubc14\ub77c\uae30\uc720\ub294 \ub610\ud55c \ud53c\ubd80 \uac74\uac15\uc5d0 \uae30\uc5ec\ud558\uace0 <strong>\ud56d\uc5fc\uc99d \uc791\uc6a9<\/strong>\uc744 \uc9c0\uc6d0\ud558\ub294 \ud53c\ud1a0\uc2a4\ud14c\ub864\uacfc \uce74\ub85c\ud2f0\ub178\uc774\ub4dc\uc758 \ucc9c\uc5f0 \uacf5\uae09\uc6d0\uc785\ub2c8\ub2e4.<\/p>\n<h2>\ud574\ubc14\ub77c\uae30\uc720\uc758 \ud65c\uc6a9:<\/h2>\n<p><strong>\uc2dd\ud488 \uc0b0\uc5c5:<\/strong><\/p>\n<p>\ub0c9\uc555\ucc29 \ud574\ubc14\ub77c\uae30\uc720\ub294 \ud2b9\uc720\uc758 \uc740\uc740\ud55c \uacac\uacfc\ub958 \ub9db\uc774 \ub098\uba70, \ucc28\uac00\uc6b4 \uc694\ub9ac\uc5d0 \uc774\uc0c1\uc801\uc785\ub2c8\ub2e4. \uc18c\uc2a4, \ub525, \ub9c8\ub9ac\ub124\uc774\ub4dc, \uc0d0\ub7ec\ub4dc \ub4f1\uc758 \uc7ac\ub8cc\ub85c \ud6cc\ub96d\ud558\uac8c \ud65c\uc6a9\ub429\ub2c8\ub2e4. \uace0\uc628\uc5d0\uc11c \uadc0\uc911\ud55c \uc601\uc591\uc18c\uac00 \ud30c\uad34\ub418\ubbc0\ub85c \ud280\uae40\uc774\ub098 \ubca0\uc774\ud0b9\uc5d0\ub294 \uc0ac\uc6a9\ud558\uc9c0 \uc54a\uc544\uc57c \ud569\ub2c8\ub2e4. \uc8fc\ubc29\uc5d0\uc11c\ub294 \uc0d0\ub7ec\ub4dc, \uc18c\uc2a4, \ub9c8\uc694\ub124\uc988 \ub4f1 \ucc28\uac00\uc6b4 \uc694\ub9ac\uc5d0 \ucca8\uac00\ud558\uc5ec \ucd94\uac00\uc801\uc778 \ub9db\uacfc \uac74\uac15\uc0c1\uc758 \uc774\uc810\uc744 \ub354\ud558\ub294 \uac83\uc774 \uac00\uc7a5 \uc88b\uc2b5\ub2c8\ub2e4.   <\/p>\n<p><strong>\ud654\uc7a5\ud488 \uc0b0\uc5c5:<\/strong><\/p>\n<p>\ud574\ubc14\ub77c\uae30\uc528\uc720\ub294 \ucc9c\uc5f0 \ud654\uc7a5\ud488\uc5d0 \ub110\ub9ac \uc0ac\uc6a9\ub429\ub2c8\ub2e4. \ubcf4\uc2b5 \ubc0f \uc7ac\uc0dd \ud2b9\uc131\uc744 \uc9c0\ub2c8\uace0 \uc788\uc5b4 \uac74\uc870\ud558\uace0 \ubbfc\uac10\ud55c \ud53c\ubd80 \uad00\ub9ac\uc5d0 \uc801\ud569\ud558\uba70, \ud5e4\uc5b4 \uc624\uc77c\ub9c1\uc758 \ubca0\uc774\uc2a4\ub85c\ub3c4 \ud65c\uc6a9\ub420 \uc218 \uc788\uc2b5\ub2c8\ub2e4. <\/p>\n<p>\ub610\ud55c \uc774 \uc624\uc77c\uc740 \uc5fc\uc99d \uc644\ud654\uc5d0 \ub3c4\uc6c0\uc744 \uc8fc\uba70, \ud56d\uc0b0\ud654 \ud2b9\uc131\uc740 \ub178\ud654 \uc9d5\ud6c4\uc640\uc758 \uc2f8\uc6c0\uc744 \uc9c0\uc6d0\ud569\ub2c8\ub2e4. \ubcf4\uc2b5 \ubc0f \uc7ac\uc0dd\uc774 \ud544\uc694\ud55c \ubd80\uc704\uc5d0 \uc9c1\uc811 \ubd80\ub4dc\ub7fd\uac8c \ub9c8\uc0ac\uc9c0\ud558\uc5ec \uc0ac\uc6a9\ud558\uac70\ub098, \ub9c8\uc2a4\ud06c\ud329, \ud06c\ub9bc, \ubc24 \ub4f1\uc5d0 \ucca8\uac00\ud558\uc5ec \uc790\uc2e0\ub9cc\uc758 \uc2a4\ud0a8\ucf00\uc5b4 \ud3ec\ubbac\ub7ec\ub97c \ub9cc\ub4e4 \uc218 \uc788\uc2b5\ub2c8\ub2e4. <\/p>\n","protected":false},"excerpt":{"rendered":"<p><strong>\ub0c9\uc555\ucc29 \ud574\ubc14\ub77c\uae30\uc720<\/strong>\ub294 \ud574\ubc14\ub77c\uae30\uc528(<em>Helianthus Annuus<\/em>)\uc5d0\uc11c \ucd94\ucd9c\ub418\ub294 \ube44\uc815\uc81c \uc2dd\ubb3c\uc131 \uc624\uc77c\uc785\ub2c8\ub2e4. \uace0\uc628\uc744 \uc0ac\uc6a9\ud558\uc9c0 \uc54a\ub294 \ub0c9\uc555\ucc29 \uacf5\uc815\uc740 \uc528\uc557\uc5d0 \ud568\uc720\ub41c \ucc9c\uc5f0 \ud2b9\uc131\uacfc \uc601\uc591\uc18c\ub97c \ubcf4\uc874\ud569\ub2c8\ub2e4. \uc774 \uc624\uc77c\uc740 \uc5b4\ub5a0\ud55c \ud654\ud559 \ucca8\uac00\ubb3c\uc774\ub098 \ubc29\ubd80\uc81c\ub3c4 \ud3ec\ud568\ud558\uc9c0 \uc54a\uc73c\uba70, \uc644\uc804\ud788 \ucc9c\uc5f0 \uc81c\ud488\uc785\ub2c8\ub2e4.  <\/p>\n","protected":false},"featured_media":43226,"template":"","meta":{"_acf_changed":false},"product_brand":[],"product_cat":[8135],"product_tag":[],"class_list":{"0":"post-43224","1":"product","2":"type-product","3":"status-publish","4":"has-post-thumbnail","6":"product_cat-sig-yong-mit-hwa-jang-pum-yong-o-il","8":"first","9":"instock","10":"shipping-taxable","11":"product-type-simple"},"acf":[],"yoast_head":"<!-- This site is optimized with the Yoast SEO plugin v27.4 - https:\/\/yoast.com\/product\/yoast-seo-wordpress\/ -->\n<title>NATURAL POLAND &#8211; Hurtowy Dystrybutor Surowc\u00f3w<\/title>\n<meta name=\"description\" content=\"\ub0c9\uc555\ucc29 \ud574\ubc14\ub77c\uae30\uc528\uc720\ub294 \ud574\ubc14\ub77c\uae30\uc528(Helianthus Annuus)\uc5d0\uc11c \ucd94\ucd9c\ub418\ub294 \uace0\ud488\uc9c8\uc758 \ube44\uc815\uc81c \uc2dd\ubb3c\uc131 \uc624\uc77c\uc785\ub2c8\ub2e4.\" \/>\n<meta name=\"robots\" content=\"index, follow, max-snippet:-1, max-image-preview:large, max-video-preview:-1\" \/>\n<link rel=\"canonical\" href=\"https:\/\/naturalpoland.com\/ko\/je-pum\/sig-yong-mit-hwa-jang-pum-yong-o-il\/%ed%95%b4%eb%b0%94%eb%9d%bc%ea%b8%b0%ec%94%a8%ec%9c%a0\/\" \/>\n<meta property=\"og:locale\" content=\"ko_KR\" \/>\n<meta property=\"og:type\" content=\"article\" \/>\n<meta property=\"og:description\" content=\"\ub0c9\uc555\ucc29 \ud574\ubc14\ub77c\uae30\uc528\uc720\ub294 \ud574\ubc14\ub77c\uae30\uc528(Helianthus Annuus)\uc5d0\uc11c \ucd94\ucd9c\ub418\ub294 \uace0\ud488\uc9c8\uc758 \ube44\uc815\uc81c \uc2dd\ubb3c\uc131 \uc624\uc77c\uc785\ub2c8\ub2e4.\" \/>\n<meta property=\"og:url\" content=\"https:\/\/naturalpoland.com\/ko\/je-pum\/sig-yong-mit-hwa-jang-pum-yong-o-il\/%ed%95%b4%eb%b0%94%eb%9d%bc%ea%b8%b0%ec%94%a8%ec%9c%a0\/\" \/>\n<meta property=\"og:site_name\" content=\"NATURAL POLAND - Hurtowy Dystrybutor Surowc\u00f3w\" \/>\n<meta property=\"article:publisher\" content=\"https:\/\/www.facebook.com\/naturalpoland.b2b\" \/>\n<meta property=\"article:modified_time\" content=\"2025-09-09T11:29:46+00:00\" \/>\n<meta property=\"og:image\" content=\"https:\/\/naturalpoland.com\/wp-content\/uploads\/olej-slonecznikowy.webp\" \/>\n\t<meta property=\"og:image:width\" content=\"619\" \/>\n\t<meta property=\"og:image:height\" content=\"619\" \/>\n\t<meta property=\"og:image:type\" content=\"image\/webp\" \/>\n<script type=\"application\/ld+json\" class=\"yoast-schema-graph\">{\"@context\":\"https:\\\/\\\/schema.org\",\"@graph\":[{\"@type\":\"WebPage\",\"@id\":\"https:\\\/\\\/naturalpoland.com\\\/ko\\\/je-pum\\\/sig-yong-mit-hwa-jang-pum-yong-o-il\\\/%ed%95%b4%eb%b0%94%eb%9d%bc%ea%b8%b0%ec%94%a8%ec%9c%a0\\\/\",\"url\":\"https:\\\/\\\/naturalpoland.com\\\/ko\\\/je-pum\\\/sig-yong-mit-hwa-jang-pum-yong-o-il\\\/%ed%95%b4%eb%b0%94%eb%9d%bc%ea%b8%b0%ec%94%a8%ec%9c%a0\\\/\",\"name\":\"\",\"isPartOf\":{\"@id\":\"https:\\\/\\\/naturalpoland.com\\\/ko\\\/#website\"},\"primaryImageOfPage\":{\"@id\":\"https:\\\/\\\/naturalpoland.com\\\/ko\\\/je-pum\\\/sig-yong-mit-hwa-jang-pum-yong-o-il\\\/%ed%95%b4%eb%b0%94%eb%9d%bc%ea%b8%b0%ec%94%a8%ec%9c%a0\\\/#primaryimage\"},\"image\":{\"@id\":\"https:\\\/\\\/naturalpoland.com\\\/ko\\\/je-pum\\\/sig-yong-mit-hwa-jang-pum-yong-o-il\\\/%ed%95%b4%eb%b0%94%eb%9d%bc%ea%b8%b0%ec%94%a8%ec%9c%a0\\\/#primaryimage\"},\"thumbnailUrl\":\"https:\\\/\\\/naturalpoland.com\\\/wp-content\\\/uploads\\\/olej-slonecznikowy.webp\",\"datePublished\":\"2021-05-11T11:51:22+00:00\",\"dateModified\":\"2025-09-09T11:29:46+00:00\",\"description\":\"\ub0c9\uc555\ucc29 \ud574\ubc14\ub77c\uae30\uc528\uc720\ub294 \ud574\ubc14\ub77c\uae30\uc528(Helianthus Annuus)\uc5d0\uc11c \ucd94\ucd9c\ub418\ub294 \uace0\ud488\uc9c8\uc758 \ube44\uc815\uc81c \uc2dd\ubb3c\uc131 \uc624\uc77c\uc785\ub2c8\ub2e4.\",\"breadcrumb\":{\"@id\":\"https:\\\/\\\/naturalpoland.com\\\/ko\\\/je-pum\\\/sig-yong-mit-hwa-jang-pum-yong-o-il\\\/%ed%95%b4%eb%b0%94%eb%9d%bc%ea%b8%b0%ec%94%a8%ec%9c%a0\\\/#breadcrumb\"},\"inLanguage\":\"ko-KR\",\"potentialAction\":[{\"@type\":\"ReadAction\",\"target\":[\"https:\\\/\\\/naturalpoland.com\\\/ko\\\/je-pum\\\/sig-yong-mit-hwa-jang-pum-yong-o-il\\\/%ed%95%b4%eb%b0%94%eb%9d%bc%ea%b8%b0%ec%94%a8%ec%9c%a0\\\/\"]}]},{\"@type\":\"ImageObject\",\"inLanguage\":\"ko-KR\",\"@id\":\"https:\\\/\\\/naturalpoland.com\\\/ko\\\/je-pum\\\/sig-yong-mit-hwa-jang-pum-yong-o-il\\\/%ed%95%b4%eb%b0%94%eb%9d%bc%ea%b8%b0%ec%94%a8%ec%9c%a0\\\/#primaryimage\",\"url\":\"https:\\\/\\\/naturalpoland.com\\\/wp-content\\\/uploads\\\/olej-slonecznikowy.webp\",\"contentUrl\":\"https:\\\/\\\/naturalpoland.com\\\/wp-content\\\/uploads\\\/olej-slonecznikowy.webp\",\"width\":619,\"height\":619,\"caption\":\"\ud574\ubc14\ub77c\uae30\uc720\"},{\"@type\":\"BreadcrumbList\",\"@id\":\"https:\\\/\\\/naturalpoland.com\\\/ko\\\/je-pum\\\/sig-yong-mit-hwa-jang-pum-yong-o-il\\\/%ed%95%b4%eb%b0%94%eb%9d%bc%ea%b8%b0%ec%94%a8%ec%9c%a0\\\/#breadcrumb\",\"itemListElement\":[{\"@type\":\"ListItem\",\"position\":1,\"name\":\"\ud648\",\"item\":\"https:\\\/\\\/naturalpoland.com\\\/ko\\\/\"},{\"@type\":\"ListItem\",\"position\":2,\"name\":\"\uc81c\ud488\",\"item\":\"https:\\\/\\\/naturalpoland.com\\\/ko\\\/%ec%a0%9c%ed%92%88\\\/\"},{\"@type\":\"ListItem\",\"position\":3,\"name\":\"\ud574\ubc14\ub77c\uae30\uc528\uc720\"}]},{\"@type\":\"WebSite\",\"@id\":\"https:\\\/\\\/naturalpoland.com\\\/ko\\\/#website\",\"url\":\"https:\\\/\\\/naturalpoland.com\\\/ko\\\/\",\"name\":\"NATURAL POLAND - Hurtowy Dystrybutor Surowc\u00f3w\",\"description\":\"Surowce dla przemys\u0142u spo\u017cywczego, kosmetycznego i farmaceutycznego\",\"publisher\":{\"@id\":\"https:\\\/\\\/naturalpoland.com\\\/ko\\\/#organization\"},\"potentialAction\":[{\"@type\":\"SearchAction\",\"target\":{\"@type\":\"EntryPoint\",\"urlTemplate\":\"https:\\\/\\\/naturalpoland.com\\\/ko\\\/?s={search_term_string}\"},\"query-input\":{\"@type\":\"PropertyValueSpecification\",\"valueRequired\":true,\"valueName\":\"search_term_string\"}}],\"inLanguage\":\"ko-KR\"},{\"@type\":\"Organization\",\"@id\":\"https:\\\/\\\/naturalpoland.com\\\/ko\\\/#organization\",\"name\":\"Natural Poland\",\"url\":\"https:\\\/\\\/naturalpoland.com\\\/ko\\\/\",\"logo\":{\"@type\":\"ImageObject\",\"inLanguage\":\"ko-KR\",\"@id\":\"https:\\\/\\\/naturalpoland.com\\\/ko\\\/#\\\/schema\\\/logo\\\/image\\\/\",\"url\":\"https:\\\/\\\/naturalpoland.com\\\/wp-content\\\/uploads\\\/2021\\\/05\\\/natural-poland-icon.png\",\"contentUrl\":\"https:\\\/\\\/naturalpoland.com\\\/wp-content\\\/uploads\\\/2021\\\/05\\\/natural-poland-icon.png\",\"width\":512,\"height\":512,\"caption\":\"Natural Poland\"},\"image\":{\"@id\":\"https:\\\/\\\/naturalpoland.com\\\/ko\\\/#\\\/schema\\\/logo\\\/image\\\/\"},\"sameAs\":[\"https:\\\/\\\/www.facebook.com\\\/naturalpoland.b2b\",\"https:\\\/\\\/pl.linkedin.com\\\/company\\\/natural-poland\",\"https:\\\/\\\/www.youtube.com\\\/channel\\\/UCgeGGkvOMahZo-xu_MSEWxg\"]}]}<\/script>\n<!-- \/ Yoast SEO plugin. -->","yoast_head_json":{"title":"NATURAL POLAND &#8211; Hurtowy Dystrybutor Surowc\u00f3w","description":"\ub0c9\uc555\ucc29 \ud574\ubc14\ub77c\uae30\uc528\uc720\ub294 \ud574\ubc14\ub77c\uae30\uc528(Helianthus Annuus)\uc5d0\uc11c \ucd94\ucd9c\ub418\ub294 \uace0\ud488\uc9c8\uc758 \ube44\uc815\uc81c \uc2dd\ubb3c\uc131 \uc624\uc77c\uc785\ub2c8\ub2e4.","robots":{"index":"index","follow":"follow","max-snippet":"max-snippet:-1","max-image-preview":"max-image-preview:large","max-video-preview":"max-video-preview:-1"},"canonical":"https:\/\/naturalpoland.com\/ko\/je-pum\/sig-yong-mit-hwa-jang-pum-yong-o-il\/%ed%95%b4%eb%b0%94%eb%9d%bc%ea%b8%b0%ec%94%a8%ec%9c%a0\/","og_locale":"ko_KR","og_type":"article","og_description":"\ub0c9\uc555\ucc29 \ud574\ubc14\ub77c\uae30\uc528\uc720\ub294 \ud574\ubc14\ub77c\uae30\uc528(Helianthus Annuus)\uc5d0\uc11c \ucd94\ucd9c\ub418\ub294 \uace0\ud488\uc9c8\uc758 \ube44\uc815\uc81c \uc2dd\ubb3c\uc131 \uc624\uc77c\uc785\ub2c8\ub2e4.","og_url":"https:\/\/naturalpoland.com\/ko\/je-pum\/sig-yong-mit-hwa-jang-pum-yong-o-il\/%ed%95%b4%eb%b0%94%eb%9d%bc%ea%b8%b0%ec%94%a8%ec%9c%a0\/","og_site_name":"NATURAL POLAND - Hurtowy Dystrybutor Surowc\u00f3w","article_publisher":"https:\/\/www.facebook.com\/naturalpoland.b2b","article_modified_time":"2025-09-09T11:29:46+00:00","og_image":[{"width":619,"height":619,"url":"https:\/\/naturalpoland.com\/wp-content\/uploads\/olej-slonecznikowy.webp","type":"image\/webp"}],"schema":{"@context":"https:\/\/schema.org","@graph":[{"@type":"WebPage","@id":"https:\/\/naturalpoland.com\/ko\/je-pum\/sig-yong-mit-hwa-jang-pum-yong-o-il\/%ed%95%b4%eb%b0%94%eb%9d%bc%ea%b8%b0%ec%94%a8%ec%9c%a0\/","url":"https:\/\/naturalpoland.com\/ko\/je-pum\/sig-yong-mit-hwa-jang-pum-yong-o-il\/%ed%95%b4%eb%b0%94%eb%9d%bc%ea%b8%b0%ec%94%a8%ec%9c%a0\/","name":"","isPartOf":{"@id":"https:\/\/naturalpoland.com\/ko\/#website"},"primaryImageOfPage":{"@id":"https:\/\/naturalpoland.com\/ko\/je-pum\/sig-yong-mit-hwa-jang-pum-yong-o-il\/%ed%95%b4%eb%b0%94%eb%9d%bc%ea%b8%b0%ec%94%a8%ec%9c%a0\/#primaryimage"},"image":{"@id":"https:\/\/naturalpoland.com\/ko\/je-pum\/sig-yong-mit-hwa-jang-pum-yong-o-il\/%ed%95%b4%eb%b0%94%eb%9d%bc%ea%b8%b0%ec%94%a8%ec%9c%a0\/#primaryimage"},"thumbnailUrl":"https:\/\/naturalpoland.com\/wp-content\/uploads\/olej-slonecznikowy.webp","datePublished":"2021-05-11T11:51:22+00:00","dateModified":"2025-09-09T11:29:46+00:00","description":"\ub0c9\uc555\ucc29 \ud574\ubc14\ub77c\uae30\uc528\uc720\ub294 \ud574\ubc14\ub77c\uae30\uc528(Helianthus Annuus)\uc5d0\uc11c \ucd94\ucd9c\ub418\ub294 \uace0\ud488\uc9c8\uc758 \ube44\uc815\uc81c \uc2dd\ubb3c\uc131 \uc624\uc77c\uc785\ub2c8\ub2e4.","breadcrumb":{"@id":"https:\/\/naturalpoland.com\/ko\/je-pum\/sig-yong-mit-hwa-jang-pum-yong-o-il\/%ed%95%b4%eb%b0%94%eb%9d%bc%ea%b8%b0%ec%94%a8%ec%9c%a0\/#breadcrumb"},"inLanguage":"ko-KR","potentialAction":[{"@type":"ReadAction","target":["https:\/\/naturalpoland.com\/ko\/je-pum\/sig-yong-mit-hwa-jang-pum-yong-o-il\/%ed%95%b4%eb%b0%94%eb%9d%bc%ea%b8%b0%ec%94%a8%ec%9c%a0\/"]}]},{"@type":"ImageObject","inLanguage":"ko-KR","@id":"https:\/\/naturalpoland.com\/ko\/je-pum\/sig-yong-mit-hwa-jang-pum-yong-o-il\/%ed%95%b4%eb%b0%94%eb%9d%bc%ea%b8%b0%ec%94%a8%ec%9c%a0\/#primaryimage","url":"https:\/\/naturalpoland.com\/wp-content\/uploads\/olej-slonecznikowy.webp","contentUrl":"https:\/\/naturalpoland.com\/wp-content\/uploads\/olej-slonecznikowy.webp","width":619,"height":619,"caption":"\ud574\ubc14\ub77c\uae30\uc720"},{"@type":"BreadcrumbList","@id":"https:\/\/naturalpoland.com\/ko\/je-pum\/sig-yong-mit-hwa-jang-pum-yong-o-il\/%ed%95%b4%eb%b0%94%eb%9d%bc%ea%b8%b0%ec%94%a8%ec%9c%a0\/#breadcrumb","itemListElement":[{"@type":"ListItem","position":1,"name":"\ud648","item":"https:\/\/naturalpoland.com\/ko\/"},{"@type":"ListItem","position":2,"name":"\uc81c\ud488","item":"https:\/\/naturalpoland.com\/ko\/%ec%a0%9c%ed%92%88\/"},{"@type":"ListItem","position":3,"name":"\ud574\ubc14\ub77c\uae30\uc528\uc720"}]},{"@type":"WebSite","@id":"https:\/\/naturalpoland.com\/ko\/#website","url":"https:\/\/naturalpoland.com\/ko\/","name":"NATURAL POLAND - Hurtowy Dystrybutor Surowc\u00f3w","description":"Surowce dla przemys\u0142u spo\u017cywczego, kosmetycznego i farmaceutycznego","publisher":{"@id":"https:\/\/naturalpoland.com\/ko\/#organization"},"potentialAction":[{"@type":"SearchAction","target":{"@type":"EntryPoint","urlTemplate":"https:\/\/naturalpoland.com\/ko\/?s={search_term_string}"},"query-input":{"@type":"PropertyValueSpecification","valueRequired":true,"valueName":"search_term_string"}}],"inLanguage":"ko-KR"},{"@type":"Organization","@id":"https:\/\/naturalpoland.com\/ko\/#organization","name":"Natural Poland","url":"https:\/\/naturalpoland.com\/ko\/","logo":{"@type":"ImageObject","inLanguage":"ko-KR","@id":"https:\/\/naturalpoland.com\/ko\/#\/schema\/logo\/image\/","url":"https:\/\/naturalpoland.com\/wp-content\/uploads\/2021\/05\/natural-poland-icon.png","contentUrl":"https:\/\/naturalpoland.com\/wp-content\/uploads\/2021\/05\/natural-poland-icon.png","width":512,"height":512,"caption":"Natural Poland"},"image":{"@id":"https:\/\/naturalpoland.com\/ko\/#\/schema\/logo\/image\/"},"sameAs":["https:\/\/www.facebook.com\/naturalpoland.b2b","https:\/\/pl.linkedin.com\/company\/natural-poland","https:\/\/www.youtube.com\/channel\/UCgeGGkvOMahZo-xu_MSEWxg"]}]}},"_links":{"self":[{"href":"https:\/\/naturalpoland.com\/ko\/wp-json\/wp\/v2\/product\/43224","targetHints":{"allow":["GET"]}}],"collection":[{"href":"https:\/\/naturalpoland.com\/ko\/wp-json\/wp\/v2\/product"}],"about":[{"href":"https:\/\/naturalpoland.com\/ko\/wp-json\/wp\/v2\/types\/product"}],"wp:featuredmedia":[{"embeddable":true,"href":"https:\/\/naturalpoland.com\/ko\/wp-json\/wp\/v2\/media\/43226"}],"wp:attachment":[{"href":"https:\/\/naturalpoland.com\/ko\/wp-json\/wp\/v2\/media?parent=43224"}],"wp:term":[{"taxonomy":"product_brand","embeddable":true,"href":"https:\/\/naturalpoland.com\/ko\/wp-json\/wp\/v2\/product_brand?post=43224"},{"taxonomy":"product_cat","embeddable":true,"href":"https:\/\/naturalpoland.com\/ko\/wp-json\/wp\/v2\/product_cat?post=43224"},{"taxonomy":"product_tag","embeddable":true,"href":"https:\/\/naturalpoland.com\/ko\/wp-json\/wp\/v2\/product_tag?post=43224"}],"curies":[{"name":"wp","href":"https:\/\/api.w.org\/{rel}","templated":true}]}}