{"id":43227,"date":"2021-05-11T13:39:22","date_gmt":"2021-05-11T11:39:22","guid":{"rendered":"https:\/\/naturalpoland.com\/produkty\/uncategorized\/%ec%9d%80%ed%96%89%eb%82%98%eb%ac%b4-%ec%b6%94%ec%b6%9c%eb%ac%bc-%ec%9d%bc%eb%b3%b8-%ec%9d%80%ed%96%89%eb%82%98%eb%ac%b4\/"},"modified":"2025-09-09T13:31:32","modified_gmt":"2025-09-09T11:31:32","slug":"%ec%9d%80%ed%96%89%eb%82%98%eb%ac%b4-%ec%b6%94%ec%b6%9c%eb%ac%bc-%ec%9d%bc%eb%b3%b8-%ec%9d%80%ed%96%89%eb%82%98%eb%ac%b4","status":"publish","type":"product","link":"https:\/\/naturalpoland.com\/ko\/je-pum\/sig-mul-chu-chul-mul\/%ec%9d%80%ed%96%89%eb%82%98%eb%ac%b4-%ec%b6%94%ec%b6%9c%eb%ac%bc-%ec%9d%bc%eb%b3%b8-%ec%9d%80%ed%96%89%eb%82%98%eb%ac%b4\/","title":{"rendered":"\uc740\ud589\ub098\ubb34 \ucd94\ucd9c\ubb3c (\uc77c\ubcf8 \uc740\ud589\ub098\ubb34)"},"content":{"rendered":"<h2>\ucd94\ucd9c\ubb3c\uc758 \ud2b9\uc131 \ubc0f \uad6c\uc131<\/h2>\n<p>\uc740\ud589\ub098\ubb34 \ucd94\ucd9c\ubb3c\uc740 \uac08\uc0c9-\ub178\ub780\uc0c9\uc758 \ubbf8\uc138\ud55c \ubd84\ub9d0 \ud615\ud0dc\ub85c, \uc57d\uac04 \uc4f4\ub9db\uc774 \ub0a9\ub2c8\ub2e4. \uc5ec\uae30\uc5d0\ub294 <a href=\"https:\/\/naturalpoland.com\/artykuly\/produkty-naturalne\/czym-sa-i-jak-dzialaja-flawonoidy\/\">\ud50c\ub77c\ubcf4\ub178\uc774\ub4dc<\/a>(\uc608: <strong><a href=\"https:\/\/naturalpoland.com\/ko\/je-pum\/ui-yak-pum-won-ryo\/geon-gang-gi-neung-sig-pum-cheom-ga-mul\/%ed%80%98%eb%a5%b4%ec%84%b8%ed%8b%b4\/\">\ud018\ub974\uc138\ud2f4<\/a><\/strong>, \ucea0\ud398\ub864), \ud14c\ub974\ud39c, <a href=\"https:\/\/naturalpoland.com\/artykuly\/produkty-naturalne\/wlasciwosci-i-zastosowanie-kwasow-fenolowych\/\">\ud398\ub180\uc0b0<\/a>\uacfc \uac19\uc740 \uc0dd\uccb4 \ud65c\uc131 \ubb3c\uc9c8 \ubc0f \ud65c\uc131 \uc0b0\uc18c\uc640 \uc2f8\uc6b0\ub294 \ub370 \ub3c4\uc6c0\uc774 \ub418\ub294 \ud56d\uc0b0\ud654\uc81c\uac00 \ud3ec\ud568\ub418\uc5b4 \uc788\uc2b5\ub2c8\ub2e4. \ud56d\uc0b0\ud654 \ud2b9\uc131 \ub355\ubd84\uc5d0 \uc774 \ucd94\ucd9c\ubb3c\uc740 DNA \ubcf4\ud638 \ubc0f \uc138\ud3ec \uc7ac\uc0dd\uc744 \uc9c0\uc6d0\ud558\uc5ec \ub178\ud654 \uacfc\uc815\uc744 \ub2a6\ucda5\ub2c8\ub2e4.  <\/p>\n<h2>\ud6a8\ub2a5 \ubc0f \uc801\uc6a9<\/h2>\n<p>\uc740\ud589\ub098\ubb34 \ucd94\ucd9c\ubb3c\uc740 \ub2e4\uc74c\uacfc \uac19\uc740 \uae0d\uc815\uc801\uc778 \ud6a8\uacfc\ub97c \ub098\ud0c0\ub0c5\ub2c8\ub2e4:<\/p>\n<ul>\n<li><strong>\uc2e0\uacbd\uacc4 \ubc0f \uc778\uc9c0 \uae30\ub2a5<\/strong>: \uae30\uc5b5\ub825, \uc9d1\uc911\ub825 \ubc0f \uc778\uc9c0 \uacfc\uc815\uc744 \uc9c0\uc6d0\ud558\uc5ec \ub178\uc778\uc774\ub098 \uc815\uc2e0\uc801 \ub178\ub825\uc774 \uc99d\uac00\ud558\ub294 \uc2dc\uae30\uc5d0 \uc774\uc0c1\uc801\uc778 \uc9c0\uc6d0\uc774 \ub429\ub2c8\ub2e4.<\/li>\n<li><strong>\uc21c\ud658\uacc4<\/strong>: \ub9d0\ucd08 \uc21c\ud658 \ubc0f \ubbf8\uc138 \uc21c\ud658\uc744 \uac1c\uc120\ud558\uc5ec \ud608\uad00 \uac74\uac15\uacfc \ub1cc \uae30\ub2a5\uc744 \uc9c0\uc6d0\ud569\ub2c8\ub2e4. \ud608\uc561 \uc810\ub3c4\ub97c \ub0ae\ucd94\uace0 \ud608\uc804 \uc704\ud5d8\uc744 \uc904\uc774\uba70, \uc0dd\uc2dd\uae30 \ud608\uc561 \uacf5\uae09\uc744 \uc9c0\uc6d0\ud560 \uc218 \uc788\uc2b5\ub2c8\ub2e4. <\/li>\n<li><strong>\ud53c\ubd80 \uac74\uac15<\/strong>: \ud56d\uc0b0\ud654\uc81c\uc640 \ud56d\uc5fc\uc99d \ud2b9\uc131 \ub355\ubd84\uc5d0 \uc774 \ucd94\ucd9c\ubb3c\uc740 \uc0b0\ud654 \uc2a4\ud2b8\ub808\uc2a4\ub85c\ubd80\ud130 \ud53c\ubd80\ub97c \ubcf4\ud638\ud558\uace0, \ud53c\ubd80 \ud0c4\ub825\uc744 \uc9c0\uc6d0\ud558\uba70, \ub178\ud654 \ubc29\uc9c0 \ud6a8\uacfc\ub97c \uc81c\uacf5\ud569\ub2c8\ub2e4. \uc140\ub8f0\ub77c\uc774\ud2b8 \ubc29\uc9c0 \ubc0f \ud0c4\ub825 \uac15\ud654 \ud654\uc7a5\ud488\uc758 \uc131\ubd84\uc73c\ub85c \uc0ac\uc6a9\ub420 \uc218 \uc788\uc2b5\ub2c8\ub2e4. <\/li>\n<\/ul>\n<h2>\uc548\uc804\uc131 \ubc0f \uc0ac\uc6a9 \uad8c\uc7a5 \uc0ac\ud56d<\/h2>\n<p>\uc740\ud589\ub098\ubb34 \ucd94\ucd9c\ubb3c\uc740 \uc801\uc808\ud55c \ubcf5\uc6a9\ub7c9\uc73c\ub85c \uc0ac\uc6a9 \uc2dc \uc548\uc804\ud558\ub2e4\uace0 \uac04\uc8fc\ub418\uc9c0\ub9cc, \ud56d\uc751\uace0\uc81c\ub97c \ubcf5\uc6a9 \uc911\uc778 \ubd84\ub4e4\uc740 \uc758\uc0ac\uc640 \uc0c1\ub2f4\ud558\ub294 \uac83\uc774 \uc88b\uc2b5\ub2c8\ub2e4.<\/p>\n","protected":false},"excerpt":{"rendered":"<p><strong>\uc740\ud589\ub098\ubb34 \ucd94\ucd9c\ubb3c<\/strong> (\uc77c\ubcf8 \uc740\ud589\ub098\ubb34 \ucd94\ucd9c\ubb3c)\uc740 \uc218\uc138\uae30 \ub3d9\uc548 \uc790\uc5f0 \uc758\ud559\uc5d0\uc11c \uc0ac\uc6a9\ub418\uc5b4 \uc628 \uc740\ud589\ub098\ubb34 \uc78e\uc5d0\uc11c \ucd94\ucd9c\ub429\ub2c8\ub2e4. \uc774 \ucd94\ucd9c\ubb3c\uc740 \uc2e0\uacbd\uacc4\uc640 \uc21c\ud658\uacc4\uc758 \uae30\ub2a5\uc744 \uc9c0\uc6d0\ud569\ub2c8\ub2e4. <\/p>\n","protected":false},"featured_media":43229,"template":"","meta":{"_acf_changed":false},"product_brand":[],"product_cat":[8134],"product_tag":[],"class_list":{"0":"post-43227","1":"product","2":"type-product","3":"status-publish","4":"has-post-thumbnail","6":"product_cat-sig-mul-chu-chul-mul","7":"pa_czesc-rosliny-8186","9":"first","10":"instock","11":"shipping-taxable","12":"product-type-simple"},"acf":[],"yoast_head":"<!-- This site is optimized with the Yoast SEO plugin v27.5 - https:\/\/yoast.com\/product\/yoast-seo-wordpress\/ -->\n<title>NATURAL POLAND &#8211; Hurtowy Dystrybutor Surowc\u00f3w<\/title>\n<meta name=\"description\" content=\"\uc740\ud589\ub098\ubb34 \ucd94\ucd9c\ubb3c\uc740 \uc2e0\uacbd\uacc4 \ubc0f \uc21c\ud658\uacc4 \uac74\uac15\ubfd0\ub9cc \uc544\ub2c8\ub77c \ud53c\ubd80 \uc0c1\ud0dc\uc5d0\ub3c4 \uc2e0\uacbd \uc4f0\ub294 \uc0ac\ub78c\ub4e4\uc744 \uc704\ud55c \uc131\ubd84\uc785\ub2c8\ub2e4.\" \/>\n<meta name=\"robots\" content=\"index, follow, max-snippet:-1, max-image-preview:large, max-video-preview:-1\" \/>\n<link rel=\"canonical\" href=\"https:\/\/naturalpoland.com\/ko\/je-pum\/sig-mul-chu-chul-mul\/%ec%9d%80%ed%96%89%eb%82%98%eb%ac%b4-%ec%b6%94%ec%b6%9c%eb%ac%bc-%ec%9d%bc%eb%b3%b8-%ec%9d%80%ed%96%89%eb%82%98%eb%ac%b4\/\" \/>\n<meta property=\"og:locale\" content=\"ko_KR\" \/>\n<meta property=\"og:type\" content=\"article\" \/>\n<meta property=\"og:description\" content=\"\uc740\ud589\ub098\ubb34 \ucd94\ucd9c\ubb3c\uc740 \uc2e0\uacbd\uacc4 \ubc0f \uc21c\ud658\uacc4 \uac74\uac15\ubfd0\ub9cc \uc544\ub2c8\ub77c \ud53c\ubd80 \uc0c1\ud0dc\uc5d0\ub3c4 \uc2e0\uacbd \uc4f0\ub294 \uc0ac\ub78c\ub4e4\uc744 \uc704\ud55c \uc131\ubd84\uc785\ub2c8\ub2e4.\" \/>\n<meta property=\"og:url\" content=\"https:\/\/naturalpoland.com\/ko\/je-pum\/sig-mul-chu-chul-mul\/%ec%9d%80%ed%96%89%eb%82%98%eb%ac%b4-%ec%b6%94%ec%b6%9c%eb%ac%bc-%ec%9d%bc%eb%b3%b8-%ec%9d%80%ed%96%89%eb%82%98%eb%ac%b4\/\" \/>\n<meta property=\"og:site_name\" content=\"NATURAL POLAND - Hurtowy Dystrybutor Surowc\u00f3w\" \/>\n<meta property=\"article:publisher\" content=\"https:\/\/www.facebook.com\/naturalpoland.b2b\" \/>\n<meta property=\"article:modified_time\" content=\"2025-09-09T11:31:32+00:00\" \/>\n<meta property=\"og:image\" content=\"https:\/\/naturalpoland.com\/wp-content\/uploads\/ekstrakt-ginkgo-biloba.webp\" \/>\n\t<meta property=\"og:image:width\" content=\"614\" \/>\n\t<meta property=\"og:image:height\" content=\"614\" \/>\n\t<meta property=\"og:image:type\" content=\"image\/webp\" \/>\n<script type=\"application\/ld+json\" class=\"yoast-schema-graph\">{\"@context\":\"https:\\\/\\\/schema.org\",\"@graph\":[{\"@type\":\"WebPage\",\"@id\":\"https:\\\/\\\/naturalpoland.com\\\/ko\\\/je-pum\\\/sig-mul-chu-chul-mul\\\/%ec%9d%80%ed%96%89%eb%82%98%eb%ac%b4-%ec%b6%94%ec%b6%9c%eb%ac%bc-%ec%9d%bc%eb%b3%b8-%ec%9d%80%ed%96%89%eb%82%98%eb%ac%b4\\\/\",\"url\":\"https:\\\/\\\/naturalpoland.com\\\/ko\\\/je-pum\\\/sig-mul-chu-chul-mul\\\/%ec%9d%80%ed%96%89%eb%82%98%eb%ac%b4-%ec%b6%94%ec%b6%9c%eb%ac%bc-%ec%9d%bc%eb%b3%b8-%ec%9d%80%ed%96%89%eb%82%98%eb%ac%b4\\\/\",\"name\":\"\",\"isPartOf\":{\"@id\":\"https:\\\/\\\/naturalpoland.com\\\/ko\\\/#website\"},\"primaryImageOfPage\":{\"@id\":\"https:\\\/\\\/naturalpoland.com\\\/ko\\\/je-pum\\\/sig-mul-chu-chul-mul\\\/%ec%9d%80%ed%96%89%eb%82%98%eb%ac%b4-%ec%b6%94%ec%b6%9c%eb%ac%bc-%ec%9d%bc%eb%b3%b8-%ec%9d%80%ed%96%89%eb%82%98%eb%ac%b4\\\/#primaryimage\"},\"image\":{\"@id\":\"https:\\\/\\\/naturalpoland.com\\\/ko\\\/je-pum\\\/sig-mul-chu-chul-mul\\\/%ec%9d%80%ed%96%89%eb%82%98%eb%ac%b4-%ec%b6%94%ec%b6%9c%eb%ac%bc-%ec%9d%bc%eb%b3%b8-%ec%9d%80%ed%96%89%eb%82%98%eb%ac%b4\\\/#primaryimage\"},\"thumbnailUrl\":\"https:\\\/\\\/naturalpoland.com\\\/wp-content\\\/uploads\\\/ekstrakt-ginkgo-biloba.webp\",\"datePublished\":\"2021-05-11T11:39:22+00:00\",\"dateModified\":\"2025-09-09T11:31:32+00:00\",\"description\":\"\uc740\ud589\ub098\ubb34 \ucd94\ucd9c\ubb3c\uc740 \uc2e0\uacbd\uacc4 \ubc0f \uc21c\ud658\uacc4 \uac74\uac15\ubfd0\ub9cc \uc544\ub2c8\ub77c \ud53c\ubd80 \uc0c1\ud0dc\uc5d0\ub3c4 \uc2e0\uacbd \uc4f0\ub294 \uc0ac\ub78c\ub4e4\uc744 \uc704\ud55c \uc131\ubd84\uc785\ub2c8\ub2e4.\",\"breadcrumb\":{\"@id\":\"https:\\\/\\\/naturalpoland.com\\\/ko\\\/je-pum\\\/sig-mul-chu-chul-mul\\\/%ec%9d%80%ed%96%89%eb%82%98%eb%ac%b4-%ec%b6%94%ec%b6%9c%eb%ac%bc-%ec%9d%bc%eb%b3%b8-%ec%9d%80%ed%96%89%eb%82%98%eb%ac%b4\\\/#breadcrumb\"},\"inLanguage\":\"ko-KR\",\"potentialAction\":[{\"@type\":\"ReadAction\",\"target\":[\"https:\\\/\\\/naturalpoland.com\\\/ko\\\/je-pum\\\/sig-mul-chu-chul-mul\\\/%ec%9d%80%ed%96%89%eb%82%98%eb%ac%b4-%ec%b6%94%ec%b6%9c%eb%ac%bc-%ec%9d%bc%eb%b3%b8-%ec%9d%80%ed%96%89%eb%82%98%eb%ac%b4\\\/\"]}]},{\"@type\":\"ImageObject\",\"inLanguage\":\"ko-KR\",\"@id\":\"https:\\\/\\\/naturalpoland.com\\\/ko\\\/je-pum\\\/sig-mul-chu-chul-mul\\\/%ec%9d%80%ed%96%89%eb%82%98%eb%ac%b4-%ec%b6%94%ec%b6%9c%eb%ac%bc-%ec%9d%bc%eb%b3%b8-%ec%9d%80%ed%96%89%eb%82%98%eb%ac%b4\\\/#primaryimage\",\"url\":\"https:\\\/\\\/naturalpoland.com\\\/wp-content\\\/uploads\\\/ekstrakt-ginkgo-biloba.webp\",\"contentUrl\":\"https:\\\/\\\/naturalpoland.com\\\/wp-content\\\/uploads\\\/ekstrakt-ginkgo-biloba.webp\",\"width\":614,\"height\":614,\"caption\":\"\uc740\ud589\ub098\ubb34 \uc78e \ucd94\ucd9c\ubb3c\"},{\"@type\":\"BreadcrumbList\",\"@id\":\"https:\\\/\\\/naturalpoland.com\\\/ko\\\/je-pum\\\/sig-mul-chu-chul-mul\\\/%ec%9d%80%ed%96%89%eb%82%98%eb%ac%b4-%ec%b6%94%ec%b6%9c%eb%ac%bc-%ec%9d%bc%eb%b3%b8-%ec%9d%80%ed%96%89%eb%82%98%eb%ac%b4\\\/#breadcrumb\",\"itemListElement\":[{\"@type\":\"ListItem\",\"position\":1,\"name\":\"\ud648\",\"item\":\"https:\\\/\\\/naturalpoland.com\\\/ko\\\/\"},{\"@type\":\"ListItem\",\"position\":2,\"name\":\"\uc81c\ud488\",\"item\":\"https:\\\/\\\/naturalpoland.com\\\/ko\\\/%ec%a0%9c%ed%92%88\\\/\"},{\"@type\":\"ListItem\",\"position\":3,\"name\":\"\uc740\ud589\ub098\ubb34 \ucd94\ucd9c\ubb3c (\uc77c\ubcf8 \uc740\ud589\ub098\ubb34)\"}]},{\"@type\":\"WebSite\",\"@id\":\"https:\\\/\\\/naturalpoland.com\\\/ko\\\/#website\",\"url\":\"https:\\\/\\\/naturalpoland.com\\\/ko\\\/\",\"name\":\"NATURAL POLAND - Hurtowy Dystrybutor Surowc\u00f3w\",\"description\":\"Surowce dla przemys\u0142u spo\u017cywczego, kosmetycznego i farmaceutycznego\",\"publisher\":{\"@id\":\"https:\\\/\\\/naturalpoland.com\\\/ko\\\/#organization\"},\"potentialAction\":[{\"@type\":\"SearchAction\",\"target\":{\"@type\":\"EntryPoint\",\"urlTemplate\":\"https:\\\/\\\/naturalpoland.com\\\/ko\\\/?s={search_term_string}\"},\"query-input\":{\"@type\":\"PropertyValueSpecification\",\"valueRequired\":true,\"valueName\":\"search_term_string\"}}],\"inLanguage\":\"ko-KR\"},{\"@type\":\"Organization\",\"@id\":\"https:\\\/\\\/naturalpoland.com\\\/ko\\\/#organization\",\"name\":\"Natural Poland\",\"url\":\"https:\\\/\\\/naturalpoland.com\\\/ko\\\/\",\"logo\":{\"@type\":\"ImageObject\",\"inLanguage\":\"ko-KR\",\"@id\":\"https:\\\/\\\/naturalpoland.com\\\/ko\\\/#\\\/schema\\\/logo\\\/image\\\/\",\"url\":\"https:\\\/\\\/naturalpoland.com\\\/wp-content\\\/uploads\\\/2021\\\/05\\\/natural-poland-icon.png\",\"contentUrl\":\"https:\\\/\\\/naturalpoland.com\\\/wp-content\\\/uploads\\\/2021\\\/05\\\/natural-poland-icon.png\",\"width\":512,\"height\":512,\"caption\":\"Natural Poland\"},\"image\":{\"@id\":\"https:\\\/\\\/naturalpoland.com\\\/ko\\\/#\\\/schema\\\/logo\\\/image\\\/\"},\"sameAs\":[\"https:\\\/\\\/www.facebook.com\\\/naturalpoland.b2b\",\"https:\\\/\\\/pl.linkedin.com\\\/company\\\/natural-poland\",\"https:\\\/\\\/www.youtube.com\\\/channel\\\/UCgeGGkvOMahZo-xu_MSEWxg\"]}]}<\/script>\n<!-- \/ Yoast SEO plugin. -->","yoast_head_json":{"title":"NATURAL POLAND &#8211; Hurtowy Dystrybutor Surowc\u00f3w","description":"\uc740\ud589\ub098\ubb34 \ucd94\ucd9c\ubb3c\uc740 \uc2e0\uacbd\uacc4 \ubc0f \uc21c\ud658\uacc4 \uac74\uac15\ubfd0\ub9cc \uc544\ub2c8\ub77c \ud53c\ubd80 \uc0c1\ud0dc\uc5d0\ub3c4 \uc2e0\uacbd \uc4f0\ub294 \uc0ac\ub78c\ub4e4\uc744 \uc704\ud55c \uc131\ubd84\uc785\ub2c8\ub2e4.","robots":{"index":"index","follow":"follow","max-snippet":"max-snippet:-1","max-image-preview":"max-image-preview:large","max-video-preview":"max-video-preview:-1"},"canonical":"https:\/\/naturalpoland.com\/ko\/je-pum\/sig-mul-chu-chul-mul\/%ec%9d%80%ed%96%89%eb%82%98%eb%ac%b4-%ec%b6%94%ec%b6%9c%eb%ac%bc-%ec%9d%bc%eb%b3%b8-%ec%9d%80%ed%96%89%eb%82%98%eb%ac%b4\/","og_locale":"ko_KR","og_type":"article","og_description":"\uc740\ud589\ub098\ubb34 \ucd94\ucd9c\ubb3c\uc740 \uc2e0\uacbd\uacc4 \ubc0f \uc21c\ud658\uacc4 \uac74\uac15\ubfd0\ub9cc \uc544\ub2c8\ub77c \ud53c\ubd80 \uc0c1\ud0dc\uc5d0\ub3c4 \uc2e0\uacbd \uc4f0\ub294 \uc0ac\ub78c\ub4e4\uc744 \uc704\ud55c \uc131\ubd84\uc785\ub2c8\ub2e4.","og_url":"https:\/\/naturalpoland.com\/ko\/je-pum\/sig-mul-chu-chul-mul\/%ec%9d%80%ed%96%89%eb%82%98%eb%ac%b4-%ec%b6%94%ec%b6%9c%eb%ac%bc-%ec%9d%bc%eb%b3%b8-%ec%9d%80%ed%96%89%eb%82%98%eb%ac%b4\/","og_site_name":"NATURAL POLAND - Hurtowy Dystrybutor Surowc\u00f3w","article_publisher":"https:\/\/www.facebook.com\/naturalpoland.b2b","article_modified_time":"2025-09-09T11:31:32+00:00","og_image":[{"width":614,"height":614,"url":"https:\/\/naturalpoland.com\/wp-content\/uploads\/ekstrakt-ginkgo-biloba.webp","type":"image\/webp"}],"schema":{"@context":"https:\/\/schema.org","@graph":[{"@type":"WebPage","@id":"https:\/\/naturalpoland.com\/ko\/je-pum\/sig-mul-chu-chul-mul\/%ec%9d%80%ed%96%89%eb%82%98%eb%ac%b4-%ec%b6%94%ec%b6%9c%eb%ac%bc-%ec%9d%bc%eb%b3%b8-%ec%9d%80%ed%96%89%eb%82%98%eb%ac%b4\/","url":"https:\/\/naturalpoland.com\/ko\/je-pum\/sig-mul-chu-chul-mul\/%ec%9d%80%ed%96%89%eb%82%98%eb%ac%b4-%ec%b6%94%ec%b6%9c%eb%ac%bc-%ec%9d%bc%eb%b3%b8-%ec%9d%80%ed%96%89%eb%82%98%eb%ac%b4\/","name":"","isPartOf":{"@id":"https:\/\/naturalpoland.com\/ko\/#website"},"primaryImageOfPage":{"@id":"https:\/\/naturalpoland.com\/ko\/je-pum\/sig-mul-chu-chul-mul\/%ec%9d%80%ed%96%89%eb%82%98%eb%ac%b4-%ec%b6%94%ec%b6%9c%eb%ac%bc-%ec%9d%bc%eb%b3%b8-%ec%9d%80%ed%96%89%eb%82%98%eb%ac%b4\/#primaryimage"},"image":{"@id":"https:\/\/naturalpoland.com\/ko\/je-pum\/sig-mul-chu-chul-mul\/%ec%9d%80%ed%96%89%eb%82%98%eb%ac%b4-%ec%b6%94%ec%b6%9c%eb%ac%bc-%ec%9d%bc%eb%b3%b8-%ec%9d%80%ed%96%89%eb%82%98%eb%ac%b4\/#primaryimage"},"thumbnailUrl":"https:\/\/naturalpoland.com\/wp-content\/uploads\/ekstrakt-ginkgo-biloba.webp","datePublished":"2021-05-11T11:39:22+00:00","dateModified":"2025-09-09T11:31:32+00:00","description":"\uc740\ud589\ub098\ubb34 \ucd94\ucd9c\ubb3c\uc740 \uc2e0\uacbd\uacc4 \ubc0f \uc21c\ud658\uacc4 \uac74\uac15\ubfd0\ub9cc \uc544\ub2c8\ub77c \ud53c\ubd80 \uc0c1\ud0dc\uc5d0\ub3c4 \uc2e0\uacbd \uc4f0\ub294 \uc0ac\ub78c\ub4e4\uc744 \uc704\ud55c \uc131\ubd84\uc785\ub2c8\ub2e4.","breadcrumb":{"@id":"https:\/\/naturalpoland.com\/ko\/je-pum\/sig-mul-chu-chul-mul\/%ec%9d%80%ed%96%89%eb%82%98%eb%ac%b4-%ec%b6%94%ec%b6%9c%eb%ac%bc-%ec%9d%bc%eb%b3%b8-%ec%9d%80%ed%96%89%eb%82%98%eb%ac%b4\/#breadcrumb"},"inLanguage":"ko-KR","potentialAction":[{"@type":"ReadAction","target":["https:\/\/naturalpoland.com\/ko\/je-pum\/sig-mul-chu-chul-mul\/%ec%9d%80%ed%96%89%eb%82%98%eb%ac%b4-%ec%b6%94%ec%b6%9c%eb%ac%bc-%ec%9d%bc%eb%b3%b8-%ec%9d%80%ed%96%89%eb%82%98%eb%ac%b4\/"]}]},{"@type":"ImageObject","inLanguage":"ko-KR","@id":"https:\/\/naturalpoland.com\/ko\/je-pum\/sig-mul-chu-chul-mul\/%ec%9d%80%ed%96%89%eb%82%98%eb%ac%b4-%ec%b6%94%ec%b6%9c%eb%ac%bc-%ec%9d%bc%eb%b3%b8-%ec%9d%80%ed%96%89%eb%82%98%eb%ac%b4\/#primaryimage","url":"https:\/\/naturalpoland.com\/wp-content\/uploads\/ekstrakt-ginkgo-biloba.webp","contentUrl":"https:\/\/naturalpoland.com\/wp-content\/uploads\/ekstrakt-ginkgo-biloba.webp","width":614,"height":614,"caption":"\uc740\ud589\ub098\ubb34 \uc78e \ucd94\ucd9c\ubb3c"},{"@type":"BreadcrumbList","@id":"https:\/\/naturalpoland.com\/ko\/je-pum\/sig-mul-chu-chul-mul\/%ec%9d%80%ed%96%89%eb%82%98%eb%ac%b4-%ec%b6%94%ec%b6%9c%eb%ac%bc-%ec%9d%bc%eb%b3%b8-%ec%9d%80%ed%96%89%eb%82%98%eb%ac%b4\/#breadcrumb","itemListElement":[{"@type":"ListItem","position":1,"name":"\ud648","item":"https:\/\/naturalpoland.com\/ko\/"},{"@type":"ListItem","position":2,"name":"\uc81c\ud488","item":"https:\/\/naturalpoland.com\/ko\/%ec%a0%9c%ed%92%88\/"},{"@type":"ListItem","position":3,"name":"\uc740\ud589\ub098\ubb34 \ucd94\ucd9c\ubb3c (\uc77c\ubcf8 \uc740\ud589\ub098\ubb34)"}]},{"@type":"WebSite","@id":"https:\/\/naturalpoland.com\/ko\/#website","url":"https:\/\/naturalpoland.com\/ko\/","name":"NATURAL POLAND - Hurtowy Dystrybutor Surowc\u00f3w","description":"Surowce dla przemys\u0142u spo\u017cywczego, kosmetycznego i farmaceutycznego","publisher":{"@id":"https:\/\/naturalpoland.com\/ko\/#organization"},"potentialAction":[{"@type":"SearchAction","target":{"@type":"EntryPoint","urlTemplate":"https:\/\/naturalpoland.com\/ko\/?s={search_term_string}"},"query-input":{"@type":"PropertyValueSpecification","valueRequired":true,"valueName":"search_term_string"}}],"inLanguage":"ko-KR"},{"@type":"Organization","@id":"https:\/\/naturalpoland.com\/ko\/#organization","name":"Natural Poland","url":"https:\/\/naturalpoland.com\/ko\/","logo":{"@type":"ImageObject","inLanguage":"ko-KR","@id":"https:\/\/naturalpoland.com\/ko\/#\/schema\/logo\/image\/","url":"https:\/\/naturalpoland.com\/wp-content\/uploads\/2021\/05\/natural-poland-icon.png","contentUrl":"https:\/\/naturalpoland.com\/wp-content\/uploads\/2021\/05\/natural-poland-icon.png","width":512,"height":512,"caption":"Natural Poland"},"image":{"@id":"https:\/\/naturalpoland.com\/ko\/#\/schema\/logo\/image\/"},"sameAs":["https:\/\/www.facebook.com\/naturalpoland.b2b","https:\/\/pl.linkedin.com\/company\/natural-poland","https:\/\/www.youtube.com\/channel\/UCgeGGkvOMahZo-xu_MSEWxg"]}]}},"_links":{"self":[{"href":"https:\/\/naturalpoland.com\/ko\/wp-json\/wp\/v2\/product\/43227","targetHints":{"allow":["GET"]}}],"collection":[{"href":"https:\/\/naturalpoland.com\/ko\/wp-json\/wp\/v2\/product"}],"about":[{"href":"https:\/\/naturalpoland.com\/ko\/wp-json\/wp\/v2\/types\/product"}],"wp:featuredmedia":[{"embeddable":true,"href":"https:\/\/naturalpoland.com\/ko\/wp-json\/wp\/v2\/media\/43229"}],"wp:attachment":[{"href":"https:\/\/naturalpoland.com\/ko\/wp-json\/wp\/v2\/media?parent=43227"}],"wp:term":[{"taxonomy":"product_brand","embeddable":true,"href":"https:\/\/naturalpoland.com\/ko\/wp-json\/wp\/v2\/product_brand?post=43227"},{"taxonomy":"product_cat","embeddable":true,"href":"https:\/\/naturalpoland.com\/ko\/wp-json\/wp\/v2\/product_cat?post=43227"},{"taxonomy":"product_tag","embeddable":true,"href":"https:\/\/naturalpoland.com\/ko\/wp-json\/wp\/v2\/product_tag?post=43227"}],"curies":[{"name":"wp","href":"https:\/\/api.w.org\/{rel}","templated":true}]}}