{"id":43233,"date":"2021-05-21T13:05:33","date_gmt":"2021-05-21T11:05:33","guid":{"rendered":"https:\/\/naturalpoland.com\/produkty\/uncategorized\/%ed%8f%b4%eb%a6%ac-%ec%8a%88%ea%b0%80-%eb%a9%80%ec%8a%a4\/"},"modified":"2025-09-09T13:36:39","modified_gmt":"2025-09-09T11:36:39","slug":"%ed%8f%b4%eb%a6%ac-%ec%8a%88%ea%b0%80-%eb%a9%80%ec%8a%a4","status":"publish","type":"product","link":"https:\/\/naturalpoland.com\/ko\/je-pum\/hwa-jang-pum-won-ryo\/hwa-jang-pum-won-ryo-ko\/%ed%8f%b4%eb%a6%ac-%ec%8a%88%ea%b0%80-%eb%a9%80%ec%8a%a4\/","title":{"rendered":"\ud3f4\ub9ac \uc288\uac00 \uba40\uc2a4"},"content":{"rendered":"<p>\ud3f4\ub9ac \uc288\uac00\u00ae\uba40\uc2a4 D9\ub294 \uce5c\uc218\uc131\uc774\uba70 \uc911\uc131\uc801\uc778 \ud5a5\uc744 \uc9c0\ub2cc \ud22c\uba85\ud55c \uc561\uccb4\uc785\ub2c8\ub2e4. \ubb3c\uc5d0 \uc27d\uac8c \uc6a9\ud574\ub418\uba70 \ub2e4\uc591\ud55c \uacc4\uba74\ud65c\uc131\uc81c(\ube44\uc774\uc628\uc131, \uc591\uc774\uc628\uc131, \uc74c\uc774\uc628\uc131)\uc640 \ud638\ud658\ub429\ub2c8\ub2e4. \ud5a5\ub8cc \uc870\uc131\ubb3c \uc720\ud654 \ubc0f <a href=\"https:\/\/naturalpoland.com\/ko\/ka-te-go-ri\/hwa-jang-pum-won-ryo\/e-sen-syeol-o-il\/\">\uc5d0\uc13c\uc15c \uc624\uc77c<\/a> \ubd84\uc0b0\uc81c\ub85c \ud6a8\uacfc\uc801\uc774\uba70, \uc774\ub97c \ud1b5\ud574 \uc218\uc131 \uc81c\ud615\uc5d0 \uade0\uc77c\ud558\uac8c \ubd84\uc0b0\ub420 \uc218 \uc788\uc2b5\ub2c8\ub2e4.  <\/p>\n<h3>\ud2b9\uc131<\/h3>\n<ul>\n<li>\ud3f4\ub9ac \uc288\uac00\u00ae\uba40\uc2a4 D9\ub294 ECOCERT\uc758 \uc2b9\uc778\uc744 \ubc1b\uc558\uc2b5\ub2c8\ub2e4. ISO 16128 \uc9c0\uce68\uc744 \uc900\uc218\ud558\uba70, \uc774\ub294 \ub192\uc740 \uc218\uc900\uc758 \ucc9c\uc5f0\uc131(\uc9c0\uc218 1)\uc744 \ubcf4\uc7a5\ud569\ub2c8\ub2e4. <\/li>\n<li>\ud074\ub80c\uc9d5 \ubc0f \ud53c\ubd80 \uc815\ud654 \uc81c\ud488\uc744 \ud3ec\ud568\ud55c \uc5bc\uad74\uc6a9 \ud654\uc7a5\ud488\uc5d0 \uc801\ud569\ud569\ub2c8\ub2e4. \ub208\uacfc \ud53c\ubd80\uc5d0 \uc21c\ud569\ub2c8\ub2e4. <\/li>\n<li>\uc804\ud574\uc9c8, \uc0b0 \ubc0f \uc5fc\uae30 \ud568\ub7c9\uc774 \ub192\uc740 \ud658\uacbd\uc5d0\uc11c\ub3c4 \ud2b9\uc131\uc744 \uc720\uc9c0\ud569\ub2c8\ub2e4.<\/li>\n<\/ul>\n<h3>\ud654\uc7a5\ud488 \uc801\uc6a9 \ubd84\uc57c:<\/h3>\n<ol>\n<li>\ub370\uc624\ub3c4\ub780\ud2b8 \ubc0f \ub540 \uc5b5\uc81c\uc81c\uc5d0\uc11c \ud5a5\ub8cc \ubb3c\uc9c8\uc744 \uac00\uc6a9\ud654\ud558\ub294 \ub370 \ub3c4\uc6c0\uc744 \uc8fc\uba70, \ub192\uc740 \uc218\uc900\uc758 \uc804\ud574\uc9c8\uc744 \ud568\uc720\ud55c \uc81c\ud615\uc744 \uc548\uc815\ud654\ud569\ub2c8\ub2e4.<\/li>\n<li>\uc0f4\ud478 \ubc0f \ucee8\ub514\uc154\ub108\uc758 \uc720\ud654\uc81c\ub85c\uc11c \uc601\uc591 \ubc0f \ud5a5\ub8cc \uc131\ubd84\uc758 \uade0\uc77c\ud55c \ubd84\uc0b0\uc744 \uac00\ub2a5\ud558\uac8c \ud558\uba70, \ubaa8\ubc1c\uc5d0 \ubd80\ub2f4\uc744 \uc8fc\uc9c0 \uc54a\uc2b5\ub2c8\ub2e4.<\/li>\n<li>\uc21c\ud55c \uc138\uc815 \uc5d0\uba40\uc83c \uc0dd\uc131\uc744 \uc6a9\uc774\ud558\uac8c \ud558\uba70, \uc624\uc5fc \ubb3c\uc9c8\uacfc \uba54\uc774\ud06c\uc5c5\uc744 \ud6a8\uacfc\uc801\uc73c\ub85c \uc81c\uac70\ud558\uace0 \ud53c\ubd80\ub97c \uac74\uc870\ud558\uac8c \ud558\uc9c0 \uc54a\uc2b5\ub2c8\ub2e4.<\/li>\n<\/ol>\n<h3><\/h3>\n","protected":false},"excerpt":{"rendered":"<p><strong>\ud3f4\ub9ac \uc288\uac00\u00ae\uba40\uc2a4 D9<\/strong>\ub294 \uace0\uae09 \ucc9c\uc5f0 \uc720\ud654\uc81c \ubc0f \uac00\uc6a9\ud654\uc81c\uc785\ub2c8\ub2e4. \ud2b9\ud788 \ub192\uc740 \ud658\uacbd \ubc0f \ud53c\ubd80\uacfc\uc801 \uc694\uad6c \uc0ac\ud56d\uc744 \uac00\uc9c4 \ud654\uc7a5\ud488\uc5d0 \uc0ac\uc6a9\ud558\ub3c4\ub85d \uace0\uc548\ub418\uc5c8\uc2b5\ub2c8\ub2e4. \uc774 \uc81c\ud488\uc740 100% \uc2dd\ubb3c\uc131 \uc6d0\ub8cc\ub97c \uae30\ubc18\uc73c\ub85c \ud558\uba70 PEG\uac00 \uc5c6\uc2b5\ub2c8\ub2e4.  <\/p>\n","protected":false},"featured_media":43234,"template":"","meta":{"_acf_changed":false},"product_brand":[],"product_cat":[8160],"product_tag":[],"class_list":{"0":"post-43233","1":"product","2":"type-product","3":"status-publish","4":"has-post-thumbnail","6":"product_cat-hwa-jang-pum-won-ryo-ko","7":"pa_grupa-substancji-9095","9":"first","10":"instock","11":"shipping-taxable","12":"product-type-simple"},"acf":[],"yoast_head":"<!-- This site is optimized with the Yoast SEO plugin v27.5 - https:\/\/yoast.com\/product\/yoast-seo-wordpress\/ -->\n<title>NATURAL POLAND &#8211; Hurtowy Dystrybutor Surowc\u00f3w<\/title>\n<meta name=\"description\" content=\"\ud3f4\ub9ac \uc288\uac00\u00ae\uba40\uc2a4 D9\ub294 \ud654\uc7a5\ud488\uc5d0 \uad11\ubc94\uc704\ud558\uac8c \uc0ac\uc6a9\ub418\ub3c4\ub85d \uace0\uc548\ub41c \uace0\uae09 \ucc9c\uc5f0 \uc720\ud654\uc81c \ubc0f \uac00\uc6a9\ud654\uc81c\uc785\ub2c8\ub2e4.\" \/>\n<meta name=\"robots\" content=\"index, follow, max-snippet:-1, max-image-preview:large, max-video-preview:-1\" \/>\n<link rel=\"canonical\" href=\"https:\/\/naturalpoland.com\/ko\/je-pum\/hwa-jang-pum-won-ryo\/hwa-jang-pum-won-ryo-ko\/%ed%8f%b4%eb%a6%ac-%ec%8a%88%ea%b0%80-%eb%a9%80%ec%8a%a4\/\" \/>\n<meta property=\"og:locale\" content=\"ko_KR\" \/>\n<meta property=\"og:type\" content=\"article\" \/>\n<meta property=\"og:description\" content=\"\ud3f4\ub9ac \uc288\uac00\u00ae\uba40\uc2a4 D9\ub294 \ud654\uc7a5\ud488\uc5d0 \uad11\ubc94\uc704\ud558\uac8c \uc0ac\uc6a9\ub418\ub3c4\ub85d \uace0\uc548\ub41c \uace0\uae09 \ucc9c\uc5f0 \uc720\ud654\uc81c \ubc0f \uac00\uc6a9\ud654\uc81c\uc785\ub2c8\ub2e4.\" \/>\n<meta property=\"og:url\" content=\"https:\/\/naturalpoland.com\/ko\/je-pum\/hwa-jang-pum-won-ryo\/hwa-jang-pum-won-ryo-ko\/%ed%8f%b4%eb%a6%ac-%ec%8a%88%ea%b0%80-%eb%a9%80%ec%8a%a4\/\" \/>\n<meta property=\"og:site_name\" content=\"NATURAL POLAND - Hurtowy Dystrybutor Surowc\u00f3w\" \/>\n<meta property=\"article:publisher\" content=\"https:\/\/www.facebook.com\/naturalpoland.b2b\" \/>\n<meta property=\"article:modified_time\" content=\"2025-09-09T11:36:39+00:00\" \/>\n<meta property=\"og:image\" content=\"https:\/\/naturalpoland.com\/wp-content\/uploads\/poly-suga-mulse.webp\" \/>\n\t<meta property=\"og:image:width\" content=\"1024\" \/>\n\t<meta property=\"og:image:height\" content=\"1024\" \/>\n\t<meta property=\"og:image:type\" content=\"image\/webp\" \/>\n<script type=\"application\/ld+json\" class=\"yoast-schema-graph\">{\"@context\":\"https:\\\/\\\/schema.org\",\"@graph\":[{\"@type\":\"WebPage\",\"@id\":\"https:\\\/\\\/naturalpoland.com\\\/ko\\\/je-pum\\\/hwa-jang-pum-won-ryo\\\/hwa-jang-pum-won-ryo-ko\\\/%ed%8f%b4%eb%a6%ac-%ec%8a%88%ea%b0%80-%eb%a9%80%ec%8a%a4\\\/\",\"url\":\"https:\\\/\\\/naturalpoland.com\\\/ko\\\/je-pum\\\/hwa-jang-pum-won-ryo\\\/hwa-jang-pum-won-ryo-ko\\\/%ed%8f%b4%eb%a6%ac-%ec%8a%88%ea%b0%80-%eb%a9%80%ec%8a%a4\\\/\",\"name\":\"\",\"isPartOf\":{\"@id\":\"https:\\\/\\\/naturalpoland.com\\\/ko\\\/#website\"},\"primaryImageOfPage\":{\"@id\":\"https:\\\/\\\/naturalpoland.com\\\/ko\\\/je-pum\\\/hwa-jang-pum-won-ryo\\\/hwa-jang-pum-won-ryo-ko\\\/%ed%8f%b4%eb%a6%ac-%ec%8a%88%ea%b0%80-%eb%a9%80%ec%8a%a4\\\/#primaryimage\"},\"image\":{\"@id\":\"https:\\\/\\\/naturalpoland.com\\\/ko\\\/je-pum\\\/hwa-jang-pum-won-ryo\\\/hwa-jang-pum-won-ryo-ko\\\/%ed%8f%b4%eb%a6%ac-%ec%8a%88%ea%b0%80-%eb%a9%80%ec%8a%a4\\\/#primaryimage\"},\"thumbnailUrl\":\"https:\\\/\\\/naturalpoland.com\\\/wp-content\\\/uploads\\\/poly-suga-mulse.webp\",\"datePublished\":\"2021-05-21T11:05:33+00:00\",\"dateModified\":\"2025-09-09T11:36:39+00:00\",\"description\":\"\ud3f4\ub9ac \uc288\uac00\u00ae\uba40\uc2a4 D9\ub294 \ud654\uc7a5\ud488\uc5d0 \uad11\ubc94\uc704\ud558\uac8c \uc0ac\uc6a9\ub418\ub3c4\ub85d \uace0\uc548\ub41c \uace0\uae09 \ucc9c\uc5f0 \uc720\ud654\uc81c \ubc0f \uac00\uc6a9\ud654\uc81c\uc785\ub2c8\ub2e4.\",\"breadcrumb\":{\"@id\":\"https:\\\/\\\/naturalpoland.com\\\/ko\\\/je-pum\\\/hwa-jang-pum-won-ryo\\\/hwa-jang-pum-won-ryo-ko\\\/%ed%8f%b4%eb%a6%ac-%ec%8a%88%ea%b0%80-%eb%a9%80%ec%8a%a4\\\/#breadcrumb\"},\"inLanguage\":\"ko-KR\",\"potentialAction\":[{\"@type\":\"ReadAction\",\"target\":[\"https:\\\/\\\/naturalpoland.com\\\/ko\\\/je-pum\\\/hwa-jang-pum-won-ryo\\\/hwa-jang-pum-won-ryo-ko\\\/%ed%8f%b4%eb%a6%ac-%ec%8a%88%ea%b0%80-%eb%a9%80%ec%8a%a4\\\/\"]}]},{\"@type\":\"ImageObject\",\"inLanguage\":\"ko-KR\",\"@id\":\"https:\\\/\\\/naturalpoland.com\\\/ko\\\/je-pum\\\/hwa-jang-pum-won-ryo\\\/hwa-jang-pum-won-ryo-ko\\\/%ed%8f%b4%eb%a6%ac-%ec%8a%88%ea%b0%80-%eb%a9%80%ec%8a%a4\\\/#primaryimage\",\"url\":\"https:\\\/\\\/naturalpoland.com\\\/wp-content\\\/uploads\\\/poly-suga-mulse.webp\",\"contentUrl\":\"https:\\\/\\\/naturalpoland.com\\\/wp-content\\\/uploads\\\/poly-suga-mulse.webp\",\"width\":1024,\"height\":1024,\"caption\":\"\ud3f4\ub9ac \uc288\uac00 \uba40\uc2a4\"},{\"@type\":\"BreadcrumbList\",\"@id\":\"https:\\\/\\\/naturalpoland.com\\\/ko\\\/je-pum\\\/hwa-jang-pum-won-ryo\\\/hwa-jang-pum-won-ryo-ko\\\/%ed%8f%b4%eb%a6%ac-%ec%8a%88%ea%b0%80-%eb%a9%80%ec%8a%a4\\\/#breadcrumb\",\"itemListElement\":[{\"@type\":\"ListItem\",\"position\":1,\"name\":\"\ud648\",\"item\":\"https:\\\/\\\/naturalpoland.com\\\/ko\\\/\"},{\"@type\":\"ListItem\",\"position\":2,\"name\":\"\uc81c\ud488\",\"item\":\"https:\\\/\\\/naturalpoland.com\\\/ko\\\/%ec%a0%9c%ed%92%88\\\/\"},{\"@type\":\"ListItem\",\"position\":3,\"name\":\"\ud3f4\ub9ac \uc288\uac00 \uba40\uc2a4\"}]},{\"@type\":\"WebSite\",\"@id\":\"https:\\\/\\\/naturalpoland.com\\\/ko\\\/#website\",\"url\":\"https:\\\/\\\/naturalpoland.com\\\/ko\\\/\",\"name\":\"NATURAL POLAND - Hurtowy Dystrybutor Surowc\u00f3w\",\"description\":\"Surowce dla przemys\u0142u spo\u017cywczego, kosmetycznego i farmaceutycznego\",\"publisher\":{\"@id\":\"https:\\\/\\\/naturalpoland.com\\\/ko\\\/#organization\"},\"potentialAction\":[{\"@type\":\"SearchAction\",\"target\":{\"@type\":\"EntryPoint\",\"urlTemplate\":\"https:\\\/\\\/naturalpoland.com\\\/ko\\\/?s={search_term_string}\"},\"query-input\":{\"@type\":\"PropertyValueSpecification\",\"valueRequired\":true,\"valueName\":\"search_term_string\"}}],\"inLanguage\":\"ko-KR\"},{\"@type\":\"Organization\",\"@id\":\"https:\\\/\\\/naturalpoland.com\\\/ko\\\/#organization\",\"name\":\"Natural Poland\",\"url\":\"https:\\\/\\\/naturalpoland.com\\\/ko\\\/\",\"logo\":{\"@type\":\"ImageObject\",\"inLanguage\":\"ko-KR\",\"@id\":\"https:\\\/\\\/naturalpoland.com\\\/ko\\\/#\\\/schema\\\/logo\\\/image\\\/\",\"url\":\"https:\\\/\\\/naturalpoland.com\\\/wp-content\\\/uploads\\\/2021\\\/05\\\/natural-poland-icon.png\",\"contentUrl\":\"https:\\\/\\\/naturalpoland.com\\\/wp-content\\\/uploads\\\/2021\\\/05\\\/natural-poland-icon.png\",\"width\":512,\"height\":512,\"caption\":\"Natural Poland\"},\"image\":{\"@id\":\"https:\\\/\\\/naturalpoland.com\\\/ko\\\/#\\\/schema\\\/logo\\\/image\\\/\"},\"sameAs\":[\"https:\\\/\\\/www.facebook.com\\\/naturalpoland.b2b\",\"https:\\\/\\\/pl.linkedin.com\\\/company\\\/natural-poland\",\"https:\\\/\\\/www.youtube.com\\\/channel\\\/UCgeGGkvOMahZo-xu_MSEWxg\"]}]}<\/script>\n<!-- \/ Yoast SEO plugin. -->","yoast_head_json":{"title":"NATURAL POLAND &#8211; Hurtowy Dystrybutor Surowc\u00f3w","description":"\ud3f4\ub9ac \uc288\uac00\u00ae\uba40\uc2a4 D9\ub294 \ud654\uc7a5\ud488\uc5d0 \uad11\ubc94\uc704\ud558\uac8c \uc0ac\uc6a9\ub418\ub3c4\ub85d \uace0\uc548\ub41c \uace0\uae09 \ucc9c\uc5f0 \uc720\ud654\uc81c \ubc0f \uac00\uc6a9\ud654\uc81c\uc785\ub2c8\ub2e4.","robots":{"index":"index","follow":"follow","max-snippet":"max-snippet:-1","max-image-preview":"max-image-preview:large","max-video-preview":"max-video-preview:-1"},"canonical":"https:\/\/naturalpoland.com\/ko\/je-pum\/hwa-jang-pum-won-ryo\/hwa-jang-pum-won-ryo-ko\/%ed%8f%b4%eb%a6%ac-%ec%8a%88%ea%b0%80-%eb%a9%80%ec%8a%a4\/","og_locale":"ko_KR","og_type":"article","og_description":"\ud3f4\ub9ac \uc288\uac00\u00ae\uba40\uc2a4 D9\ub294 \ud654\uc7a5\ud488\uc5d0 \uad11\ubc94\uc704\ud558\uac8c \uc0ac\uc6a9\ub418\ub3c4\ub85d \uace0\uc548\ub41c \uace0\uae09 \ucc9c\uc5f0 \uc720\ud654\uc81c \ubc0f \uac00\uc6a9\ud654\uc81c\uc785\ub2c8\ub2e4.","og_url":"https:\/\/naturalpoland.com\/ko\/je-pum\/hwa-jang-pum-won-ryo\/hwa-jang-pum-won-ryo-ko\/%ed%8f%b4%eb%a6%ac-%ec%8a%88%ea%b0%80-%eb%a9%80%ec%8a%a4\/","og_site_name":"NATURAL POLAND - Hurtowy Dystrybutor Surowc\u00f3w","article_publisher":"https:\/\/www.facebook.com\/naturalpoland.b2b","article_modified_time":"2025-09-09T11:36:39+00:00","og_image":[{"width":1024,"height":1024,"url":"https:\/\/naturalpoland.com\/wp-content\/uploads\/poly-suga-mulse.webp","type":"image\/webp"}],"schema":{"@context":"https:\/\/schema.org","@graph":[{"@type":"WebPage","@id":"https:\/\/naturalpoland.com\/ko\/je-pum\/hwa-jang-pum-won-ryo\/hwa-jang-pum-won-ryo-ko\/%ed%8f%b4%eb%a6%ac-%ec%8a%88%ea%b0%80-%eb%a9%80%ec%8a%a4\/","url":"https:\/\/naturalpoland.com\/ko\/je-pum\/hwa-jang-pum-won-ryo\/hwa-jang-pum-won-ryo-ko\/%ed%8f%b4%eb%a6%ac-%ec%8a%88%ea%b0%80-%eb%a9%80%ec%8a%a4\/","name":"","isPartOf":{"@id":"https:\/\/naturalpoland.com\/ko\/#website"},"primaryImageOfPage":{"@id":"https:\/\/naturalpoland.com\/ko\/je-pum\/hwa-jang-pum-won-ryo\/hwa-jang-pum-won-ryo-ko\/%ed%8f%b4%eb%a6%ac-%ec%8a%88%ea%b0%80-%eb%a9%80%ec%8a%a4\/#primaryimage"},"image":{"@id":"https:\/\/naturalpoland.com\/ko\/je-pum\/hwa-jang-pum-won-ryo\/hwa-jang-pum-won-ryo-ko\/%ed%8f%b4%eb%a6%ac-%ec%8a%88%ea%b0%80-%eb%a9%80%ec%8a%a4\/#primaryimage"},"thumbnailUrl":"https:\/\/naturalpoland.com\/wp-content\/uploads\/poly-suga-mulse.webp","datePublished":"2021-05-21T11:05:33+00:00","dateModified":"2025-09-09T11:36:39+00:00","description":"\ud3f4\ub9ac \uc288\uac00\u00ae\uba40\uc2a4 D9\ub294 \ud654\uc7a5\ud488\uc5d0 \uad11\ubc94\uc704\ud558\uac8c \uc0ac\uc6a9\ub418\ub3c4\ub85d \uace0\uc548\ub41c \uace0\uae09 \ucc9c\uc5f0 \uc720\ud654\uc81c \ubc0f \uac00\uc6a9\ud654\uc81c\uc785\ub2c8\ub2e4.","breadcrumb":{"@id":"https:\/\/naturalpoland.com\/ko\/je-pum\/hwa-jang-pum-won-ryo\/hwa-jang-pum-won-ryo-ko\/%ed%8f%b4%eb%a6%ac-%ec%8a%88%ea%b0%80-%eb%a9%80%ec%8a%a4\/#breadcrumb"},"inLanguage":"ko-KR","potentialAction":[{"@type":"ReadAction","target":["https:\/\/naturalpoland.com\/ko\/je-pum\/hwa-jang-pum-won-ryo\/hwa-jang-pum-won-ryo-ko\/%ed%8f%b4%eb%a6%ac-%ec%8a%88%ea%b0%80-%eb%a9%80%ec%8a%a4\/"]}]},{"@type":"ImageObject","inLanguage":"ko-KR","@id":"https:\/\/naturalpoland.com\/ko\/je-pum\/hwa-jang-pum-won-ryo\/hwa-jang-pum-won-ryo-ko\/%ed%8f%b4%eb%a6%ac-%ec%8a%88%ea%b0%80-%eb%a9%80%ec%8a%a4\/#primaryimage","url":"https:\/\/naturalpoland.com\/wp-content\/uploads\/poly-suga-mulse.webp","contentUrl":"https:\/\/naturalpoland.com\/wp-content\/uploads\/poly-suga-mulse.webp","width":1024,"height":1024,"caption":"\ud3f4\ub9ac \uc288\uac00 \uba40\uc2a4"},{"@type":"BreadcrumbList","@id":"https:\/\/naturalpoland.com\/ko\/je-pum\/hwa-jang-pum-won-ryo\/hwa-jang-pum-won-ryo-ko\/%ed%8f%b4%eb%a6%ac-%ec%8a%88%ea%b0%80-%eb%a9%80%ec%8a%a4\/#breadcrumb","itemListElement":[{"@type":"ListItem","position":1,"name":"\ud648","item":"https:\/\/naturalpoland.com\/ko\/"},{"@type":"ListItem","position":2,"name":"\uc81c\ud488","item":"https:\/\/naturalpoland.com\/ko\/%ec%a0%9c%ed%92%88\/"},{"@type":"ListItem","position":3,"name":"\ud3f4\ub9ac \uc288\uac00 \uba40\uc2a4"}]},{"@type":"WebSite","@id":"https:\/\/naturalpoland.com\/ko\/#website","url":"https:\/\/naturalpoland.com\/ko\/","name":"NATURAL POLAND - Hurtowy Dystrybutor Surowc\u00f3w","description":"Surowce dla przemys\u0142u spo\u017cywczego, kosmetycznego i farmaceutycznego","publisher":{"@id":"https:\/\/naturalpoland.com\/ko\/#organization"},"potentialAction":[{"@type":"SearchAction","target":{"@type":"EntryPoint","urlTemplate":"https:\/\/naturalpoland.com\/ko\/?s={search_term_string}"},"query-input":{"@type":"PropertyValueSpecification","valueRequired":true,"valueName":"search_term_string"}}],"inLanguage":"ko-KR"},{"@type":"Organization","@id":"https:\/\/naturalpoland.com\/ko\/#organization","name":"Natural Poland","url":"https:\/\/naturalpoland.com\/ko\/","logo":{"@type":"ImageObject","inLanguage":"ko-KR","@id":"https:\/\/naturalpoland.com\/ko\/#\/schema\/logo\/image\/","url":"https:\/\/naturalpoland.com\/wp-content\/uploads\/2021\/05\/natural-poland-icon.png","contentUrl":"https:\/\/naturalpoland.com\/wp-content\/uploads\/2021\/05\/natural-poland-icon.png","width":512,"height":512,"caption":"Natural Poland"},"image":{"@id":"https:\/\/naturalpoland.com\/ko\/#\/schema\/logo\/image\/"},"sameAs":["https:\/\/www.facebook.com\/naturalpoland.b2b","https:\/\/pl.linkedin.com\/company\/natural-poland","https:\/\/www.youtube.com\/channel\/UCgeGGkvOMahZo-xu_MSEWxg"]}]}},"_links":{"self":[{"href":"https:\/\/naturalpoland.com\/ko\/wp-json\/wp\/v2\/product\/43233","targetHints":{"allow":["GET"]}}],"collection":[{"href":"https:\/\/naturalpoland.com\/ko\/wp-json\/wp\/v2\/product"}],"about":[{"href":"https:\/\/naturalpoland.com\/ko\/wp-json\/wp\/v2\/types\/product"}],"wp:featuredmedia":[{"embeddable":true,"href":"https:\/\/naturalpoland.com\/ko\/wp-json\/wp\/v2\/media\/43234"}],"wp:attachment":[{"href":"https:\/\/naturalpoland.com\/ko\/wp-json\/wp\/v2\/media?parent=43233"}],"wp:term":[{"taxonomy":"product_brand","embeddable":true,"href":"https:\/\/naturalpoland.com\/ko\/wp-json\/wp\/v2\/product_brand?post=43233"},{"taxonomy":"product_cat","embeddable":true,"href":"https:\/\/naturalpoland.com\/ko\/wp-json\/wp\/v2\/product_cat?post=43233"},{"taxonomy":"product_tag","embeddable":true,"href":"https:\/\/naturalpoland.com\/ko\/wp-json\/wp\/v2\/product_tag?post=43233"}],"curies":[{"name":"wp","href":"https:\/\/api.w.org\/{rel}","templated":true}]}}