{"id":43236,"date":"2024-07-09T13:48:53","date_gmt":"2024-07-09T11:48:53","guid":{"rendered":"https:\/\/naturalpoland.com\/produkty\/uncategorized\/%ec%8c%80%ea%b0%80%eb%a3%a8\/"},"modified":"2025-09-09T13:38:39","modified_gmt":"2025-09-09T11:38:39","slug":"%ec%8c%80%ea%b0%80%eb%a3%a8","status":"publish","type":"product","link":"https:\/\/naturalpoland.com\/ko\/je-pum\/sig-pum-won-ryo\/saeng-san-yong-won-ryo\/%ec%8c%80%ea%b0%80%eb%a3%a8\/","title":{"rendered":"\uc300\uac00\ub8e8"},"content":{"rendered":"<h2>\ud2b9\uc131<\/h2>\n<p>\uc300\uac00\ub8e8\ub294 \uc300 \ud2b9\uc720\uc758 \ud770\uc0c9\uacfc \uace0\uc6b4 \uac00\ub8e8 \ud615\ud0dc\ub97c \ub760\uace0 \uc788\uc2b5\ub2c8\ub2e4. \uc911\uc131\uc801\uc778 \ub9db\uc774 \ud2b9\uc9d5\uc774\uba70, \uc774\ub294 \ub2e4\uc591\ud55c \uc7ac\ub8cc\uc640 \uc798 \uc5b4\uc6b0\ub7ec\uc838 \uc7ac\ub8cc \ubcf8\uc5f0\uc758 \ub9db\uc5d0 \uc601\ud5a5\uc744 \uc8fc\uc9c0 \uc54a\uc2b5\ub2c8\ub2e4. \uc774\ucde8\ub098 \uc774\ubb3c\uac10\uc774 \uc5c6\uc2b5\ub2c8\ub2e4.  <\/p>\n<h2>\uc801\uc6a9<\/h2>\n<p>\uc300\uac00\ub8e8\ub294 \ub9e4\uc6b0 \ub2e4\uc7ac\ub2e4\ub2a5\ud569\ub2c8\ub2e4. \uc218\ud504\uc640 \uc18c\uc2a4\uc758 <strong>\ub18d\ud6c4\uc81c<\/strong>\ub85c \ud6cc\ub96d\ud558\uac8c \uc0ac\uc6a9\ub420 \uc218 \uc788\uc73c\uba70, \ube75, \ucf00\uc774\ud06c, \ud30c\uc2a4\ud0c0\uc640 \uac19\uc740 <strong>\ubca0\uc774\ud0b9 \uc7ac\ub8cc<\/strong>\ub85c\ub3c4 \uc88b\uc2b5\ub2c8\ub2e4. \ub610\ud55c \uad6d\uc218\uc640 \ub2e4\uc591\ud55c \uc885\ub958\uc758 \uc300\uacfc\uc790\ub97c \ud3ec\ud568\ud55c \uc544\uc2dc\uc544 \uc694\ub9ac \uc0dd\uc0b0\uc5d0\ub3c4 \ub110\ub9ac \uc0ac\uc6a9\ub429\ub2c8\ub2e4. \ucd94\uac00\uc801\uc73c\ub85c, \uc300\uac00\ub8e8\ub294 \uae00\ub8e8\ud150 \ud504\ub9ac \ub9e5\uc8fc \uc0dd\uc0b0\uacfc \uc140\ub9ac\uc545\ubcd1 \ud658\uc790\ub97c \uc704\ud55c \ub808\uc2dc\ud53c\uc5d0\uc11c <strong>\ub2e4\ub978 \ubc00\uac00\ub8e8\uc758 \ub300\uccb4\uc7ac<\/strong>\ub85c \uc0ac\uc6a9\ub429\ub2c8\ub2e4.  <\/p>\n<h2>\uc601\uc591 \uc131\ubd84<\/h2>\n<p>\uc300\uac00\ub8e8\ub294 \ud0c4\uc218\ud654\ubb3c\uc758 \ud48d\ubd80\ud55c \uacf5\uae09\uc6d0\uc73c\ub85c\uc11c, \uc2dd\ub2e8\uc5d0 \uc5d0\ub108\uc9c0\ub97c \uc81c\uacf5\ud558\ub294 \uc131\ubd84\uc785\ub2c8\ub2e4. \uc18c\ub7c9\uc758 \ub2e8\ubc31\uc9c8\uacfc \uc9c0\ubc29\ubfd0\ub9cc \uc544\ub2c8\ub77c \uc18c\ud654\ub97c \ub3d5\ub294 \uc2dd\uc774\uc12c\uc720\ub3c4 \ud568\uc720\ud558\uace0 \uc788\uc2b5\ub2c8\ub2e4. \uc800\uc9c0\ubc29 \uc81c\ud488\uc774\uba70 \ub098\ud2b8\ub968 \ud568\ub7c9\uc774 \ucd5c\uc18c\ud654\ub418\uc5b4 \uc788\uc5b4, \uc5fc\ubd84 \uc12d\ucde8\uc5d0 \uc81c\ud55c\uc774 \uc788\ub294 \ubd84\ub4e4\uc5d0\uac8c\ub3c4 \uc801\ud569\ud569\ub2c8\ub2e4.  <\/p>\n<h3>100g\ub2f9 \uc601\uc591 \uc131\ubd84:<\/h3>\n<ul>\n<li><strong>\uc5f4\ub7c9<\/strong>: 1481kJ \/ 349 kcal<\/li>\n<li><strong>\uc9c0\ubc29<\/strong>: 1.0g (\ud3ec\ud654\uc9c0\ubc29 0.2g \ud3ec\ud568)<\/li>\n<li><strong>\ud0c4\uc218\ud654\ubb3c<\/strong>: 77g (\ub2f9\ub958 0.2g \ud3ec\ud568)<\/li>\n<li><strong>\ub2e8\ubc31\uc9c8<\/strong>: 7.6g<\/li>\n<li><strong>\ub098\ud2b8\ub968<\/strong>: 0.01g<\/li>\n<\/ul>\n","protected":false},"excerpt":{"rendered":"<p>\uc300\uac00\ub8e8\ub294 \uc300\uc54c\ub85c \ub9cc\ub4e4\uc5b4\uc9c0\uba70, \ud770\uc0c9\uc758 \uace0\uc6b4 \uac00\ub8e8 \ud615\ud0dc\ub85c \uc874\uc7ac\ud569\ub2c8\ub2e4. \uc774\ub294 \uae00\ub8e8\ud150\uc744 \ud568\uc720\ud55c \uc804\ud1b5\uc801\uc778 \ubc00\uac00\ub8e8\uc5d0 \ub300\ud55c \uac74\uac15\ud558\uace0 \uae00\ub8e8\ud150 \ud504\ub9ac\ud55c \ub300\uc548\uc785\ub2c8\ub2e4. <\/p>\n","protected":false},"featured_media":43238,"template":"","meta":{"_acf_changed":false},"product_brand":[],"product_cat":[8175,8137],"product_tag":[],"class_list":{"0":"post-43236","1":"product","2":"type-product","3":"status-publish","4":"has-post-thumbnail","6":"product_cat-saeng-san-yong-won-ryo","7":"product_cat-wan-je-pum","9":"first","10":"instock","11":"shipping-taxable","12":"product-type-simple"},"acf":[],"yoast_head":"<!-- This site is optimized with the Yoast SEO plugin v27.5 - https:\/\/yoast.com\/product\/yoast-seo-wordpress\/ -->\n<title>NATURAL POLAND &#8211; Hurtowy Dystrybutor Surowc\u00f3w<\/title>\n<meta name=\"description\" content=\"\uc300\uac00\ub8e8\ub294 \ud0c4\uc218\ud654\ubb3c\uc758 \ud48d\ubd80\ud55c \uacf5\uae09\uc6d0\uc73c\ub85c\uc11c, \uc2dd\ub2e8\uc5d0 \uc5d0\ub108\uc9c0\ub97c \uc81c\uacf5\ud558\ub294 \uc131\ubd84\uc785\ub2c8\ub2e4. \uc18c\ub7c9\uc758 \ub2e8\ubc31\uc9c8\uacfc \uc9c0\ubc29\ubfd0\ub9cc \uc544\ub2c8\ub77c \uc2dd\uc774\uc12c\uc720\ub3c4 \ud568\uc720\ud558\uace0 \uc788\uc2b5\ub2c8\ub2e4.\" \/>\n<meta name=\"robots\" content=\"index, follow, max-snippet:-1, max-image-preview:large, max-video-preview:-1\" \/>\n<link rel=\"canonical\" href=\"https:\/\/naturalpoland.com\/ko\/je-pum\/sig-pum-won-ryo\/saeng-san-yong-won-ryo\/%ec%8c%80%ea%b0%80%eb%a3%a8\/\" \/>\n<meta property=\"og:locale\" content=\"ko_KR\" \/>\n<meta property=\"og:type\" content=\"article\" \/>\n<meta property=\"og:description\" content=\"\uc300\uac00\ub8e8\ub294 \ud0c4\uc218\ud654\ubb3c\uc758 \ud48d\ubd80\ud55c \uacf5\uae09\uc6d0\uc73c\ub85c\uc11c, \uc2dd\ub2e8\uc5d0 \uc5d0\ub108\uc9c0\ub97c \uc81c\uacf5\ud558\ub294 \uc131\ubd84\uc785\ub2c8\ub2e4. \uc18c\ub7c9\uc758 \ub2e8\ubc31\uc9c8\uacfc \uc9c0\ubc29\ubfd0\ub9cc \uc544\ub2c8\ub77c \uc2dd\uc774\uc12c\uc720\ub3c4 \ud568\uc720\ud558\uace0 \uc788\uc2b5\ub2c8\ub2e4.\" \/>\n<meta property=\"og:url\" content=\"https:\/\/naturalpoland.com\/ko\/je-pum\/sig-pum-won-ryo\/saeng-san-yong-won-ryo\/%ec%8c%80%ea%b0%80%eb%a3%a8\/\" \/>\n<meta property=\"og:site_name\" content=\"NATURAL POLAND - Hurtowy Dystrybutor Surowc\u00f3w\" \/>\n<meta property=\"article:publisher\" content=\"https:\/\/www.facebook.com\/naturalpoland.b2b\" \/>\n<meta property=\"article:modified_time\" content=\"2025-09-09T11:38:39+00:00\" \/>\n<meta property=\"og:image\" content=\"https:\/\/naturalpoland.com\/wp-content\/uploads\/maka-ryzowa-1.webp\" \/>\n\t<meta property=\"og:image:width\" content=\"350\" \/>\n\t<meta property=\"og:image:height\" content=\"350\" \/>\n\t<meta property=\"og:image:type\" content=\"image\/webp\" \/>\n<script type=\"application\/ld+json\" class=\"yoast-schema-graph\">{\"@context\":\"https:\\\/\\\/schema.org\",\"@graph\":[{\"@type\":\"WebPage\",\"@id\":\"https:\\\/\\\/naturalpoland.com\\\/ko\\\/je-pum\\\/sig-pum-won-ryo\\\/saeng-san-yong-won-ryo\\\/%ec%8c%80%ea%b0%80%eb%a3%a8\\\/\",\"url\":\"https:\\\/\\\/naturalpoland.com\\\/ko\\\/je-pum\\\/sig-pum-won-ryo\\\/saeng-san-yong-won-ryo\\\/%ec%8c%80%ea%b0%80%eb%a3%a8\\\/\",\"name\":\"\",\"isPartOf\":{\"@id\":\"https:\\\/\\\/naturalpoland.com\\\/ko\\\/#website\"},\"primaryImageOfPage\":{\"@id\":\"https:\\\/\\\/naturalpoland.com\\\/ko\\\/je-pum\\\/sig-pum-won-ryo\\\/saeng-san-yong-won-ryo\\\/%ec%8c%80%ea%b0%80%eb%a3%a8\\\/#primaryimage\"},\"image\":{\"@id\":\"https:\\\/\\\/naturalpoland.com\\\/ko\\\/je-pum\\\/sig-pum-won-ryo\\\/saeng-san-yong-won-ryo\\\/%ec%8c%80%ea%b0%80%eb%a3%a8\\\/#primaryimage\"},\"thumbnailUrl\":\"https:\\\/\\\/naturalpoland.com\\\/wp-content\\\/uploads\\\/maka-ryzowa-1.webp\",\"datePublished\":\"2024-07-09T11:48:53+00:00\",\"dateModified\":\"2025-09-09T11:38:39+00:00\",\"description\":\"\uc300\uac00\ub8e8\ub294 \ud0c4\uc218\ud654\ubb3c\uc758 \ud48d\ubd80\ud55c \uacf5\uae09\uc6d0\uc73c\ub85c\uc11c, \uc2dd\ub2e8\uc5d0 \uc5d0\ub108\uc9c0\ub97c \uc81c\uacf5\ud558\ub294 \uc131\ubd84\uc785\ub2c8\ub2e4. \uc18c\ub7c9\uc758 \ub2e8\ubc31\uc9c8\uacfc \uc9c0\ubc29\ubfd0\ub9cc \uc544\ub2c8\ub77c \uc2dd\uc774\uc12c\uc720\ub3c4 \ud568\uc720\ud558\uace0 \uc788\uc2b5\ub2c8\ub2e4.\",\"breadcrumb\":{\"@id\":\"https:\\\/\\\/naturalpoland.com\\\/ko\\\/je-pum\\\/sig-pum-won-ryo\\\/saeng-san-yong-won-ryo\\\/%ec%8c%80%ea%b0%80%eb%a3%a8\\\/#breadcrumb\"},\"inLanguage\":\"ko-KR\",\"potentialAction\":[{\"@type\":\"ReadAction\",\"target\":[\"https:\\\/\\\/naturalpoland.com\\\/ko\\\/je-pum\\\/sig-pum-won-ryo\\\/saeng-san-yong-won-ryo\\\/%ec%8c%80%ea%b0%80%eb%a3%a8\\\/\"]}]},{\"@type\":\"ImageObject\",\"inLanguage\":\"ko-KR\",\"@id\":\"https:\\\/\\\/naturalpoland.com\\\/ko\\\/je-pum\\\/sig-pum-won-ryo\\\/saeng-san-yong-won-ryo\\\/%ec%8c%80%ea%b0%80%eb%a3%a8\\\/#primaryimage\",\"url\":\"https:\\\/\\\/naturalpoland.com\\\/wp-content\\\/uploads\\\/maka-ryzowa-1.webp\",\"contentUrl\":\"https:\\\/\\\/naturalpoland.com\\\/wp-content\\\/uploads\\\/maka-ryzowa-1.webp\",\"width\":350,\"height\":350,\"caption\":\"\uc300\uac00\ub8e8\"},{\"@type\":\"BreadcrumbList\",\"@id\":\"https:\\\/\\\/naturalpoland.com\\\/ko\\\/je-pum\\\/sig-pum-won-ryo\\\/saeng-san-yong-won-ryo\\\/%ec%8c%80%ea%b0%80%eb%a3%a8\\\/#breadcrumb\",\"itemListElement\":[{\"@type\":\"ListItem\",\"position\":1,\"name\":\"\ud648\",\"item\":\"https:\\\/\\\/naturalpoland.com\\\/ko\\\/\"},{\"@type\":\"ListItem\",\"position\":2,\"name\":\"\uc81c\ud488\",\"item\":\"https:\\\/\\\/naturalpoland.com\\\/ko\\\/%ec%a0%9c%ed%92%88\\\/\"},{\"@type\":\"ListItem\",\"position\":3,\"name\":\"\uc300\uac00\ub8e8\"}]},{\"@type\":\"WebSite\",\"@id\":\"https:\\\/\\\/naturalpoland.com\\\/ko\\\/#website\",\"url\":\"https:\\\/\\\/naturalpoland.com\\\/ko\\\/\",\"name\":\"NATURAL POLAND - Hurtowy Dystrybutor Surowc\u00f3w\",\"description\":\"Surowce dla przemys\u0142u spo\u017cywczego, kosmetycznego i farmaceutycznego\",\"publisher\":{\"@id\":\"https:\\\/\\\/naturalpoland.com\\\/ko\\\/#organization\"},\"potentialAction\":[{\"@type\":\"SearchAction\",\"target\":{\"@type\":\"EntryPoint\",\"urlTemplate\":\"https:\\\/\\\/naturalpoland.com\\\/ko\\\/?s={search_term_string}\"},\"query-input\":{\"@type\":\"PropertyValueSpecification\",\"valueRequired\":true,\"valueName\":\"search_term_string\"}}],\"inLanguage\":\"ko-KR\"},{\"@type\":\"Organization\",\"@id\":\"https:\\\/\\\/naturalpoland.com\\\/ko\\\/#organization\",\"name\":\"Natural Poland\",\"url\":\"https:\\\/\\\/naturalpoland.com\\\/ko\\\/\",\"logo\":{\"@type\":\"ImageObject\",\"inLanguage\":\"ko-KR\",\"@id\":\"https:\\\/\\\/naturalpoland.com\\\/ko\\\/#\\\/schema\\\/logo\\\/image\\\/\",\"url\":\"https:\\\/\\\/naturalpoland.com\\\/wp-content\\\/uploads\\\/2021\\\/05\\\/natural-poland-icon.png\",\"contentUrl\":\"https:\\\/\\\/naturalpoland.com\\\/wp-content\\\/uploads\\\/2021\\\/05\\\/natural-poland-icon.png\",\"width\":512,\"height\":512,\"caption\":\"Natural Poland\"},\"image\":{\"@id\":\"https:\\\/\\\/naturalpoland.com\\\/ko\\\/#\\\/schema\\\/logo\\\/image\\\/\"},\"sameAs\":[\"https:\\\/\\\/www.facebook.com\\\/naturalpoland.b2b\",\"https:\\\/\\\/pl.linkedin.com\\\/company\\\/natural-poland\",\"https:\\\/\\\/www.youtube.com\\\/channel\\\/UCgeGGkvOMahZo-xu_MSEWxg\"]}]}<\/script>\n<!-- \/ Yoast SEO plugin. -->","yoast_head_json":{"title":"NATURAL POLAND &#8211; Hurtowy Dystrybutor Surowc\u00f3w","description":"\uc300\uac00\ub8e8\ub294 \ud0c4\uc218\ud654\ubb3c\uc758 \ud48d\ubd80\ud55c \uacf5\uae09\uc6d0\uc73c\ub85c\uc11c, \uc2dd\ub2e8\uc5d0 \uc5d0\ub108\uc9c0\ub97c \uc81c\uacf5\ud558\ub294 \uc131\ubd84\uc785\ub2c8\ub2e4. \uc18c\ub7c9\uc758 \ub2e8\ubc31\uc9c8\uacfc \uc9c0\ubc29\ubfd0\ub9cc \uc544\ub2c8\ub77c \uc2dd\uc774\uc12c\uc720\ub3c4 \ud568\uc720\ud558\uace0 \uc788\uc2b5\ub2c8\ub2e4.","robots":{"index":"index","follow":"follow","max-snippet":"max-snippet:-1","max-image-preview":"max-image-preview:large","max-video-preview":"max-video-preview:-1"},"canonical":"https:\/\/naturalpoland.com\/ko\/je-pum\/sig-pum-won-ryo\/saeng-san-yong-won-ryo\/%ec%8c%80%ea%b0%80%eb%a3%a8\/","og_locale":"ko_KR","og_type":"article","og_description":"\uc300\uac00\ub8e8\ub294 \ud0c4\uc218\ud654\ubb3c\uc758 \ud48d\ubd80\ud55c \uacf5\uae09\uc6d0\uc73c\ub85c\uc11c, \uc2dd\ub2e8\uc5d0 \uc5d0\ub108\uc9c0\ub97c \uc81c\uacf5\ud558\ub294 \uc131\ubd84\uc785\ub2c8\ub2e4. \uc18c\ub7c9\uc758 \ub2e8\ubc31\uc9c8\uacfc \uc9c0\ubc29\ubfd0\ub9cc \uc544\ub2c8\ub77c \uc2dd\uc774\uc12c\uc720\ub3c4 \ud568\uc720\ud558\uace0 \uc788\uc2b5\ub2c8\ub2e4.","og_url":"https:\/\/naturalpoland.com\/ko\/je-pum\/sig-pum-won-ryo\/saeng-san-yong-won-ryo\/%ec%8c%80%ea%b0%80%eb%a3%a8\/","og_site_name":"NATURAL POLAND - Hurtowy Dystrybutor Surowc\u00f3w","article_publisher":"https:\/\/www.facebook.com\/naturalpoland.b2b","article_modified_time":"2025-09-09T11:38:39+00:00","og_image":[{"width":350,"height":350,"url":"https:\/\/naturalpoland.com\/wp-content\/uploads\/maka-ryzowa-1.webp","type":"image\/webp"}],"schema":{"@context":"https:\/\/schema.org","@graph":[{"@type":"WebPage","@id":"https:\/\/naturalpoland.com\/ko\/je-pum\/sig-pum-won-ryo\/saeng-san-yong-won-ryo\/%ec%8c%80%ea%b0%80%eb%a3%a8\/","url":"https:\/\/naturalpoland.com\/ko\/je-pum\/sig-pum-won-ryo\/saeng-san-yong-won-ryo\/%ec%8c%80%ea%b0%80%eb%a3%a8\/","name":"","isPartOf":{"@id":"https:\/\/naturalpoland.com\/ko\/#website"},"primaryImageOfPage":{"@id":"https:\/\/naturalpoland.com\/ko\/je-pum\/sig-pum-won-ryo\/saeng-san-yong-won-ryo\/%ec%8c%80%ea%b0%80%eb%a3%a8\/#primaryimage"},"image":{"@id":"https:\/\/naturalpoland.com\/ko\/je-pum\/sig-pum-won-ryo\/saeng-san-yong-won-ryo\/%ec%8c%80%ea%b0%80%eb%a3%a8\/#primaryimage"},"thumbnailUrl":"https:\/\/naturalpoland.com\/wp-content\/uploads\/maka-ryzowa-1.webp","datePublished":"2024-07-09T11:48:53+00:00","dateModified":"2025-09-09T11:38:39+00:00","description":"\uc300\uac00\ub8e8\ub294 \ud0c4\uc218\ud654\ubb3c\uc758 \ud48d\ubd80\ud55c \uacf5\uae09\uc6d0\uc73c\ub85c\uc11c, \uc2dd\ub2e8\uc5d0 \uc5d0\ub108\uc9c0\ub97c \uc81c\uacf5\ud558\ub294 \uc131\ubd84\uc785\ub2c8\ub2e4. \uc18c\ub7c9\uc758 \ub2e8\ubc31\uc9c8\uacfc \uc9c0\ubc29\ubfd0\ub9cc \uc544\ub2c8\ub77c \uc2dd\uc774\uc12c\uc720\ub3c4 \ud568\uc720\ud558\uace0 \uc788\uc2b5\ub2c8\ub2e4.","breadcrumb":{"@id":"https:\/\/naturalpoland.com\/ko\/je-pum\/sig-pum-won-ryo\/saeng-san-yong-won-ryo\/%ec%8c%80%ea%b0%80%eb%a3%a8\/#breadcrumb"},"inLanguage":"ko-KR","potentialAction":[{"@type":"ReadAction","target":["https:\/\/naturalpoland.com\/ko\/je-pum\/sig-pum-won-ryo\/saeng-san-yong-won-ryo\/%ec%8c%80%ea%b0%80%eb%a3%a8\/"]}]},{"@type":"ImageObject","inLanguage":"ko-KR","@id":"https:\/\/naturalpoland.com\/ko\/je-pum\/sig-pum-won-ryo\/saeng-san-yong-won-ryo\/%ec%8c%80%ea%b0%80%eb%a3%a8\/#primaryimage","url":"https:\/\/naturalpoland.com\/wp-content\/uploads\/maka-ryzowa-1.webp","contentUrl":"https:\/\/naturalpoland.com\/wp-content\/uploads\/maka-ryzowa-1.webp","width":350,"height":350,"caption":"\uc300\uac00\ub8e8"},{"@type":"BreadcrumbList","@id":"https:\/\/naturalpoland.com\/ko\/je-pum\/sig-pum-won-ryo\/saeng-san-yong-won-ryo\/%ec%8c%80%ea%b0%80%eb%a3%a8\/#breadcrumb","itemListElement":[{"@type":"ListItem","position":1,"name":"\ud648","item":"https:\/\/naturalpoland.com\/ko\/"},{"@type":"ListItem","position":2,"name":"\uc81c\ud488","item":"https:\/\/naturalpoland.com\/ko\/%ec%a0%9c%ed%92%88\/"},{"@type":"ListItem","position":3,"name":"\uc300\uac00\ub8e8"}]},{"@type":"WebSite","@id":"https:\/\/naturalpoland.com\/ko\/#website","url":"https:\/\/naturalpoland.com\/ko\/","name":"NATURAL POLAND - Hurtowy Dystrybutor Surowc\u00f3w","description":"Surowce dla przemys\u0142u spo\u017cywczego, kosmetycznego i farmaceutycznego","publisher":{"@id":"https:\/\/naturalpoland.com\/ko\/#organization"},"potentialAction":[{"@type":"SearchAction","target":{"@type":"EntryPoint","urlTemplate":"https:\/\/naturalpoland.com\/ko\/?s={search_term_string}"},"query-input":{"@type":"PropertyValueSpecification","valueRequired":true,"valueName":"search_term_string"}}],"inLanguage":"ko-KR"},{"@type":"Organization","@id":"https:\/\/naturalpoland.com\/ko\/#organization","name":"Natural Poland","url":"https:\/\/naturalpoland.com\/ko\/","logo":{"@type":"ImageObject","inLanguage":"ko-KR","@id":"https:\/\/naturalpoland.com\/ko\/#\/schema\/logo\/image\/","url":"https:\/\/naturalpoland.com\/wp-content\/uploads\/2021\/05\/natural-poland-icon.png","contentUrl":"https:\/\/naturalpoland.com\/wp-content\/uploads\/2021\/05\/natural-poland-icon.png","width":512,"height":512,"caption":"Natural Poland"},"image":{"@id":"https:\/\/naturalpoland.com\/ko\/#\/schema\/logo\/image\/"},"sameAs":["https:\/\/www.facebook.com\/naturalpoland.b2b","https:\/\/pl.linkedin.com\/company\/natural-poland","https:\/\/www.youtube.com\/channel\/UCgeGGkvOMahZo-xu_MSEWxg"]}]}},"_links":{"self":[{"href":"https:\/\/naturalpoland.com\/ko\/wp-json\/wp\/v2\/product\/43236","targetHints":{"allow":["GET"]}}],"collection":[{"href":"https:\/\/naturalpoland.com\/ko\/wp-json\/wp\/v2\/product"}],"about":[{"href":"https:\/\/naturalpoland.com\/ko\/wp-json\/wp\/v2\/types\/product"}],"wp:featuredmedia":[{"embeddable":true,"href":"https:\/\/naturalpoland.com\/ko\/wp-json\/wp\/v2\/media\/43238"}],"wp:attachment":[{"href":"https:\/\/naturalpoland.com\/ko\/wp-json\/wp\/v2\/media?parent=43236"}],"wp:term":[{"taxonomy":"product_brand","embeddable":true,"href":"https:\/\/naturalpoland.com\/ko\/wp-json\/wp\/v2\/product_brand?post=43236"},{"taxonomy":"product_cat","embeddable":true,"href":"https:\/\/naturalpoland.com\/ko\/wp-json\/wp\/v2\/product_cat?post=43236"},{"taxonomy":"product_tag","embeddable":true,"href":"https:\/\/naturalpoland.com\/ko\/wp-json\/wp\/v2\/product_tag?post=43236"}],"curies":[{"name":"wp","href":"https:\/\/api.w.org\/{rel}","templated":true}]}}