{"id":43239,"date":"2021-05-11T13:52:08","date_gmt":"2021-05-11T11:52:08","guid":{"rendered":"https:\/\/naturalpoland.com\/produkty\/uncategorized\/%eb%a1%9c%ec%a6%88%ed%9e%99-%ec%98%a4%ec%9d%bc\/"},"modified":"2025-09-09T13:40:17","modified_gmt":"2025-09-09T11:40:17","slug":"%eb%a1%9c%ec%a6%88%ed%9e%99-%ec%98%a4%ec%9d%bc","status":"publish","type":"product","link":"https:\/\/naturalpoland.com\/ko\/je-pum\/sig-pum-won-ryo\/sig-yong-yu\/%eb%a1%9c%ec%a6%88%ed%9e%99-%ec%98%a4%ec%9d%bc\/","title":{"rendered":"\ub85c\uc988\ud799 \uc624\uc77c"},"content":{"rendered":"<h2>\ub85c\uc988\ud799 \uc624\uc77c\uc758 \uc131\ubd84<\/h2>\n<p>\uc774 \uc624\uc77c\uc740 \ud544\uc218 \ubd88\ud3ec\ud654 \uc9c0\ubc29\uc0b0(EUFA), \ube44\ud0c0\ubbfc C, A, E, \ud50c\ub77c\ubcf4\ub178\uc774\ub4dc \ubc0f \ub808\ud2f0\ub178\uc0b0\uacfc \uac19\uc740 \ucc9c\uc5f0 \uc131\ubd84\uc774 \ud48d\ubd80\ud569\ub2c8\ub2e4. \uc9c0\ubc29\uc0b0\uc758 \uc0c1\ub300\uc801\uc778 \uc9c8\ub7c9 \ube44\uc728\uc740 \ub2e4\uc74c\uacfc \uac19\uc2b5\ub2c8\ub2e4: <\/p>\n<table>\n<tbody>\n<tr>\n<td>\ud314\ubbf8\ud2b8\uc0b0 (C 16:0)<\/td>\n<td>6.9%<\/td>\n<\/tr>\n<tr>\n<td>\ud314\ubbf8\ud1a8\ub808\uc0b0 (C 16:1)<\/td>\n<td>0.12%<\/td>\n<\/tr>\n<tr>\n<td>\uc2a4\ud14c\uc544\ub974\uc0b0 (C 18:0)<\/td>\n<td>4.5%<\/td>\n<\/tr>\n<tr>\n<td>\uc62c\ub808\uc0b0 (C 18:1)<\/td>\n<td>22.3%<\/td>\n<\/tr>\n<tr>\n<td>\ub9ac\ub180\ub808\uc0b0 (C 18:2)<\/td>\n<td>47.1%<\/td>\n<\/tr>\n<tr>\n<td>\ub9ac\ub180\ub80c\uc0b0 (C 18:3)<\/td>\n<td>17.0%<\/td>\n<\/tr>\n<tr>\n<td>\uc544\ub77c\ud0a4\ub4dc\uc0b0 (C 20:0)<\/td>\n<td>0.22%<\/td>\n<\/tr>\n<tr>\n<td>\uc5d0\uc774\ucf54\uc13c\uc0b0 (C 20:1)<\/td>\n<td>0.12%<\/td>\n<\/tr>\n<tr>\n<td>\ubca0\ud5e8\uc0b0 (C 22:0)<\/td>\n<td>0.4%<\/td>\n<\/tr>\n<tr>\n<td>\ub9ac\uadf8\ub178\uc138\ub974\uc0b0 (C 24:0)<\/td>\n<td>0.3%<\/td>\n<\/tr>\n<\/tbody>\n<\/table>\n<p>&nbsp;<\/p>\n<h2>\ud2b9\uc131:<\/h2>\n<p>\ub85c\uc988\ud799 \uc624\uc77c\uc740 <strong>\uc7ac\uc0dd<\/strong>, <strong>\ubcf4\uc2b5<\/strong> \ubc0f <strong>\ub178\ud654 \ubc29\uc9c0 \ud2b9\uc131<\/strong>\uc744 \uac00\uc9c0\uace0 \uc788\uc2b5\ub2c8\ub2e4. \ub9ac\ub180\ub808\uc0b0\uacfc \ub9ac\ub180\ub80c\uc0b0 \uc9c0\ubc29\uc0b0\uc758 \ub192\uc740 \ud568\ub7c9\uc740 \ud53c\ubd80 \ubcf4\ud638 \uc7a5\ubcbd\uc758 \uc7ac\uac74\uc744 \ub3d5\uace0, \ud749\ud130 \uce58\uc720\ub97c \ucd09\uc9c4\ud558\uba70, \ud2bc\uc0b4\uc744 \uc644\ud654\ud558\uace0 \uc8fc\ub984\uc758 \uac00\uc2dc\uc131\uc744 \uc904\uc5ec\uc90d\ub2c8\ub2e4. \ud56d\uc0b0\ud654\uc81c\uac00 \ud48d\ubd80\ud55c \ube44\ud0c0\ubbfc C\ub294 \ud53c\ubd80 \ub178\ud654\ub97c \ubc29\uc9c0\ud558\uba70, \ucca0\uacfc \ubc18\uc751\ud558\uc9c0 \uc54a\ub294 \uc790\uc5f0 \ud615\ud0dc\ub294 \uc720\ud574\ud55c \ud65c\uc131\uc0b0\uc18c\ub85c\ubd80\ud130 \ubcf4\ud638\ud569\ub2c8\ub2e4. \uc774\ub85c \uc778\ud574 \uc774 \uc624\uc77c\uc740 \ud53c\ubd80\uc5d0 \ub9e4\uc6b0 \uc548\uc804\ud558\uba70 \uc790\uadf9\uc744 \uc720\ubc1c\ud558\uc9c0 \uc54a\uc2b5\ub2c8\ub2e4.   <\/p>\n<p>&nbsp;<\/p>\n<h2>\uc801\uc6a9 \ubd84\uc57c:<\/h2>\n<p>\uc774 \uc81c\ud488\uc740 <strong>\ubaa8\ub4e0 \ud53c\ubd80 \ud0c0\uc785<\/strong>, \ud2b9\ud788 \uac74\uc131, \uc131\uc219 \ubc0f \ubbfc\uac10\uc131 \ud53c\ubd80 \uad00\ub9ac\uc5d0 \ud0c1\uc6d4\ud569\ub2c8\ub2e4. \ubaa8\uacf5\uc744 \ub9c9\uc9c0 \uc54a\uc544 \uc9c0\uc131 \ubc0f \uc5ec\ub4dc\ub984\uc131 \ud53c\ubd80\uc5d0\ub3c4 \uc801\ud569\ud569\ub2c8\ub2e4. \uafb8\uc900\ud788 \uc0ac\uc6a9\ud558\uba74 \ud53c\ubd80 \ud0c4\ub825\uc744 \uac1c\uc120\ud558\uace0 \ud53c\ubd80 \ud1a4\uc744 \uade0\uc77c\ud558\uac8c \ud558\uba70 \uc0c9\uc18c \uce68\ucc29\uacfc \ud749\ud130\ub97c \uc904\uc5ec\uc90d\ub2c8\ub2e4.  <\/p>\n<p>\uc774 \uc624\uc77c\uc740 <strong>\ud5e4\uc5b4 \ucf00\uc5b4<\/strong>\uc5d0\ub3c4 \uc774\uc0c1\uc801\uc785\ub2c8\ub2e4. \ubaa8\ubc1c\uc5d0 \uc218\ubd84\uc744 \uacf5\uae09\ud558\uace0 \uac15\ud654\ud558\uba70 \ud0c4\ub825\uc744 \uac1c\uc120\ud569\ub2c8\ub2e4. \ud53c\ubd80, \ubaa8\ubc1c\uc5d0 \uc9c1\uc811 \uc0ac\uc6a9\ud558\uac70\ub098 \ud06c\ub9bc, \ub85c\uc158, \ub9c8\uc2a4\ud06c\uc640 \uac19\uc740 \ud654\uc7a5\ud488\uc5d0 \ucca8\uac00\ud558\uc5ec \uc0ac\uc6a9\ud560 \uc218 \uc788\uc2b5\ub2c8\ub2e4. \uc21c\ud55c \uc791\uc6a9\uc744 \ud558\uc5ec \ub208\uac00\uc640 \uac19\uc740 \ubbfc\uac10\ud55c \ubd80\uc704\uc5d0\ub3c4 \uc0ac\uc6a9\ud560 \uc218 \uc788\uc2b5\ub2c8\ub2e4.  <\/p>\n<p>\ub85c\uc988\ud799 \uc624\uc77c\uc740 \ube5b\ub098\uace0 \uac74\uac15\ud558\uba70 \uc80a\uc740 \ud53c\ubd80\ub97c \uc720\uc9c0\ud558\ub294 \ub370 \ud6a8\uacfc\uc801\uc73c\ub85c \ub3c4\uc6c0\uc744 \uc8fc\uae30 \ub54c\ubb38\uc5d0 \uc885\uc885 \u201c\uc80a\uc74c\uc758 \uc624\uc77c\u201d\uc774\ub77c\uace0 \ubd88\ub9bd\ub2c8\ub2e4.<\/p>\n","protected":false},"excerpt":{"rendered":"<p><strong>\ub85c\uc0ac \uce74\ub2c8\ub098 \ub85c\uc988\ud799 \uc624\uc77c<\/strong>\uc740 \uc57c\uc0dd \uc7a5\ubbf8 \ub364\ubd88\uc758 \uc5f4\ub9e4 \uc804\uccb4\ub97c \ub0c9\uc555\ucc29\ud558\uc5ec \ub9cc\ub4ed\ub2c8\ub2e4. \ubc1d\uc740 \uc8fc\ud669\uc0c9\uacfc \uc12c\uc138\ud55c \uacfc\uc77c \ud5a5\uc774 \ud2b9\uc9d5\uc785\ub2c8\ub2e4. <\/p>\n","protected":false},"featured_media":43241,"template":"","meta":{"_acf_changed":false},"product_brand":[],"product_cat":[8135,8174,8154],"product_tag":[],"class_list":{"0":"post-43239","1":"product","2":"type-product","3":"status-publish","4":"has-post-thumbnail","6":"product_cat-sig-yong-mit-hwa-jang-pum-yong-o-il","7":"product_cat-sig-yong-yu","8":"product_cat-hwa-jang-pum-o-il","10":"first","11":"instock","12":"shipping-taxable","13":"product-type-simple"},"acf":[],"yoast_head":"<!-- This site is optimized with the Yoast SEO plugin v27.5 - https:\/\/yoast.com\/product\/yoast-seo-wordpress\/ -->\n<title>NATURAL POLAND &#8211; Hurtowy Dystrybutor Surowc\u00f3w<\/title>\n<meta name=\"description\" content=\"\ub85c\uc0ac \uce74\ub2c8\ub098 \ub85c\uc988\ud799 \uc624\uc77c\uc740 \uc57c\uc0dd \uc7a5\ubbf8 \ub364\ubd88\uc758 \uc5f4\ub9e4 \uc804\uccb4\ub97c \ub0c9\uc555\ucc29\ud558\uc5ec \ub9cc\ub4e0 \ucd5c\uace0 \ud488\uc9c8\uc758 \uc81c\ud488\uc785\ub2c8\ub2e4.\" \/>\n<meta name=\"robots\" content=\"index, follow, max-snippet:-1, max-image-preview:large, max-video-preview:-1\" \/>\n<link rel=\"canonical\" href=\"https:\/\/naturalpoland.com\/ko\/je-pum\/sig-pum-won-ryo\/sig-yong-yu\/%eb%a1%9c%ec%a6%88%ed%9e%99-%ec%98%a4%ec%9d%bc\/\" \/>\n<meta property=\"og:locale\" content=\"ko_KR\" \/>\n<meta property=\"og:type\" content=\"article\" \/>\n<meta property=\"og:description\" content=\"\ub85c\uc0ac \uce74\ub2c8\ub098 \ub85c\uc988\ud799 \uc624\uc77c\uc740 \uc57c\uc0dd \uc7a5\ubbf8 \ub364\ubd88\uc758 \uc5f4\ub9e4 \uc804\uccb4\ub97c \ub0c9\uc555\ucc29\ud558\uc5ec \ub9cc\ub4e0 \ucd5c\uace0 \ud488\uc9c8\uc758 \uc81c\ud488\uc785\ub2c8\ub2e4.\" \/>\n<meta property=\"og:url\" content=\"https:\/\/naturalpoland.com\/ko\/je-pum\/sig-pum-won-ryo\/sig-yong-yu\/%eb%a1%9c%ec%a6%88%ed%9e%99-%ec%98%a4%ec%9d%bc\/\" \/>\n<meta property=\"og:site_name\" content=\"NATURAL POLAND - Hurtowy Dystrybutor Surowc\u00f3w\" \/>\n<meta property=\"article:publisher\" content=\"https:\/\/www.facebook.com\/naturalpoland.b2b\" \/>\n<meta property=\"article:modified_time\" content=\"2025-09-09T11:40:17+00:00\" \/>\n<meta property=\"og:image\" content=\"https:\/\/naturalpoland.com\/wp-content\/uploads\/olej-z-owocow-dzikiej-rozy.webp\" \/>\n\t<meta property=\"og:image:width\" content=\"619\" \/>\n\t<meta property=\"og:image:height\" content=\"619\" \/>\n\t<meta property=\"og:image:type\" content=\"image\/webp\" \/>\n<script type=\"application\/ld+json\" class=\"yoast-schema-graph\">{\"@context\":\"https:\\\/\\\/schema.org\",\"@graph\":[{\"@type\":\"WebPage\",\"@id\":\"https:\\\/\\\/naturalpoland.com\\\/ko\\\/je-pum\\\/sig-pum-won-ryo\\\/sig-yong-yu\\\/%eb%a1%9c%ec%a6%88%ed%9e%99-%ec%98%a4%ec%9d%bc\\\/\",\"url\":\"https:\\\/\\\/naturalpoland.com\\\/ko\\\/je-pum\\\/sig-pum-won-ryo\\\/sig-yong-yu\\\/%eb%a1%9c%ec%a6%88%ed%9e%99-%ec%98%a4%ec%9d%bc\\\/\",\"name\":\"\",\"isPartOf\":{\"@id\":\"https:\\\/\\\/naturalpoland.com\\\/ko\\\/#website\"},\"primaryImageOfPage\":{\"@id\":\"https:\\\/\\\/naturalpoland.com\\\/ko\\\/je-pum\\\/sig-pum-won-ryo\\\/sig-yong-yu\\\/%eb%a1%9c%ec%a6%88%ed%9e%99-%ec%98%a4%ec%9d%bc\\\/#primaryimage\"},\"image\":{\"@id\":\"https:\\\/\\\/naturalpoland.com\\\/ko\\\/je-pum\\\/sig-pum-won-ryo\\\/sig-yong-yu\\\/%eb%a1%9c%ec%a6%88%ed%9e%99-%ec%98%a4%ec%9d%bc\\\/#primaryimage\"},\"thumbnailUrl\":\"https:\\\/\\\/naturalpoland.com\\\/wp-content\\\/uploads\\\/olej-z-owocow-dzikiej-rozy.webp\",\"datePublished\":\"2021-05-11T11:52:08+00:00\",\"dateModified\":\"2025-09-09T11:40:17+00:00\",\"description\":\"\ub85c\uc0ac \uce74\ub2c8\ub098 \ub85c\uc988\ud799 \uc624\uc77c\uc740 \uc57c\uc0dd \uc7a5\ubbf8 \ub364\ubd88\uc758 \uc5f4\ub9e4 \uc804\uccb4\ub97c \ub0c9\uc555\ucc29\ud558\uc5ec \ub9cc\ub4e0 \ucd5c\uace0 \ud488\uc9c8\uc758 \uc81c\ud488\uc785\ub2c8\ub2e4.\",\"breadcrumb\":{\"@id\":\"https:\\\/\\\/naturalpoland.com\\\/ko\\\/je-pum\\\/sig-pum-won-ryo\\\/sig-yong-yu\\\/%eb%a1%9c%ec%a6%88%ed%9e%99-%ec%98%a4%ec%9d%bc\\\/#breadcrumb\"},\"inLanguage\":\"ko-KR\",\"potentialAction\":[{\"@type\":\"ReadAction\",\"target\":[\"https:\\\/\\\/naturalpoland.com\\\/ko\\\/je-pum\\\/sig-pum-won-ryo\\\/sig-yong-yu\\\/%eb%a1%9c%ec%a6%88%ed%9e%99-%ec%98%a4%ec%9d%bc\\\/\"]}]},{\"@type\":\"ImageObject\",\"inLanguage\":\"ko-KR\",\"@id\":\"https:\\\/\\\/naturalpoland.com\\\/ko\\\/je-pum\\\/sig-pum-won-ryo\\\/sig-yong-yu\\\/%eb%a1%9c%ec%a6%88%ed%9e%99-%ec%98%a4%ec%9d%bc\\\/#primaryimage\",\"url\":\"https:\\\/\\\/naturalpoland.com\\\/wp-content\\\/uploads\\\/olej-z-owocow-dzikiej-rozy.webp\",\"contentUrl\":\"https:\\\/\\\/naturalpoland.com\\\/wp-content\\\/uploads\\\/olej-z-owocow-dzikiej-rozy.webp\",\"width\":619,\"height\":619,\"caption\":\"\ub85c\uc0ac \uce74\ub2c8\ub098 \ub85c\uc988\ud799 \uc624\uc77c\"},{\"@type\":\"BreadcrumbList\",\"@id\":\"https:\\\/\\\/naturalpoland.com\\\/ko\\\/je-pum\\\/sig-pum-won-ryo\\\/sig-yong-yu\\\/%eb%a1%9c%ec%a6%88%ed%9e%99-%ec%98%a4%ec%9d%bc\\\/#breadcrumb\",\"itemListElement\":[{\"@type\":\"ListItem\",\"position\":1,\"name\":\"\ud648\",\"item\":\"https:\\\/\\\/naturalpoland.com\\\/ko\\\/\"},{\"@type\":\"ListItem\",\"position\":2,\"name\":\"\uc81c\ud488\",\"item\":\"https:\\\/\\\/naturalpoland.com\\\/ko\\\/%ec%a0%9c%ed%92%88\\\/\"},{\"@type\":\"ListItem\",\"position\":3,\"name\":\"\ub85c\uc988\ud799 \uc624\uc77c\"}]},{\"@type\":\"WebSite\",\"@id\":\"https:\\\/\\\/naturalpoland.com\\\/ko\\\/#website\",\"url\":\"https:\\\/\\\/naturalpoland.com\\\/ko\\\/\",\"name\":\"NATURAL POLAND - Hurtowy Dystrybutor Surowc\u00f3w\",\"description\":\"Surowce dla przemys\u0142u spo\u017cywczego, kosmetycznego i farmaceutycznego\",\"publisher\":{\"@id\":\"https:\\\/\\\/naturalpoland.com\\\/ko\\\/#organization\"},\"potentialAction\":[{\"@type\":\"SearchAction\",\"target\":{\"@type\":\"EntryPoint\",\"urlTemplate\":\"https:\\\/\\\/naturalpoland.com\\\/ko\\\/?s={search_term_string}\"},\"query-input\":{\"@type\":\"PropertyValueSpecification\",\"valueRequired\":true,\"valueName\":\"search_term_string\"}}],\"inLanguage\":\"ko-KR\"},{\"@type\":\"Organization\",\"@id\":\"https:\\\/\\\/naturalpoland.com\\\/ko\\\/#organization\",\"name\":\"Natural Poland\",\"url\":\"https:\\\/\\\/naturalpoland.com\\\/ko\\\/\",\"logo\":{\"@type\":\"ImageObject\",\"inLanguage\":\"ko-KR\",\"@id\":\"https:\\\/\\\/naturalpoland.com\\\/ko\\\/#\\\/schema\\\/logo\\\/image\\\/\",\"url\":\"https:\\\/\\\/naturalpoland.com\\\/wp-content\\\/uploads\\\/2021\\\/05\\\/natural-poland-icon.png\",\"contentUrl\":\"https:\\\/\\\/naturalpoland.com\\\/wp-content\\\/uploads\\\/2021\\\/05\\\/natural-poland-icon.png\",\"width\":512,\"height\":512,\"caption\":\"Natural Poland\"},\"image\":{\"@id\":\"https:\\\/\\\/naturalpoland.com\\\/ko\\\/#\\\/schema\\\/logo\\\/image\\\/\"},\"sameAs\":[\"https:\\\/\\\/www.facebook.com\\\/naturalpoland.b2b\",\"https:\\\/\\\/pl.linkedin.com\\\/company\\\/natural-poland\",\"https:\\\/\\\/www.youtube.com\\\/channel\\\/UCgeGGkvOMahZo-xu_MSEWxg\"]}]}<\/script>\n<!-- \/ Yoast SEO plugin. -->","yoast_head_json":{"title":"NATURAL POLAND &#8211; Hurtowy Dystrybutor Surowc\u00f3w","description":"\ub85c\uc0ac \uce74\ub2c8\ub098 \ub85c\uc988\ud799 \uc624\uc77c\uc740 \uc57c\uc0dd \uc7a5\ubbf8 \ub364\ubd88\uc758 \uc5f4\ub9e4 \uc804\uccb4\ub97c \ub0c9\uc555\ucc29\ud558\uc5ec \ub9cc\ub4e0 \ucd5c\uace0 \ud488\uc9c8\uc758 \uc81c\ud488\uc785\ub2c8\ub2e4.","robots":{"index":"index","follow":"follow","max-snippet":"max-snippet:-1","max-image-preview":"max-image-preview:large","max-video-preview":"max-video-preview:-1"},"canonical":"https:\/\/naturalpoland.com\/ko\/je-pum\/sig-pum-won-ryo\/sig-yong-yu\/%eb%a1%9c%ec%a6%88%ed%9e%99-%ec%98%a4%ec%9d%bc\/","og_locale":"ko_KR","og_type":"article","og_description":"\ub85c\uc0ac \uce74\ub2c8\ub098 \ub85c\uc988\ud799 \uc624\uc77c\uc740 \uc57c\uc0dd \uc7a5\ubbf8 \ub364\ubd88\uc758 \uc5f4\ub9e4 \uc804\uccb4\ub97c \ub0c9\uc555\ucc29\ud558\uc5ec \ub9cc\ub4e0 \ucd5c\uace0 \ud488\uc9c8\uc758 \uc81c\ud488\uc785\ub2c8\ub2e4.","og_url":"https:\/\/naturalpoland.com\/ko\/je-pum\/sig-pum-won-ryo\/sig-yong-yu\/%eb%a1%9c%ec%a6%88%ed%9e%99-%ec%98%a4%ec%9d%bc\/","og_site_name":"NATURAL POLAND - Hurtowy Dystrybutor Surowc\u00f3w","article_publisher":"https:\/\/www.facebook.com\/naturalpoland.b2b","article_modified_time":"2025-09-09T11:40:17+00:00","og_image":[{"width":619,"height":619,"url":"https:\/\/naturalpoland.com\/wp-content\/uploads\/olej-z-owocow-dzikiej-rozy.webp","type":"image\/webp"}],"schema":{"@context":"https:\/\/schema.org","@graph":[{"@type":"WebPage","@id":"https:\/\/naturalpoland.com\/ko\/je-pum\/sig-pum-won-ryo\/sig-yong-yu\/%eb%a1%9c%ec%a6%88%ed%9e%99-%ec%98%a4%ec%9d%bc\/","url":"https:\/\/naturalpoland.com\/ko\/je-pum\/sig-pum-won-ryo\/sig-yong-yu\/%eb%a1%9c%ec%a6%88%ed%9e%99-%ec%98%a4%ec%9d%bc\/","name":"","isPartOf":{"@id":"https:\/\/naturalpoland.com\/ko\/#website"},"primaryImageOfPage":{"@id":"https:\/\/naturalpoland.com\/ko\/je-pum\/sig-pum-won-ryo\/sig-yong-yu\/%eb%a1%9c%ec%a6%88%ed%9e%99-%ec%98%a4%ec%9d%bc\/#primaryimage"},"image":{"@id":"https:\/\/naturalpoland.com\/ko\/je-pum\/sig-pum-won-ryo\/sig-yong-yu\/%eb%a1%9c%ec%a6%88%ed%9e%99-%ec%98%a4%ec%9d%bc\/#primaryimage"},"thumbnailUrl":"https:\/\/naturalpoland.com\/wp-content\/uploads\/olej-z-owocow-dzikiej-rozy.webp","datePublished":"2021-05-11T11:52:08+00:00","dateModified":"2025-09-09T11:40:17+00:00","description":"\ub85c\uc0ac \uce74\ub2c8\ub098 \ub85c\uc988\ud799 \uc624\uc77c\uc740 \uc57c\uc0dd \uc7a5\ubbf8 \ub364\ubd88\uc758 \uc5f4\ub9e4 \uc804\uccb4\ub97c \ub0c9\uc555\ucc29\ud558\uc5ec \ub9cc\ub4e0 \ucd5c\uace0 \ud488\uc9c8\uc758 \uc81c\ud488\uc785\ub2c8\ub2e4.","breadcrumb":{"@id":"https:\/\/naturalpoland.com\/ko\/je-pum\/sig-pum-won-ryo\/sig-yong-yu\/%eb%a1%9c%ec%a6%88%ed%9e%99-%ec%98%a4%ec%9d%bc\/#breadcrumb"},"inLanguage":"ko-KR","potentialAction":[{"@type":"ReadAction","target":["https:\/\/naturalpoland.com\/ko\/je-pum\/sig-pum-won-ryo\/sig-yong-yu\/%eb%a1%9c%ec%a6%88%ed%9e%99-%ec%98%a4%ec%9d%bc\/"]}]},{"@type":"ImageObject","inLanguage":"ko-KR","@id":"https:\/\/naturalpoland.com\/ko\/je-pum\/sig-pum-won-ryo\/sig-yong-yu\/%eb%a1%9c%ec%a6%88%ed%9e%99-%ec%98%a4%ec%9d%bc\/#primaryimage","url":"https:\/\/naturalpoland.com\/wp-content\/uploads\/olej-z-owocow-dzikiej-rozy.webp","contentUrl":"https:\/\/naturalpoland.com\/wp-content\/uploads\/olej-z-owocow-dzikiej-rozy.webp","width":619,"height":619,"caption":"\ub85c\uc0ac \uce74\ub2c8\ub098 \ub85c\uc988\ud799 \uc624\uc77c"},{"@type":"BreadcrumbList","@id":"https:\/\/naturalpoland.com\/ko\/je-pum\/sig-pum-won-ryo\/sig-yong-yu\/%eb%a1%9c%ec%a6%88%ed%9e%99-%ec%98%a4%ec%9d%bc\/#breadcrumb","itemListElement":[{"@type":"ListItem","position":1,"name":"\ud648","item":"https:\/\/naturalpoland.com\/ko\/"},{"@type":"ListItem","position":2,"name":"\uc81c\ud488","item":"https:\/\/naturalpoland.com\/ko\/%ec%a0%9c%ed%92%88\/"},{"@type":"ListItem","position":3,"name":"\ub85c\uc988\ud799 \uc624\uc77c"}]},{"@type":"WebSite","@id":"https:\/\/naturalpoland.com\/ko\/#website","url":"https:\/\/naturalpoland.com\/ko\/","name":"NATURAL POLAND - Hurtowy Dystrybutor Surowc\u00f3w","description":"Surowce dla przemys\u0142u spo\u017cywczego, kosmetycznego i farmaceutycznego","publisher":{"@id":"https:\/\/naturalpoland.com\/ko\/#organization"},"potentialAction":[{"@type":"SearchAction","target":{"@type":"EntryPoint","urlTemplate":"https:\/\/naturalpoland.com\/ko\/?s={search_term_string}"},"query-input":{"@type":"PropertyValueSpecification","valueRequired":true,"valueName":"search_term_string"}}],"inLanguage":"ko-KR"},{"@type":"Organization","@id":"https:\/\/naturalpoland.com\/ko\/#organization","name":"Natural Poland","url":"https:\/\/naturalpoland.com\/ko\/","logo":{"@type":"ImageObject","inLanguage":"ko-KR","@id":"https:\/\/naturalpoland.com\/ko\/#\/schema\/logo\/image\/","url":"https:\/\/naturalpoland.com\/wp-content\/uploads\/2021\/05\/natural-poland-icon.png","contentUrl":"https:\/\/naturalpoland.com\/wp-content\/uploads\/2021\/05\/natural-poland-icon.png","width":512,"height":512,"caption":"Natural Poland"},"image":{"@id":"https:\/\/naturalpoland.com\/ko\/#\/schema\/logo\/image\/"},"sameAs":["https:\/\/www.facebook.com\/naturalpoland.b2b","https:\/\/pl.linkedin.com\/company\/natural-poland","https:\/\/www.youtube.com\/channel\/UCgeGGkvOMahZo-xu_MSEWxg"]}]}},"_links":{"self":[{"href":"https:\/\/naturalpoland.com\/ko\/wp-json\/wp\/v2\/product\/43239","targetHints":{"allow":["GET"]}}],"collection":[{"href":"https:\/\/naturalpoland.com\/ko\/wp-json\/wp\/v2\/product"}],"about":[{"href":"https:\/\/naturalpoland.com\/ko\/wp-json\/wp\/v2\/types\/product"}],"wp:featuredmedia":[{"embeddable":true,"href":"https:\/\/naturalpoland.com\/ko\/wp-json\/wp\/v2\/media\/43241"}],"wp:attachment":[{"href":"https:\/\/naturalpoland.com\/ko\/wp-json\/wp\/v2\/media?parent=43239"}],"wp:term":[{"taxonomy":"product_brand","embeddable":true,"href":"https:\/\/naturalpoland.com\/ko\/wp-json\/wp\/v2\/product_brand?post=43239"},{"taxonomy":"product_cat","embeddable":true,"href":"https:\/\/naturalpoland.com\/ko\/wp-json\/wp\/v2\/product_cat?post=43239"},{"taxonomy":"product_tag","embeddable":true,"href":"https:\/\/naturalpoland.com\/ko\/wp-json\/wp\/v2\/product_tag?post=43239"}],"curies":[{"name":"wp","href":"https:\/\/api.w.org\/{rel}","templated":true}]}}