{"id":43242,"date":"2021-05-11T13:50:09","date_gmt":"2021-05-11T11:50:09","guid":{"rendered":"https:\/\/naturalpoland.com\/produkty\/uncategorized\/%eb%b8%94%eb%9e%99-%ec%97%98%eb%8d%94%eb%b2%a0%eb%a6%ac-%ec%94%a8-%ec%98%a4%ec%9d%bc\/"},"modified":"2025-09-09T13:40:36","modified_gmt":"2025-09-09T11:40:36","slug":"%eb%b8%94%eb%9e%99-%ec%97%98%eb%8d%94%eb%b2%a0%eb%a6%ac-%ec%94%a8-%ec%98%a4%ec%9d%bc","status":"publish","type":"product","link":"https:\/\/naturalpoland.com\/ko\/je-pum\/sig-pum-won-ryo\/sig-yong-yu\/%eb%b8%94%eb%9e%99-%ec%97%98%eb%8d%94%eb%b2%a0%eb%a6%ac-%ec%94%a8-%ec%98%a4%ec%9d%bc\/","title":{"rendered":"\ube14\ub799 \uc5d8\ub354\ubca0\ub9ac \uc528 \uc624\uc77c"},"content":{"rendered":"<p>\uc2dd\uc6a9 \uc624\uc77c\ub85c\uc11c \uc5d8\ub354\ubca0\ub9ac \uc624\uc77c\uc740 \uc0d0\ub7ec\ub4dc\uc640 \uc0dd\ucc44\uc18c\uc5d0 \uc798 \uc5b4\uc6b8\ub9ac\uc9c0\ub9cc, \ud280\uae40\uc5d0\ub294 \uc801\ud569\ud558\uc9c0 \uc54a\uc2b5\ub2c8\ub2e4.<\/p>\n<p>\ud654\uc7a5\ud488\uc73c\ub85c \uc0ac\uc6a9 \uc2dc \ud53c\ubd80 \uc7ac\uc0dd\uc5d0 \ud0c1\uc6d4\ud569\ub2c8\ub2e4. \ud2b9\ud788 \uc9c0\uc131, \uc624\uc5fc\ub41c, \uc5ec\ub4dc\ub984\uc131 \ud53c\ubd80, \uadf8\ub9ac\uace0 \uc54c\ub808\ub974\uae30, \uc2b5\uc9c4 \ubc0f \uc5fc\uc99d\uc131 \uc9c8\ud658 \uacbd\ud5a5\uc774 \uc788\ub294 \ud53c\ubd80\uc5d0 \uad8c\uc7a5\ub429\ub2c8\ub2e4. <\/p>\n<p>\ube14\ub799 \uc5d8\ub354\ubca0\ub9ac \uc528 \uc624\uc77c\uc740 \uac10\uae30, \ub3c5\uac10, \ubc1c\uc5f4, \uc0c1\ubd80 \ubc0f \ud558\ubd80 \ud638\ud761\uae30 \uac10\uc5fc, \ucc9c\uc2dd \ubc0f \uac74\ucd08\uc5f4\uc5d0 \ub300\ud55c \ucc9c\uc5f0 \uce58\ub8cc\uc81c\ub85c \ub110\ub9ac \uc0ac\uc6a9\ub429\ub2c8\ub2e4.<\/p>\n","protected":false},"excerpt":{"rendered":"<p>\uc2dd\ud488 \ubc0f \ud654\uc7a5\ud488 \ub4f1\uae09\uc758 \ube14\ub799 \uc5d8\ub354\ubca0\ub9ac \uc528 \uc624\uc77c\uc740 \ub9e4\uc6b0 \uadc0\uc911\ud55c \ud2b9\uc131\uc744 \uc9c0\ub2cc \uc81c\ud488\uc785\ub2c8\ub2e4.<\/p>\n<p>&nbsp;<\/p>\n","protected":false},"featured_media":43245,"template":"","meta":{"_acf_changed":false},"product_brand":[],"product_cat":[8135,8174,8154],"product_tag":[],"class_list":{"0":"post-43242","1":"product","2":"type-product","3":"status-publish","4":"has-post-thumbnail","6":"product_cat-sig-yong-mit-hwa-jang-pum-yong-o-il","7":"product_cat-sig-yong-yu","8":"product_cat-hwa-jang-pum-o-il","10":"first","11":"instock","12":"shipping-taxable","13":"product-type-simple"},"acf":[],"yoast_head":"<!-- This site is optimized with the Yoast SEO plugin v27.4 - https:\/\/yoast.com\/product\/yoast-seo-wordpress\/ -->\n<title>\ube14\ub799 \uc5d8\ub354\ubca0\ub9ac \uc528 \uc624\uc77c - Hurtowy Dystrybutor<\/title>\n<meta name=\"robots\" content=\"index, follow, max-snippet:-1, max-image-preview:large, max-video-preview:-1\" \/>\n<link rel=\"canonical\" href=\"https:\/\/naturalpoland.com\/ko\/je-pum\/sig-pum-won-ryo\/sig-yong-yu\/%eb%b8%94%eb%9e%99-%ec%97%98%eb%8d%94%eb%b2%a0%eb%a6%ac-%ec%94%a8-%ec%98%a4%ec%9d%bc\/\" \/>\n<meta property=\"og:locale\" content=\"ko_KR\" \/>\n<meta property=\"og:type\" content=\"article\" \/>\n<meta property=\"og:title\" content=\"\ube14\ub799 \uc5d8\ub354\ubca0\ub9ac \uc528 \uc624\uc77c - Hurtowy Dystrybutor\" \/>\n<meta property=\"og:description\" content=\"\uc2dd\ud488 \ubc0f \ud654\uc7a5\ud488 \ub4f1\uae09\uc758 \ube14\ub799 \uc5d8\ub354\ubca0\ub9ac \uc528 \uc624\uc77c\uc740 \ub9e4\uc6b0 \uadc0\uc911\ud55c \ud2b9\uc131\uc744 \uc9c0\ub2cc \uc81c\ud488\uc785\ub2c8\ub2e4. &nbsp;\" \/>\n<meta property=\"og:url\" content=\"https:\/\/naturalpoland.com\/ko\/je-pum\/sig-pum-won-ryo\/sig-yong-yu\/%eb%b8%94%eb%9e%99-%ec%97%98%eb%8d%94%eb%b2%a0%eb%a6%ac-%ec%94%a8-%ec%98%a4%ec%9d%bc\/\" \/>\n<meta property=\"og:site_name\" content=\"NATURAL POLAND - Hurtowy Dystrybutor Surowc\u00f3w\" \/>\n<meta property=\"article:publisher\" content=\"https:\/\/www.facebook.com\/naturalpoland.b2b\" \/>\n<meta property=\"article:modified_time\" content=\"2025-09-09T11:40:36+00:00\" \/>\n<meta property=\"og:image\" content=\"https:\/\/naturalpoland.com\/wp-content\/uploads\/2021\/05\/natural-poland-icon.png\" \/>\n\t<meta property=\"og:image:width\" content=\"512\" \/>\n\t<meta property=\"og:image:height\" content=\"512\" \/>\n\t<meta property=\"og:image:type\" content=\"image\/png\" \/>\n<script type=\"application\/ld+json\" class=\"yoast-schema-graph\">{\"@context\":\"https:\\\/\\\/schema.org\",\"@graph\":[{\"@type\":\"WebPage\",\"@id\":\"https:\\\/\\\/naturalpoland.com\\\/ko\\\/je-pum\\\/sig-pum-won-ryo\\\/sig-yong-yu\\\/%eb%b8%94%eb%9e%99-%ec%97%98%eb%8d%94%eb%b2%a0%eb%a6%ac-%ec%94%a8-%ec%98%a4%ec%9d%bc\\\/\",\"url\":\"https:\\\/\\\/naturalpoland.com\\\/ko\\\/je-pum\\\/sig-pum-won-ryo\\\/sig-yong-yu\\\/%eb%b8%94%eb%9e%99-%ec%97%98%eb%8d%94%eb%b2%a0%eb%a6%ac-%ec%94%a8-%ec%98%a4%ec%9d%bc\\\/\",\"name\":\"\ube14\ub799 \uc5d8\ub354\ubca0\ub9ac \uc528 \uc624\uc77c - Hurtowy Dystrybutor\",\"isPartOf\":{\"@id\":\"https:\\\/\\\/naturalpoland.com\\\/ko\\\/#website\"},\"primaryImageOfPage\":{\"@id\":\"https:\\\/\\\/naturalpoland.com\\\/ko\\\/je-pum\\\/sig-pum-won-ryo\\\/sig-yong-yu\\\/%eb%b8%94%eb%9e%99-%ec%97%98%eb%8d%94%eb%b2%a0%eb%a6%ac-%ec%94%a8-%ec%98%a4%ec%9d%bc\\\/#primaryimage\"},\"image\":{\"@id\":\"https:\\\/\\\/naturalpoland.com\\\/ko\\\/je-pum\\\/sig-pum-won-ryo\\\/sig-yong-yu\\\/%eb%b8%94%eb%9e%99-%ec%97%98%eb%8d%94%eb%b2%a0%eb%a6%ac-%ec%94%a8-%ec%98%a4%ec%9d%bc\\\/#primaryimage\"},\"thumbnailUrl\":\"https:\\\/\\\/naturalpoland.com\\\/wp-content\\\/uploads\\\/czarny-bez1.jpg\",\"datePublished\":\"2021-05-11T11:50:09+00:00\",\"dateModified\":\"2025-09-09T11:40:36+00:00\",\"breadcrumb\":{\"@id\":\"https:\\\/\\\/naturalpoland.com\\\/ko\\\/je-pum\\\/sig-pum-won-ryo\\\/sig-yong-yu\\\/%eb%b8%94%eb%9e%99-%ec%97%98%eb%8d%94%eb%b2%a0%eb%a6%ac-%ec%94%a8-%ec%98%a4%ec%9d%bc\\\/#breadcrumb\"},\"inLanguage\":\"ko-KR\",\"potentialAction\":[{\"@type\":\"ReadAction\",\"target\":[\"https:\\\/\\\/naturalpoland.com\\\/ko\\\/je-pum\\\/sig-pum-won-ryo\\\/sig-yong-yu\\\/%eb%b8%94%eb%9e%99-%ec%97%98%eb%8d%94%eb%b2%a0%eb%a6%ac-%ec%94%a8-%ec%98%a4%ec%9d%bc\\\/\"]}]},{\"@type\":\"ImageObject\",\"inLanguage\":\"ko-KR\",\"@id\":\"https:\\\/\\\/naturalpoland.com\\\/ko\\\/je-pum\\\/sig-pum-won-ryo\\\/sig-yong-yu\\\/%eb%b8%94%eb%9e%99-%ec%97%98%eb%8d%94%eb%b2%a0%eb%a6%ac-%ec%94%a8-%ec%98%a4%ec%9d%bc\\\/#primaryimage\",\"url\":\"https:\\\/\\\/naturalpoland.com\\\/wp-content\\\/uploads\\\/czarny-bez1.jpg\",\"contentUrl\":\"https:\\\/\\\/naturalpoland.com\\\/wp-content\\\/uploads\\\/czarny-bez1.jpg\",\"width\":650,\"height\":650,\"caption\":\"\ube14\ub799 \uc5d8\ub354\ubca0\ub9ac \uc528 \uc624\uc77c\"},{\"@type\":\"BreadcrumbList\",\"@id\":\"https:\\\/\\\/naturalpoland.com\\\/ko\\\/je-pum\\\/sig-pum-won-ryo\\\/sig-yong-yu\\\/%eb%b8%94%eb%9e%99-%ec%97%98%eb%8d%94%eb%b2%a0%eb%a6%ac-%ec%94%a8-%ec%98%a4%ec%9d%bc\\\/#breadcrumb\",\"itemListElement\":[{\"@type\":\"ListItem\",\"position\":1,\"name\":\"\ud648\",\"item\":\"https:\\\/\\\/naturalpoland.com\\\/ko\\\/\"},{\"@type\":\"ListItem\",\"position\":2,\"name\":\"\uc81c\ud488\",\"item\":\"https:\\\/\\\/naturalpoland.com\\\/ko\\\/%ec%a0%9c%ed%92%88\\\/\"},{\"@type\":\"ListItem\",\"position\":3,\"name\":\"\ube14\ub799 \uc5d8\ub354\ubca0\ub9ac \uc528 \uc624\uc77c\"}]},{\"@type\":\"WebSite\",\"@id\":\"https:\\\/\\\/naturalpoland.com\\\/ko\\\/#website\",\"url\":\"https:\\\/\\\/naturalpoland.com\\\/ko\\\/\",\"name\":\"NATURAL POLAND - Hurtowy Dystrybutor Surowc\u00f3w\",\"description\":\"Surowce dla przemys\u0142u spo\u017cywczego, kosmetycznego i farmaceutycznego\",\"publisher\":{\"@id\":\"https:\\\/\\\/naturalpoland.com\\\/ko\\\/#organization\"},\"potentialAction\":[{\"@type\":\"SearchAction\",\"target\":{\"@type\":\"EntryPoint\",\"urlTemplate\":\"https:\\\/\\\/naturalpoland.com\\\/ko\\\/?s={search_term_string}\"},\"query-input\":{\"@type\":\"PropertyValueSpecification\",\"valueRequired\":true,\"valueName\":\"search_term_string\"}}],\"inLanguage\":\"ko-KR\"},{\"@type\":\"Organization\",\"@id\":\"https:\\\/\\\/naturalpoland.com\\\/ko\\\/#organization\",\"name\":\"Natural Poland\",\"url\":\"https:\\\/\\\/naturalpoland.com\\\/ko\\\/\",\"logo\":{\"@type\":\"ImageObject\",\"inLanguage\":\"ko-KR\",\"@id\":\"https:\\\/\\\/naturalpoland.com\\\/ko\\\/#\\\/schema\\\/logo\\\/image\\\/\",\"url\":\"https:\\\/\\\/naturalpoland.com\\\/wp-content\\\/uploads\\\/2021\\\/05\\\/natural-poland-icon.png\",\"contentUrl\":\"https:\\\/\\\/naturalpoland.com\\\/wp-content\\\/uploads\\\/2021\\\/05\\\/natural-poland-icon.png\",\"width\":512,\"height\":512,\"caption\":\"Natural Poland\"},\"image\":{\"@id\":\"https:\\\/\\\/naturalpoland.com\\\/ko\\\/#\\\/schema\\\/logo\\\/image\\\/\"},\"sameAs\":[\"https:\\\/\\\/www.facebook.com\\\/naturalpoland.b2b\",\"https:\\\/\\\/pl.linkedin.com\\\/company\\\/natural-poland\",\"https:\\\/\\\/www.youtube.com\\\/channel\\\/UCgeGGkvOMahZo-xu_MSEWxg\"]}]}<\/script>\n<!-- \/ Yoast SEO plugin. -->","yoast_head_json":{"title":"\ube14\ub799 \uc5d8\ub354\ubca0\ub9ac \uc528 \uc624\uc77c - Hurtowy Dystrybutor","robots":{"index":"index","follow":"follow","max-snippet":"max-snippet:-1","max-image-preview":"max-image-preview:large","max-video-preview":"max-video-preview:-1"},"canonical":"https:\/\/naturalpoland.com\/ko\/je-pum\/sig-pum-won-ryo\/sig-yong-yu\/%eb%b8%94%eb%9e%99-%ec%97%98%eb%8d%94%eb%b2%a0%eb%a6%ac-%ec%94%a8-%ec%98%a4%ec%9d%bc\/","og_locale":"ko_KR","og_type":"article","og_title":"\ube14\ub799 \uc5d8\ub354\ubca0\ub9ac \uc528 \uc624\uc77c - Hurtowy Dystrybutor","og_description":"\uc2dd\ud488 \ubc0f \ud654\uc7a5\ud488 \ub4f1\uae09\uc758 \ube14\ub799 \uc5d8\ub354\ubca0\ub9ac \uc528 \uc624\uc77c\uc740 \ub9e4\uc6b0 \uadc0\uc911\ud55c \ud2b9\uc131\uc744 \uc9c0\ub2cc \uc81c\ud488\uc785\ub2c8\ub2e4. &nbsp;","og_url":"https:\/\/naturalpoland.com\/ko\/je-pum\/sig-pum-won-ryo\/sig-yong-yu\/%eb%b8%94%eb%9e%99-%ec%97%98%eb%8d%94%eb%b2%a0%eb%a6%ac-%ec%94%a8-%ec%98%a4%ec%9d%bc\/","og_site_name":"NATURAL POLAND - Hurtowy Dystrybutor Surowc\u00f3w","article_publisher":"https:\/\/www.facebook.com\/naturalpoland.b2b","article_modified_time":"2025-09-09T11:40:36+00:00","og_image":[{"width":512,"height":512,"url":"https:\/\/naturalpoland.com\/wp-content\/uploads\/2021\/05\/natural-poland-icon.png","type":"image\/png"}],"schema":{"@context":"https:\/\/schema.org","@graph":[{"@type":"WebPage","@id":"https:\/\/naturalpoland.com\/ko\/je-pum\/sig-pum-won-ryo\/sig-yong-yu\/%eb%b8%94%eb%9e%99-%ec%97%98%eb%8d%94%eb%b2%a0%eb%a6%ac-%ec%94%a8-%ec%98%a4%ec%9d%bc\/","url":"https:\/\/naturalpoland.com\/ko\/je-pum\/sig-pum-won-ryo\/sig-yong-yu\/%eb%b8%94%eb%9e%99-%ec%97%98%eb%8d%94%eb%b2%a0%eb%a6%ac-%ec%94%a8-%ec%98%a4%ec%9d%bc\/","name":"\ube14\ub799 \uc5d8\ub354\ubca0\ub9ac \uc528 \uc624\uc77c - Hurtowy Dystrybutor","isPartOf":{"@id":"https:\/\/naturalpoland.com\/ko\/#website"},"primaryImageOfPage":{"@id":"https:\/\/naturalpoland.com\/ko\/je-pum\/sig-pum-won-ryo\/sig-yong-yu\/%eb%b8%94%eb%9e%99-%ec%97%98%eb%8d%94%eb%b2%a0%eb%a6%ac-%ec%94%a8-%ec%98%a4%ec%9d%bc\/#primaryimage"},"image":{"@id":"https:\/\/naturalpoland.com\/ko\/je-pum\/sig-pum-won-ryo\/sig-yong-yu\/%eb%b8%94%eb%9e%99-%ec%97%98%eb%8d%94%eb%b2%a0%eb%a6%ac-%ec%94%a8-%ec%98%a4%ec%9d%bc\/#primaryimage"},"thumbnailUrl":"https:\/\/naturalpoland.com\/wp-content\/uploads\/czarny-bez1.jpg","datePublished":"2021-05-11T11:50:09+00:00","dateModified":"2025-09-09T11:40:36+00:00","breadcrumb":{"@id":"https:\/\/naturalpoland.com\/ko\/je-pum\/sig-pum-won-ryo\/sig-yong-yu\/%eb%b8%94%eb%9e%99-%ec%97%98%eb%8d%94%eb%b2%a0%eb%a6%ac-%ec%94%a8-%ec%98%a4%ec%9d%bc\/#breadcrumb"},"inLanguage":"ko-KR","potentialAction":[{"@type":"ReadAction","target":["https:\/\/naturalpoland.com\/ko\/je-pum\/sig-pum-won-ryo\/sig-yong-yu\/%eb%b8%94%eb%9e%99-%ec%97%98%eb%8d%94%eb%b2%a0%eb%a6%ac-%ec%94%a8-%ec%98%a4%ec%9d%bc\/"]}]},{"@type":"ImageObject","inLanguage":"ko-KR","@id":"https:\/\/naturalpoland.com\/ko\/je-pum\/sig-pum-won-ryo\/sig-yong-yu\/%eb%b8%94%eb%9e%99-%ec%97%98%eb%8d%94%eb%b2%a0%eb%a6%ac-%ec%94%a8-%ec%98%a4%ec%9d%bc\/#primaryimage","url":"https:\/\/naturalpoland.com\/wp-content\/uploads\/czarny-bez1.jpg","contentUrl":"https:\/\/naturalpoland.com\/wp-content\/uploads\/czarny-bez1.jpg","width":650,"height":650,"caption":"\ube14\ub799 \uc5d8\ub354\ubca0\ub9ac \uc528 \uc624\uc77c"},{"@type":"BreadcrumbList","@id":"https:\/\/naturalpoland.com\/ko\/je-pum\/sig-pum-won-ryo\/sig-yong-yu\/%eb%b8%94%eb%9e%99-%ec%97%98%eb%8d%94%eb%b2%a0%eb%a6%ac-%ec%94%a8-%ec%98%a4%ec%9d%bc\/#breadcrumb","itemListElement":[{"@type":"ListItem","position":1,"name":"\ud648","item":"https:\/\/naturalpoland.com\/ko\/"},{"@type":"ListItem","position":2,"name":"\uc81c\ud488","item":"https:\/\/naturalpoland.com\/ko\/%ec%a0%9c%ed%92%88\/"},{"@type":"ListItem","position":3,"name":"\ube14\ub799 \uc5d8\ub354\ubca0\ub9ac \uc528 \uc624\uc77c"}]},{"@type":"WebSite","@id":"https:\/\/naturalpoland.com\/ko\/#website","url":"https:\/\/naturalpoland.com\/ko\/","name":"NATURAL POLAND - Hurtowy Dystrybutor Surowc\u00f3w","description":"Surowce dla przemys\u0142u spo\u017cywczego, kosmetycznego i farmaceutycznego","publisher":{"@id":"https:\/\/naturalpoland.com\/ko\/#organization"},"potentialAction":[{"@type":"SearchAction","target":{"@type":"EntryPoint","urlTemplate":"https:\/\/naturalpoland.com\/ko\/?s={search_term_string}"},"query-input":{"@type":"PropertyValueSpecification","valueRequired":true,"valueName":"search_term_string"}}],"inLanguage":"ko-KR"},{"@type":"Organization","@id":"https:\/\/naturalpoland.com\/ko\/#organization","name":"Natural Poland","url":"https:\/\/naturalpoland.com\/ko\/","logo":{"@type":"ImageObject","inLanguage":"ko-KR","@id":"https:\/\/naturalpoland.com\/ko\/#\/schema\/logo\/image\/","url":"https:\/\/naturalpoland.com\/wp-content\/uploads\/2021\/05\/natural-poland-icon.png","contentUrl":"https:\/\/naturalpoland.com\/wp-content\/uploads\/2021\/05\/natural-poland-icon.png","width":512,"height":512,"caption":"Natural Poland"},"image":{"@id":"https:\/\/naturalpoland.com\/ko\/#\/schema\/logo\/image\/"},"sameAs":["https:\/\/www.facebook.com\/naturalpoland.b2b","https:\/\/pl.linkedin.com\/company\/natural-poland","https:\/\/www.youtube.com\/channel\/UCgeGGkvOMahZo-xu_MSEWxg"]}]}},"_links":{"self":[{"href":"https:\/\/naturalpoland.com\/ko\/wp-json\/wp\/v2\/product\/43242","targetHints":{"allow":["GET"]}}],"collection":[{"href":"https:\/\/naturalpoland.com\/ko\/wp-json\/wp\/v2\/product"}],"about":[{"href":"https:\/\/naturalpoland.com\/ko\/wp-json\/wp\/v2\/types\/product"}],"wp:featuredmedia":[{"embeddable":true,"href":"https:\/\/naturalpoland.com\/ko\/wp-json\/wp\/v2\/media\/43245"}],"wp:attachment":[{"href":"https:\/\/naturalpoland.com\/ko\/wp-json\/wp\/v2\/media?parent=43242"}],"wp:term":[{"taxonomy":"product_brand","embeddable":true,"href":"https:\/\/naturalpoland.com\/ko\/wp-json\/wp\/v2\/product_brand?post=43242"},{"taxonomy":"product_cat","embeddable":true,"href":"https:\/\/naturalpoland.com\/ko\/wp-json\/wp\/v2\/product_cat?post=43242"},{"taxonomy":"product_tag","embeddable":true,"href":"https:\/\/naturalpoland.com\/ko\/wp-json\/wp\/v2\/product_tag?post=43242"}],"curies":[{"name":"wp","href":"https:\/\/api.w.org\/{rel}","templated":true}]}}