{"id":43261,"date":"2021-05-11T13:54:10","date_gmt":"2021-05-11T11:54:10","guid":{"rendered":"https:\/\/naturalpoland.com\/produkty\/uncategorized\/%ea%b7%b8%eb%a6%b0-%ec%bb%a4%ed%94%bc-%ed%95%84%eb%a7%81\/"},"modified":"2025-09-19T12:43:27","modified_gmt":"2025-09-19T10:43:27","slug":"%ea%b7%b8%eb%a6%b0-%ec%bb%a4%ed%94%bc-%ed%95%84%eb%a7%81","status":"publish","type":"product","link":"https:\/\/naturalpoland.com\/ko\/je-pum\/hwa-jang-pum-won-ryo\/pil-ling-je\/%ea%b7%b8%eb%a6%b0-%ec%bb%a4%ed%94%bc-%ed%95%84%eb%a7%81\/","title":{"rendered":"\uadf8\ub9b0 \ucee4\ud53c \ud544\ub9c1"},"content":{"rendered":"<p>\uadf8\ub9b0 \ucee4\ud53c \ud544\ub9c1\uc740 \uc6d0\ub450\ub97c \uac08\uace0 \ub0a8\uc740 \ucc0c\uaebc\uae30\ub85c \ub9cc\ub4e4\uc5b4\uc9d1\ub2c8\ub2e4. \ub530\ub77c\uc11c \ud544\ub9c1\uc5d0\ub294 \uc6d0\ub450 \uc790\uccb4\uc758 \ubaa8\ub4e0 \uc88b\uc740 \uc131\ubd84\uc774 \ub2f4\uaca8 \uc788\uc2b5\ub2c8\ub2e4. \ud2b9\ud788 \uc8fc\ubaa9\ud560 \ub9cc\ud55c \uc810\uc740 \ub192\uc740 \uce74\ud398\uc778 \ud568\ub7c9\uc73c\ub85c, \uc774\ub294 \ud608\uc561 \uc21c\ud658\uc744 \ucd09\uc9c4\ud558\uace0 \ud544\ub9c1 \ub9c8\uc0ac\uc9c0\uc758 \ud6a8\uacfc\ub97c \ub192\uc5ec\uc90d\ub2c8\ub2e4. \uc140\ub8f0\ub77c\uc774\ud2b8 \uc81c\uac70\uc5d0\ub3c4 \ub3c4\uc6c0\uc774 \ub429\ub2c8\ub2e4.   <\/p>\n","protected":false},"excerpt":{"rendered":"<p>\uadf8\ub9b0 \ucee4\ud53c \ud544\ub9c1\uc740 \uac01\uc9c8 \uc81c\uac70 \ud2b9\uc131 \ub54c\ubb38\uc5d0 \uc0ac\uc6a9\ub429\ub2c8\ub2e4. \uc774\ub97c \ud1b5\ud574 \uc8fd\uc740 \ud53c\ubd80 \uc138\ud3ec\ub97c \uae30\uacc4\uc801\uc73c\ub85c \uc81c\uac70\ud558\uace0 \ub3d9\uc2dc\uc5d0 \ud608\uc561 \uc21c\ud658\uc744 \ucd09\uc9c4\ud560 \uc218 \uc788\uc2b5\ub2c8\ub2e4. \uc774\ub294 \uc0c8\ub85c\uc6b4 \ud53c\ubd80 \uc138\ud3ec\uc758 \uc0dd\uc131\uc744 \ucd09\uc9c4\ud558\uc5ec \ud53c\ubd80\ub97c \ub9cc\uc84c\uc744 \ub54c \ub354 \ubd80\ub4dc\ub7fd\uace0 \uc12c\uc138\ud558\uac8c \ub9cc\ub4ed\ub2c8\ub2e4. \ud544\ub9c1\uc744 \uc774\uc6a9\ud55c \ub9c8\uc0ac\uc9c0\ub294 \ub610\ud55c \ud53c\ubd80\uc5d0 \uc0b0\uc18c\ub97c \uacf5\uae09\ud558\uc5ec \ud53c\ubd80\ub97c \ub354\uc6b1 \ud0c4\ub825 \uc788\uace0 \uc720\uc5f0\ud558\uac8c \ub9cc\ub4ed\ub2c8\ub2e4.   <\/p>\n","protected":false},"featured_media":43263,"template":"","meta":[],"product_brand":[],"product_cat":[8156],"product_tag":[],"class_list":{"0":"post-43261","1":"product","2":"type-product","3":"status-publish","4":"has-post-thumbnail","6":"product_cat-pil-ling-je","8":"first","9":"instock","10":"shipping-taxable","11":"product-type-simple"},"yoast_head":"<!-- This site is optimized with the Yoast SEO plugin v27.3 - https:\/\/yoast.com\/product\/yoast-seo-wordpress\/ -->\n<title>\uadf8\ub9b0 \ucee4\ud53c \ud544\ub9c1 - Hurtowy Dystrybutor<\/title>\n<meta name=\"robots\" content=\"index, follow, max-snippet:-1, max-image-preview:large, max-video-preview:-1\" \/>\n<link rel=\"canonical\" href=\"https:\/\/naturalpoland.com\/ko\/je-pum\/hwa-jang-pum-won-ryo\/pil-ling-je\/%ea%b7%b8%eb%a6%b0-%ec%bb%a4%ed%94%bc-%ed%95%84%eb%a7%81\/\" \/>\n<meta property=\"og:locale\" content=\"ko_KR\" \/>\n<meta property=\"og:type\" content=\"article\" \/>\n<meta property=\"og:title\" content=\"\uadf8\ub9b0 \ucee4\ud53c \ud544\ub9c1 - Hurtowy Dystrybutor\" \/>\n<meta property=\"og:description\" content=\"\uadf8\ub9b0 \ucee4\ud53c \ud544\ub9c1\uc740 \uac01\uc9c8 \uc81c\uac70 \ud2b9\uc131 \ub54c\ubb38\uc5d0 \uc0ac\uc6a9\ub429\ub2c8\ub2e4. \uc774\ub97c \ud1b5\ud574 \uc8fd\uc740 \ud53c\ubd80 \uc138\ud3ec\ub97c \uae30\uacc4\uc801\uc73c\ub85c \uc81c\uac70\ud558\uace0 \ub3d9\uc2dc\uc5d0 \ud608\uc561 \uc21c\ud658\uc744 \ucd09\uc9c4\ud560 \uc218 \uc788\uc2b5\ub2c8\ub2e4. \uc774\ub294 \uc0c8\ub85c\uc6b4 \ud53c\ubd80 \uc138\ud3ec\uc758 \uc0dd\uc131\uc744 \ucd09\uc9c4\ud558\uc5ec \ud53c\ubd80\ub97c \ub9cc\uc84c\uc744 \ub54c \ub354 \ubd80\ub4dc\ub7fd\uace0 \uc12c\uc138\ud558\uac8c \ub9cc\ub4ed\ub2c8\ub2e4. \ud544\ub9c1\uc744 \uc774\uc6a9\ud55c \ub9c8\uc0ac\uc9c0\ub294 \ub610\ud55c \ud53c\ubd80\uc5d0 \uc0b0\uc18c\ub97c \uacf5\uae09\ud558\uc5ec \ud53c\ubd80\ub97c \ub354\uc6b1 \ud0c4\ub825 \uc788\uace0 \uc720\uc5f0\ud558\uac8c \ub9cc\ub4ed\ub2c8\ub2e4.\" \/>\n<meta property=\"og:url\" content=\"https:\/\/naturalpoland.com\/ko\/je-pum\/hwa-jang-pum-won-ryo\/pil-ling-je\/%ea%b7%b8%eb%a6%b0-%ec%bb%a4%ed%94%bc-%ed%95%84%eb%a7%81\/\" \/>\n<meta property=\"og:site_name\" content=\"NATURAL POLAND - Hurtowy Dystrybutor Surowc\u00f3w\" \/>\n<meta property=\"article:publisher\" content=\"https:\/\/www.facebook.com\/naturalpoland.b2b\" \/>\n<meta property=\"article:modified_time\" content=\"2025-09-19T10:43:27+00:00\" \/>\n<meta property=\"og:image\" content=\"https:\/\/naturalpoland.com\/wp-content\/uploads\/peeling-z-zielonej-kawy.jpg\" \/>\n\t<meta property=\"og:image:width\" content=\"650\" \/>\n\t<meta property=\"og:image:height\" content=\"650\" \/>\n\t<meta property=\"og:image:type\" content=\"image\/jpeg\" \/>\n<script type=\"application\/ld+json\" class=\"yoast-schema-graph\">{\"@context\":\"https:\\\/\\\/schema.org\",\"@graph\":[{\"@type\":\"WebPage\",\"@id\":\"https:\\\/\\\/naturalpoland.com\\\/ko\\\/je-pum\\\/hwa-jang-pum-won-ryo\\\/pil-ling-je\\\/%ea%b7%b8%eb%a6%b0-%ec%bb%a4%ed%94%bc-%ed%95%84%eb%a7%81\\\/\",\"url\":\"https:\\\/\\\/naturalpoland.com\\\/ko\\\/je-pum\\\/hwa-jang-pum-won-ryo\\\/pil-ling-je\\\/%ea%b7%b8%eb%a6%b0-%ec%bb%a4%ed%94%bc-%ed%95%84%eb%a7%81\\\/\",\"name\":\"\uadf8\ub9b0 \ucee4\ud53c \ud544\ub9c1 - Hurtowy Dystrybutor\",\"isPartOf\":{\"@id\":\"https:\\\/\\\/naturalpoland.com\\\/ko\\\/#website\"},\"primaryImageOfPage\":{\"@id\":\"https:\\\/\\\/naturalpoland.com\\\/ko\\\/je-pum\\\/hwa-jang-pum-won-ryo\\\/pil-ling-je\\\/%ea%b7%b8%eb%a6%b0-%ec%bb%a4%ed%94%bc-%ed%95%84%eb%a7%81\\\/#primaryimage\"},\"image\":{\"@id\":\"https:\\\/\\\/naturalpoland.com\\\/ko\\\/je-pum\\\/hwa-jang-pum-won-ryo\\\/pil-ling-je\\\/%ea%b7%b8%eb%a6%b0-%ec%bb%a4%ed%94%bc-%ed%95%84%eb%a7%81\\\/#primaryimage\"},\"thumbnailUrl\":\"https:\\\/\\\/naturalpoland.com\\\/wp-content\\\/uploads\\\/peeling-z-zielonej-kawy.jpg\",\"datePublished\":\"2021-05-11T11:54:10+00:00\",\"dateModified\":\"2025-09-19T10:43:27+00:00\",\"breadcrumb\":{\"@id\":\"https:\\\/\\\/naturalpoland.com\\\/ko\\\/je-pum\\\/hwa-jang-pum-won-ryo\\\/pil-ling-je\\\/%ea%b7%b8%eb%a6%b0-%ec%bb%a4%ed%94%bc-%ed%95%84%eb%a7%81\\\/#breadcrumb\"},\"inLanguage\":\"ko-KR\",\"potentialAction\":[{\"@type\":\"ReadAction\",\"target\":[\"https:\\\/\\\/naturalpoland.com\\\/ko\\\/je-pum\\\/hwa-jang-pum-won-ryo\\\/pil-ling-je\\\/%ea%b7%b8%eb%a6%b0-%ec%bb%a4%ed%94%bc-%ed%95%84%eb%a7%81\\\/\"]}]},{\"@type\":\"ImageObject\",\"inLanguage\":\"ko-KR\",\"@id\":\"https:\\\/\\\/naturalpoland.com\\\/ko\\\/je-pum\\\/hwa-jang-pum-won-ryo\\\/pil-ling-je\\\/%ea%b7%b8%eb%a6%b0-%ec%bb%a4%ed%94%bc-%ed%95%84%eb%a7%81\\\/#primaryimage\",\"url\":\"https:\\\/\\\/naturalpoland.com\\\/wp-content\\\/uploads\\\/peeling-z-zielonej-kawy.jpg\",\"contentUrl\":\"https:\\\/\\\/naturalpoland.com\\\/wp-content\\\/uploads\\\/peeling-z-zielonej-kawy.jpg\",\"width\":650,\"height\":650,\"caption\":\"\uadf8\ub9b0 \ucee4\ud53c \ud544\ub9c1\"},{\"@type\":\"BreadcrumbList\",\"@id\":\"https:\\\/\\\/naturalpoland.com\\\/ko\\\/je-pum\\\/hwa-jang-pum-won-ryo\\\/pil-ling-je\\\/%ea%b7%b8%eb%a6%b0-%ec%bb%a4%ed%94%bc-%ed%95%84%eb%a7%81\\\/#breadcrumb\",\"itemListElement\":[{\"@type\":\"ListItem\",\"position\":1,\"name\":\"\ud648\",\"item\":\"https:\\\/\\\/naturalpoland.com\\\/ko\\\/\"},{\"@type\":\"ListItem\",\"position\":2,\"name\":\"\uc81c\ud488\",\"item\":\"https:\\\/\\\/naturalpoland.com\\\/ko\\\/%ec%a0%9c%ed%92%88\\\/\"},{\"@type\":\"ListItem\",\"position\":3,\"name\":\"\uadf8\ub9b0 \ucee4\ud53c \ud544\ub9c1\"}]},{\"@type\":\"WebSite\",\"@id\":\"https:\\\/\\\/naturalpoland.com\\\/ko\\\/#website\",\"url\":\"https:\\\/\\\/naturalpoland.com\\\/ko\\\/\",\"name\":\"NATURAL POLAND - Hurtowy Dystrybutor Surowc\u00f3w\",\"description\":\"Surowce dla przemys\u0142u spo\u017cywczego, kosmetycznego i farmaceutycznego\",\"publisher\":{\"@id\":\"https:\\\/\\\/naturalpoland.com\\\/ko\\\/#organization\"},\"potentialAction\":[{\"@type\":\"SearchAction\",\"target\":{\"@type\":\"EntryPoint\",\"urlTemplate\":\"https:\\\/\\\/naturalpoland.com\\\/ko\\\/?s={search_term_string}\"},\"query-input\":{\"@type\":\"PropertyValueSpecification\",\"valueRequired\":true,\"valueName\":\"search_term_string\"}}],\"inLanguage\":\"ko-KR\"},{\"@type\":\"Organization\",\"@id\":\"https:\\\/\\\/naturalpoland.com\\\/ko\\\/#organization\",\"name\":\"Natural Poland\",\"url\":\"https:\\\/\\\/naturalpoland.com\\\/ko\\\/\",\"logo\":{\"@type\":\"ImageObject\",\"inLanguage\":\"ko-KR\",\"@id\":\"https:\\\/\\\/naturalpoland.com\\\/ko\\\/#\\\/schema\\\/logo\\\/image\\\/\",\"url\":\"https:\\\/\\\/naturalpoland.com\\\/wp-content\\\/uploads\\\/2021\\\/05\\\/natural-poland-icon.png\",\"contentUrl\":\"https:\\\/\\\/naturalpoland.com\\\/wp-content\\\/uploads\\\/2021\\\/05\\\/natural-poland-icon.png\",\"width\":512,\"height\":512,\"caption\":\"Natural Poland\"},\"image\":{\"@id\":\"https:\\\/\\\/naturalpoland.com\\\/ko\\\/#\\\/schema\\\/logo\\\/image\\\/\"},\"sameAs\":[\"https:\\\/\\\/www.facebook.com\\\/naturalpoland.b2b\",\"https:\\\/\\\/pl.linkedin.com\\\/company\\\/natural-poland\",\"https:\\\/\\\/www.youtube.com\\\/channel\\\/UCgeGGkvOMahZo-xu_MSEWxg\"]}]}<\/script>\n<!-- \/ Yoast SEO plugin. -->","yoast_head_json":{"title":"\uadf8\ub9b0 \ucee4\ud53c \ud544\ub9c1 - Hurtowy Dystrybutor","robots":{"index":"index","follow":"follow","max-snippet":"max-snippet:-1","max-image-preview":"max-image-preview:large","max-video-preview":"max-video-preview:-1"},"canonical":"https:\/\/naturalpoland.com\/ko\/je-pum\/hwa-jang-pum-won-ryo\/pil-ling-je\/%ea%b7%b8%eb%a6%b0-%ec%bb%a4%ed%94%bc-%ed%95%84%eb%a7%81\/","og_locale":"ko_KR","og_type":"article","og_title":"\uadf8\ub9b0 \ucee4\ud53c \ud544\ub9c1 - Hurtowy Dystrybutor","og_description":"\uadf8\ub9b0 \ucee4\ud53c \ud544\ub9c1\uc740 \uac01\uc9c8 \uc81c\uac70 \ud2b9\uc131 \ub54c\ubb38\uc5d0 \uc0ac\uc6a9\ub429\ub2c8\ub2e4. \uc774\ub97c \ud1b5\ud574 \uc8fd\uc740 \ud53c\ubd80 \uc138\ud3ec\ub97c \uae30\uacc4\uc801\uc73c\ub85c \uc81c\uac70\ud558\uace0 \ub3d9\uc2dc\uc5d0 \ud608\uc561 \uc21c\ud658\uc744 \ucd09\uc9c4\ud560 \uc218 \uc788\uc2b5\ub2c8\ub2e4. \uc774\ub294 \uc0c8\ub85c\uc6b4 \ud53c\ubd80 \uc138\ud3ec\uc758 \uc0dd\uc131\uc744 \ucd09\uc9c4\ud558\uc5ec \ud53c\ubd80\ub97c \ub9cc\uc84c\uc744 \ub54c \ub354 \ubd80\ub4dc\ub7fd\uace0 \uc12c\uc138\ud558\uac8c \ub9cc\ub4ed\ub2c8\ub2e4. \ud544\ub9c1\uc744 \uc774\uc6a9\ud55c \ub9c8\uc0ac\uc9c0\ub294 \ub610\ud55c \ud53c\ubd80\uc5d0 \uc0b0\uc18c\ub97c \uacf5\uae09\ud558\uc5ec \ud53c\ubd80\ub97c \ub354\uc6b1 \ud0c4\ub825 \uc788\uace0 \uc720\uc5f0\ud558\uac8c \ub9cc\ub4ed\ub2c8\ub2e4.","og_url":"https:\/\/naturalpoland.com\/ko\/je-pum\/hwa-jang-pum-won-ryo\/pil-ling-je\/%ea%b7%b8%eb%a6%b0-%ec%bb%a4%ed%94%bc-%ed%95%84%eb%a7%81\/","og_site_name":"NATURAL POLAND - Hurtowy Dystrybutor Surowc\u00f3w","article_publisher":"https:\/\/www.facebook.com\/naturalpoland.b2b","article_modified_time":"2025-09-19T10:43:27+00:00","og_image":[{"width":650,"height":650,"url":"https:\/\/naturalpoland.com\/wp-content\/uploads\/peeling-z-zielonej-kawy.jpg","type":"image\/jpeg"}],"schema":{"@context":"https:\/\/schema.org","@graph":[{"@type":"WebPage","@id":"https:\/\/naturalpoland.com\/ko\/je-pum\/hwa-jang-pum-won-ryo\/pil-ling-je\/%ea%b7%b8%eb%a6%b0-%ec%bb%a4%ed%94%bc-%ed%95%84%eb%a7%81\/","url":"https:\/\/naturalpoland.com\/ko\/je-pum\/hwa-jang-pum-won-ryo\/pil-ling-je\/%ea%b7%b8%eb%a6%b0-%ec%bb%a4%ed%94%bc-%ed%95%84%eb%a7%81\/","name":"\uadf8\ub9b0 \ucee4\ud53c \ud544\ub9c1 - Hurtowy Dystrybutor","isPartOf":{"@id":"https:\/\/naturalpoland.com\/ko\/#website"},"primaryImageOfPage":{"@id":"https:\/\/naturalpoland.com\/ko\/je-pum\/hwa-jang-pum-won-ryo\/pil-ling-je\/%ea%b7%b8%eb%a6%b0-%ec%bb%a4%ed%94%bc-%ed%95%84%eb%a7%81\/#primaryimage"},"image":{"@id":"https:\/\/naturalpoland.com\/ko\/je-pum\/hwa-jang-pum-won-ryo\/pil-ling-je\/%ea%b7%b8%eb%a6%b0-%ec%bb%a4%ed%94%bc-%ed%95%84%eb%a7%81\/#primaryimage"},"thumbnailUrl":"https:\/\/naturalpoland.com\/wp-content\/uploads\/peeling-z-zielonej-kawy.jpg","datePublished":"2021-05-11T11:54:10+00:00","dateModified":"2025-09-19T10:43:27+00:00","breadcrumb":{"@id":"https:\/\/naturalpoland.com\/ko\/je-pum\/hwa-jang-pum-won-ryo\/pil-ling-je\/%ea%b7%b8%eb%a6%b0-%ec%bb%a4%ed%94%bc-%ed%95%84%eb%a7%81\/#breadcrumb"},"inLanguage":"ko-KR","potentialAction":[{"@type":"ReadAction","target":["https:\/\/naturalpoland.com\/ko\/je-pum\/hwa-jang-pum-won-ryo\/pil-ling-je\/%ea%b7%b8%eb%a6%b0-%ec%bb%a4%ed%94%bc-%ed%95%84%eb%a7%81\/"]}]},{"@type":"ImageObject","inLanguage":"ko-KR","@id":"https:\/\/naturalpoland.com\/ko\/je-pum\/hwa-jang-pum-won-ryo\/pil-ling-je\/%ea%b7%b8%eb%a6%b0-%ec%bb%a4%ed%94%bc-%ed%95%84%eb%a7%81\/#primaryimage","url":"https:\/\/naturalpoland.com\/wp-content\/uploads\/peeling-z-zielonej-kawy.jpg","contentUrl":"https:\/\/naturalpoland.com\/wp-content\/uploads\/peeling-z-zielonej-kawy.jpg","width":650,"height":650,"caption":"\uadf8\ub9b0 \ucee4\ud53c \ud544\ub9c1"},{"@type":"BreadcrumbList","@id":"https:\/\/naturalpoland.com\/ko\/je-pum\/hwa-jang-pum-won-ryo\/pil-ling-je\/%ea%b7%b8%eb%a6%b0-%ec%bb%a4%ed%94%bc-%ed%95%84%eb%a7%81\/#breadcrumb","itemListElement":[{"@type":"ListItem","position":1,"name":"\ud648","item":"https:\/\/naturalpoland.com\/ko\/"},{"@type":"ListItem","position":2,"name":"\uc81c\ud488","item":"https:\/\/naturalpoland.com\/ko\/%ec%a0%9c%ed%92%88\/"},{"@type":"ListItem","position":3,"name":"\uadf8\ub9b0 \ucee4\ud53c \ud544\ub9c1"}]},{"@type":"WebSite","@id":"https:\/\/naturalpoland.com\/ko\/#website","url":"https:\/\/naturalpoland.com\/ko\/","name":"NATURAL POLAND - Hurtowy Dystrybutor Surowc\u00f3w","description":"Surowce dla przemys\u0142u spo\u017cywczego, kosmetycznego i farmaceutycznego","publisher":{"@id":"https:\/\/naturalpoland.com\/ko\/#organization"},"potentialAction":[{"@type":"SearchAction","target":{"@type":"EntryPoint","urlTemplate":"https:\/\/naturalpoland.com\/ko\/?s={search_term_string}"},"query-input":{"@type":"PropertyValueSpecification","valueRequired":true,"valueName":"search_term_string"}}],"inLanguage":"ko-KR"},{"@type":"Organization","@id":"https:\/\/naturalpoland.com\/ko\/#organization","name":"Natural Poland","url":"https:\/\/naturalpoland.com\/ko\/","logo":{"@type":"ImageObject","inLanguage":"ko-KR","@id":"https:\/\/naturalpoland.com\/ko\/#\/schema\/logo\/image\/","url":"https:\/\/naturalpoland.com\/wp-content\/uploads\/2021\/05\/natural-poland-icon.png","contentUrl":"https:\/\/naturalpoland.com\/wp-content\/uploads\/2021\/05\/natural-poland-icon.png","width":512,"height":512,"caption":"Natural Poland"},"image":{"@id":"https:\/\/naturalpoland.com\/ko\/#\/schema\/logo\/image\/"},"sameAs":["https:\/\/www.facebook.com\/naturalpoland.b2b","https:\/\/pl.linkedin.com\/company\/natural-poland","https:\/\/www.youtube.com\/channel\/UCgeGGkvOMahZo-xu_MSEWxg"]}]}},"_links":{"self":[{"href":"https:\/\/naturalpoland.com\/ko\/wp-json\/wp\/v2\/product\/43261","targetHints":{"allow":["GET"]}}],"collection":[{"href":"https:\/\/naturalpoland.com\/ko\/wp-json\/wp\/v2\/product"}],"about":[{"href":"https:\/\/naturalpoland.com\/ko\/wp-json\/wp\/v2\/types\/product"}],"wp:featuredmedia":[{"embeddable":true,"href":"https:\/\/naturalpoland.com\/ko\/wp-json\/wp\/v2\/media\/43263"}],"wp:attachment":[{"href":"https:\/\/naturalpoland.com\/ko\/wp-json\/wp\/v2\/media?parent=43261"}],"wp:term":[{"taxonomy":"product_brand","embeddable":true,"href":"https:\/\/naturalpoland.com\/ko\/wp-json\/wp\/v2\/product_brand?post=43261"},{"taxonomy":"product_cat","embeddable":true,"href":"https:\/\/naturalpoland.com\/ko\/wp-json\/wp\/v2\/product_cat?post=43261"},{"taxonomy":"product_tag","embeddable":true,"href":"https:\/\/naturalpoland.com\/ko\/wp-json\/wp\/v2\/product_tag?post=43261"}],"curies":[{"name":"wp","href":"https:\/\/api.w.org\/{rel}","templated":true}]}}