{"id":43266,"date":"2021-05-11T13:55:49","date_gmt":"2021-05-11T11:55:49","guid":{"rendered":"https:\/\/naturalpoland.com\/produkty\/uncategorized\/%ec%98%ac%eb%a6%ac%eb%b8%8c-%ec%94%a8%ec%95%97-%ed%95%84%eb%a7%81\/"},"modified":"2025-09-19T12:43:34","modified_gmt":"2025-09-19T10:43:34","slug":"%ec%98%ac%eb%a6%ac%eb%b8%8c-%ec%94%a8%ec%95%97-%ed%95%84%eb%a7%81","status":"publish","type":"product","link":"https:\/\/naturalpoland.com\/ko\/je-pum\/hwa-jang-pum-won-ryo\/pil-ling-je\/%ec%98%ac%eb%a6%ac%eb%b8%8c-%ec%94%a8%ec%95%97-%ed%95%84%eb%a7%81\/","title":{"rendered":"\uc62c\ub9ac\ube0c \uc528\uc557 \ud544\ub9c1"},"content":{"rendered":"<p>\uac01\uc9c8 \uc81c\uac70:<br \/>\n\ud544\ub9c1\uc740 \ud53c\ubd80\uc758 \ud45c\ud53c\uce35\uc744 \uae30\uacc4\uc801\uc73c\ub85c \uc81c\uac70\ud558\uae30 \uc704\ud574 \ud53c\ubd80\uc5d0 \ub9c8\uc0ac\uc9c0\ud558\uc5ec \uc0ac\uc6a9\ub429\ub2c8\ub2e4. \uc774\ub294 \ud608\uc561 \uc21c\ud658\uc744 \ucd09\uc9c4\ud558\uace0 \ud53c\ubd80\uc5d0 \ud6a8\uacfc\uc801\uc73c\ub85c \uc0b0\uc18c\ub97c \uacf5\uae09\ud569\ub2c8\ub2e4. \uadf8 \uacb0\uacfc \ud53c\ubd80\ub294 \uac74\uac15\ud558\uac8c \ubd89\uc5b4\uc9c0\uace0 \ub9cc\uc84c\uc744 \ub54c \ubd80\ub4dc\ub7ec\uc6cc\uc9d1\ub2c8\ub2e4. \uc62c\ub9ac\ube0c \uc528\uc557\uc740 \uc5f0\ud654 \ubc0f \uc9c4\uc815 \uc131\ubd84\uc774 \ud48d\ubd80\ud569\ub2c8\ub2e4. \ud6a8\uacfc\uc801\uc73c\ub85c \ubcf4\uc2b5\ud558\uace0 \uc7ac\uc0dd\uc744 \ucd09\uc9c4\ud569\ub2c8\ub2e4. \uc774 \ud544\ub9c1\uc740 \ud2bc\uc0b4, \uc140\ub8f0\ub77c\uc774\ud2b8\uac00 \uc788\ub294 \ud53c\ubd80 \ub610\ub294 \ubbf8\uc6a9 \uc2dc\uc220\uc744 \uc704\ud55c \uc900\ube44 \ub2e8\uacc4\ub85c \uc801\ud569\ud560 \uc218 \uc788\uc2b5\ub2c8\ub2e4.     <\/p>\n","protected":false},"excerpt":{"rendered":"<p><strong>\uc62c\ub9ac\ube0c \uc528\uc557 \ud544\ub9c1<\/strong>\uc740 \uae30\uacc4\uc801\uc778 \uac01\uc9c8 \uc81c\uac70\uc5d0 \uc0ac\uc6a9\ub429\ub2c8\ub2e4. \uc774\uac83\uc740 \ub0a0\uce74\ub85c\uc6b4 \ubaa8\uc11c\ub9ac\uac00 \uc5c6\ub3c4\ub85d \ubbf8\uc138\ud558\uac8c \ubd84\uc1c4\ub41c \uc62c\ub9ac\ube0c \uc528\uc557\uc73c\ub85c \ub9cc\ub4e4\uc5b4\uc9d1\ub2c8\ub2e4. \uc9c0\uc131, \ubcf5\ud569\uc131 \ubc0f \uc77c\ubc18 \ud53c\ubd80 \uad00\ub9ac\uc5d0 \uc0ac\uc6a9\ud560 \uc218 \uc788\uc2b5\ub2c8\ub2e4.  <\/p>\n","protected":false},"featured_media":43267,"template":"","meta":[],"product_brand":[],"product_cat":[8156],"product_tag":[],"class_list":{"0":"post-43266","1":"product","2":"type-product","3":"status-publish","4":"has-post-thumbnail","6":"product_cat-pil-ling-je","8":"first","9":"instock","10":"shipping-taxable","11":"product-type-simple"},"yoast_head":"<!-- This site is optimized with the Yoast SEO plugin v27.3 - https:\/\/yoast.com\/product\/yoast-seo-wordpress\/ -->\n<title>\uc62c\ub9ac\ube0c \uc528\uc557 \ud544\ub9c1 - Hurtowy Dystrybutor<\/title>\n<meta name=\"robots\" content=\"index, follow, max-snippet:-1, max-image-preview:large, max-video-preview:-1\" \/>\n<link rel=\"canonical\" href=\"https:\/\/naturalpoland.com\/ko\/je-pum\/hwa-jang-pum-won-ryo\/pil-ling-je\/%ec%98%ac%eb%a6%ac%eb%b8%8c-%ec%94%a8%ec%95%97-%ed%95%84%eb%a7%81\/\" \/>\n<meta property=\"og:locale\" content=\"ko_KR\" \/>\n<meta property=\"og:type\" content=\"article\" \/>\n<meta property=\"og:title\" content=\"\uc62c\ub9ac\ube0c \uc528\uc557 \ud544\ub9c1 - Hurtowy Dystrybutor\" \/>\n<meta property=\"og:description\" content=\"\uc62c\ub9ac\ube0c \uc528\uc557 \ud544\ub9c1\uc740 \uae30\uacc4\uc801\uc778 \uac01\uc9c8 \uc81c\uac70\uc5d0 \uc0ac\uc6a9\ub429\ub2c8\ub2e4. \uc774\uac83\uc740 \ub0a0\uce74\ub85c\uc6b4 \ubaa8\uc11c\ub9ac\uac00 \uc5c6\ub3c4\ub85d \ubbf8\uc138\ud558\uac8c \ubd84\uc1c4\ub41c \uc62c\ub9ac\ube0c \uc528\uc557\uc73c\ub85c \ub9cc\ub4e4\uc5b4\uc9d1\ub2c8\ub2e4. \uc9c0\uc131, \ubcf5\ud569\uc131 \ubc0f \uc77c\ubc18 \ud53c\ubd80 \uad00\ub9ac\uc5d0 \uc0ac\uc6a9\ud560 \uc218 \uc788\uc2b5\ub2c8\ub2e4.\" \/>\n<meta property=\"og:url\" content=\"https:\/\/naturalpoland.com\/ko\/je-pum\/hwa-jang-pum-won-ryo\/pil-ling-je\/%ec%98%ac%eb%a6%ac%eb%b8%8c-%ec%94%a8%ec%95%97-%ed%95%84%eb%a7%81\/\" \/>\n<meta property=\"og:site_name\" content=\"NATURAL POLAND - Hurtowy Dystrybutor Surowc\u00f3w\" \/>\n<meta property=\"article:publisher\" content=\"https:\/\/www.facebook.com\/naturalpoland.b2b\" \/>\n<meta property=\"article:modified_time\" content=\"2025-09-19T10:43:34+00:00\" \/>\n<meta property=\"og:image\" content=\"https:\/\/naturalpoland.com\/wp-content\/uploads\/2021\/05\/abrasive-seed-oil.jpg\" \/>\n\t<meta property=\"og:image:width\" content=\"1600\" \/>\n\t<meta property=\"og:image:height\" content=\"1200\" \/>\n\t<meta property=\"og:image:type\" content=\"image\/jpeg\" \/>\n<script type=\"application\/ld+json\" class=\"yoast-schema-graph\">{\"@context\":\"https:\\\/\\\/schema.org\",\"@graph\":[{\"@type\":\"WebPage\",\"@id\":\"https:\\\/\\\/naturalpoland.com\\\/ko\\\/je-pum\\\/hwa-jang-pum-won-ryo\\\/pil-ling-je\\\/%ec%98%ac%eb%a6%ac%eb%b8%8c-%ec%94%a8%ec%95%97-%ed%95%84%eb%a7%81\\\/\",\"url\":\"https:\\\/\\\/naturalpoland.com\\\/ko\\\/je-pum\\\/hwa-jang-pum-won-ryo\\\/pil-ling-je\\\/%ec%98%ac%eb%a6%ac%eb%b8%8c-%ec%94%a8%ec%95%97-%ed%95%84%eb%a7%81\\\/\",\"name\":\"\uc62c\ub9ac\ube0c \uc528\uc557 \ud544\ub9c1 - Hurtowy Dystrybutor\",\"isPartOf\":{\"@id\":\"https:\\\/\\\/naturalpoland.com\\\/ko\\\/#website\"},\"primaryImageOfPage\":{\"@id\":\"https:\\\/\\\/naturalpoland.com\\\/ko\\\/je-pum\\\/hwa-jang-pum-won-ryo\\\/pil-ling-je\\\/%ec%98%ac%eb%a6%ac%eb%b8%8c-%ec%94%a8%ec%95%97-%ed%95%84%eb%a7%81\\\/#primaryimage\"},\"image\":{\"@id\":\"https:\\\/\\\/naturalpoland.com\\\/ko\\\/je-pum\\\/hwa-jang-pum-won-ryo\\\/pil-ling-je\\\/%ec%98%ac%eb%a6%ac%eb%b8%8c-%ec%94%a8%ec%95%97-%ed%95%84%eb%a7%81\\\/#primaryimage\"},\"thumbnailUrl\":\"https:\\\/\\\/naturalpoland.com\\\/wp-content\\\/uploads\\\/2021\\\/05\\\/abrasive-seed-oil.jpg\",\"datePublished\":\"2021-05-11T11:55:49+00:00\",\"dateModified\":\"2025-09-19T10:43:34+00:00\",\"breadcrumb\":{\"@id\":\"https:\\\/\\\/naturalpoland.com\\\/ko\\\/je-pum\\\/hwa-jang-pum-won-ryo\\\/pil-ling-je\\\/%ec%98%ac%eb%a6%ac%eb%b8%8c-%ec%94%a8%ec%95%97-%ed%95%84%eb%a7%81\\\/#breadcrumb\"},\"inLanguage\":\"ko-KR\",\"potentialAction\":[{\"@type\":\"ReadAction\",\"target\":[\"https:\\\/\\\/naturalpoland.com\\\/ko\\\/je-pum\\\/hwa-jang-pum-won-ryo\\\/pil-ling-je\\\/%ec%98%ac%eb%a6%ac%eb%b8%8c-%ec%94%a8%ec%95%97-%ed%95%84%eb%a7%81\\\/\"]}]},{\"@type\":\"ImageObject\",\"inLanguage\":\"ko-KR\",\"@id\":\"https:\\\/\\\/naturalpoland.com\\\/ko\\\/je-pum\\\/hwa-jang-pum-won-ryo\\\/pil-ling-je\\\/%ec%98%ac%eb%a6%ac%eb%b8%8c-%ec%94%a8%ec%95%97-%ed%95%84%eb%a7%81\\\/#primaryimage\",\"url\":\"https:\\\/\\\/naturalpoland.com\\\/wp-content\\\/uploads\\\/2021\\\/05\\\/abrasive-seed-oil.jpg\",\"contentUrl\":\"https:\\\/\\\/naturalpoland.com\\\/wp-content\\\/uploads\\\/2021\\\/05\\\/abrasive-seed-oil.jpg\",\"width\":1600,\"height\":1200,\"caption\":\"\uc62c\ub9ac\ube0c \uc528\uc557 \ud544\ub9c1\"},{\"@type\":\"BreadcrumbList\",\"@id\":\"https:\\\/\\\/naturalpoland.com\\\/ko\\\/je-pum\\\/hwa-jang-pum-won-ryo\\\/pil-ling-je\\\/%ec%98%ac%eb%a6%ac%eb%b8%8c-%ec%94%a8%ec%95%97-%ed%95%84%eb%a7%81\\\/#breadcrumb\",\"itemListElement\":[{\"@type\":\"ListItem\",\"position\":1,\"name\":\"\ud648\",\"item\":\"https:\\\/\\\/naturalpoland.com\\\/ko\\\/\"},{\"@type\":\"ListItem\",\"position\":2,\"name\":\"\uc81c\ud488\",\"item\":\"https:\\\/\\\/naturalpoland.com\\\/ko\\\/%ec%a0%9c%ed%92%88\\\/\"},{\"@type\":\"ListItem\",\"position\":3,\"name\":\"\uc62c\ub9ac\ube0c \uc528\uc557 \ud544\ub9c1\"}]},{\"@type\":\"WebSite\",\"@id\":\"https:\\\/\\\/naturalpoland.com\\\/ko\\\/#website\",\"url\":\"https:\\\/\\\/naturalpoland.com\\\/ko\\\/\",\"name\":\"NATURAL POLAND - Hurtowy Dystrybutor Surowc\u00f3w\",\"description\":\"Surowce dla przemys\u0142u spo\u017cywczego, kosmetycznego i farmaceutycznego\",\"publisher\":{\"@id\":\"https:\\\/\\\/naturalpoland.com\\\/ko\\\/#organization\"},\"potentialAction\":[{\"@type\":\"SearchAction\",\"target\":{\"@type\":\"EntryPoint\",\"urlTemplate\":\"https:\\\/\\\/naturalpoland.com\\\/ko\\\/?s={search_term_string}\"},\"query-input\":{\"@type\":\"PropertyValueSpecification\",\"valueRequired\":true,\"valueName\":\"search_term_string\"}}],\"inLanguage\":\"ko-KR\"},{\"@type\":\"Organization\",\"@id\":\"https:\\\/\\\/naturalpoland.com\\\/ko\\\/#organization\",\"name\":\"Natural Poland\",\"url\":\"https:\\\/\\\/naturalpoland.com\\\/ko\\\/\",\"logo\":{\"@type\":\"ImageObject\",\"inLanguage\":\"ko-KR\",\"@id\":\"https:\\\/\\\/naturalpoland.com\\\/ko\\\/#\\\/schema\\\/logo\\\/image\\\/\",\"url\":\"https:\\\/\\\/naturalpoland.com\\\/wp-content\\\/uploads\\\/2021\\\/05\\\/natural-poland-icon.png\",\"contentUrl\":\"https:\\\/\\\/naturalpoland.com\\\/wp-content\\\/uploads\\\/2021\\\/05\\\/natural-poland-icon.png\",\"width\":512,\"height\":512,\"caption\":\"Natural Poland\"},\"image\":{\"@id\":\"https:\\\/\\\/naturalpoland.com\\\/ko\\\/#\\\/schema\\\/logo\\\/image\\\/\"},\"sameAs\":[\"https:\\\/\\\/www.facebook.com\\\/naturalpoland.b2b\",\"https:\\\/\\\/pl.linkedin.com\\\/company\\\/natural-poland\",\"https:\\\/\\\/www.youtube.com\\\/channel\\\/UCgeGGkvOMahZo-xu_MSEWxg\"]}]}<\/script>\n<!-- \/ Yoast SEO plugin. -->","yoast_head_json":{"title":"\uc62c\ub9ac\ube0c \uc528\uc557 \ud544\ub9c1 - Hurtowy Dystrybutor","robots":{"index":"index","follow":"follow","max-snippet":"max-snippet:-1","max-image-preview":"max-image-preview:large","max-video-preview":"max-video-preview:-1"},"canonical":"https:\/\/naturalpoland.com\/ko\/je-pum\/hwa-jang-pum-won-ryo\/pil-ling-je\/%ec%98%ac%eb%a6%ac%eb%b8%8c-%ec%94%a8%ec%95%97-%ed%95%84%eb%a7%81\/","og_locale":"ko_KR","og_type":"article","og_title":"\uc62c\ub9ac\ube0c \uc528\uc557 \ud544\ub9c1 - Hurtowy Dystrybutor","og_description":"\uc62c\ub9ac\ube0c \uc528\uc557 \ud544\ub9c1\uc740 \uae30\uacc4\uc801\uc778 \uac01\uc9c8 \uc81c\uac70\uc5d0 \uc0ac\uc6a9\ub429\ub2c8\ub2e4. \uc774\uac83\uc740 \ub0a0\uce74\ub85c\uc6b4 \ubaa8\uc11c\ub9ac\uac00 \uc5c6\ub3c4\ub85d \ubbf8\uc138\ud558\uac8c \ubd84\uc1c4\ub41c \uc62c\ub9ac\ube0c \uc528\uc557\uc73c\ub85c \ub9cc\ub4e4\uc5b4\uc9d1\ub2c8\ub2e4. \uc9c0\uc131, \ubcf5\ud569\uc131 \ubc0f \uc77c\ubc18 \ud53c\ubd80 \uad00\ub9ac\uc5d0 \uc0ac\uc6a9\ud560 \uc218 \uc788\uc2b5\ub2c8\ub2e4.","og_url":"https:\/\/naturalpoland.com\/ko\/je-pum\/hwa-jang-pum-won-ryo\/pil-ling-je\/%ec%98%ac%eb%a6%ac%eb%b8%8c-%ec%94%a8%ec%95%97-%ed%95%84%eb%a7%81\/","og_site_name":"NATURAL POLAND - Hurtowy Dystrybutor Surowc\u00f3w","article_publisher":"https:\/\/www.facebook.com\/naturalpoland.b2b","article_modified_time":"2025-09-19T10:43:34+00:00","og_image":[{"width":1600,"height":1200,"url":"https:\/\/naturalpoland.com\/wp-content\/uploads\/2021\/05\/abrasive-seed-oil.jpg","type":"image\/jpeg"}],"schema":{"@context":"https:\/\/schema.org","@graph":[{"@type":"WebPage","@id":"https:\/\/naturalpoland.com\/ko\/je-pum\/hwa-jang-pum-won-ryo\/pil-ling-je\/%ec%98%ac%eb%a6%ac%eb%b8%8c-%ec%94%a8%ec%95%97-%ed%95%84%eb%a7%81\/","url":"https:\/\/naturalpoland.com\/ko\/je-pum\/hwa-jang-pum-won-ryo\/pil-ling-je\/%ec%98%ac%eb%a6%ac%eb%b8%8c-%ec%94%a8%ec%95%97-%ed%95%84%eb%a7%81\/","name":"\uc62c\ub9ac\ube0c \uc528\uc557 \ud544\ub9c1 - Hurtowy Dystrybutor","isPartOf":{"@id":"https:\/\/naturalpoland.com\/ko\/#website"},"primaryImageOfPage":{"@id":"https:\/\/naturalpoland.com\/ko\/je-pum\/hwa-jang-pum-won-ryo\/pil-ling-je\/%ec%98%ac%eb%a6%ac%eb%b8%8c-%ec%94%a8%ec%95%97-%ed%95%84%eb%a7%81\/#primaryimage"},"image":{"@id":"https:\/\/naturalpoland.com\/ko\/je-pum\/hwa-jang-pum-won-ryo\/pil-ling-je\/%ec%98%ac%eb%a6%ac%eb%b8%8c-%ec%94%a8%ec%95%97-%ed%95%84%eb%a7%81\/#primaryimage"},"thumbnailUrl":"https:\/\/naturalpoland.com\/wp-content\/uploads\/2021\/05\/abrasive-seed-oil.jpg","datePublished":"2021-05-11T11:55:49+00:00","dateModified":"2025-09-19T10:43:34+00:00","breadcrumb":{"@id":"https:\/\/naturalpoland.com\/ko\/je-pum\/hwa-jang-pum-won-ryo\/pil-ling-je\/%ec%98%ac%eb%a6%ac%eb%b8%8c-%ec%94%a8%ec%95%97-%ed%95%84%eb%a7%81\/#breadcrumb"},"inLanguage":"ko-KR","potentialAction":[{"@type":"ReadAction","target":["https:\/\/naturalpoland.com\/ko\/je-pum\/hwa-jang-pum-won-ryo\/pil-ling-je\/%ec%98%ac%eb%a6%ac%eb%b8%8c-%ec%94%a8%ec%95%97-%ed%95%84%eb%a7%81\/"]}]},{"@type":"ImageObject","inLanguage":"ko-KR","@id":"https:\/\/naturalpoland.com\/ko\/je-pum\/hwa-jang-pum-won-ryo\/pil-ling-je\/%ec%98%ac%eb%a6%ac%eb%b8%8c-%ec%94%a8%ec%95%97-%ed%95%84%eb%a7%81\/#primaryimage","url":"https:\/\/naturalpoland.com\/wp-content\/uploads\/2021\/05\/abrasive-seed-oil.jpg","contentUrl":"https:\/\/naturalpoland.com\/wp-content\/uploads\/2021\/05\/abrasive-seed-oil.jpg","width":1600,"height":1200,"caption":"\uc62c\ub9ac\ube0c \uc528\uc557 \ud544\ub9c1"},{"@type":"BreadcrumbList","@id":"https:\/\/naturalpoland.com\/ko\/je-pum\/hwa-jang-pum-won-ryo\/pil-ling-je\/%ec%98%ac%eb%a6%ac%eb%b8%8c-%ec%94%a8%ec%95%97-%ed%95%84%eb%a7%81\/#breadcrumb","itemListElement":[{"@type":"ListItem","position":1,"name":"\ud648","item":"https:\/\/naturalpoland.com\/ko\/"},{"@type":"ListItem","position":2,"name":"\uc81c\ud488","item":"https:\/\/naturalpoland.com\/ko\/%ec%a0%9c%ed%92%88\/"},{"@type":"ListItem","position":3,"name":"\uc62c\ub9ac\ube0c \uc528\uc557 \ud544\ub9c1"}]},{"@type":"WebSite","@id":"https:\/\/naturalpoland.com\/ko\/#website","url":"https:\/\/naturalpoland.com\/ko\/","name":"NATURAL POLAND - Hurtowy Dystrybutor Surowc\u00f3w","description":"Surowce dla przemys\u0142u spo\u017cywczego, kosmetycznego i farmaceutycznego","publisher":{"@id":"https:\/\/naturalpoland.com\/ko\/#organization"},"potentialAction":[{"@type":"SearchAction","target":{"@type":"EntryPoint","urlTemplate":"https:\/\/naturalpoland.com\/ko\/?s={search_term_string}"},"query-input":{"@type":"PropertyValueSpecification","valueRequired":true,"valueName":"search_term_string"}}],"inLanguage":"ko-KR"},{"@type":"Organization","@id":"https:\/\/naturalpoland.com\/ko\/#organization","name":"Natural Poland","url":"https:\/\/naturalpoland.com\/ko\/","logo":{"@type":"ImageObject","inLanguage":"ko-KR","@id":"https:\/\/naturalpoland.com\/ko\/#\/schema\/logo\/image\/","url":"https:\/\/naturalpoland.com\/wp-content\/uploads\/2021\/05\/natural-poland-icon.png","contentUrl":"https:\/\/naturalpoland.com\/wp-content\/uploads\/2021\/05\/natural-poland-icon.png","width":512,"height":512,"caption":"Natural Poland"},"image":{"@id":"https:\/\/naturalpoland.com\/ko\/#\/schema\/logo\/image\/"},"sameAs":["https:\/\/www.facebook.com\/naturalpoland.b2b","https:\/\/pl.linkedin.com\/company\/natural-poland","https:\/\/www.youtube.com\/channel\/UCgeGGkvOMahZo-xu_MSEWxg"]}]}},"_links":{"self":[{"href":"https:\/\/naturalpoland.com\/ko\/wp-json\/wp\/v2\/product\/43266","targetHints":{"allow":["GET"]}}],"collection":[{"href":"https:\/\/naturalpoland.com\/ko\/wp-json\/wp\/v2\/product"}],"about":[{"href":"https:\/\/naturalpoland.com\/ko\/wp-json\/wp\/v2\/types\/product"}],"wp:featuredmedia":[{"embeddable":true,"href":"https:\/\/naturalpoland.com\/ko\/wp-json\/wp\/v2\/media\/43267"}],"wp:attachment":[{"href":"https:\/\/naturalpoland.com\/ko\/wp-json\/wp\/v2\/media?parent=43266"}],"wp:term":[{"taxonomy":"product_brand","embeddable":true,"href":"https:\/\/naturalpoland.com\/ko\/wp-json\/wp\/v2\/product_brand?post=43266"},{"taxonomy":"product_cat","embeddable":true,"href":"https:\/\/naturalpoland.com\/ko\/wp-json\/wp\/v2\/product_cat?post=43266"},{"taxonomy":"product_tag","embeddable":true,"href":"https:\/\/naturalpoland.com\/ko\/wp-json\/wp\/v2\/product_tag?post=43266"}],"curies":[{"name":"wp","href":"https:\/\/api.w.org\/{rel}","templated":true}]}}